{"id":8595,"date":"2025-11-21T20:37:09","date_gmt":"2025-11-21T20:37:09","guid":{"rendered":"https:\/\/chemgramx.com\/?post_type=product&#038;p=8595"},"modified":"2025-12-09T09:48:45","modified_gmt":"2025-12-09T09:48:45","slug":"14-acheter-butanediol-en-ligne","status":"publish","type":"product","link":"https:\/\/chemgramx.com\/fr\/product\/14-butanediol-online-kaufen\/","title":{"rendered":"Acheter du 1,4-butanediol \u2013 Haute puret\u00e9 et recherche"},"content":{"rendered":"<p>Chemgramx est votre partenaire de confiance pour les produits chimiques de haute qualit\u00e9. Si vous <b>1,4-butanediol \u00e0 vendre<\/b> vous \u00eates au bon endroit. Nous vous offrons une qualit\u00e9 exceptionnelle, sp\u00e9cialement con\u00e7ue pour les applications exigeantes en recherche et en laboratoire. Notre engagement en faveur de la puret\u00e9 et de la fiabilit\u00e9 vous garantit de toujours obtenir un produit r\u00e9pondant aux normes les plus \u00e9lev\u00e9es.<\/p>\n<p><b>1,4-butanediol de haute qualit\u00e9<\/b> est un compos\u00e9 organique polyvalent indispensable dans de nombreux processus scientifiques et industriels. Nous garantissons que notre 1,4-butanediol est <b>haute puret\u00e9 \u00e0 vendre<\/b> pour garantir l'int\u00e9grit\u00e9 de vos exp\u00e9riences et projets. Notre objectif est de rendre l'acc\u00e8s \u00e0 des produits chimiques de premi\u00e8re qualit\u00e9 aussi simple et s\u00fbr que possible.<\/p>\n<h2>Qu'est-ce que le 1,4-butanediol (BDO) ? Aper\u00e7u scientifique<\/h2>\n<p>Le 1,4-butanediol, souvent abr\u00e9g\u00e9 en BDO, est un alcool primaire dont la formule chimique est HOCH\u2082(CH\u2082)\u2082CH\u2082OH. Il s'agit d'un liquide incolore et visqueux qui d\u00e9gage une odeur sucr\u00e9e caract\u00e9ristique. <b>De plus,<\/b> BDO est enti\u00e8rement miscible avec l'eau et la plupart des solvants organiques, ce qui souligne sa polyvalence.<\/p>\n<p>Ce compos\u00e9 est un \u00e9l\u00e9ment de base important dans la synth\u00e8se organique. <b>En outre<\/b> il joue un r\u00f4le central dans la fabrication de divers polym\u00e8res et autres produits chimiques sp\u00e9ciaux. La structure chimique du BDO, avec deux groupes hydroxyles terminaux, le pr\u00e9destine \u00e0 une multitude de r\u00e9actions, notamment les est\u00e9rifications, les ur\u00e9thanisations et les polym\u00e9risations.<\/p>\n<h3>Synth\u00e8se et propri\u00e9t\u00e9s chimiques<\/h3>\n<p>La synth\u00e8se du 1,4-butanediol peut s'effectuer de diff\u00e9rentes mani\u00e8res. Historiquement, il \u00e9tait souvent obtenu \u00e0 partir d'ac\u00e9tyl\u00e8ne par synth\u00e8se de Reppe. <b>de nos jours<\/b> La production industrielle s'effectue g\u00e9n\u00e9ralement par hydrog\u00e9nation de l'anhydride mal\u00e9ique ou par synth\u00e8se du propyl\u00e8ne. <b>C'est pourquoi<\/b> nous veillons \u00e0 ce que les processus de fabrication de nos produits soient soigneusement contr\u00f4l\u00e9s afin de garantir un <b>1,4-butanediol authentique<\/b> de garantir le respect de la loi.<\/p>\n<ul>\n<li><b>Poids mol\u00e9culaire :<\/b> 90,12 g\/mol<\/li>\n<li><b>Densit\u00e9 :<\/b> 1,017 g\/cm\u00b3 \u00e0 20 \u00b0C<\/li>\n<li><b>Point de fusion :<\/b> 20 \u00b0C<\/li>\n<li><b>Point d'\u00e9bullition :<\/b> 230 \u00b0C<\/li>\n<li><b>Puret\u00e9 :<\/b> Qualit\u00e9 laboratoire \u2265 99%<\/li>\n<\/ul>\n<p>Ces propri\u00e9t\u00e9s font du 1,4-butanediol un r\u00e9actif pr\u00e9cieux. <b>De m\u00eame,<\/b> il est important de conna\u00eetre pr\u00e9cis\u00e9ment les propri\u00e9t\u00e9s physiques et chimiques afin de garantir une utilisation s\u00fbre et efficace. Nous vous proposons exclusivement <b>La qualit\u00e9 de la recherche \u00e0 vendre<\/b>, qui r\u00e9pond \u00e0 ces exigences.<\/p>\n<h2>Applications et utilisation industrielle du BDO<\/h2>\n<p>Les domaines d'application du 1,4-butanediol sont extr\u00eamement vari\u00e9s et couvrent de nombreuses industries. <b>En tant que produit interm\u00e9diaire important<\/b> BDO est utilis\u00e9 dans la chimie des polym\u00e8res, l'industrie pharmaceutique et la fabrication de solvants. La demande en <b>Meilleur 1,4-butanediol disponible<\/b> est constamment \u00e9lev\u00e9, ce qui souligne son importance en tant que mati\u00e8re premi\u00e8re.<\/p>\n<h3>Industries cl\u00e9s et produits<\/h3>\n<p>L'un des principaux domaines d'application est la production de t\u00e9trahydrofurane (THF), un solvant important pour les polym\u00e8res tels que le PVC et pour les synth\u00e8ses chimiques. <b>En outre<\/b> Le BDO est utilis\u00e9 pour la fabrication du polybutyl\u00e8ne t\u00e9r\u00e9phtalate (PBT), un thermoplastique technique tr\u00e8s appr\u00e9ci\u00e9 dans l'industrie automobile et \u00e9lectronique. <b>En outre,<\/b> il sert de mati\u00e8re premi\u00e8re pour les polyur\u00e9thanes que l'on trouve dans les mousses, les colles et les rev\u00eatements.<\/p>\n<ul>\n<li><b>Polym\u00e8res :<\/b> PBT, THF, polyur\u00e9thanes, GBL (gamma-butyrolactone)<\/li>\n<li><b>Solvant :<\/b> Pour les r\u00e9sines, les plastiques et les peintures<\/li>\n<li><b>Plastifiants :<\/b> Pour les plastiques et le caoutchouc<\/li>\n<li><b>Synth\u00e8se chimique :<\/b> Comme pr\u00e9curseur pour divers produits chimiques sp\u00e9ciaux<\/li>\n<\/ul>\n<p>Cette large gamme d'applications souligne la n\u00e9cessit\u00e9 d'utiliser du 1,4-butanediol pur et fiable. <b>Par cons\u00e9quent,<\/b> il est essentiel de choisir un fournisseur qui r\u00e9pond aux normes de qualit\u00e9 les plus \u00e9lev\u00e9es. Souhaitez-vous <b>Commander du 1,4-butanediol en ligne<\/b>, Chemgramx est la solution qu'il vous faut. Nous offrons une source d'approvisionnement fiable pour vos besoins en produits chimiques, y compris d'autres produits chimiques de recherche tels que <a href=\"https:\/\/chemgramx.com\/product\/lsd-kaufen\/\">Acheter du LSD<\/a> pour des \u00e9tudes sp\u00e9cifiques.<\/p>\n<h2>Qualit\u00e9 et puret\u00e9 : notre promesse envers vous<\/h2>\n<p>Chez Chemgramx, nous comprenons que la qualit\u00e9 de vos mati\u00e8res premi\u00e8res influe directement sur les r\u00e9sultats de vos recherches et les performances de vos produits. <b>Pour cette raison<\/b> Nous accordons une grande importance \u00e0 la puret\u00e9 et aux sp\u00e9cifications de notre 1,4-butanediol. Chaque lot est soumis \u00e0 des contr\u00f4les qualit\u00e9 rigoureux afin de garantir qu'il r\u00e9pond \u00e0 nos normes \u00e9lev\u00e9es.<\/p>\n<p>Nous offrons <b>1,4-butanediol de qualit\u00e9 sup\u00e9rieure<\/b>, sp\u00e9cialement optimis\u00e9 pour une utilisation dans les laboratoires et les environnements industriels. <b>Notre 1,4-butanediol<\/b> est d'une puret\u00e9 minimale de 99%, ce qui est confirm\u00e9 par des certificats d'analyse d\u00e9taill\u00e9s. <b>Par cons\u00e9quent,<\/b> vous pouvez compter sur la coh\u00e9rence et la fiabilit\u00e9 de nos produits.<\/p>\n<h3>Contr\u00f4les qualit\u00e9 complets<\/h3>\n<p>Nos processus font appel \u00e0 des techniques d'analyse de pointe, telles que la chromatographie en phase gazeuse (GC) et le titrage Karl Fischer, afin de v\u00e9rifier la puret\u00e9 et la teneur en eau. <b>Cet examen minutieux<\/b> garantit que vous disposez toujours d'un <b>Qualit\u00e9 laboratoire \u00e0 vendre<\/b> produit stable, exempt d'impuret\u00e9s ind\u00e9sirables. Le succ\u00e8s de vos recherches est notre priorit\u00e9.<\/p>\n<p><b>En outre<\/b> notre syst\u00e8me de gestion de la qualit\u00e9 est con\u00e7u pour contr\u00f4ler toutes les \u00e9tapes, de l'approvisionnement en mati\u00e8res premi\u00e8res \u00e0 la fourniture du produit final. Si vous <b>Acheter du 1,4-butanediol en ligne<\/b>, vous pouvez \u00eatre s\u00fbr d'obtenir un produit qui a \u00e9t\u00e9 trait\u00e9 avec le plus grand soin et dans le respect des protocoles les plus stricts.<\/p>\n<h2>Manipulation et stockage s\u00fbrs du 1,4-butanediol<\/h2>\n<p>La manipulation s\u00fbre des produits chimiques est d'une importance capitale. <b>Bien que le 1,4-butanediol soit g\u00e9n\u00e9ralement consid\u00e9r\u00e9 comme moins dangereux que certains autres solvants<\/b>, des mesures de pr\u00e9caution sont indispensables. Nous mettons \u00e0 disposition des fiches de donn\u00e9es de s\u00e9curit\u00e9 (FDS) d\u00e9taill\u00e9es qui contiennent des informations compl\u00e8tes sur les proc\u00e9dures appropri\u00e9es de stockage, de manipulation et d'\u00e9limination.<\/p>\n<p>Lors de la manipulation du 1,4-butanediol, il convient de toujours porter un \u00e9quipement de protection individuelle (EPI) adapt\u00e9, tel que des lunettes de protection et des gants. <b>De m\u00eame,<\/b> Il est conseill\u00e9 de bien a\u00e9rer la zone de travail. <b>Une approche responsable<\/b> contribue de mani\u00e8re significative \u00e0 la s\u00e9curit\u00e9 dans les laboratoires et sur le lieu de travail. Notre <b>Acheter du 1,4-butanediol en ligne<\/b> L'offre est toujours accompagn\u00e9e des informations de s\u00e9curit\u00e9 n\u00e9cessaires.<\/p>\n<h3>Recommandations pour le stockage<\/h3>\n<ul>\n<li><b>le stockage :<\/b> Conserver dans des r\u00e9cipients bien ferm\u00e9s, dans un endroit frais, sec et bien ventil\u00e9.<\/li>\n<li><b>Protection :<\/b> Prot\u00e9ger des rayons directs du soleil et des sources de chaleur.<\/li>\n<li><b>Incompatibilit\u00e9s :<\/b> Conserver \u00e0 l'\u00e9cart des agents oxydants et des acides.<\/li>\n<\/ul>\n<p>Une manipulation prudente garantit non seulement la qualit\u00e9 du produit, mais aussi la sant\u00e9 du personnel. Le produit est manipul\u00e9 avec soin et pr\u00e9par\u00e9 pour votre utilisation. <b>Par cons\u00e9quent,<\/b> vous pouvez \u00eatre s\u00fbr que tous les aspects li\u00e9s \u00e0 la manipulation des produits sont trait\u00e9s par nos soins avec professionnalisme et rigueur.<\/p>\n<h2>Pourquoi acheter du 1,4-butanediol chez Chemgramx ?<\/h2>\n<p>Le choix du bon fournisseur est essentiel \u00e0 la r\u00e9ussite de vos projets. Chez Chemgramx, nous sommes fiers d'\u00eatre un fournisseur fiable de substances chimiques de haute qualit\u00e9. Nous offrons non seulement <b>1,4-butanediol de haute qualit\u00e9<\/b>, mais aussi un service adapt\u00e9 \u00e0 vos besoins.<\/p>\n<p><b>Tout d'abord<\/b> nous garantissons la puret\u00e9 et la qualit\u00e9 de chaque produit qui quitte notre entreprise. Nos proc\u00e9dures de contr\u00f4le rigoureuses et nos certificats d'analyse vous garantissent que vous recevrez un mat\u00e9riau fiable et conforme aux sp\u00e9cifications. <b>De plus,<\/b> Notre gamme de produits est tr\u00e8s diversifi\u00e9e afin de r\u00e9pondre aux diverses exigences de la recherche et de l'industrie. Notre <b>Commander du 1,4-butanediol en ligne<\/b> Le processus est simple et efficace afin de faciliter vos achats.<\/p>\n<h3>Vos avantages en un coup d'\u0153il<\/h3>\n<p>Si vous d\u00e9cidez de, <b>Acheter du 1,4-butanediol chez Chemgramx<\/b>, vous b\u00e9n\u00e9ficiez de nombreux avantages :<\/p>\n<ul>\n<li><b>Une qualit\u00e9 in\u00e9gal\u00e9e :<\/b> Nous ne fournissons que des produits d'une puret\u00e9 maximale, id\u00e9aux pour les applications exigeantes.<\/li>\n<li><b>Documentation compl\u00e8te :<\/b> Chaque produit est accompagn\u00e9 d'un certificat d'analyse et de fiches de donn\u00e9es de s\u00e9curit\u00e9.<\/li>\n<li><b>Achat s\u00e9curis\u00e9 :<\/b> Notre syst\u00e8me de commande en ligne est con\u00e7u pour offrir une s\u00e9curit\u00e9 maximale afin de prot\u00e9ger vos donn\u00e9es et vos transactions.<\/li>\n<li><b>Expertise et assistance :<\/b> Notre \u00e9quipe se tient \u00e0 votre disposition pour r\u00e9pondre \u00e0 vos questions et vous offrir des conseils comp\u00e9tents.<\/li>\n<\/ul>\n<p>Nous comprenons l'importance d'un partenaire fiable. <b>C'est pourquoi<\/b> nous nous effor\u00e7ons de fournir non seulement des produits, mais aussi de la confiance. Si vous <b>Acheter du 1,4-butanediol en ligne<\/b> Si vous souhaitez, choisissez Chemgramx pour <b>1,4-butanediol de la meilleure qualit\u00e9 disponible<\/b>. D\u00e9couvrez notre offre compl\u00e8te et commandez votre <a href=\"https:\/\/chemgramx.com\/product\/14-butanediol-online-kaufen\/\">1,4-butanediol<\/a> encore aujourd'hui.<\/p>\n<h2>Foire aux questions sur le 1,4-butanediol (FAQ)<\/h2>\n<h3>Que signifie \u201e qualit\u00e9 de la recherche \u201c dans le cas du 1,4-butanediol ?<\/h3>\n<p>\u201eLa \u201c qualit\u00e9 recherche \u00bb signifie que le 1,4-butanediol pr\u00e9sente un haut degr\u00e9 de puret\u00e9 et qu'il est sp\u00e9cialement optimis\u00e9 pour \u00eatre utilis\u00e9 dans des \u00e9tudes scientifiques, des exp\u00e9riences et des applications en laboratoire. <b>Il garantit<\/b> Des r\u00e9sultats coh\u00e9rents et fiables, car les impuret\u00e9s sont r\u00e9duites au minimum. Chez Chemgramx, nous offrons toujours cette qualit\u00e9.<\/p>\n<h3>Le 1,4-butanediol est-il dangereux ?<\/h3>\n<p>Comme pour tout produit chimique, la manipulation du 1,4-butanediol comporte certains risques. <b>Il peut<\/b> peuvent \u00eatre nocifs pour la sant\u00e9 et provoquer des irritations en cas d'ingestion. Il est donc essentiel de respecter les consignes de s\u00e9curit\u00e9, de porter un \u00e9quipement de protection et de travailler dans des zones bien ventil\u00e9es. Vous trouverez des informations d\u00e9taill\u00e9es dans la fiche de donn\u00e9es de s\u00e9curit\u00e9.<\/p>\n<h3>Puis-je acheter du 1,4-butanediol en grande quantit\u00e9 ?<\/h3>\n<p>Oui, chez Chemgramx, nous proposons <b>1,4-butanediol \u00e0 vendre<\/b> en diff\u00e9rentes quantit\u00e9s afin de r\u00e9pondre aussi bien aux petits projets de recherche qu'aux besoins industriels plus importants. <b>Veuillez nous contacter<\/b> pour les demandes sp\u00e9ciales ou les commandes importantes. Nous nous effor\u00e7ons toujours de r\u00e9pondre \u00e0 vos besoins avec souplesse.<\/p>\n<h3>Comment puis-je v\u00e9rifier la puret\u00e9 du 1,4-butanediol ?<\/h3>\n<p>Chaque livraison de 1,4-butanediol de Chemgramx est accompagn\u00e9e d'un certificat d'analyse d\u00e9taill\u00e9 qui confirme la puret\u00e9 et d'autres sp\u00e9cifications importantes. <b>Ce document<\/b> vous offre une transparence totale et une garantie quant \u00e0 la qualit\u00e9 de notre produit. Vous recevez <b>1,4-butanediol authentique<\/b>.<\/p>\n<h3>Quelles sont les options de paiement disponibles si je souhaite acheter du 1,4-butanediol en ligne ?<\/h3>\n<p>Nous proposons plusieurs options de paiement s\u00e9curis\u00e9es afin de rendre le processus de commande aussi pratique que possible pour vous. <b>Notre processus d'achat s\u00e9curis\u00e9<\/b> prot\u00e8ge vos donn\u00e9es transactionnelles. <b>D\u00e9tails sur les m\u00e9thodes disponibles<\/b> Vous les trouverez lors du paiement. Nous souhaitons que vous <b>Acheter en ligne maintenant<\/b> peuvent avoir pleinement confiance.<\/p>","protected":false},"excerpt":{"rendered":"<p>D\u00e9couvrez la haute puret\u00e9 <b>Acheter du 1,4-butanediol<\/b> pour la recherche et les applications de laboratoire exigeantes. Cet interm\u00e9diaire organique polyvalent est essentiel pour les polym\u00e9risations et les synth\u00e8ses. Chez Chemgramx, vous trouverez <b>Qualit\u00e9 laboratoire \u00e0 vendre<\/b>, qui garantit une puret\u00e9 maximale gr\u00e2ce \u00e0 des contr\u00f4les rigoureux. Procurez-vous votre produit pour des r\u00e9sultats pr\u00e9cis et un <b>achat s\u00e9curis\u00e9<\/b> chez Chemgramx.<\/p>","protected":false},"featured_media":8616,"comment_status":"open","ping_status":"closed","template":"","meta":{"_joinchat":[]},"product_brand":[],"product_cat":[65],"product_tag":[627,628,636,637,643,645,642,634,644,640,635,629,639,630,646,632,638,633,641,631],"class_list":{"0":"post-8595","1":"product","2":"type-product","3":"status-publish","4":"has-post-thumbnail","6":"product_cat-arylcyclohexylamine","7":"product_tag-627","8":"product_tag-4-butandiol","9":"product_tag-4-butandiol-anwendung","10":"product_tag-4-butandiol-chemische-herstellung","11":"product_tag-4-butandiol-eigenschaften","12":"product_tag-4-butandiol-forschung","13":"product_tag-4-butandiol-fur-laboranwendungen","14":"product_tag-4-butandiol-groshandel","15":"product_tag-4-butandiol-groshandler","16":"product_tag-4-butandiol-handhabung","17":"product_tag-4-butandiol-industrielle-verwendung","18":"product_tag-4-butandiol-kaufen","19":"product_tag-4-butandiol-lagerung","20":"product_tag-4-butandiol-lieferant","21":"product_tag-4-butandiol-nutzung","22":"product_tag-4-butandiol-preis","23":"product_tag-4-butandiol-sicherheit","24":"product_tag-4-butandiol-verfugbarkeit","25":"product_tag-4-butandiol-vorschriften","26":"product_tag-4-butandiol-zum-verkauf","28":"first","29":"instock","30":"shipping-taxable","31":"purchasable","32":"product-type-variable"},"yoast_head":"<!-- This site is optimized with the Yoast SEO plugin v27.5 - https:\/\/yoast.com\/product\/yoast-seo-wordpress\/ -->\n<title>1,4-Butandiol kaufen - Hohe Reinheit &amp; Forschung<\/title>\n<meta name=\"description\" content=\"Entdecken Sie hochreines 1,4-Butandiol f\u00fcr Ihre Forschungs- und Laborzwecke. Bei Chemgramx k\u00f6nnen Sie 1,4-Butandiol kaufen. Jetzt sicher bestellen und h\u00f6chste Qualit\u00e4t erhalten.\" \/>\n<meta name=\"robots\" content=\"index, follow, max-snippet:-1, max-image-preview:large, max-video-preview:-1\" \/>\n<link rel=\"canonical\" href=\"https:\/\/chemgramx.com\/fr\/produit\/14-acheter-butanediol-en-ligne\/\" \/>\n<meta property=\"og:locale\" content=\"fr_FR\" \/>\n<meta property=\"og:type\" content=\"article\" \/>\n<meta property=\"og:title\" content=\"1,4-Butandiol kaufen - Hohe Reinheit &amp; Forschung\" \/>\n<meta property=\"og:description\" content=\"Entdecken Sie hochreines 1,4-Butandiol f\u00fcr Ihre Forschungs- und Laborzwecke. Bei Chemgramx k\u00f6nnen Sie 1,4-Butandiol kaufen. Jetzt sicher bestellen und h\u00f6chste Qualit\u00e4t erhalten.\" \/>\n<meta property=\"og:url\" content=\"https:\/\/chemgramx.com\/fr\/produit\/14-acheter-butanediol-en-ligne\/\" \/>\n<meta property=\"og:site_name\" content=\"Chemgramx\" \/>\n<meta property=\"article:modified_time\" content=\"2025-12-09T09:48:45+00:00\" \/>\n<meta property=\"og:image\" content=\"https:\/\/chemgramx.com\/wp-content\/uploads\/2025\/11\/Butanediol-Online.jpg\" \/>\n\t<meta property=\"og:image:width\" content=\"607\" \/>\n\t<meta property=\"og:image:height\" content=\"551\" \/>\n\t<meta property=\"og:image:type\" content=\"image\/jpeg\" \/>\n<meta name=\"twitter:card\" content=\"summary_large_image\" \/>\n<meta name=\"twitter:label1\" content=\"Dur\u00e9e de lecture estim\u00e9e\" \/>\n\t<meta name=\"twitter:data1\" content=\"4 minutes\" \/>\n<script type=\"application\/ld+json\" class=\"yoast-schema-graph\">{\"@context\":\"https:\\\/\\\/schema.org\",\"@graph\":[{\"@type\":\"WebPage\",\"@id\":\"https:\\\/\\\/chemgramx.com\\\/product\\\/14-butanediol-online-kaufen\\\/\",\"url\":\"https:\\\/\\\/chemgramx.com\\\/product\\\/14-butanediol-online-kaufen\\\/\",\"name\":\"1,4-Butandiol kaufen - Hohe Reinheit & Forschung\",\"isPartOf\":{\"@id\":\"https:\\\/\\\/chemgramx.com\\\/#website\"},\"primaryImageOfPage\":{\"@id\":\"https:\\\/\\\/chemgramx.com\\\/product\\\/14-butanediol-online-kaufen\\\/#primaryimage\"},\"image\":{\"@id\":\"https:\\\/\\\/chemgramx.com\\\/product\\\/14-butanediol-online-kaufen\\\/#primaryimage\"},\"thumbnailUrl\":\"https:\\\/\\\/chemgramx.com\\\/wp-content\\\/uploads\\\/2025\\\/11\\\/Butanediol-Online.jpg\",\"datePublished\":\"2025-11-21T20:37:09+00:00\",\"dateModified\":\"2025-12-09T09:48:45+00:00\",\"description\":\"Entdecken Sie hochreines 1,4-Butandiol f\u00fcr Ihre Forschungs- und Laborzwecke. Bei Chemgramx k\u00f6nnen Sie 1,4-Butandiol kaufen. Jetzt sicher bestellen und h\u00f6chste Qualit\u00e4t erhalten.\",\"breadcrumb\":{\"@id\":\"https:\\\/\\\/chemgramx.com\\\/product\\\/14-butanediol-online-kaufen\\\/#breadcrumb\"},\"inLanguage\":\"fr-FR\",\"potentialAction\":[{\"@type\":\"ReadAction\",\"target\":[\"https:\\\/\\\/chemgramx.com\\\/product\\\/14-butanediol-online-kaufen\\\/\"]}]},{\"@type\":\"ImageObject\",\"inLanguage\":\"fr-FR\",\"@id\":\"https:\\\/\\\/chemgramx.com\\\/product\\\/14-butanediol-online-kaufen\\\/#primaryimage\",\"url\":\"https:\\\/\\\/chemgramx.com\\\/wp-content\\\/uploads\\\/2025\\\/11\\\/Butanediol-Online.jpg\",\"contentUrl\":\"https:\\\/\\\/chemgramx.com\\\/wp-content\\\/uploads\\\/2025\\\/11\\\/Butanediol-Online.jpg\",\"width\":607,\"height\":551},{\"@type\":\"BreadcrumbList\",\"@id\":\"https:\\\/\\\/chemgramx.com\\\/product\\\/14-butanediol-online-kaufen\\\/#breadcrumb\",\"itemListElement\":[{\"@type\":\"ListItem\",\"position\":1,\"name\":\"Home\",\"item\":\"https:\\\/\\\/chemgramx.com\\\/\"},{\"@type\":\"ListItem\",\"position\":2,\"name\":\"Shop\",\"item\":\"https:\\\/\\\/chemgramx.com\\\/shop\\\/\"},{\"@type\":\"ListItem\",\"position\":3,\"name\":\"1,4-Butandiol kaufen &#8211; Hohe Reinheit &amp; Forschung\"}]},{\"@type\":\"WebSite\",\"@id\":\"https:\\\/\\\/chemgramx.com\\\/#website\",\"url\":\"https:\\\/\\\/chemgramx.com\\\/\",\"name\":\"Chemgramx\",\"description\":\"\",\"publisher\":{\"@id\":\"https:\\\/\\\/chemgramx.com\\\/#organization\"},\"potentialAction\":[{\"@type\":\"SearchAction\",\"target\":{\"@type\":\"EntryPoint\",\"urlTemplate\":\"https:\\\/\\\/chemgramx.com\\\/?s={search_term_string}\"},\"query-input\":{\"@type\":\"PropertyValueSpecification\",\"valueRequired\":true,\"valueName\":\"search_term_string\"}}],\"inLanguage\":\"fr-FR\"},{\"@type\":\"Organization\",\"@id\":\"https:\\\/\\\/chemgramx.com\\\/#organization\",\"name\":\"Chemgramx\",\"url\":\"https:\\\/\\\/chemgramx.com\\\/\",\"logo\":{\"@type\":\"ImageObject\",\"inLanguage\":\"fr-FR\",\"@id\":\"https:\\\/\\\/chemgramx.com\\\/#\\\/schema\\\/logo\\\/image\\\/\",\"url\":\"https:\\\/\\\/chemgramx.com\\\/wp-content\\\/uploads\\\/2024\\\/10\\\/final-logo.png\",\"contentUrl\":\"https:\\\/\\\/chemgramx.com\\\/wp-content\\\/uploads\\\/2024\\\/10\\\/final-logo.png\",\"width\":250,\"height\":48,\"caption\":\"Chemgramx\"},\"image\":{\"@id\":\"https:\\\/\\\/chemgramx.com\\\/#\\\/schema\\\/logo\\\/image\\\/\"}}]}<\/script>\n<!-- \/ Yoast SEO plugin. -->","yoast_head_json":{"title":"Acheter du 1,4-butanediol - Haute puret\u00e9 &amp; recherche","description":"D\u00e9couvrez le 1,4-butanediol de haute puret\u00e9 pour vos besoins en recherche et en laboratoire. Vous pouvez acheter du 1,4-butanediol chez Chemgramx. Commandez d\u00e8s maintenant en toute s\u00e9curit\u00e9 et b\u00e9n\u00e9ficiez d'une qualit\u00e9 optimale.","robots":{"index":"index","follow":"follow","max-snippet":"max-snippet:-1","max-image-preview":"max-image-preview:large","max-video-preview":"max-video-preview:-1"},"canonical":"https:\/\/chemgramx.com\/fr\/produit\/14-acheter-butanediol-en-ligne\/","og_locale":"fr_FR","og_type":"article","og_title":"1,4-Butandiol kaufen - Hohe Reinheit & Forschung","og_description":"Entdecken Sie hochreines 1,4-Butandiol f\u00fcr Ihre Forschungs- und Laborzwecke. Bei Chemgramx k\u00f6nnen Sie 1,4-Butandiol kaufen. Jetzt sicher bestellen und h\u00f6chste Qualit\u00e4t erhalten.","og_url":"https:\/\/chemgramx.com\/fr\/produit\/14-acheter-butanediol-en-ligne\/","og_site_name":"Chemgramx","article_modified_time":"2025-12-09T09:48:45+00:00","og_image":[{"width":607,"height":551,"url":"https:\/\/chemgramx.com\/wp-content\/uploads\/2025\/11\/Butanediol-Online.jpg","type":"image\/jpeg"}],"twitter_card":"summary_large_image","twitter_misc":{"Dur\u00e9e de lecture estim\u00e9e":"4 minutes"},"schema":{"@context":"https:\/\/schema.org","@graph":[{"@type":"WebPage","@id":"https:\/\/chemgramx.com\/product\/14-butanediol-online-kaufen\/","url":"https:\/\/chemgramx.com\/product\/14-butanediol-online-kaufen\/","name":"Acheter du 1,4-butanediol - Haute puret\u00e9 &amp; recherche","isPartOf":{"@id":"https:\/\/chemgramx.com\/#website"},"primaryImageOfPage":{"@id":"https:\/\/chemgramx.com\/product\/14-butanediol-online-kaufen\/#primaryimage"},"image":{"@id":"https:\/\/chemgramx.com\/product\/14-butanediol-online-kaufen\/#primaryimage"},"thumbnailUrl":"https:\/\/chemgramx.com\/wp-content\/uploads\/2025\/11\/Butanediol-Online.jpg","datePublished":"2025-11-21T20:37:09+00:00","dateModified":"2025-12-09T09:48:45+00:00","description":"D\u00e9couvrez le 1,4-butanediol de haute puret\u00e9 pour vos besoins en recherche et en laboratoire. Vous pouvez acheter du 1,4-butanediol chez Chemgramx. Commandez d\u00e8s maintenant en toute s\u00e9curit\u00e9 et b\u00e9n\u00e9ficiez d'une qualit\u00e9 optimale.","breadcrumb":{"@id":"https:\/\/chemgramx.com\/product\/14-butanediol-online-kaufen\/#breadcrumb"},"inLanguage":"fr-FR","potentialAction":[{"@type":"ReadAction","target":["https:\/\/chemgramx.com\/product\/14-butanediol-online-kaufen\/"]}]},{"@type":"ImageObject","inLanguage":"fr-FR","@id":"https:\/\/chemgramx.com\/product\/14-butanediol-online-kaufen\/#primaryimage","url":"https:\/\/chemgramx.com\/wp-content\/uploads\/2025\/11\/Butanediol-Online.jpg","contentUrl":"https:\/\/chemgramx.com\/wp-content\/uploads\/2025\/11\/Butanediol-Online.jpg","width":607,"height":551},{"@type":"BreadcrumbList","@id":"https:\/\/chemgramx.com\/product\/14-butanediol-online-kaufen\/#breadcrumb","itemListElement":[{"@type":"ListItem","position":1,"name":"Home","item":"https:\/\/chemgramx.com\/"},{"@type":"ListItem","position":2,"name":"Shop","item":"https:\/\/chemgramx.com\/shop\/"},{"@type":"ListItem","position":3,"name":"1,4-Butandiol kaufen &#8211; Hohe Reinheit &amp; Forschung"}]},{"@type":"WebSite","@id":"https:\/\/chemgramx.com\/#website","url":"https:\/\/chemgramx.com\/","name":"Chemgramx","description":"","publisher":{"@id":"https:\/\/chemgramx.com\/#organization"},"potentialAction":[{"@type":"SearchAction","target":{"@type":"EntryPoint","urlTemplate":"https:\/\/chemgramx.com\/?s={search_term_string}"},"query-input":{"@type":"PropertyValueSpecification","valueRequired":true,"valueName":"search_term_string"}}],"inLanguage":"fr-FR"},{"@type":"Organization","@id":"https:\/\/chemgramx.com\/#organization","name":"Chemgramx","url":"https:\/\/chemgramx.com\/","logo":{"@type":"ImageObject","inLanguage":"fr-FR","@id":"https:\/\/chemgramx.com\/#\/schema\/logo\/image\/","url":"https:\/\/chemgramx.com\/wp-content\/uploads\/2024\/10\/final-logo.png","contentUrl":"https:\/\/chemgramx.com\/wp-content\/uploads\/2024\/10\/final-logo.png","width":250,"height":48,"caption":"Chemgramx"},"image":{"@id":"https:\/\/chemgramx.com\/#\/schema\/logo\/image\/"}}]}},"_links":{"self":[{"href":"https:\/\/chemgramx.com\/fr\/wp-json\/wp\/v2\/product\/8595","targetHints":{"allow":["GET"]}}],"collection":[{"href":"https:\/\/chemgramx.com\/fr\/wp-json\/wp\/v2\/product"}],"about":[{"href":"https:\/\/chemgramx.com\/fr\/wp-json\/wp\/v2\/types\/product"}],"replies":[{"embeddable":true,"href":"https:\/\/chemgramx.com\/fr\/wp-json\/wp\/v2\/comments?post=8595"}],"wp:featuredmedia":[{"embeddable":true,"href":"https:\/\/chemgramx.com\/fr\/wp-json\/wp\/v2\/media\/8616"}],"wp:attachment":[{"href":"https:\/\/chemgramx.com\/fr\/wp-json\/wp\/v2\/media?parent=8595"}],"wp:term":[{"taxonomy":"product_brand","embeddable":true,"href":"https:\/\/chemgramx.com\/fr\/wp-json\/wp\/v2\/product_brand?post=8595"},{"taxonomy":"product_cat","embeddable":true,"href":"https:\/\/chemgramx.com\/fr\/wp-json\/wp\/v2\/product_cat?post=8595"},{"taxonomy":"product_tag","embeddable":true,"href":"https:\/\/chemgramx.com\/fr\/wp-json\/wp\/v2\/product_tag?post=8595"}],"curies":[{"name":"wp","href":"https:\/\/api.w.org\/{rel}","templated":true}]}}