{"id":8733,"date":"2025-12-11T00:49:46","date_gmt":"2025-12-11T00:49:46","guid":{"rendered":"https:\/\/chemgramx.com\/?post_type=product&#038;p=8733"},"modified":"2025-12-11T01:04:29","modified_gmt":"2025-12-11T01:04:29","slug":"1b-lsd-100mcg-commande-en-ligne","status":"publish","type":"product","link":"https:\/\/chemgramx.com\/fr\/product\/1b-lsd-100mcg-online-bestellung\/","title":{"rendered":"1B-LSD 100mcg Commande en ligne"},"content":{"rendered":"<p data-start=\"469\" data-end=\"1006\"><strong data-start=\"469\" data-end=\"487\">1B-LSD 100 mcg<\/strong> est un produit chimique de recherche moderne de la famille des lysergamides, qui suscite un int\u00e9r\u00eat croissant dans la communaut\u00e9 scientifique. D'un point de vue structurel, elle ressemble fortement au classique <strong data-start=\"670\" data-end=\"680\">LSD-25<\/strong> et offre aux chercheurs une base stable pour \u00e9tudier de mani\u00e8re cibl\u00e9e la conscience, la perception et les processus cognitifs. Avec un dosage standardis\u00e9 de <strong data-start=\"842\" data-end=\"872\">100 microgrammes par unit\u00e9<\/strong> la substance peut \u00eatre utilis\u00e9e de mani\u00e8re extr\u00eamement contr\u00f4l\u00e9e et reproductible - un avantage d\u00e9cisif pour des r\u00e9sultats de laboratoire pr\u00e9cis.<\/p>\n<p data-start=\"1008\" data-end=\"1410\">En outre, le 1B-LSD permet une manipulation s\u00fbre, car il est chimiquement stable et se conserve bien. Les chercheurs des domaines de la neurochimie, de la psychologie et de la pharmacologie l'utilisent pour mieux comprendre les m\u00e9canismes neurobiologiques des \u00e9tats psych\u00e9d\u00e9liques. Gr\u00e2ce \u00e0 la fiabilit\u00e9 du dosage, le comportement de la substance peut \u00eatre analys\u00e9 m\u00e9thodiquement dans diff\u00e9rentes conditions.<\/p>\n<h2 data-start=\"1417\" data-end=\"1449\">Qu'est-ce que le 1B-LSD 100 mcg ?<\/h2>\n<p data-start=\"1451\" data-end=\"1732\"><strong data-start=\"1451\" data-end=\"1497\">1B-LSD (di\u00e9thylamide de l'acide 1-butanoyl-lysergique)<\/strong> est un d\u00e9riv\u00e9 du LSD-25 et agit comme un soi-disant <strong data-start=\"1550\" data-end=\"1561\">Prodrug<\/strong>. Apr\u00e8s l'ingestion, le corps le transforme partiellement en LSD actif. Il en r\u00e9sulte des effets similaires, mais avec un caract\u00e8re plus doux et plus clair.<\/p>\n<p data-start=\"1734\" data-end=\"2069\">Contrairement au LSD-25, les utilisateurs font \u00e9tat d'une exp\u00e9rience \u00e9quilibr\u00e9e et focalis\u00e9e. Ces propri\u00e9t\u00e9s rendent le 1B-LSD particuli\u00e8rement int\u00e9ressant pour les \u00e9tudes portant sur la perception, la cr\u00e9ativit\u00e9 et la pens\u00e9e introspective. En outre, le compos\u00e9 est consid\u00e9r\u00e9 comme plus stable, ce qui facilite consid\u00e9rablement le stockage et le transport.<\/p>\n<h2 data-start=\"2076\" data-end=\"2108\">Effets et utilisation<\/h2>\n<p data-start=\"2110\" data-end=\"2339\">L'effet de <strong data-start=\"2126\" data-end=\"2144\">1B-LSD 100 mcg<\/strong> peut varier en fonction de la personne, de la dose et de l'environnement. Dans <a href=\"\/product\/kolumbianisches-kokain-96-rein\/\">Environnements de recherche<\/a> on observe g\u00e9n\u00e9ralement des modifications subtiles mais significatives de la perception sensorielle et du traitement \u00e9motionnel.<\/p>\n<p data-start=\"2341\" data-end=\"2389\">Les effets fr\u00e9quemment observ\u00e9s sont entre autres<\/p>\n<ul data-start=\"2390\" data-end=\"2615\">\n<li data-start=\"2390\" data-end=\"2436\">\n<p data-start=\"2392\" data-end=\"2436\">Impressions visuelles et auditives renforc\u00e9es<\/p>\n<\/li>\n<li data-start=\"2437\" data-end=\"2478\">\n<p data-start=\"2439\" data-end=\"2478\">Modification de la perception du temps et de l'espace<\/p>\n<\/li>\n<li data-start=\"2479\" data-end=\"2510\">\n<p data-start=\"2481\" data-end=\"2510\">Une r\u00e9sonance \u00e9motionnelle plus profonde<\/p>\n<\/li>\n<li data-start=\"2511\" data-end=\"2560\">\n<p data-start=\"2513\" data-end=\"2560\">Augmentation de la cr\u00e9ativit\u00e9 et de la clart\u00e9 mentale<\/p>\n<\/li>\n<li data-start=\"2561\" data-end=\"2615\">\n<p data-start=\"2563\" data-end=\"2615\">Am\u00e9lioration de la focalisation \u00e0 des doses mod\u00e9r\u00e9es<\/p>\n<\/li>\n<\/ul>\n<p data-start=\"2617\" data-end=\"2828\">Pendant l'effet, de nombreux sujets font \u00e9tat d'une progression r\u00e9guli\u00e8re et fluide, sans surexcitation. Ainsi, cette substance se pr\u00eate bien aux \u00e9tudes portant sur les processus neurocognitifs et cr\u00e9atifs.<\/p>\n<h2 data-start=\"2835\" data-end=\"2879\">Pourquoi acheter 1B-LSD 100 mcg en ligne ?<\/h2>\n<p data-start=\"2881\" data-end=\"3187\">L'achat sur Internet offre de nombreux avantages aux chercheurs et aux laboratoires. D'une part, les <strong data-start=\"2974\" data-end=\"2994\">sources v\u00e9rifi\u00e9es<\/strong> plus facilement accessibles en ligne que dans le commerce stationnaire. D'autre part, de nombreux fournisseurs <strong data-start=\"3085\" data-end=\"3130\">Certificats COA (Certificat d'analyse)<\/strong> qui confirment la puret\u00e9 et la pr\u00e9cision du dosage.<\/p>\n<p data-start=\"3189\" data-end=\"3446\">Nous <strong data-start=\"3193\" data-end=\"3222\">1B-LSD 100 mcg achat en ligne<\/strong> b\u00e9n\u00e9ficie \u00e9galement d'un large choix de produits et d'options de livraison internationales. De plus, les structures de prix transparentes et les m\u00e9thodes de paiement pratiques rendent le processus de commande simple et s\u00fbr.<\/p>\n<p data-start=\"3448\" data-end=\"3486\">Parmi les principaux avantages, on peut citer<\/p>\n<ul data-start=\"3487\" data-end=\"3664\">\n<li data-start=\"3487\" data-end=\"3534\">\n<p data-start=\"3489\" data-end=\"3534\">Livraison dans le monde entier dans un emballage neutre<\/p>\n<\/li>\n<li data-start=\"3535\" data-end=\"3570\">\n<p data-start=\"3537\" data-end=\"3570\">Qualit\u00e9 test\u00e9e et prouv\u00e9e<\/p>\n<\/li>\n<li data-start=\"3571\" data-end=\"3615\">\n<p data-start=\"3573\" data-end=\"3615\">Un service client rapide et professionnel<\/p>\n<\/li>\n<li data-start=\"3616\" data-end=\"3664\">\n<p data-start=\"3618\" data-end=\"3664\">R\u00e9ductions int\u00e9ressantes pour les commandes importantes<\/p>\n<\/li>\n<\/ul>\n<p data-start=\"3666\" data-end=\"3800\">C'est pourquoi de plus en plus d'instituts de recherche d\u00e9cident de s'approvisionner en \u00e9chantillons exclusivement aupr\u00e8s de sources en ligne certifi\u00e9es.<\/p>\n<h3>Statut juridique<\/h3>\n<p data-start=\"4150\" data-end=\"4543\">En Allemagne, le 1B-LSD se trouve actuellement dans une zone grise : il n'est pas explicitement mentionn\u00e9 dans la loi sur les stup\u00e9fiants, mais pourrait \u00eatre subsum\u00e9 sous des r\u00e9glementations analogues. C'est pourquoi il est conseill\u00e9, avant toute commande, de se renseigner en d\u00e9tail sur la l\u00e9gislation en vigueur. <strong data-start=\"4403\" data-end=\"4442\">les dispositions l\u00e9gales actuelles<\/strong> dans leur propre pays. De cette mani\u00e8re, il est possible d'\u00e9viter d'\u00e9ventuels risques juridiques.<\/p>\n<h2 data-start=\"4150\" data-end=\"4543\">Livraison discr\u00e8te et commande s\u00e9curis\u00e9e<\/h2>\n<p data-start=\"4602\" data-end=\"4944\">Un avantage essentiel pour le <strong data-start=\"4632\" data-end=\"4664\">Acheter 1B-LSD 100 mcg en ligne<\/strong> est la livraison discr\u00e8te et s\u00fbre. Les fournisseurs s\u00e9rieux utilisent des emballages discrets, sans indication de leur contenu. En outre, les envois sont g\u00e9n\u00e9ralement assur\u00e9s et munis d'un num\u00e9ro de suivi. Ainsi, l'ensemble du processus reste tra\u00e7able et confidentiel.<\/p>\n<p data-start=\"4946\" data-end=\"5130\">En outre, de nombreuses boutiques proposent des options d'exp\u00e9dition flexibles telles que le service express ou le service international prioritaire. Ainsi, les chercheurs re\u00e7oivent leurs produits de mani\u00e8re fiable et dans les d\u00e9lais.<\/p>\n<h3 data-start=\"5137\" data-end=\"5178\">Choisir un fournisseur r\u00e9put\u00e9<\/h3>\n<p data-start=\"5180\" data-end=\"5339\">Lors de l'achat de produits chimiques de recherche, la confiance est essentielle. C'est pourquoi il ne faut commander qu'aupr\u00e8s de distributeurs qui proposent des produits dont la qualit\u00e9 a \u00e9t\u00e9 test\u00e9e et prouv\u00e9e.<\/p>\n<p data-start=\"5341\" data-end=\"5387\">Soyez particuli\u00e8rement attentif aux points suivants :<\/p>\n<ul data-start=\"5388\" data-end=\"5620\">\n<li data-start=\"5388\" data-end=\"5440\">\n<p data-start=\"5390\" data-end=\"5440\">Existant <strong data-start=\"5401\" data-end=\"5418\">Rapports de laboratoire<\/strong> et certificats COA<\/p>\n<\/li>\n<li data-start=\"5441\" data-end=\"5497\">\n<p data-start=\"5443\" data-end=\"5497\">Transparent <strong data-start=\"5456\" data-end=\"5495\">Politique d'envoi et de protection des donn\u00e9es<\/strong><\/p>\n<\/li>\n<li data-start=\"5498\" data-end=\"5532\">\n<p data-start=\"5500\" data-end=\"5532\">Positif <strong data-start=\"5509\" data-end=\"5530\">T\u00e9moignages de clients<\/strong><\/p>\n<\/li>\n<li data-start=\"5533\" data-end=\"5572\">\n<p data-start=\"5535\" data-end=\"5572\"><strong data-start=\"5535\" data-end=\"5557\">crypt\u00e9 par SSL<\/strong> Modes de paiement<\/p>\n<\/li>\n<li data-start=\"5573\" data-end=\"5620\">\n<p data-start=\"5575\" data-end=\"5620\">Comp\u00e9tent <strong data-start=\"5586\" data-end=\"5603\">Soutien<\/strong> en cas de questions<\/p>\n<\/li>\n<\/ul>\n<p data-start=\"5622\" data-end=\"5704\">Ces caract\u00e9ristiques indiquent qu'un fournisseur est fiable et professionnel.<\/p>\n<h2 data-start=\"5711\" data-end=\"5768\">S\u00e9curit\u00e9 et utilisation responsable<\/h2>\n<p data-start=\"5770\" data-end=\"5988\">M\u00eame si le 1B-LSD est consid\u00e9r\u00e9 comme un produit chimique de recherche, il doit toujours \u00eatre manipul\u00e9 avec pr\u00e9caution. Le dosage standardis\u00e9 de <strong data-start=\"5899\" data-end=\"5910\">100 mcg<\/strong> facilite certes la manipulation, mais ne remplace pas les mesures de s\u00e9curit\u00e9.<\/p>\n<p data-start=\"5990\" data-end=\"6027\">Recommandations pour l'utilisation en laboratoire :<\/p>\n<ul data-start=\"6028\" data-end=\"6236\">\n<li data-start=\"6028\" data-end=\"6074\">\n<p data-start=\"6030\" data-end=\"6074\">Utiliser uniquement \u00e0 des fins scientifiques<\/p>\n<\/li>\n<li data-start=\"6075\" data-end=\"6136\">\n<p data-start=\"6077\" data-end=\"6136\">\u00e9viter la combinaison avec l'alcool ou d'autres substances<\/p>\n<\/li>\n<li data-start=\"6137\" data-end=\"6192\">\n<p data-start=\"6139\" data-end=\"6192\">Stockage dans un endroit frais, sec et sombre<\/p>\n<\/li>\n<li data-start=\"6193\" data-end=\"6236\">\n<p data-start=\"6195\" data-end=\"6236\">Tenir soigneusement la documentation de l'essai<\/p>\n<\/li>\n<\/ul>\n<p data-start=\"6238\" data-end=\"6350\">Gr\u00e2ce \u00e0 un travail disciplin\u00e9 et \u00e0 un protocole pr\u00e9cis, les r\u00e9sultats des \u00e9tudes restent reproductibles et s\u00fbrs.<\/p>\n<h2 data-start=\"6238\" data-end=\"6350\">\u00a0Conclusion<\/h2>\n<p data-start=\"6373\" data-end=\"6652\"><strong data-start=\"6373\" data-end=\"6391\">1B-LSD 100 mcg<\/strong> est un exemple de la nouvelle g\u00e9n\u00e9ration de d\u00e9riv\u00e9s pr\u00e9cis de la lysergamide. Il allie stabilit\u00e9, puret\u00e9 et caract\u00e9ristiques d'action \u00e9quilibr\u00e9es, ce qui le rend extr\u00eamement pr\u00e9cieux pour la recherche dans le domaine de la neurochimie, de la psychologie et de l'\u00e9tude de la conscience.<\/p>\n<p data-start=\"6654\" data-end=\"7090\">Nous <strong data-start=\"6658\" data-end=\"6690\">Acheter 1B-LSD 100 mcg en ligne<\/strong> devrait exclusivement miser sur des fournisseurs s\u00e9rieux disposant de certificats de laboratoire. Cela permet de garantir que la substance r\u00e9pond aux normes de qualit\u00e9 et de s\u00e9curit\u00e9 les plus \u00e9lev\u00e9es. Combin\u00e9 \u00e0 une utilisation responsable et \u00e0 une m\u00e9thodologie scientifique, le 1B-LSD ouvre de nouvelles perspectives pour l'\u00e9tude de la conscience humaine - de mani\u00e8re pr\u00e9cise, s\u00fbre et l\u00e9galement inform\u00e9e.<\/p>","protected":false},"excerpt":{"rendered":"<p><strong>1B-LSD 100mcg<\/strong> est un compos\u00e9 chimique de grande puret\u00e9 d\u00e9velopp\u00e9 pour les \u00e9tudes scientifiques. Cette substance est souvent utilis\u00e9e dans la recherche psychopharmacologique pour \u00e9tudier les effets sur le cerveau humain. <strong>1B-LSD<\/strong> est exclusivement destin\u00e9 \u00e0 \u00eatre utilis\u00e9 dans des environnements de laboratoire et ne doit pas \u00eatre consomm\u00e9 par l'homme.<\/p>","protected":false},"featured_media":8755,"comment_status":"open","ping_status":"closed","template":"","meta":{"_joinchat":[]},"product_brand":[],"product_cat":[1802],"product_tag":[2103,2105,2110,2111,2112,2104,2108,2106,2107,2109],"class_list":{"0":"post-8733","1":"product","2":"type-product","3":"status-publish","4":"has-post-thumbnail","6":"product_cat-blotters","7":"product_tag-1b-lsd-100mcg","8":"product_tag-1b-lsd-100mcg-zum-verkauf","9":"product_tag-1b-lsd-chemikalien","10":"product_tag-1b-lsd-forschung","11":"product_tag-1b-lsd-fur-forschung","12":"product_tag-1b-lsd-kaufen","13":"product_tag-1b-lsd-kristalle","14":"product_tag-1b-lsd-online","15":"product_tag-1b-lsd-pulver","16":"product_tag-lsd-derivate","18":"first","19":"instock","20":"shipping-taxable","21":"purchasable","22":"product-type-variable"},"yoast_head":"<!-- This site is optimized with the Yoast SEO plugin v27.5 - https:\/\/yoast.com\/product\/yoast-seo-wordpress\/ -->\n<title>1B-LSD 100mcg online Kaufen \u2013 1B-LSD 100mcg zu verkaufen<\/title>\n<meta name=\"description\" content=\"Finden Sie erstklassiges 1B-LSD 100mcg zu verkaufen in unserem Online-Shop, der eine sichere Plattform bietet, um 1B-LSD 100mcg ganz einfach online zu kaufen und Ihren Forschungsanforderungen gerecht zu werden.\" \/>\n<meta name=\"robots\" content=\"index, follow, max-snippet:-1, max-image-preview:large, max-video-preview:-1\" \/>\n<link rel=\"canonical\" href=\"https:\/\/chemgramx.com\/fr\/produit\/1b-lsd-100mcg-commande-en-ligne\/\" \/>\n<meta property=\"og:locale\" content=\"fr_FR\" \/>\n<meta property=\"og:type\" content=\"article\" \/>\n<meta property=\"og:title\" content=\"1B-LSD 100mcg online Kaufen \u2013 1B-LSD 100mcg zu verkaufen\" \/>\n<meta property=\"og:description\" content=\"Finden Sie erstklassiges 1B-LSD 100mcg zu verkaufen in unserem Online-Shop, der eine sichere Plattform bietet, um 1B-LSD 100mcg ganz einfach online zu kaufen und Ihren Forschungsanforderungen gerecht zu werden.\" \/>\n<meta property=\"og:url\" content=\"https:\/\/chemgramx.com\/fr\/produit\/1b-lsd-100mcg-commande-en-ligne\/\" \/>\n<meta property=\"og:site_name\" content=\"Chemgramx\" \/>\n<meta property=\"article:modified_time\" content=\"2025-12-11T01:04:29+00:00\" \/>\n<meta property=\"og:image\" content=\"https:\/\/chemgramx.com\/wp-content\/uploads\/2025\/12\/1b-1.png\" \/>\n\t<meta property=\"og:image:width\" content=\"600\" \/>\n\t<meta property=\"og:image:height\" content=\"400\" \/>\n\t<meta property=\"og:image:type\" content=\"image\/png\" \/>\n<meta name=\"twitter:card\" content=\"summary_large_image\" \/>\n<meta name=\"twitter:label1\" content=\"Dur\u00e9e de lecture estim\u00e9e\" \/>\n\t<meta name=\"twitter:data1\" content=\"4 minutes\" \/>\n<script type=\"application\/ld+json\" class=\"yoast-schema-graph\">{\"@context\":\"https:\\\/\\\/schema.org\",\"@graph\":[{\"@type\":\"WebPage\",\"@id\":\"https:\\\/\\\/chemgramx.com\\\/product\\\/1b-lsd-100mcg-online-bestellung\\\/\",\"url\":\"https:\\\/\\\/chemgramx.com\\\/product\\\/1b-lsd-100mcg-online-bestellung\\\/\",\"name\":\"1B-LSD 100mcg online Kaufen \u2013 1B-LSD 100mcg zu verkaufen\",\"isPartOf\":{\"@id\":\"https:\\\/\\\/chemgramx.com\\\/#website\"},\"primaryImageOfPage\":{\"@id\":\"https:\\\/\\\/chemgramx.com\\\/product\\\/1b-lsd-100mcg-online-bestellung\\\/#primaryimage\"},\"image\":{\"@id\":\"https:\\\/\\\/chemgramx.com\\\/product\\\/1b-lsd-100mcg-online-bestellung\\\/#primaryimage\"},\"thumbnailUrl\":\"https:\\\/\\\/chemgramx.com\\\/wp-content\\\/uploads\\\/2025\\\/12\\\/1b-1.png\",\"datePublished\":\"2025-12-11T00:49:46+00:00\",\"dateModified\":\"2025-12-11T01:04:29+00:00\",\"description\":\"Finden Sie erstklassiges 1B-LSD 100mcg zu verkaufen in unserem Online-Shop, der eine sichere Plattform bietet, um 1B-LSD 100mcg ganz einfach online zu kaufen und Ihren Forschungsanforderungen gerecht zu werden.\",\"breadcrumb\":{\"@id\":\"https:\\\/\\\/chemgramx.com\\\/product\\\/1b-lsd-100mcg-online-bestellung\\\/#breadcrumb\"},\"inLanguage\":\"fr-FR\",\"potentialAction\":[{\"@type\":\"ReadAction\",\"target\":[\"https:\\\/\\\/chemgramx.com\\\/product\\\/1b-lsd-100mcg-online-bestellung\\\/\"]}]},{\"@type\":\"ImageObject\",\"inLanguage\":\"fr-FR\",\"@id\":\"https:\\\/\\\/chemgramx.com\\\/product\\\/1b-lsd-100mcg-online-bestellung\\\/#primaryimage\",\"url\":\"https:\\\/\\\/chemgramx.com\\\/wp-content\\\/uploads\\\/2025\\\/12\\\/1b-1.png\",\"contentUrl\":\"https:\\\/\\\/chemgramx.com\\\/wp-content\\\/uploads\\\/2025\\\/12\\\/1b-1.png\",\"width\":600,\"height\":400},{\"@type\":\"BreadcrumbList\",\"@id\":\"https:\\\/\\\/chemgramx.com\\\/product\\\/1b-lsd-100mcg-online-bestellung\\\/#breadcrumb\",\"itemListElement\":[{\"@type\":\"ListItem\",\"position\":1,\"name\":\"Home\",\"item\":\"https:\\\/\\\/chemgramx.com\\\/\"},{\"@type\":\"ListItem\",\"position\":2,\"name\":\"Shop\",\"item\":\"https:\\\/\\\/chemgramx.com\\\/shop\\\/\"},{\"@type\":\"ListItem\",\"position\":3,\"name\":\"1B-LSD 100mcg Online Bestellung\"}]},{\"@type\":\"WebSite\",\"@id\":\"https:\\\/\\\/chemgramx.com\\\/#website\",\"url\":\"https:\\\/\\\/chemgramx.com\\\/\",\"name\":\"Chemgramx\",\"description\":\"\",\"publisher\":{\"@id\":\"https:\\\/\\\/chemgramx.com\\\/#organization\"},\"potentialAction\":[{\"@type\":\"SearchAction\",\"target\":{\"@type\":\"EntryPoint\",\"urlTemplate\":\"https:\\\/\\\/chemgramx.com\\\/?s={search_term_string}\"},\"query-input\":{\"@type\":\"PropertyValueSpecification\",\"valueRequired\":true,\"valueName\":\"search_term_string\"}}],\"inLanguage\":\"fr-FR\"},{\"@type\":\"Organization\",\"@id\":\"https:\\\/\\\/chemgramx.com\\\/#organization\",\"name\":\"Chemgramx\",\"url\":\"https:\\\/\\\/chemgramx.com\\\/\",\"logo\":{\"@type\":\"ImageObject\",\"inLanguage\":\"fr-FR\",\"@id\":\"https:\\\/\\\/chemgramx.com\\\/#\\\/schema\\\/logo\\\/image\\\/\",\"url\":\"https:\\\/\\\/chemgramx.com\\\/wp-content\\\/uploads\\\/2024\\\/10\\\/final-logo.png\",\"contentUrl\":\"https:\\\/\\\/chemgramx.com\\\/wp-content\\\/uploads\\\/2024\\\/10\\\/final-logo.png\",\"width\":250,\"height\":48,\"caption\":\"Chemgramx\"},\"image\":{\"@id\":\"https:\\\/\\\/chemgramx.com\\\/#\\\/schema\\\/logo\\\/image\\\/\"}}]}<\/script>\n<!-- \/ Yoast SEO plugin. -->","yoast_head_json":{"title":"Acheter du 1B-LSD 100 mcg en ligne \u2013 1B-LSD 100 mcg \u00e0 vendre","description":"Trouvez du 1B-LSD 100mcg premium \u00e0 vendre dans notre boutique en ligne, qui fournit une plate-forme s\u00e9curis\u00e9e pour acheter facilement du 1B-LSD 100mcg en ligne et r\u00e9pondre \u00e0 vos besoins de recherche.","robots":{"index":"index","follow":"follow","max-snippet":"max-snippet:-1","max-image-preview":"max-image-preview:large","max-video-preview":"max-video-preview:-1"},"canonical":"https:\/\/chemgramx.com\/fr\/produit\/1b-lsd-100mcg-commande-en-ligne\/","og_locale":"fr_FR","og_type":"article","og_title":"1B-LSD 100mcg online Kaufen \u2013 1B-LSD 100mcg zu verkaufen","og_description":"Finden Sie erstklassiges 1B-LSD 100mcg zu verkaufen in unserem Online-Shop, der eine sichere Plattform bietet, um 1B-LSD 100mcg ganz einfach online zu kaufen und Ihren Forschungsanforderungen gerecht zu werden.","og_url":"https:\/\/chemgramx.com\/fr\/produit\/1b-lsd-100mcg-commande-en-ligne\/","og_site_name":"Chemgramx","article_modified_time":"2025-12-11T01:04:29+00:00","og_image":[{"width":600,"height":400,"url":"https:\/\/chemgramx.com\/wp-content\/uploads\/2025\/12\/1b-1.png","type":"image\/png"}],"twitter_card":"summary_large_image","twitter_misc":{"Dur\u00e9e de lecture estim\u00e9e":"4 minutes"},"schema":{"@context":"https:\/\/schema.org","@graph":[{"@type":"WebPage","@id":"https:\/\/chemgramx.com\/product\/1b-lsd-100mcg-online-bestellung\/","url":"https:\/\/chemgramx.com\/product\/1b-lsd-100mcg-online-bestellung\/","name":"Acheter du 1B-LSD 100 mcg en ligne \u2013 1B-LSD 100 mcg \u00e0 vendre","isPartOf":{"@id":"https:\/\/chemgramx.com\/#website"},"primaryImageOfPage":{"@id":"https:\/\/chemgramx.com\/product\/1b-lsd-100mcg-online-bestellung\/#primaryimage"},"image":{"@id":"https:\/\/chemgramx.com\/product\/1b-lsd-100mcg-online-bestellung\/#primaryimage"},"thumbnailUrl":"https:\/\/chemgramx.com\/wp-content\/uploads\/2025\/12\/1b-1.png","datePublished":"2025-12-11T00:49:46+00:00","dateModified":"2025-12-11T01:04:29+00:00","description":"Trouvez du 1B-LSD 100mcg premium \u00e0 vendre dans notre boutique en ligne, qui fournit une plate-forme s\u00e9curis\u00e9e pour acheter facilement du 1B-LSD 100mcg en ligne et r\u00e9pondre \u00e0 vos besoins de recherche.","breadcrumb":{"@id":"https:\/\/chemgramx.com\/product\/1b-lsd-100mcg-online-bestellung\/#breadcrumb"},"inLanguage":"fr-FR","potentialAction":[{"@type":"ReadAction","target":["https:\/\/chemgramx.com\/product\/1b-lsd-100mcg-online-bestellung\/"]}]},{"@type":"ImageObject","inLanguage":"fr-FR","@id":"https:\/\/chemgramx.com\/product\/1b-lsd-100mcg-online-bestellung\/#primaryimage","url":"https:\/\/chemgramx.com\/wp-content\/uploads\/2025\/12\/1b-1.png","contentUrl":"https:\/\/chemgramx.com\/wp-content\/uploads\/2025\/12\/1b-1.png","width":600,"height":400},{"@type":"BreadcrumbList","@id":"https:\/\/chemgramx.com\/product\/1b-lsd-100mcg-online-bestellung\/#breadcrumb","itemListElement":[{"@type":"ListItem","position":1,"name":"Home","item":"https:\/\/chemgramx.com\/"},{"@type":"ListItem","position":2,"name":"Shop","item":"https:\/\/chemgramx.com\/shop\/"},{"@type":"ListItem","position":3,"name":"1B-LSD 100mcg Online Bestellung"}]},{"@type":"WebSite","@id":"https:\/\/chemgramx.com\/#website","url":"https:\/\/chemgramx.com\/","name":"Chemgramx","description":"","publisher":{"@id":"https:\/\/chemgramx.com\/#organization"},"potentialAction":[{"@type":"SearchAction","target":{"@type":"EntryPoint","urlTemplate":"https:\/\/chemgramx.com\/?s={search_term_string}"},"query-input":{"@type":"PropertyValueSpecification","valueRequired":true,"valueName":"search_term_string"}}],"inLanguage":"fr-FR"},{"@type":"Organization","@id":"https:\/\/chemgramx.com\/#organization","name":"Chemgramx","url":"https:\/\/chemgramx.com\/","logo":{"@type":"ImageObject","inLanguage":"fr-FR","@id":"https:\/\/chemgramx.com\/#\/schema\/logo\/image\/","url":"https:\/\/chemgramx.com\/wp-content\/uploads\/2024\/10\/final-logo.png","contentUrl":"https:\/\/chemgramx.com\/wp-content\/uploads\/2024\/10\/final-logo.png","width":250,"height":48,"caption":"Chemgramx"},"image":{"@id":"https:\/\/chemgramx.com\/#\/schema\/logo\/image\/"}}]}},"_links":{"self":[{"href":"https:\/\/chemgramx.com\/fr\/wp-json\/wp\/v2\/product\/8733","targetHints":{"allow":["GET"]}}],"collection":[{"href":"https:\/\/chemgramx.com\/fr\/wp-json\/wp\/v2\/product"}],"about":[{"href":"https:\/\/chemgramx.com\/fr\/wp-json\/wp\/v2\/types\/product"}],"replies":[{"embeddable":true,"href":"https:\/\/chemgramx.com\/fr\/wp-json\/wp\/v2\/comments?post=8733"}],"wp:featuredmedia":[{"embeddable":true,"href":"https:\/\/chemgramx.com\/fr\/wp-json\/wp\/v2\/media\/8755"}],"wp:attachment":[{"href":"https:\/\/chemgramx.com\/fr\/wp-json\/wp\/v2\/media?parent=8733"}],"wp:term":[{"taxonomy":"product_brand","embeddable":true,"href":"https:\/\/chemgramx.com\/fr\/wp-json\/wp\/v2\/product_brand?post=8733"},{"taxonomy":"product_cat","embeddable":true,"href":"https:\/\/chemgramx.com\/fr\/wp-json\/wp\/v2\/product_cat?post=8733"},{"taxonomy":"product_tag","embeddable":true,"href":"https:\/\/chemgramx.com\/fr\/wp-json\/wp\/v2\/product_tag?post=8733"}],"curies":[{"name":"wp","href":"https:\/\/api.w.org\/{rel}","templated":true}]}}