{"id":881,"date":"2024-10-31T13:43:18","date_gmt":"2024-10-31T13:43:18","guid":{"rendered":"https:\/\/chemgramx.com\/?post_type=product&#038;p=881"},"modified":"2025-10-15T08:52:23","modified_gmt":"2025-10-15T08:52:23","slug":"4f-adb","status":"publish","type":"product","link":"https:\/\/chemgramx.com\/fr\/produit\/4f-adb\/","title":{"rendered":"Acheter 4F-ADB en ligne"},"content":{"rendered":"<h2 data-start=\"243\" data-end=\"267\">Acheter 4F-ADB en ligne<\/h2>\n<h2 data-start=\"269\" data-end=\"284\">Introduction<\/h2>\n<p data-start=\"286\" data-end=\"646\">Le 4F-ADB (\u00e9galement connu sous le nom de 4F-MDMB-BINACA) est un cannabino\u00efde synth\u00e9tique tr\u00e8s puissant, de plus en plus utilis\u00e9 en recherche m\u00e9dico-l\u00e9gale et pharmacologique. En raison de ses puissants effets sur les r\u00e9cepteurs CB1 et CB2, il suscite un int\u00e9r\u00eat scientifique, notamment dans les domaines de la recherche sur les r\u00e9cepteurs, de l'analyse des m\u00e9dicaments et de la toxicologie.<\/p>\n<p data-start=\"648\" data-end=\"964\">De plus en plus d\u2019institutions de recherche choisissent <a href=\"https:\/\/chemgramx.com\/fr\/produit\/4f-adb\/\">Achetez 4F-ADB en ligne,<\/a> da dies die einfachste und sicherste M\u00f6glichkeit darstellt, ein zertifiziertes Produkt zu erwerben. Wer 4F-ADB zu verkaufen sucht oder sich fragt, wo kann man 4F-ADB kaufen, findet bei spezialisierten H\u00e4ndlern gepr\u00fcfte Angebote.<\/p>\n<h3 data-start=\"971\" data-end=\"991\">Qu'est-ce que 4F-ADB ?<\/h3>\n<p data-start=\"993\" data-end=\"1288\"><a href=\"https:\/\/en.wikipedia.org\/wiki\/4F-MDMB-BINACA\">4F-ADB<\/a> C'est un cannabino\u00efde synth\u00e9tique du groupe des indazole-3-carboxamides. Il imite les effets du THC, mais est nettement plus puissant et efficace \u00e0 tr\u00e8s faible dose. Depuis son identification en 2016, il a fait l'objet de recherches toxicologiques et pharmacologiques approfondies.<\/p>\n<ul data-start=\"1290\" data-end=\"1516\">\n<li data-start=\"1290\" data-end=\"1397\">\n<p data-start=\"1292\" data-end=\"1397\">Nom chimique : M\u00e9thyl (2S)-2-{[1-(4-fluorobutyl)-1H-indazol-3-carbonyl]amino}-3,3-dim\u00e9thylbutanoate<\/p>\n<\/li>\n<li data-start=\"1398\" data-end=\"1447\">\n<p data-start=\"1400\" data-end=\"1447\">Classification : Cannabino\u00efde synth\u00e9tique<\/p>\n<\/li>\n<li data-start=\"1448\" data-end=\"1516\">\n<p data-start=\"1450\" data-end=\"1516\">Verwendung: Ausschlie\u00dflich f\u00fcr Forschungs- und Analysezwecke<\/p>\n<\/li>\n<\/ul>\n<p data-start=\"1518\" data-end=\"1758\">Forschungseinrichtungen, die 4F-ADB online kaufen m\u00f6chten, achten in der Regel auf die Reinheit und wissenschaftliche Dokumentation. Der 4F-ADB Preis kann je nach Anbieter variieren, doch Qualit\u00e4t und Laborberichte sind entscheidend.<\/p>\n<h3 data-start=\"1765\" data-end=\"1810\">Profil chimique et effets connus<\/h3>\n<ul data-start=\"1812\" data-end=\"2012\">\n<li data-start=\"1812\" data-end=\"1845\">\n<p data-start=\"1814\" data-end=\"1845\">Formule d'\u00e9t\u00e9\u00a0: C\u2082\u2081H\u2082\u2089FN\u2082O\u2083<\/p>\n<\/li>\n<li data-start=\"1846\" data-end=\"1881\">\n<p data-start=\"1848\" data-end=\"1881\">Masse molaire : ~376,47 g\/mol<\/p>\n<\/li>\n<li data-start=\"1882\" data-end=\"1940\">\n<p data-start=\"1884\" data-end=\"1940\">Erscheinungsbild: Pulver oder kristalline Substanz<\/p>\n<\/li>\n<li data-start=\"1941\" data-end=\"2012\">\n<p data-start=\"1943\" data-end=\"2012\">Puissance : Tr\u00e8s \u00e9lev\u00e9e ; m\u00eame les plus petites quantit\u00e9s produisent des effets puissants<\/p>\n<\/li>\n<\/ul>\n<h3 data-start=\"2335\" data-end=\"2369\">Statut juridique du 4F-ADB<\/h3>\n<p data-start=\"2371\" data-end=\"2452\">Der rechtliche Status von 4F-ADB for sale ist je nach Land unterschiedlich:<\/p>\n<ul data-start=\"2454\" data-end=\"2666\">\n<li data-start=\"2454\" data-end=\"2505\">\n<p data-start=\"2456\" data-end=\"2505\">Allemagne : r\u00e9glement\u00e9 par la NpSG ou la BtMG<\/p>\n<\/li>\n<li data-start=\"2506\" data-end=\"2566\">\n<p data-start=\"2508\" data-end=\"2566\">UE : Interdit ou strictement r\u00e9glement\u00e9 dans de nombreux pays<\/p>\n<\/li>\n<li data-start=\"2567\" data-end=\"2623\">\n<p data-start=\"2569\" data-end=\"2623\">\u00c9tats-Unis : Souvent class\u00e9e comme substance de l'annexe I<\/p>\n<\/li>\n<li data-start=\"2624\" data-end=\"2666\">\n<p data-start=\"2626\" data-end=\"2666\">Royaume-Uni : Interdit en tant que substance de classe B<\/p>\n<\/li>\n<\/ul>\n<p data-start=\"2668\" data-end=\"2797\">Wer 4F-ADB kaufen m\u00f6chte, muss sich bewusst sein, dass dies nur registrierten Laboren und Forschungseinrichtungen erlaubt ist.<\/p>\n<h3 data-start=\"2804\" data-end=\"2857\">Acheter 4F-ADB en ligne \u2013 Points \u00e0 surveiller<\/h3>\n<p data-start=\"2859\" data-end=\"2919\">Wenn Sie 4F-ADB online kaufen, w\u00e4hlen Sie ausschlie\u00dflich:<\/p>\n<ul data-start=\"2921\" data-end=\"3080\">\n<li data-start=\"2921\" data-end=\"2977\">\n<p data-start=\"2923\" data-end=\"2977\">Distributeurs sp\u00e9cialis\u00e9s en produits chimiques de recherche<\/p>\n<\/li>\n<li data-start=\"2978\" data-end=\"3080\">\n<p data-start=\"2980\" data-end=\"3080\">Fournisseurs avec COA (Certificat d'analyse), MSDS (Fiche de donn\u00e9es de s\u00e9curit\u00e9) et documentation transparente<\/p>\n<\/li>\n<\/ul>\n<p data-start=\"3082\" data-end=\"3242\">Der bester Ort, um 4F-ADB online zu kaufen sind Shops, die gepr\u00fcfte Produkte anbieten, rechtliche Rahmenbedingungen einhalten und sicheren Versand gew\u00e4hrleisten.<\/p>\n<p data-start=\"3244\" data-end=\"3335\">Un prix bas pour le 4F-ADB ne devrait jamais \u00eatre plus important que la puret\u00e9 et la fiabilit\u00e9.<\/p>\n<h3 data-start=\"3342\" data-end=\"3352\">Conclusion<\/h3>\n<p data-start=\"3354\" data-end=\"3541\">4F-ADB ist ein hochwirksames synthetisches Cannabinoid, das in der Forschung wichtige Erkenntnisse liefert. Wenn Sie buy 4F-ADB online oder Bestellung 4F-ADB m\u00f6chten, achten Sie auf:<\/p>\n<ul data-start=\"3543\" data-end=\"3681\">\n<li data-start=\"3543\" data-end=\"3571\">\n<p data-start=\"3545\" data-end=\"3571\">dispositions l\u00e9gales,<\/p>\n<\/li>\n<li data-start=\"3572\" data-end=\"3619\">\n<p data-start=\"3574\" data-end=\"3619\">einen seri\u00f6sen und zertifizierten Anbieter,<\/p>\n<\/li>\n<li data-start=\"3620\" data-end=\"3681\">\n<p data-start=\"3622\" data-end=\"3681\">et l\u2019\u00e9tiquette claire \u00ab \u00c0 des fins de recherche uniquement \u00bb.<\/p>\n<\/li>\n<\/ul>\n<p data-start=\"3683\" data-end=\"4023\">Ob Sie sich fragen, wo kann man 4F-ADB kaufen, den besten Anbieter suchen oder nach einem g\u00fcnstigen 4F-ADB Preis schauen \u2013 Qualit\u00e4t und Rechtssicherheit haben oberste Priorit\u00e4t. Die sicherste Option ist, bei vertrauensw\u00fcrdigen Fachh\u00e4ndlern zu bestellen, die ausdr\u00fccklich mit 4F-ADB online kaufen von einer zuverl\u00e4ssigen Forschungsquelle werben.<\/p>","protected":false},"excerpt":{"rendered":"<p>Le 4F-ADB est un cannabino\u00efde synth\u00e9tique qui imite les effets du THC et que l'on retrouve souvent dans les produits commercialis\u00e9s comme \"hauteurs l\u00e9gales\". Il est associ\u00e9 \u00e0 divers risques pour la sant\u00e9, notamment l'anxi\u00e9t\u00e9, la parano\u00efa et d'autres effets psychologiques graves. Son statut juridique varie selon les r\u00e9gions, de nombreuses juridictions r\u00e9glementant ou interdisant sa vente.<\/p>\n<h3>4F-ADB Aper\u00e7u<\/h3>\n<ul>\n<li><strong>Formule chimique<\/strong>C15H14F2N2O : C15H14F2N2O<\/li>\n<li><strong>Classe<\/strong>: Cannabino\u00efde synth\u00e9tique<\/li>\n<\/ul>","protected":false},"featured_media":883,"comment_status":"open","ping_status":"closed","template":"","meta":{"_joinchat":[]},"product_brand":[],"product_cat":[47],"product_tag":[2652,2654,2646,2653,2651,2647,2648,2650,2649,2015],"class_list":{"0":"post-881","1":"product","2":"type-product","3":"status-publish","4":"has-post-thumbnail","6":"product_cat-cannabinoids","7":"product_tag-4f-adb-chemikalien","8":"product_tag-4f-adb-drogen","9":"product_tag-4f-adb-kaufen","10":"product_tag-4f-adb-kaufen-deutschland","11":"product_tag-4f-adb-kaufen-online","12":"product_tag-4f-adb-kristalle","13":"product_tag-4f-adb-online-kaufen","14":"product_tag-4f-adb-preis","15":"product_tag-4f-adb-prodej","16":"product_tag-synthetische-drogen","18":"first","19":"instock","20":"shipping-taxable","21":"purchasable","22":"product-type-variable"},"yoast_head":"<!-- This site is optimized with the Yoast SEO plugin v26.1.1 - https:\/\/yoast.com\/wordpress\/plugins\/seo\/ -->\n<title>4F-ADB online kaufen \u2013 4F-ADB zu verkaufen | chemgramx<\/title>\n<meta name=\"description\" content=\"Hier ist die Chance, 4f-adb zu g\u00fcnstigen Preisen zu ergattern. Unser Chemgramx-Onlineshop verkauft 4f-adb weltweit. Bestellen Sie bald Etonitazepin-Pulver online. Geben Sie jetzt Ihren Bedarf an!\" \/>\n<meta name=\"robots\" content=\"index, follow, max-snippet:-1, max-image-preview:large, max-video-preview:-1\" \/>\n<link rel=\"canonical\" href=\"https:\/\/chemgramx.com\/fr\/produit\/4f-adb\/\" \/>\n<meta property=\"og:locale\" content=\"fr_FR\" \/>\n<meta property=\"og:type\" content=\"article\" \/>\n<meta property=\"og:title\" content=\"4F-ADB online kaufen \u2013 4F-ADB zu verkaufen | chemgramx\" \/>\n<meta property=\"og:description\" content=\"Hier ist die Chance, 4f-adb zu g\u00fcnstigen Preisen zu ergattern. Unser Chemgramx-Onlineshop verkauft 4f-adb weltweit. Bestellen Sie bald Etonitazepin-Pulver online. Geben Sie jetzt Ihren Bedarf an!\" \/>\n<meta property=\"og:url\" content=\"https:\/\/chemgramx.com\/fr\/produit\/4f-adb\/\" \/>\n<meta property=\"og:site_name\" content=\"Chemgramx\" \/>\n<meta property=\"article:modified_time\" content=\"2025-10-15T08:52:23+00:00\" \/>\n<meta property=\"og:image\" content=\"https:\/\/chemgramx.com\/wp-content\/uploads\/2024\/10\/Buy-4F-ADB.jpeg\" \/>\n\t<meta property=\"og:image:width\" content=\"300\" \/>\n\t<meta property=\"og:image:height\" content=\"300\" \/>\n\t<meta property=\"og:image:type\" content=\"image\/jpeg\" \/>\n<meta name=\"twitter:card\" content=\"summary_large_image\" \/>\n<meta name=\"twitter:label1\" content=\"Dur\u00e9e de lecture estim\u00e9e\" \/>\n\t<meta name=\"twitter:data1\" content=\"2 minutes\" \/>\n<script type=\"application\/ld+json\" class=\"yoast-schema-graph\">{\"@context\":\"https:\/\/schema.org\",\"@graph\":[{\"@type\":\"WebPage\",\"@id\":\"https:\/\/chemgramx.com\/product\/4f-adb\/\",\"url\":\"https:\/\/chemgramx.com\/product\/4f-adb\/\",\"name\":\"4F-ADB online kaufen \u2013 4F-ADB zu verkaufen | chemgramx\",\"isPartOf\":{\"@id\":\"https:\/\/chemgramx.com\/#website\"},\"primaryImageOfPage\":{\"@id\":\"https:\/\/chemgramx.com\/product\/4f-adb\/#primaryimage\"},\"image\":{\"@id\":\"https:\/\/chemgramx.com\/product\/4f-adb\/#primaryimage\"},\"thumbnailUrl\":\"https:\/\/chemgramx.com\/wp-content\/uploads\/2024\/10\/Buy-4F-ADB.jpeg\",\"datePublished\":\"2024-10-31T13:43:18+00:00\",\"dateModified\":\"2025-10-15T08:52:23+00:00\",\"description\":\"Hier ist die Chance, 4f-adb zu g\u00fcnstigen Preisen zu ergattern. Unser Chemgramx-Onlineshop verkauft 4f-adb weltweit. Bestellen Sie bald Etonitazepin-Pulver online. Geben Sie jetzt Ihren Bedarf an!\",\"breadcrumb\":{\"@id\":\"https:\/\/chemgramx.com\/product\/4f-adb\/#breadcrumb\"},\"inLanguage\":\"fr-FR\",\"potentialAction\":[{\"@type\":\"ReadAction\",\"target\":[\"https:\/\/chemgramx.com\/product\/4f-adb\/\"]}]},{\"@type\":\"ImageObject\",\"inLanguage\":\"fr-FR\",\"@id\":\"https:\/\/chemgramx.com\/product\/4f-adb\/#primaryimage\",\"url\":\"https:\/\/chemgramx.com\/wp-content\/uploads\/2024\/10\/Buy-4F-ADB.jpeg\",\"contentUrl\":\"https:\/\/chemgramx.com\/wp-content\/uploads\/2024\/10\/Buy-4F-ADB.jpeg\",\"width\":300,\"height\":300,\"caption\":\"4F-ADB online kaufen\"},{\"@type\":\"BreadcrumbList\",\"@id\":\"https:\/\/chemgramx.com\/product\/4f-adb\/#breadcrumb\",\"itemListElement\":[{\"@type\":\"ListItem\",\"position\":1,\"name\":\"Home\",\"item\":\"https:\/\/chemgramx.com\/\"},{\"@type\":\"ListItem\",\"position\":2,\"name\":\"Shop\",\"item\":\"https:\/\/chemgramx.com\/shop\/\"},{\"@type\":\"ListItem\",\"position\":3,\"name\":\"4F-ADB online kaufen\"}]},{\"@type\":\"WebSite\",\"@id\":\"https:\/\/chemgramx.com\/#website\",\"url\":\"https:\/\/chemgramx.com\/\",\"name\":\"Chemgramx\",\"description\":\"\",\"publisher\":{\"@id\":\"https:\/\/chemgramx.com\/#organization\"},\"potentialAction\":[{\"@type\":\"SearchAction\",\"target\":{\"@type\":\"EntryPoint\",\"urlTemplate\":\"https:\/\/chemgramx.com\/?s={search_term_string}\"},\"query-input\":{\"@type\":\"PropertyValueSpecification\",\"valueRequired\":true,\"valueName\":\"search_term_string\"}}],\"inLanguage\":\"fr-FR\"},{\"@type\":\"Organization\",\"@id\":\"https:\/\/chemgramx.com\/#organization\",\"name\":\"Chemgramx\",\"url\":\"https:\/\/chemgramx.com\/\",\"logo\":{\"@type\":\"ImageObject\",\"inLanguage\":\"fr-FR\",\"@id\":\"https:\/\/chemgramx.com\/#\/schema\/logo\/image\/\",\"url\":\"https:\/\/chemgramx.com\/wp-content\/uploads\/2024\/10\/final-logo.png\",\"contentUrl\":\"https:\/\/chemgramx.com\/wp-content\/uploads\/2024\/10\/final-logo.png\",\"width\":250,\"height\":48,\"caption\":\"Chemgramx\"},\"image\":{\"@id\":\"https:\/\/chemgramx.com\/#\/schema\/logo\/image\/\"}}]}<\/script>\n<!-- \/ Yoast SEO plugin. -->","yoast_head_json":{"title":"4F-ADB online kaufen \u2013 4F-ADB zu verkaufen | chemgramx","description":"Hier ist die Chance, 4f-adb zu g\u00fcnstigen Preisen zu ergattern. Unser Chemgramx-Onlineshop verkauft 4f-adb weltweit. Bestellen Sie bald Etonitazepin-Pulver online. Geben Sie jetzt Ihren Bedarf an!","robots":{"index":"index","follow":"follow","max-snippet":"max-snippet:-1","max-image-preview":"max-image-preview:large","max-video-preview":"max-video-preview:-1"},"canonical":"https:\/\/chemgramx.com\/fr\/produit\/4f-adb\/","og_locale":"fr_FR","og_type":"article","og_title":"4F-ADB online kaufen \u2013 4F-ADB zu verkaufen | chemgramx","og_description":"Hier ist die Chance, 4f-adb zu g\u00fcnstigen Preisen zu ergattern. Unser Chemgramx-Onlineshop verkauft 4f-adb weltweit. Bestellen Sie bald Etonitazepin-Pulver online. Geben Sie jetzt Ihren Bedarf an!","og_url":"https:\/\/chemgramx.com\/fr\/produit\/4f-adb\/","og_site_name":"Chemgramx","article_modified_time":"2025-10-15T08:52:23+00:00","og_image":[{"width":300,"height":300,"url":"https:\/\/chemgramx.com\/wp-content\/uploads\/2024\/10\/Buy-4F-ADB.jpeg","type":"image\/jpeg"}],"twitter_card":"summary_large_image","twitter_misc":{"Dur\u00e9e de lecture estim\u00e9e":"2 minutes"},"schema":{"@context":"https:\/\/schema.org","@graph":[{"@type":"WebPage","@id":"https:\/\/chemgramx.com\/product\/4f-adb\/","url":"https:\/\/chemgramx.com\/product\/4f-adb\/","name":"4F-ADB online kaufen \u2013 4F-ADB zu verkaufen | chemgramx","isPartOf":{"@id":"https:\/\/chemgramx.com\/#website"},"primaryImageOfPage":{"@id":"https:\/\/chemgramx.com\/product\/4f-adb\/#primaryimage"},"image":{"@id":"https:\/\/chemgramx.com\/product\/4f-adb\/#primaryimage"},"thumbnailUrl":"https:\/\/chemgramx.com\/wp-content\/uploads\/2024\/10\/Buy-4F-ADB.jpeg","datePublished":"2024-10-31T13:43:18+00:00","dateModified":"2025-10-15T08:52:23+00:00","description":"Hier ist die Chance, 4f-adb zu g\u00fcnstigen Preisen zu ergattern. Unser Chemgramx-Onlineshop verkauft 4f-adb weltweit. Bestellen Sie bald Etonitazepin-Pulver online. Geben Sie jetzt Ihren Bedarf an!","breadcrumb":{"@id":"https:\/\/chemgramx.com\/product\/4f-adb\/#breadcrumb"},"inLanguage":"fr-FR","potentialAction":[{"@type":"ReadAction","target":["https:\/\/chemgramx.com\/product\/4f-adb\/"]}]},{"@type":"ImageObject","inLanguage":"fr-FR","@id":"https:\/\/chemgramx.com\/product\/4f-adb\/#primaryimage","url":"https:\/\/chemgramx.com\/wp-content\/uploads\/2024\/10\/Buy-4F-ADB.jpeg","contentUrl":"https:\/\/chemgramx.com\/wp-content\/uploads\/2024\/10\/Buy-4F-ADB.jpeg","width":300,"height":300,"caption":"4F-ADB online kaufen"},{"@type":"BreadcrumbList","@id":"https:\/\/chemgramx.com\/product\/4f-adb\/#breadcrumb","itemListElement":[{"@type":"ListItem","position":1,"name":"Home","item":"https:\/\/chemgramx.com\/"},{"@type":"ListItem","position":2,"name":"Shop","item":"https:\/\/chemgramx.com\/shop\/"},{"@type":"ListItem","position":3,"name":"4F-ADB online kaufen"}]},{"@type":"WebSite","@id":"https:\/\/chemgramx.com\/#website","url":"https:\/\/chemgramx.com\/","name":"Chemgramx","description":"","publisher":{"@id":"https:\/\/chemgramx.com\/#organization"},"potentialAction":[{"@type":"SearchAction","target":{"@type":"EntryPoint","urlTemplate":"https:\/\/chemgramx.com\/?s={search_term_string}"},"query-input":{"@type":"PropertyValueSpecification","valueRequired":true,"valueName":"search_term_string"}}],"inLanguage":"fr-FR"},{"@type":"Organization","@id":"https:\/\/chemgramx.com\/#organization","name":"Chemgramx","url":"https:\/\/chemgramx.com\/","logo":{"@type":"ImageObject","inLanguage":"fr-FR","@id":"https:\/\/chemgramx.com\/#\/schema\/logo\/image\/","url":"https:\/\/chemgramx.com\/wp-content\/uploads\/2024\/10\/final-logo.png","contentUrl":"https:\/\/chemgramx.com\/wp-content\/uploads\/2024\/10\/final-logo.png","width":250,"height":48,"caption":"Chemgramx"},"image":{"@id":"https:\/\/chemgramx.com\/#\/schema\/logo\/image\/"}}]}},"_links":{"self":[{"href":"https:\/\/chemgramx.com\/fr\/wp-json\/wp\/v2\/product\/881","targetHints":{"allow":["GET"]}}],"collection":[{"href":"https:\/\/chemgramx.com\/fr\/wp-json\/wp\/v2\/product"}],"about":[{"href":"https:\/\/chemgramx.com\/fr\/wp-json\/wp\/v2\/types\/product"}],"replies":[{"embeddable":true,"href":"https:\/\/chemgramx.com\/fr\/wp-json\/wp\/v2\/comments?post=881"}],"wp:featuredmedia":[{"embeddable":true,"href":"https:\/\/chemgramx.com\/fr\/wp-json\/wp\/v2\/media\/883"}],"wp:attachment":[{"href":"https:\/\/chemgramx.com\/fr\/wp-json\/wp\/v2\/media?parent=881"}],"wp:term":[{"taxonomy":"product_brand","embeddable":true,"href":"https:\/\/chemgramx.com\/fr\/wp-json\/wp\/v2\/product_brand?post=881"},{"taxonomy":"product_cat","embeddable":true,"href":"https:\/\/chemgramx.com\/fr\/wp-json\/wp\/v2\/product_cat?post=881"},{"taxonomy":"product_tag","embeddable":true,"href":"https:\/\/chemgramx.com\/fr\/wp-json\/wp\/v2\/product_tag?post=881"}],"curies":[{"name":"wp","href":"https:\/\/api.w.org\/{rel}","templated":true}]}}