{"id":884,"date":"2024-10-31T14:02:05","date_gmt":"2024-10-31T14:02:05","guid":{"rendered":"https:\/\/chemgramx.com\/?post_type=product&#038;p=884"},"modified":"2025-10-18T06:45:33","modified_gmt":"2025-10-18T06:45:33","slug":"thc-o","status":"publish","type":"product","link":"https:\/\/chemgramx.com\/fr\/produit\/thc-o\/","title":{"rendered":"Acheter THC-O en ligne"},"content":{"rendered":"<h2 data-start=\"230\" data-end=\"253\">Acheter THC-O en ligne<\/h2>\n<p data-start=\"254\" data-end=\"276\"><strong data-start=\"254\" data-end=\"274\">Introduction au THC-O<\/strong><\/p>\n<p data-start=\"278\" data-end=\"936\">THC-O, auch bekannt als THC-O-Acetat, ist ein synthetisches Cannabinoid, das aufgrund seiner starken psychoaktiven Eigenschaften in den letzten Jahren immer mehr Aufmerksamkeit auf sich zieht. Dieses Cannabinoid hat eine h\u00f6here Potenz als herk\u00f6mmliches THC, was es zu einer beliebten Wahl f\u00fcr erfahrene Nutzer macht, die nach intensiveren Effekten suchen. Viele Menschen suchen heutzutage danach, THC-O online zu kaufen, da sie auf der Suche nach einer effektiven und schnellen M\u00f6glichkeit sind, dieses Produkt zu erwerben. Wer THC-O zu verkaufen sucht, wird feststellen, dass es zahlreiche Optionen gibt, <a href=\"https:\/\/chemgramx.com\/fr\/produit\/thc-o\/\">Acheter THC-O en ligne<\/a> ou commandez directement.<\/p>\n<h3 data-start=\"943\" data-end=\"962\">\u00bfQu\u00e9 es el THC-O?<\/h3>\n<p data-start=\"964\" data-end=\"1385\"><a href=\"https:\/\/en.wikipedia.org\/wiki\/THC-O-acetate\">THC-O<\/a> oder THC-O-Acetat ist ein synthetisches Cannabinoid, das durch die Acetylierung von THC gewonnen wird. Diese chemische Ver\u00e4nderung f\u00fchrt zu einer st\u00e4rkeren Bindung an die CB1- und CB2-Rezeptoren des Endocannabinoid-Systems und erzeugt dadurch eine intensivere psychoaktive Wirkung. THC-O online kaufen gilt als eine der besten M\u00f6glichkeiten, ein hochwertiges Produkt von vertrauensw\u00fcrdigen Anbietern zu beziehen.<\/p>\n<h3 data-start=\"1392\" data-end=\"1437\">Pourquoi les gens recherchent-ils du THC-O en ligne\u00a0?<\/h3>\n<p data-start=\"1439\" data-end=\"1504\">Il existe plusieurs raisons pour lesquelles les gens ach\u00e8tent du THC-O en ligne :<\/p>\n<ul data-start=\"1506\" data-end=\"2029\">\n<li data-start=\"1506\" data-end=\"1605\">\n<p data-start=\"1508\" data-end=\"1605\">Effet plus fort : le THC-O offre une exp\u00e9rience potentiellement plus intense que le THC ordinaire.<\/p>\n<\/li>\n<li data-start=\"1606\" data-end=\"1697\">\n<p data-start=\"1608\" data-end=\"1697\">Commodit\u00e9 : Toute personne souhaitant commander du THC-O peut le faire facilement depuis chez elle.<\/p>\n<\/li>\n<li data-start=\"1698\" data-end=\"1844\">\n<p data-start=\"1700\" data-end=\"1844\">Disponibilit\u00e9 : Dans de nombreuses r\u00e9gions, il est difficile de trouver du THC-O localement, c'est pourquoi de nombreuses personnes recherchent le meilleur endroit pour acheter du THC-O en ligne.<\/p>\n<\/li>\n<li data-start=\"1845\" data-end=\"1920\">\n<p data-start=\"1847\" data-end=\"1920\">Discr\u00e9tion : Acheter du THC-O en ligne garantit une livraison discr\u00e8te.<\/p>\n<\/li>\n<li data-start=\"1921\" data-end=\"2029\">\n<p data-start=\"1923\" data-end=\"2029\">Avantages prix : De nombreux magasins proposent des prix THC-O comp\u00e9titifs, ce qui rend l'achat plus attractif.<\/p>\n<\/li>\n<\/ul>\n<h3 data-start=\"2036\" data-end=\"2071\">Effets et bienfaits du THC-O<\/h3>\n<p data-start=\"2073\" data-end=\"2162\">Les effets du THC-O sont plus intenses que ceux du THC classique. Parmi les effets courants, on peut citer\u00a0:<\/p>\n<ul data-start=\"2164\" data-end=\"2355\">\n<li data-start=\"2164\" data-end=\"2205\">\n<p data-start=\"2166\" data-end=\"2205\">Euphorie intense et fort \u00ab high \u00bb<\/p>\n<\/li>\n<li data-start=\"2206\" data-end=\"2250\">\n<p data-start=\"2208\" data-end=\"2250\">Perception alt\u00e9r\u00e9e du temps et de l'espace<\/p>\n<\/li>\n<li data-start=\"2251\" data-end=\"2282\">\n<p data-start=\"2253\" data-end=\"2282\">Kreative und tiefe Gedanken<\/p>\n<\/li>\n<li data-start=\"2283\" data-end=\"2326\">\n<p data-start=\"2285\" data-end=\"2326\">D\u00e9tente physique et r\u00e9duction du stress<\/p>\n<\/li>\n<li data-start=\"2327\" data-end=\"2355\">\n<p data-start=\"2329\" data-end=\"2355\">Sociabilit\u00e9 am\u00e9lior\u00e9e<\/p>\n<\/li>\n<\/ul>\n<p data-start=\"2357\" data-end=\"2478\">Toute personne envisageant d\u2019acheter du THC-O doit \u00eatre consciente des effets secondaires potentiels tels que l\u2019anxi\u00e9t\u00e9 ou les \u00e9tourdissements.<\/p>\n<h3 data-start=\"2814\" data-end=\"2858\">Dur\u00e9e des effets et pr\u00e9cautions de r\u00e9administration<\/h3>\n<p data-start=\"2860\" data-end=\"3044\">Les effets apparaissent apr\u00e8s 30 \u00e0 60 minutes et durent de 4 \u00e0 6 heures. Lors de la commande de THC-O, veuillez noter qu'une prise trop rapide peut entra\u00eener des effets ind\u00e9sirables.<\/p>\n<h3 data-start=\"3051\" data-end=\"3082\">Pourquoi acheter du THC-O en ligne ?<\/h3>\n<ul data-start=\"3084\" data-end=\"3396\">\n<li data-start=\"3084\" data-end=\"3169\">\n<p data-start=\"3086\" data-end=\"3169\">Commodit\u00e9 \u2013 Vous pouvez commander du THC-O en ligne directement \u00e0 votre domicile.<\/p>\n<\/li>\n<li data-start=\"3170\" data-end=\"3257\">\n<p data-start=\"3172\" data-end=\"3257\">Vari\u00e9t\u00e9 \u2013 De nombreux magasins proposent diff\u00e9rentes formes (poudre, capsules, huile).<\/p>\n<\/li>\n<li data-start=\"3258\" data-end=\"3341\">\n<p data-start=\"3260\" data-end=\"3341\">Vari\u00e9t\u00e9 \u2013 De nombreux magasins proposent diff\u00e9rentes formes (poudre, capsules, huile).<\/p>\n<\/li>\n<li data-start=\"3342\" data-end=\"3396\">\n<p data-start=\"3344\" data-end=\"3396\">Confidentialit\u00e9 \u2013 Personne ne sera au courant de votre achat.<\/p>\n<\/li>\n<\/ul>\n<h3 data-start=\"3403\" data-end=\"3448\">Est-il l\u00e9gal de commander du THC-O en ligne ?<\/h3>\n<p data-start=\"3450\" data-end=\"3576\">Die Legalit\u00e4t variiert weltweit. Bevor Sie wo kann man THC-O kaufen entscheiden, sollten Sie die Gesetze in Ihrem Land pr\u00fcfen.<\/p>\n<h3 data-start=\"3583\" data-end=\"3625\">Beste plekken om THC-O online te kopen<\/h3>\n<ul data-start=\"3627\" data-end=\"3872\">\n<li data-start=\"3627\" data-end=\"3705\">\n<p data-start=\"3629\" data-end=\"3705\">Magasins de confiance : Choisissez des fournisseurs avec des informations claires.<\/p>\n<\/li>\n<li data-start=\"3706\" data-end=\"3810\">\n<p data-start=\"3708\" data-end=\"3810\">Kundenbewertungen: Lesen Sie, wo andere bereits erfolgreich THC-O online kaufen bestellt haben.<\/p>\n<\/li>\n<li data-start=\"3811\" data-end=\"3872\">\n<p data-start=\"3813\" data-end=\"3872\">M\u00e9thodes de paiement s\u00e9curis\u00e9es : Faites attention \u00e0 la protection des donn\u00e9es.<\/p>\n<\/li>\n<\/ul>\n<p data-start=\"3874\" data-end=\"4019\">Einige Anbieter werben explizit mit \u201eTHC-O online kaufen von einer zuverl\u00e4ssigen Forschungsquelle\u201c, was besonders f\u00fcr Forschungszwecke interessant ist.<\/p>\n<h3 data-start=\"4026\" data-end=\"4036\">Conclusion<\/h3>\n<p data-start=\"4038\" data-end=\"4460\">THC-O ist ein starkes Cannabinoid, das besonders f\u00fcr erfahrene Nutzer geeignet ist. Wenn Sie THC-O online kaufen m\u00f6chten, achten Sie auf seri\u00f6se Anbieter und vergleichen Sie den THC-O Preis. Das bester Ort, um THC-O online zu kaufen ist stets dort, wo Qualit\u00e4t, Sicherheit und Diskretion gew\u00e4hrleistet sind. Wer THC-O zu verkaufen findet, sollte stets vorsichtig dosieren und sich der rechtlichen Lage bewusst sein.<\/p>","protected":false},"excerpt":{"rendered":"<p>Le THC-O ou THC-O-ac\u00e9tate est un cannabino\u00efde synth\u00e9tique d\u00e9riv\u00e9 du delta-9-t\u00e9trahydrocannabinol (THC). Sa formule chimique est C23H34O3. Le THC-O est connu pour \u00eatre plus puissant que le THC normal et est souvent utilis\u00e9 dans diff\u00e9rents produits \u00e0 base de cannabis.<\/p>\n<h3>THC-O Formule chimique<\/h3>\n<ul>\n<li>\n<pre><strong>Formule chimique<\/strong>C23H34O3<\/pre>\n<\/li>\n<\/ul>\n<h3>D\u00e9tails du cas juridique<\/h3>\n<ul>\n<li><strong>Statut r\u00e9glementaire :<\/strong> Varie selon les juridictions ; dans de nombreuses r\u00e9gions, il n'est pas explicitement interdit.<\/li>\n<li><strong>Substances contr\u00f4l\u00e9es<\/strong>Peut \u00eatre trait\u00e9 comme d'autres substances contr\u00f4l\u00e9es dans certaines r\u00e9gions.<\/li>\n<li><strong>S\u00e9curit\u00e9 des produits<\/strong>: Les questions relatives \u00e0 la s\u00e9curit\u00e9, \u00e0 l'\u00e9tiquetage et aux essais peuvent donner lieu \u00e0 des litiges.<\/li>\n<\/ul>","protected":false},"featured_media":885,"comment_status":"open","ping_status":"closed","template":"","meta":{"_joinchat":[]},"product_brand":[],"product_cat":[47],"product_tag":[333,2644,2643,2645,2637,2642,2638,2639,2641,2640],"class_list":{"0":"post-884","1":"product","2":"type-product","3":"status-publish","4":"has-post-thumbnail","6":"product_cat-cannabinoids","7":"product_tag-synthetische-cannabinoide","8":"product_tag-thc-o-chemikalien","9":"product_tag-thc-o-deutschland","10":"product_tag-thc-o-drogen","11":"product_tag-thc-o-kaufen","12":"product_tag-thc-o-kaufen-online","13":"product_tag-thc-o-kristalle","14":"product_tag-thc-o-online-kaufen","15":"product_tag-thc-o-preis","16":"product_tag-thc-o-prodej","18":"first","19":"instock","20":"shipping-taxable","21":"purchasable","22":"product-type-variable"},"yoast_head":"<!-- This site is optimized with the Yoast SEO plugin v26.1.1 - https:\/\/yoast.com\/wordpress\/plugins\/seo\/ -->\n<title>THC-O kaufen \u2013 Hochwertiges Cannabinoid f\u00fcr die Forschung<\/title>\n<meta name=\"description\" content=\"Kaufen Sie hochwertiges THC-O f\u00fcr die Cannabinoid-Forschung. Bulk-Optionen, Sicherheitsdaten und zuverl\u00e4ssiger Versand. THC-O kaufen\" \/>\n<meta name=\"robots\" content=\"index, follow, max-snippet:-1, max-image-preview:large, max-video-preview:-1\" \/>\n<link rel=\"canonical\" href=\"https:\/\/chemgramx.com\/fr\/produit\/thc-o\/\" \/>\n<meta property=\"og:locale\" content=\"fr_FR\" \/>\n<meta property=\"og:type\" content=\"article\" \/>\n<meta property=\"og:title\" content=\"THC-O kaufen \u2013 Hochwertiges Cannabinoid f\u00fcr die Forschung\" \/>\n<meta property=\"og:description\" content=\"Kaufen Sie hochwertiges THC-O f\u00fcr die Cannabinoid-Forschung. Bulk-Optionen, Sicherheitsdaten und zuverl\u00e4ssiger Versand. THC-O kaufen\" \/>\n<meta property=\"og:url\" content=\"https:\/\/chemgramx.com\/fr\/produit\/thc-o\/\" \/>\n<meta property=\"og:site_name\" content=\"Chemgramx\" \/>\n<meta property=\"article:modified_time\" content=\"2025-10-18T06:45:33+00:00\" \/>\n<meta property=\"og:image\" content=\"https:\/\/chemgramx.com\/wp-content\/uploads\/2024\/10\/THC-O.webp\" \/>\n\t<meta property=\"og:image:width\" content=\"1080\" \/>\n\t<meta property=\"og:image:height\" content=\"1350\" \/>\n\t<meta property=\"og:image:type\" content=\"image\/webp\" \/>\n<meta name=\"twitter:card\" content=\"summary_large_image\" \/>\n<meta name=\"twitter:label1\" content=\"Dur\u00e9e de lecture estim\u00e9e\" \/>\n\t<meta name=\"twitter:data1\" content=\"3 minutes\" \/>\n<script type=\"application\/ld+json\" class=\"yoast-schema-graph\">{\"@context\":\"https:\/\/schema.org\",\"@graph\":[{\"@type\":\"WebPage\",\"@id\":\"https:\/\/chemgramx.com\/product\/thc-o\/\",\"url\":\"https:\/\/chemgramx.com\/product\/thc-o\/\",\"name\":\"THC-O kaufen \u2013 Hochwertiges Cannabinoid f\u00fcr die Forschung\",\"isPartOf\":{\"@id\":\"https:\/\/chemgramx.com\/#website\"},\"primaryImageOfPage\":{\"@id\":\"https:\/\/chemgramx.com\/product\/thc-o\/#primaryimage\"},\"image\":{\"@id\":\"https:\/\/chemgramx.com\/product\/thc-o\/#primaryimage\"},\"thumbnailUrl\":\"https:\/\/chemgramx.com\/wp-content\/uploads\/2024\/10\/THC-O.webp\",\"datePublished\":\"2024-10-31T14:02:05+00:00\",\"dateModified\":\"2025-10-18T06:45:33+00:00\",\"description\":\"Kaufen Sie hochwertiges THC-O f\u00fcr die Cannabinoid-Forschung. Bulk-Optionen, Sicherheitsdaten und zuverl\u00e4ssiger Versand. THC-O kaufen\",\"breadcrumb\":{\"@id\":\"https:\/\/chemgramx.com\/product\/thc-o\/#breadcrumb\"},\"inLanguage\":\"fr-FR\",\"potentialAction\":[{\"@type\":\"ReadAction\",\"target\":[\"https:\/\/chemgramx.com\/product\/thc-o\/\"]}]},{\"@type\":\"ImageObject\",\"inLanguage\":\"fr-FR\",\"@id\":\"https:\/\/chemgramx.com\/product\/thc-o\/#primaryimage\",\"url\":\"https:\/\/chemgramx.com\/wp-content\/uploads\/2024\/10\/THC-O.webp\",\"contentUrl\":\"https:\/\/chemgramx.com\/wp-content\/uploads\/2024\/10\/THC-O.webp\",\"width\":1080,\"height\":1350,\"caption\":\"THC-O\"},{\"@type\":\"BreadcrumbList\",\"@id\":\"https:\/\/chemgramx.com\/product\/thc-o\/#breadcrumb\",\"itemListElement\":[{\"@type\":\"ListItem\",\"position\":1,\"name\":\"Home\",\"item\":\"https:\/\/chemgramx.com\/\"},{\"@type\":\"ListItem\",\"position\":2,\"name\":\"Shop\",\"item\":\"https:\/\/chemgramx.com\/shop\/\"},{\"@type\":\"ListItem\",\"position\":3,\"name\":\"THC-O online kaufen\"}]},{\"@type\":\"WebSite\",\"@id\":\"https:\/\/chemgramx.com\/#website\",\"url\":\"https:\/\/chemgramx.com\/\",\"name\":\"Chemgramx\",\"description\":\"\",\"publisher\":{\"@id\":\"https:\/\/chemgramx.com\/#organization\"},\"potentialAction\":[{\"@type\":\"SearchAction\",\"target\":{\"@type\":\"EntryPoint\",\"urlTemplate\":\"https:\/\/chemgramx.com\/?s={search_term_string}\"},\"query-input\":{\"@type\":\"PropertyValueSpecification\",\"valueRequired\":true,\"valueName\":\"search_term_string\"}}],\"inLanguage\":\"fr-FR\"},{\"@type\":\"Organization\",\"@id\":\"https:\/\/chemgramx.com\/#organization\",\"name\":\"Chemgramx\",\"url\":\"https:\/\/chemgramx.com\/\",\"logo\":{\"@type\":\"ImageObject\",\"inLanguage\":\"fr-FR\",\"@id\":\"https:\/\/chemgramx.com\/#\/schema\/logo\/image\/\",\"url\":\"https:\/\/chemgramx.com\/wp-content\/uploads\/2024\/10\/final-logo.png\",\"contentUrl\":\"https:\/\/chemgramx.com\/wp-content\/uploads\/2024\/10\/final-logo.png\",\"width\":250,\"height\":48,\"caption\":\"Chemgramx\"},\"image\":{\"@id\":\"https:\/\/chemgramx.com\/#\/schema\/logo\/image\/\"}}]}<\/script>\n<!-- \/ Yoast SEO plugin. -->","yoast_head_json":{"title":"THC-O kaufen \u2013 Hochwertiges Cannabinoid f\u00fcr die Forschung","description":"Kaufen Sie hochwertiges THC-O f\u00fcr die Cannabinoid-Forschung. Bulk-Optionen, Sicherheitsdaten und zuverl\u00e4ssiger Versand. THC-O kaufen","robots":{"index":"index","follow":"follow","max-snippet":"max-snippet:-1","max-image-preview":"max-image-preview:large","max-video-preview":"max-video-preview:-1"},"canonical":"https:\/\/chemgramx.com\/fr\/produit\/thc-o\/","og_locale":"fr_FR","og_type":"article","og_title":"THC-O kaufen \u2013 Hochwertiges Cannabinoid f\u00fcr die Forschung","og_description":"Kaufen Sie hochwertiges THC-O f\u00fcr die Cannabinoid-Forschung. Bulk-Optionen, Sicherheitsdaten und zuverl\u00e4ssiger Versand. THC-O kaufen","og_url":"https:\/\/chemgramx.com\/fr\/produit\/thc-o\/","og_site_name":"Chemgramx","article_modified_time":"2025-10-18T06:45:33+00:00","og_image":[{"width":1080,"height":1350,"url":"https:\/\/chemgramx.com\/wp-content\/uploads\/2024\/10\/THC-O.webp","type":"image\/webp"}],"twitter_card":"summary_large_image","twitter_misc":{"Dur\u00e9e de lecture estim\u00e9e":"3 minutes"},"schema":{"@context":"https:\/\/schema.org","@graph":[{"@type":"WebPage","@id":"https:\/\/chemgramx.com\/product\/thc-o\/","url":"https:\/\/chemgramx.com\/product\/thc-o\/","name":"THC-O kaufen \u2013 Hochwertiges Cannabinoid f\u00fcr die Forschung","isPartOf":{"@id":"https:\/\/chemgramx.com\/#website"},"primaryImageOfPage":{"@id":"https:\/\/chemgramx.com\/product\/thc-o\/#primaryimage"},"image":{"@id":"https:\/\/chemgramx.com\/product\/thc-o\/#primaryimage"},"thumbnailUrl":"https:\/\/chemgramx.com\/wp-content\/uploads\/2024\/10\/THC-O.webp","datePublished":"2024-10-31T14:02:05+00:00","dateModified":"2025-10-18T06:45:33+00:00","description":"Kaufen Sie hochwertiges THC-O f\u00fcr die Cannabinoid-Forschung. Bulk-Optionen, Sicherheitsdaten und zuverl\u00e4ssiger Versand. THC-O kaufen","breadcrumb":{"@id":"https:\/\/chemgramx.com\/product\/thc-o\/#breadcrumb"},"inLanguage":"fr-FR","potentialAction":[{"@type":"ReadAction","target":["https:\/\/chemgramx.com\/product\/thc-o\/"]}]},{"@type":"ImageObject","inLanguage":"fr-FR","@id":"https:\/\/chemgramx.com\/product\/thc-o\/#primaryimage","url":"https:\/\/chemgramx.com\/wp-content\/uploads\/2024\/10\/THC-O.webp","contentUrl":"https:\/\/chemgramx.com\/wp-content\/uploads\/2024\/10\/THC-O.webp","width":1080,"height":1350,"caption":"THC-O"},{"@type":"BreadcrumbList","@id":"https:\/\/chemgramx.com\/product\/thc-o\/#breadcrumb","itemListElement":[{"@type":"ListItem","position":1,"name":"Home","item":"https:\/\/chemgramx.com\/"},{"@type":"ListItem","position":2,"name":"Shop","item":"https:\/\/chemgramx.com\/shop\/"},{"@type":"ListItem","position":3,"name":"THC-O online kaufen"}]},{"@type":"WebSite","@id":"https:\/\/chemgramx.com\/#website","url":"https:\/\/chemgramx.com\/","name":"Chemgramx","description":"","publisher":{"@id":"https:\/\/chemgramx.com\/#organization"},"potentialAction":[{"@type":"SearchAction","target":{"@type":"EntryPoint","urlTemplate":"https:\/\/chemgramx.com\/?s={search_term_string}"},"query-input":{"@type":"PropertyValueSpecification","valueRequired":true,"valueName":"search_term_string"}}],"inLanguage":"fr-FR"},{"@type":"Organization","@id":"https:\/\/chemgramx.com\/#organization","name":"Chemgramx","url":"https:\/\/chemgramx.com\/","logo":{"@type":"ImageObject","inLanguage":"fr-FR","@id":"https:\/\/chemgramx.com\/#\/schema\/logo\/image\/","url":"https:\/\/chemgramx.com\/wp-content\/uploads\/2024\/10\/final-logo.png","contentUrl":"https:\/\/chemgramx.com\/wp-content\/uploads\/2024\/10\/final-logo.png","width":250,"height":48,"caption":"Chemgramx"},"image":{"@id":"https:\/\/chemgramx.com\/#\/schema\/logo\/image\/"}}]}},"_links":{"self":[{"href":"https:\/\/chemgramx.com\/fr\/wp-json\/wp\/v2\/product\/884","targetHints":{"allow":["GET"]}}],"collection":[{"href":"https:\/\/chemgramx.com\/fr\/wp-json\/wp\/v2\/product"}],"about":[{"href":"https:\/\/chemgramx.com\/fr\/wp-json\/wp\/v2\/types\/product"}],"replies":[{"embeddable":true,"href":"https:\/\/chemgramx.com\/fr\/wp-json\/wp\/v2\/comments?post=884"}],"wp:featuredmedia":[{"embeddable":true,"href":"https:\/\/chemgramx.com\/fr\/wp-json\/wp\/v2\/media\/885"}],"wp:attachment":[{"href":"https:\/\/chemgramx.com\/fr\/wp-json\/wp\/v2\/media?parent=884"}],"wp:term":[{"taxonomy":"product_brand","embeddable":true,"href":"https:\/\/chemgramx.com\/fr\/wp-json\/wp\/v2\/product_brand?post=884"},{"taxonomy":"product_cat","embeddable":true,"href":"https:\/\/chemgramx.com\/fr\/wp-json\/wp\/v2\/product_cat?post=884"},{"taxonomy":"product_tag","embeddable":true,"href":"https:\/\/chemgramx.com\/fr\/wp-json\/wp\/v2\/product_tag?post=884"}],"curies":[{"name":"wp","href":"https:\/\/api.w.org\/{rel}","templated":true}]}}