{"id":8897,"date":"2025-12-11T10:56:42","date_gmt":"2025-12-11T10:56:42","guid":{"rendered":"https:\/\/chemgramx.com\/?post_type=product&#038;p=8897"},"modified":"2025-12-11T10:57:13","modified_gmt":"2025-12-11T10:57:13","slug":"-1456","status":"publish","type":"product","link":"https:\/\/chemgramx.com\/fr\/product\/girl-scout-cookies-strain-28-thc\/","title":{"rendered":"Girl Scout Cookies Strain 28% THC"},"content":{"rendered":"<p><b>Alprazolam<\/b>, mieux connu \u00e0 l'\u00e9chelle internationale sous le nom commercial Xanax, est un <b>benzodiaz\u00e9pine hautement puissante \u00e0 action br\u00e8ve<\/b>. <b>Il<\/b> fait partie des substances psychoactives les plus fr\u00e9quemment prescrites dans le monde. <b>Son<\/b> L'indication principale r\u00e9side dans le traitement de <b>Troubles anxieux, troubles paniques avec ou sans agoraphobie<\/b> et <b>anxi\u00e9t\u00e9 et tension graves \u00e0 court terme<\/b>. <b>Le site<\/b> Forme gal\u00e9nique de <b>2 mg<\/b> repr\u00e9sente ici une <b>dose unique \u00e9lev\u00e9e<\/b> destin\u00e9s principalement aux patients atteints de <b>sympt\u00f4mes prononc\u00e9s<\/b> ou pour ceux qui poss\u00e8dent d\u00e9j\u00e0 une <b>une certaine tol\u00e9rance<\/b> envers la substance. <b>Par cons\u00e9quent,<\/b> l'utilisation de l'alprazolam est soumise \u00e0 des contr\u00f4les m\u00e9dicaux et juridiques tr\u00e8s stricts.<\/p>\n<p>Cet article propose une <b>\u00e9tude scientifique d\u00e9taill\u00e9e<\/b> du m\u00e9canisme d'action, des propri\u00e9t\u00e9s pharmacocin\u00e9tiques, de l'utilisation th\u00e9rapeutique ainsi que des risques importants et du potentiel de d\u00e9pendance li\u00e9s \u00e0 la prise de ce m\u00e9dicament puissant.<\/p>\n<h2><b>M\u00e9canisme d'action et pharmacodynamique<\/b><\/h2>\n<p>L'alprazolam agit sur le syst\u00e8me nerveux central (SNC). <b>Ici<\/b> il renforce l'effet du plus important <b><a href=\"\/product\/green-mandala-mix-kaufen\/\">inhibiteur<\/a> Neurotransmetteurs<\/b>, l'acide gamma-aminobutyrique <b>(GABA)<\/b>.<\/p>\n<h4><b>Le r\u00f4le du r\u00e9cepteur GABA-A<\/b><\/h4>\n<p>Les benzodiaz\u00e9pines telles que l'alprazolam se lient sp\u00e9cifiquement \u00e0 une sous-unit\u00e9 du <b>Complexe r\u00e9cepteur GABA-A<\/b>. <b>Ce<\/b> L'attachement conduit \u00e0 une <b>ouverture renforc\u00e9e<\/b> des canaux chlorure. <b>De ce fait,<\/b> des ions chlorure charg\u00e9s n\u00e9gativement affluent dans la cellule nerveuse. <b>Ceci<\/b> entra\u00eene une <b>hyperpolarisation<\/b> de la cellule. <b>En fin de compte<\/b> l'excitabilit\u00e9 de la cellule nerveuse est fortement r\u00e9duite. <b>Ainsi,<\/b> une <b>amortissement g\u00e9n\u00e9ral<\/b> de l'activit\u00e9 neuronale dans le cerveau.<\/p>\n<ul>\n<li><b>Anxiolytique (soulage l'anxi\u00e9t\u00e9) :<\/b> L'inhibition des syst\u00e8mes limbiques entra\u00eene une rapide <b>R\u00e9duction de l'anxi\u00e9t\u00e9 et de la nervosit\u00e9<\/b>.<\/li>\n<li><b>Calmant (s\u00e9datif\/hypnotique) :<\/b> L'effet entra\u00eene une <b>Favorise la paix int\u00e9rieure et la d\u00e9tente<\/b>.<\/li>\n<li><b>Relaxant musculaire et anticonvulsivant :<\/b> <b>En outre,<\/b> L'alprazolam poss\u00e8de des propri\u00e9t\u00e9s qui contribuent \u00e0 <b>Rel\u00e2chement musculaire<\/b> et \u00e0 la <b>Pr\u00e9vention des crises convulsives<\/b> contribuer.<\/li>\n<\/ul>\n<h4><b>Cin\u00e9tique de l'effet<\/b><\/h4>\n<p>L'alprazolam se caract\u00e9rise par son <b>action rapide<\/b> de. <b>Normalement<\/b> la concentration plasmatique maximale est d\u00e9j\u00e0 atteinte <b>dans un d\u00e9lai d'une \u00e0 deux heures<\/b> apr\u00e8s administration orale. <b>Ce<\/b> Sa mise en route rapide explique sa popularit\u00e9 aupr\u00e8s des <b>traitement d'urgence<\/b> des crises de panique. <b>Cependant,<\/b> porte la relativement <b>demi-vie courte<\/b> (environ 11 \u00e0 15 heures) \u00e9galement pour <b>risque accru de d\u00e9pendance<\/b> car les patients peuvent rapidement chercher \u00e0 obtenir un nouvel effet.<\/p>\n<h2><b>Utilisation th\u00e9rapeutique et directives<\/b><\/h2>\n<p>Le dosage de <b>2 mg d'alprazolam<\/b> est-elle une <b>dose unique \u00e9lev\u00e9e<\/b>, qui n\u00e9cessite une indication pr\u00e9cise. <b>L'application<\/b> est strictement limit\u00e9e \u00e0 <b>traitements \u00e0 court terme<\/b> limit\u00e9e.<\/p>\n<h4><b>Indications<\/b><\/h4>\n<p><b>Principalement<\/b> L'alprazolam est prescrit pour traiter :<\/p>\n<ul>\n<li><b>Troubles paniques :<\/b> <b>Ici<\/b> son effet rapide joue un r\u00f4le d\u00e9cisif dans l'interruption imm\u00e9diate de la crise de panique.<\/li>\n<li><b>Anxi\u00e9t\u00e9 s\u00e9v\u00e8re :<\/b> <b>Il<\/b> n'est utilis\u00e9 que dans les cas o\u00f9 <b>tr\u00e8s pr\u00e9judiciable<\/b> et qui ne r\u00e9agissent pas suffisamment \u00e0 d'autres m\u00e9dicaments moins risqu\u00e9s.<\/li>\n<\/ul>\n<h4><b>Restrictions d'utilisation et pr\u00e9cautions<\/b><\/h4>\n<p><b>Directives m\u00e9dicales<\/b> souligner que les benzodiaz\u00e9pines, en raison de leur <b>fort potentiel de d\u00e9pendance<\/b> seulement pour un <b>courte p\u00e9riode<\/b> (en r\u00e8gle g\u00e9n\u00e9rale, pas plus de 2 \u00e0 4 semaines). <b>Ceci<\/b> Cela vaut en particulier pour la forme hautement dos\u00e9e \u00e0 2 mg. <b>De plus,<\/b> la prise doit toujours \u00eatre <b>selon les instructions du m\u00e9decin<\/b> se fait.<\/p>\n<ul>\n<li><b>Combinaisons dangereuses :<\/b> <b>Le site<\/b> Association de l'alprazolam avec <b>alcool<\/b> ou autres <b>S\u00e9datifs<\/b> (comme les opio\u00efdes, les antihistaminiques) est <b>mortel<\/b>. <b>Ce<\/b> Les interactions peuvent entra\u00eener une <b>d\u00e9pression respiratoire potentiellement mortelle<\/b> mener.<\/li>\n<\/ul>\n<h2><b>Risques, d\u00e9pendance et potentiel d'abus<\/b><\/h2>\n<p>L'alprazolam, en particulier dans sa formulation \u00e0 2 mg, comporte <b>risques importants<\/b> en ce qui concerne le d\u00e9veloppement de <b>D\u00e9pendance et abus<\/b>.<\/p>\n<ul>\n<li><b>D\u00e9pendance physique et psychique :<\/b> <b>Une<\/b> Une tol\u00e9rance peut appara\u00eetre apr\u00e8s seulement quelques semaines de prise r\u00e9guli\u00e8re. <b>En cons\u00e9quence<\/b> des doses plus \u00e9lev\u00e9es sont n\u00e9cessaires pour obtenir le m\u00eame effet th\u00e9rapeutique.<\/li>\n<li><b>Sympt\u00f4mes de sevrage :<\/b> <b>Sur<\/b> Une interruption soudaine du traitement peut entra\u00eener de graves sympt\u00f4mes de sevrage. <b>Ce<\/b> vont de la peur du rebond, de l'insomnie, des \u00e9tats d'excitation jusqu'\u00e0 <b>crises \u00e9pileptiques potentiellement mortelles<\/b>. <b>C'est pourquoi<\/b> le m\u00e9dicament doit toujours \u00eatre <b>progressivement<\/b> et \u00eatre interrompu sous surveillance m\u00e9dicale.<\/li>\n<\/ul>\n<h2><b>R\u00e9glementation juridique et dangers li\u00e9s \u00e0 l'acquisition ill\u00e9gale<\/b><\/h2>\n<p><b>En Allemagne<\/b> et dans la plupart des pays, l'alprazolam est soumis \u00e0 la <b>Loi sur les stup\u00e9fiants (LStup)<\/b> ou des r\u00e9glementations strictes similaires.<\/p>\n<ul>\n<li><b>Prescription obligatoire :<\/b> Chaque remise, chaque possession et chaque utilisation n\u00e9cessite un <b>ordonnance m\u00e9dicale valide<\/b>. <b>Le site<\/b> La remise a lieu <b>exclusivement via des pharmacies agr\u00e9\u00e9es<\/b>.<\/li>\n<li><b>Risques li\u00e9s aux achats en ligne :<\/b> <b>Le site<\/b> L'achat ill\u00e9gal d'alprazolam en ligne sans ordonnance est <b>extr\u00eamement dangereux<\/b>. <b>Pour ce faire,<\/b> il existe un risque que, <b>faux m\u00e9dicaments<\/b> d'obtenir. <b>Ce<\/b> peuvent pr\u00e9senter des dosages incorrects ou contenir des ingr\u00e9dients toxiques, ce qui <b>cons\u00e9quences mortelles<\/b> peut avoir.<\/li>\n<\/ul>","protected":false},"excerpt":{"rendered":"<p data-start=\"2615\" data-end=\"2732\">Girl Scout Cookies \u2013 Hybride avec 28 % THC. Ar\u00f4me sucr\u00e9 et terreux, effet puissant et qualit\u00e9 sup\u00e9rieure pour les utilisateurs exp\u00e9riment\u00e9s.<\/p>","protected":false},"featured_media":8790,"comment_status":"open","ping_status":"closed","template":"","meta":{"_joinchat":[]},"product_brand":[],"product_cat":[62],"product_tag":[],"class_list":{"0":"post-8897","1":"product","2":"type-product","3":"status-publish","4":"has-post-thumbnail","6":"product_cat-marijuana","8":"first","9":"instock","10":"shipping-taxable","11":"purchasable","12":"product-type-variable"},"yoast_head":"<!-- This site is optimized with the Yoast SEO plugin v27.5 - https:\/\/yoast.com\/product\/yoast-seo-wordpress\/ -->\n<title>Girl Scout Cookies kaufen | 28% THC Hybrid<\/title>\n<meta name=\"description\" content=\"Girl Scout Cookies online kaufen \u2013 28 % THC, s\u00fc\u00df-erdiges Aroma, starkes High. Premium-Hybrid mit diskretem Versand in Deutschland &amp; EU.\" \/>\n<meta name=\"robots\" content=\"index, follow, max-snippet:-1, max-image-preview:large, max-video-preview:-1\" \/>\n<link rel=\"canonical\" href=\"https:\/\/chemgramx.com\/fr\/produit\/-1456\/\" \/>\n<meta property=\"og:locale\" content=\"fr_FR\" \/>\n<meta property=\"og:type\" content=\"article\" \/>\n<meta property=\"og:title\" content=\"Girl Scout Cookies kaufen | 28% THC Hybrid\" \/>\n<meta property=\"og:description\" content=\"Girl Scout Cookies online kaufen \u2013 28 % THC, s\u00fc\u00df-erdiges Aroma, starkes High. Premium-Hybrid mit diskretem Versand in Deutschland &amp; EU.\" \/>\n<meta property=\"og:url\" content=\"https:\/\/chemgramx.com\/fr\/produit\/-1456\/\" \/>\n<meta property=\"og:site_name\" content=\"Chemgramx\" \/>\n<meta property=\"article:modified_time\" content=\"2025-12-11T10:57:13+00:00\" \/>\n<meta property=\"og:image\" content=\"https:\/\/chemgramx.com\/wp-content\/uploads\/2025\/12\/girl-scout-cookies-strain-28-thc.jpg\" \/>\n\t<meta property=\"og:image:width\" content=\"800\" \/>\n\t<meta property=\"og:image:height\" content=\"800\" \/>\n\t<meta property=\"og:image:type\" content=\"image\/jpeg\" \/>\n<meta name=\"twitter:card\" content=\"summary_large_image\" \/>\n<meta name=\"twitter:label1\" content=\"Dur\u00e9e de lecture estim\u00e9e\" \/>\n\t<meta name=\"twitter:data1\" content=\"3 minutes\" \/>\n<script type=\"application\/ld+json\" class=\"yoast-schema-graph\">{\"@context\":\"https:\\\/\\\/schema.org\",\"@graph\":[{\"@type\":\"WebPage\",\"@id\":\"https:\\\/\\\/chemgramx.com\\\/product\\\/girl-scout-cookies-strain-28-thc\\\/\",\"url\":\"https:\\\/\\\/chemgramx.com\\\/product\\\/girl-scout-cookies-strain-28-thc\\\/\",\"name\":\"Girl Scout Cookies kaufen | 28% THC Hybrid\",\"isPartOf\":{\"@id\":\"https:\\\/\\\/chemgramx.com\\\/#website\"},\"primaryImageOfPage\":{\"@id\":\"https:\\\/\\\/chemgramx.com\\\/product\\\/girl-scout-cookies-strain-28-thc\\\/#primaryimage\"},\"image\":{\"@id\":\"https:\\\/\\\/chemgramx.com\\\/product\\\/girl-scout-cookies-strain-28-thc\\\/#primaryimage\"},\"thumbnailUrl\":\"https:\\\/\\\/chemgramx.com\\\/wp-content\\\/uploads\\\/2025\\\/12\\\/girl-scout-cookies-strain-28-thc.jpg\",\"datePublished\":\"2025-12-11T10:56:42+00:00\",\"dateModified\":\"2025-12-11T10:57:13+00:00\",\"description\":\"Girl Scout Cookies online kaufen \u2013 28 % THC, s\u00fc\u00df-erdiges Aroma, starkes High. Premium-Hybrid mit diskretem Versand in Deutschland &amp; EU.\",\"breadcrumb\":{\"@id\":\"https:\\\/\\\/chemgramx.com\\\/product\\\/girl-scout-cookies-strain-28-thc\\\/#breadcrumb\"},\"inLanguage\":\"fr-FR\",\"potentialAction\":[{\"@type\":\"ReadAction\",\"target\":[\"https:\\\/\\\/chemgramx.com\\\/product\\\/girl-scout-cookies-strain-28-thc\\\/\"]}]},{\"@type\":\"ImageObject\",\"inLanguage\":\"fr-FR\",\"@id\":\"https:\\\/\\\/chemgramx.com\\\/product\\\/girl-scout-cookies-strain-28-thc\\\/#primaryimage\",\"url\":\"https:\\\/\\\/chemgramx.com\\\/wp-content\\\/uploads\\\/2025\\\/12\\\/girl-scout-cookies-strain-28-thc.jpg\",\"contentUrl\":\"https:\\\/\\\/chemgramx.com\\\/wp-content\\\/uploads\\\/2025\\\/12\\\/girl-scout-cookies-strain-28-thc.jpg\",\"width\":800,\"height\":800},{\"@type\":\"BreadcrumbList\",\"@id\":\"https:\\\/\\\/chemgramx.com\\\/product\\\/girl-scout-cookies-strain-28-thc\\\/#breadcrumb\",\"itemListElement\":[{\"@type\":\"ListItem\",\"position\":1,\"name\":\"Home\",\"item\":\"https:\\\/\\\/chemgramx.com\\\/\"},{\"@type\":\"ListItem\",\"position\":2,\"name\":\"Shop\",\"item\":\"https:\\\/\\\/chemgramx.com\\\/shop\\\/\"},{\"@type\":\"ListItem\",\"position\":3,\"name\":\"Girl Scout Cookies Strain 28% THC\"}]},{\"@type\":\"WebSite\",\"@id\":\"https:\\\/\\\/chemgramx.com\\\/#website\",\"url\":\"https:\\\/\\\/chemgramx.com\\\/\",\"name\":\"Chemgramx\",\"description\":\"\",\"publisher\":{\"@id\":\"https:\\\/\\\/chemgramx.com\\\/#organization\"},\"potentialAction\":[{\"@type\":\"SearchAction\",\"target\":{\"@type\":\"EntryPoint\",\"urlTemplate\":\"https:\\\/\\\/chemgramx.com\\\/?s={search_term_string}\"},\"query-input\":{\"@type\":\"PropertyValueSpecification\",\"valueRequired\":true,\"valueName\":\"search_term_string\"}}],\"inLanguage\":\"fr-FR\"},{\"@type\":\"Organization\",\"@id\":\"https:\\\/\\\/chemgramx.com\\\/#organization\",\"name\":\"Chemgramx\",\"url\":\"https:\\\/\\\/chemgramx.com\\\/\",\"logo\":{\"@type\":\"ImageObject\",\"inLanguage\":\"fr-FR\",\"@id\":\"https:\\\/\\\/chemgramx.com\\\/#\\\/schema\\\/logo\\\/image\\\/\",\"url\":\"https:\\\/\\\/chemgramx.com\\\/wp-content\\\/uploads\\\/2024\\\/10\\\/final-logo.png\",\"contentUrl\":\"https:\\\/\\\/chemgramx.com\\\/wp-content\\\/uploads\\\/2024\\\/10\\\/final-logo.png\",\"width\":250,\"height\":48,\"caption\":\"Chemgramx\"},\"image\":{\"@id\":\"https:\\\/\\\/chemgramx.com\\\/#\\\/schema\\\/logo\\\/image\\\/\"}}]}<\/script>\n<!-- \/ Yoast SEO plugin. -->","yoast_head_json":{"title":"Acheter des Girl Scout Cookies | 28% THC Hybrid","description":"Girl Scout Cookies online kaufen \u2013 28 % THC, s\u00fc\u00df-erdiges Aroma, starkes High. Premium-Hybrid mit diskretem Versand in Deutschland &amp; EU.","robots":{"index":"index","follow":"follow","max-snippet":"max-snippet:-1","max-image-preview":"max-image-preview:large","max-video-preview":"max-video-preview:-1"},"canonical":"https:\/\/chemgramx.com\/fr\/produit\/-1456\/","og_locale":"fr_FR","og_type":"article","og_title":"Girl Scout Cookies kaufen | 28% THC Hybrid","og_description":"Girl Scout Cookies online kaufen \u2013 28 % THC, s\u00fc\u00df-erdiges Aroma, starkes High. Premium-Hybrid mit diskretem Versand in Deutschland &amp; EU.","og_url":"https:\/\/chemgramx.com\/fr\/produit\/-1456\/","og_site_name":"Chemgramx","article_modified_time":"2025-12-11T10:57:13+00:00","og_image":[{"width":800,"height":800,"url":"https:\/\/chemgramx.com\/wp-content\/uploads\/2025\/12\/girl-scout-cookies-strain-28-thc.jpg","type":"image\/jpeg"}],"twitter_card":"summary_large_image","twitter_misc":{"Dur\u00e9e de lecture estim\u00e9e":"3 minutes"},"schema":{"@context":"https:\/\/schema.org","@graph":[{"@type":"WebPage","@id":"https:\/\/chemgramx.com\/product\/girl-scout-cookies-strain-28-thc\/","url":"https:\/\/chemgramx.com\/product\/girl-scout-cookies-strain-28-thc\/","name":"Acheter des Girl Scout Cookies | 28% THC Hybrid","isPartOf":{"@id":"https:\/\/chemgramx.com\/#website"},"primaryImageOfPage":{"@id":"https:\/\/chemgramx.com\/product\/girl-scout-cookies-strain-28-thc\/#primaryimage"},"image":{"@id":"https:\/\/chemgramx.com\/product\/girl-scout-cookies-strain-28-thc\/#primaryimage"},"thumbnailUrl":"https:\/\/chemgramx.com\/wp-content\/uploads\/2025\/12\/girl-scout-cookies-strain-28-thc.jpg","datePublished":"2025-12-11T10:56:42+00:00","dateModified":"2025-12-11T10:57:13+00:00","description":"Girl Scout Cookies online kaufen \u2013 28 % THC, s\u00fc\u00df-erdiges Aroma, starkes High. Premium-Hybrid mit diskretem Versand in Deutschland &amp; EU.","breadcrumb":{"@id":"https:\/\/chemgramx.com\/product\/girl-scout-cookies-strain-28-thc\/#breadcrumb"},"inLanguage":"fr-FR","potentialAction":[{"@type":"ReadAction","target":["https:\/\/chemgramx.com\/product\/girl-scout-cookies-strain-28-thc\/"]}]},{"@type":"ImageObject","inLanguage":"fr-FR","@id":"https:\/\/chemgramx.com\/product\/girl-scout-cookies-strain-28-thc\/#primaryimage","url":"https:\/\/chemgramx.com\/wp-content\/uploads\/2025\/12\/girl-scout-cookies-strain-28-thc.jpg","contentUrl":"https:\/\/chemgramx.com\/wp-content\/uploads\/2025\/12\/girl-scout-cookies-strain-28-thc.jpg","width":800,"height":800},{"@type":"BreadcrumbList","@id":"https:\/\/chemgramx.com\/product\/girl-scout-cookies-strain-28-thc\/#breadcrumb","itemListElement":[{"@type":"ListItem","position":1,"name":"Home","item":"https:\/\/chemgramx.com\/"},{"@type":"ListItem","position":2,"name":"Shop","item":"https:\/\/chemgramx.com\/shop\/"},{"@type":"ListItem","position":3,"name":"Girl Scout Cookies Strain 28% THC"}]},{"@type":"WebSite","@id":"https:\/\/chemgramx.com\/#website","url":"https:\/\/chemgramx.com\/","name":"Chemgramx","description":"","publisher":{"@id":"https:\/\/chemgramx.com\/#organization"},"potentialAction":[{"@type":"SearchAction","target":{"@type":"EntryPoint","urlTemplate":"https:\/\/chemgramx.com\/?s={search_term_string}"},"query-input":{"@type":"PropertyValueSpecification","valueRequired":true,"valueName":"search_term_string"}}],"inLanguage":"fr-FR"},{"@type":"Organization","@id":"https:\/\/chemgramx.com\/#organization","name":"Chemgramx","url":"https:\/\/chemgramx.com\/","logo":{"@type":"ImageObject","inLanguage":"fr-FR","@id":"https:\/\/chemgramx.com\/#\/schema\/logo\/image\/","url":"https:\/\/chemgramx.com\/wp-content\/uploads\/2024\/10\/final-logo.png","contentUrl":"https:\/\/chemgramx.com\/wp-content\/uploads\/2024\/10\/final-logo.png","width":250,"height":48,"caption":"Chemgramx"},"image":{"@id":"https:\/\/chemgramx.com\/#\/schema\/logo\/image\/"}}]}},"_links":{"self":[{"href":"https:\/\/chemgramx.com\/fr\/wp-json\/wp\/v2\/product\/8897","targetHints":{"allow":["GET"]}}],"collection":[{"href":"https:\/\/chemgramx.com\/fr\/wp-json\/wp\/v2\/product"}],"about":[{"href":"https:\/\/chemgramx.com\/fr\/wp-json\/wp\/v2\/types\/product"}],"replies":[{"embeddable":true,"href":"https:\/\/chemgramx.com\/fr\/wp-json\/wp\/v2\/comments?post=8897"}],"wp:featuredmedia":[{"embeddable":true,"href":"https:\/\/chemgramx.com\/fr\/wp-json\/wp\/v2\/media\/8790"}],"wp:attachment":[{"href":"https:\/\/chemgramx.com\/fr\/wp-json\/wp\/v2\/media?parent=8897"}],"wp:term":[{"taxonomy":"product_brand","embeddable":true,"href":"https:\/\/chemgramx.com\/fr\/wp-json\/wp\/v2\/product_brand?post=8897"},{"taxonomy":"product_cat","embeddable":true,"href":"https:\/\/chemgramx.com\/fr\/wp-json\/wp\/v2\/product_cat?post=8897"},{"taxonomy":"product_tag","embeddable":true,"href":"https:\/\/chemgramx.com\/fr\/wp-json\/wp\/v2\/product_tag?post=8897"}],"curies":[{"name":"wp","href":"https:\/\/api.w.org\/{rel}","templated":true}]}}