{"id":893,"date":"2024-10-31T14:53:38","date_gmt":"2024-10-31T14:53:38","guid":{"rendered":"https:\/\/chemgramx.com\/?post_type=product&#038;p=893"},"modified":"2025-10-16T05:50:20","modified_gmt":"2025-10-16T05:50:20","slug":"amb-fubinaca","status":"publish","type":"product","link":"https:\/\/chemgramx.com\/fr\/produit\/amb-fubinaca\/","title":{"rendered":"Acheter AMB-FUBINACA en ligne"},"content":{"rendered":"<h2 data-start=\"164\" data-end=\"194\">Acheter AMB-FUBINACA en ligne<\/h2>\n<h2 data-start=\"196\" data-end=\"222\">Was ist AMB-FUBINACA?<\/h2>\n<p data-start=\"224\" data-end=\"660\">L'AMB-FUBINACA est un cannabino\u00efde synth\u00e9tique qui suscite un int\u00e9r\u00eat croissant de la part des chercheurs du monde entier. De nombreux laboratoires et acteurs int\u00e9ress\u00e9s le choisissent. <a href=\"https:\/\/chemgramx.com\/fr\/produit\/amb-fubinaca\/\">Acheter AMB-FUBINACA<\/a> oder AMB-FUBINACA online kaufen, um dieses potente Cannabinoid f\u00fcr Forschungszwecke einzusetzen. Es geh\u00f6rt zur wachsenden Familie der Designer-Substanzen und wird f\u00fcr seine starke Wirkung und einzigartige Bindung an CB1- und CB2-Rezeptoren gesch\u00e4tzt.<\/p>\n<p data-start=\"662\" data-end=\"872\">Chimiquement similaire <a href=\"https:\/\/en.wikipedia.org\/wiki\/AMB-FUBINACA\">AMB-FUBINACA<\/a> Le THC, cependant, est nettement plus puissant. Il n'est donc pas surprenant que de nombreux chercheurs recherchent l'AMB-FUBINACA \u00e0 vendre pour mener des \u00e9tudes scientifiques pr\u00e9cises.<\/p>\n<h3 data-start=\"874\" data-end=\"926\">Pourquoi les gens recherchent-ils AMB-FUBINACA en ligne ?<\/h3>\n<ul data-start=\"928\" data-end=\"1275\">\n<li data-start=\"928\" data-end=\"996\">\n<p data-start=\"930\" data-end=\"996\">Puissance et intensit\u00e9 : Effet plus fort que le THC naturel.<\/p>\n<\/li>\n<li data-start=\"997\" data-end=\"1108\">\n<p data-start=\"999\" data-end=\"1108\">Commodit\u00e9 : acheter en ligne permet de recevoir facilement AMB-FUBINACA directement \u00e0 votre porte.<\/p>\n<\/li>\n<li data-start=\"1109\" data-end=\"1216\">\n<p data-start=\"1111\" data-end=\"1216\">Vari\u00e9t\u00e9 de produits : poudre, capsules ou comprim\u00e9s \u2013 id\u00e9al pour diff\u00e9rents besoins de recherche.<\/p>\n<\/li>\n<li data-start=\"1217\" data-end=\"1275\">\n<p data-start=\"1219\" data-end=\"1275\">Discr\u00e9tion : L'exp\u00e9dition s\u00e9curis\u00e9e garantit l'anonymat.<\/p>\n<\/li>\n<\/ul>\n<p data-start=\"1277\" data-end=\"1408\">Viele fragen sich, wo kann man AMB-FUBINACA kaufen, und die Antwort liegt in spezialisierten Shops, die gepr\u00fcfte Qualit\u00e4t anbieten.<\/p>\n<h3 data-start=\"1410\" data-end=\"1452\">Effets et bienfaits de l'AMB-FUBINACA<\/h3>\n<ul data-start=\"1454\" data-end=\"1605\">\n<li data-start=\"1454\" data-end=\"1483\">\n<p data-start=\"1456\" data-end=\"1483\">Euphorie et bien-\u00eatre<\/p>\n<\/li>\n<li data-start=\"1484\" data-end=\"1531\">\n<p data-start=\"1486\" data-end=\"1531\">Perception alt\u00e9r\u00e9e des impressions sensorielles<\/p>\n<\/li>\n<li data-start=\"1532\" data-end=\"1563\">\n<p data-start=\"1534\" data-end=\"1563\">D\u00e9tente et r\u00e9duction du stress<\/p>\n<\/li>\n<li data-start=\"1564\" data-end=\"1605\">\n<p data-start=\"1566\" data-end=\"1605\">Plus de sociabilit\u00e9 et de joie conversationnelle<\/p>\n<\/li>\n<\/ul>\n<p data-start=\"1607\" data-end=\"1800\">Aufgrund der hohen Potenz ist Vorsicht geboten. Bereits kleine Mengen wirken intensiv \u2013 ein Grund, warum Forscher beim AMB-FUBINACA online kaufen Wert auf exakte Dosierungsrichtlinien legen.<\/p>\n<h3 data-start=\"1802\" data-end=\"1839\">Directives posologiques recommand\u00e9es<\/h3>\n<ul data-start=\"1841\" data-end=\"1950\">\n<li data-start=\"1841\" data-end=\"1863\">\n<p data-start=\"1843\" data-end=\"1863\">D\u00e9butants : 0,5\u20131 mg<\/p>\n<\/li>\n<li data-start=\"1864\" data-end=\"1905\">\n<p data-start=\"1866\" data-end=\"1905\">Utilisateurs exp\u00e9riment\u00e9s : augmentez prudemment<\/p>\n<\/li>\n<li data-start=\"1906\" data-end=\"1950\">\n<p data-start=\"1908\" data-end=\"1950\">Effet : 3 \u00e0 6 heures, \u00e9viter de r\u00e9p\u00e9ter la dose<\/p>\n<\/li>\n<\/ul>\n<h3 data-start=\"1952\" data-end=\"1976\">Mentions l\u00e9gales<\/h3>\n<p data-start=\"1978\" data-end=\"2201\">Die Rechtslage ist je nach Land unterschiedlich. In manchen Regionen gilt AMB-FUBINACA zu verkaufen als legal, in anderen ist es streng reguliert. K\u00e4ufer sollten sich vorab informieren, bevor sie eine Bestellung aufgeben.<\/p>\n<h3 data-start=\"2203\" data-end=\"2252\">Meilleurs endroits pour acheter de l'AMB-FUBINACA en ligne<\/h3>\n<p data-start=\"2254\" data-end=\"2415\">Der bester Ort, um AMB-FUBINACA online zu kaufen ist ein Anbieter, der gepr\u00fcfte Qualit\u00e4t, transparente Preise und sichere Zahlungsmethoden bietet. Achten Sie auf:<\/p>\n<ul data-start=\"2417\" data-end=\"2505\">\n<li data-start=\"2417\" data-end=\"2445\">\n<p data-start=\"2419\" data-end=\"2445\">Tests de laboratoire tiers<\/p>\n<\/li>\n<li data-start=\"2446\" data-end=\"2476\">\n<p data-start=\"2448\" data-end=\"2476\">Avis clients positifs<\/p>\n<\/li>\n<li data-start=\"2477\" data-end=\"2505\">\n<p data-start=\"2479\" data-end=\"2505\">M\u00e9thodes de paiement s\u00e9curis\u00e9es<\/p>\n<\/li>\n<\/ul>\n<p data-start=\"2507\" data-end=\"2631\">Viele Kunden vergleichen auch den AMB-FUBINACA-Preis, bevor sie sich f\u00fcr einen vertrauensw\u00fcrdigen H\u00e4ndler entscheiden.<\/p>\n<h3 data-start=\"2633\" data-end=\"2643\">Conclusion<\/h3>\n<p data-start=\"2645\" data-end=\"2880\">Der Online-Kauf bietet eine bequeme und diskrete M\u00f6glichkeit, AMB-FUBINACA online kaufen von einer zuverl\u00e4ssigen Forschungsquelle. Wer Wert auf Reinheit, Sicherheit und Seriosit\u00e4t legt, sollte bei gepr\u00fcften Shops AMB-FUBINACA online kaufen.<\/p>","protected":false},"excerpt":{"rendered":"<div class=\"group\/conversation-turn relative flex w-full min-w-0 flex-col agent-turn\">\n<div class=\"flex-col gap-1 md:gap-3\">\n<div class=\"flex max-w-full flex-col flex-grow\">\n<div class=\"min-h-8 text-message flex w-full flex-col items-end gap-2 whitespace-normal break-words [.text-message+&amp;]:mt-5\" dir=\"auto\" data-message-author-role=\"assistant\" data-message-id=\"a6e4a3d1-0144-4f39-af3d-17c7bf06da3b\" data-message-model-slug=\"gpt-4o-mini\">\n<div class=\"flex w-full flex-col gap-1 empty:hidden first:pt-[3px]\">\n<div class=\"markdown prose w-full break-words dark:prose-invert light\">\n<p>L'AMB-FUBINACA est un cannabino\u00efde synth\u00e9tique connu pour ses effets puissants, qui d\u00e9passent souvent ceux du THC. Il est souvent pr\u00e9sent dans des produits commercialis\u00e9s en tant que \"hauteurs l\u00e9gales\". Cette substance pr\u00e9sente des risques importants pour la sant\u00e9, notamment une anxi\u00e9t\u00e9 s\u00e9v\u00e8re, une parano\u00efa et d'autres effets psychologiques. Son statut juridique varie, de nombreuses juridictions imposant des restrictions ou des interdictions sur sa vente et sa distribution. La prudence est de mise en raison de sa forte puissance et du risque d'abus.<\/p>\n<div class=\"flex-shrink-0 flex flex-col relative items-end\">\n<div>\n<div class=\"pt-0\">\n<div class=\"gizmo-bot-avatar flex h-8 w-8 items-center justify-center overflow-hidden rounded-full\">\n<h3 class=\"relative p-1 rounded-sm flex items-center justify-center bg-token-main-surface-primary text-token-text-primary h-8 w-8\">Aper\u00e7u de l'AMB-FUBINACA<\/h3>\n<\/div>\n<\/div>\n<\/div>\n<\/div>\n<div class=\"group\/conversation-turn relative flex w-full min-w-0 flex-col agent-turn\">\n<div class=\"flex-col gap-1 md:gap-3\">\n<div class=\"flex max-w-full flex-col flex-grow\">\n<div class=\"min-h-8 text-message flex w-full flex-col items-end gap-2 whitespace-normal break-words [.text-message+&amp;]:mt-5\" dir=\"auto\" data-message-author-role=\"assistant\" data-message-id=\"a6e4a3d1-0144-4f39-af3d-17c7bf06da3b\" data-message-model-slug=\"gpt-4o-mini\">\n<div class=\"flex w-full flex-col gap-1 empty:hidden first:pt-[3px]\">\n<div class=\"markdown prose w-full break-words dark:prose-invert light\">\n<ul>\n<li><strong>Formule chimique<\/strong>C18H22F2N4O3 : C18H22F2N4O3<\/li>\n<li><strong>Classe<\/strong>: Cannabino\u00efde synth\u00e9tique<\/li>\n<\/ul>\n<\/div>\n<\/div>\n<\/div>\n<\/div>\n<\/div>\n<\/div>\n<\/div>\n<\/div>\n<\/div>\n<\/div>\n<\/div>\n<\/div>","protected":false},"featured_media":894,"comment_status":"open","ping_status":"closed","template":"","meta":{"_joinchat":[]},"product_brand":[],"product_cat":[47],"product_tag":[2633,2636,2628,2635,2634,2629,2630,2632,2631,2015],"class_list":{"0":"post-893","1":"product","2":"type-product","3":"status-publish","4":"has-post-thumbnail","6":"product_cat-cannabinoids","7":"product_tag-amb-fubinaca-chemikalien","8":"product_tag-amb-fubinaca-drogen","9":"product_tag-amb-fubinaca-kaufen","10":"product_tag-amb-fubinaca-kaufen-deutschland","11":"product_tag-amb-fubinaca-kaufen-online","12":"product_tag-amb-fubinaca-kristalle","13":"product_tag-amb-fubinaca-online-kaufen","14":"product_tag-amb-fubinaca-preis","15":"product_tag-amb-fubinaca-prodej","16":"product_tag-synthetische-drogen","18":"first","19":"instock","20":"shipping-taxable","21":"purchasable","22":"product-type-variable"},"yoast_head":"<!-- This site is optimized with the Yoast SEO plugin v26.1.1 - https:\/\/yoast.com\/wordpress\/plugins\/seo\/ -->\n<title>AMB-FUBINACA online kaufen \u2013 AMB-FUBINACA zu verkaufen<\/title>\n<meta name=\"description\" content=\"Wenn Sie AMB-Fubinaca online ohne Rezept kaufen m\u00f6chten, ist chemgramx.com der beste Ort, um AMB-Fubinaca online zu kaufen, AMB-Fubinaca zu verkaufen, AMB-Fubinaca online zum besten Preis. Jetzt bestellen!\" \/>\n<meta name=\"robots\" content=\"index, follow, max-snippet:-1, max-image-preview:large, max-video-preview:-1\" \/>\n<link rel=\"canonical\" href=\"https:\/\/chemgramx.com\/fr\/produit\/amb-fubinaca\/\" \/>\n<meta property=\"og:locale\" content=\"fr_FR\" \/>\n<meta property=\"og:type\" content=\"article\" \/>\n<meta property=\"og:title\" content=\"AMB-FUBINACA online kaufen \u2013 AMB-FUBINACA zu verkaufen\" \/>\n<meta property=\"og:description\" content=\"Wenn Sie AMB-Fubinaca online ohne Rezept kaufen m\u00f6chten, ist chemgramx.com der beste Ort, um AMB-Fubinaca online zu kaufen, AMB-Fubinaca zu verkaufen, AMB-Fubinaca online zum besten Preis. Jetzt bestellen!\" \/>\n<meta property=\"og:url\" content=\"https:\/\/chemgramx.com\/fr\/produit\/amb-fubinaca\/\" \/>\n<meta property=\"og:site_name\" content=\"Chemgramx\" \/>\n<meta property=\"article:modified_time\" content=\"2025-10-16T05:50:20+00:00\" \/>\n<meta property=\"og:image\" content=\"https:\/\/chemgramx.com\/wp-content\/uploads\/2024\/10\/AMB-FUBINACA.jpg\" \/>\n\t<meta property=\"og:image:width\" content=\"640\" \/>\n\t<meta property=\"og:image:height\" content=\"480\" \/>\n\t<meta property=\"og:image:type\" content=\"image\/jpeg\" \/>\n<meta name=\"twitter:card\" content=\"summary_large_image\" \/>\n<meta name=\"twitter:label1\" content=\"Dur\u00e9e de lecture estim\u00e9e\" \/>\n\t<meta name=\"twitter:data1\" content=\"2 minutes\" \/>\n<script type=\"application\/ld+json\" class=\"yoast-schema-graph\">{\"@context\":\"https:\/\/schema.org\",\"@graph\":[{\"@type\":\"WebPage\",\"@id\":\"https:\/\/chemgramx.com\/product\/amb-fubinaca\/\",\"url\":\"https:\/\/chemgramx.com\/product\/amb-fubinaca\/\",\"name\":\"AMB-FUBINACA online kaufen \u2013 AMB-FUBINACA zu verkaufen\",\"isPartOf\":{\"@id\":\"https:\/\/chemgramx.com\/#website\"},\"primaryImageOfPage\":{\"@id\":\"https:\/\/chemgramx.com\/product\/amb-fubinaca\/#primaryimage\"},\"image\":{\"@id\":\"https:\/\/chemgramx.com\/product\/amb-fubinaca\/#primaryimage\"},\"thumbnailUrl\":\"https:\/\/chemgramx.com\/wp-content\/uploads\/2024\/10\/AMB-FUBINACA.jpg\",\"datePublished\":\"2024-10-31T14:53:38+00:00\",\"dateModified\":\"2025-10-16T05:50:20+00:00\",\"description\":\"Wenn Sie AMB-Fubinaca online ohne Rezept kaufen m\u00f6chten, ist chemgramx.com der beste Ort, um AMB-Fubinaca online zu kaufen, AMB-Fubinaca zu verkaufen, AMB-Fubinaca online zum besten Preis. Jetzt bestellen!\",\"breadcrumb\":{\"@id\":\"https:\/\/chemgramx.com\/product\/amb-fubinaca\/#breadcrumb\"},\"inLanguage\":\"fr-FR\",\"potentialAction\":[{\"@type\":\"ReadAction\",\"target\":[\"https:\/\/chemgramx.com\/product\/amb-fubinaca\/\"]}]},{\"@type\":\"ImageObject\",\"inLanguage\":\"fr-FR\",\"@id\":\"https:\/\/chemgramx.com\/product\/amb-fubinaca\/#primaryimage\",\"url\":\"https:\/\/chemgramx.com\/wp-content\/uploads\/2024\/10\/AMB-FUBINACA.jpg\",\"contentUrl\":\"https:\/\/chemgramx.com\/wp-content\/uploads\/2024\/10\/AMB-FUBINACA.jpg\",\"width\":640,\"height\":480,\"caption\":\"AMB-FUBINACA online kaufen\"},{\"@type\":\"BreadcrumbList\",\"@id\":\"https:\/\/chemgramx.com\/product\/amb-fubinaca\/#breadcrumb\",\"itemListElement\":[{\"@type\":\"ListItem\",\"position\":1,\"name\":\"Home\",\"item\":\"https:\/\/chemgramx.com\/\"},{\"@type\":\"ListItem\",\"position\":2,\"name\":\"Shop\",\"item\":\"https:\/\/chemgramx.com\/shop\/\"},{\"@type\":\"ListItem\",\"position\":3,\"name\":\"AMB-FUBINACA online kaufen\"}]},{\"@type\":\"WebSite\",\"@id\":\"https:\/\/chemgramx.com\/#website\",\"url\":\"https:\/\/chemgramx.com\/\",\"name\":\"Chemgramx\",\"description\":\"\",\"publisher\":{\"@id\":\"https:\/\/chemgramx.com\/#organization\"},\"potentialAction\":[{\"@type\":\"SearchAction\",\"target\":{\"@type\":\"EntryPoint\",\"urlTemplate\":\"https:\/\/chemgramx.com\/?s={search_term_string}\"},\"query-input\":{\"@type\":\"PropertyValueSpecification\",\"valueRequired\":true,\"valueName\":\"search_term_string\"}}],\"inLanguage\":\"fr-FR\"},{\"@type\":\"Organization\",\"@id\":\"https:\/\/chemgramx.com\/#organization\",\"name\":\"Chemgramx\",\"url\":\"https:\/\/chemgramx.com\/\",\"logo\":{\"@type\":\"ImageObject\",\"inLanguage\":\"fr-FR\",\"@id\":\"https:\/\/chemgramx.com\/#\/schema\/logo\/image\/\",\"url\":\"https:\/\/chemgramx.com\/wp-content\/uploads\/2024\/10\/final-logo.png\",\"contentUrl\":\"https:\/\/chemgramx.com\/wp-content\/uploads\/2024\/10\/final-logo.png\",\"width\":250,\"height\":48,\"caption\":\"Chemgramx\"},\"image\":{\"@id\":\"https:\/\/chemgramx.com\/#\/schema\/logo\/image\/\"}}]}<\/script>\n<!-- \/ Yoast SEO plugin. -->","yoast_head_json":{"title":"AMB-FUBINACA online kaufen \u2013 AMB-FUBINACA zu verkaufen","description":"Wenn Sie AMB-Fubinaca online ohne Rezept kaufen m\u00f6chten, ist chemgramx.com der beste Ort, um AMB-Fubinaca online zu kaufen, AMB-Fubinaca zu verkaufen, AMB-Fubinaca online zum besten Preis. Jetzt bestellen!","robots":{"index":"index","follow":"follow","max-snippet":"max-snippet:-1","max-image-preview":"max-image-preview:large","max-video-preview":"max-video-preview:-1"},"canonical":"https:\/\/chemgramx.com\/fr\/produit\/amb-fubinaca\/","og_locale":"fr_FR","og_type":"article","og_title":"AMB-FUBINACA online kaufen \u2013 AMB-FUBINACA zu verkaufen","og_description":"Wenn Sie AMB-Fubinaca online ohne Rezept kaufen m\u00f6chten, ist chemgramx.com der beste Ort, um AMB-Fubinaca online zu kaufen, AMB-Fubinaca zu verkaufen, AMB-Fubinaca online zum besten Preis. Jetzt bestellen!","og_url":"https:\/\/chemgramx.com\/fr\/produit\/amb-fubinaca\/","og_site_name":"Chemgramx","article_modified_time":"2025-10-16T05:50:20+00:00","og_image":[{"width":640,"height":480,"url":"https:\/\/chemgramx.com\/wp-content\/uploads\/2024\/10\/AMB-FUBINACA.jpg","type":"image\/jpeg"}],"twitter_card":"summary_large_image","twitter_misc":{"Dur\u00e9e de lecture estim\u00e9e":"2 minutes"},"schema":{"@context":"https:\/\/schema.org","@graph":[{"@type":"WebPage","@id":"https:\/\/chemgramx.com\/product\/amb-fubinaca\/","url":"https:\/\/chemgramx.com\/product\/amb-fubinaca\/","name":"AMB-FUBINACA online kaufen \u2013 AMB-FUBINACA zu verkaufen","isPartOf":{"@id":"https:\/\/chemgramx.com\/#website"},"primaryImageOfPage":{"@id":"https:\/\/chemgramx.com\/product\/amb-fubinaca\/#primaryimage"},"image":{"@id":"https:\/\/chemgramx.com\/product\/amb-fubinaca\/#primaryimage"},"thumbnailUrl":"https:\/\/chemgramx.com\/wp-content\/uploads\/2024\/10\/AMB-FUBINACA.jpg","datePublished":"2024-10-31T14:53:38+00:00","dateModified":"2025-10-16T05:50:20+00:00","description":"Wenn Sie AMB-Fubinaca online ohne Rezept kaufen m\u00f6chten, ist chemgramx.com der beste Ort, um AMB-Fubinaca online zu kaufen, AMB-Fubinaca zu verkaufen, AMB-Fubinaca online zum besten Preis. Jetzt bestellen!","breadcrumb":{"@id":"https:\/\/chemgramx.com\/product\/amb-fubinaca\/#breadcrumb"},"inLanguage":"fr-FR","potentialAction":[{"@type":"ReadAction","target":["https:\/\/chemgramx.com\/product\/amb-fubinaca\/"]}]},{"@type":"ImageObject","inLanguage":"fr-FR","@id":"https:\/\/chemgramx.com\/product\/amb-fubinaca\/#primaryimage","url":"https:\/\/chemgramx.com\/wp-content\/uploads\/2024\/10\/AMB-FUBINACA.jpg","contentUrl":"https:\/\/chemgramx.com\/wp-content\/uploads\/2024\/10\/AMB-FUBINACA.jpg","width":640,"height":480,"caption":"AMB-FUBINACA online kaufen"},{"@type":"BreadcrumbList","@id":"https:\/\/chemgramx.com\/product\/amb-fubinaca\/#breadcrumb","itemListElement":[{"@type":"ListItem","position":1,"name":"Home","item":"https:\/\/chemgramx.com\/"},{"@type":"ListItem","position":2,"name":"Shop","item":"https:\/\/chemgramx.com\/shop\/"},{"@type":"ListItem","position":3,"name":"AMB-FUBINACA online kaufen"}]},{"@type":"WebSite","@id":"https:\/\/chemgramx.com\/#website","url":"https:\/\/chemgramx.com\/","name":"Chemgramx","description":"","publisher":{"@id":"https:\/\/chemgramx.com\/#organization"},"potentialAction":[{"@type":"SearchAction","target":{"@type":"EntryPoint","urlTemplate":"https:\/\/chemgramx.com\/?s={search_term_string}"},"query-input":{"@type":"PropertyValueSpecification","valueRequired":true,"valueName":"search_term_string"}}],"inLanguage":"fr-FR"},{"@type":"Organization","@id":"https:\/\/chemgramx.com\/#organization","name":"Chemgramx","url":"https:\/\/chemgramx.com\/","logo":{"@type":"ImageObject","inLanguage":"fr-FR","@id":"https:\/\/chemgramx.com\/#\/schema\/logo\/image\/","url":"https:\/\/chemgramx.com\/wp-content\/uploads\/2024\/10\/final-logo.png","contentUrl":"https:\/\/chemgramx.com\/wp-content\/uploads\/2024\/10\/final-logo.png","width":250,"height":48,"caption":"Chemgramx"},"image":{"@id":"https:\/\/chemgramx.com\/#\/schema\/logo\/image\/"}}]}},"_links":{"self":[{"href":"https:\/\/chemgramx.com\/fr\/wp-json\/wp\/v2\/product\/893","targetHints":{"allow":["GET"]}}],"collection":[{"href":"https:\/\/chemgramx.com\/fr\/wp-json\/wp\/v2\/product"}],"about":[{"href":"https:\/\/chemgramx.com\/fr\/wp-json\/wp\/v2\/types\/product"}],"replies":[{"embeddable":true,"href":"https:\/\/chemgramx.com\/fr\/wp-json\/wp\/v2\/comments?post=893"}],"wp:featuredmedia":[{"embeddable":true,"href":"https:\/\/chemgramx.com\/fr\/wp-json\/wp\/v2\/media\/894"}],"wp:attachment":[{"href":"https:\/\/chemgramx.com\/fr\/wp-json\/wp\/v2\/media?parent=893"}],"wp:term":[{"taxonomy":"product_brand","embeddable":true,"href":"https:\/\/chemgramx.com\/fr\/wp-json\/wp\/v2\/product_brand?post=893"},{"taxonomy":"product_cat","embeddable":true,"href":"https:\/\/chemgramx.com\/fr\/wp-json\/wp\/v2\/product_cat?post=893"},{"taxonomy":"product_tag","embeddable":true,"href":"https:\/\/chemgramx.com\/fr\/wp-json\/wp\/v2\/product_tag?post=893"}],"curies":[{"name":"wp","href":"https:\/\/api.w.org\/{rel}","templated":true}]}}