{"id":898,"date":"2024-11-06T22:28:52","date_gmt":"2024-11-06T22:28:52","guid":{"rendered":"https:\/\/chemgramx.com\/?post_type=product&#038;p=898"},"modified":"2025-10-16T05:21:15","modified_gmt":"2025-10-16T05:21:15","slug":"benzofuran-2-carbonsaure","status":"publish","type":"product","link":"https:\/\/chemgramx.com\/fr\/produit\/benzofuran-2-carbonsaure\/","title":{"rendered":"Acheter Benzofuran-2-carboxylic en ligne"},"content":{"rendered":"<h2 data-start=\"173\" data-end=\"250\">Achetez de l'acide benzofuran-2-carboxylique en ligne en toute s\u00e9curit\u00e9 \u2013 Guide pour les chercheurs<\/h2>\n<h3 data-start=\"252\" data-end=\"267\">Introduction<\/h3>\n<p data-start=\"269\" data-end=\"857\">Dans la recherche moderne, un acc\u00e8s s\u00fbr et fiable \u00e0 des produits chimiques de haute qualit\u00e9 est crucial. De nombreux scientifiques cherchent des moyens d'acheter du benzofurane-2-carboxylique ou <a href=\"https:\/\/chemgramx.com\/fr\/produit\/benzofuran-2-carbonsaure\/\">Acheter Benzofuran-2-carboxylic en ligne<\/a>Pour mettre en \u0153uvre efficacement leurs projets. L'acide benzofurane-2-carboxylique est principalement disponible aupr\u00e8s de fournisseurs sp\u00e9cialis\u00e9s qui approvisionnent les institutions de recherche. Si vous envisagez d'acheter de l'acide benzofurane-2-carboxylique en ligne, ce guide vous expliquera les points \u00e0 prendre en compte, du choix de fournisseurs fiables aux exigences l\u00e9gales.<\/p>\n<h3 data-start=\"859\" data-end=\"896\">Qu'est-ce que le benzofurane-2-carboxylique ?<\/h3>\n<p data-start=\"898\" data-end=\"1263\"><a href=\"https:\/\/en.wikipedia.org\/wiki\/Benzofuran\">Benzofuran-2-carboxylic<\/a> est un d\u00e9riv\u00e9 acide carboxylique du benzofurane et se caract\u00e9rise par sa polyvalence en synth\u00e8se organique. Cette substance est fr\u00e9quemment utilis\u00e9e comme mati\u00e8re premi\u00e8re pour des mol\u00e9cules bioactives et des compos\u00e9s h\u00e9t\u00e9rocycliques, un outil pr\u00e9cieux pour les chimistes et les pharmaciens qui utilisent l'acide benzofurane-2-carboxylique dans leurs projets.<\/p>\n<h3 data-start=\"1265\" data-end=\"1305\">Applications en chimie et en pharmacie<\/h3>\n<p data-start=\"1307\" data-end=\"1350\">Le benzofurane-2-carboxylique est utilis\u00e9 pour :<\/p>\n<ul data-start=\"1352\" data-end=\"1521\">\n<li data-start=\"1352\" data-end=\"1397\">\n<p data-start=\"1354\" data-end=\"1397\">La synth\u00e8se de nouveaux candidats m\u00e9dicaments<\/p>\n<\/li>\n<li data-start=\"1398\" data-end=\"1452\">\n<p data-start=\"1400\" data-end=\"1452\">Le d\u00e9veloppement des principes actifs en chimie agricole<\/p>\n<\/li>\n<li data-start=\"1453\" data-end=\"1521\">\n<p data-start=\"1455\" data-end=\"1521\">Recherche dans le domaine de la chimie des h\u00e9t\u00e9rocycles et de la mod\u00e9lisation mol\u00e9culaire<\/p>\n<\/li>\n<\/ul>\n<p data-start=\"1523\" data-end=\"1652\">Par cons\u00e9quent, la demande de benzofuran-2-carboxylique \u00e0 vendre n'a cess\u00e9 d'augmenter dans la communaut\u00e9 scientifique.<\/p>\n<h3 data-start=\"1654\" data-end=\"1687\">Zuiverheids- en kwaliteitsniveaus<\/h3>\n<h3 data-start=\"1689\" data-end=\"1735\">Qualit\u00e9 de la recherche vs qualit\u00e9 industrielle<\/h3>\n<p data-start=\"1737\" data-end=\"1824\">Lorsque vous achetez du benzofuran-2-carboxylique en ligne, vous devez choisir la bonne qualit\u00e9 :<\/p>\n<ul data-start=\"1826\" data-end=\"1922\">\n<li data-start=\"1826\" data-end=\"1877\">\n<p data-start=\"1828\" data-end=\"1877\">Qualit\u00e9 de la recherche : la plus haute puret\u00e9 pour les laboratoires<\/p>\n<\/li>\n<li data-start=\"1878\" data-end=\"1922\">\n<p data-start=\"1880\" data-end=\"1922\">Qualit\u00e9 industrielle : \u00c0 des fins techniques<\/p>\n<\/li>\n<\/ul>\n<h3 data-start=\"1924\" data-end=\"1967\">Certificats et rapports d'analyse (COA)<\/h3>\n<p data-start=\"1969\" data-end=\"2086\">Un fournisseur fiable fournira des COA avec des informations sur la puret\u00e9, la m\u00e9thode d\u2019analyse et la date de fabrication.<\/p>\n<h3 data-start=\"2088\" data-end=\"2143\">O\u00f9 puis-je acheter du benzofuran-2-carboxylique en ligne ?<\/h3>\n<p data-start=\"2145\" data-end=\"2239\">Viele Forscher fragen sich: wo kann man Benzofuran-2-carbons\u00e4ure kaufen sicher und zuverl\u00e4ssig?<\/p>\n<h3 data-start=\"2241\" data-end=\"2273\">Revendeurs de produits chimiques r\u00e9put\u00e9s<\/h3>\n<p data-start=\"2275\" data-end=\"2418\">Der bester Ort, um Benzofuran-2-carbons\u00e4ure online zu kaufen sind zertifizierte Laborausstatter oder spezialisierte Online-Shops. Achten Sie auf:<\/p>\n<ul data-start=\"2420\" data-end=\"2523\">\n<li data-start=\"2420\" data-end=\"2454\">\n<p data-start=\"2422\" data-end=\"2454\">Certifications ISO ou GMP<\/p>\n<\/li>\n<li data-start=\"2455\" data-end=\"2492\">\n<p data-start=\"2457\" data-end=\"2492\">Informations transparentes sur les produits<\/p>\n<\/li>\n<li data-start=\"2493\" data-end=\"2523\">\n<p data-start=\"2495\" data-end=\"2523\">Avis clients positifs<\/p>\n<\/li>\n<\/ul>\n<h3 data-start=\"2525\" data-end=\"2562\">\u00c9vitez les march\u00e9s dangereux<\/h3>\n<p data-start=\"2564\" data-end=\"2708\">Un prix anormalement bas pour l'acide benzofurane-2-carboxylique peut indiquer une mauvaise qualit\u00e9. \u00c9vitez d'acheter sur des plateformes anonymes.<\/p>\n<h3 data-start=\"2710\" data-end=\"2751\">V\u00e9rifier le fournisseur \u2013 caract\u00e9ristiques de qualit\u00e9<\/h3>\n<ul data-start=\"2753\" data-end=\"2920\">\n<li data-start=\"2753\" data-end=\"2785\">\n<p data-start=\"2755\" data-end=\"2785\">Entreprise enregistr\u00e9e<\/p>\n<\/li>\n<li data-start=\"2786\" data-end=\"2833\">\n<p data-start=\"2788\" data-end=\"2833\">Laboratoires ou sites de production v\u00e9rifiables<\/p>\n<\/li>\n<li data-start=\"2834\" data-end=\"2865\">\n<p data-start=\"2836\" data-end=\"2865\">Un support client fiable<\/p>\n<\/li>\n<li data-start=\"2866\" data-end=\"2920\">\n<p data-start=\"2868\" data-end=\"2920\">Retours positifs des institutions de recherche<\/p>\n<\/li>\n<\/ul>\n<h3 data-start=\"2922\" data-end=\"2946\">Paiement et exp\u00e9dition<\/h3>\n<p data-start=\"2948\" data-end=\"3015\">Seri\u00f6se Anbieter f\u00fcr Benzofuran-2-carbons\u00e4ure kaufen bieten:<\/p>\n<ul data-start=\"3017\" data-end=\"3199\">\n<li data-start=\"3017\" data-end=\"3080\">\n<p data-start=\"3019\" data-end=\"3080\">Moyens de paiement s\u00e9curis\u00e9s (carte bancaire, PayPal, virement bancaire)<\/p>\n<\/li>\n<li data-start=\"3081\" data-end=\"3139\">\n<p data-start=\"3083\" data-end=\"3139\">Emballage professionnel selon les normes internationales<\/p>\n<\/li>\n<li data-start=\"3140\" data-end=\"3199\">\n<p data-start=\"3142\" data-end=\"3199\">Suivi des exp\u00e9ditions et, si n\u00e9cessaire, exp\u00e9dition \u00e0 temp\u00e9rature contr\u00f4l\u00e9e<\/p>\n<\/li>\n<\/ul>\n<h2 data-start=\"3201\" data-end=\"3240\">Exigences l\u00e9gales et s\u00e9curit\u00e9<\/h2>\n<p data-start=\"3242\" data-end=\"3339\">Bevor SieBenzofuran-2-carbons\u00e4ure online kaufen von einer zuverl\u00e4ssigen Forschungsquelle, beachten Sie:<\/p>\n<ul data-start=\"3341\" data-end=\"3468\">\n<li data-start=\"3341\" data-end=\"3392\">\n<p data-start=\"3343\" data-end=\"3392\">Lois nationales et internationales sur les produits chimiques<\/p>\n<\/li>\n<li data-start=\"3393\" data-end=\"3423\">\n<p data-start=\"3395\" data-end=\"3423\">R\u00e9glementation d'importation\/exportation<\/p>\n<\/li>\n<li data-start=\"3424\" data-end=\"3468\">\n<p data-start=\"3426\" data-end=\"3468\">Exigences en mati\u00e8re de licences pour certaines substances<\/p>\n<\/li>\n<\/ul>\n<p data-start=\"3470\" data-end=\"3539\">Demandez \u00e9galement toujours une fiche de donn\u00e9es de s\u00e9curit\u00e9 (FDS).<\/p>\n<h3 data-start=\"3541\" data-end=\"3594\">Conclusion \u2013 Commander du benzofurane-2-carboxylique en toute s\u00e9curit\u00e9<\/h3>\n<p data-start=\"3596\" data-end=\"3668\">Si vous commandez r\u00e9guli\u00e8rement du benzofurane-2-carboxylique, faites attention \u00e0 :<\/p>\n<ul data-start=\"3670\" data-end=\"3776\">\n<li data-start=\"3670\" data-end=\"3695\">\n<p data-start=\"3672\" data-end=\"3695\">Revendeurs certifi\u00e9s<\/p>\n<\/li>\n<li data-start=\"3696\" data-end=\"3723\">\n<p data-start=\"3698\" data-end=\"3723\">Qualit\u00e9 certifi\u00e9e (COA)<\/p>\n<\/li>\n<li data-start=\"3724\" data-end=\"3747\">\n<p data-start=\"3726\" data-end=\"3747\">Exigences l\u00e9gales<\/p>\n<\/li>\n<li data-start=\"3748\" data-end=\"3776\">\n<p data-start=\"3750\" data-end=\"3776\">Documentation compl\u00e8te<\/p>\n<\/li>\n<\/ul>\n<p data-start=\"3778\" data-end=\"3959\">Que vous recherchiez un prix bon march\u00e9 pour le benzofurane-2-carboxylique ou que vous ayez besoin de la plus grande puret\u00e9, acheter aupr\u00e8s d'un fournisseur v\u00e9rifi\u00e9 est le seul moyen s\u00fbr.<\/p>","protected":false},"excerpt":{"rendered":"<div class=\"flex-shrink-0 flex flex-col relative items-end\">\n<div>\n<div class=\"pt-0\">\n<div class=\"gizmo-bot-avatar flex h-8 w-8 items-center justify-center overflow-hidden rounded-full\">\n<div class=\"relative p-1 rounded-sm flex items-center justify-center bg-token-main-surface-primary text-token-text-primary h-8 w-8\"><\/div>\n<\/div>\n<\/div>\n<\/div>\n<\/div>\n<div class=\"group\/conversation-turn relative flex w-full min-w-0 flex-col agent-turn\">\n<div class=\"flex-col gap-1 md:gap-3\">\n<div class=\"flex max-w-full flex-col flex-grow\">\n<div class=\"min-h-8 text-message flex w-full flex-col items-end gap-2 whitespace-normal break-words [.text-message+&amp;]:mt-5\" dir=\"auto\" data-message-author-role=\"assistant\" data-message-id=\"42c7ed22-510b-492b-8141-5cb0e68c07dc\" data-message-model-slug=\"gpt-4o-mini\">\n<div class=\"flex w-full flex-col gap-1 empty:hidden first:pt-[3px]\">\n<div class=\"result-streaming markdown prose w-full break-words dark:prose-invert light\">\n<p><strong>Benzofuran<\/strong> est un compos\u00e9 chimique qui sert d'unit\u00e9 de base dans divers compos\u00e9s organiques et m\u00e9dicaments. La structure du benzofurane se compose d'un <strong>Anneau de furane<\/strong> (un cycle \u00e0 cinq cha\u00eenons contenant un atome d'oxyg\u00e8ne) fusionne avec un <strong>Anneau de benz\u00e8ne<\/strong> (un cycle \u00e0 six cha\u00eenons avec des doubles liaisons altern\u00e9es). Cette structure est l'une des raisons pour lesquelles le benzofurane et ses d\u00e9riv\u00e9s sont si pertinents en chimie et en pharmacologie.<\/p>\n<ul>\n<li><strong>Nom IUPAC<\/strong>: Benzofuran<\/li>\n<li><strong>Formule brute<\/strong>C8H6O : C8H6O<\/li>\n<li><strong>Structure<\/strong>: Un <strong>Anneau de benz\u00e8ne<\/strong> (C6H5) est li\u00e9 \u00e0 un <strong>Anneau de furane<\/strong> (C4H3O) est li\u00e9 au furane. Le cycle furane est un cycle aromatique qui contient un atome d'oxyg\u00e8ne.<\/li>\n<\/ul>\n<\/div>\n<\/div>\n<\/div>\n<\/div>\n<\/div>\n<\/div>","protected":false},"featured_media":899,"comment_status":"open","ping_status":"closed","template":"","meta":{"_joinchat":[]},"product_brand":[],"product_cat":[52],"product_tag":[2618,2613,2615,2612,2619,2614,2617,2616,2533,2015],"class_list":{"0":"post-898","1":"product","2":"type-product","3":"status-publish","4":"has-post-thumbnail","6":"product_cat-benzofurans","7":"product_tag-benzofuran-chemikalien","8":"product_tag-benzofuran-kaufen","9":"product_tag-benzofuran-online-kaufen","10":"product_tag-benzofuran-2-carboxylat-kaufen","11":"product_tag-benzofuran-2-carboxylat-kaufen-online","12":"product_tag-benzofuran-2-carboxylat-kristalle","13":"product_tag-benzofuran-2-carboxylat-prodej","14":"product_tag-benzofuran-2-carboxylic-preis","15":"product_tag-chemikalien-kaufen","16":"product_tag-synthetische-drogen","18":"first","19":"instock","20":"shipping-taxable","21":"purchasable","22":"product-type-variable"},"yoast_head":"<!-- This site is optimized with the Yoast SEO plugin v26.1.1 - https:\/\/yoast.com\/wordpress\/plugins\/seo\/ -->\n<title>Benzofuran-2-carbons\u00e4ure online kaufen | Chemgramx<\/title>\n<meta name=\"description\" content=\"Unser Gesch\u00e4ft hat Benzofuran-2-carbons\u00e4ure in Topqualit\u00e4t zum Verkauf. Wenn Sie Benzofuran-2-carbons\u00e4ure online in unserem Chemgramx-Gesch\u00e4ft kaufen m\u00f6chten, kontaktieren Sie uns und lassen Sie es sich in K\u00fcrze liefern!\" \/>\n<meta name=\"robots\" content=\"index, follow, max-snippet:-1, max-image-preview:large, max-video-preview:-1\" \/>\n<link rel=\"canonical\" href=\"https:\/\/chemgramx.com\/fr\/produit\/benzofuran-2-carbonsaure\/\" \/>\n<meta property=\"og:locale\" content=\"fr_FR\" \/>\n<meta property=\"og:type\" content=\"article\" \/>\n<meta property=\"og:title\" content=\"Benzofuran-2-carbons\u00e4ure online kaufen | Chemgramx\" \/>\n<meta property=\"og:description\" content=\"Unser Gesch\u00e4ft hat Benzofuran-2-carbons\u00e4ure in Topqualit\u00e4t zum Verkauf. Wenn Sie Benzofuran-2-carbons\u00e4ure online in unserem Chemgramx-Gesch\u00e4ft kaufen m\u00f6chten, kontaktieren Sie uns und lassen Sie es sich in K\u00fcrze liefern!\" \/>\n<meta property=\"og:url\" content=\"https:\/\/chemgramx.com\/fr\/produit\/benzofuran-2-carbonsaure\/\" \/>\n<meta property=\"og:site_name\" content=\"Chemgramx\" \/>\n<meta property=\"article:modified_time\" content=\"2025-10-16T05:21:15+00:00\" \/>\n<meta property=\"og:image\" content=\"https:\/\/chemgramx.com\/wp-content\/uploads\/2024\/11\/Benzofuran-2-carboxylic.jpg\" \/>\n\t<meta property=\"og:image:width\" content=\"600\" \/>\n\t<meta property=\"og:image:height\" content=\"600\" \/>\n\t<meta property=\"og:image:type\" content=\"image\/jpeg\" \/>\n<meta name=\"twitter:card\" content=\"summary_large_image\" \/>\n<meta name=\"twitter:label1\" content=\"Dur\u00e9e de lecture estim\u00e9e\" \/>\n\t<meta name=\"twitter:data1\" content=\"2 minutes\" \/>\n<script type=\"application\/ld+json\" class=\"yoast-schema-graph\">{\"@context\":\"https:\/\/schema.org\",\"@graph\":[{\"@type\":\"WebPage\",\"@id\":\"https:\/\/chemgramx.com\/product\/benzofuran-2-carbonsaure\/\",\"url\":\"https:\/\/chemgramx.com\/product\/benzofuran-2-carbonsaure\/\",\"name\":\"Benzofuran-2-carbons\u00e4ure online kaufen | Chemgramx\",\"isPartOf\":{\"@id\":\"https:\/\/chemgramx.com\/#website\"},\"primaryImageOfPage\":{\"@id\":\"https:\/\/chemgramx.com\/product\/benzofuran-2-carbonsaure\/#primaryimage\"},\"image\":{\"@id\":\"https:\/\/chemgramx.com\/product\/benzofuran-2-carbonsaure\/#primaryimage\"},\"thumbnailUrl\":\"https:\/\/chemgramx.com\/wp-content\/uploads\/2024\/11\/Benzofuran-2-carboxylic.jpg\",\"datePublished\":\"2024-11-06T22:28:52+00:00\",\"dateModified\":\"2025-10-16T05:21:15+00:00\",\"description\":\"Unser Gesch\u00e4ft hat Benzofuran-2-carbons\u00e4ure in Topqualit\u00e4t zum Verkauf. Wenn Sie Benzofuran-2-carbons\u00e4ure online in unserem Chemgramx-Gesch\u00e4ft kaufen m\u00f6chten, kontaktieren Sie uns und lassen Sie es sich in K\u00fcrze liefern!\",\"breadcrumb\":{\"@id\":\"https:\/\/chemgramx.com\/product\/benzofuran-2-carbonsaure\/#breadcrumb\"},\"inLanguage\":\"fr-FR\",\"potentialAction\":[{\"@type\":\"ReadAction\",\"target\":[\"https:\/\/chemgramx.com\/product\/benzofuran-2-carbonsaure\/\"]}]},{\"@type\":\"ImageObject\",\"inLanguage\":\"fr-FR\",\"@id\":\"https:\/\/chemgramx.com\/product\/benzofuran-2-carbonsaure\/#primaryimage\",\"url\":\"https:\/\/chemgramx.com\/wp-content\/uploads\/2024\/11\/Benzofuran-2-carboxylic.jpg\",\"contentUrl\":\"https:\/\/chemgramx.com\/wp-content\/uploads\/2024\/11\/Benzofuran-2-carboxylic.jpg\",\"width\":600,\"height\":600,\"caption\":\"Benzofuran-2-carbons\u00e4ure online kaufen\"},{\"@type\":\"BreadcrumbList\",\"@id\":\"https:\/\/chemgramx.com\/product\/benzofuran-2-carbonsaure\/#breadcrumb\",\"itemListElement\":[{\"@type\":\"ListItem\",\"position\":1,\"name\":\"Home\",\"item\":\"https:\/\/chemgramx.com\/\"},{\"@type\":\"ListItem\",\"position\":2,\"name\":\"Shop\",\"item\":\"https:\/\/chemgramx.com\/shop\/\"},{\"@type\":\"ListItem\",\"position\":3,\"name\":\"Benzofuran-2-carboxylic online kaufen\"}]},{\"@type\":\"WebSite\",\"@id\":\"https:\/\/chemgramx.com\/#website\",\"url\":\"https:\/\/chemgramx.com\/\",\"name\":\"Chemgramx\",\"description\":\"\",\"publisher\":{\"@id\":\"https:\/\/chemgramx.com\/#organization\"},\"potentialAction\":[{\"@type\":\"SearchAction\",\"target\":{\"@type\":\"EntryPoint\",\"urlTemplate\":\"https:\/\/chemgramx.com\/?s={search_term_string}\"},\"query-input\":{\"@type\":\"PropertyValueSpecification\",\"valueRequired\":true,\"valueName\":\"search_term_string\"}}],\"inLanguage\":\"fr-FR\"},{\"@type\":\"Organization\",\"@id\":\"https:\/\/chemgramx.com\/#organization\",\"name\":\"Chemgramx\",\"url\":\"https:\/\/chemgramx.com\/\",\"logo\":{\"@type\":\"ImageObject\",\"inLanguage\":\"fr-FR\",\"@id\":\"https:\/\/chemgramx.com\/#\/schema\/logo\/image\/\",\"url\":\"https:\/\/chemgramx.com\/wp-content\/uploads\/2024\/10\/final-logo.png\",\"contentUrl\":\"https:\/\/chemgramx.com\/wp-content\/uploads\/2024\/10\/final-logo.png\",\"width\":250,\"height\":48,\"caption\":\"Chemgramx\"},\"image\":{\"@id\":\"https:\/\/chemgramx.com\/#\/schema\/logo\/image\/\"}}]}<\/script>\n<!-- \/ Yoast SEO plugin. -->","yoast_head_json":{"title":"Benzofuran-2-carbons\u00e4ure online kaufen | Chemgramx","description":"Unser Gesch\u00e4ft hat Benzofuran-2-carbons\u00e4ure in Topqualit\u00e4t zum Verkauf. Wenn Sie Benzofuran-2-carbons\u00e4ure online in unserem Chemgramx-Gesch\u00e4ft kaufen m\u00f6chten, kontaktieren Sie uns und lassen Sie es sich in K\u00fcrze liefern!","robots":{"index":"index","follow":"follow","max-snippet":"max-snippet:-1","max-image-preview":"max-image-preview:large","max-video-preview":"max-video-preview:-1"},"canonical":"https:\/\/chemgramx.com\/fr\/produit\/benzofuran-2-carbonsaure\/","og_locale":"fr_FR","og_type":"article","og_title":"Benzofuran-2-carbons\u00e4ure online kaufen | Chemgramx","og_description":"Unser Gesch\u00e4ft hat Benzofuran-2-carbons\u00e4ure in Topqualit\u00e4t zum Verkauf. Wenn Sie Benzofuran-2-carbons\u00e4ure online in unserem Chemgramx-Gesch\u00e4ft kaufen m\u00f6chten, kontaktieren Sie uns und lassen Sie es sich in K\u00fcrze liefern!","og_url":"https:\/\/chemgramx.com\/fr\/produit\/benzofuran-2-carbonsaure\/","og_site_name":"Chemgramx","article_modified_time":"2025-10-16T05:21:15+00:00","og_image":[{"width":600,"height":600,"url":"https:\/\/chemgramx.com\/wp-content\/uploads\/2024\/11\/Benzofuran-2-carboxylic.jpg","type":"image\/jpeg"}],"twitter_card":"summary_large_image","twitter_misc":{"Dur\u00e9e de lecture estim\u00e9e":"2 minutes"},"schema":{"@context":"https:\/\/schema.org","@graph":[{"@type":"WebPage","@id":"https:\/\/chemgramx.com\/product\/benzofuran-2-carbonsaure\/","url":"https:\/\/chemgramx.com\/product\/benzofuran-2-carbonsaure\/","name":"Benzofuran-2-carbons\u00e4ure online kaufen | Chemgramx","isPartOf":{"@id":"https:\/\/chemgramx.com\/#website"},"primaryImageOfPage":{"@id":"https:\/\/chemgramx.com\/product\/benzofuran-2-carbonsaure\/#primaryimage"},"image":{"@id":"https:\/\/chemgramx.com\/product\/benzofuran-2-carbonsaure\/#primaryimage"},"thumbnailUrl":"https:\/\/chemgramx.com\/wp-content\/uploads\/2024\/11\/Benzofuran-2-carboxylic.jpg","datePublished":"2024-11-06T22:28:52+00:00","dateModified":"2025-10-16T05:21:15+00:00","description":"Unser Gesch\u00e4ft hat Benzofuran-2-carbons\u00e4ure in Topqualit\u00e4t zum Verkauf. Wenn Sie Benzofuran-2-carbons\u00e4ure online in unserem Chemgramx-Gesch\u00e4ft kaufen m\u00f6chten, kontaktieren Sie uns und lassen Sie es sich in K\u00fcrze liefern!","breadcrumb":{"@id":"https:\/\/chemgramx.com\/product\/benzofuran-2-carbonsaure\/#breadcrumb"},"inLanguage":"fr-FR","potentialAction":[{"@type":"ReadAction","target":["https:\/\/chemgramx.com\/product\/benzofuran-2-carbonsaure\/"]}]},{"@type":"ImageObject","inLanguage":"fr-FR","@id":"https:\/\/chemgramx.com\/product\/benzofuran-2-carbonsaure\/#primaryimage","url":"https:\/\/chemgramx.com\/wp-content\/uploads\/2024\/11\/Benzofuran-2-carboxylic.jpg","contentUrl":"https:\/\/chemgramx.com\/wp-content\/uploads\/2024\/11\/Benzofuran-2-carboxylic.jpg","width":600,"height":600,"caption":"Benzofuran-2-carbons\u00e4ure online kaufen"},{"@type":"BreadcrumbList","@id":"https:\/\/chemgramx.com\/product\/benzofuran-2-carbonsaure\/#breadcrumb","itemListElement":[{"@type":"ListItem","position":1,"name":"Home","item":"https:\/\/chemgramx.com\/"},{"@type":"ListItem","position":2,"name":"Shop","item":"https:\/\/chemgramx.com\/shop\/"},{"@type":"ListItem","position":3,"name":"Benzofuran-2-carboxylic online kaufen"}]},{"@type":"WebSite","@id":"https:\/\/chemgramx.com\/#website","url":"https:\/\/chemgramx.com\/","name":"Chemgramx","description":"","publisher":{"@id":"https:\/\/chemgramx.com\/#organization"},"potentialAction":[{"@type":"SearchAction","target":{"@type":"EntryPoint","urlTemplate":"https:\/\/chemgramx.com\/?s={search_term_string}"},"query-input":{"@type":"PropertyValueSpecification","valueRequired":true,"valueName":"search_term_string"}}],"inLanguage":"fr-FR"},{"@type":"Organization","@id":"https:\/\/chemgramx.com\/#organization","name":"Chemgramx","url":"https:\/\/chemgramx.com\/","logo":{"@type":"ImageObject","inLanguage":"fr-FR","@id":"https:\/\/chemgramx.com\/#\/schema\/logo\/image\/","url":"https:\/\/chemgramx.com\/wp-content\/uploads\/2024\/10\/final-logo.png","contentUrl":"https:\/\/chemgramx.com\/wp-content\/uploads\/2024\/10\/final-logo.png","width":250,"height":48,"caption":"Chemgramx"},"image":{"@id":"https:\/\/chemgramx.com\/#\/schema\/logo\/image\/"}}]}},"_links":{"self":[{"href":"https:\/\/chemgramx.com\/fr\/wp-json\/wp\/v2\/product\/898","targetHints":{"allow":["GET"]}}],"collection":[{"href":"https:\/\/chemgramx.com\/fr\/wp-json\/wp\/v2\/product"}],"about":[{"href":"https:\/\/chemgramx.com\/fr\/wp-json\/wp\/v2\/types\/product"}],"replies":[{"embeddable":true,"href":"https:\/\/chemgramx.com\/fr\/wp-json\/wp\/v2\/comments?post=898"}],"wp:featuredmedia":[{"embeddable":true,"href":"https:\/\/chemgramx.com\/fr\/wp-json\/wp\/v2\/media\/899"}],"wp:attachment":[{"href":"https:\/\/chemgramx.com\/fr\/wp-json\/wp\/v2\/media?parent=898"}],"wp:term":[{"taxonomy":"product_brand","embeddable":true,"href":"https:\/\/chemgramx.com\/fr\/wp-json\/wp\/v2\/product_brand?post=898"},{"taxonomy":"product_cat","embeddable":true,"href":"https:\/\/chemgramx.com\/fr\/wp-json\/wp\/v2\/product_cat?post=898"},{"taxonomy":"product_tag","embeddable":true,"href":"https:\/\/chemgramx.com\/fr\/wp-json\/wp\/v2\/product_tag?post=898"}],"curies":[{"name":"wp","href":"https:\/\/api.w.org\/{rel}","templated":true}]}}