{"id":917,"date":"2024-11-18T22:34:03","date_gmt":"2024-11-18T22:34:03","guid":{"rendered":"https:\/\/chemgramx.com\/?post_type=product&#038;p=917"},"modified":"2025-10-14T10:44:00","modified_gmt":"2025-10-14T10:44:00","slug":"14-butandiol","status":"publish","type":"product","link":"https:\/\/chemgramx.com\/fr\/produit\/14-butandiol\/","title":{"rendered":"Acheter du 1,4-butanediol en ligne"},"content":{"rendered":"<h2 data-start=\"167\" data-end=\"247\">Achetez du 1,4-butanediol en ligne \u2013 Produits chimiques industriels de haute qualit\u00e9 chez ChemGramX<\/h2>\n<p data-start=\"249\" data-end=\"766\">Vous souhaitez acheter du 1,4-butanediol en ligne ou plus pr\u00e9cis\u00e9ment en ligne\u00a0? Chez ChemGramX, nous proposons du 1,4-butanediol de qualit\u00e9 sup\u00e9rieure pour une grande vari\u00e9t\u00e9 d'applications industrielles et pharmaceutiques. Ce produit chimique polyvalent est un composant essentiel \u00e0 la fabrication de solvants, de plastiques et de GBL. ChemGramX est votre partenaire de confiance si vous envisagez d'acheter du 1,4-butanediol. <a href=\"https:\/\/chemgramx.com\/fr\/produit\/14-butandiol\/\">o\u00f9 peut-on acheter du 1,4-butanediol<\/a> ou trouvez le meilleur endroit pour acheter du 1,4-butanediol en ligne.<\/p>\n<h3 data-start=\"768\" data-end=\"796\">Qu'est-ce que le 1,4-butanediol ?<\/h3>\n<p data-start=\"798\" data-end=\"1158\"><a href=\"https:\/\/en.wikipedia.org\/wiki\/1,4-Butanediol\">1,4-Butanediol (BDO)<\/a> C'est un liquide clair et visqueux de formule chimique C\u2084H\u2081\u2080O\u2082. Il est tr\u00e8s appr\u00e9ci\u00e9 dans l'industrie chimique pour ses fortes propri\u00e9t\u00e9s solvantes et sa polyvalence. Les chercheurs et les entreprises qui ach\u00e8tent du 1,4-butanediol en ligne l'utilisent dans des domaines tels que l'industrie pharmaceutique, la plasturgie et la synth\u00e8se chimique.<\/p>\n<h3 data-start=\"1160\" data-end=\"1195\">Applications du 1,4-butanediol<\/h3>\n<ul data-start=\"1197\" data-end=\"1674\">\n<li data-start=\"1197\" data-end=\"1315\">\n<p data-start=\"1199\" data-end=\"1315\">Solvant industriel : Efficace en synth\u00e8se chimique et comme solvant dans les proc\u00e9d\u00e9s industriels.<\/p>\n<\/li>\n<li data-start=\"1316\" data-end=\"1435\">\n<p data-start=\"1318\" data-end=\"1435\">Fabrication de mati\u00e8res plastiques : une mati\u00e8re premi\u00e8re essentielle pour la production de polyur\u00e9thanes et de plastiques techniques.<\/p>\n<\/li>\n<li data-start=\"1436\" data-end=\"1565\">\n<p data-start=\"1438\" data-end=\"1565\">Production pharmaceutique : Utilis\u00e9 dans la production de \u03b3-butyrolactone (GBL) et d'interm\u00e9diaires pharmaceutiques.<\/p>\n<\/li>\n<li data-start=\"1566\" data-end=\"1674\">\n<p data-start=\"1568\" data-end=\"1674\">Production de GBL : Essentiel pour la production de GBL, qui est utilis\u00e9 dans de nombreuses applications.<\/p>\n<\/li>\n<\/ul>\n<h3 data-start=\"1676\" data-end=\"1711\">Principales caract\u00e9ristiques et avantages<\/h3>\n<ul data-start=\"1713\" data-end=\"2166\">\n<li data-start=\"1713\" data-end=\"1829\">\n<p data-start=\"1715\" data-end=\"1829\">Haute puret\u00e9 : ChemGramX fournit uniquement du 1,4-butanediol test\u00e9 en laboratoire \u00e0 la vente pour des r\u00e9sultats fiables.<\/p>\n<\/li>\n<li data-start=\"1830\" data-end=\"1944\">\n<p data-start=\"1832\" data-end=\"1944\">Applications polyvalentes : Parfait pour la fabrication de plastiques, les processus chimiques et les applications pharmaceutiques.<\/p>\n<\/li>\n<li data-start=\"1945\" data-end=\"2058\">\n<p data-start=\"1947\" data-end=\"2058\">Conditions attractives : Un prix comp\u00e9titif du 1,4-Butanediol pour les commandes group\u00e9es et individuelles.<\/p>\n<\/li>\n<li data-start=\"2059\" data-end=\"2166\">\n<p data-start=\"2061\" data-end=\"2166\">Livraison s\u00e9curis\u00e9e : Traitement discret et fiable si vous souhaitez commander du 1,4-Butanediol.<\/p>\n<\/li>\n<\/ul>\n<h3 data-start=\"2168\" data-end=\"2207\">S\u00e9curit\u00e9 et informations juridiques<\/h3>\n<ul data-start=\"2209\" data-end=\"2680\">\n<li data-start=\"2209\" data-end=\"2386\">\n<p data-start=\"2211\" data-end=\"2386\">1,4-butanediol S\u00e9curit\u00e9\u00a0: Cette substance peut \u00eatre nocive si elle n\u2019est pas manipul\u00e9e correctement. Un \u00e9quipement de protection et des proc\u00e9dures s\u00e9curitaires sont essentiels.<\/p>\n<\/li>\n<li data-start=\"2387\" data-end=\"2545\">\n<p data-start=\"2389\" data-end=\"2545\">L\u00e9galit\u00e9 du 1,4-butanediol\u00a0: La l\u00e9galit\u00e9 varie selon les r\u00e9gions. V\u00e9rifiez la r\u00e9glementation locale avant d'acheter du 1,4-butanediol en ligne.<\/p>\n<\/li>\n<li data-start=\"2546\" data-end=\"2680\">\n<p data-start=\"2548\" data-end=\"2680\">Effets secondaires : L\u2019abus peut entra\u00eener des probl\u00e8mes respiratoires ou une s\u00e9dation car le 1,4-butanediol est m\u00e9tabolis\u00e9 en GHB dans le corps.<\/p>\n<\/li>\n<\/ul>\n<h3 data-start=\"2682\" data-end=\"2710\">Pourquoi choisir ChemGramX ?<\/h3>\n<p data-start=\"2712\" data-end=\"2888\">Si vous cherchez le meilleur endroit pour acheter du 1,4-butanediol en ligne, ChemGramX est le choix id\u00e9al. Nous accordons une grande importance \u00e0 la qualit\u00e9, \u00e0 la s\u00e9curit\u00e9 et \u00e0 la satisfaction client.<\/p>\n<ul data-start=\"2890\" data-end=\"3104\">\n<li data-start=\"2890\" data-end=\"2956\">\n<p data-start=\"2892\" data-end=\"2956\">Qualit\u00e9 sup\u00e9rieure : test\u00e9 en laboratoire pour une puret\u00e9 maximale.<\/p>\n<\/li>\n<li data-start=\"2957\" data-end=\"3030\">\n<p data-start=\"2959\" data-end=\"3030\">Options de commande flexibles : commandes en gros et individuelles disponibles.<\/p>\n<\/li>\n<li data-start=\"3031\" data-end=\"3104\">\n<p data-start=\"3033\" data-end=\"3104\">Support client : Assistance et conseil pour toutes les exigences.<\/p>\n<\/li>\n<\/ul>\n<h3 data-start=\"3106\" data-end=\"3164\">Commandez le 1,4-butanediol aujourd'hui sur ChemGramX<\/h3>\n<p data-start=\"3166\" data-end=\"3700\">D\u00e9couvrez le potentiel du 1,4-butanediol pour vos applications industrielles et pharmaceutiques. Rendez-vous sur ChemGramX pour commander nos produits de haute qualit\u00e9. Que vous cherchiez du 1,4-butanediol, que vous l'achetiez en ligne ou que vous cherchiez le meilleur endroit pour en acheter, nous vous proposons des prix comp\u00e9titifs, une livraison rapide et une qualit\u00e9 garantie. Achetez du 1,4-butanediol en ligne d\u00e8s maintenant aupr\u00e8s d'une source de recherche fiable et d\u00e9couvrez le service ChemGramX.<\/p>","protected":false},"excerpt":{"rendered":"<p>Le 1,4-butanediol est un solvant industriel et un pr\u00e9curseur couramment utilis\u00e9 dans la fabrication de plastiques, de fibres \u00e9lastiques et de polyur\u00e9thanes. Il est \u00e9galement connu pour provoquer dans l'organisme des <strong>GHB (gamma-hydroxybutyrate)<\/strong> est m\u00e9tabolis\u00e9 et fait donc parfois l'objet d'une consommation abusive.<\/p>\n<h3><strong>Faits importants<\/strong><\/h3>\n<p><strong>Utilisation<\/strong>: applications industrielles (p. ex. fabrication de spandex, de solvants) et ill\u00e9gales comme s\u00e9datifs.<br \/>\n<strong>Effet<\/strong>: euphorie, relaxation, somnolence (similaire au GHB).<br \/>\n<strong>D\u00e9but de l'effet<\/strong>20-40 minutes apr\u00e8s l'ingestion.<br \/>\n<strong>Dur\u00e9e<\/strong>2-4 heures.<\/p>","protected":false},"featured_media":918,"comment_status":"open","ping_status":"closed","template":"","meta":{"_joinchat":[]},"product_brand":[],"product_cat":[65],"product_tag":[627,628,636,637,643,645,642,634,644,640,635,629,639,630,646,632,638,633,641,631],"class_list":{"0":"post-917","1":"product","2":"type-product","3":"status-publish","4":"has-post-thumbnail","6":"product_cat-arylcyclohexylamine","7":"product_tag-627","8":"product_tag-4-butandiol","9":"product_tag-4-butandiol-anwendung","10":"product_tag-4-butandiol-chemische-herstellung","11":"product_tag-4-butandiol-eigenschaften","12":"product_tag-4-butandiol-forschung","13":"product_tag-4-butandiol-fur-laboranwendungen","14":"product_tag-4-butandiol-groshandel","15":"product_tag-4-butandiol-groshandler","16":"product_tag-4-butandiol-handhabung","17":"product_tag-4-butandiol-industrielle-verwendung","18":"product_tag-4-butandiol-kaufen","19":"product_tag-4-butandiol-lagerung","20":"product_tag-4-butandiol-lieferant","21":"product_tag-4-butandiol-nutzung","22":"product_tag-4-butandiol-preis","23":"product_tag-4-butandiol-sicherheit","24":"product_tag-4-butandiol-verfugbarkeit","25":"product_tag-4-butandiol-vorschriften","26":"product_tag-4-butandiol-zum-verkauf","28":"first","29":"instock","30":"shipping-taxable","31":"purchasable","32":"product-type-variable"},"yoast_head":"<!-- This site is optimized with the Yoast SEO plugin v26.1.1 - https:\/\/yoast.com\/wordpress\/plugins\/seo\/ -->\n<title>1,4-Butandiol zu verkaufen \u2013 1,4-Butandiol online kaufen<\/title>\n<meta name=\"description\" content=\"Entdecken Sie unseren Online-Shop f\u00fcr 1,4-Butandiol zu verkaufen, der hochwertiges 1,4-Butandiol anbietet. 1,4-Butandiol sicher online Kaufen und beginnen Sie Ihre Forschungsreise voller Zuversicht.\" \/>\n<meta name=\"robots\" content=\"index, follow, max-snippet:-1, max-image-preview:large, max-video-preview:-1\" \/>\n<link rel=\"canonical\" href=\"https:\/\/chemgramx.com\/fr\/produit\/14-butandiol\/\" \/>\n<meta property=\"og:locale\" content=\"fr_FR\" \/>\n<meta property=\"og:type\" content=\"article\" \/>\n<meta property=\"og:title\" content=\"1,4-Butandiol zu verkaufen \u2013 1,4-Butandiol online kaufen\" \/>\n<meta property=\"og:description\" content=\"Entdecken Sie unseren Online-Shop f\u00fcr 1,4-Butandiol zu verkaufen, der hochwertiges 1,4-Butandiol anbietet. 1,4-Butandiol sicher online Kaufen und beginnen Sie Ihre Forschungsreise voller Zuversicht.\" \/>\n<meta property=\"og:url\" content=\"https:\/\/chemgramx.com\/fr\/produit\/14-butandiol\/\" \/>\n<meta property=\"og:site_name\" content=\"Chemgramx\" \/>\n<meta property=\"article:modified_time\" content=\"2025-10-14T10:44:00+00:00\" \/>\n<meta property=\"og:image\" content=\"https:\/\/chemgramx.com\/wp-content\/uploads\/2024\/11\/Butanediol-Online.jpg\" \/>\n\t<meta property=\"og:image:width\" content=\"607\" \/>\n\t<meta property=\"og:image:height\" content=\"551\" \/>\n\t<meta property=\"og:image:type\" content=\"image\/jpeg\" \/>\n<meta name=\"twitter:card\" content=\"summary_large_image\" \/>\n<meta name=\"twitter:label1\" content=\"Dur\u00e9e de lecture estim\u00e9e\" \/>\n\t<meta name=\"twitter:data1\" content=\"2 minutes\" \/>\n<script type=\"application\/ld+json\" class=\"yoast-schema-graph\">{\"@context\":\"https:\/\/schema.org\",\"@graph\":[{\"@type\":\"WebPage\",\"@id\":\"https:\/\/chemgramx.com\/product\/14-butandiol\/\",\"url\":\"https:\/\/chemgramx.com\/product\/14-butandiol\/\",\"name\":\"1,4-Butandiol zu verkaufen \u2013 1,4-Butandiol online kaufen\",\"isPartOf\":{\"@id\":\"https:\/\/chemgramx.com\/#website\"},\"primaryImageOfPage\":{\"@id\":\"https:\/\/chemgramx.com\/product\/14-butandiol\/#primaryimage\"},\"image\":{\"@id\":\"https:\/\/chemgramx.com\/product\/14-butandiol\/#primaryimage\"},\"thumbnailUrl\":\"https:\/\/chemgramx.com\/wp-content\/uploads\/2024\/11\/Butanediol-Online.jpg\",\"datePublished\":\"2024-11-18T22:34:03+00:00\",\"dateModified\":\"2025-10-14T10:44:00+00:00\",\"description\":\"Entdecken Sie unseren Online-Shop f\u00fcr 1,4-Butandiol zu verkaufen, der hochwertiges 1,4-Butandiol anbietet. 1,4-Butandiol sicher online Kaufen und beginnen Sie Ihre Forschungsreise voller Zuversicht.\",\"breadcrumb\":{\"@id\":\"https:\/\/chemgramx.com\/product\/14-butandiol\/#breadcrumb\"},\"inLanguage\":\"fr-FR\",\"potentialAction\":[{\"@type\":\"ReadAction\",\"target\":[\"https:\/\/chemgramx.com\/product\/14-butandiol\/\"]}]},{\"@type\":\"ImageObject\",\"inLanguage\":\"fr-FR\",\"@id\":\"https:\/\/chemgramx.com\/product\/14-butandiol\/#primaryimage\",\"url\":\"https:\/\/chemgramx.com\/wp-content\/uploads\/2024\/11\/Butanediol-Online.jpg\",\"contentUrl\":\"https:\/\/chemgramx.com\/wp-content\/uploads\/2024\/11\/Butanediol-Online.jpg\",\"width\":607,\"height\":551,\"caption\":\"1,4-Butandiol online kaufen\"},{\"@type\":\"BreadcrumbList\",\"@id\":\"https:\/\/chemgramx.com\/product\/14-butandiol\/#breadcrumb\",\"itemListElement\":[{\"@type\":\"ListItem\",\"position\":1,\"name\":\"Home\",\"item\":\"https:\/\/chemgramx.com\/\"},{\"@type\":\"ListItem\",\"position\":2,\"name\":\"Shop\",\"item\":\"https:\/\/chemgramx.com\/shop\/\"},{\"@type\":\"ListItem\",\"position\":3,\"name\":\"1,4-Butanediol Online Kaufen\"}]},{\"@type\":\"WebSite\",\"@id\":\"https:\/\/chemgramx.com\/#website\",\"url\":\"https:\/\/chemgramx.com\/\",\"name\":\"Chemgramx\",\"description\":\"\",\"publisher\":{\"@id\":\"https:\/\/chemgramx.com\/#organization\"},\"potentialAction\":[{\"@type\":\"SearchAction\",\"target\":{\"@type\":\"EntryPoint\",\"urlTemplate\":\"https:\/\/chemgramx.com\/?s={search_term_string}\"},\"query-input\":{\"@type\":\"PropertyValueSpecification\",\"valueRequired\":true,\"valueName\":\"search_term_string\"}}],\"inLanguage\":\"fr-FR\"},{\"@type\":\"Organization\",\"@id\":\"https:\/\/chemgramx.com\/#organization\",\"name\":\"Chemgramx\",\"url\":\"https:\/\/chemgramx.com\/\",\"logo\":{\"@type\":\"ImageObject\",\"inLanguage\":\"fr-FR\",\"@id\":\"https:\/\/chemgramx.com\/#\/schema\/logo\/image\/\",\"url\":\"https:\/\/chemgramx.com\/wp-content\/uploads\/2024\/10\/final-logo.png\",\"contentUrl\":\"https:\/\/chemgramx.com\/wp-content\/uploads\/2024\/10\/final-logo.png\",\"width\":250,\"height\":48,\"caption\":\"Chemgramx\"},\"image\":{\"@id\":\"https:\/\/chemgramx.com\/#\/schema\/logo\/image\/\"}}]}<\/script>\n<!-- \/ Yoast SEO plugin. -->","yoast_head_json":{"title":"1,4-butanediol \u00e0 vendre \u2013 Achetez du 1,4-butanediol en ligne","description":"D\u00e9couvrez notre boutique en ligne de 1,4-butanediol de haute qualit\u00e9. Achetez du 1,4-butanediol en ligne en toute s\u00e9curit\u00e9 et commencez vos recherches en toute confiance.","robots":{"index":"index","follow":"follow","max-snippet":"max-snippet:-1","max-image-preview":"max-image-preview:large","max-video-preview":"max-video-preview:-1"},"canonical":"https:\/\/chemgramx.com\/fr\/produit\/14-butandiol\/","og_locale":"fr_FR","og_type":"article","og_title":"1,4-Butandiol zu verkaufen \u2013 1,4-Butandiol online kaufen","og_description":"Entdecken Sie unseren Online-Shop f\u00fcr 1,4-Butandiol zu verkaufen, der hochwertiges 1,4-Butandiol anbietet. 1,4-Butandiol sicher online Kaufen und beginnen Sie Ihre Forschungsreise voller Zuversicht.","og_url":"https:\/\/chemgramx.com\/fr\/produit\/14-butandiol\/","og_site_name":"Chemgramx","article_modified_time":"2025-10-14T10:44:00+00:00","og_image":[{"width":607,"height":551,"url":"https:\/\/chemgramx.com\/wp-content\/uploads\/2024\/11\/Butanediol-Online.jpg","type":"image\/jpeg"}],"twitter_card":"summary_large_image","twitter_misc":{"Dur\u00e9e de lecture estim\u00e9e":"2 minutes"},"schema":{"@context":"https:\/\/schema.org","@graph":[{"@type":"WebPage","@id":"https:\/\/chemgramx.com\/product\/14-butandiol\/","url":"https:\/\/chemgramx.com\/product\/14-butandiol\/","name":"1,4-butanediol \u00e0 vendre \u2013 Achetez du 1,4-butanediol en ligne","isPartOf":{"@id":"https:\/\/chemgramx.com\/#website"},"primaryImageOfPage":{"@id":"https:\/\/chemgramx.com\/product\/14-butandiol\/#primaryimage"},"image":{"@id":"https:\/\/chemgramx.com\/product\/14-butandiol\/#primaryimage"},"thumbnailUrl":"https:\/\/chemgramx.com\/wp-content\/uploads\/2024\/11\/Butanediol-Online.jpg","datePublished":"2024-11-18T22:34:03+00:00","dateModified":"2025-10-14T10:44:00+00:00","description":"D\u00e9couvrez notre boutique en ligne de 1,4-butanediol de haute qualit\u00e9. Achetez du 1,4-butanediol en ligne en toute s\u00e9curit\u00e9 et commencez vos recherches en toute confiance.","breadcrumb":{"@id":"https:\/\/chemgramx.com\/product\/14-butandiol\/#breadcrumb"},"inLanguage":"fr-FR","potentialAction":[{"@type":"ReadAction","target":["https:\/\/chemgramx.com\/product\/14-butandiol\/"]}]},{"@type":"ImageObject","inLanguage":"fr-FR","@id":"https:\/\/chemgramx.com\/product\/14-butandiol\/#primaryimage","url":"https:\/\/chemgramx.com\/wp-content\/uploads\/2024\/11\/Butanediol-Online.jpg","contentUrl":"https:\/\/chemgramx.com\/wp-content\/uploads\/2024\/11\/Butanediol-Online.jpg","width":607,"height":551,"caption":"1,4-Butandiol online kaufen"},{"@type":"BreadcrumbList","@id":"https:\/\/chemgramx.com\/product\/14-butandiol\/#breadcrumb","itemListElement":[{"@type":"ListItem","position":1,"name":"Home","item":"https:\/\/chemgramx.com\/"},{"@type":"ListItem","position":2,"name":"Shop","item":"https:\/\/chemgramx.com\/shop\/"},{"@type":"ListItem","position":3,"name":"1,4-Butanediol Online Kaufen"}]},{"@type":"WebSite","@id":"https:\/\/chemgramx.com\/#website","url":"https:\/\/chemgramx.com\/","name":"Chemgramx","description":"","publisher":{"@id":"https:\/\/chemgramx.com\/#organization"},"potentialAction":[{"@type":"SearchAction","target":{"@type":"EntryPoint","urlTemplate":"https:\/\/chemgramx.com\/?s={search_term_string}"},"query-input":{"@type":"PropertyValueSpecification","valueRequired":true,"valueName":"search_term_string"}}],"inLanguage":"fr-FR"},{"@type":"Organization","@id":"https:\/\/chemgramx.com\/#organization","name":"Chemgramx","url":"https:\/\/chemgramx.com\/","logo":{"@type":"ImageObject","inLanguage":"fr-FR","@id":"https:\/\/chemgramx.com\/#\/schema\/logo\/image\/","url":"https:\/\/chemgramx.com\/wp-content\/uploads\/2024\/10\/final-logo.png","contentUrl":"https:\/\/chemgramx.com\/wp-content\/uploads\/2024\/10\/final-logo.png","width":250,"height":48,"caption":"Chemgramx"},"image":{"@id":"https:\/\/chemgramx.com\/#\/schema\/logo\/image\/"}}]}},"_links":{"self":[{"href":"https:\/\/chemgramx.com\/fr\/wp-json\/wp\/v2\/product\/917","targetHints":{"allow":["GET"]}}],"collection":[{"href":"https:\/\/chemgramx.com\/fr\/wp-json\/wp\/v2\/product"}],"about":[{"href":"https:\/\/chemgramx.com\/fr\/wp-json\/wp\/v2\/types\/product"}],"replies":[{"embeddable":true,"href":"https:\/\/chemgramx.com\/fr\/wp-json\/wp\/v2\/comments?post=917"}],"wp:featuredmedia":[{"embeddable":true,"href":"https:\/\/chemgramx.com\/fr\/wp-json\/wp\/v2\/media\/918"}],"wp:attachment":[{"href":"https:\/\/chemgramx.com\/fr\/wp-json\/wp\/v2\/media?parent=917"}],"wp:term":[{"taxonomy":"product_brand","embeddable":true,"href":"https:\/\/chemgramx.com\/fr\/wp-json\/wp\/v2\/product_brand?post=917"},{"taxonomy":"product_cat","embeddable":true,"href":"https:\/\/chemgramx.com\/fr\/wp-json\/wp\/v2\/product_cat?post=917"},{"taxonomy":"product_tag","embeddable":true,"href":"https:\/\/chemgramx.com\/fr\/wp-json\/wp\/v2\/product_tag?post=917"}],"curies":[{"name":"wp","href":"https:\/\/api.w.org\/{rel}","templated":true}]}}