{"id":922,"date":"2024-11-18T23:33:25","date_gmt":"2024-11-18T23:33:25","guid":{"rendered":"https:\/\/chemgramx.com\/?post_type=product&#038;p=922"},"modified":"2025-10-16T06:45:02","modified_gmt":"2025-10-16T06:45:02","slug":"buc-183","status":"publish","type":"product","link":"https:\/\/chemgramx.com\/fr\/produit\/buc-183\/","title":{"rendered":"Acheter BUC-183 en ligne"},"content":{"rendered":"<h2 data-start=\"193\" data-end=\"280\">Achetez de la poudre BUC-183 en ligne \u2013 Qualit\u00e9 sup\u00e9rieure pour la recherche sur ChemGramX<\/h2>\n<p data-start=\"282\" data-end=\"608\">M\u00f6chten Sie BUC-183 oder direkt <a href=\"https:\/\/chemgramx.com\/fr\/produit\/buc-183\/\">Acheter BUC-183 en ligne<\/a>? Bei ChemGramX bieten wir hochwertiges BUC-183 zu verkaufen f\u00fcr Forschungszwecke an. Unser BUC-183 Pulver \u00fcberzeugt durch h\u00f6chste Reinheit und zuverl\u00e4ssige Qualit\u00e4t. Wenn Sie sich fragen, wo kann man BUC-183 kaufen, ist ChemGramX der richtige Ansprechpartner.<\/p>\n<h3 data-start=\"610\" data-end=\"638\">Qu'est-ce que la poudre BUC-183 ?<\/h3>\n<p data-start=\"640\" data-end=\"1069\"><a href=\"https:\/\/en.wikipedia.org\/wiki\/Blackbuck\">BUC-183<\/a>Le BUC-183, \u00e9galement connu sous le nom de R-30490, est un analogue opio\u00efde synth\u00e9tique utilis\u00e9 principalement en m\u00e9decine v\u00e9t\u00e9rinaire comme tranquillisant pour les animaux. Les chercheurs souhaitant commander du BUC-183 ou l'acheter en ligne s'int\u00e9ressent particuli\u00e8rement \u00e0 sa puissance et \u00e0 ses effets sur les r\u00e9cepteurs opio\u00efdes. Ces propri\u00e9t\u00e9s font du BUC-183 une cible de recherche importante en pharmacologie et en toxicologie.<\/p>\n<h3 data-start=\"1071\" data-end=\"1112\">Principales caract\u00e9ristiques de la poudre BUC-183<\/h3>\n<ul data-start=\"1114\" data-end=\"1537\">\n<li data-start=\"1114\" data-end=\"1249\">\n<p data-start=\"1116\" data-end=\"1249\">Haute puret\u00e9 : chez ChemGramX, nous garantissons une poudre BUC-183 pure \u00e0 99 %, garantissant des r\u00e9sultats coh\u00e9rents et fiables.<\/p>\n<\/li>\n<li data-start=\"1250\" data-end=\"1373\">\n<p data-start=\"1252\" data-end=\"1373\">Effet puissant : En raison de son effet puissant, le BUC-183 doit \u00eatre utilis\u00e9 avec une extr\u00eame prudence \u00e0 des fins de recherche.<\/p>\n<\/li>\n<li data-start=\"1374\" data-end=\"1537\">\n<p data-start=\"1376\" data-end=\"1537\">Applications de recherche : Principalement utilis\u00e9 pour \u00e9tudier l\u2019interaction des r\u00e9cepteurs opio\u00efdes et pour analyser les propri\u00e9t\u00e9s pharmacodynamiques.<\/p>\n<\/li>\n<\/ul>\n<h3 data-start=\"1539\" data-end=\"1590\">Pourquoi choisir ChemGramX pour votre poudre BUC-183 ?<\/h3>\n<p data-start=\"1592\" data-end=\"1935\">Pour de nombreux chercheurs, ChemGramX est le meilleur endroit pour acheter du BUC-183 en ligne. Notre BUC-183 est test\u00e9 en laboratoire et nous garantissons une livraison discr\u00e8te. Que vous souhaitiez simplement comparer le prix actuel du BUC-183 ou acheter du BUC-183 en ligne aupr\u00e8s d'une source de recherche fiable, ChemGramX est votre choix id\u00e9al.<\/p>\n<ul data-start=\"1937\" data-end=\"2263\">\n<li data-start=\"1937\" data-end=\"2004\">\n<p data-start=\"1939\" data-end=\"2004\">Puret\u00e9 \u00e0 99 % : Test\u00e9 en laboratoire pour une qualit\u00e9 de recherche optimale.<\/p>\n<\/li>\n<li data-start=\"2005\" data-end=\"2085\">\n<p data-start=\"2007\" data-end=\"2085\">Exp\u00e9dition s\u00e9curis\u00e9e : Emballage discret et livraison rapide dans le monde entier.<\/p>\n<\/li>\n<li data-start=\"2086\" data-end=\"2167\">\n<p data-start=\"2088\" data-end=\"2167\">Prix \u200b\u200battractifs : Notre prix BUC-183 est comp\u00e9titif et juste.<\/p>\n<\/li>\n<li data-start=\"2168\" data-end=\"2263\">\n<p data-start=\"2170\" data-end=\"2263\">Soutien d'experts : Conseils d'experts sur toutes les applications de recherche du BUC-183.<\/p>\n<\/li>\n<\/ul>\n<h3 data-start=\"2265\" data-end=\"2307\">S\u00e9curit\u00e9 et manipulation du BUC-183<\/h3>\n<p data-start=\"2309\" data-end=\"2608\">En raison de sa forte activit\u00e9, le BUC-183 ne doit \u00eatre utilis\u00e9 qu'avec un \u00e9quipement de protection individuelle. Toute personne souhaitant acheter ou commander du BUC-183 en ligne doit noter qu'il s'agit d'une substance destin\u00e9e \u00e0 la recherche et que son utilisation doit \u00eatre conforme \u00e0 la l\u00e9gislation en vigueur.<\/p>\n<h3 data-start=\"2610\" data-end=\"2645\">Statut juridique du BUC-183<\/h3>\n<p data-start=\"2647\" data-end=\"2928\">Der rechtliche Status variiert je nach Region. Bevor Sie sich entscheiden, BUC-183 online kaufen, sollten Sie sich \u00fcber die lokale Gesetzeslage informieren. In vielen L\u00e4ndern unterliegt BUC-183 strengen Regularien, was es noch wichtiger macht, einen seri\u00f6sen Anbieter zu w\u00e4hlen.<\/p>\n<h3 data-start=\"2930\" data-end=\"2977\">Pourquoi acheter de la poudre BUC-183 chez ChemGramX ?<\/h3>\n<ul data-start=\"2979\" data-end=\"3228\">\n<li data-start=\"2979\" data-end=\"3082\">\n<p data-start=\"2981\" data-end=\"3082\">Vertrauensw\u00fcrdiger Anbieter: ChemGramX ist bekannt als sichere Quelle f\u00fcr BUC-183 zu verkaufen.<\/p>\n<\/li>\n<li data-start=\"3083\" data-end=\"3151\">\n<p data-start=\"3085\" data-end=\"3151\">Normes de qualit\u00e9 les plus \u00e9lev\u00e9es : tous les produits sont test\u00e9s en laboratoire.<\/p>\n<\/li>\n<\/ul>\n<h3 data-start=\"3230\" data-end=\"3288\">Commandez la poudre BUC-183 aujourd'hui sur ChemGramX<\/h3>\n<p data-start=\"3290\" data-end=\"3629\">Sind Sie bereit, BUC-183 kaufen oder direkt kaufen BUC-183 online von einer zuverl\u00e4ssigen Forschungsquelle? Dann besuchen Sie ChemGramX. Mit schnellem Versand, seri\u00f6sem Service und konkurrenzf\u00e4higem BUC-183 price sind wir Ihre erste Adresse f\u00fcr BUC-183 for sale. Bestellen Sie jetzt und bringen Sie Ihre Forschung auf das n\u00e4chste Level.<\/p>","protected":false},"excerpt":{"rendered":"<p><strong>BUC-183<\/strong> est un nouveau compos\u00e9 synth\u00e9tique aux propri\u00e9t\u00e9s stimulantes et fait partie de la famille des \"produits d'entretien\". <strong>Famille des cathinones<\/strong>. Comme d'autres cathinones, il est structurellement apparent\u00e9 aux amph\u00e9tamines et peut produire des effets tels que l'euphorie, la stimulation et une concentration accrue. Cependant, le BUC-183 \u00e9tant relativement nouveau et peu \u00e9tudi\u00e9, ses effets, ses risques et ses effets \u00e0 long terme sont en grande partie inconnus.<\/p>\n<h3><strong>Faits importants<\/strong><\/h3>\n<p><strong>Classe chimique<\/strong>: Cathinone \/ D\u00e9riv\u00e9 d'amph\u00e9tamine<br \/>\n<strong>Effet<\/strong>Probablement stimulant et empathog\u00e8ne (similaire \u00e0 la MDMA ou \u00e0 la m\u00e9thcathinone).<br \/>\n<strong>D\u00e9but de l'effet<\/strong>Estim\u00e9 \u00e0 20-40 minutes apr\u00e8s l'ingestion<br \/>\n<strong>Dur\u00e9e<\/strong>Estim\u00e9 \u00e0 4-6 heures<\/p>","protected":false},"featured_media":924,"comment_status":"open","ping_status":"closed","template":"","meta":{"_joinchat":[]},"product_brand":[],"product_cat":[97],"product_tag":[647,661,656,662,652,665,653,663,657,664,650,659,649,666,654,658,667,655,660,651,648],"class_list":{"0":"post-922","1":"product","2":"type-product","3":"status-publish","4":"has-post-thumbnail","6":"product_cat-forschungschemikalien","7":"product_tag-buc-183","8":"product_tag-buc-183-analyse","9":"product_tag-buc-183-anwendung","10":"product_tag-buc-183-chemie","11":"product_tag-buc-183-forschungschemikalie","12":"product_tag-buc-183-fur-laboranwendungen","13":"product_tag-buc-183-fur-veterinare-anwendungen","14":"product_tag-buc-183-groshandel","15":"product_tag-buc-183-handhabung","16":"product_tag-buc-183-in-grosen-mengen","17":"product_tag-buc-183-kaufen","18":"product_tag-buc-183-lagerung","19":"product_tag-buc-183-lieferant","20":"product_tag-buc-183-markt","21":"product_tag-buc-183-preis","22":"product_tag-buc-183-sicherheit","23":"product_tag-buc-183-studien","24":"product_tag-buc-183-verfugbarkeit","25":"product_tag-buc-183-vorschriften","26":"product_tag-buc-183-zum-verkauf","27":"product_tag-r-30490","29":"first","30":"instock","31":"shipping-taxable","32":"purchasable","33":"product-type-variable"},"yoast_head":"<!-- This site is optimized with the Yoast SEO plugin v26.1.1 - https:\/\/yoast.com\/wordpress\/plugins\/seo\/ -->\n<title>BUC-183 zu verkaufen \u2013 BUC-183 online kaufen | chemgramx<\/title>\n<meta name=\"description\" content=\"Sie k\u00f6nnen BUC-183 zu den besten Preisen in unserem Chemgramx-Onlineshop kaufen. Wir sind hier, um Ihnen zu helfen, BUC-183 online zu kaufen. Verbinden Sie sich noch heute mit dem besten Shop der Stadt!\" \/>\n<meta name=\"robots\" content=\"index, follow, max-snippet:-1, max-image-preview:large, max-video-preview:-1\" \/>\n<link rel=\"canonical\" href=\"https:\/\/chemgramx.com\/fr\/produit\/buc-183\/\" \/>\n<meta property=\"og:locale\" content=\"fr_FR\" \/>\n<meta property=\"og:type\" content=\"article\" \/>\n<meta property=\"og:title\" content=\"BUC-183 zu verkaufen \u2013 BUC-183 online kaufen | chemgramx\" \/>\n<meta property=\"og:description\" content=\"Sie k\u00f6nnen BUC-183 zu den besten Preisen in unserem Chemgramx-Onlineshop kaufen. Wir sind hier, um Ihnen zu helfen, BUC-183 online zu kaufen. Verbinden Sie sich noch heute mit dem besten Shop der Stadt!\" \/>\n<meta property=\"og:url\" content=\"https:\/\/chemgramx.com\/fr\/produit\/buc-183\/\" \/>\n<meta property=\"og:site_name\" content=\"Chemgramx\" \/>\n<meta property=\"article:modified_time\" content=\"2025-10-16T06:45:02+00:00\" \/>\n<meta property=\"og:image\" content=\"https:\/\/chemgramx.com\/wp-content\/uploads\/2024\/11\/Buy-BUC-183-99-pure-white-powder-online.webp\" \/>\n\t<meta property=\"og:image:width\" content=\"500\" \/>\n\t<meta property=\"og:image:height\" content=\"500\" \/>\n\t<meta property=\"og:image:type\" content=\"image\/webp\" \/>\n<meta name=\"twitter:card\" content=\"summary_large_image\" \/>\n<meta name=\"twitter:label1\" content=\"Dur\u00e9e de lecture estim\u00e9e\" \/>\n\t<meta name=\"twitter:data1\" content=\"3 minutes\" \/>\n<script type=\"application\/ld+json\" class=\"yoast-schema-graph\">{\"@context\":\"https:\/\/schema.org\",\"@graph\":[{\"@type\":\"WebPage\",\"@id\":\"https:\/\/chemgramx.com\/product\/buc-183\/\",\"url\":\"https:\/\/chemgramx.com\/product\/buc-183\/\",\"name\":\"BUC-183 zu verkaufen \u2013 BUC-183 online kaufen | chemgramx\",\"isPartOf\":{\"@id\":\"https:\/\/chemgramx.com\/#website\"},\"primaryImageOfPage\":{\"@id\":\"https:\/\/chemgramx.com\/product\/buc-183\/#primaryimage\"},\"image\":{\"@id\":\"https:\/\/chemgramx.com\/product\/buc-183\/#primaryimage\"},\"thumbnailUrl\":\"https:\/\/chemgramx.com\/wp-content\/uploads\/2024\/11\/Buy-BUC-183-99-pure-white-powder-online.webp\",\"datePublished\":\"2024-11-18T23:33:25+00:00\",\"dateModified\":\"2025-10-16T06:45:02+00:00\",\"description\":\"Sie k\u00f6nnen BUC-183 zu den besten Preisen in unserem Chemgramx-Onlineshop kaufen. Wir sind hier, um Ihnen zu helfen, BUC-183 online zu kaufen. Verbinden Sie sich noch heute mit dem besten Shop der Stadt!\",\"breadcrumb\":{\"@id\":\"https:\/\/chemgramx.com\/product\/buc-183\/#breadcrumb\"},\"inLanguage\":\"fr-FR\",\"potentialAction\":[{\"@type\":\"ReadAction\",\"target\":[\"https:\/\/chemgramx.com\/product\/buc-183\/\"]}]},{\"@type\":\"ImageObject\",\"inLanguage\":\"fr-FR\",\"@id\":\"https:\/\/chemgramx.com\/product\/buc-183\/#primaryimage\",\"url\":\"https:\/\/chemgramx.com\/wp-content\/uploads\/2024\/11\/Buy-BUC-183-99-pure-white-powder-online.webp\",\"contentUrl\":\"https:\/\/chemgramx.com\/wp-content\/uploads\/2024\/11\/Buy-BUC-183-99-pure-white-powder-online.webp\",\"width\":500,\"height\":500,\"caption\":\"BUC-183 online kaufen\"},{\"@type\":\"BreadcrumbList\",\"@id\":\"https:\/\/chemgramx.com\/product\/buc-183\/#breadcrumb\",\"itemListElement\":[{\"@type\":\"ListItem\",\"position\":1,\"name\":\"Home\",\"item\":\"https:\/\/chemgramx.com\/\"},{\"@type\":\"ListItem\",\"position\":2,\"name\":\"Shop\",\"item\":\"https:\/\/chemgramx.com\/shop\/\"},{\"@type\":\"ListItem\",\"position\":3,\"name\":\"BUC-183 online kaufen\"}]},{\"@type\":\"WebSite\",\"@id\":\"https:\/\/chemgramx.com\/#website\",\"url\":\"https:\/\/chemgramx.com\/\",\"name\":\"Chemgramx\",\"description\":\"\",\"publisher\":{\"@id\":\"https:\/\/chemgramx.com\/#organization\"},\"potentialAction\":[{\"@type\":\"SearchAction\",\"target\":{\"@type\":\"EntryPoint\",\"urlTemplate\":\"https:\/\/chemgramx.com\/?s={search_term_string}\"},\"query-input\":{\"@type\":\"PropertyValueSpecification\",\"valueRequired\":true,\"valueName\":\"search_term_string\"}}],\"inLanguage\":\"fr-FR\"},{\"@type\":\"Organization\",\"@id\":\"https:\/\/chemgramx.com\/#organization\",\"name\":\"Chemgramx\",\"url\":\"https:\/\/chemgramx.com\/\",\"logo\":{\"@type\":\"ImageObject\",\"inLanguage\":\"fr-FR\",\"@id\":\"https:\/\/chemgramx.com\/#\/schema\/logo\/image\/\",\"url\":\"https:\/\/chemgramx.com\/wp-content\/uploads\/2024\/10\/final-logo.png\",\"contentUrl\":\"https:\/\/chemgramx.com\/wp-content\/uploads\/2024\/10\/final-logo.png\",\"width\":250,\"height\":48,\"caption\":\"Chemgramx\"},\"image\":{\"@id\":\"https:\/\/chemgramx.com\/#\/schema\/logo\/image\/\"}}]}<\/script>\n<!-- \/ Yoast SEO plugin. -->","yoast_head_json":{"title":"BUC-183 zu verkaufen \u2013 BUC-183 online kaufen | chemgramx","description":"Sie k\u00f6nnen BUC-183 zu den besten Preisen in unserem Chemgramx-Onlineshop kaufen. Wir sind hier, um Ihnen zu helfen, BUC-183 online zu kaufen. Verbinden Sie sich noch heute mit dem besten Shop der Stadt!","robots":{"index":"index","follow":"follow","max-snippet":"max-snippet:-1","max-image-preview":"max-image-preview:large","max-video-preview":"max-video-preview:-1"},"canonical":"https:\/\/chemgramx.com\/fr\/produit\/buc-183\/","og_locale":"fr_FR","og_type":"article","og_title":"BUC-183 zu verkaufen \u2013 BUC-183 online kaufen | chemgramx","og_description":"Sie k\u00f6nnen BUC-183 zu den besten Preisen in unserem Chemgramx-Onlineshop kaufen. Wir sind hier, um Ihnen zu helfen, BUC-183 online zu kaufen. Verbinden Sie sich noch heute mit dem besten Shop der Stadt!","og_url":"https:\/\/chemgramx.com\/fr\/produit\/buc-183\/","og_site_name":"Chemgramx","article_modified_time":"2025-10-16T06:45:02+00:00","og_image":[{"width":500,"height":500,"url":"https:\/\/chemgramx.com\/wp-content\/uploads\/2024\/11\/Buy-BUC-183-99-pure-white-powder-online.webp","type":"image\/webp"}],"twitter_card":"summary_large_image","twitter_misc":{"Dur\u00e9e de lecture estim\u00e9e":"3 minutes"},"schema":{"@context":"https:\/\/schema.org","@graph":[{"@type":"WebPage","@id":"https:\/\/chemgramx.com\/product\/buc-183\/","url":"https:\/\/chemgramx.com\/product\/buc-183\/","name":"BUC-183 zu verkaufen \u2013 BUC-183 online kaufen | chemgramx","isPartOf":{"@id":"https:\/\/chemgramx.com\/#website"},"primaryImageOfPage":{"@id":"https:\/\/chemgramx.com\/product\/buc-183\/#primaryimage"},"image":{"@id":"https:\/\/chemgramx.com\/product\/buc-183\/#primaryimage"},"thumbnailUrl":"https:\/\/chemgramx.com\/wp-content\/uploads\/2024\/11\/Buy-BUC-183-99-pure-white-powder-online.webp","datePublished":"2024-11-18T23:33:25+00:00","dateModified":"2025-10-16T06:45:02+00:00","description":"Sie k\u00f6nnen BUC-183 zu den besten Preisen in unserem Chemgramx-Onlineshop kaufen. Wir sind hier, um Ihnen zu helfen, BUC-183 online zu kaufen. Verbinden Sie sich noch heute mit dem besten Shop der Stadt!","breadcrumb":{"@id":"https:\/\/chemgramx.com\/product\/buc-183\/#breadcrumb"},"inLanguage":"fr-FR","potentialAction":[{"@type":"ReadAction","target":["https:\/\/chemgramx.com\/product\/buc-183\/"]}]},{"@type":"ImageObject","inLanguage":"fr-FR","@id":"https:\/\/chemgramx.com\/product\/buc-183\/#primaryimage","url":"https:\/\/chemgramx.com\/wp-content\/uploads\/2024\/11\/Buy-BUC-183-99-pure-white-powder-online.webp","contentUrl":"https:\/\/chemgramx.com\/wp-content\/uploads\/2024\/11\/Buy-BUC-183-99-pure-white-powder-online.webp","width":500,"height":500,"caption":"BUC-183 online kaufen"},{"@type":"BreadcrumbList","@id":"https:\/\/chemgramx.com\/product\/buc-183\/#breadcrumb","itemListElement":[{"@type":"ListItem","position":1,"name":"Home","item":"https:\/\/chemgramx.com\/"},{"@type":"ListItem","position":2,"name":"Shop","item":"https:\/\/chemgramx.com\/shop\/"},{"@type":"ListItem","position":3,"name":"BUC-183 online kaufen"}]},{"@type":"WebSite","@id":"https:\/\/chemgramx.com\/#website","url":"https:\/\/chemgramx.com\/","name":"Chemgramx","description":"","publisher":{"@id":"https:\/\/chemgramx.com\/#organization"},"potentialAction":[{"@type":"SearchAction","target":{"@type":"EntryPoint","urlTemplate":"https:\/\/chemgramx.com\/?s={search_term_string}"},"query-input":{"@type":"PropertyValueSpecification","valueRequired":true,"valueName":"search_term_string"}}],"inLanguage":"fr-FR"},{"@type":"Organization","@id":"https:\/\/chemgramx.com\/#organization","name":"Chemgramx","url":"https:\/\/chemgramx.com\/","logo":{"@type":"ImageObject","inLanguage":"fr-FR","@id":"https:\/\/chemgramx.com\/#\/schema\/logo\/image\/","url":"https:\/\/chemgramx.com\/wp-content\/uploads\/2024\/10\/final-logo.png","contentUrl":"https:\/\/chemgramx.com\/wp-content\/uploads\/2024\/10\/final-logo.png","width":250,"height":48,"caption":"Chemgramx"},"image":{"@id":"https:\/\/chemgramx.com\/#\/schema\/logo\/image\/"}}]}},"_links":{"self":[{"href":"https:\/\/chemgramx.com\/fr\/wp-json\/wp\/v2\/product\/922","targetHints":{"allow":["GET"]}}],"collection":[{"href":"https:\/\/chemgramx.com\/fr\/wp-json\/wp\/v2\/product"}],"about":[{"href":"https:\/\/chemgramx.com\/fr\/wp-json\/wp\/v2\/types\/product"}],"replies":[{"embeddable":true,"href":"https:\/\/chemgramx.com\/fr\/wp-json\/wp\/v2\/comments?post=922"}],"wp:featuredmedia":[{"embeddable":true,"href":"https:\/\/chemgramx.com\/fr\/wp-json\/wp\/v2\/media\/924"}],"wp:attachment":[{"href":"https:\/\/chemgramx.com\/fr\/wp-json\/wp\/v2\/media?parent=922"}],"wp:term":[{"taxonomy":"product_brand","embeddable":true,"href":"https:\/\/chemgramx.com\/fr\/wp-json\/wp\/v2\/product_brand?post=922"},{"taxonomy":"product_cat","embeddable":true,"href":"https:\/\/chemgramx.com\/fr\/wp-json\/wp\/v2\/product_cat?post=922"},{"taxonomy":"product_tag","embeddable":true,"href":"https:\/\/chemgramx.com\/fr\/wp-json\/wp\/v2\/product_tag?post=922"}],"curies":[{"name":"wp","href":"https:\/\/api.w.org\/{rel}","templated":true}]}}