{"id":925,"date":"2024-11-19T09:47:10","date_gmt":"2024-11-19T09:47:10","guid":{"rendered":"https:\/\/chemgramx.com\/?post_type=product&#038;p=925"},"modified":"2025-10-15T06:14:29","modified_gmt":"2025-10-15T06:14:29","slug":"3-fpm-kristalle","status":"publish","type":"product","link":"https:\/\/chemgramx.com\/fr\/produit\/3-fpm-kristalle\/","title":{"rendered":"Acheter des cristaux 3-FPM en ligne"},"content":{"rendered":"<h2 data-start=\"148\" data-end=\"182\">Acheter des cristaux 3-FPM en ligne<\/h2>\n<h2 data-start=\"184\" data-end=\"199\">invoering<\/h2>\n<p data-start=\"201\" data-end=\"523\">Les cristaux de 3-FPM sont la forme cristalline du stimulant synth\u00e9tique 3-fluoroph\u00e9nm\u00e9thramine (3-FPM). En raison de leur puret\u00e9 et de leur puissance, de nombreux chercheurs choisissent d'acheter des cristaux de 3-FPM ou directement. <a href=\"https:\/\/chemgramx.com\/fr\/produit\/3-fpm-kristalle\/\">Acheter des cristaux 3-FPM en ligne<\/a>pour r\u00e9pondre \u00e0 des objectifs de recherche ou pour \u00e9tudier les effets psychoactifs.<\/p>\n<p data-start=\"525\" data-end=\"728\">Die sichere Bestellung von 3-FPM-Kristall zu verkaufen im Internet ist entscheidend, um qualitativ hochwertige Ware zu erhalten und Risiken durch Verunreinigungen oder unseri\u00f6se H\u00e4ndler zu vermeiden.<\/p>\n<h3 data-start=\"730\" data-end=\"761\">Que sont les cristaux 3-FPM ?<\/h3>\n<h3 data-start=\"763\" data-end=\"794\">Composition chimique<\/h3>\n<p data-start=\"795\" data-end=\"1010\"><a href=\"https:\/\/en.wikipedia.org\/wiki\/3-Fluorophenmetrazine\">3-FPM Kristallen<\/a> Ils sont constitu\u00e9s de 3-fluoroph\u00e9nm\u00e9thramine, un compos\u00e9 chimique de formule C9H11FN, appartenant \u00e0 la classe des ph\u00e9n\u00e9thylamines. Leur forme cristalline garantit une grande puret\u00e9 et un dosage facile.<\/p>\n<h3 data-start=\"1012\" data-end=\"1043\">Utilisations courantes<\/h3>\n<ul data-start=\"1044\" data-end=\"1212\">\n<li data-start=\"1044\" data-end=\"1135\">\n<p data-start=\"1046\" data-end=\"1135\">Recherche scientifique : \u00c9tude de l'effet sur le syst\u00e8me nerveux central<\/p>\n<\/li>\n<li data-start=\"1136\" data-end=\"1212\">\n<p data-start=\"1138\" data-end=\"1212\">Exploration psychoactive : am\u00e9liorer la concentration, l'\u00e9nergie et l'humeur<\/p>\n<\/li>\n<\/ul>\n<h3 data-start=\"1214\" data-end=\"1237\">Statut juridique<\/h3>\n<p data-start=\"1238\" data-end=\"1486\">Le 3-FPM est soumis \u00e0 des r\u00e9glementations juridiques variables selon les pays. Il est donc conseill\u00e9 aux acheteurs de v\u00e9rifier la l\u00e9gislation locale avant d'acheter, de commander ou de se renseigner sur les points de vente de cristaux 3-FPM.<\/p>\n<h3 data-start=\"1488\" data-end=\"1530\">Pourquoi acheter des cristaux 3-FPM en ligne ?<\/h3>\n<h3 data-start=\"1532\" data-end=\"1564\">Accessibilit\u00e9 et confort<\/h3>\n<p data-start=\"1565\" data-end=\"1736\">Les magasins en ligne offrent un acc\u00e8s discret et pratique, permettant aux acheteurs potentiels d'acheter des cristaux 3-FPM en ligne sans avoir \u00e0 se rendre dans des sources locales.<\/p>\n<h3 data-start=\"1738\" data-end=\"1759\">S\u00e9lection plus large<\/h3>\n<p data-start=\"1760\" data-end=\"2013\">Internet offre un large choix de fournisseurs proposant des quantit\u00e9s et des puret\u00e9s vari\u00e9es \u00e0 des prix variables. Si vous cherchez le meilleur prix pour du cristal 3-FPM, vous le trouverez en ligne, souvent m\u00eame moins cher que chez des fournisseurs locaux.<\/p>\n<h3 data-start=\"2015\" data-end=\"2039\">Opportunit\u00e9s et risques<\/h3>\n<p data-start=\"2041\" data-end=\"2056\"><strong data-start=\"2041\" data-end=\"2054\">Avantages :<\/strong><\/p>\n<ul data-start=\"2057\" data-end=\"2184\">\n<li data-start=\"2057\" data-end=\"2089\">\n<p data-start=\"2059\" data-end=\"2089\">Livraison \u00e0 domicile pratique<\/p>\n<\/li>\n<li data-start=\"2090\" data-end=\"2142\">\n<p data-start=\"2092\" data-end=\"2142\">Informations transparentes sur les produits et tests en laboratoire<\/p>\n<\/li>\n<li data-start=\"2143\" data-end=\"2184\">\n<p data-start=\"2145\" data-end=\"2184\">Oft g\u00fcnstiger als lokale Alternativen<\/p>\n<\/li>\n<\/ul>\n<p data-start=\"2186\" data-end=\"2200\"><strong data-start=\"2186\" data-end=\"2198\">Risques :<\/strong><\/p>\n<ul data-start=\"2201\" data-end=\"2340\">\n<li data-start=\"2201\" data-end=\"2251\">\n<p data-start=\"2203\" data-end=\"2251\">Diff\u00e9rences de qualit\u00e9 entre les fournisseurs douteux<\/p>\n<\/li>\n<li data-start=\"2252\" data-end=\"2294\">\n<p data-start=\"2254\" data-end=\"2294\">Incertitudes juridiques selon les pays<\/p>\n<\/li>\n<li data-start=\"2295\" data-end=\"2340\">\n<p data-start=\"2297\" data-end=\"2340\">Risques pour la sant\u00e9 en cas d'utilisation incorrecte<\/p>\n<\/li>\n<\/ul>\n<h3 data-start=\"2614\" data-end=\"2660\">Avis clients et commentaires de la communaut\u00e9<\/h3>\n<p data-start=\"2661\" data-end=\"2848\">Les forums et les avis en ligne fournissent des informations pr\u00e9cieuses sur la fiabilit\u00e9 des magasins, ce qui facilite l'identification du meilleur endroit pour acheter des cristaux 3-FPM en ligne.<\/p>\n<h3 data-start=\"2850\" data-end=\"2894\">Analyses de laboratoire et certificats de puret\u00e9<\/h3>\n<p data-start=\"2895\" data-end=\"3046\">Les revendeurs r\u00e9put\u00e9s fournissent g\u00e9n\u00e9ralement un certificat d'analyse (CoA) qui confirme la puret\u00e9 et la s\u00e9curit\u00e9 du cristal 3-FPM \u00e0 vendre.<\/p>\n<h3 data-start=\"3048\" data-end=\"3089\">Consid\u00e9rations juridiques et \u00e9thiques<\/h3>\n<h3 data-start=\"3091\" data-end=\"3121\">R\u00e9glementations l\u00e9gales<\/h3>\n<p data-start=\"3122\" data-end=\"3266\">Le respect des lois locales et internationales est de la responsabilit\u00e9 de l'acheteur, car le statut du 3-FPM peut changer \u00e0 tout moment.<\/p>\n<h3 data-start=\"3268\" data-end=\"3295\">Obligations de l'acheteur<\/h3>\n<p data-start=\"3296\" data-end=\"3562\">Un comportement responsable et une collecte d'informations rigoureuse sont essentiels pour minimiser les risques. Ceux qui choisissent d'acheter des cristaux de 3-FPM en ligne aupr\u00e8s d'une source de recherche fiable assument la responsabilit\u00e9 d'une utilisation s\u00fbre et l\u00e9gale.<\/p>\n<h3 data-start=\"3564\" data-end=\"3574\">Conclusion<\/h3>\n<p data-start=\"3576\" data-end=\"3819\">Les cristaux 3-FPM offrent une option de haute qualit\u00e9 aux chercheurs et aux utilisateurs en qu\u00eate d'une substance pure et puissante. Cependant, leur achat en ligne n\u00e9cessite des recherches approfondies, une comparaison des prix et le choix d'un fournisseur fiable.<\/p>","protected":false},"excerpt":{"rendered":"<p><strong>3-FPM<\/strong> (3-Fluorophenmetrazin) ist ein synthetisches Stimulans aus der <strong>Phenylmorpholin-Klasse<\/strong>, verwandt mit <strong>Phenmetrazin<\/strong>, einem fr\u00fcher verwendeten Appetitz\u00fcgler. Es ist in der Forschungsszene f\u00fcr seine milden, fokussierenden Stimulationseffekte bekannt, die oft mit Amphetaminen oder Modafinil verglichen werden, jedoch mit einem sanfteren und weniger nerv\u00f6sen Profil.<\/p>\n<h3><strong>Faits importants<\/strong><\/h3>\n<ul>\n<li><strong>Formule chimique<\/strong>: C10H13FN<\/li>\n<li><strong>Poids mol\u00e9culaire<\/strong>167,22 g\/mol<\/li>\n<li><strong>Propri\u00e9t\u00e9s chimiques<\/strong>: Die Fluorgruppe an der 3. Position und die Phenmetrazin-Struktur machen 3-FPM einzigartig in seinen pharmakologischen Eigenschaften und Effekte.<\/li>\n<\/ul>\n<h3><strong>Dur\u00e9e et effets<\/strong><\/h3>\n<p>Die Wirkung von 3-FPM h\u00e4lt in der Regel <strong>4 \u00e0 8 heures<\/strong> en fonction du dosage et des facteurs individuels :<\/p>\n<ul>\n<li><strong>D\u00e9but de l'effet<\/strong>20 \u00e0 40 minutes.<\/li>\n<li><strong>Point culminant<\/strong>1,5 \u00e0 3 heures.<\/li>\n<li><strong>R\u00e9percussions<\/strong>: Subtile Effekte, die \u00fcber 2 bis 3 Stunden abklingen.<\/li>\n<\/ul>","protected":false},"featured_media":926,"comment_status":"open","ping_status":"closed","template":"","meta":{"_joinchat":[]},"product_brand":[],"product_cat":[48],"product_tag":[1372,1385,1396,1381,1395,1378,1379,1374,1388,1373,1389,1371,1391,1393,1375,1386,1390,1380,1392,1397,1394,1376,1377,1387,1382,1384,1383],"class_list":{"0":"post-925","1":"product","2":"type-product","3":"status-publish","4":"has-post-thumbnail","6":"product_cat-stimulants","7":"product_tag-3-fluorophenmetrazin-bestellen","8":"product_tag-3-fpm-bulk-bestellung","9":"product_tag-3-fpm-chemikalie","10":"product_tag-3-fpm-experimente","11":"product_tag-3-fpm-forschung","12":"product_tag-3-fpm-forschung-chemikalie","13":"product_tag-3-fpm-fur-neurowissenschaftliche-studien","14":"product_tag-3-fpm-groshandel","15":"product_tag-3-fpm-kaufen","16":"product_tag-3-fpm-kristalle-online-bestellen","17":"product_tag-3-fpm-kristallen-bestellen","18":"product_tag-3-fpm-kristallen-kaufen","19":"product_tag-3-fpm-labor","20":"product_tag-3-fpm-legal","21":"product_tag-3-fpm-lieferant","22":"product_tag-3-fpm-marktanalyse","23":"product_tag-3-fpm-online","24":"product_tag-3-fpm-pharmazeutische-forschung","25":"product_tag-3-fpm-sicher","26":"product_tag-3-fpm-versand","27":"product_tag-3fpm-gunstig","28":"product_tag-forschung-chemikalien-3-fpm","29":"product_tag-hochwertige-3-fpm-kristallen-kaufen","30":"product_tag-innovative-3-fpm-forschung","31":"product_tag-laborqualitat-3-fpm-kristallen","32":"product_tag-legaler-3-fpm-anbieter","33":"product_tag-sicherer-3-fpm-versand","35":"first","36":"instock","37":"shipping-taxable","38":"purchasable","39":"product-type-variable"},"yoast_head":"<!-- This site is optimized with the Yoast SEO plugin v26.1.1 - https:\/\/yoast.com\/wordpress\/plugins\/seo\/ -->\n<title>3-FPM-Kristalle online kaufen \u2013 3-FPM-Kristalle zu verkaufen<\/title>\n<meta name=\"description\" content=\"Hier haben Sie die Chance, 3-FPM-Kristalle zu g\u00fcnstigen Preisen zu ergattern. Unser Chemgramx-Onlineshop verkauft 3-FPM-Kristalle weltweit. Bestellen Sie bald 3-FPM-Kristalle online.\" \/>\n<meta name=\"robots\" content=\"index, follow, max-snippet:-1, max-image-preview:large, max-video-preview:-1\" \/>\n<link rel=\"canonical\" href=\"https:\/\/chemgramx.com\/fr\/produit\/3-fpm-kristalle\/\" \/>\n<meta property=\"og:locale\" content=\"fr_FR\" \/>\n<meta property=\"og:type\" content=\"article\" \/>\n<meta property=\"og:title\" content=\"3-FPM-Kristalle online kaufen \u2013 3-FPM-Kristalle zu verkaufen\" \/>\n<meta property=\"og:description\" content=\"Hier haben Sie die Chance, 3-FPM-Kristalle zu g\u00fcnstigen Preisen zu ergattern. Unser Chemgramx-Onlineshop verkauft 3-FPM-Kristalle weltweit. Bestellen Sie bald 3-FPM-Kristalle online.\" \/>\n<meta property=\"og:url\" content=\"https:\/\/chemgramx.com\/fr\/produit\/3-fpm-kristalle\/\" \/>\n<meta property=\"og:site_name\" content=\"Chemgramx\" \/>\n<meta property=\"article:modified_time\" content=\"2025-10-15T06:14:29+00:00\" \/>\n<meta property=\"og:image\" content=\"https:\/\/chemgramx.com\/wp-content\/uploads\/2024\/11\/Buy-3-FPM-Crystals-online-1.webp\" \/>\n\t<meta property=\"og:image:width\" content=\"512\" \/>\n\t<meta property=\"og:image:height\" content=\"497\" \/>\n\t<meta property=\"og:image:type\" content=\"image\/webp\" \/>\n<meta name=\"twitter:card\" content=\"summary_large_image\" \/>\n<meta name=\"twitter:label1\" content=\"Dur\u00e9e de lecture estim\u00e9e\" \/>\n\t<meta name=\"twitter:data1\" content=\"2 minutes\" \/>\n<script type=\"application\/ld+json\" class=\"yoast-schema-graph\">{\"@context\":\"https:\/\/schema.org\",\"@graph\":[{\"@type\":\"WebPage\",\"@id\":\"https:\/\/chemgramx.com\/product\/3-fpm-kristalle\/\",\"url\":\"https:\/\/chemgramx.com\/product\/3-fpm-kristalle\/\",\"name\":\"3-FPM-Kristalle online kaufen \u2013 3-FPM-Kristalle zu verkaufen\",\"isPartOf\":{\"@id\":\"https:\/\/chemgramx.com\/#website\"},\"primaryImageOfPage\":{\"@id\":\"https:\/\/chemgramx.com\/product\/3-fpm-kristalle\/#primaryimage\"},\"image\":{\"@id\":\"https:\/\/chemgramx.com\/product\/3-fpm-kristalle\/#primaryimage\"},\"thumbnailUrl\":\"https:\/\/chemgramx.com\/wp-content\/uploads\/2024\/11\/Buy-3-FPM-Crystals-online-1.webp\",\"datePublished\":\"2024-11-19T09:47:10+00:00\",\"dateModified\":\"2025-10-15T06:14:29+00:00\",\"description\":\"Hier haben Sie die Chance, 3-FPM-Kristalle zu g\u00fcnstigen Preisen zu ergattern. Unser Chemgramx-Onlineshop verkauft 3-FPM-Kristalle weltweit. Bestellen Sie bald 3-FPM-Kristalle online.\",\"breadcrumb\":{\"@id\":\"https:\/\/chemgramx.com\/product\/3-fpm-kristalle\/#breadcrumb\"},\"inLanguage\":\"fr-FR\",\"potentialAction\":[{\"@type\":\"ReadAction\",\"target\":[\"https:\/\/chemgramx.com\/product\/3-fpm-kristalle\/\"]}]},{\"@type\":\"ImageObject\",\"inLanguage\":\"fr-FR\",\"@id\":\"https:\/\/chemgramx.com\/product\/3-fpm-kristalle\/#primaryimage\",\"url\":\"https:\/\/chemgramx.com\/wp-content\/uploads\/2024\/11\/Buy-3-FPM-Crystals-online-1.webp\",\"contentUrl\":\"https:\/\/chemgramx.com\/wp-content\/uploads\/2024\/11\/Buy-3-FPM-Crystals-online-1.webp\",\"width\":512,\"height\":497,\"caption\":\"3-FPM-Kristalle online kaufen\"},{\"@type\":\"BreadcrumbList\",\"@id\":\"https:\/\/chemgramx.com\/product\/3-fpm-kristalle\/#breadcrumb\",\"itemListElement\":[{\"@type\":\"ListItem\",\"position\":1,\"name\":\"Home\",\"item\":\"https:\/\/chemgramx.com\/\"},{\"@type\":\"ListItem\",\"position\":2,\"name\":\"Shop\",\"item\":\"https:\/\/chemgramx.com\/shop\/\"},{\"@type\":\"ListItem\",\"position\":3,\"name\":\"3-FPM Kristallen online kaufen\"}]},{\"@type\":\"WebSite\",\"@id\":\"https:\/\/chemgramx.com\/#website\",\"url\":\"https:\/\/chemgramx.com\/\",\"name\":\"Chemgramx\",\"description\":\"\",\"publisher\":{\"@id\":\"https:\/\/chemgramx.com\/#organization\"},\"potentialAction\":[{\"@type\":\"SearchAction\",\"target\":{\"@type\":\"EntryPoint\",\"urlTemplate\":\"https:\/\/chemgramx.com\/?s={search_term_string}\"},\"query-input\":{\"@type\":\"PropertyValueSpecification\",\"valueRequired\":true,\"valueName\":\"search_term_string\"}}],\"inLanguage\":\"fr-FR\"},{\"@type\":\"Organization\",\"@id\":\"https:\/\/chemgramx.com\/#organization\",\"name\":\"Chemgramx\",\"url\":\"https:\/\/chemgramx.com\/\",\"logo\":{\"@type\":\"ImageObject\",\"inLanguage\":\"fr-FR\",\"@id\":\"https:\/\/chemgramx.com\/#\/schema\/logo\/image\/\",\"url\":\"https:\/\/chemgramx.com\/wp-content\/uploads\/2024\/10\/final-logo.png\",\"contentUrl\":\"https:\/\/chemgramx.com\/wp-content\/uploads\/2024\/10\/final-logo.png\",\"width\":250,\"height\":48,\"caption\":\"Chemgramx\"},\"image\":{\"@id\":\"https:\/\/chemgramx.com\/#\/schema\/logo\/image\/\"}}]}<\/script>\n<!-- \/ Yoast SEO plugin. -->","yoast_head_json":{"title":"Achetez des cristaux 3-FPM en ligne \u2013 Cristaux 3-FPM \u00e0 vendre","description":"Saisissez votre chance d'obtenir des cristaux 3-FPM \u00e0 des prix imbattables. Notre boutique en ligne Chemgramx vend des cristaux 3-FPM dans le monde entier. Commandez-les bient\u00f4t en ligne.","robots":{"index":"index","follow":"follow","max-snippet":"max-snippet:-1","max-image-preview":"max-image-preview:large","max-video-preview":"max-video-preview:-1"},"canonical":"https:\/\/chemgramx.com\/fr\/produit\/3-fpm-kristalle\/","og_locale":"fr_FR","og_type":"article","og_title":"3-FPM-Kristalle online kaufen \u2013 3-FPM-Kristalle zu verkaufen","og_description":"Hier haben Sie die Chance, 3-FPM-Kristalle zu g\u00fcnstigen Preisen zu ergattern. Unser Chemgramx-Onlineshop verkauft 3-FPM-Kristalle weltweit. Bestellen Sie bald 3-FPM-Kristalle online.","og_url":"https:\/\/chemgramx.com\/fr\/produit\/3-fpm-kristalle\/","og_site_name":"Chemgramx","article_modified_time":"2025-10-15T06:14:29+00:00","og_image":[{"width":512,"height":497,"url":"https:\/\/chemgramx.com\/wp-content\/uploads\/2024\/11\/Buy-3-FPM-Crystals-online-1.webp","type":"image\/webp"}],"twitter_card":"summary_large_image","twitter_misc":{"Dur\u00e9e de lecture estim\u00e9e":"2 minutes"},"schema":{"@context":"https:\/\/schema.org","@graph":[{"@type":"WebPage","@id":"https:\/\/chemgramx.com\/product\/3-fpm-kristalle\/","url":"https:\/\/chemgramx.com\/product\/3-fpm-kristalle\/","name":"Achetez des cristaux 3-FPM en ligne \u2013 Cristaux 3-FPM \u00e0 vendre","isPartOf":{"@id":"https:\/\/chemgramx.com\/#website"},"primaryImageOfPage":{"@id":"https:\/\/chemgramx.com\/product\/3-fpm-kristalle\/#primaryimage"},"image":{"@id":"https:\/\/chemgramx.com\/product\/3-fpm-kristalle\/#primaryimage"},"thumbnailUrl":"https:\/\/chemgramx.com\/wp-content\/uploads\/2024\/11\/Buy-3-FPM-Crystals-online-1.webp","datePublished":"2024-11-19T09:47:10+00:00","dateModified":"2025-10-15T06:14:29+00:00","description":"Saisissez votre chance d'obtenir des cristaux 3-FPM \u00e0 des prix imbattables. Notre boutique en ligne Chemgramx vend des cristaux 3-FPM dans le monde entier. Commandez-les bient\u00f4t en ligne.","breadcrumb":{"@id":"https:\/\/chemgramx.com\/product\/3-fpm-kristalle\/#breadcrumb"},"inLanguage":"fr-FR","potentialAction":[{"@type":"ReadAction","target":["https:\/\/chemgramx.com\/product\/3-fpm-kristalle\/"]}]},{"@type":"ImageObject","inLanguage":"fr-FR","@id":"https:\/\/chemgramx.com\/product\/3-fpm-kristalle\/#primaryimage","url":"https:\/\/chemgramx.com\/wp-content\/uploads\/2024\/11\/Buy-3-FPM-Crystals-online-1.webp","contentUrl":"https:\/\/chemgramx.com\/wp-content\/uploads\/2024\/11\/Buy-3-FPM-Crystals-online-1.webp","width":512,"height":497,"caption":"3-FPM-Kristalle online kaufen"},{"@type":"BreadcrumbList","@id":"https:\/\/chemgramx.com\/product\/3-fpm-kristalle\/#breadcrumb","itemListElement":[{"@type":"ListItem","position":1,"name":"Home","item":"https:\/\/chemgramx.com\/"},{"@type":"ListItem","position":2,"name":"Shop","item":"https:\/\/chemgramx.com\/shop\/"},{"@type":"ListItem","position":3,"name":"3-FPM Kristallen online kaufen"}]},{"@type":"WebSite","@id":"https:\/\/chemgramx.com\/#website","url":"https:\/\/chemgramx.com\/","name":"Chemgramx","description":"","publisher":{"@id":"https:\/\/chemgramx.com\/#organization"},"potentialAction":[{"@type":"SearchAction","target":{"@type":"EntryPoint","urlTemplate":"https:\/\/chemgramx.com\/?s={search_term_string}"},"query-input":{"@type":"PropertyValueSpecification","valueRequired":true,"valueName":"search_term_string"}}],"inLanguage":"fr-FR"},{"@type":"Organization","@id":"https:\/\/chemgramx.com\/#organization","name":"Chemgramx","url":"https:\/\/chemgramx.com\/","logo":{"@type":"ImageObject","inLanguage":"fr-FR","@id":"https:\/\/chemgramx.com\/#\/schema\/logo\/image\/","url":"https:\/\/chemgramx.com\/wp-content\/uploads\/2024\/10\/final-logo.png","contentUrl":"https:\/\/chemgramx.com\/wp-content\/uploads\/2024\/10\/final-logo.png","width":250,"height":48,"caption":"Chemgramx"},"image":{"@id":"https:\/\/chemgramx.com\/#\/schema\/logo\/image\/"}}]}},"_links":{"self":[{"href":"https:\/\/chemgramx.com\/fr\/wp-json\/wp\/v2\/product\/925","targetHints":{"allow":["GET"]}}],"collection":[{"href":"https:\/\/chemgramx.com\/fr\/wp-json\/wp\/v2\/product"}],"about":[{"href":"https:\/\/chemgramx.com\/fr\/wp-json\/wp\/v2\/types\/product"}],"replies":[{"embeddable":true,"href":"https:\/\/chemgramx.com\/fr\/wp-json\/wp\/v2\/comments?post=925"}],"wp:featuredmedia":[{"embeddable":true,"href":"https:\/\/chemgramx.com\/fr\/wp-json\/wp\/v2\/media\/926"}],"wp:attachment":[{"href":"https:\/\/chemgramx.com\/fr\/wp-json\/wp\/v2\/media?parent=925"}],"wp:term":[{"taxonomy":"product_brand","embeddable":true,"href":"https:\/\/chemgramx.com\/fr\/wp-json\/wp\/v2\/product_brand?post=925"},{"taxonomy":"product_cat","embeddable":true,"href":"https:\/\/chemgramx.com\/fr\/wp-json\/wp\/v2\/product_cat?post=925"},{"taxonomy":"product_tag","embeddable":true,"href":"https:\/\/chemgramx.com\/fr\/wp-json\/wp\/v2\/product_tag?post=925"}],"curies":[{"name":"wp","href":"https:\/\/api.w.org\/{rel}","templated":true}]}}