{"id":927,"date":"2024-11-19T10:10:45","date_gmt":"2024-11-19T10:10:45","guid":{"rendered":"https:\/\/chemgramx.com\/?post_type=product&#038;p=927"},"modified":"2025-10-18T06:01:52","modified_gmt":"2025-10-18T06:01:52","slug":"methallylescaline-fumarate","status":"publish","type":"product","link":"https:\/\/chemgramx.com\/fr\/produit\/methallylescaline-fumarate\/","title":{"rendered":"Acheter des fumarates de m\u00e9thallylescaline en ligne"},"content":{"rendered":"<h2 data-start=\"202\" data-end=\"246\">Acheter des fumarates de m\u00e9thallylescaline en ligne<\/h2>\n<h2 data-start=\"248\" data-end=\"263\">invoering<\/h2>\n<p data-start=\"265\" data-end=\"729\">Le fumarate de m\u00e9thallylescaline est une ph\u00e9n\u00e9thylamine psych\u00e9d\u00e9lique rare appartenant \u00e0 la famille \u00e9largie des mescalines. Il jouit d'une popularit\u00e9 croissante aupr\u00e8s des chercheurs et des psychonautes souhaitant explorer ses effets visuels et empathog\u00e8nes uniques et durables. Nombreux sont ceux qui choisissent <a href=\"https:\/\/chemgramx.com\/fr\/produit\/methallylescaline-fumarate\/\">Methallylescaline Fumarate kaufen<\/a> oder direkt Methallylescalinfumarat online kaufen, da es \u00fcber traditionelle Kan\u00e4le schwer zu beziehen ist.<\/p>\n<p data-start=\"731\" data-end=\"1025\">Mit dem wachsenden Interesse an seltenen Substanzen steigt auch die Bedeutung eines sicheren und verantwortungsbewussten Online-Kaufs. Legalit\u00e4t, Reinheit und Zuverl\u00e4ssigkeit des Anbieters sollten oberste Priorit\u00e4t haben, wenn es darum geht, Methallylescalinfumarat zu verkaufen zu finden.<\/p>\n<h3 data-start=\"1027\" data-end=\"1067\">Qu'est-ce que le fumarate de m\u00e9thallylescaline ?<\/h3>\n<h3 data-start=\"1069\" data-end=\"1100\">Composition chimique<\/h3>\n<p data-start=\"1101\" data-end=\"1351\"><a href=\"https:\/\/en.wikipedia.org\/wiki\/Methallylescaline\">Fumarate de m\u00e9thallylescaline<\/a> est un analogue psych\u00e9d\u00e9lique de la mescaline dont la formule chimique d\u00e9velopp\u00e9e est C13H21NO3\u00b7C4H4O4. Il s'agit du sel fumarate de m\u00e9thallylescaline, ce qui permet un stockage et un dosage am\u00e9lior\u00e9s.<\/p>\n<h3 data-start=\"1353\" data-end=\"1384\">Utilisations courantes<\/h3>\n<ul data-start=\"1385\" data-end=\"1635\">\n<li data-start=\"1385\" data-end=\"1491\">\n<p data-start=\"1387\" data-end=\"1491\">Recherche scientifique : \u00c9tude des m\u00e9canismes d'action psych\u00e9d\u00e9liques et de la liaison aux r\u00e9cepteurs.<\/p>\n<\/li>\n<li data-start=\"1492\" data-end=\"1635\">\n<p data-start=\"1494\" data-end=\"1635\">Exploration psychoactive : populaire dans les cercles psychonautiques pour ses effets visuels et \u00e9motionnels doux mais profonds.<\/p>\n<\/li>\n<\/ul>\n<h3 data-start=\"1637\" data-end=\"1679\">Aper\u00e7u du statut juridique<\/h3>\n<p data-start=\"1681\" data-end=\"2059\">Methallylescaline Fumarate ist in vielen L\u00e4ndern nicht explizit reguliert, kann jedoch unter Analogiegesetze fallen. In Deutschland f\u00e4llt es m\u00f6glicherweise unter das NpSG oder AMG. Jeder K\u00e4ufer ist selbst verantwortlich, sich \u00fcber die lokale Gesetzgebung zu informieren, bevor er order Methallylescaline Fumarate oder \u00fcberlegt, Wo kann man Methallylescalinfumarat kaufen?.<\/p>\n<h3 data-start=\"2061\" data-end=\"2113\">Pourquoi acheter du fumarate de m\u00e9thallylescaline en ligne ?<\/h3>\n<h3 data-start=\"2115\" data-end=\"2147\">Accessibilit\u00e9 et confort<\/h3>\n<p data-start=\"2148\" data-end=\"2395\">Die M\u00f6glichkeit, Methallylescaline Fumarate online kaufen, bietet eine bequeme, diskrete und oft schnellere Alternative zum lokalen Bezug. Besonders f\u00fcr spezialisierte Substanzen wie diese ist der Online-Kauf oft die einzige praktikable Option.<\/p>\n<h3 data-start=\"2397\" data-end=\"2425\">S\u00e9lection de produits plus large<\/h3>\n<p data-start=\"2426\" data-end=\"2687\">Online-Shops erm\u00f6glichen einen direkten Zugang zu unterschiedlichen Qualit\u00e4ten, Mengen und Preisoptionen. Wer nach einem g\u00fcnstigen Methallylescalinfumarat-Preis sucht, wird online f\u00fcndig \u2013 inklusive Angeboten f\u00fcr Gro\u00dfbestellungen oder Forschungszwecke.<\/p>\n<h3 data-start=\"2689\" data-end=\"2726\">Risques et avantages potentiels<\/h3>\n<p data-start=\"2728\" data-end=\"2743\">Avantages :<\/p>\n<ul data-start=\"2744\" data-end=\"2860\">\n<li data-start=\"2744\" data-end=\"2775\">\n<p data-start=\"2746\" data-end=\"2775\">Livraison discr\u00e8te dans le monde entier<\/p>\n<\/li>\n<li data-start=\"2776\" data-end=\"2819\">\n<p data-start=\"2778\" data-end=\"2819\">Breite Auswahl an Mengen und Qualit\u00e4ten<\/p>\n<\/li>\n<li data-start=\"2820\" data-end=\"2860\">\n<p data-start=\"2822\" data-end=\"2860\">Acc\u00e8s aux certificats d'analyse (CoA)<\/p>\n<\/li>\n<\/ul>\n<p data-start=\"2862\" data-end=\"2876\">Risques :<\/p>\n<ul data-start=\"2877\" data-end=\"2996\">\n<li data-start=\"2877\" data-end=\"2924\">\n<p data-start=\"2879\" data-end=\"2924\">Origine incertaine provenant de fournisseurs douteux<\/p>\n<\/li>\n<li data-start=\"2925\" data-end=\"2964\">\n<p data-start=\"2927\" data-end=\"2964\">Cons\u00e9quences juridiques potentielles<\/p>\n<\/li>\n<li data-start=\"2965\" data-end=\"2996\">\n<p data-start=\"2967\" data-end=\"2996\">Risque de contamination<\/p>\n<\/li>\n<\/ul>\n<h3 data-start=\"3235\" data-end=\"3275\">Avis et commentaires de la communaut\u00e9<\/h3>\n<p data-start=\"3276\" data-end=\"3539\">Informiere dich in einschl\u00e4gigen Foren, wie Reddit oder Fachportalen, \u00fcber den Ruf des Anbieters. Echte Kundenbewertungen sind ein starkes Indiz f\u00fcr Zuverl\u00e4ssigkeit und helfen dabei, das bester Ort, um Methallylescalinfumarat online zu kaufen zu identifizieren.<\/p>\n<h3 data-start=\"3541\" data-end=\"3582\">Tests de laboratoire et certificats de puret\u00e9<\/h3>\n<p data-start=\"3583\" data-end=\"3822\">Ein seri\u00f6ser Anbieter liefert stets Laboranalysen mit, die die Reinheit und Identit\u00e4t best\u00e4tigen. Nur so kann gew\u00e4hrleistet werden, dass die angebotenen Produkte tats\u00e4chlich Methallylescaline Fumarate zu verkaufen in hoher Qualit\u00e4t sind.<\/p>\n<h3 data-start=\"3824\" data-end=\"3865\">Consid\u00e9rations juridiques et \u00e9thiques<\/h3>\n<h3 data-start=\"3867\" data-end=\"3906\">Lois locales et internationales<\/h3>\n<p data-start=\"3907\" data-end=\"4123\">Avant d'acheter du fumarate de m\u00e9thallylescaline en ligne, il est essentiel de v\u00e9rifier la l\u00e9gislation de votre pays. M\u00eame si la substance n'est pas explicitement r\u00e9pertori\u00e9e, elle peut \u00eatre soumise \u00e0 la l\u00e9gislation en vigueur.<\/p>\n<h3 data-start=\"4125\" data-end=\"4156\">Responsabilit\u00e9 de l'acheteur<\/h3>\n<p data-start=\"4157\" data-end=\"4407\">Die Verantwortung liegt beim K\u00e4ufer, sowohl hinsichtlich der Legalit\u00e4t als auch der sicheren Handhabung. Wer sich entscheidet, Kaufen Sie Methallylescalinfumarat online von einer zuverl\u00e4ssigen Forschungsquelle, sollte verantwortungsvoll und bewusst handeln.<\/p>\n<h3 data-start=\"4409\" data-end=\"4419\">Conclusion<\/h3>\n<p data-start=\"4421\" data-end=\"4671\">Methallylescaline Fumarate ist eine faszinierende Substanz mit Potenzial f\u00fcr Forschung und pers\u00f6nliche Erfahrung. Wer sich entscheidet, bester Ort, um Methallylescalinfumarat online zu kaufen, sollte stets auf Seriosit\u00e4t, Reinheit und Gesetzeskonformit\u00e4t achten.<\/p>\n<h3 data-start=\"4673\" data-end=\"4749\">Recommandations pour un achat s\u00fbr, l\u00e9gal et satisfaisant :<\/h3>\n<ul data-start=\"4750\" data-end=\"5035\">\n<li data-start=\"4750\" data-end=\"4836\">\n<p data-start=\"4752\" data-end=\"4836\">Nur bei Anbietern mit gepr\u00fcfter Reinheit Methallylescaline Fumarate online kaufen<\/p>\n<\/li>\n<li data-start=\"4837\" data-end=\"4873\">\n<p data-start=\"4839\" data-end=\"4873\">Commentaires de la communaut\u00e9 de recherche<\/p>\n<\/li>\n<li data-start=\"4874\" data-end=\"4932\">\n<p data-start=\"4876\" data-end=\"4932\">Comparez les prix, mais pas au d\u00e9triment de la qualit\u00e9<\/p>\n<\/li>\n<li data-start=\"4933\" data-end=\"4975\">\n<p data-start=\"4935\" data-end=\"4975\">V\u00e9rifiez et respectez les lois locales<\/p>\n<\/li>\n<li data-start=\"4976\" data-end=\"5035\">\n<p data-start=\"4978\" data-end=\"5035\">Manipulez la substance de mani\u00e8re responsable et consciente<\/p>\n<\/li>\n<\/ul>","protected":false},"excerpt":{"rendered":"<p><strong>Fumarate de m\u00e9thallylescaline<\/strong> est une substance psych\u00e9d\u00e9lique synth\u00e9tique issue de la <strong>Famille des mescalines<\/strong>, un sous-groupe de la <strong>Ph\u00e9n\u00e9thylamine<\/strong>. Connu pour ses effets visuels et d'am\u00e9lioration de l'humeur, il est moins r\u00e9pandu et moins \u00e9tudi\u00e9 que les psych\u00e9d\u00e9liques traditionnels comme la mescaline ou le LSD. Ses effets sont souvent d\u00e9crits comme un m\u00e9lange d'euphorie, de stimulation visuelle et d'introspection.<\/p>\n<h3><strong>Faits importants<\/strong><\/h3>\n<p><strong>Classe chimique<\/strong>Ph\u00e9n\u00e9thylamine \/ Analogue de la mescaline<br \/>\n<strong>Effet<\/strong>Visualisation psych\u00e9d\u00e9lique, euphorie et perception sensorielle accrue.<br \/>\n<strong>D\u00e9but de l'effet<\/strong>30-90 minutes (par voie orale)<br \/>\n<strong>Dur\u00e9e<\/strong>6-12 heures<\/p>","protected":false},"featured_media":929,"comment_status":"open","ping_status":"closed","template":"","meta":{"_joinchat":[]},"product_brand":[],"product_cat":[51],"product_tag":[685,686,680,673,668,682,689,669,674,679,677,675,671,676,678,670,687,672,690,683,684,688,681],"class_list":{"0":"post-927","1":"product","2":"type-product","3":"status-publish","4":"has-post-thumbnail","6":"product_cat-phenethylamines","7":"product_tag-methallylescaline-analyse","8":"product_tag-methallylescaline-chemie","9":"product_tag-methallylescaline-effekte","10":"product_tag-methallylescaline-forschungschemikalie","11":"product_tag-methallylescaline-fumarat","12":"product_tag-methallylescaline-fumarat-anwendung","13":"product_tag-methallylescaline-fumarat-forschung","14":"product_tag-methallylescaline-fumarat-kaufen","15":"product_tag-methallylescaline-fumarat-laboranwendung","16":"product_tag-methallylescaline-fumarat-lagerung","17":"product_tag-methallylescaline-fumarat-sicherheit","18":"product_tag-methallylescaline-fumarat-verfugbarkeit","19":"product_tag-methallylescaline-fumarat-zum-verkauf","20":"product_tag-methallylescaline-groshandel","21":"product_tag-methallylescaline-handhabung","22":"product_tag-methallylescaline-lieferant","23":"product_tag-methallylescaline-markt","24":"product_tag-methallylescaline-preis","25":"product_tag-methallylescaline-reinheit","26":"product_tag-methallylescaline-risiken","27":"product_tag-methallylescaline-studien","28":"product_tag-methallylescaline-vertrieb","29":"product_tag-methallylescaline-vorschriften","31":"first","32":"instock","33":"shipping-taxable","34":"purchasable","35":"product-type-variable"},"yoast_head":"<!-- This site is optimized with the Yoast SEO plugin v26.1.1 - https:\/\/yoast.com\/wordpress\/plugins\/seo\/ -->\n<title>Methallylescaline Fumarate Kaufen \u2013 | Chemgramx<\/title>\n<meta name=\"description\" content=\"Kaufen Sie Methallylescaline Fumarate online bei Chemgramx. Laborgepr\u00fcfte Qualit\u00e4t, \u226599% Reinheit, schnelle Lieferung und g\u00fcnstige Preise. Jetzt bestellen!\" \/>\n<meta name=\"robots\" content=\"index, follow, max-snippet:-1, max-image-preview:large, max-video-preview:-1\" \/>\n<link rel=\"canonical\" href=\"https:\/\/chemgramx.com\/fr\/produit\/methallylescaline-fumarate\/\" \/>\n<meta property=\"og:locale\" content=\"fr_FR\" \/>\n<meta property=\"og:type\" content=\"article\" \/>\n<meta property=\"og:title\" content=\"Methallylescaline Fumarate Kaufen \u2013 | Chemgramx\" \/>\n<meta property=\"og:description\" content=\"Kaufen Sie Methallylescaline Fumarate online bei Chemgramx. Laborgepr\u00fcfte Qualit\u00e4t, \u226599% Reinheit, schnelle Lieferung und g\u00fcnstige Preise. Jetzt bestellen!\" \/>\n<meta property=\"og:url\" content=\"https:\/\/chemgramx.com\/fr\/produit\/methallylescaline-fumarate\/\" \/>\n<meta property=\"og:site_name\" content=\"Chemgramx\" \/>\n<meta property=\"article:modified_time\" content=\"2025-10-18T06:01:52+00:00\" \/>\n<meta property=\"og:image\" content=\"https:\/\/chemgramx.com\/wp-content\/uploads\/2024\/11\/Buy-Methallylescaline-HCL-online.webp\" \/>\n\t<meta property=\"og:image:width\" content=\"343\" \/>\n\t<meta property=\"og:image:height\" content=\"280\" \/>\n\t<meta property=\"og:image:type\" content=\"image\/webp\" \/>\n<meta name=\"twitter:card\" content=\"summary_large_image\" \/>\n<meta name=\"twitter:label1\" content=\"Dur\u00e9e de lecture estim\u00e9e\" \/>\n\t<meta name=\"twitter:data1\" content=\"3 minutes\" \/>\n<script type=\"application\/ld+json\" class=\"yoast-schema-graph\">{\"@context\":\"https:\/\/schema.org\",\"@graph\":[{\"@type\":\"WebPage\",\"@id\":\"https:\/\/chemgramx.com\/product\/methallylescaline-fumarate\/\",\"url\":\"https:\/\/chemgramx.com\/product\/methallylescaline-fumarate\/\",\"name\":\"Methallylescaline Fumarate Kaufen \u2013 | Chemgramx\",\"isPartOf\":{\"@id\":\"https:\/\/chemgramx.com\/#website\"},\"primaryImageOfPage\":{\"@id\":\"https:\/\/chemgramx.com\/product\/methallylescaline-fumarate\/#primaryimage\"},\"image\":{\"@id\":\"https:\/\/chemgramx.com\/product\/methallylescaline-fumarate\/#primaryimage\"},\"thumbnailUrl\":\"https:\/\/chemgramx.com\/wp-content\/uploads\/2024\/11\/Buy-Methallylescaline-HCL-online.webp\",\"datePublished\":\"2024-11-19T10:10:45+00:00\",\"dateModified\":\"2025-10-18T06:01:52+00:00\",\"description\":\"Kaufen Sie Methallylescaline Fumarate online bei Chemgramx. Laborgepr\u00fcfte Qualit\u00e4t, \u226599% Reinheit, schnelle Lieferung und g\u00fcnstige Preise. Jetzt bestellen!\",\"breadcrumb\":{\"@id\":\"https:\/\/chemgramx.com\/product\/methallylescaline-fumarate\/#breadcrumb\"},\"inLanguage\":\"fr-FR\",\"potentialAction\":[{\"@type\":\"ReadAction\",\"target\":[\"https:\/\/chemgramx.com\/product\/methallylescaline-fumarate\/\"]}]},{\"@type\":\"ImageObject\",\"inLanguage\":\"fr-FR\",\"@id\":\"https:\/\/chemgramx.com\/product\/methallylescaline-fumarate\/#primaryimage\",\"url\":\"https:\/\/chemgramx.com\/wp-content\/uploads\/2024\/11\/Buy-Methallylescaline-HCL-online.webp\",\"contentUrl\":\"https:\/\/chemgramx.com\/wp-content\/uploads\/2024\/11\/Buy-Methallylescaline-HCL-online.webp\",\"width\":343,\"height\":280,\"caption\":\"Methallylescaline Fumarate kaufen\"},{\"@type\":\"BreadcrumbList\",\"@id\":\"https:\/\/chemgramx.com\/product\/methallylescaline-fumarate\/#breadcrumb\",\"itemListElement\":[{\"@type\":\"ListItem\",\"position\":1,\"name\":\"Home\",\"item\":\"https:\/\/chemgramx.com\/\"},{\"@type\":\"ListItem\",\"position\":2,\"name\":\"Shop\",\"item\":\"https:\/\/chemgramx.com\/shop\/\"},{\"@type\":\"ListItem\",\"position\":3,\"name\":\"Methallylescaline Fumarate online kaufen\"}]},{\"@type\":\"WebSite\",\"@id\":\"https:\/\/chemgramx.com\/#website\",\"url\":\"https:\/\/chemgramx.com\/\",\"name\":\"Chemgramx\",\"description\":\"\",\"publisher\":{\"@id\":\"https:\/\/chemgramx.com\/#organization\"},\"potentialAction\":[{\"@type\":\"SearchAction\",\"target\":{\"@type\":\"EntryPoint\",\"urlTemplate\":\"https:\/\/chemgramx.com\/?s={search_term_string}\"},\"query-input\":{\"@type\":\"PropertyValueSpecification\",\"valueRequired\":true,\"valueName\":\"search_term_string\"}}],\"inLanguage\":\"fr-FR\"},{\"@type\":\"Organization\",\"@id\":\"https:\/\/chemgramx.com\/#organization\",\"name\":\"Chemgramx\",\"url\":\"https:\/\/chemgramx.com\/\",\"logo\":{\"@type\":\"ImageObject\",\"inLanguage\":\"fr-FR\",\"@id\":\"https:\/\/chemgramx.com\/#\/schema\/logo\/image\/\",\"url\":\"https:\/\/chemgramx.com\/wp-content\/uploads\/2024\/10\/final-logo.png\",\"contentUrl\":\"https:\/\/chemgramx.com\/wp-content\/uploads\/2024\/10\/final-logo.png\",\"width\":250,\"height\":48,\"caption\":\"Chemgramx\"},\"image\":{\"@id\":\"https:\/\/chemgramx.com\/#\/schema\/logo\/image\/\"}}]}<\/script>\n<!-- \/ Yoast SEO plugin. -->","yoast_head_json":{"title":"Methallylescaline Fumarate Kaufen \u2013 | Chemgramx","description":"Kaufen Sie Methallylescaline Fumarate online bei Chemgramx. Laborgepr\u00fcfte Qualit\u00e4t, \u226599% Reinheit, schnelle Lieferung und g\u00fcnstige Preise. Jetzt bestellen!","robots":{"index":"index","follow":"follow","max-snippet":"max-snippet:-1","max-image-preview":"max-image-preview:large","max-video-preview":"max-video-preview:-1"},"canonical":"https:\/\/chemgramx.com\/fr\/produit\/methallylescaline-fumarate\/","og_locale":"fr_FR","og_type":"article","og_title":"Methallylescaline Fumarate Kaufen \u2013 | Chemgramx","og_description":"Kaufen Sie Methallylescaline Fumarate online bei Chemgramx. Laborgepr\u00fcfte Qualit\u00e4t, \u226599% Reinheit, schnelle Lieferung und g\u00fcnstige Preise. Jetzt bestellen!","og_url":"https:\/\/chemgramx.com\/fr\/produit\/methallylescaline-fumarate\/","og_site_name":"Chemgramx","article_modified_time":"2025-10-18T06:01:52+00:00","og_image":[{"width":343,"height":280,"url":"https:\/\/chemgramx.com\/wp-content\/uploads\/2024\/11\/Buy-Methallylescaline-HCL-online.webp","type":"image\/webp"}],"twitter_card":"summary_large_image","twitter_misc":{"Dur\u00e9e de lecture estim\u00e9e":"3 minutes"},"schema":{"@context":"https:\/\/schema.org","@graph":[{"@type":"WebPage","@id":"https:\/\/chemgramx.com\/product\/methallylescaline-fumarate\/","url":"https:\/\/chemgramx.com\/product\/methallylescaline-fumarate\/","name":"Methallylescaline Fumarate Kaufen \u2013 | Chemgramx","isPartOf":{"@id":"https:\/\/chemgramx.com\/#website"},"primaryImageOfPage":{"@id":"https:\/\/chemgramx.com\/product\/methallylescaline-fumarate\/#primaryimage"},"image":{"@id":"https:\/\/chemgramx.com\/product\/methallylescaline-fumarate\/#primaryimage"},"thumbnailUrl":"https:\/\/chemgramx.com\/wp-content\/uploads\/2024\/11\/Buy-Methallylescaline-HCL-online.webp","datePublished":"2024-11-19T10:10:45+00:00","dateModified":"2025-10-18T06:01:52+00:00","description":"Kaufen Sie Methallylescaline Fumarate online bei Chemgramx. Laborgepr\u00fcfte Qualit\u00e4t, \u226599% Reinheit, schnelle Lieferung und g\u00fcnstige Preise. Jetzt bestellen!","breadcrumb":{"@id":"https:\/\/chemgramx.com\/product\/methallylescaline-fumarate\/#breadcrumb"},"inLanguage":"fr-FR","potentialAction":[{"@type":"ReadAction","target":["https:\/\/chemgramx.com\/product\/methallylescaline-fumarate\/"]}]},{"@type":"ImageObject","inLanguage":"fr-FR","@id":"https:\/\/chemgramx.com\/product\/methallylescaline-fumarate\/#primaryimage","url":"https:\/\/chemgramx.com\/wp-content\/uploads\/2024\/11\/Buy-Methallylescaline-HCL-online.webp","contentUrl":"https:\/\/chemgramx.com\/wp-content\/uploads\/2024\/11\/Buy-Methallylescaline-HCL-online.webp","width":343,"height":280,"caption":"Methallylescaline Fumarate kaufen"},{"@type":"BreadcrumbList","@id":"https:\/\/chemgramx.com\/product\/methallylescaline-fumarate\/#breadcrumb","itemListElement":[{"@type":"ListItem","position":1,"name":"Home","item":"https:\/\/chemgramx.com\/"},{"@type":"ListItem","position":2,"name":"Shop","item":"https:\/\/chemgramx.com\/shop\/"},{"@type":"ListItem","position":3,"name":"Methallylescaline Fumarate online kaufen"}]},{"@type":"WebSite","@id":"https:\/\/chemgramx.com\/#website","url":"https:\/\/chemgramx.com\/","name":"Chemgramx","description":"","publisher":{"@id":"https:\/\/chemgramx.com\/#organization"},"potentialAction":[{"@type":"SearchAction","target":{"@type":"EntryPoint","urlTemplate":"https:\/\/chemgramx.com\/?s={search_term_string}"},"query-input":{"@type":"PropertyValueSpecification","valueRequired":true,"valueName":"search_term_string"}}],"inLanguage":"fr-FR"},{"@type":"Organization","@id":"https:\/\/chemgramx.com\/#organization","name":"Chemgramx","url":"https:\/\/chemgramx.com\/","logo":{"@type":"ImageObject","inLanguage":"fr-FR","@id":"https:\/\/chemgramx.com\/#\/schema\/logo\/image\/","url":"https:\/\/chemgramx.com\/wp-content\/uploads\/2024\/10\/final-logo.png","contentUrl":"https:\/\/chemgramx.com\/wp-content\/uploads\/2024\/10\/final-logo.png","width":250,"height":48,"caption":"Chemgramx"},"image":{"@id":"https:\/\/chemgramx.com\/#\/schema\/logo\/image\/"}}]}},"_links":{"self":[{"href":"https:\/\/chemgramx.com\/fr\/wp-json\/wp\/v2\/product\/927","targetHints":{"allow":["GET"]}}],"collection":[{"href":"https:\/\/chemgramx.com\/fr\/wp-json\/wp\/v2\/product"}],"about":[{"href":"https:\/\/chemgramx.com\/fr\/wp-json\/wp\/v2\/types\/product"}],"replies":[{"embeddable":true,"href":"https:\/\/chemgramx.com\/fr\/wp-json\/wp\/v2\/comments?post=927"}],"wp:featuredmedia":[{"embeddable":true,"href":"https:\/\/chemgramx.com\/fr\/wp-json\/wp\/v2\/media\/929"}],"wp:attachment":[{"href":"https:\/\/chemgramx.com\/fr\/wp-json\/wp\/v2\/media?parent=927"}],"wp:term":[{"taxonomy":"product_brand","embeddable":true,"href":"https:\/\/chemgramx.com\/fr\/wp-json\/wp\/v2\/product_brand?post=927"},{"taxonomy":"product_cat","embeddable":true,"href":"https:\/\/chemgramx.com\/fr\/wp-json\/wp\/v2\/product_cat?post=927"},{"taxonomy":"product_tag","embeddable":true,"href":"https:\/\/chemgramx.com\/fr\/wp-json\/wp\/v2\/product_tag?post=927"}],"curies":[{"name":"wp","href":"https:\/\/api.w.org\/{rel}","templated":true}]}}