{"id":930,"date":"2024-11-19T10:44:42","date_gmt":"2024-11-19T10:44:42","guid":{"rendered":"https:\/\/chemgramx.com\/?post_type=product&#038;p=930"},"modified":"2025-10-18T07:22:13","modified_gmt":"2025-10-18T07:22:13","slug":"morphine-d3-powder","status":"publish","type":"product","link":"https:\/\/chemgramx.com\/fr\/produit\/morphine-d3-powder\/","title":{"rendered":"Acheter Morphine-D3 Powder en ligne"},"content":{"rendered":"<h2 data-start=\"201\" data-end=\"289\">Achetez de la poudre de morphine D3 en ligne chez Chemgramx\u00a0: une qualit\u00e9 sup\u00e9rieure pour vos recherches<\/h2>\n<p data-start=\"291\" data-end=\"840\">Sind Sie auf der Suche nach hochwertigem Morphine-D3 Pulver f\u00fcr Ihre wissenschaftlichen Studien? Viele Forscher m\u00f6chten buy Morphine-D3 Pulver oder nach seri\u00f6sen Quellen suchen, die Morphine-D3 Powder for sale anbieten. Bei Chemgramx bieten wir erstklassiges, laborgepr\u00fcftes Morphine-D3 an, das ideal f\u00fcr analytische und klinische Forschungszwecke geeignet ist. Mit garantiertem Reinheitsgrad, schneller Lieferung und wettbewerbsf\u00e4higen <a href=\"https:\/\/chemgramx.com\/fr\/produit\/morphine-d3-powder\/\">Morphine-D3 Pulver Preis<\/a>\u00a0Nous sommes votre partenaire fiable pour des produits chimiques de recherche de haute qualit\u00e9.<\/p>\n<h3 data-start=\"842\" data-end=\"893\">Pourquoi acheter la poudre Morphine-D3 chez Chemgramx ?<\/h3>\n<ul data-start=\"895\" data-end=\"1505\">\n<li data-start=\"895\" data-end=\"1137\">\n<p data-start=\"897\" data-end=\"1137\">Garantierte Reinheit: Unser Morphine-D3 wird umfassend getestet, um eine Reinheit von \u226599% und beste Ergebnisse in Ihren Anwendungen zu gew\u00e4hrleisten. Wer Morphine-D3 Powder online kaufen m\u00f6chte, erh\u00e4lt bei uns gepr\u00fcfte Premium-Qualit\u00e4t.<\/p>\n<\/li>\n<li data-start=\"1138\" data-end=\"1318\">\n<p data-start=\"1140\" data-end=\"1318\">Schnelle und sichere Lieferung: Ihre Bestellung wird diskret verpackt und schnell geliefert \u2013 ideal f\u00fcr alle, die Morphin-D3 Pulver bestellen unkompliziert und sicher m\u00f6chten.<\/p>\n<\/li>\n<li data-start=\"1319\" data-end=\"1505\">\n<p data-start=\"1321\" data-end=\"1505\">Beste Preise: Bei Chemgramx erhalten Sie Premium-Qualit\u00e4t zu unschlagbaren Preisen \u2013 ein klarer Vorteil f\u00fcr alle, die nach dem bester Ort, um Morphin-D3-Pulver online zu kaufen suchen.<\/p>\n<\/li>\n<\/ul>\n<p data-start=\"1507\" data-end=\"1583\">En choisissant Chemgramx, vous optez pour une qualit\u00e9 en laquelle vous pouvez avoir confiance.<\/p>\n<h3 data-start=\"1585\" data-end=\"1610\">Qu'est-ce que la morphine D3 ?<\/h3>\n<p data-start=\"1612\" data-end=\"1817\"><a href=\"https:\/\/en.wikipedia.org\/wiki\/Morphine\">Morphine-D3<\/a> C'est un compos\u00e9 de la morphine marqu\u00e9 au deut\u00e9rium, principalement utilis\u00e9 en chimie analytique comme \u00e9talon interne. C'est un outil indispensable pour des analyses pr\u00e9cises dans les domaines suivants\u00a0:<\/p>\n<ul data-start=\"1819\" data-end=\"1907\">\n<li data-start=\"1819\" data-end=\"1845\">\n<p data-start=\"1821\" data-end=\"1845\">Toxicologie clinique<\/p>\n<\/li>\n<li data-start=\"1846\" data-end=\"1871\">\n<p data-start=\"1848\" data-end=\"1871\">Analyse m\u00e9dico-l\u00e9gale<\/p>\n<\/li>\n<li data-start=\"1872\" data-end=\"1907\">\n<p data-start=\"1874\" data-end=\"1907\">Monitorage th\u00e9rapeutique des m\u00e9dicaments<\/p>\n<\/li>\n<\/ul>\n<p data-start=\"1909\" data-end=\"2176\">Dank seiner stabilen isotopenmarkierten Struktur erm\u00f6glicht Morphine-D3 eine genaue Quantifizierung von Morphin in biologischen Proben wie Blut, Plasma oder Urin. F\u00fcr Forscher, die \u00fcberlegen, Wo kann man Morphin-D3-Pulver kaufen?, ist Chemgramx die zuverl\u00e4ssige Wahl.<\/p>\n<h3 data-start=\"2178\" data-end=\"2218\">Pourquoi choisir Chemgramx ?<\/h3>\n<ul data-start=\"2220\" data-end=\"2589\">\n<li data-start=\"2220\" data-end=\"2326\">\n<p data-start=\"2222\" data-end=\"2326\">Qualit\u00e9 fiable : nous nous approvisionnons exclusivement aupr\u00e8s de fournisseurs de confiance.<\/p>\n<\/li>\n<li data-start=\"2327\" data-end=\"2447\">\n<p data-start=\"2329\" data-end=\"2447\">Strenge Qualit\u00e4tskontrolle: Jede Charge wird sorgf\u00e4ltig gepr\u00fcft, bevor wir Morphin-D3-Pulver zu verkaufenanbieten.<\/p>\n<\/li>\n<li data-start=\"2448\" data-end=\"2589\">\n<p data-start=\"2450\" data-end=\"2589\">Kundenzufriedenheit: Unser erfahrenes Team sorgt f\u00fcr einen reibungslosen Kaufprozess, wenn Sie Morphin-D3-Pulver online kaufen m\u00f6chten.<\/p>\n<\/li>\n<\/ul>\n<h3 data-start=\"2591\" data-end=\"2639\">Comment commander la poudre Morphine-D3 en ligne ?<\/h3>\n<p data-start=\"2641\" data-end=\"2930\">Das von Morphine-D3 Pulver kaufen ist einfach und sicher. Besuchen Sie unsere Website, w\u00e4hlen Sie die gew\u00fcnschte Menge und schlie\u00dfen Sie Ihre Bestellung ab. Mit unserer schnellen Lieferung und garantierten Qualit\u00e4t wird der Prozess von order Morphine-D3 Powder f\u00fcr Sie unkompliziert. Viele Forscher vertrauen Chemgramx, wenn sie nach dem bester Ort, um Morphin-D3-Pulver online zu kaufen suchen. Transparenz, Reinheit und faire Morphin-D3-Pulverpreis machen uns zu einem f\u00fchrenden Anbieter.<\/p>\n<h3 data-start=\"3146\" data-end=\"3180\">Commander maintenant chez Chemgramx<\/h3>\n<p data-start=\"3182\" data-end=\"3470\">Erleben Sie die Vorteile von hochwertigen Forschungschemikalien, diskreter Lieferung und unschlagbaren Preisen. Vertrauen Sie Chemgramx, wenn Sie Kaufen Sie Morphin-D3-Pulver online von einer zuverl\u00e4ssigen Forschungsquelle. Bestellen Sie jetzt und bringen Sie Ihre Forschung auf das n\u00e4chste Level!<\/p>","protected":false},"excerpt":{"rendered":"<p><strong>Morphine D3<\/strong> est une variante marqu\u00e9e au deut\u00e9rium de la morphine, un opio\u00efde d'origine naturelle utilis\u00e9 principalement dans la recherche scientifique. Le site <strong>D3<\/strong>Le marquage \"-\" signifie que trois atomes d'hydrog\u00e8ne de la mol\u00e9cule ont \u00e9t\u00e9 remplac\u00e9s par du deut\u00e9rium, un isotope stable de l'hydrog\u00e8ne. Cette modification est utilis\u00e9e pour r\u00e9aliser des \u00e9tudes pharmacocin\u00e9tiques et suivre les processus m\u00e9taboliques sans alt\u00e9rer le mode d'action de la morphine.<\/p>\n<h3><strong>Faits importants<\/strong><\/h3>\n<p><strong>Classe<\/strong>: opio\u00efde<br \/>\n<strong>Utilisation<\/strong>Recherche en pharmacologie et biochimie<br \/>\n<strong>Apparition<\/strong>Poudre fine, g\u00e9n\u00e9ralement disponible dans des environnements de laboratoire contr\u00f4l\u00e9s.<\/p>","protected":false},"featured_media":931,"comment_status":"open","ping_status":"closed","template":"","meta":{"_joinchat":[]},"product_brand":[],"product_cat":[97],"product_tag":[708,713,710,696,700,703,699,707,704,712,692,711,697,705,702,693,701,695,691,706,714,709,698,694],"class_list":{"0":"post-930","1":"product","2":"type-product","3":"status-publish","4":"has-post-thumbnail","6":"product_cat-forschungschemikalien","7":"product_tag-morphine-d-anwendungen","8":"product_tag-morphine-d-deuterium-markiert","9":"product_tag-morphine-d-forensische-verwendung","10":"product_tag-morphine-d-forschungschemikalie","11":"product_tag-morphine-d-fur-analytische-chemie","12":"product_tag-morphine-d-gc-ms-standard","13":"product_tag-morphine-d-groshandel","14":"product_tag-morphine-d-handhabung","15":"product_tag-morphine-d-internes-standard","16":"product_tag-morphine-d-isotopenverdunnung","17":"product_tag-morphine-d-kaufen","18":"product_tag-morphine-d-klinische-tests","19":"product_tag-morphine-d-laboranwendung","20":"product_tag-morphine-d-lagerung","21":"product_tag-morphine-d-lc-ms-standard","22":"product_tag-morphine-d-lieferant","23":"product_tag-morphine-d-massenspektrometrie","24":"product_tag-morphine-d-preis","25":"product_tag-morphine-d-pulver","26":"product_tag-morphine-d-sicherheit","27":"product_tag-morphine-d-stabilitat","28":"product_tag-morphine-d-toxikologie","29":"product_tag-morphine-d-verfugbarkeit","30":"product_tag-morphine-d-zum-verkauf","32":"first","33":"instock","34":"shipping-taxable","35":"purchasable","36":"product-type-variable"},"yoast_head":"<!-- This site is optimized with the Yoast SEO plugin v26.1.1 - https:\/\/yoast.com\/wordpress\/plugins\/seo\/ -->\n<title>Morphine-D3 Pulver Kaufen \u2013 Premium-Qualit\u00e4t | Chemgramx<\/title>\n<meta name=\"description\" content=\"Kaufen Sie Morphine-D3 Pulver online bei Chemgramx. Laborgepr\u00fcfte Qualit\u00e4t, \u226599% Reinheit, schnelle Lieferung und beste Preise. Jetzt bestellen!\" \/>\n<meta name=\"robots\" content=\"index, follow, max-snippet:-1, max-image-preview:large, max-video-preview:-1\" \/>\n<link rel=\"canonical\" href=\"https:\/\/chemgramx.com\/fr\/produit\/morphine-d3-powder\/\" \/>\n<meta property=\"og:locale\" content=\"fr_FR\" \/>\n<meta property=\"og:type\" content=\"article\" \/>\n<meta property=\"og:title\" content=\"Morphine-D3 Pulver Kaufen \u2013 Premium-Qualit\u00e4t | Chemgramx\" \/>\n<meta property=\"og:description\" content=\"Kaufen Sie Morphine-D3 Pulver online bei Chemgramx. Laborgepr\u00fcfte Qualit\u00e4t, \u226599% Reinheit, schnelle Lieferung und beste Preise. Jetzt bestellen!\" \/>\n<meta property=\"og:url\" content=\"https:\/\/chemgramx.com\/fr\/produit\/morphine-d3-powder\/\" \/>\n<meta property=\"og:site_name\" content=\"Chemgramx\" \/>\n<meta property=\"article:modified_time\" content=\"2025-10-18T07:22:13+00:00\" \/>\n<meta property=\"og:image\" content=\"https:\/\/chemgramx.com\/wp-content\/uploads\/2024\/11\/Morphine-D3-powder.webp\" \/>\n\t<meta property=\"og:image:width\" content=\"426\" \/>\n\t<meta property=\"og:image:height\" content=\"366\" \/>\n\t<meta property=\"og:image:type\" content=\"image\/webp\" \/>\n<meta name=\"twitter:card\" content=\"summary_large_image\" \/>\n<meta name=\"twitter:label1\" content=\"Dur\u00e9e de lecture estim\u00e9e\" \/>\n\t<meta name=\"twitter:data1\" content=\"2 minutes\" \/>\n<script type=\"application\/ld+json\" class=\"yoast-schema-graph\">{\"@context\":\"https:\/\/schema.org\",\"@graph\":[{\"@type\":\"WebPage\",\"@id\":\"https:\/\/chemgramx.com\/product\/morphine-d3-powder\/\",\"url\":\"https:\/\/chemgramx.com\/product\/morphine-d3-powder\/\",\"name\":\"Morphine-D3 Pulver Kaufen \u2013 Premium-Qualit\u00e4t | Chemgramx\",\"isPartOf\":{\"@id\":\"https:\/\/chemgramx.com\/#website\"},\"primaryImageOfPage\":{\"@id\":\"https:\/\/chemgramx.com\/product\/morphine-d3-powder\/#primaryimage\"},\"image\":{\"@id\":\"https:\/\/chemgramx.com\/product\/morphine-d3-powder\/#primaryimage\"},\"thumbnailUrl\":\"https:\/\/chemgramx.com\/wp-content\/uploads\/2024\/11\/Morphine-D3-powder.webp\",\"datePublished\":\"2024-11-19T10:44:42+00:00\",\"dateModified\":\"2025-10-18T07:22:13+00:00\",\"description\":\"Kaufen Sie Morphine-D3 Pulver online bei Chemgramx. Laborgepr\u00fcfte Qualit\u00e4t, \u226599% Reinheit, schnelle Lieferung und beste Preise. Jetzt bestellen!\",\"breadcrumb\":{\"@id\":\"https:\/\/chemgramx.com\/product\/morphine-d3-powder\/#breadcrumb\"},\"inLanguage\":\"fr-FR\",\"potentialAction\":[{\"@type\":\"ReadAction\",\"target\":[\"https:\/\/chemgramx.com\/product\/morphine-d3-powder\/\"]}]},{\"@type\":\"ImageObject\",\"inLanguage\":\"fr-FR\",\"@id\":\"https:\/\/chemgramx.com\/product\/morphine-d3-powder\/#primaryimage\",\"url\":\"https:\/\/chemgramx.com\/wp-content\/uploads\/2024\/11\/Morphine-D3-powder.webp\",\"contentUrl\":\"https:\/\/chemgramx.com\/wp-content\/uploads\/2024\/11\/Morphine-D3-powder.webp\",\"width\":426,\"height\":366,\"caption\":\"Buy Morphine-D3 Powder\"},{\"@type\":\"BreadcrumbList\",\"@id\":\"https:\/\/chemgramx.com\/product\/morphine-d3-powder\/#breadcrumb\",\"itemListElement\":[{\"@type\":\"ListItem\",\"position\":1,\"name\":\"Home\",\"item\":\"https:\/\/chemgramx.com\/\"},{\"@type\":\"ListItem\",\"position\":2,\"name\":\"Shop\",\"item\":\"https:\/\/chemgramx.com\/shop\/\"},{\"@type\":\"ListItem\",\"position\":3,\"name\":\"Morphine-D3 Powder online kaufen\"}]},{\"@type\":\"WebSite\",\"@id\":\"https:\/\/chemgramx.com\/#website\",\"url\":\"https:\/\/chemgramx.com\/\",\"name\":\"Chemgramx\",\"description\":\"\",\"publisher\":{\"@id\":\"https:\/\/chemgramx.com\/#organization\"},\"potentialAction\":[{\"@type\":\"SearchAction\",\"target\":{\"@type\":\"EntryPoint\",\"urlTemplate\":\"https:\/\/chemgramx.com\/?s={search_term_string}\"},\"query-input\":{\"@type\":\"PropertyValueSpecification\",\"valueRequired\":true,\"valueName\":\"search_term_string\"}}],\"inLanguage\":\"fr-FR\"},{\"@type\":\"Organization\",\"@id\":\"https:\/\/chemgramx.com\/#organization\",\"name\":\"Chemgramx\",\"url\":\"https:\/\/chemgramx.com\/\",\"logo\":{\"@type\":\"ImageObject\",\"inLanguage\":\"fr-FR\",\"@id\":\"https:\/\/chemgramx.com\/#\/schema\/logo\/image\/\",\"url\":\"https:\/\/chemgramx.com\/wp-content\/uploads\/2024\/10\/final-logo.png\",\"contentUrl\":\"https:\/\/chemgramx.com\/wp-content\/uploads\/2024\/10\/final-logo.png\",\"width\":250,\"height\":48,\"caption\":\"Chemgramx\"},\"image\":{\"@id\":\"https:\/\/chemgramx.com\/#\/schema\/logo\/image\/\"}}]}<\/script>\n<!-- \/ Yoast SEO plugin. -->","yoast_head_json":{"title":"Morphine-D3 Pulver Kaufen \u2013 Premium-Qualit\u00e4t | Chemgramx","description":"Kaufen Sie Morphine-D3 Pulver online bei Chemgramx. Laborgepr\u00fcfte Qualit\u00e4t, \u226599% Reinheit, schnelle Lieferung und beste Preise. Jetzt bestellen!","robots":{"index":"index","follow":"follow","max-snippet":"max-snippet:-1","max-image-preview":"max-image-preview:large","max-video-preview":"max-video-preview:-1"},"canonical":"https:\/\/chemgramx.com\/fr\/produit\/morphine-d3-powder\/","og_locale":"fr_FR","og_type":"article","og_title":"Morphine-D3 Pulver Kaufen \u2013 Premium-Qualit\u00e4t | Chemgramx","og_description":"Kaufen Sie Morphine-D3 Pulver online bei Chemgramx. Laborgepr\u00fcfte Qualit\u00e4t, \u226599% Reinheit, schnelle Lieferung und beste Preise. Jetzt bestellen!","og_url":"https:\/\/chemgramx.com\/fr\/produit\/morphine-d3-powder\/","og_site_name":"Chemgramx","article_modified_time":"2025-10-18T07:22:13+00:00","og_image":[{"width":426,"height":366,"url":"https:\/\/chemgramx.com\/wp-content\/uploads\/2024\/11\/Morphine-D3-powder.webp","type":"image\/webp"}],"twitter_card":"summary_large_image","twitter_misc":{"Dur\u00e9e de lecture estim\u00e9e":"2 minutes"},"schema":{"@context":"https:\/\/schema.org","@graph":[{"@type":"WebPage","@id":"https:\/\/chemgramx.com\/product\/morphine-d3-powder\/","url":"https:\/\/chemgramx.com\/product\/morphine-d3-powder\/","name":"Morphine-D3 Pulver Kaufen \u2013 Premium-Qualit\u00e4t | Chemgramx","isPartOf":{"@id":"https:\/\/chemgramx.com\/#website"},"primaryImageOfPage":{"@id":"https:\/\/chemgramx.com\/product\/morphine-d3-powder\/#primaryimage"},"image":{"@id":"https:\/\/chemgramx.com\/product\/morphine-d3-powder\/#primaryimage"},"thumbnailUrl":"https:\/\/chemgramx.com\/wp-content\/uploads\/2024\/11\/Morphine-D3-powder.webp","datePublished":"2024-11-19T10:44:42+00:00","dateModified":"2025-10-18T07:22:13+00:00","description":"Kaufen Sie Morphine-D3 Pulver online bei Chemgramx. Laborgepr\u00fcfte Qualit\u00e4t, \u226599% Reinheit, schnelle Lieferung und beste Preise. Jetzt bestellen!","breadcrumb":{"@id":"https:\/\/chemgramx.com\/product\/morphine-d3-powder\/#breadcrumb"},"inLanguage":"fr-FR","potentialAction":[{"@type":"ReadAction","target":["https:\/\/chemgramx.com\/product\/morphine-d3-powder\/"]}]},{"@type":"ImageObject","inLanguage":"fr-FR","@id":"https:\/\/chemgramx.com\/product\/morphine-d3-powder\/#primaryimage","url":"https:\/\/chemgramx.com\/wp-content\/uploads\/2024\/11\/Morphine-D3-powder.webp","contentUrl":"https:\/\/chemgramx.com\/wp-content\/uploads\/2024\/11\/Morphine-D3-powder.webp","width":426,"height":366,"caption":"Buy Morphine-D3 Powder"},{"@type":"BreadcrumbList","@id":"https:\/\/chemgramx.com\/product\/morphine-d3-powder\/#breadcrumb","itemListElement":[{"@type":"ListItem","position":1,"name":"Home","item":"https:\/\/chemgramx.com\/"},{"@type":"ListItem","position":2,"name":"Shop","item":"https:\/\/chemgramx.com\/shop\/"},{"@type":"ListItem","position":3,"name":"Morphine-D3 Powder online kaufen"}]},{"@type":"WebSite","@id":"https:\/\/chemgramx.com\/#website","url":"https:\/\/chemgramx.com\/","name":"Chemgramx","description":"","publisher":{"@id":"https:\/\/chemgramx.com\/#organization"},"potentialAction":[{"@type":"SearchAction","target":{"@type":"EntryPoint","urlTemplate":"https:\/\/chemgramx.com\/?s={search_term_string}"},"query-input":{"@type":"PropertyValueSpecification","valueRequired":true,"valueName":"search_term_string"}}],"inLanguage":"fr-FR"},{"@type":"Organization","@id":"https:\/\/chemgramx.com\/#organization","name":"Chemgramx","url":"https:\/\/chemgramx.com\/","logo":{"@type":"ImageObject","inLanguage":"fr-FR","@id":"https:\/\/chemgramx.com\/#\/schema\/logo\/image\/","url":"https:\/\/chemgramx.com\/wp-content\/uploads\/2024\/10\/final-logo.png","contentUrl":"https:\/\/chemgramx.com\/wp-content\/uploads\/2024\/10\/final-logo.png","width":250,"height":48,"caption":"Chemgramx"},"image":{"@id":"https:\/\/chemgramx.com\/#\/schema\/logo\/image\/"}}]}},"_links":{"self":[{"href":"https:\/\/chemgramx.com\/fr\/wp-json\/wp\/v2\/product\/930","targetHints":{"allow":["GET"]}}],"collection":[{"href":"https:\/\/chemgramx.com\/fr\/wp-json\/wp\/v2\/product"}],"about":[{"href":"https:\/\/chemgramx.com\/fr\/wp-json\/wp\/v2\/types\/product"}],"replies":[{"embeddable":true,"href":"https:\/\/chemgramx.com\/fr\/wp-json\/wp\/v2\/comments?post=930"}],"wp:featuredmedia":[{"embeddable":true,"href":"https:\/\/chemgramx.com\/fr\/wp-json\/wp\/v2\/media\/931"}],"wp:attachment":[{"href":"https:\/\/chemgramx.com\/fr\/wp-json\/wp\/v2\/media?parent=930"}],"wp:term":[{"taxonomy":"product_brand","embeddable":true,"href":"https:\/\/chemgramx.com\/fr\/wp-json\/wp\/v2\/product_brand?post=930"},{"taxonomy":"product_cat","embeddable":true,"href":"https:\/\/chemgramx.com\/fr\/wp-json\/wp\/v2\/product_cat?post=930"},{"taxonomy":"product_tag","embeddable":true,"href":"https:\/\/chemgramx.com\/fr\/wp-json\/wp\/v2\/product_tag?post=930"}],"curies":[{"name":"wp","href":"https:\/\/api.w.org\/{rel}","templated":true}]}}