{"id":932,"date":"2024-11-19T11:15:11","date_gmt":"2024-11-19T11:15:11","guid":{"rendered":"https:\/\/chemgramx.com\/?post_type=product&#038;p=932"},"modified":"2025-10-15T08:28:32","modified_gmt":"2025-10-15T08:28:32","slug":"4-cec-kristalle","status":"publish","type":"product","link":"https:\/\/chemgramx.com\/fr\/produit\/4-cec-kristalle\/","title":{"rendered":"Acheter 4-CEC Crystals en ligne"},"content":{"rendered":"<h2 data-start=\"198\" data-end=\"230\">Acheter 4-CEC Crystals en ligne<\/h2>\n<h2 data-start=\"232\" data-end=\"247\">Introduction<\/h2>\n<p data-start=\"249\" data-end=\"860\">De plus en plus de personnes cherchent \u00e0 acheter ou \u00e0 vendre des cristaux de 4-CEC. Les cristaux de 4-CEC (4-chloro\u00e9thcathinone) sont une substance psychoactive synth\u00e9tique de la famille des cathinones, de plus en plus utilis\u00e9e dans la recherche et l'exploration psychoactive. La demande en <a href=\"https:\/\/chemgramx.com\/fr\/produit\/4-cec-kristalle\/\">Acheter 4-CEC Crystals en ligne<\/a> Leur utilisation a augment\u00e9 ces derni\u00e8res ann\u00e9es, tant dans des contextes scientifiques que pour l'exp\u00e9rience personnelle. Toute personne envisageant de commander des cristaux 4-CEC doit pr\u00eater une attention particuli\u00e8re \u00e0 la qualit\u00e9 et \u00e0 la fiabilit\u00e9 du fournisseur.<\/p>\n<h3 data-start=\"862\" data-end=\"892\">Que sont les cristaux 4-CEC ?<\/h3>\n<p data-start=\"894\" data-end=\"1118\"><a href=\"https:\/\/en.wikipedia.org\/wiki\/4-Chloromethcathinone\">4-CEC<\/a> Les cristaux sont une forme cristalline de la 4-chloro\u00e9thcathinone. Les chercheurs et les consommateurs cherchent de plus en plus d'informations sur les points de vente de cristaux de 4-CEC afin d'obtenir des produits fiables et de haute puret\u00e9.<\/p>\n<h3 data-start=\"1120\" data-end=\"1150\">Composition chimique<\/h3>\n<p data-start=\"1152\" data-end=\"1373\">La formule chimique est C10H12ClNO. La modification de la structure mol\u00e9culaire en position 4 cr\u00e9e un compos\u00e9 diff\u00e9rent des substances similaires et le rend int\u00e9ressant pour la recherche.<\/p>\n<h3 data-start=\"1375\" data-end=\"1399\">Applications courantes<\/h3>\n<ul data-start=\"1401\" data-end=\"1708\">\n<li data-start=\"1401\" data-end=\"1539\">\n<p data-start=\"1403\" data-end=\"1539\">Recherche : Les scientifiques utilisent l'achat de cristaux 4-CEC en ligne pour mieux comprendre les propri\u00e9t\u00e9s des cathinones psychoactives.<\/p>\n<\/li>\n<li data-start=\"1540\" data-end=\"1708\">\n<p data-start=\"1542\" data-end=\"1708\">Exploration psychoactive : Certains utilisateurs r\u00e9cr\u00e9atifs se tournent vers les cristaux 4-CEC \u00e0 vendre en raison de leurs propri\u00e9t\u00e9s stimulantes et euphorisantes.<\/p>\n<\/li>\n<\/ul>\n<h3 data-start=\"1875\" data-end=\"1916\">Pourquoi acheter des cristaux 4-CEC en ligne ?<\/h3>\n<p data-start=\"1918\" data-end=\"2193\">Le principal avantage d'acheter des cristaux 4-CEC en ligne r\u00e9side dans leur praticit\u00e9 et leur disponibilit\u00e9. De nombreux fournisseurs r\u00e9put\u00e9s sont consid\u00e9r\u00e9s comme les meilleurs pour acheter des cristaux 4-CEC en ligne, car ils offrent une qualit\u00e9 v\u00e9rifi\u00e9e, une livraison anonyme et des prix transparents.<\/p>\n<h3 data-start=\"2195\" data-end=\"2234\">Accessibilit\u00e9 et s\u00e9lection de produits<\/h3>\n<p data-start=\"2236\" data-end=\"2355\">Lors de la commande de cristaux 4-CEC en ligne, les acheteurs b\u00e9n\u00e9ficient d'un plus grand choix et de diff\u00e9rents niveaux de puret\u00e9.<\/p>\n<h3 data-start=\"2357\" data-end=\"2383\">Risques et avantages<\/h3>\n<ul data-start=\"2385\" data-end=\"2516\">\n<li data-start=\"2385\" data-end=\"2452\">\n<p data-start=\"2387\" data-end=\"2452\">Avantages : Grand choix, livraison rapide, exp\u00e9dition discr\u00e8te.<\/p>\n<\/li>\n<li data-start=\"2453\" data-end=\"2516\">\n<p data-start=\"2455\" data-end=\"2516\">Risques : Produits de mauvaise qualit\u00e9 ou fournisseurs sans certificats.<\/p>\n<\/li>\n<\/ul>\n<h3 data-start=\"2518\" data-end=\"2567\">Comment trouver un fournisseur fiable ?<\/h3>\n<p data-start=\"2569\" data-end=\"2702\">Wer sicherstellen m\u00f6chte, dass er 4-CEC-Kristalle online kaufen von einer zuverl\u00e4ssigen Forschungsquelle, sollte auf folgende Punkte achten:<\/p>\n<ul data-start=\"2704\" data-end=\"2909\">\n<li data-start=\"2704\" data-end=\"2734\">\n<p data-start=\"2706\" data-end=\"2734\">Informations claires sur le produit<\/p>\n<\/li>\n<li data-start=\"2735\" data-end=\"2787\">\n<p data-start=\"2737\" data-end=\"2787\">Tests de laboratoire v\u00e9rifiables et certificats de puret\u00e9<\/p>\n<\/li>\n<li data-start=\"2788\" data-end=\"2861\">\n<p data-start=\"2790\" data-end=\"2861\">Realistische prijs voor 4-CEC-kristallen zonder opvallende dumpingaanbiedingen<\/p>\n<\/li>\n<\/ul>\n<h3 data-start=\"2911\" data-end=\"2952\">Consid\u00e9rations juridiques et \u00e9thiques<\/h3>\n<p data-start=\"2954\" data-end=\"3157\">Quel que soit le lieu d'achat de cristaux 4-CEC, vous devez respecter la r\u00e9glementation en vigueur dans votre pays. Les acheteurs sont responsables et doivent toujours agir avec prudence et s'informer.<\/p>\n<h3 data-start=\"3159\" data-end=\"3169\">Conclusion<\/h3>\n<p data-start=\"3171\" data-end=\"3522\">Le march\u00e9 des cristaux de 4-CEC est en constante croissance. Pour acheter des cristaux de 4-CEC en ligne, il est conseill\u00e9 de se renseigner soigneusement, de commander uniquement aupr\u00e8s de revendeurs fiables et de v\u00e9rifier la l\u00e9gislation en vigueur. Les passionn\u00e9s de chimie et les chercheurs qui commandent des cristaux de 4-CEC b\u00e9n\u00e9ficient d'une qualit\u00e9 \u00e9prouv\u00e9e, d'une transparence et d'une livraison s\u00e9curis\u00e9e.<\/p>\n<p data-start=\"3524\" data-end=\"3617\">Le moyen le plus s\u00fbr est toujours d\u2019acheter des cristaux 4-CEC en ligne aupr\u00e8s d\u2019une source de recherche fiable.<\/p>","protected":false},"excerpt":{"rendered":"<p><strong>4-CEC<\/strong> (4-chloro\u00e9thcathinone) est un stimulant synth\u00e9tique issu du <strong>Famille des cathinones<\/strong> et chimiquement apparent\u00e9 \u00e0 des compos\u00e9s tels que <strong>M\u00e9ph\u00e9drone (4-MMC)<\/strong>. Elle est souvent vendue comme substance de recherche et est connue pour ses effets stimulants et empathog\u00e8nes, qui peuvent toutefois \u00eatre moins importants que ceux des cathinones comparables.<\/p>\n<h3><strong>Faits importants<\/strong><\/h3>\n<p><strong>Classe chimique<\/strong>: Cathinon<br \/>\n<strong>Effet<\/strong>stimulation, euphorie, sociabilit\u00e9 accrue<br \/>\n<strong>D\u00e9but de l'effet<\/strong>20-45 minutes (par voie orale)<br \/>\n<strong>Dur\u00e9e<\/strong>2-5 heures<\/p>","protected":false},"featured_media":933,"comment_status":"open","ping_status":"closed","template":"","meta":{"_joinchat":[]},"product_brand":[],"product_cat":[49,48],"product_tag":[734,730,735,737,721,723,729,717,715,722,728,718,733,720,738,731,727,724,739,732,719,716,740,741,725,736,726],"class_list":{"0":"post-932","1":"product","2":"type-product","3":"status-publish","4":"has-post-thumbnail","6":"product_cat-cathinones","7":"product_cat-stimulants","8":"product_tag-4-cec-analyse","9":"product_tag-4-cec-anwendungen","10":"product_tag-4-cec-chemie","11":"product_tag-4-cec-effekte","12":"product_tag-4-cec-forschungschemikalie","13":"product_tag-4-cec-groshandel","14":"product_tag-4-cec-handhabung","15":"product_tag-4-cec-kaufen","16":"product_tag-4-cec-kristalle","17":"product_tag-4-cec-laboranwendung","18":"product_tag-4-cec-lagerung","19":"product_tag-4-cec-lieferant","20":"product_tag-4-cec-markt","21":"product_tag-4-cec-preis","22":"product_tag-4-cec-reinheit","23":"product_tag-4-cec-risiken","24":"product_tag-4-cec-sicherheit","25":"product_tag-4-cec-verfugbarkeit","26":"product_tag-4-cec-vertrieb","27":"product_tag-4-cec-vorschriften","28":"product_tag-4-cec-zum-verkauf","29":"product_tag-4-chlorethcathinon","30":"product_tag-4-chlorethcathinon-fur-forschung","31":"product_tag-4-chlorethcathinon-groshandel","32":"product_tag-4-chlorethcathinon-kaufen","33":"product_tag-4-chlorethcathinon-kristalle","34":"product_tag-4-chlorethcathinon-lieferant","36":"first","37":"instock","38":"shipping-taxable","39":"purchasable","40":"product-type-variable"},"yoast_head":"<!-- This site is optimized with the Yoast SEO plugin v26.1.1 - https:\/\/yoast.com\/wordpress\/plugins\/seo\/ -->\n<title>4-CEC-Kristalle online kaufen \u2013 4-CEC-Kristalle zu verkaufen<\/title>\n<meta name=\"description\" content=\"Chemgramx ist der beste Ort, um 4-cec-Kristalle online zu kaufen. Wir bieten 4-cec-Kristalle zu den besten Preisen zum Verkauf an. Holen Sie sich den besten Preis mit tollen Angeboten. Buchen Sie Ihre Bestellung jetzt!\" \/>\n<meta name=\"robots\" content=\"index, follow, max-snippet:-1, max-image-preview:large, max-video-preview:-1\" \/>\n<link rel=\"canonical\" href=\"https:\/\/chemgramx.com\/fr\/produit\/4-cec-kristalle\/\" \/>\n<meta property=\"og:locale\" content=\"fr_FR\" \/>\n<meta property=\"og:type\" content=\"article\" \/>\n<meta property=\"og:title\" content=\"4-CEC-Kristalle online kaufen \u2013 4-CEC-Kristalle zu verkaufen\" \/>\n<meta property=\"og:description\" content=\"Chemgramx ist der beste Ort, um 4-cec-Kristalle online zu kaufen. Wir bieten 4-cec-Kristalle zu den besten Preisen zum Verkauf an. Holen Sie sich den besten Preis mit tollen Angeboten. Buchen Sie Ihre Bestellung jetzt!\" \/>\n<meta property=\"og:url\" content=\"https:\/\/chemgramx.com\/fr\/produit\/4-cec-kristalle\/\" \/>\n<meta property=\"og:site_name\" content=\"Chemgramx\" \/>\n<meta property=\"article:modified_time\" content=\"2025-10-15T08:28:32+00:00\" \/>\n<meta property=\"og:image\" content=\"https:\/\/chemgramx.com\/wp-content\/uploads\/2024\/11\/Buy-4-CEC-Crystals.webp\" \/>\n\t<meta property=\"og:image:width\" content=\"400\" \/>\n\t<meta property=\"og:image:height\" content=\"400\" \/>\n\t<meta property=\"og:image:type\" content=\"image\/webp\" \/>\n<meta name=\"twitter:card\" content=\"summary_large_image\" \/>\n<meta name=\"twitter:label1\" content=\"Dur\u00e9e de lecture estim\u00e9e\" \/>\n\t<meta name=\"twitter:data1\" content=\"2 minutes\" \/>\n<script type=\"application\/ld+json\" class=\"yoast-schema-graph\">{\"@context\":\"https:\/\/schema.org\",\"@graph\":[{\"@type\":\"WebPage\",\"@id\":\"https:\/\/chemgramx.com\/product\/4-cec-kristalle\/\",\"url\":\"https:\/\/chemgramx.com\/product\/4-cec-kristalle\/\",\"name\":\"4-CEC-Kristalle online kaufen \u2013 4-CEC-Kristalle zu verkaufen\",\"isPartOf\":{\"@id\":\"https:\/\/chemgramx.com\/#website\"},\"primaryImageOfPage\":{\"@id\":\"https:\/\/chemgramx.com\/product\/4-cec-kristalle\/#primaryimage\"},\"image\":{\"@id\":\"https:\/\/chemgramx.com\/product\/4-cec-kristalle\/#primaryimage\"},\"thumbnailUrl\":\"https:\/\/chemgramx.com\/wp-content\/uploads\/2024\/11\/Buy-4-CEC-Crystals.webp\",\"datePublished\":\"2024-11-19T11:15:11+00:00\",\"dateModified\":\"2025-10-15T08:28:32+00:00\",\"description\":\"Chemgramx ist der beste Ort, um 4-cec-Kristalle online zu kaufen. Wir bieten 4-cec-Kristalle zu den besten Preisen zum Verkauf an. Holen Sie sich den besten Preis mit tollen Angeboten. Buchen Sie Ihre Bestellung jetzt!\",\"breadcrumb\":{\"@id\":\"https:\/\/chemgramx.com\/product\/4-cec-kristalle\/#breadcrumb\"},\"inLanguage\":\"fr-FR\",\"potentialAction\":[{\"@type\":\"ReadAction\",\"target\":[\"https:\/\/chemgramx.com\/product\/4-cec-kristalle\/\"]}]},{\"@type\":\"ImageObject\",\"inLanguage\":\"fr-FR\",\"@id\":\"https:\/\/chemgramx.com\/product\/4-cec-kristalle\/#primaryimage\",\"url\":\"https:\/\/chemgramx.com\/wp-content\/uploads\/2024\/11\/Buy-4-CEC-Crystals.webp\",\"contentUrl\":\"https:\/\/chemgramx.com\/wp-content\/uploads\/2024\/11\/Buy-4-CEC-Crystals.webp\",\"width\":400,\"height\":400,\"caption\":\"4-CEC-Kristalle online kaufen\"},{\"@type\":\"BreadcrumbList\",\"@id\":\"https:\/\/chemgramx.com\/product\/4-cec-kristalle\/#breadcrumb\",\"itemListElement\":[{\"@type\":\"ListItem\",\"position\":1,\"name\":\"Home\",\"item\":\"https:\/\/chemgramx.com\/\"},{\"@type\":\"ListItem\",\"position\":2,\"name\":\"Shop\",\"item\":\"https:\/\/chemgramx.com\/shop\/\"},{\"@type\":\"ListItem\",\"position\":3,\"name\":\"4-CEC Crystals online kaufen\"}]},{\"@type\":\"WebSite\",\"@id\":\"https:\/\/chemgramx.com\/#website\",\"url\":\"https:\/\/chemgramx.com\/\",\"name\":\"Chemgramx\",\"description\":\"\",\"publisher\":{\"@id\":\"https:\/\/chemgramx.com\/#organization\"},\"potentialAction\":[{\"@type\":\"SearchAction\",\"target\":{\"@type\":\"EntryPoint\",\"urlTemplate\":\"https:\/\/chemgramx.com\/?s={search_term_string}\"},\"query-input\":{\"@type\":\"PropertyValueSpecification\",\"valueRequired\":true,\"valueName\":\"search_term_string\"}}],\"inLanguage\":\"fr-FR\"},{\"@type\":\"Organization\",\"@id\":\"https:\/\/chemgramx.com\/#organization\",\"name\":\"Chemgramx\",\"url\":\"https:\/\/chemgramx.com\/\",\"logo\":{\"@type\":\"ImageObject\",\"inLanguage\":\"fr-FR\",\"@id\":\"https:\/\/chemgramx.com\/#\/schema\/logo\/image\/\",\"url\":\"https:\/\/chemgramx.com\/wp-content\/uploads\/2024\/10\/final-logo.png\",\"contentUrl\":\"https:\/\/chemgramx.com\/wp-content\/uploads\/2024\/10\/final-logo.png\",\"width\":250,\"height\":48,\"caption\":\"Chemgramx\"},\"image\":{\"@id\":\"https:\/\/chemgramx.com\/#\/schema\/logo\/image\/\"}}]}<\/script>\n<!-- \/ Yoast SEO plugin. -->","yoast_head_json":{"title":"Achetez des cristaux 4-CEC en ligne \u2013 Cristaux 4-CEC \u00e0 vendre","description":"Chemgramx est le meilleur endroit pour acheter des cristaux de 4-cec en ligne. Nous les proposons aux meilleurs prix. Profitez des meilleurs prix et d'offres exceptionnelles. Commandez d\u00e8s maintenant\u00a0!","robots":{"index":"index","follow":"follow","max-snippet":"max-snippet:-1","max-image-preview":"max-image-preview:large","max-video-preview":"max-video-preview:-1"},"canonical":"https:\/\/chemgramx.com\/fr\/produit\/4-cec-kristalle\/","og_locale":"fr_FR","og_type":"article","og_title":"4-CEC-Kristalle online kaufen \u2013 4-CEC-Kristalle zu verkaufen","og_description":"Chemgramx ist der beste Ort, um 4-cec-Kristalle online zu kaufen. Wir bieten 4-cec-Kristalle zu den besten Preisen zum Verkauf an. Holen Sie sich den besten Preis mit tollen Angeboten. Buchen Sie Ihre Bestellung jetzt!","og_url":"https:\/\/chemgramx.com\/fr\/produit\/4-cec-kristalle\/","og_site_name":"Chemgramx","article_modified_time":"2025-10-15T08:28:32+00:00","og_image":[{"width":400,"height":400,"url":"https:\/\/chemgramx.com\/wp-content\/uploads\/2024\/11\/Buy-4-CEC-Crystals.webp","type":"image\/webp"}],"twitter_card":"summary_large_image","twitter_misc":{"Dur\u00e9e de lecture estim\u00e9e":"2 minutes"},"schema":{"@context":"https:\/\/schema.org","@graph":[{"@type":"WebPage","@id":"https:\/\/chemgramx.com\/product\/4-cec-kristalle\/","url":"https:\/\/chemgramx.com\/product\/4-cec-kristalle\/","name":"Achetez des cristaux 4-CEC en ligne \u2013 Cristaux 4-CEC \u00e0 vendre","isPartOf":{"@id":"https:\/\/chemgramx.com\/#website"},"primaryImageOfPage":{"@id":"https:\/\/chemgramx.com\/product\/4-cec-kristalle\/#primaryimage"},"image":{"@id":"https:\/\/chemgramx.com\/product\/4-cec-kristalle\/#primaryimage"},"thumbnailUrl":"https:\/\/chemgramx.com\/wp-content\/uploads\/2024\/11\/Buy-4-CEC-Crystals.webp","datePublished":"2024-11-19T11:15:11+00:00","dateModified":"2025-10-15T08:28:32+00:00","description":"Chemgramx est le meilleur endroit pour acheter des cristaux de 4-cec en ligne. Nous les proposons aux meilleurs prix. Profitez des meilleurs prix et d'offres exceptionnelles. Commandez d\u00e8s maintenant\u00a0!","breadcrumb":{"@id":"https:\/\/chemgramx.com\/product\/4-cec-kristalle\/#breadcrumb"},"inLanguage":"fr-FR","potentialAction":[{"@type":"ReadAction","target":["https:\/\/chemgramx.com\/product\/4-cec-kristalle\/"]}]},{"@type":"ImageObject","inLanguage":"fr-FR","@id":"https:\/\/chemgramx.com\/product\/4-cec-kristalle\/#primaryimage","url":"https:\/\/chemgramx.com\/wp-content\/uploads\/2024\/11\/Buy-4-CEC-Crystals.webp","contentUrl":"https:\/\/chemgramx.com\/wp-content\/uploads\/2024\/11\/Buy-4-CEC-Crystals.webp","width":400,"height":400,"caption":"4-CEC-Kristalle online kaufen"},{"@type":"BreadcrumbList","@id":"https:\/\/chemgramx.com\/product\/4-cec-kristalle\/#breadcrumb","itemListElement":[{"@type":"ListItem","position":1,"name":"Home","item":"https:\/\/chemgramx.com\/"},{"@type":"ListItem","position":2,"name":"Shop","item":"https:\/\/chemgramx.com\/shop\/"},{"@type":"ListItem","position":3,"name":"4-CEC Crystals online kaufen"}]},{"@type":"WebSite","@id":"https:\/\/chemgramx.com\/#website","url":"https:\/\/chemgramx.com\/","name":"Chemgramx","description":"","publisher":{"@id":"https:\/\/chemgramx.com\/#organization"},"potentialAction":[{"@type":"SearchAction","target":{"@type":"EntryPoint","urlTemplate":"https:\/\/chemgramx.com\/?s={search_term_string}"},"query-input":{"@type":"PropertyValueSpecification","valueRequired":true,"valueName":"search_term_string"}}],"inLanguage":"fr-FR"},{"@type":"Organization","@id":"https:\/\/chemgramx.com\/#organization","name":"Chemgramx","url":"https:\/\/chemgramx.com\/","logo":{"@type":"ImageObject","inLanguage":"fr-FR","@id":"https:\/\/chemgramx.com\/#\/schema\/logo\/image\/","url":"https:\/\/chemgramx.com\/wp-content\/uploads\/2024\/10\/final-logo.png","contentUrl":"https:\/\/chemgramx.com\/wp-content\/uploads\/2024\/10\/final-logo.png","width":250,"height":48,"caption":"Chemgramx"},"image":{"@id":"https:\/\/chemgramx.com\/#\/schema\/logo\/image\/"}}]}},"_links":{"self":[{"href":"https:\/\/chemgramx.com\/fr\/wp-json\/wp\/v2\/product\/932","targetHints":{"allow":["GET"]}}],"collection":[{"href":"https:\/\/chemgramx.com\/fr\/wp-json\/wp\/v2\/product"}],"about":[{"href":"https:\/\/chemgramx.com\/fr\/wp-json\/wp\/v2\/types\/product"}],"replies":[{"embeddable":true,"href":"https:\/\/chemgramx.com\/fr\/wp-json\/wp\/v2\/comments?post=932"}],"wp:featuredmedia":[{"embeddable":true,"href":"https:\/\/chemgramx.com\/fr\/wp-json\/wp\/v2\/media\/933"}],"wp:attachment":[{"href":"https:\/\/chemgramx.com\/fr\/wp-json\/wp\/v2\/media?parent=932"}],"wp:term":[{"taxonomy":"product_brand","embeddable":true,"href":"https:\/\/chemgramx.com\/fr\/wp-json\/wp\/v2\/product_brand?post=932"},{"taxonomy":"product_cat","embeddable":true,"href":"https:\/\/chemgramx.com\/fr\/wp-json\/wp\/v2\/product_cat?post=932"},{"taxonomy":"product_tag","embeddable":true,"href":"https:\/\/chemgramx.com\/fr\/wp-json\/wp\/v2\/product_tag?post=932"}],"curies":[{"name":"wp","href":"https:\/\/api.w.org\/{rel}","templated":true}]}}