{"id":936,"date":"2024-11-19T11:56:44","date_gmt":"2024-11-19T11:56:44","guid":{"rendered":"https:\/\/chemgramx.com\/?post_type=product&#038;p=936"},"modified":"2025-10-18T07:22:11","modified_gmt":"2025-10-18T07:22:11","slug":"o-dsmt","status":"publish","type":"product","link":"https:\/\/chemgramx.com\/fr\/produit\/o-dsmt\/","title":{"rendered":"Acheter O-DSMT en ligne"},"content":{"rendered":"<h2 data-start=\"184\" data-end=\"251\">Acheter O-DSMT en ligne\u00a0: effets, recherche et informations l\u00e9gales<\/h2>\n<h2 data-start=\"253\" data-end=\"268\">invoering<\/h2>\n<p data-start=\"269\" data-end=\"744\">Immer mehr Forscher suchen nach M\u00f6glichkeiten, <a href=\"https:\/\/chemgramx.com\/fr\/produit\/o-dsmt\/\">Acheter O-DSMT en ligne<\/a> zu k\u00f6nnen. O-DSMT (O-Desmethyltramadol) ist ein aktiver Metabolit des bekannten Schmerzmittels Tramadol und steht im Zentrum zahlreicher Forschungsprojekte zur Wirkstoffanalyse und Neuropharmakologie. Aufgrund der steigenden Nachfrage bieten spezialisierte Gesch\u00e4fte O-DSMT zu verkaufen an, und viele Wissenschaftler entscheiden sich dazu, O-DSMT online kaufen, um die Substanz besser zu untersuchen.<\/p>\n<h3 data-start=\"746\" data-end=\"776\">Bref aper\u00e7u de l'O-DSMT<\/h3>\n<p data-start=\"777\" data-end=\"1128\"><a href=\"https:\/\/en.wikipedia.org\/wiki\/Desmetramadol\">O-DSMT<\/a> ist ein halbsynthetisches Opioid, das ausschlie\u00dflich zu Forschungszwecken erh\u00e4ltlich ist. Seine Wirkung ist deutlich st\u00e4rker und gezielter als die von Tramadol, was es f\u00fcr Labore attraktiv macht. Viele Forscher vergleichen Anbieter, um den besten O-DSMT-Preis zu finden oder direkt den bester Ort, um O-DSMT online zu kaufen auszuw\u00e4hlen.<\/p>\n<h3 data-start=\"1130\" data-end=\"1184\">Pourquoi les gens recherchent \u00ab\u00a0acheter O-DSMT en ligne\u00a0\u00bb<\/h3>\n<p data-start=\"1185\" data-end=\"1269\">Die Nachfrage nach O-DSMT online kaufen und Bestellung O-DSMT steigt aufgrund von:<\/p>\n<ul data-start=\"1271\" data-end=\"1532\">\n<li data-start=\"1271\" data-end=\"1323\">\n<p data-start=\"1273\" data-end=\"1323\">Int\u00e9r\u00eat scientifique pour les r\u00e9cepteurs opio\u00efdes<\/p>\n<\/li>\n<li data-start=\"1324\" data-end=\"1372\">\n<p data-start=\"1326\" data-end=\"1372\">Disponibilit\u00e9 limit\u00e9e en pharmacie<\/p>\n<\/li>\n<li data-start=\"1373\" data-end=\"1420\">\n<p data-start=\"1375\" data-end=\"1420\">Options de livraison discr\u00e8tes et rapides<\/p>\n<\/li>\n<li data-start=\"1421\" data-end=\"1469\">\n<p data-start=\"1423\" data-end=\"1469\">Comparaisons de prix, par exemple \u00ab\u00a0prix O-DSMT bon march\u00e9\u00a0\u00bb<\/p>\n<\/li>\n<li data-start=\"1470\" data-end=\"1532\">\n<p data-start=\"1472\" data-end=\"1532\">Internationalen H\u00e4ndlern, die O-DSMT zu verkaufen anbieten<\/p>\n<\/li>\n<\/ul>\n<h3 data-start=\"1534\" data-end=\"1554\">Qu'est-ce que l'O-DSMT ?<\/h3>\n<p data-start=\"1555\" data-end=\"1890\">O-DSMT entsteht als Hauptwirkstoff, wenn Tramadol im K\u00f6rper metabolisiert wird. Es geh\u00f6rt chemisch zu den synthetischen Opioiden und unterscheidet sich durch eine h\u00f6here Rezeptoraffinit\u00e4t. Daher wird es von vielen Anbietern als O-DSMT zu verkaufen beworben und Forscher weltweit entscheiden sich, O-DSMT kaufen f\u00fcr ihre Studien.<\/p>\n<h3 data-start=\"1892\" data-end=\"1935\">Classification et comparaison chimiques<\/h3>\n<p data-start=\"1936\" data-end=\"1995\">Par rapport \u00e0 d\u2019autres opio\u00efdes tels que la morphine ou la cod\u00e9ine :<\/p>\n<ul data-start=\"1997\" data-end=\"2159\">\n<li data-start=\"1997\" data-end=\"2037\">\n<p data-start=\"1999\" data-end=\"2037\">Liaison plus \u00e9lev\u00e9e aux r\u00e9cepteurs \u00b5-opio\u00efdes<\/p>\n<\/li>\n<li data-start=\"2038\" data-end=\"2084\">\n<p data-start=\"2040\" data-end=\"2084\">Effet analg\u00e9sique plus fort que le tramadol<\/p>\n<\/li>\n<li data-start=\"2085\" data-end=\"2159\">\n<p data-start=\"2087\" data-end=\"2159\">Aucune activit\u00e9 s\u00e9rotoninergique ou noradr\u00e9nergique, donc effet plus cibl\u00e9<\/p>\n<\/li>\n<\/ul>\n<h3 data-start=\"2161\" data-end=\"2197\">Effets et avantages de l'O-DSMT<\/h3>\n<p data-start=\"2198\" data-end=\"2259\">Dans les tests pr\u00e9cliniques et les recherches en laboratoire, l'O-DSMT montre :<\/p>\n<ul data-start=\"2261\" data-end=\"2448\">\n<li data-start=\"2261\" data-end=\"2303\">\n<p data-start=\"2263\" data-end=\"2303\">Effet analg\u00e9sique puissant<\/p>\n<\/li>\n<li data-start=\"2304\" data-end=\"2357\">\n<p data-start=\"2306\" data-end=\"2357\">Moins de surstimulation psychologique que le tramadol<\/p>\n<\/li>\n<li data-start=\"2358\" data-end=\"2403\">\n<p data-start=\"2360\" data-end=\"2403\">D\u00e9veloppement de la tol\u00e9rance potentiellement plus lent<\/p>\n<\/li>\n<li data-start=\"2404\" data-end=\"2448\">\n<p data-start=\"2406\" data-end=\"2448\">Profil pharmacocin\u00e9tique unique<\/p>\n<\/li>\n<\/ul>\n<p data-start=\"2450\" data-end=\"2471\">Effets signal\u00e9s :<\/p>\n<ul data-start=\"2472\" data-end=\"2571\">\n<li data-start=\"2472\" data-end=\"2505\">\n<p data-start=\"2474\" data-end=\"2505\">Analg\u00e9sique (soulage la douleur)<\/p>\n<\/li>\n<li data-start=\"2506\" data-end=\"2519\">\n<p data-start=\"2508\" data-end=\"2519\">Sedierend<\/p>\n<\/li>\n<li data-start=\"2520\" data-end=\"2571\">\n<p data-start=\"2522\" data-end=\"2571\">L\u00e9g\u00e8rement euphorique dans les environnements exp\u00e9rimentaux<\/p>\n<\/li>\n<\/ul>\n<p data-start=\"2573\" data-end=\"2671\">F\u00fcr Labore, die \u00fcberlegen, Wo kann man O-DSMT kaufen?, sind diese Eigenschaften besonders wertvoll.<\/p>\n<h3 data-start=\"3013\" data-end=\"3045\">Pourquoi acheter O-DSMT en ligne ?<\/h3>\n<p data-start=\"3046\" data-end=\"3086\">L'achat d'O-DSMT en ligne offre :<\/p>\n<ul data-start=\"3088\" data-end=\"3310\">\n<li data-start=\"3088\" data-end=\"3147\">\n<p data-start=\"3090\" data-end=\"3147\">Zugang zu internationalen Shops mit O-DSMT zu verkaufen<\/p>\n<\/li>\n<li data-start=\"3148\" data-end=\"3228\">\n<p data-start=\"3150\" data-end=\"3228\">Attraktive Preise und die M\u00f6glichkeit, den besten O-DSMT-Preis zu finden<\/p>\n<\/li>\n<li data-start=\"3229\" data-end=\"3260\">\n<p data-start=\"3231\" data-end=\"3260\">Livraison discr\u00e8te dans le monde entier<\/p>\n<\/li>\n<li data-start=\"3261\" data-end=\"3310\">\n<p data-start=\"3263\" data-end=\"3310\">Certificats d'analyse (COA) pour une puret\u00e9 maximale<\/p>\n<\/li>\n<\/ul>\n<p data-start=\"3312\" data-end=\"3430\">Viele Forscher setzen auf Anbieter, die explizit mit \u201eO-DSMT online kaufen von einer zuverl\u00e4ssigen Forschungsquelle\u201c werben.<\/p>\n<h3 data-start=\"3432\" data-end=\"3478\">Est-il l\u00e9gal de commander de l'O-DSMT en ligne ?<\/h3>\n<p data-start=\"3479\" data-end=\"3505\">La situation juridique varie :<\/p>\n<ul data-start=\"3507\" data-end=\"3749\">\n<li data-start=\"3507\" data-end=\"3581\">\n<p data-start=\"3509\" data-end=\"3581\">Allemagne : Souvent non directement r\u00e9glement\u00e9 par la loi sur les stup\u00e9fiants, mais via des tarifs analogues<\/p>\n<\/li>\n<li data-start=\"3582\" data-end=\"3644\">\n<p data-start=\"3584\" data-end=\"3644\">\u00c9tats-Unis\u00a0: Peut-\u00eatre couvert par la loi f\u00e9d\u00e9rale sur l'analogique<\/p>\n<\/li>\n<li data-start=\"3645\" data-end=\"3690\">\n<p data-start=\"3647\" data-end=\"3690\">Royaume-Uni, Su\u00e8de, Norv\u00e8ge\u00a0: contr\u00f4le strict<\/p>\n<\/li>\n<li data-start=\"3691\" data-end=\"3749\">\n<p data-start=\"3693\" data-end=\"3749\">Autriche, Suisse : zone grise, examen obligatoire<\/p>\n<\/li>\n<\/ul>\n<p data-start=\"3751\" data-end=\"3822\">Toute personne souhaitant commander de l\u2019O-DSMT doit toujours v\u00e9rifier les lois locales.<\/p>\n<h3 data-start=\"3824\" data-end=\"3852\">Comment s\u00e9lectionner O-DSMT<\/h3>\n<p data-start=\"3853\" data-end=\"3888\">O-DSMT est principalement disponible sous les formes suivantes :<\/p>\n<ul data-start=\"3890\" data-end=\"3998\">\n<li data-start=\"3890\" data-end=\"3937\">\n<p data-start=\"3892\" data-end=\"3937\">Pulver \u2013 f\u00fcr Forschung und h\u00f6chste Reinheit<\/p>\n<\/li>\n<li data-start=\"3938\" data-end=\"3998\">\n<p data-start=\"3940\" data-end=\"3998\">Capsules\/comprim\u00e9s \u2013 sources rares et g\u00e9n\u00e9ralement peu fiables<\/p>\n<\/li>\n<\/ul>\n<p data-start=\"4000\" data-end=\"4070\">Wichtige Kriterien f\u00fcr Labore, die \u00fcberlegen, O-DSMT online kaufen:<\/p>\n<ul data-start=\"4072\" data-end=\"4148\">\n<li data-start=\"4072\" data-end=\"4090\">\n<p data-start=\"4074\" data-end=\"4090\">Puret\u00e9 \u2265 99%<\/p>\n<\/li>\n<li data-start=\"4091\" data-end=\"4112\">\n<p data-start=\"4093\" data-end=\"4112\">COA v\u00e9rifiable<\/p>\n<\/li>\n<li data-start=\"4113\" data-end=\"4148\">\n<p data-start=\"4115\" data-end=\"4148\">Emballage discret et s\u00e9curis\u00e9<\/p>\n<\/li>\n<\/ul>\n<h3 data-start=\"4150\" data-end=\"4193\">Meilleurs endroits pour acheter de l'O-DSMT en ligne<\/h3>\n<p data-start=\"4194\" data-end=\"4258\">Der bester Ort, um O-DSMT online zu kaufen ist ein Anbieter, der:<\/p>\n<ul data-start=\"4260\" data-end=\"4438\">\n<li data-start=\"4260\" data-end=\"4297\">\n<p data-start=\"4262\" data-end=\"4297\">Fournit des certificats de puret\u00e9<\/p>\n<\/li>\n<li data-start=\"4298\" data-end=\"4337\">\n<p data-start=\"4300\" data-end=\"4337\">Livraison internationale possible<\/p>\n<\/li>\n<li data-start=\"4338\" data-end=\"4384\">\n<p data-start=\"4340\" data-end=\"4384\">Seri\u00f6sen Ruf und Kundenbewertungen besitzt<\/p>\n<\/li>\n<li data-start=\"4385\" data-end=\"4438\">\n<p data-start=\"4387\" data-end=\"4438\">Fonctionne avec un cadre juridique clair<\/p>\n<\/li>\n<\/ul>\n<h3 data-start=\"4440\" data-end=\"4450\">Conclusion<\/h3>\n<p data-start=\"4451\" data-end=\"4735\">O-DSMT ist eine vielversprechende Forschungschemikalie mit wachsendem Interesse in der Wirkstoffforschung. Wer O-DSMT kaufen, O-DSMT verkaufen oder O-DSMT online kaufen sucht, sollte nur seri\u00f6se H\u00e4ndler w\u00e4hlen. Preisvergleiche helfen, den besten O-DSMT price zu finden.<\/p>\n<h3 data-start=\"4737\" data-end=\"4758\">R\u00e9sum\u00e9<\/h3>\n<ul data-start=\"4759\" data-end=\"5021\">\n<li data-start=\"4759\" data-end=\"4820\">\n<p data-start=\"4761\" data-end=\"4820\">Achetez O-DSMT en ligne uniquement aupr\u00e8s de fournisseurs certifi\u00e9s<\/p>\n<\/li>\n<li data-start=\"4821\" data-end=\"4882\">\n<p data-start=\"4823\" data-end=\"4882\">Nationale Gesetzeslage pr\u00fcfen, bevor man Bestellung O-DSMT<\/p>\n<\/li>\n<li data-start=\"4883\" data-end=\"4928\">\n<p data-start=\"4885\" data-end=\"4928\">Utiliser exclusivement pour la recherche en laboratoire<\/p>\n<\/li>\n<li data-start=\"4929\" data-end=\"5021\">\n<p data-start=\"4931\" data-end=\"5021\">\u201eKaufen Sie O-DSMT online von einer zuverl\u00e4ssigen Forschungsquelle\u201c nur bei vertrauensw\u00fcrdigen Shops<\/p>\n<\/li>\n<\/ul>","protected":false},"excerpt":{"rendered":"<p><strong>O-DSMT<\/strong>, abr\u00e9g\u00e9 pour <strong>O-Desm\u00e9thyltramadol<\/strong>est un m\u00e9tabolite actif de <strong>Tramadol<\/strong>Le tramadol est un opio\u00efde synth\u00e9tique utilis\u00e9 pour soulager la douleur. Il est beaucoup plus puissant que le tramadol, car il est principalement utilis\u00e9 en tant qu'analg\u00e9sique. <strong>Agoniste des r\u00e9cepteurs opio\u00efdes \u03bc<\/strong> ce qui produit des effets analg\u00e9siques et euphorisants plus importants. L'O-DSMT est souvent propos\u00e9 sur les march\u00e9s des produits chimiques de recherche et est parfois utilis\u00e9 pour le traitement de la douleur ou \u00e0 des fins r\u00e9cr\u00e9atives, bien qu'il n'ait pas d'usage m\u00e9dical autoris\u00e9.<\/p>\n<h3><strong>Faits importants<\/strong><\/h3>\n<p><strong>Classe chimique<\/strong>: opio\u00efde \/ ph\u00e9nylpropylamine<br \/>\n<strong>Effet<\/strong>euphorie, analg\u00e9sie (soulagement de la douleur), relaxation<br \/>\n<strong>D\u00e9but de l'effet<\/strong>20-60 minutes (par voie orale)<br \/>\n<strong>Dur\u00e9e<\/strong>4 \u00e0 8 heures<\/p>","protected":false},"featured_media":937,"comment_status":"open","ping_status":"closed","template":"","meta":{"_joinchat":[]},"product_brand":[],"product_cat":[56],"product_tag":[773,793,797,782,783,795,772,791,787,792,799,778,780,786,774,779,785,775,790,798,777,788,784,796,781,794,789,776],"class_list":{"0":"post-936","1":"product","2":"type-product","3":"status-publish","4":"has-post-thumbnail","6":"product_cat-opioids","7":"product_tag-o-desmethyltramadol","8":"product_tag-o-desmethyltramadol-effekte","9":"product_tag-o-desmethyltramadol-fur-forschung","10":"product_tag-o-desmethyltramadol-kaufen","11":"product_tag-o-desmethyltramadol-lieferant","12":"product_tag-o-desmethyltramadol-reinheit","13":"product_tag-o-dsmt","14":"product_tag-o-dsmt-analyse","15":"product_tag-o-dsmt-anwendungen","16":"product_tag-o-dsmt-chemie","17":"product_tag-o-dsmt-eigenschaften","18":"product_tag-o-dsmt-forschungschemikalie","19":"product_tag-o-dsmt-groshandel","20":"product_tag-o-dsmt-handhabung","21":"product_tag-o-dsmt-kaufen","22":"product_tag-o-dsmt-laboranwendung","23":"product_tag-o-dsmt-lagerung","24":"product_tag-o-dsmt-lieferant","25":"product_tag-o-dsmt-markt","26":"product_tag-o-dsmt-pharmakologie","27":"product_tag-o-dsmt-preis","28":"product_tag-o-dsmt-risiken","29":"product_tag-o-dsmt-sicherheit","30":"product_tag-o-dsmt-studien","31":"product_tag-o-dsmt-verfugbarkeit","32":"product_tag-o-dsmt-vertrieb","33":"product_tag-o-dsmt-vorschriften","34":"product_tag-o-dsmt-zum-verkauf","36":"first","37":"instock","38":"shipping-taxable","39":"purchasable","40":"product-type-variable"},"yoast_head":"<!-- This site is optimized with the Yoast SEO plugin v26.1.1 - https:\/\/yoast.com\/wordpress\/plugins\/seo\/ -->\n<title>O-DSMT Kaufen \u2013 Laborgepr\u00fcfte Qualit\u00e4t Online | Chemgramx<\/title>\n<meta name=\"description\" content=\"Kaufen Sie O-DSMT (Desmetramadol, O-Demethyltramadol) online bei Chemgramx. Laborgepr\u00fcfte Reinheit, schnelle Lieferung und faire Preise. Jetzt bestellen!\" \/>\n<meta name=\"robots\" content=\"index, follow, max-snippet:-1, max-image-preview:large, max-video-preview:-1\" \/>\n<link rel=\"canonical\" href=\"https:\/\/chemgramx.com\/fr\/produit\/o-dsmt\/\" \/>\n<meta property=\"og:locale\" content=\"fr_FR\" \/>\n<meta property=\"og:type\" content=\"article\" \/>\n<meta property=\"og:title\" content=\"O-DSMT Kaufen \u2013 Laborgepr\u00fcfte Qualit\u00e4t Online | Chemgramx\" \/>\n<meta property=\"og:description\" content=\"Kaufen Sie O-DSMT (Desmetramadol, O-Demethyltramadol) online bei Chemgramx. Laborgepr\u00fcfte Reinheit, schnelle Lieferung und faire Preise. Jetzt bestellen!\" \/>\n<meta property=\"og:url\" content=\"https:\/\/chemgramx.com\/fr\/produit\/o-dsmt\/\" \/>\n<meta property=\"og:site_name\" content=\"Chemgramx\" \/>\n<meta property=\"article:modified_time\" content=\"2025-10-18T07:22:11+00:00\" \/>\n<meta property=\"og:image\" content=\"https:\/\/chemgramx.com\/wp-content\/uploads\/2024\/11\/Buy-O-DSMT-online.png\" \/>\n\t<meta property=\"og:image:width\" content=\"450\" \/>\n\t<meta property=\"og:image:height\" content=\"400\" \/>\n\t<meta property=\"og:image:type\" content=\"image\/png\" \/>\n<meta name=\"twitter:card\" content=\"summary_large_image\" \/>\n<meta name=\"twitter:label1\" content=\"Dur\u00e9e de lecture estim\u00e9e\" \/>\n\t<meta name=\"twitter:data1\" content=\"3 minutes\" \/>\n<script type=\"application\/ld+json\" class=\"yoast-schema-graph\">{\"@context\":\"https:\/\/schema.org\",\"@graph\":[{\"@type\":\"WebPage\",\"@id\":\"https:\/\/chemgramx.com\/product\/o-dsmt\/\",\"url\":\"https:\/\/chemgramx.com\/product\/o-dsmt\/\",\"name\":\"O-DSMT Kaufen \u2013 Laborgepr\u00fcfte Qualit\u00e4t Online | Chemgramx\",\"isPartOf\":{\"@id\":\"https:\/\/chemgramx.com\/#website\"},\"primaryImageOfPage\":{\"@id\":\"https:\/\/chemgramx.com\/product\/o-dsmt\/#primaryimage\"},\"image\":{\"@id\":\"https:\/\/chemgramx.com\/product\/o-dsmt\/#primaryimage\"},\"thumbnailUrl\":\"https:\/\/chemgramx.com\/wp-content\/uploads\/2024\/11\/Buy-O-DSMT-online.png\",\"datePublished\":\"2024-11-19T11:56:44+00:00\",\"dateModified\":\"2025-10-18T07:22:11+00:00\",\"description\":\"Kaufen Sie O-DSMT (Desmetramadol, O-Demethyltramadol) online bei Chemgramx. Laborgepr\u00fcfte Reinheit, schnelle Lieferung und faire Preise. Jetzt bestellen!\",\"breadcrumb\":{\"@id\":\"https:\/\/chemgramx.com\/product\/o-dsmt\/#breadcrumb\"},\"inLanguage\":\"fr-FR\",\"potentialAction\":[{\"@type\":\"ReadAction\",\"target\":[\"https:\/\/chemgramx.com\/product\/o-dsmt\/\"]}]},{\"@type\":\"ImageObject\",\"inLanguage\":\"fr-FR\",\"@id\":\"https:\/\/chemgramx.com\/product\/o-dsmt\/#primaryimage\",\"url\":\"https:\/\/chemgramx.com\/wp-content\/uploads\/2024\/11\/Buy-O-DSMT-online.png\",\"contentUrl\":\"https:\/\/chemgramx.com\/wp-content\/uploads\/2024\/11\/Buy-O-DSMT-online.png\",\"width\":450,\"height\":400,\"caption\":\"O-DSMT kaufen\"},{\"@type\":\"BreadcrumbList\",\"@id\":\"https:\/\/chemgramx.com\/product\/o-dsmt\/#breadcrumb\",\"itemListElement\":[{\"@type\":\"ListItem\",\"position\":1,\"name\":\"Home\",\"item\":\"https:\/\/chemgramx.com\/\"},{\"@type\":\"ListItem\",\"position\":2,\"name\":\"Shop\",\"item\":\"https:\/\/chemgramx.com\/shop\/\"},{\"@type\":\"ListItem\",\"position\":3,\"name\":\"O-DSMT online kaufen\"}]},{\"@type\":\"WebSite\",\"@id\":\"https:\/\/chemgramx.com\/#website\",\"url\":\"https:\/\/chemgramx.com\/\",\"name\":\"Chemgramx\",\"description\":\"\",\"publisher\":{\"@id\":\"https:\/\/chemgramx.com\/#organization\"},\"potentialAction\":[{\"@type\":\"SearchAction\",\"target\":{\"@type\":\"EntryPoint\",\"urlTemplate\":\"https:\/\/chemgramx.com\/?s={search_term_string}\"},\"query-input\":{\"@type\":\"PropertyValueSpecification\",\"valueRequired\":true,\"valueName\":\"search_term_string\"}}],\"inLanguage\":\"fr-FR\"},{\"@type\":\"Organization\",\"@id\":\"https:\/\/chemgramx.com\/#organization\",\"name\":\"Chemgramx\",\"url\":\"https:\/\/chemgramx.com\/\",\"logo\":{\"@type\":\"ImageObject\",\"inLanguage\":\"fr-FR\",\"@id\":\"https:\/\/chemgramx.com\/#\/schema\/logo\/image\/\",\"url\":\"https:\/\/chemgramx.com\/wp-content\/uploads\/2024\/10\/final-logo.png\",\"contentUrl\":\"https:\/\/chemgramx.com\/wp-content\/uploads\/2024\/10\/final-logo.png\",\"width\":250,\"height\":48,\"caption\":\"Chemgramx\"},\"image\":{\"@id\":\"https:\/\/chemgramx.com\/#\/schema\/logo\/image\/\"}}]}<\/script>\n<!-- \/ Yoast SEO plugin. -->","yoast_head_json":{"title":"O-DSMT Kaufen \u2013 Laborgepr\u00fcfte Qualit\u00e4t Online | Chemgramx","description":"Kaufen Sie O-DSMT (Desmetramadol, O-Demethyltramadol) online bei Chemgramx. Laborgepr\u00fcfte Reinheit, schnelle Lieferung und faire Preise. Jetzt bestellen!","robots":{"index":"index","follow":"follow","max-snippet":"max-snippet:-1","max-image-preview":"max-image-preview:large","max-video-preview":"max-video-preview:-1"},"canonical":"https:\/\/chemgramx.com\/fr\/produit\/o-dsmt\/","og_locale":"fr_FR","og_type":"article","og_title":"O-DSMT Kaufen \u2013 Laborgepr\u00fcfte Qualit\u00e4t Online | Chemgramx","og_description":"Kaufen Sie O-DSMT (Desmetramadol, O-Demethyltramadol) online bei Chemgramx. Laborgepr\u00fcfte Reinheit, schnelle Lieferung und faire Preise. Jetzt bestellen!","og_url":"https:\/\/chemgramx.com\/fr\/produit\/o-dsmt\/","og_site_name":"Chemgramx","article_modified_time":"2025-10-18T07:22:11+00:00","og_image":[{"width":450,"height":400,"url":"https:\/\/chemgramx.com\/wp-content\/uploads\/2024\/11\/Buy-O-DSMT-online.png","type":"image\/png"}],"twitter_card":"summary_large_image","twitter_misc":{"Dur\u00e9e de lecture estim\u00e9e":"3 minutes"},"schema":{"@context":"https:\/\/schema.org","@graph":[{"@type":"WebPage","@id":"https:\/\/chemgramx.com\/product\/o-dsmt\/","url":"https:\/\/chemgramx.com\/product\/o-dsmt\/","name":"O-DSMT Kaufen \u2013 Laborgepr\u00fcfte Qualit\u00e4t Online | Chemgramx","isPartOf":{"@id":"https:\/\/chemgramx.com\/#website"},"primaryImageOfPage":{"@id":"https:\/\/chemgramx.com\/product\/o-dsmt\/#primaryimage"},"image":{"@id":"https:\/\/chemgramx.com\/product\/o-dsmt\/#primaryimage"},"thumbnailUrl":"https:\/\/chemgramx.com\/wp-content\/uploads\/2024\/11\/Buy-O-DSMT-online.png","datePublished":"2024-11-19T11:56:44+00:00","dateModified":"2025-10-18T07:22:11+00:00","description":"Kaufen Sie O-DSMT (Desmetramadol, O-Demethyltramadol) online bei Chemgramx. Laborgepr\u00fcfte Reinheit, schnelle Lieferung und faire Preise. Jetzt bestellen!","breadcrumb":{"@id":"https:\/\/chemgramx.com\/product\/o-dsmt\/#breadcrumb"},"inLanguage":"fr-FR","potentialAction":[{"@type":"ReadAction","target":["https:\/\/chemgramx.com\/product\/o-dsmt\/"]}]},{"@type":"ImageObject","inLanguage":"fr-FR","@id":"https:\/\/chemgramx.com\/product\/o-dsmt\/#primaryimage","url":"https:\/\/chemgramx.com\/wp-content\/uploads\/2024\/11\/Buy-O-DSMT-online.png","contentUrl":"https:\/\/chemgramx.com\/wp-content\/uploads\/2024\/11\/Buy-O-DSMT-online.png","width":450,"height":400,"caption":"O-DSMT kaufen"},{"@type":"BreadcrumbList","@id":"https:\/\/chemgramx.com\/product\/o-dsmt\/#breadcrumb","itemListElement":[{"@type":"ListItem","position":1,"name":"Home","item":"https:\/\/chemgramx.com\/"},{"@type":"ListItem","position":2,"name":"Shop","item":"https:\/\/chemgramx.com\/shop\/"},{"@type":"ListItem","position":3,"name":"O-DSMT online kaufen"}]},{"@type":"WebSite","@id":"https:\/\/chemgramx.com\/#website","url":"https:\/\/chemgramx.com\/","name":"Chemgramx","description":"","publisher":{"@id":"https:\/\/chemgramx.com\/#organization"},"potentialAction":[{"@type":"SearchAction","target":{"@type":"EntryPoint","urlTemplate":"https:\/\/chemgramx.com\/?s={search_term_string}"},"query-input":{"@type":"PropertyValueSpecification","valueRequired":true,"valueName":"search_term_string"}}],"inLanguage":"fr-FR"},{"@type":"Organization","@id":"https:\/\/chemgramx.com\/#organization","name":"Chemgramx","url":"https:\/\/chemgramx.com\/","logo":{"@type":"ImageObject","inLanguage":"fr-FR","@id":"https:\/\/chemgramx.com\/#\/schema\/logo\/image\/","url":"https:\/\/chemgramx.com\/wp-content\/uploads\/2024\/10\/final-logo.png","contentUrl":"https:\/\/chemgramx.com\/wp-content\/uploads\/2024\/10\/final-logo.png","width":250,"height":48,"caption":"Chemgramx"},"image":{"@id":"https:\/\/chemgramx.com\/#\/schema\/logo\/image\/"}}]}},"_links":{"self":[{"href":"https:\/\/chemgramx.com\/fr\/wp-json\/wp\/v2\/product\/936","targetHints":{"allow":["GET"]}}],"collection":[{"href":"https:\/\/chemgramx.com\/fr\/wp-json\/wp\/v2\/product"}],"about":[{"href":"https:\/\/chemgramx.com\/fr\/wp-json\/wp\/v2\/types\/product"}],"replies":[{"embeddable":true,"href":"https:\/\/chemgramx.com\/fr\/wp-json\/wp\/v2\/comments?post=936"}],"wp:featuredmedia":[{"embeddable":true,"href":"https:\/\/chemgramx.com\/fr\/wp-json\/wp\/v2\/media\/937"}],"wp:attachment":[{"href":"https:\/\/chemgramx.com\/fr\/wp-json\/wp\/v2\/media?parent=936"}],"wp:term":[{"taxonomy":"product_brand","embeddable":true,"href":"https:\/\/chemgramx.com\/fr\/wp-json\/wp\/v2\/product_brand?post=936"},{"taxonomy":"product_cat","embeddable":true,"href":"https:\/\/chemgramx.com\/fr\/wp-json\/wp\/v2\/product_cat?post=936"},{"taxonomy":"product_tag","embeddable":true,"href":"https:\/\/chemgramx.com\/fr\/wp-json\/wp\/v2\/product_tag?post=936"}],"curies":[{"name":"wp","href":"https:\/\/api.w.org\/{rel}","templated":true}]}}