{"id":938,"date":"2024-11-19T12:07:57","date_gmt":"2024-11-19T12:07:57","guid":{"rendered":"https:\/\/chemgramx.com\/?post_type=product&#038;p=938"},"modified":"2025-10-18T06:48:53","modified_gmt":"2025-10-18T06:48:53","slug":"r-30490","status":"publish","type":"product","link":"https:\/\/chemgramx.com\/fr\/produit\/r-30490\/","title":{"rendered":"R-30490 acheter en ligne"},"content":{"rendered":"<h2 data-start=\"187\" data-end=\"259\">Acheter du R-30490 en ligne \u2013 Informations, effets et mentions l\u00e9gales<\/h2>\n<h2 data-start=\"261\" data-end=\"276\">invoering<\/h2>\n<p data-start=\"277\" data-end=\"794\">De plus en plus de chercheurs s'int\u00e9ressent \u00e0 l'achat de R-30490 en ligne. Le R-30490 appartient \u00e0 une classe restreinte, mais en pleine expansion, de compos\u00e9s de recherche tr\u00e8s puissants, agissant sur le syst\u00e8me nerveux central. Gr\u00e2ce \u00e0 sa liaison exceptionnellement forte aux r\u00e9cepteurs opio\u00efdes, il est principalement utilis\u00e9 en recherche pr\u00e9clinique et en pharmacologie in vitro. Les scientifiques et les laboratoires de chimie recherchent donc de plus en plus de solutions pour <a href=\"https:\/\/chemgramx.com\/fr\/produit\/r-30490\/\">R-30490 acheter en ligne<\/a>, um seine Eigenschaften im Detail zu analysieren.<\/p>\n<h3 data-start=\"796\" data-end=\"827\">Kort overzicht van R-30490<\/h3>\n<p data-start=\"828\" data-end=\"1188\"><a href=\"https:\/\/en.wikipedia.org\/wiki\/R-30490\">R-30490<\/a> Le R-30490 est un agoniste \u03bc-opio\u00efde puissant et s\u00e9lectif, dot\u00e9 d'une forte activit\u00e9 analg\u00e9sique. D\u00e9velopp\u00e9 \u00e0 l'origine comme une \u00e9volution structurale d'opio\u00efdes tels que le fentanyl ou le carfentanil, il pr\u00e9sente un profil d'efficacit\u00e9 am\u00e9lior\u00e9. Son affinit\u00e9 unique pour les r\u00e9cepteurs est particuli\u00e8rement int\u00e9ressante pour les chercheurs souhaitant acheter du R-30490.<\/p>\n<h3 data-start=\"1190\" data-end=\"1246\">Pourquoi les gens recherchent-ils \u00ab acheter R-30490 en ligne \u00bb ?<\/h3>\n<p data-start=\"1247\" data-end=\"1345\">Die Nachfrage nach R-30490 kaufen und R-30490 online kaufen steigt aus folgenden Gr\u00fcnden:<\/p>\n<ul data-start=\"1347\" data-end=\"1593\">\n<li data-start=\"1347\" data-end=\"1409\">\n<p data-start=\"1349\" data-end=\"1409\">Disponibilit\u00e9 limit\u00e9e aupr\u00e8s des distributeurs traditionnels<\/p>\n<\/li>\n<li data-start=\"1410\" data-end=\"1472\">\n<p data-start=\"1412\" data-end=\"1472\">Int\u00e9r\u00eat de recherche pour les compos\u00e9s \u03bc-opio\u00efdes tr\u00e8s puissants<\/p>\n<\/li>\n<li data-start=\"1473\" data-end=\"1529\">\n<p data-start=\"1475\" data-end=\"1529\">D\u00e9sir d'acc\u00e8s direct \u00e0 des substances de haute puret\u00e9<\/p>\n<\/li>\n<li data-start=\"1530\" data-end=\"1593\">\n<p data-start=\"1532\" data-end=\"1593\">Possibilit\u00e9 de comparer le prix du R-30490 \u00e0 l'international<\/p>\n<\/li>\n<\/ul>\n<h3 data-start=\"1595\" data-end=\"1616\">Qu'est-ce que le R-30490 ?<\/h3>\n<p data-start=\"1617\" data-end=\"1979\">R-30490 ist ein synthetisches Opioid, verwandt mit Substanzen wie Remifentanil und Fentanyl, unterscheidet sich jedoch durch eine extrem hohe Rezeptoraffinit\u00e4t. Viele Anbieter werben mit R-30490 for sale oder sogar \u201eR-30490 online kaufen von einer zuverl\u00e4ssigen Forschungsquelle\u201c, jedoch ist die rechtliche Einstufung nicht in allen L\u00e4ndern eindeutig geregelt.<\/p>\n<h3 data-start=\"1981\" data-end=\"2022\">Classification et comparaison chimiques<\/h3>\n<ul data-start=\"2023\" data-end=\"2285\">\n<li data-start=\"2023\" data-end=\"2069\">\n<p data-start=\"2025\" data-end=\"2069\">Groupe : Agonistes opio\u00efdes \u00e0 base de pip\u00e9ridine<\/p>\n<\/li>\n<li data-start=\"2070\" data-end=\"2139\">\n<p data-start=\"2072\" data-end=\"2139\">Substances structurellement apparent\u00e9es : Fentanyl, R\u00e9mifentanil, Carfentanil<\/p>\n<\/li>\n<li data-start=\"2140\" data-end=\"2217\">\n<p data-start=\"2142\" data-end=\"2217\">Particularit\u00e9 : puissance plus \u00e9lev\u00e9e \u00e0 dose plus faible par rapport au fentanyl<\/p>\n<\/li>\n<li data-start=\"2218\" data-end=\"2285\">\n<p data-start=\"2220\" data-end=\"2285\">Axes de recherche : s\u00e9lectivit\u00e9 des r\u00e9cepteurs opio\u00efdes \u00b5, analg\u00e9sie<\/p>\n<\/li>\n<\/ul>\n<h3 data-start=\"2958\" data-end=\"2991\">Pourquoi acheter le R-30490 en ligne ?<\/h3>\n<p data-start=\"2992\" data-end=\"3304\">Ein buy R-30490 bietet Forschern Zugang zu hochreinen Substanzen, internationalen Versandoptionen und die M\u00f6glichkeit, den R-30490 price verschiedener Anbieter zu vergleichen. Viele Labore suchen gezielt den bester Ort, um R-30490 online zu kaufen, um Forschungsergebnisse auf h\u00f6chstem Niveau zu erzielen.<\/p>\n<h3 data-start=\"3306\" data-end=\"3353\">Est-il l\u00e9gal de commander du R-30490 en ligne ?<\/h3>\n<p data-start=\"3354\" data-end=\"3410\">La situation juridique pour l'achat de R-30490 en ligne varie :<\/p>\n<ul data-start=\"3412\" data-end=\"3635\">\n<li data-start=\"3412\" data-end=\"3485\">\n<p data-start=\"3414\" data-end=\"3485\">Allemagne : Non explicitement r\u00e9glement\u00e9 par la loi sur les stup\u00e9fiants, mais par des dispositions analogues<\/p>\n<\/li>\n<li data-start=\"3486\" data-end=\"3542\">\n<p data-start=\"3488\" data-end=\"3542\">\u00c9tats-Unis : une possible interdiction en vertu de la loi f\u00e9d\u00e9rale sur les analogues<\/p>\n<\/li>\n<li data-start=\"3543\" data-end=\"3588\">\n<p data-start=\"3545\" data-end=\"3588\">UK, Kanada, Australien: Strenge Kontrolle<\/p>\n<\/li>\n<li data-start=\"3589\" data-end=\"3635\">\n<p data-start=\"3591\" data-end=\"3635\">Autres pays de l'UE : r\u00e9glementations diff\u00e9rentes<\/p>\n<\/li>\n<\/ul>\n<p data-start=\"3637\" data-end=\"3703\">Une \u00e9tude juridique est indispensable avant tout achat.<\/p>\n<h3 data-start=\"3705\" data-end=\"3734\">Comment s\u00e9lectionner le R-30490<\/h3>\n<p data-start=\"3735\" data-end=\"3781\">Forscher, die Bestellung R-30490, achten auf:<\/p>\n<ul data-start=\"3783\" data-end=\"3900\">\n<li data-start=\"3783\" data-end=\"3801\">\n<p data-start=\"3785\" data-end=\"3801\">Puret\u00e9 \u2265 99%<\/p>\n<\/li>\n<li data-start=\"3802\" data-end=\"3837\">\n<p data-start=\"3804\" data-end=\"3837\">Certificat (COA) du fabricant<\/p>\n<\/li>\n<li data-start=\"3838\" data-end=\"3900\">\n<p data-start=\"3840\" data-end=\"3900\">Fournisseur avec une exp\u00e9rience \u00e9prouv\u00e9e et une exp\u00e9dition discr\u00e8te<\/p>\n<\/li>\n<\/ul>\n<p data-start=\"3902\" data-end=\"3923\">Darreichungsformen:<\/p>\n<ul data-start=\"3924\" data-end=\"4032\">\n<li data-start=\"3924\" data-end=\"3976\">\n<p data-start=\"3926\" data-end=\"3976\">Poudre (principalement cristalline) \u2013 pr\u00e9f\u00e9r\u00e9e pour les laboratoires<\/p>\n<\/li>\n<li data-start=\"3977\" data-end=\"4032\">\n<p data-start=\"3979\" data-end=\"4032\">Capsules\/comprim\u00e9s \u2013 rares et non recommand\u00e9s<\/p>\n<\/li>\n<\/ul>\n<h3 data-start=\"4034\" data-end=\"4078\">Meilleurs endroits pour acheter du R-30490 en ligne<\/h3>\n<p data-start=\"4079\" data-end=\"4381\">Der bester Ort, um R-30490 online zu kaufen sind spezialisierte Anbieter f\u00fcr Forschungssubstanzen, die internationale Lieferung, COAs und sichere Zahlungsoptionen bereitstellen. Einige H\u00e4ndler werben explizit mit R-30490 zu verkaufen, doch nur vertrauensw\u00fcrdige Shops sollten in Betracht gezogen werden.<\/p>\n<h3 data-start=\"4383\" data-end=\"4393\">Conclusion<\/h3>\n<p data-start=\"4394\" data-end=\"4744\">R-30490 ist ein hochpotenter Forschungsstoff mit gro\u00dfem pharmakologischem Interesse. Anfragen wie R-30490 online kaufen, R-30490 verkaufen, R-30490 online kaufen oder \u201eBezugsquellen f\u00fcr R-30490\u201c zeigen die wachsende Nachfrage in der Forschung. Allerdings erfordert der Erwerb stets rechtliche Vorsicht und verantwortungsbewusste Handhabung.<\/p>\n<h3 data-start=\"4746\" data-end=\"4766\">R\u00e9sum\u00e9<\/h3>\n<ul data-start=\"4767\" data-end=\"5097\">\n<li data-start=\"4767\" data-end=\"4827\">\n<p data-start=\"4769\" data-end=\"4827\">Achetez le R-30490 en ligne uniquement aupr\u00e8s de revendeurs agr\u00e9\u00e9s<\/p>\n<\/li>\n<li data-start=\"4828\" data-end=\"4855\">\n<p data-start=\"4830\" data-end=\"4855\">V\u00e9rifiez la situation juridique \u00e0 l'avance<\/p>\n<\/li>\n<li data-start=\"4856\" data-end=\"4934\">\n<p data-start=\"4858\" data-end=\"4934\">Comparez les prix du R-30490, mais ne tombez pas dans le pi\u00e8ge des magasins douteux<\/p>\n<\/li>\n<li data-start=\"4935\" data-end=\"4982\">\n<p data-start=\"4937\" data-end=\"4982\">Utiliser exclusivement \u00e0 des fins de recherche<\/p>\n<\/li>\n<li data-start=\"4983\" data-end=\"5097\">\n<p data-start=\"4985\" data-end=\"5097\">\u201eKaufen Sie R-30490 online von einer zuverl\u00e4ssigen Forschungsquelle\u201c \u2013 nur dann, wenn der Anbieter nachweislich seri\u00f6s ist<\/p>\n<\/li>\n<\/ul>","protected":false},"excerpt":{"rendered":"<p><strong>R-30490<\/strong> est un compos\u00e9 synth\u00e9tique utilis\u00e9 comme <strong>analg\u00e9sique opio\u00efde puissant<\/strong> agit sur le cerveau. Il fait partie d'une s\u00e9rie d'opio\u00efdes structurellement similaires, principalement d\u00e9velopp\u00e9s \u00e0 des fins de recherche. En raison de sa forte puissance, le R-30490 se lie \u00e0 la <strong>R\u00e9cepteurs opio\u00efdes \u03bc<\/strong> dans le cerveau et produit de puissants effets analg\u00e9siques, s\u00e9datifs et euphorisants. En raison de sa puissance, elle n'a pas d'usage m\u00e9dical autoris\u00e9 et est \u00e9tudi\u00e9e exclusivement dans des centres de recherche contr\u00f4l\u00e9s.<\/p>\n<h3><strong>Faits importants<\/strong><\/h3>\n<p><strong>Classe chimique<\/strong>: Opio\u00efde synth\u00e9tique<br \/>\n<strong>Effet<\/strong>analg\u00e9sie (soulagement de la douleur), euphorie, s\u00e9dation<br \/>\n<strong>D\u00e9but de l'effet<\/strong>Estim\u00e9 \u00e0 10-30 minutes (selon la voie d'administration)<br \/>\n<strong>Dur\u00e9e<\/strong>Estim\u00e9 \u00e0 4-6 heures<\/p>","protected":false},"featured_media":939,"comment_status":"open","ping_status":"closed","template":"","meta":{"_joinchat":[]},"product_brand":[],"product_cat":[56],"product_tag":[800,820,824,809,810,822,648,818,814,819,827,805,807,813,801,806,812,802,817,826,825,804,815,811,823,808,821,816,803],"class_list":{"0":"post-938","1":"product","2":"type-product","3":"status-publish","4":"has-post-thumbnail","6":"product_cat-opioids","7":"product_tag-4-methoxymethylfentanyl","8":"product_tag-4-methoxymethylfentanyl-effekte","9":"product_tag-4-methoxymethylfentanyl-fur-forschung","10":"product_tag-4-methoxymethylfentanyl-kaufen","11":"product_tag-4-methoxymethylfentanyl-lieferant","12":"product_tag-4-methoxymethylfentanyl-reinheit","13":"product_tag-r-30490","14":"product_tag-r-30490-analyse","15":"product_tag-r-30490-anwendungen","16":"product_tag-r-30490-chemie","17":"product_tag-r-30490-eigenschaften","18":"product_tag-r-30490-forschungschemikalie","19":"product_tag-r-30490-groshandel","20":"product_tag-r-30490-handhabung","21":"product_tag-r-30490-kaufen","22":"product_tag-r-30490-laboranwendung","23":"product_tag-r-30490-lagerung","24":"product_tag-r-30490-lieferant","25":"product_tag-r-30490-markt","26":"product_tag-r-30490-opioid-agonist","27":"product_tag-r-30490-pharmakologie","28":"product_tag-r-30490-preis","29":"product_tag-r-30490-risiken","30":"product_tag-r-30490-sicherheit","31":"product_tag-r-30490-studien","32":"product_tag-r-30490-verfugbarkeit","33":"product_tag-r-30490-vertrieb","34":"product_tag-r-30490-vorschriften","35":"product_tag-r-30490-zum-verkauf","37":"first","38":"instock","39":"shipping-taxable","40":"purchasable","41":"product-type-variable"},"yoast_head":"<!-- This site is optimized with the Yoast SEO plugin v26.1.1 - https:\/\/yoast.com\/wordpress\/plugins\/seo\/ -->\n<title>R-30490 Kaufen \u2013 Laborgepr\u00fcfte Qualit\u00e4t Online | Chemgramx<\/title>\n<meta name=\"description\" content=\"Kaufen Sie R-30490 (4-Methoxymethylfentanyl) online bei Chemgramx. H\u00f6chste Qualit\u00e4t, laborgepr\u00fcft, schnelle Lieferung und faire Preise. Jetzt bestellen!\" \/>\n<meta name=\"robots\" content=\"index, follow, max-snippet:-1, max-image-preview:large, max-video-preview:-1\" \/>\n<link rel=\"canonical\" href=\"https:\/\/chemgramx.com\/fr\/produit\/r-30490\/\" \/>\n<meta property=\"og:locale\" content=\"fr_FR\" \/>\n<meta property=\"og:type\" content=\"article\" \/>\n<meta property=\"og:title\" content=\"R-30490 Kaufen \u2013 Laborgepr\u00fcfte Qualit\u00e4t Online | Chemgramx\" \/>\n<meta property=\"og:description\" content=\"Kaufen Sie R-30490 (4-Methoxymethylfentanyl) online bei Chemgramx. H\u00f6chste Qualit\u00e4t, laborgepr\u00fcft, schnelle Lieferung und faire Preise. Jetzt bestellen!\" \/>\n<meta property=\"og:url\" content=\"https:\/\/chemgramx.com\/fr\/produit\/r-30490\/\" \/>\n<meta property=\"og:site_name\" content=\"Chemgramx\" \/>\n<meta property=\"article:modified_time\" content=\"2025-10-18T06:48:53+00:00\" \/>\n<meta property=\"og:image\" content=\"https:\/\/chemgramx.com\/wp-content\/uploads\/2024\/11\/Buy-R-30490-online.webp\" \/>\n\t<meta property=\"og:image:width\" content=\"238\" \/>\n\t<meta property=\"og:image:height\" content=\"212\" \/>\n\t<meta property=\"og:image:type\" content=\"image\/webp\" \/>\n<meta name=\"twitter:card\" content=\"summary_large_image\" \/>\n<meta name=\"twitter:label1\" content=\"Dur\u00e9e de lecture estim\u00e9e\" \/>\n\t<meta name=\"twitter:data1\" content=\"3 minutes\" \/>\n<script type=\"application\/ld+json\" class=\"yoast-schema-graph\">{\"@context\":\"https:\/\/schema.org\",\"@graph\":[{\"@type\":\"WebPage\",\"@id\":\"https:\/\/chemgramx.com\/product\/r-30490\/\",\"url\":\"https:\/\/chemgramx.com\/product\/r-30490\/\",\"name\":\"R-30490 Kaufen \u2013 Laborgepr\u00fcfte Qualit\u00e4t Online | Chemgramx\",\"isPartOf\":{\"@id\":\"https:\/\/chemgramx.com\/#website\"},\"primaryImageOfPage\":{\"@id\":\"https:\/\/chemgramx.com\/product\/r-30490\/#primaryimage\"},\"image\":{\"@id\":\"https:\/\/chemgramx.com\/product\/r-30490\/#primaryimage\"},\"thumbnailUrl\":\"https:\/\/chemgramx.com\/wp-content\/uploads\/2024\/11\/Buy-R-30490-online.webp\",\"datePublished\":\"2024-11-19T12:07:57+00:00\",\"dateModified\":\"2025-10-18T06:48:53+00:00\",\"description\":\"Kaufen Sie R-30490 (4-Methoxymethylfentanyl) online bei Chemgramx. H\u00f6chste Qualit\u00e4t, laborgepr\u00fcft, schnelle Lieferung und faire Preise. Jetzt bestellen!\",\"breadcrumb\":{\"@id\":\"https:\/\/chemgramx.com\/product\/r-30490\/#breadcrumb\"},\"inLanguage\":\"fr-FR\",\"potentialAction\":[{\"@type\":\"ReadAction\",\"target\":[\"https:\/\/chemgramx.com\/product\/r-30490\/\"]}]},{\"@type\":\"ImageObject\",\"inLanguage\":\"fr-FR\",\"@id\":\"https:\/\/chemgramx.com\/product\/r-30490\/#primaryimage\",\"url\":\"https:\/\/chemgramx.com\/wp-content\/uploads\/2024\/11\/Buy-R-30490-online.webp\",\"contentUrl\":\"https:\/\/chemgramx.com\/wp-content\/uploads\/2024\/11\/Buy-R-30490-online.webp\",\"width\":238,\"height\":212,\"caption\":\"R-30490 Kaufen\"},{\"@type\":\"BreadcrumbList\",\"@id\":\"https:\/\/chemgramx.com\/product\/r-30490\/#breadcrumb\",\"itemListElement\":[{\"@type\":\"ListItem\",\"position\":1,\"name\":\"Home\",\"item\":\"https:\/\/chemgramx.com\/\"},{\"@type\":\"ListItem\",\"position\":2,\"name\":\"Shop\",\"item\":\"https:\/\/chemgramx.com\/shop\/\"},{\"@type\":\"ListItem\",\"position\":3,\"name\":\"R-30490 online kaufen\"}]},{\"@type\":\"WebSite\",\"@id\":\"https:\/\/chemgramx.com\/#website\",\"url\":\"https:\/\/chemgramx.com\/\",\"name\":\"Chemgramx\",\"description\":\"\",\"publisher\":{\"@id\":\"https:\/\/chemgramx.com\/#organization\"},\"potentialAction\":[{\"@type\":\"SearchAction\",\"target\":{\"@type\":\"EntryPoint\",\"urlTemplate\":\"https:\/\/chemgramx.com\/?s={search_term_string}\"},\"query-input\":{\"@type\":\"PropertyValueSpecification\",\"valueRequired\":true,\"valueName\":\"search_term_string\"}}],\"inLanguage\":\"fr-FR\"},{\"@type\":\"Organization\",\"@id\":\"https:\/\/chemgramx.com\/#organization\",\"name\":\"Chemgramx\",\"url\":\"https:\/\/chemgramx.com\/\",\"logo\":{\"@type\":\"ImageObject\",\"inLanguage\":\"fr-FR\",\"@id\":\"https:\/\/chemgramx.com\/#\/schema\/logo\/image\/\",\"url\":\"https:\/\/chemgramx.com\/wp-content\/uploads\/2024\/10\/final-logo.png\",\"contentUrl\":\"https:\/\/chemgramx.com\/wp-content\/uploads\/2024\/10\/final-logo.png\",\"width\":250,\"height\":48,\"caption\":\"Chemgramx\"},\"image\":{\"@id\":\"https:\/\/chemgramx.com\/#\/schema\/logo\/image\/\"}}]}<\/script>\n<!-- \/ Yoast SEO plugin. -->","yoast_head_json":{"title":"R-30490 Kaufen \u2013 Laborgepr\u00fcfte Qualit\u00e4t Online | Chemgramx","description":"Kaufen Sie R-30490 (4-Methoxymethylfentanyl) online bei Chemgramx. H\u00f6chste Qualit\u00e4t, laborgepr\u00fcft, schnelle Lieferung und faire Preise. Jetzt bestellen!","robots":{"index":"index","follow":"follow","max-snippet":"max-snippet:-1","max-image-preview":"max-image-preview:large","max-video-preview":"max-video-preview:-1"},"canonical":"https:\/\/chemgramx.com\/fr\/produit\/r-30490\/","og_locale":"fr_FR","og_type":"article","og_title":"R-30490 Kaufen \u2013 Laborgepr\u00fcfte Qualit\u00e4t Online | Chemgramx","og_description":"Kaufen Sie R-30490 (4-Methoxymethylfentanyl) online bei Chemgramx. H\u00f6chste Qualit\u00e4t, laborgepr\u00fcft, schnelle Lieferung und faire Preise. Jetzt bestellen!","og_url":"https:\/\/chemgramx.com\/fr\/produit\/r-30490\/","og_site_name":"Chemgramx","article_modified_time":"2025-10-18T06:48:53+00:00","og_image":[{"width":238,"height":212,"url":"https:\/\/chemgramx.com\/wp-content\/uploads\/2024\/11\/Buy-R-30490-online.webp","type":"image\/webp"}],"twitter_card":"summary_large_image","twitter_misc":{"Dur\u00e9e de lecture estim\u00e9e":"3 minutes"},"schema":{"@context":"https:\/\/schema.org","@graph":[{"@type":"WebPage","@id":"https:\/\/chemgramx.com\/product\/r-30490\/","url":"https:\/\/chemgramx.com\/product\/r-30490\/","name":"R-30490 Kaufen \u2013 Laborgepr\u00fcfte Qualit\u00e4t Online | Chemgramx","isPartOf":{"@id":"https:\/\/chemgramx.com\/#website"},"primaryImageOfPage":{"@id":"https:\/\/chemgramx.com\/product\/r-30490\/#primaryimage"},"image":{"@id":"https:\/\/chemgramx.com\/product\/r-30490\/#primaryimage"},"thumbnailUrl":"https:\/\/chemgramx.com\/wp-content\/uploads\/2024\/11\/Buy-R-30490-online.webp","datePublished":"2024-11-19T12:07:57+00:00","dateModified":"2025-10-18T06:48:53+00:00","description":"Kaufen Sie R-30490 (4-Methoxymethylfentanyl) online bei Chemgramx. H\u00f6chste Qualit\u00e4t, laborgepr\u00fcft, schnelle Lieferung und faire Preise. Jetzt bestellen!","breadcrumb":{"@id":"https:\/\/chemgramx.com\/product\/r-30490\/#breadcrumb"},"inLanguage":"fr-FR","potentialAction":[{"@type":"ReadAction","target":["https:\/\/chemgramx.com\/product\/r-30490\/"]}]},{"@type":"ImageObject","inLanguage":"fr-FR","@id":"https:\/\/chemgramx.com\/product\/r-30490\/#primaryimage","url":"https:\/\/chemgramx.com\/wp-content\/uploads\/2024\/11\/Buy-R-30490-online.webp","contentUrl":"https:\/\/chemgramx.com\/wp-content\/uploads\/2024\/11\/Buy-R-30490-online.webp","width":238,"height":212,"caption":"R-30490 Kaufen"},{"@type":"BreadcrumbList","@id":"https:\/\/chemgramx.com\/product\/r-30490\/#breadcrumb","itemListElement":[{"@type":"ListItem","position":1,"name":"Home","item":"https:\/\/chemgramx.com\/"},{"@type":"ListItem","position":2,"name":"Shop","item":"https:\/\/chemgramx.com\/shop\/"},{"@type":"ListItem","position":3,"name":"R-30490 online kaufen"}]},{"@type":"WebSite","@id":"https:\/\/chemgramx.com\/#website","url":"https:\/\/chemgramx.com\/","name":"Chemgramx","description":"","publisher":{"@id":"https:\/\/chemgramx.com\/#organization"},"potentialAction":[{"@type":"SearchAction","target":{"@type":"EntryPoint","urlTemplate":"https:\/\/chemgramx.com\/?s={search_term_string}"},"query-input":{"@type":"PropertyValueSpecification","valueRequired":true,"valueName":"search_term_string"}}],"inLanguage":"fr-FR"},{"@type":"Organization","@id":"https:\/\/chemgramx.com\/#organization","name":"Chemgramx","url":"https:\/\/chemgramx.com\/","logo":{"@type":"ImageObject","inLanguage":"fr-FR","@id":"https:\/\/chemgramx.com\/#\/schema\/logo\/image\/","url":"https:\/\/chemgramx.com\/wp-content\/uploads\/2024\/10\/final-logo.png","contentUrl":"https:\/\/chemgramx.com\/wp-content\/uploads\/2024\/10\/final-logo.png","width":250,"height":48,"caption":"Chemgramx"},"image":{"@id":"https:\/\/chemgramx.com\/#\/schema\/logo\/image\/"}}]}},"_links":{"self":[{"href":"https:\/\/chemgramx.com\/fr\/wp-json\/wp\/v2\/product\/938","targetHints":{"allow":["GET"]}}],"collection":[{"href":"https:\/\/chemgramx.com\/fr\/wp-json\/wp\/v2\/product"}],"about":[{"href":"https:\/\/chemgramx.com\/fr\/wp-json\/wp\/v2\/types\/product"}],"replies":[{"embeddable":true,"href":"https:\/\/chemgramx.com\/fr\/wp-json\/wp\/v2\/comments?post=938"}],"wp:featuredmedia":[{"embeddable":true,"href":"https:\/\/chemgramx.com\/fr\/wp-json\/wp\/v2\/media\/939"}],"wp:attachment":[{"href":"https:\/\/chemgramx.com\/fr\/wp-json\/wp\/v2\/media?parent=938"}],"wp:term":[{"taxonomy":"product_brand","embeddable":true,"href":"https:\/\/chemgramx.com\/fr\/wp-json\/wp\/v2\/product_brand?post=938"},{"taxonomy":"product_cat","embeddable":true,"href":"https:\/\/chemgramx.com\/fr\/wp-json\/wp\/v2\/product_cat?post=938"},{"taxonomy":"product_tag","embeddable":true,"href":"https:\/\/chemgramx.com\/fr\/wp-json\/wp\/v2\/product_tag?post=938"}],"curies":[{"name":"wp","href":"https:\/\/api.w.org\/{rel}","templated":true}]}}