{"id":940,"date":"2024-11-19T12:43:19","date_gmt":"2024-11-19T12:43:19","guid":{"rendered":"https:\/\/chemgramx.com\/?post_type=product&#038;p=940"},"modified":"2025-10-15T11:00:45","modified_gmt":"2025-10-15T11:00:45","slug":"5-aminoisotonitazen","status":"publish","type":"product","link":"https:\/\/chemgramx.com\/fr\/produit\/5-aminoisotonitazen\/","title":{"rendered":"Acheter 5-aminoisotonitaz\u00e8ne en ligne"},"content":{"rendered":"<h2 data-start=\"144\" data-end=\"222\">Acheter du 5-aminoisotonitaz\u00e8ne en ligne \u2013 Informations et mentions l\u00e9gales<\/h2>\n<h3 data-start=\"224\" data-end=\"263\">Introduction au 5-amino isotonitaz\u00e8ne<\/h3>\n<p data-start=\"264\" data-end=\"797\"><a href=\"https:\/\/chemgramx.com\/fr\/produit\/5-aminoisotonitazen\/\">Acheter 5-aminoisotonitaz\u00e8ne en ligne<\/a> wird zunehmend in Forschungsumgebungen thematisiert. 5-Aminoisotonitazene ist ein synthetisches Opioid der Benzimidazol-Klasse und ein Metabolit von Isotonitazene. Es wurde erstmals in toxikologischen Proben identifiziert und zeigt strukturelle \u00c4hnlichkeiten zu Fentanyl und Isotonitazene. Manche Anbieter bewerben, dass man 5-Aminoisotonitazen online kaufen\u00a05-Amino Isotonitazene zum Verkauf bestellen finden k\u00f6nne, jedoch ist Vorsicht geboten, da die rechtliche Lage je nach Land variiert.<\/p>\n<h3 data-start=\"799\" data-end=\"872\">Pourquoi les gens cherchent-ils \u00e0 acheter du 5-Amino Isotonitazene en ligne ?<\/h3>\n<p data-start=\"873\" data-end=\"1153\">La demande de <a href=\"https:\/\/en.wikipedia.org\/wiki\/Isotonitazene\">5-aminoisotonitaz\u00e8ne<\/a> Les achats en ligne augmentent, car les chercheurs ont besoin d'opio\u00efdes puissants \u00e0 des fins scientifiques. Les plateformes en ligne facilitent la commande de 5-aminoisotonitaz\u00e8ne, mais la r\u00e9glementation doit \u00eatre respect\u00e9e.<\/p>\n<h3 data-start=\"1155\" data-end=\"1189\">Qu'est-ce que le 5-aminoisotonitaz\u00e8ne ?<\/h3>\n<p data-start=\"1190\" data-end=\"1512\">Le 5-aminoisotonitaz\u00e8ne (C23H32N4O) est un opio\u00efde synth\u00e9tique qui agit comme agoniste du r\u00e9cepteur \u00b5-opio\u00efde. Sa puissance est comparable \u00e0 celle de l'hydromorphone. Si vous vous demandez o\u00f9 acheter du 5-aminoisotonitaz\u00e8ne, sachez que cette substance est soumise \u00e0 une r\u00e9glementation stricte en raison de sa puissance.<\/p>\n<h3 data-start=\"1514\" data-end=\"1557\">Classification et comparaison chimiques<\/h3>\n<p data-start=\"1558\" data-end=\"1812\">Contrairement aux stimulants classiques comme l'amph\u00e9tamine, le 5-aminoisotonitaz\u00e8ne appartient au groupe des opio\u00efdes synth\u00e9tiques. En raison de sa structure unique, il pr\u00e9sente des propri\u00e9t\u00e9s pharmacologiques distinctes de celles des substances apparent\u00e9es.<\/p>\n<h3 data-start=\"1814\" data-end=\"1863\">Effets et risques du 5-aminoisotonitaz\u00e8ne<\/h3>\n<p data-start=\"1864\" data-end=\"2144\">\u00c9tant un opio\u00efde tr\u00e8s puissant, des \u00e9tudes font \u00e9tat d'effets secondaires possibles\u00a0: s\u00e9dation, d\u00e9pression respiratoire, voire d\u00e9c\u00e8s en cas de surdose. Si des offres comme le 5-aminoisotonitaz\u00e8ne semblent attrayantes, les risques pour la sant\u00e9 sont graves.<\/p>\n<h3 data-start=\"2146\" data-end=\"2178\">Dosierung und Wirkungsdauer<\/h3>\n<p data-start=\"2179\" data-end=\"2463\">Die Datenlage zu sicheren Dosierungen ist unzureichend. Aufgrund der Potenz wird dringend davon abgeraten, 5-Aminoisotonitazene ohne fachliche Aufsicht zu verwenden. Die Wirkungsdauer ist ebenfalls nicht ausreichend dokumentiert, weshalb von Redosing Abstand genommen werden sollte.<\/p>\n<h3 data-start=\"2465\" data-end=\"2511\">Waarom 5-Amino Isotonitazene online kopen?<\/h3>\n<p data-start=\"2512\" data-end=\"2837\">\u00c0 des fins de recherche, il peut \u00eatre int\u00e9ressant de rechercher du 5-aminoisotonitaz\u00e8ne ou du 5-aminoisotonitaz\u00e8ne \u00e0 vendre. De nombreux magasins proposent des annonces telles que \u00ab\u00a0Achetez du 5-aminoisotonitaz\u00e8ne en ligne aupr\u00e8s d'une source de recherche fiable\u00a0\u00bb, mais les chercheurs doivent s'assurer que l'achat et l'utilisation sont conformes \u00e0 la l\u00e9gislation locale.<\/p>\n<h3 data-start=\"2839\" data-end=\"2899\">\u00bfEs legal comprar 5-Amino Isotonitazene en l\u00ednea?<\/h3>\n<p data-start=\"2900\" data-end=\"3203\">Die Rechtslage unterscheidet sich weltweit. In Schweden wird beispielsweise diskutiert, 5-Aminoisotonitazene als Bet\u00e4ubungsmittel einzustufen. Wer den bester Ort, um 5-Aminoisotonitazen online zu kaufen sucht, muss sich vorher gr\u00fcndlich \u00fcber die rechtlichen Bestimmungen im eigenen Land informieren.<\/p>\n<h3 data-start=\"3205\" data-end=\"3249\">Comment choisir le 5-Amino Isotonitaz\u00e8ne ?<\/h3>\n<p data-start=\"3250\" data-end=\"3345\">Wer order 5-Aminoisotonitazene f\u00fcr Forschung plant, sollte auf folgende Kriterien achten:<\/p>\n<ul data-start=\"3346\" data-end=\"3499\">\n<li data-start=\"3346\" data-end=\"3378\">\n<p data-start=\"3348\" data-end=\"3378\">Puret\u00e9 (id\u00e9alement \u2265 98 %)<\/p>\n<\/li>\n<li data-start=\"3379\" data-end=\"3435\">\n<p data-start=\"3381\" data-end=\"3435\">Unit\u00e9 de conditionnement selon les besoins de la recherche<\/p>\n<\/li>\n<li data-start=\"3436\" data-end=\"3499\">\n<p data-start=\"3438\" data-end=\"3499\">Fournisseurs r\u00e9put\u00e9s avec des fiches de donn\u00e9es de s\u00e9curit\u00e9 transparentes<\/p>\n<\/li>\n<\/ul>\n<h3 data-start=\"3501\" data-end=\"3558\">Meilleurs endroits pour acheter du 5-Amino Isotonitazene en ligne<\/h3>\n<p data-start=\"3559\" data-end=\"3850\">Manche H\u00e4ndler bewerben 5-Aminoisotonitazen online kaufen oder locken mit einem g\u00fcnstigen 5-Aminoisotonitazene price. Anbieter wie ChemPerfect oder Cayman Chemical Forensics bieten Substanzen f\u00fcr forensische Analysen an. Dennoch gilt: Nur legale Forschungsquellen in Betracht ziehen.<\/p>\n<h3 data-start=\"3852\" data-end=\"3862\">Conclusion<\/h3>\n<p data-start=\"3863\" data-end=\"4204\">5-Aminoisotonitazene ist ein hochpotentes synthetisches Opioid, das in der Forschung relevant sein kann. Begriffe wie 5-Aminoisotonitazen online kaufen, 5-Aminoisotonitazen zu verkaufen oder wo kann man 5-Aminoisotonitazen kaufen tauchen h\u00e4ufig in Suchanfragen auf, doch der Kauf bleibt rechtlich unsicher und gesundheitlich riskant.<\/p>\n<h3 data-start=\"4206\" data-end=\"4268\">Conseils finaux pour une utilisation s\u00fbre et l\u00e9gale<\/h3>\n<ul data-start=\"4269\" data-end=\"4656\">\n<li data-start=\"4269\" data-end=\"4355\">\n<p data-start=\"4271\" data-end=\"4355\">V\u00e9rifiez le statut juridique de l\u2019achat de 5-Amino Isotonitazene en ligne dans votre pays.<\/p>\n<\/li>\n<li data-start=\"4356\" data-end=\"4479\">\n<p data-start=\"4358\" data-end=\"4479\">Kaufen Sie nur bei vertrauensw\u00fcrdigen Quellen, auch wenn 5-Aminoisotonitazen-Preis Angebote verlockend erscheinen.<\/p>\n<\/li>\n<li data-start=\"4569\" data-end=\"4656\">\n<p data-start=\"4571\" data-end=\"4656\">Faites attention \u00e0 la puret\u00e9 et \u00e0 la s\u00e9curit\u00e9 lorsque vous travaillez avec le 5-aminoisotonitaz\u00e8ne.<\/p>\n<\/li>\n<\/ul>","protected":false},"excerpt":{"rendered":"<p><strong>5-aminoisotonitaz\u00e8ne<\/strong> est un opio\u00efde synth\u00e9tique issu de la <strong>Famille des nitaz\u00e8nes<\/strong>Les substances actives sont les anti-inflammatoires non st\u00e9ro\u00efdiens (AINS), connus pour leurs effets analg\u00e9siques extr\u00eamement puissants. Ces substances agissent comme des agonistes sur les <strong>R\u00e9cepteurs opio\u00efdes \u03bc<\/strong>qui entra\u00eene une r\u00e9duction de la douleur, une s\u00e9dation et une euphorie. Le 5-aminoisotonitaz\u00e8ne est consid\u00e9r\u00e9 comme extr\u00eamement puissant, avec des effets qui peuvent \u00eatre similaires ou sup\u00e9rieurs \u00e0 ceux du fentanyl, et pr\u00e9sente donc un risque important, m\u00eame \u00e0 petites doses. Il n'a pas d'usage m\u00e9dical autoris\u00e9 et on le trouve principalement dans des contextes ill\u00e9gaux ou de recherche.<\/p>\n<h3><strong>Faits importants<\/strong><\/h3>\n<p><strong>Classe chimique<\/strong>: Opio\u00efde synth\u00e9tique \/ D\u00e9riv\u00e9 de nitaz\u00e8ne<br \/>\n<strong>Effet<\/strong>: soulagement de la douleur, s\u00e9dation, euphorie<br \/>\n<strong>D\u00e9but de l'effet<\/strong>10-30 minutes (en fonction de la forme d'administration)<br \/>\n<strong>Dur\u00e9e<\/strong>4-6 heures<\/p>","protected":false},"featured_media":941,"comment_status":"open","ping_status":"closed","template":"","meta":{"_joinchat":[]},"product_brand":[],"product_cat":[56],"product_tag":[828,844,840,845,846,853,833,850,835,839,829,834,838,830,843,852,851,832,847,841,837,849,836,848,842,831],"class_list":{"0":"post-940","1":"product","2":"type-product","3":"status-publish","4":"has-post-thumbnail","6":"product_cat-opioids","7":"product_tag-5-aminoisotonitazen","8":"product_tag-5-aminoisotonitazen-analyse","9":"product_tag-5-aminoisotonitazen-anwendungen","10":"product_tag-5-aminoisotonitazen-chemie","11":"product_tag-5-aminoisotonitazen-effekte","12":"product_tag-5-aminoisotonitazen-eigenschaften","13":"product_tag-5-aminoisotonitazen-forschungschemikalie","14":"product_tag-5-aminoisotonitazen-fur-forschung","15":"product_tag-5-aminoisotonitazen-groshandel","16":"product_tag-5-aminoisotonitazen-handhabung","17":"product_tag-5-aminoisotonitazen-kaufen","18":"product_tag-5-aminoisotonitazen-laboranwendung","19":"product_tag-5-aminoisotonitazen-lagerung","20":"product_tag-5-aminoisotonitazen-lieferant","21":"product_tag-5-aminoisotonitazen-markt","22":"product_tag-5-aminoisotonitazen-opioid","23":"product_tag-5-aminoisotonitazen-pharmakologie","24":"product_tag-5-aminoisotonitazen-preis","25":"product_tag-5-aminoisotonitazen-reinheit","26":"product_tag-5-aminoisotonitazen-risiken","27":"product_tag-5-aminoisotonitazen-sicherheit","28":"product_tag-5-aminoisotonitazen-studien","29":"product_tag-5-aminoisotonitazen-verfugbarkeit","30":"product_tag-5-aminoisotonitazen-vertrieb","31":"product_tag-5-aminoisotonitazen-vorschriften","32":"product_tag-5-aminoisotonitazen-zum-verkauf","34":"first","35":"instock","36":"shipping-taxable","37":"purchasable","38":"product-type-variable"},"yoast_head":"<!-- This site is optimized with the Yoast SEO plugin v26.1.1 - https:\/\/yoast.com\/wordpress\/plugins\/seo\/ -->\n<title>5-Aminoisotonitazen online kaufen | Chemsgramx<\/title>\n<meta name=\"description\" content=\"Kaufen Sie 5-Aminoisotonitazen zu verkaufen bei chemgramx, einem der f\u00fchrenden Online-H\u00e4ndler. Wir helfen Ihnen, hochwertiges 5-Aminoisotonitazen online zu kaufen. Geben Sie Ihre Bestellung jetzt auf, um von den neuesten Ersparnissen zu profitieren!\" \/>\n<meta name=\"robots\" content=\"index, follow, max-snippet:-1, max-image-preview:large, max-video-preview:-1\" \/>\n<link rel=\"canonical\" href=\"https:\/\/chemgramx.com\/fr\/produit\/5-aminoisotonitazen\/\" \/>\n<meta property=\"og:locale\" content=\"fr_FR\" \/>\n<meta property=\"og:type\" content=\"article\" \/>\n<meta property=\"og:title\" content=\"5-Aminoisotonitazen online kaufen | Chemsgramx\" \/>\n<meta property=\"og:description\" content=\"Kaufen Sie 5-Aminoisotonitazen zu verkaufen bei chemgramx, einem der f\u00fchrenden Online-H\u00e4ndler. Wir helfen Ihnen, hochwertiges 5-Aminoisotonitazen online zu kaufen. Geben Sie Ihre Bestellung jetzt auf, um von den neuesten Ersparnissen zu profitieren!\" \/>\n<meta property=\"og:url\" content=\"https:\/\/chemgramx.com\/fr\/produit\/5-aminoisotonitazen\/\" \/>\n<meta property=\"og:site_name\" content=\"Chemgramx\" \/>\n<meta property=\"article:modified_time\" content=\"2025-10-15T11:00:45+00:00\" \/>\n<meta property=\"og:image\" content=\"https:\/\/chemgramx.com\/wp-content\/uploads\/2024\/11\/Buy-5-Aminoisotonitazene-online-1.webp\" \/>\n\t<meta property=\"og:image:width\" content=\"449\" \/>\n\t<meta property=\"og:image:height\" content=\"599\" \/>\n\t<meta property=\"og:image:type\" content=\"image\/webp\" \/>\n<meta name=\"twitter:card\" content=\"summary_large_image\" \/>\n<meta name=\"twitter:label1\" content=\"Dur\u00e9e de lecture estim\u00e9e\" \/>\n\t<meta name=\"twitter:data1\" content=\"3 minutes\" \/>\n<script type=\"application\/ld+json\" class=\"yoast-schema-graph\">{\"@context\":\"https:\/\/schema.org\",\"@graph\":[{\"@type\":\"WebPage\",\"@id\":\"https:\/\/chemgramx.com\/product\/5-aminoisotonitazen\/\",\"url\":\"https:\/\/chemgramx.com\/product\/5-aminoisotonitazen\/\",\"name\":\"5-Aminoisotonitazen online kaufen | Chemsgramx\",\"isPartOf\":{\"@id\":\"https:\/\/chemgramx.com\/#website\"},\"primaryImageOfPage\":{\"@id\":\"https:\/\/chemgramx.com\/product\/5-aminoisotonitazen\/#primaryimage\"},\"image\":{\"@id\":\"https:\/\/chemgramx.com\/product\/5-aminoisotonitazen\/#primaryimage\"},\"thumbnailUrl\":\"https:\/\/chemgramx.com\/wp-content\/uploads\/2024\/11\/Buy-5-Aminoisotonitazene-online-1.webp\",\"datePublished\":\"2024-11-19T12:43:19+00:00\",\"dateModified\":\"2025-10-15T11:00:45+00:00\",\"description\":\"Kaufen Sie 5-Aminoisotonitazen zu verkaufen bei chemgramx, einem der f\u00fchrenden Online-H\u00e4ndler. Wir helfen Ihnen, hochwertiges 5-Aminoisotonitazen online zu kaufen. Geben Sie Ihre Bestellung jetzt auf, um von den neuesten Ersparnissen zu profitieren!\",\"breadcrumb\":{\"@id\":\"https:\/\/chemgramx.com\/product\/5-aminoisotonitazen\/#breadcrumb\"},\"inLanguage\":\"fr-FR\",\"potentialAction\":[{\"@type\":\"ReadAction\",\"target\":[\"https:\/\/chemgramx.com\/product\/5-aminoisotonitazen\/\"]}]},{\"@type\":\"ImageObject\",\"inLanguage\":\"fr-FR\",\"@id\":\"https:\/\/chemgramx.com\/product\/5-aminoisotonitazen\/#primaryimage\",\"url\":\"https:\/\/chemgramx.com\/wp-content\/uploads\/2024\/11\/Buy-5-Aminoisotonitazene-online-1.webp\",\"contentUrl\":\"https:\/\/chemgramx.com\/wp-content\/uploads\/2024\/11\/Buy-5-Aminoisotonitazene-online-1.webp\",\"width\":449,\"height\":599,\"caption\":\"5-Aminoisotonitazen online kaufen\"},{\"@type\":\"BreadcrumbList\",\"@id\":\"https:\/\/chemgramx.com\/product\/5-aminoisotonitazen\/#breadcrumb\",\"itemListElement\":[{\"@type\":\"ListItem\",\"position\":1,\"name\":\"Home\",\"item\":\"https:\/\/chemgramx.com\/\"},{\"@type\":\"ListItem\",\"position\":2,\"name\":\"Shop\",\"item\":\"https:\/\/chemgramx.com\/shop\/\"},{\"@type\":\"ListItem\",\"position\":3,\"name\":\"5-Aminoisotonitazene online kaufen\"}]},{\"@type\":\"WebSite\",\"@id\":\"https:\/\/chemgramx.com\/#website\",\"url\":\"https:\/\/chemgramx.com\/\",\"name\":\"Chemgramx\",\"description\":\"\",\"publisher\":{\"@id\":\"https:\/\/chemgramx.com\/#organization\"},\"potentialAction\":[{\"@type\":\"SearchAction\",\"target\":{\"@type\":\"EntryPoint\",\"urlTemplate\":\"https:\/\/chemgramx.com\/?s={search_term_string}\"},\"query-input\":{\"@type\":\"PropertyValueSpecification\",\"valueRequired\":true,\"valueName\":\"search_term_string\"}}],\"inLanguage\":\"fr-FR\"},{\"@type\":\"Organization\",\"@id\":\"https:\/\/chemgramx.com\/#organization\",\"name\":\"Chemgramx\",\"url\":\"https:\/\/chemgramx.com\/\",\"logo\":{\"@type\":\"ImageObject\",\"inLanguage\":\"fr-FR\",\"@id\":\"https:\/\/chemgramx.com\/#\/schema\/logo\/image\/\",\"url\":\"https:\/\/chemgramx.com\/wp-content\/uploads\/2024\/10\/final-logo.png\",\"contentUrl\":\"https:\/\/chemgramx.com\/wp-content\/uploads\/2024\/10\/final-logo.png\",\"width\":250,\"height\":48,\"caption\":\"Chemgramx\"},\"image\":{\"@id\":\"https:\/\/chemgramx.com\/#\/schema\/logo\/image\/\"}}]}<\/script>\n<!-- \/ Yoast SEO plugin. -->","yoast_head_json":{"title":"5-Aminoisotonitazen online kaufen | Chemsgramx","description":"Kaufen Sie 5-Aminoisotonitazen zu verkaufen bei chemgramx, einem der f\u00fchrenden Online-H\u00e4ndler. Wir helfen Ihnen, hochwertiges 5-Aminoisotonitazen online zu kaufen. Geben Sie Ihre Bestellung jetzt auf, um von den neuesten Ersparnissen zu profitieren!","robots":{"index":"index","follow":"follow","max-snippet":"max-snippet:-1","max-image-preview":"max-image-preview:large","max-video-preview":"max-video-preview:-1"},"canonical":"https:\/\/chemgramx.com\/fr\/produit\/5-aminoisotonitazen\/","og_locale":"fr_FR","og_type":"article","og_title":"5-Aminoisotonitazen online kaufen | Chemsgramx","og_description":"Kaufen Sie 5-Aminoisotonitazen zu verkaufen bei chemgramx, einem der f\u00fchrenden Online-H\u00e4ndler. Wir helfen Ihnen, hochwertiges 5-Aminoisotonitazen online zu kaufen. Geben Sie Ihre Bestellung jetzt auf, um von den neuesten Ersparnissen zu profitieren!","og_url":"https:\/\/chemgramx.com\/fr\/produit\/5-aminoisotonitazen\/","og_site_name":"Chemgramx","article_modified_time":"2025-10-15T11:00:45+00:00","og_image":[{"width":449,"height":599,"url":"https:\/\/chemgramx.com\/wp-content\/uploads\/2024\/11\/Buy-5-Aminoisotonitazene-online-1.webp","type":"image\/webp"}],"twitter_card":"summary_large_image","twitter_misc":{"Dur\u00e9e de lecture estim\u00e9e":"3 minutes"},"schema":{"@context":"https:\/\/schema.org","@graph":[{"@type":"WebPage","@id":"https:\/\/chemgramx.com\/product\/5-aminoisotonitazen\/","url":"https:\/\/chemgramx.com\/product\/5-aminoisotonitazen\/","name":"5-Aminoisotonitazen online kaufen | Chemsgramx","isPartOf":{"@id":"https:\/\/chemgramx.com\/#website"},"primaryImageOfPage":{"@id":"https:\/\/chemgramx.com\/product\/5-aminoisotonitazen\/#primaryimage"},"image":{"@id":"https:\/\/chemgramx.com\/product\/5-aminoisotonitazen\/#primaryimage"},"thumbnailUrl":"https:\/\/chemgramx.com\/wp-content\/uploads\/2024\/11\/Buy-5-Aminoisotonitazene-online-1.webp","datePublished":"2024-11-19T12:43:19+00:00","dateModified":"2025-10-15T11:00:45+00:00","description":"Kaufen Sie 5-Aminoisotonitazen zu verkaufen bei chemgramx, einem der f\u00fchrenden Online-H\u00e4ndler. Wir helfen Ihnen, hochwertiges 5-Aminoisotonitazen online zu kaufen. Geben Sie Ihre Bestellung jetzt auf, um von den neuesten Ersparnissen zu profitieren!","breadcrumb":{"@id":"https:\/\/chemgramx.com\/product\/5-aminoisotonitazen\/#breadcrumb"},"inLanguage":"fr-FR","potentialAction":[{"@type":"ReadAction","target":["https:\/\/chemgramx.com\/product\/5-aminoisotonitazen\/"]}]},{"@type":"ImageObject","inLanguage":"fr-FR","@id":"https:\/\/chemgramx.com\/product\/5-aminoisotonitazen\/#primaryimage","url":"https:\/\/chemgramx.com\/wp-content\/uploads\/2024\/11\/Buy-5-Aminoisotonitazene-online-1.webp","contentUrl":"https:\/\/chemgramx.com\/wp-content\/uploads\/2024\/11\/Buy-5-Aminoisotonitazene-online-1.webp","width":449,"height":599,"caption":"5-Aminoisotonitazen online kaufen"},{"@type":"BreadcrumbList","@id":"https:\/\/chemgramx.com\/product\/5-aminoisotonitazen\/#breadcrumb","itemListElement":[{"@type":"ListItem","position":1,"name":"Home","item":"https:\/\/chemgramx.com\/"},{"@type":"ListItem","position":2,"name":"Shop","item":"https:\/\/chemgramx.com\/shop\/"},{"@type":"ListItem","position":3,"name":"5-Aminoisotonitazene online kaufen"}]},{"@type":"WebSite","@id":"https:\/\/chemgramx.com\/#website","url":"https:\/\/chemgramx.com\/","name":"Chemgramx","description":"","publisher":{"@id":"https:\/\/chemgramx.com\/#organization"},"potentialAction":[{"@type":"SearchAction","target":{"@type":"EntryPoint","urlTemplate":"https:\/\/chemgramx.com\/?s={search_term_string}"},"query-input":{"@type":"PropertyValueSpecification","valueRequired":true,"valueName":"search_term_string"}}],"inLanguage":"fr-FR"},{"@type":"Organization","@id":"https:\/\/chemgramx.com\/#organization","name":"Chemgramx","url":"https:\/\/chemgramx.com\/","logo":{"@type":"ImageObject","inLanguage":"fr-FR","@id":"https:\/\/chemgramx.com\/#\/schema\/logo\/image\/","url":"https:\/\/chemgramx.com\/wp-content\/uploads\/2024\/10\/final-logo.png","contentUrl":"https:\/\/chemgramx.com\/wp-content\/uploads\/2024\/10\/final-logo.png","width":250,"height":48,"caption":"Chemgramx"},"image":{"@id":"https:\/\/chemgramx.com\/#\/schema\/logo\/image\/"}}]}},"_links":{"self":[{"href":"https:\/\/chemgramx.com\/fr\/wp-json\/wp\/v2\/product\/940","targetHints":{"allow":["GET"]}}],"collection":[{"href":"https:\/\/chemgramx.com\/fr\/wp-json\/wp\/v2\/product"}],"about":[{"href":"https:\/\/chemgramx.com\/fr\/wp-json\/wp\/v2\/types\/product"}],"replies":[{"embeddable":true,"href":"https:\/\/chemgramx.com\/fr\/wp-json\/wp\/v2\/comments?post=940"}],"wp:featuredmedia":[{"embeddable":true,"href":"https:\/\/chemgramx.com\/fr\/wp-json\/wp\/v2\/media\/941"}],"wp:attachment":[{"href":"https:\/\/chemgramx.com\/fr\/wp-json\/wp\/v2\/media?parent=940"}],"wp:term":[{"taxonomy":"product_brand","embeddable":true,"href":"https:\/\/chemgramx.com\/fr\/wp-json\/wp\/v2\/product_brand?post=940"},{"taxonomy":"product_cat","embeddable":true,"href":"https:\/\/chemgramx.com\/fr\/wp-json\/wp\/v2\/product_cat?post=940"},{"taxonomy":"product_tag","embeddable":true,"href":"https:\/\/chemgramx.com\/fr\/wp-json\/wp\/v2\/product_tag?post=940"}],"curies":[{"name":"wp","href":"https:\/\/api.w.org\/{rel}","templated":true}]}}