{"id":947,"date":"2024-11-19T20:45:07","date_gmt":"2024-11-19T20:45:07","guid":{"rendered":"https:\/\/chemgramx.com\/?post_type=product&#038;p=947"},"modified":"2025-10-15T08:55:46","modified_gmt":"2025-10-15T08:55:46","slug":"4b-4-mar","status":"publish","type":"product","link":"https:\/\/chemgramx.com\/fr\/produit\/4b-4-mar\/","title":{"rendered":"Acheter 4B-4-MAR en ligne"},"content":{"rendered":"<h2 data-start=\"185\" data-end=\"263\">Int\u00e9r\u00eat croissant pour le 4B-4-MAR\u00a0: un guide complet sur les achats en ligne<\/h2>\n<h3 data-start=\"265\" data-end=\"318\">Wat is 4B-4-MAR? \u2013 Begrijp de verbinding<\/h3>\n<p data-start=\"319\" data-end=\"880\"><a href=\"https:\/\/chemgramx.com\/fr\/produit\/4b-4-mar\/\">4B-4-MAR<\/a> Le 4B-4-MAR est un produit chimique de recherche innovant appartenant \u00e0 la classe des substances synth\u00e9tiques et qui gagne en importance au sein de la communaut\u00e9 scientifique. Ce compos\u00e9 se caract\u00e9rise par sa structure mol\u00e9culaire unique et ses applications potentielles en recherche pharmacologique. Il est souvent utilis\u00e9 dans le cadre d'\u00e9tudes sur les m\u00e9canismes neurochimiques et la recherche comportementale. C'est pourquoi les chercheurs optent de plus en plus pour l'achat en ligne de 4B-4-MAR afin d'acc\u00e9der \u00e0 des substances \u00e9prouv\u00e9es.<\/p>\n<h3 data-start=\"882\" data-end=\"933\">Is het legaal om 4B-4-MAR te kopen in jouw land?<\/h3>\n<p data-start=\"934\" data-end=\"1162\">La situation juridique pour <a href=\"https:\/\/en.wikipedia.org\/wiki\/4B-MAR\">4B-4-MAR<\/a> La vente de cette substance varie consid\u00e9rablement d'un pays \u00e0 l'autre. Si certains \u00c9tats la r\u00e9glementent ou l'interdisent, d'autres ne l'ont pas encore l\u00e9galement enregistr\u00e9e. Avant l'ordonnance 4B-4-MAR, vous devez\u00a0:<\/p>\n<ul data-start=\"1164\" data-end=\"1335\">\n<li data-start=\"1164\" data-end=\"1231\">\n<p data-start=\"1166\" data-end=\"1231\">V\u00e9rifiez les r\u00e9glementations l\u00e9gales en vigueur dans votre pays<\/p>\n<\/li>\n<li data-start=\"1232\" data-end=\"1271\">\n<p data-start=\"1234\" data-end=\"1271\">Conna\u00eetre les r\u00e9glementations en mati\u00e8re d'importation et de propri\u00e9t\u00e9<\/p>\n<\/li>\n<li data-start=\"1272\" data-end=\"1335\">\n<p data-start=\"1274\" data-end=\"1335\">S'assurer que l'acquisition et la possession sont l\u00e9gales<\/p>\n<\/li>\n<\/ul>\n<h3 data-start=\"1337\" data-end=\"1396\">Pourquoi les chercheurs se tournent-ils de plus en plus vers les sources en ligne ?<\/h3>\n<p data-start=\"1397\" data-end=\"1519\">Forscher und Wissenschaftler greifen immer h\u00e4ufiger auf Online-Plattformen zur\u00fcck, um buy 4B-4-MAR Online, da diese:<\/p>\n<ul data-start=\"1521\" data-end=\"1760\">\n<li data-start=\"1521\" data-end=\"1572\">\n<p data-start=\"1523\" data-end=\"1572\">Offrir un acc\u00e8s \u00e0 des produits purs et de haute qualit\u00e9<\/p>\n<\/li>\n<li data-start=\"1573\" data-end=\"1642\">\n<p data-start=\"1575\" data-end=\"1642\">Fournir des informations transparentes sur les produits et des analyses de laboratoire<\/p>\n<\/li>\n<li data-start=\"1643\" data-end=\"1709\">\n<p data-start=\"1645\" data-end=\"1709\">Flexibele bestelhoeveelheden inschakelen voor onderzoeksvereisten<\/p>\n<\/li>\n<li data-start=\"1710\" data-end=\"1760\">\n<p data-start=\"1712\" data-end=\"1760\">Assurer une exp\u00e9dition mondiale et discr\u00e8te<\/p>\n<\/li>\n<\/ul>\n<p data-start=\"1762\" data-end=\"1931\">Veel deskundigen raden aan om 4B-4-MAR online via internet te kopen, omdat u daar de beste kwaliteit en betrouwbare service kunt vinden.<\/p>\n<h3 data-start=\"1933\" data-end=\"1987\">Comment reconna\u00eetre un fournisseur digne de confiance<\/h3>\n<p data-start=\"1988\" data-end=\"2110\">Lors de l'achat d'un 4B-4-MAR, il est crucial de choisir un concessionnaire r\u00e9put\u00e9. Un bon fournisseur doit proposer\u00a0:<\/p>\n<ul data-start=\"2112\" data-end=\"2282\">\n<li data-start=\"2112\" data-end=\"2164\">\n<p data-start=\"2114\" data-end=\"2164\">Tests de laboratoire v\u00e9rifiables et certificats COA<\/p>\n<\/li>\n<li data-start=\"2165\" data-end=\"2226\">\n<p data-start=\"2167\" data-end=\"2226\">Avis clients positifs et informations transparentes<\/p>\n<\/li>\n<li data-start=\"2227\" data-end=\"2282\">\n<p data-start=\"2229\" data-end=\"2282\">Options de paiement s\u00e9curis\u00e9es et politiques de confidentialit\u00e9<\/p>\n<\/li>\n<\/ul>\n<h3 data-start=\"2284\" data-end=\"2342\">\u00c9vitez les fraudes et les produits de qualit\u00e9 inf\u00e9rieure<\/h3>\n<p data-start=\"2343\" data-end=\"2393\">Pour prot\u00e9ger votre recherche et votre investissement :<\/p>\n<ul data-start=\"2395\" data-end=\"2629\">\n<li data-start=\"2395\" data-end=\"2447\">\n<p data-start=\"2397\" data-end=\"2447\">M\u00e9fiez-vous des prix extr\u00eamement bas du 4B-4-MAR<\/p>\n<\/li>\n<li data-start=\"2448\" data-end=\"2498\">\n<p data-start=\"2450\" data-end=\"2498\">Exiger une preuve de puret\u00e9 et de qualit\u00e9<\/p>\n<\/li>\n<li data-start=\"2499\" data-end=\"2557\">\n<p data-start=\"2501\" data-end=\"2557\">H\u00e4ndlerbewertungen auf unabh\u00e4ngigen Plattformen pr\u00fcfen<\/p>\n<\/li>\n<li data-start=\"2558\" data-end=\"2629\">\n<p data-start=\"2560\" data-end=\"2629\">Commandez d'abord de petites quantit\u00e9s avant d'acheter de plus grandes quantit\u00e9s<\/p>\n<\/li>\n<\/ul>\n<h3 data-start=\"2631\" data-end=\"2696\">Derniers conseils pour un achat s\u00fbr et \u00e9clair\u00e9<\/h3>\n<ul data-start=\"2697\" data-end=\"3012\">\n<li data-start=\"2697\" data-end=\"2758\">\n<p data-start=\"2699\" data-end=\"2758\">Informieren Sie sich umfassend \u00fcber Anbieter und Produkte<\/p>\n<\/li>\n<li data-start=\"2759\" data-end=\"2806\">\n<p data-start=\"2761\" data-end=\"2806\">Achetez uniquement dans des magasins de confiance<\/p>\n<\/li>\n<li data-start=\"2807\" data-end=\"2877\">\n<p data-start=\"2809\" data-end=\"2877\">Nutzen Sie 4B-4-MAR Online Kaufen<\/p>\n<\/li>\n<li data-start=\"2878\" data-end=\"2940\">\n<p data-start=\"2880\" data-end=\"2940\">Respectez toujours les exigences l\u00e9gales de votre pays<\/p>\n<\/li>\n<li data-start=\"2941\" data-end=\"3012\">\n<p data-start=\"2943\" data-end=\"3012\">Utilisez 4B-4-MAR uniquement \u00e0 des fins de recherche l\u00e9gitimes<\/p>\n<\/li>\n<\/ul>\n<h3 data-start=\"3014\" data-end=\"3024\">Conclusion<\/h3>\n<p data-start=\"3025\" data-end=\"3336\">Wer sich fragt, wo kann man 4B-4-MAR kaufen, sollte ausschlie\u00dflich gepr\u00fcfte Anbieter w\u00e4hlen. Ein seri\u00f6ser H\u00e4ndler bietet nicht nur hochwertige Produkte, sondern auch Zuverl\u00e4ssigkeit, Diskretion und Service. Der Online-Kauf erm\u00f6glicht Zugang zu gepr\u00fcften Substanzen, fairen Preisen und einer sicheren Bestellung.<\/p>","protected":false},"excerpt":{"rendered":"<p><strong>4B-4-MAR<\/strong>, oder <strong>4-Benzyl-4-Methylaminorex<\/strong>, est un stimulant synth\u00e9tique issu de la <strong>Aminorex-Familie<\/strong>. Es ist chemisch verwandt mit <strong>4-MAR (4-Methylaminorex)<\/strong>, einem Stimulans mit \u00e4hnlichen Wirkungen wie Amphetamine, jedoch mit l\u00e4ngerer Wirkungsdauer. 4B-4-MAR ist bekannt f\u00fcr seine starken stimulierenden, euphorisierenden und appetitz\u00fcgelnden Effekte, jedoch kaum erforscht und aufgrund potenzieller Nebenwirkungen als hochriskant einzustufen.<\/p>\n<h3><strong>Faits importants<\/strong><\/h3>\n<p><strong>Classe chimique<\/strong>: Stimulans \/ Aminorex-Derivat<br \/>\n<strong>Effet<\/strong>: Stimulation, Euphorie, gesteigerte Konzentration, Appetitz\u00fcgung<br \/>\n<strong>D\u00e9but de l'effet<\/strong>: 30\u201360 Minuten (oral)<br \/>\n<strong>Dur\u00e9e<\/strong>: 8\u201316 Stunden<\/p>","protected":false},"featured_media":948,"comment_status":"open","ping_status":"closed","template":"","meta":{"_joinchat":[]},"product_brand":[],"product_cat":[48],"product_tag":[910,930,934,919,920,933,909,928,924,929,935,915,917,923,911,916,922,912,927,914,931,925,921,918,932,926,913],"class_list":{"0":"post-947","1":"product","2":"type-product","3":"status-publish","4":"has-post-thumbnail","6":"product_cat-stimulants","7":"product_tag-4-benzyl-4-methylaminorex","8":"product_tag-4-benzyl-4-methylaminorex-effekte","9":"product_tag-4-benzyl-4-methylaminorex-fur-forschung","10":"product_tag-4-benzyl-4-methylaminorex-kaufen","11":"product_tag-4-benzyl-4-methylaminorex-lieferant","12":"product_tag-4-benzyl-4-methylaminorex-studien","13":"product_tag-4b-4-mar","14":"product_tag-4b-4-mar-analyse","15":"product_tag-4b-4-mar-anwendungen","16":"product_tag-4b-4-mar-chemie","17":"product_tag-4b-4-mar-eigenschaften","18":"product_tag-4b-4-mar-forschungschemikalie","19":"product_tag-4b-4-mar-groshandel","20":"product_tag-4b-4-mar-handhabung","21":"product_tag-4b-4-mar-kaufen","22":"product_tag-4b-4-mar-laboranwendung","23":"product_tag-4b-4-mar-lagerung","24":"product_tag-4b-4-mar-lieferant","25":"product_tag-4b-4-mar-markt","26":"product_tag-4b-4-mar-preis","27":"product_tag-4b-4-mar-reinheit","28":"product_tag-4b-4-mar-risiken","29":"product_tag-4b-4-mar-sicherheit","30":"product_tag-4b-4-mar-verfugbarkeit","31":"product_tag-4b-4-mar-vertrieb","32":"product_tag-4b-4-mar-vorschriften","33":"product_tag-4b-4-mar-zum-verkauf","35":"first","36":"instock","37":"shipping-taxable","38":"purchasable","39":"product-type-variable"},"yoast_head":"<!-- This site is optimized with the Yoast SEO plugin v26.1.1 - https:\/\/yoast.com\/wordpress\/plugins\/seo\/ -->\n<title>4B-4-MAR online kaufen \u2013 4B-4-MAR zu verkaufen | chemgramx<\/title>\n<meta name=\"description\" content=\"Wir sind der f\u00fchrende Shop, der 4b-4-mar zum Verkauf anbietet. Wenn Sie 4b-4-mar online kaufen m\u00f6chten, kontaktieren Sie uns sofort und lassen Sie sich die Bestellung liefern. Jetzt bestellen!\" \/>\n<meta name=\"robots\" content=\"index, follow, max-snippet:-1, max-image-preview:large, max-video-preview:-1\" \/>\n<link rel=\"canonical\" href=\"https:\/\/chemgramx.com\/fr\/produit\/4b-4-mar\/\" \/>\n<meta property=\"og:locale\" content=\"fr_FR\" \/>\n<meta property=\"og:type\" content=\"article\" \/>\n<meta property=\"og:title\" content=\"4B-4-MAR online kaufen \u2013 4B-4-MAR zu verkaufen | chemgramx\" \/>\n<meta property=\"og:description\" content=\"Wir sind der f\u00fchrende Shop, der 4b-4-mar zum Verkauf anbietet. Wenn Sie 4b-4-mar online kaufen m\u00f6chten, kontaktieren Sie uns sofort und lassen Sie sich die Bestellung liefern. Jetzt bestellen!\" \/>\n<meta property=\"og:url\" content=\"https:\/\/chemgramx.com\/fr\/produit\/4b-4-mar\/\" \/>\n<meta property=\"og:site_name\" content=\"Chemgramx\" \/>\n<meta property=\"article:modified_time\" content=\"2025-10-15T08:55:46+00:00\" \/>\n<meta property=\"og:image\" content=\"https:\/\/chemgramx.com\/wp-content\/uploads\/2024\/11\/Buy-4B-4-MAR-online-1.webp\" \/>\n\t<meta property=\"og:image:width\" content=\"770\" \/>\n\t<meta property=\"og:image:height\" content=\"744\" \/>\n\t<meta property=\"og:image:type\" content=\"image\/webp\" \/>\n<meta name=\"twitter:card\" content=\"summary_large_image\" \/>\n<meta name=\"twitter:label1\" content=\"Dur\u00e9e de lecture estim\u00e9e\" \/>\n\t<meta name=\"twitter:data1\" content=\"2 minutes\" \/>\n<script type=\"application\/ld+json\" class=\"yoast-schema-graph\">{\"@context\":\"https:\/\/schema.org\",\"@graph\":[{\"@type\":\"WebPage\",\"@id\":\"https:\/\/chemgramx.com\/product\/4b-4-mar\/\",\"url\":\"https:\/\/chemgramx.com\/product\/4b-4-mar\/\",\"name\":\"4B-4-MAR online kaufen \u2013 4B-4-MAR zu verkaufen | chemgramx\",\"isPartOf\":{\"@id\":\"https:\/\/chemgramx.com\/#website\"},\"primaryImageOfPage\":{\"@id\":\"https:\/\/chemgramx.com\/product\/4b-4-mar\/#primaryimage\"},\"image\":{\"@id\":\"https:\/\/chemgramx.com\/product\/4b-4-mar\/#primaryimage\"},\"thumbnailUrl\":\"https:\/\/chemgramx.com\/wp-content\/uploads\/2024\/11\/Buy-4B-4-MAR-online-1.webp\",\"datePublished\":\"2024-11-19T20:45:07+00:00\",\"dateModified\":\"2025-10-15T08:55:46+00:00\",\"description\":\"Wir sind der f\u00fchrende Shop, der 4b-4-mar zum Verkauf anbietet. Wenn Sie 4b-4-mar online kaufen m\u00f6chten, kontaktieren Sie uns sofort und lassen Sie sich die Bestellung liefern. Jetzt bestellen!\",\"breadcrumb\":{\"@id\":\"https:\/\/chemgramx.com\/product\/4b-4-mar\/#breadcrumb\"},\"inLanguage\":\"fr-FR\",\"potentialAction\":[{\"@type\":\"ReadAction\",\"target\":[\"https:\/\/chemgramx.com\/product\/4b-4-mar\/\"]}]},{\"@type\":\"ImageObject\",\"inLanguage\":\"fr-FR\",\"@id\":\"https:\/\/chemgramx.com\/product\/4b-4-mar\/#primaryimage\",\"url\":\"https:\/\/chemgramx.com\/wp-content\/uploads\/2024\/11\/Buy-4B-4-MAR-online-1.webp\",\"contentUrl\":\"https:\/\/chemgramx.com\/wp-content\/uploads\/2024\/11\/Buy-4B-4-MAR-online-1.webp\",\"width\":770,\"height\":744,\"caption\":\"4B-4-MAR online kaufen\"},{\"@type\":\"BreadcrumbList\",\"@id\":\"https:\/\/chemgramx.com\/product\/4b-4-mar\/#breadcrumb\",\"itemListElement\":[{\"@type\":\"ListItem\",\"position\":1,\"name\":\"Home\",\"item\":\"https:\/\/chemgramx.com\/\"},{\"@type\":\"ListItem\",\"position\":2,\"name\":\"Shop\",\"item\":\"https:\/\/chemgramx.com\/shop\/\"},{\"@type\":\"ListItem\",\"position\":3,\"name\":\"4B-4-MAR online kaufen\"}]},{\"@type\":\"WebSite\",\"@id\":\"https:\/\/chemgramx.com\/#website\",\"url\":\"https:\/\/chemgramx.com\/\",\"name\":\"Chemgramx\",\"description\":\"\",\"publisher\":{\"@id\":\"https:\/\/chemgramx.com\/#organization\"},\"potentialAction\":[{\"@type\":\"SearchAction\",\"target\":{\"@type\":\"EntryPoint\",\"urlTemplate\":\"https:\/\/chemgramx.com\/?s={search_term_string}\"},\"query-input\":{\"@type\":\"PropertyValueSpecification\",\"valueRequired\":true,\"valueName\":\"search_term_string\"}}],\"inLanguage\":\"fr-FR\"},{\"@type\":\"Organization\",\"@id\":\"https:\/\/chemgramx.com\/#organization\",\"name\":\"Chemgramx\",\"url\":\"https:\/\/chemgramx.com\/\",\"logo\":{\"@type\":\"ImageObject\",\"inLanguage\":\"fr-FR\",\"@id\":\"https:\/\/chemgramx.com\/#\/schema\/logo\/image\/\",\"url\":\"https:\/\/chemgramx.com\/wp-content\/uploads\/2024\/10\/final-logo.png\",\"contentUrl\":\"https:\/\/chemgramx.com\/wp-content\/uploads\/2024\/10\/final-logo.png\",\"width\":250,\"height\":48,\"caption\":\"Chemgramx\"},\"image\":{\"@id\":\"https:\/\/chemgramx.com\/#\/schema\/logo\/image\/\"}}]}<\/script>\n<!-- \/ Yoast SEO plugin. -->","yoast_head_json":{"title":"4B-4-MAR online kaufen \u2013 4B-4-MAR zu verkaufen | chemgramx","description":"Wir sind der f\u00fchrende Shop, der 4b-4-mar zum Verkauf anbietet. Wenn Sie 4b-4-mar online kaufen m\u00f6chten, kontaktieren Sie uns sofort und lassen Sie sich die Bestellung liefern. Jetzt bestellen!","robots":{"index":"index","follow":"follow","max-snippet":"max-snippet:-1","max-image-preview":"max-image-preview:large","max-video-preview":"max-video-preview:-1"},"canonical":"https:\/\/chemgramx.com\/fr\/produit\/4b-4-mar\/","og_locale":"fr_FR","og_type":"article","og_title":"4B-4-MAR online kaufen \u2013 4B-4-MAR zu verkaufen | chemgramx","og_description":"Wir sind der f\u00fchrende Shop, der 4b-4-mar zum Verkauf anbietet. Wenn Sie 4b-4-mar online kaufen m\u00f6chten, kontaktieren Sie uns sofort und lassen Sie sich die Bestellung liefern. Jetzt bestellen!","og_url":"https:\/\/chemgramx.com\/fr\/produit\/4b-4-mar\/","og_site_name":"Chemgramx","article_modified_time":"2025-10-15T08:55:46+00:00","og_image":[{"width":770,"height":744,"url":"https:\/\/chemgramx.com\/wp-content\/uploads\/2024\/11\/Buy-4B-4-MAR-online-1.webp","type":"image\/webp"}],"twitter_card":"summary_large_image","twitter_misc":{"Dur\u00e9e de lecture estim\u00e9e":"2 minutes"},"schema":{"@context":"https:\/\/schema.org","@graph":[{"@type":"WebPage","@id":"https:\/\/chemgramx.com\/product\/4b-4-mar\/","url":"https:\/\/chemgramx.com\/product\/4b-4-mar\/","name":"4B-4-MAR online kaufen \u2013 4B-4-MAR zu verkaufen | chemgramx","isPartOf":{"@id":"https:\/\/chemgramx.com\/#website"},"primaryImageOfPage":{"@id":"https:\/\/chemgramx.com\/product\/4b-4-mar\/#primaryimage"},"image":{"@id":"https:\/\/chemgramx.com\/product\/4b-4-mar\/#primaryimage"},"thumbnailUrl":"https:\/\/chemgramx.com\/wp-content\/uploads\/2024\/11\/Buy-4B-4-MAR-online-1.webp","datePublished":"2024-11-19T20:45:07+00:00","dateModified":"2025-10-15T08:55:46+00:00","description":"Wir sind der f\u00fchrende Shop, der 4b-4-mar zum Verkauf anbietet. Wenn Sie 4b-4-mar online kaufen m\u00f6chten, kontaktieren Sie uns sofort und lassen Sie sich die Bestellung liefern. Jetzt bestellen!","breadcrumb":{"@id":"https:\/\/chemgramx.com\/product\/4b-4-mar\/#breadcrumb"},"inLanguage":"fr-FR","potentialAction":[{"@type":"ReadAction","target":["https:\/\/chemgramx.com\/product\/4b-4-mar\/"]}]},{"@type":"ImageObject","inLanguage":"fr-FR","@id":"https:\/\/chemgramx.com\/product\/4b-4-mar\/#primaryimage","url":"https:\/\/chemgramx.com\/wp-content\/uploads\/2024\/11\/Buy-4B-4-MAR-online-1.webp","contentUrl":"https:\/\/chemgramx.com\/wp-content\/uploads\/2024\/11\/Buy-4B-4-MAR-online-1.webp","width":770,"height":744,"caption":"4B-4-MAR online kaufen"},{"@type":"BreadcrumbList","@id":"https:\/\/chemgramx.com\/product\/4b-4-mar\/#breadcrumb","itemListElement":[{"@type":"ListItem","position":1,"name":"Home","item":"https:\/\/chemgramx.com\/"},{"@type":"ListItem","position":2,"name":"Shop","item":"https:\/\/chemgramx.com\/shop\/"},{"@type":"ListItem","position":3,"name":"4B-4-MAR online kaufen"}]},{"@type":"WebSite","@id":"https:\/\/chemgramx.com\/#website","url":"https:\/\/chemgramx.com\/","name":"Chemgramx","description":"","publisher":{"@id":"https:\/\/chemgramx.com\/#organization"},"potentialAction":[{"@type":"SearchAction","target":{"@type":"EntryPoint","urlTemplate":"https:\/\/chemgramx.com\/?s={search_term_string}"},"query-input":{"@type":"PropertyValueSpecification","valueRequired":true,"valueName":"search_term_string"}}],"inLanguage":"fr-FR"},{"@type":"Organization","@id":"https:\/\/chemgramx.com\/#organization","name":"Chemgramx","url":"https:\/\/chemgramx.com\/","logo":{"@type":"ImageObject","inLanguage":"fr-FR","@id":"https:\/\/chemgramx.com\/#\/schema\/logo\/image\/","url":"https:\/\/chemgramx.com\/wp-content\/uploads\/2024\/10\/final-logo.png","contentUrl":"https:\/\/chemgramx.com\/wp-content\/uploads\/2024\/10\/final-logo.png","width":250,"height":48,"caption":"Chemgramx"},"image":{"@id":"https:\/\/chemgramx.com\/#\/schema\/logo\/image\/"}}]}},"_links":{"self":[{"href":"https:\/\/chemgramx.com\/fr\/wp-json\/wp\/v2\/product\/947","targetHints":{"allow":["GET"]}}],"collection":[{"href":"https:\/\/chemgramx.com\/fr\/wp-json\/wp\/v2\/product"}],"about":[{"href":"https:\/\/chemgramx.com\/fr\/wp-json\/wp\/v2\/types\/product"}],"replies":[{"embeddable":true,"href":"https:\/\/chemgramx.com\/fr\/wp-json\/wp\/v2\/comments?post=947"}],"wp:featuredmedia":[{"embeddable":true,"href":"https:\/\/chemgramx.com\/fr\/wp-json\/wp\/v2\/media\/948"}],"wp:attachment":[{"href":"https:\/\/chemgramx.com\/fr\/wp-json\/wp\/v2\/media?parent=947"}],"wp:term":[{"taxonomy":"product_brand","embeddable":true,"href":"https:\/\/chemgramx.com\/fr\/wp-json\/wp\/v2\/product_brand?post=947"},{"taxonomy":"product_cat","embeddable":true,"href":"https:\/\/chemgramx.com\/fr\/wp-json\/wp\/v2\/product_cat?post=947"},{"taxonomy":"product_tag","embeddable":true,"href":"https:\/\/chemgramx.com\/fr\/wp-json\/wp\/v2\/product_tag?post=947"}],"curies":[{"name":"wp","href":"https:\/\/api.w.org\/{rel}","templated":true}]}}