{"id":959,"date":"2024-11-20T00:00:32","date_gmt":"2024-11-20T00:00:32","guid":{"rendered":"https:\/\/chemgramx.com\/?post_type=product&#038;p=959"},"modified":"2025-10-17T09:01:09","modified_gmt":"2025-10-17T09:01:09","slug":"ecpla-l-tartrate","status":"publish","type":"product","link":"https:\/\/chemgramx.com\/fr\/produit\/ecpla-l-tartrate\/","title":{"rendered":"Acheter ECPLA L-Tartrate en ligne"},"content":{"rendered":"<h2 data-start=\"182\" data-end=\"249\">Achetez ECPLA L-Tartrate en ligne \u2013 une recherche de la plus haute qualit\u00e9<\/h2>\n<p data-start=\"267\" data-end=\"799\">Buy ECPLA L-Tartrate Online gewinnt in der wissenschaftlichen Forschung zunehmend an Bedeutung. ECPLA L-Tartrat ist eine neuartige psychedelische Substanz aus der Lysergamid-Klasse, entwickelt als strukturelles Analogon zu LSD. Mit seiner \u00e4hnlichen molekularen Struktur und vergleichbaren Eigenschaften wird <a href=\"https:\/\/chemgramx.com\/fr\/produit\/ecpla-l-tartrate\/\">ECPLA L-Tartrate zu verkaufen<\/a> Utilis\u00e9 principalement en laboratoire. Il est important de noter que cette substance n'est pas destin\u00e9e \u00e0 la consommation humaine et ne doit \u00eatre utilis\u00e9e que dans des environnements de recherche contr\u00f4l\u00e9s.<\/p>\n<h3 data-start=\"801\" data-end=\"830\">Qu'est-ce que l'ECPLA L-Tartrate ?<\/h3>\n<p data-start=\"831\" data-end=\"1240\"><a href=\"https:\/\/en.wikipedia.org\/wiki\/ECPLA\">ECPLA L-Tartrate<\/a> online kaufen, auch bekannt als Lysergs\u00e4ure N-ethyl-N-cyclopropylamid Hemi-L-Tartrat, ist ein synthetisches Derivat der Lysergs\u00e4ure. Es geh\u00f6rt zur Gruppe der Lysergamide und weist strukturelle \u00c4hnlichkeiten mit LSD auf. Die Modifikationen seiner Struktur k\u00f6nnen die pharmakologischen Eigenschaften beeinflussen. Wissenschaftliche Analysen besch\u00e4ftigen sich intensiv mit diesen Mechanismen.<\/p>\n<h3 data-start=\"1242\" data-end=\"1285\">Classification et comparaison chimiques<\/h3>\n<p data-start=\"1286\" data-end=\"1694\">Im Vergleich zu klassischen Stimulanzien wie Amphetaminen geh\u00f6rt ECPLA L-Tartrat zur Lysergamid-Klasse. Diese Substanzen interagieren prim\u00e4r mit Serotoninrezeptoren im Gehirn, insbesondere dem 5-HT2A-Rezeptor. Dadurch k\u00f6nnen Wahrnehmungsver\u00e4nderungen entstehen. Auch wenn die genauen Effekte noch nicht vollst\u00e4ndig dokumentiert sind, w\u00e4chst das Interesse am order ECPLA L-Tartrate f\u00fcr Forschung stetig.<\/p>\n<h3 data-start=\"1696\" data-end=\"1741\">Effets et bienfaits de l'ECPLA L-Tartrate<\/h3>\n<p data-start=\"1742\" data-end=\"1853\">Les rapports pr\u00e9liminaires montrent que l'achat d'ECPLA L-Tartrate peut produire des effets similaires au LSD dans les tests de laboratoire :<\/p>\n<ul data-start=\"1855\" data-end=\"1952\">\n<li data-start=\"1855\" data-end=\"1892\">\n<p data-start=\"1857\" data-end=\"1892\">perceptions visuelles alt\u00e9r\u00e9es<\/p>\n<\/li>\n<li data-start=\"1893\" data-end=\"1927\">\n<p data-start=\"1895\" data-end=\"1927\">perceptions sensorielles accrues<\/p>\n<\/li>\n<li data-start=\"1928\" data-end=\"1952\">\n<p data-start=\"1930\" data-end=\"1952\">mod\u00e8le introspectif<\/p>\n<\/li>\n<\/ul>\n<p data-start=\"1954\" data-end=\"2044\">\u00c9tant donn\u00e9 qu\u2019il n\u2019existe pas de donn\u00e9es cliniques compl\u00e8tes, une manipulation s\u00fbre reste cruciale.<\/p>\n<h3 data-start=\"2046\" data-end=\"2086\">Posologie et manipulation recommand\u00e9es<\/h3>\n<p data-start=\"2087\" data-end=\"2324\">Die Dosierung von ECPLA L-Tartrate zu verkaufen sollte ausschlie\u00dflich von Fachleuten f\u00fcr Forschungszwecke bestimmt werden. Pulver und Blotter sind g\u00e4ngige Formen. Ein professioneller Laborrahmen und pr\u00e4zise Messmethoden sind notwendig.<\/p>\n<h3 data-start=\"2326\" data-end=\"2348\">Dur\u00e9e des effets<\/h3>\n<p data-start=\"2349\" data-end=\"2537\">La dur\u00e9e des effets n'est pas document\u00e9e de mani\u00e8re exhaustive. Les chercheurs recommandent d'\u00e9viter de r\u00e9p\u00e9ter la dose. Chaque application doit plut\u00f4t \u00eatre clairement d\u00e9finie et strictement surveill\u00e9e.<\/p>\n<h3 data-start=\"2539\" data-end=\"2580\">Pourquoi acheter ECPLA L-Tartrate en ligne ?<\/h3>\n<p data-start=\"2581\" data-end=\"2631\">Acheter D-Tertylone en ligne offre de nombreux avantages :<\/p>\n<ul data-start=\"2633\" data-end=\"2895\">\n<li data-start=\"2633\" data-end=\"2699\">\n<p data-start=\"2635\" data-end=\"2699\">Einfacher Zugang zu Wo kann man ECPLA L-Tartrat kaufen? weltweit<\/p>\n<\/li>\n<li data-start=\"2700\" data-end=\"2772\">\n<p data-start=\"2702\" data-end=\"2772\">Prix \u200b\u200bdu L-tartrate d'ECPLA bon march\u00e9 par rapport aux sources locales<\/p>\n<\/li>\n<li data-start=\"2773\" data-end=\"2822\">\n<p data-start=\"2775\" data-end=\"2822\">Emballage discret et exp\u00e9dition fiable<\/p>\n<\/li>\n<li data-start=\"2823\" data-end=\"2895\">\n<p data-start=\"2825\" data-end=\"2895\">Disponibilit\u00e9 aupr\u00e8s de fournisseurs sp\u00e9cialis\u00e9s pouvant prouver la puret\u00e9<\/p>\n<\/li>\n<\/ul>\n<h3 data-start=\"2897\" data-end=\"2917\">Situation juridique<\/h3>\n<p data-start=\"2918\" data-end=\"3152\">Die Rechtslage variiert stark. W\u00e4hrend es in einigen L\u00e4ndern als kontrollierte Substanz gilt, ist es in anderen rechtlich nicht eindeutig geregelt. Wer ECPLA L-Tartrat online kaufen m\u00f6chte, sollte vorab die lokalen Gesetze pr\u00fcfen.<\/p>\n<h3 data-start=\"3154\" data-end=\"3206\">Pourquoi acheter ECPLA L-Tartrate en ligne ?<\/h3>\n<p data-start=\"3207\" data-end=\"3286\">Le meilleur endroit pour acheter ECPLA L-Tartrate en ligne r\u00e9pond \u00e0 des crit\u00e8res importants :<\/p>\n<ul data-start=\"3288\" data-end=\"3410\">\n<li data-start=\"3288\" data-end=\"3312\">Zertifizierte Labore<\/li>\n<li data-start=\"3313\" data-end=\"3353\">\n<p data-start=\"3315\" data-end=\"3353\">Transparente Sicherheitsdatenbl\u00e4tter<\/p>\n<\/li>\n<li data-start=\"3354\" data-end=\"3379\">\n<p data-start=\"3356\" data-end=\"3379\">Nachweisbare Reinheit<\/p>\n<\/li>\n<li data-start=\"3380\" data-end=\"3410\">\n<p data-start=\"3382\" data-end=\"3410\">Avis clients positifs<\/p>\n<\/li>\n<\/ul>\n<p data-start=\"3412\" data-end=\"3588\">Forschungschemie-Anbieter wie Biochemal oder TeamChemists stellen ECPLA L-Tartrate zu verkaufen in analytischer Qualit\u00e4t bereit, stets im Einklang mit den geltenden Gesetzen.<\/p>\n<h2 data-start=\"3590\" data-end=\"3600\">Conclusion<\/h2>\n<p data-start=\"3601\" data-end=\"3907\">ECPLA L-Tartrat online kaufen von einer zuverl\u00e4ssigen Forschungsquelle ist die beste Wahl f\u00fcr Wissenschaftler, die Reinheit, Sicherheit und Zuverl\u00e4ssigkeit suchen. Wer ECPLA L-Tartrate online kaufen m\u00f6chte, sollte ausschlie\u00dflich auf vertrauensw\u00fcrdige Quellen setzen, die transparente Qualit\u00e4tsstandards bieten.<\/p>\n<p data-start=\"3909\" data-end=\"4089\">Mit einem seri\u00f6sen Anbieter sichern Sie sich nicht nur den besten ECPLA L-Tartrat-Preis, sondern auch die Gewissheit, dass Ihre Forschung auf verl\u00e4sslichem Material basiert.<\/p>","protected":false},"excerpt":{"rendered":"<p><strong>ECPLA L-Tartrate<\/strong> est un produit chimique de recherche synth\u00e9tique issu de la <strong>Classe de tryptamine<\/strong>qui est souvent \u00e9tudi\u00e9e pour ses effets psych\u00e9d\u00e9liques potentiels. Structurellement apparent\u00e9e \u00e0 d'autres compos\u00e9s s\u00e9rotoninergiques, elle interagit probablement avec <strong>R\u00e9cepteurs de la s\u00e9rotonine<\/strong> dans le cerveau, ce qui peut entra\u00eener une modification des perceptions sensorielles et des exp\u00e9riences \u00e9motionnelles. L'ECPLA L-Tartrate n'est pas autoris\u00e9 pour la consommation humaine et est utilis\u00e9 exclusivement dans la recherche en laboratoire.<\/p>\n<h3><strong>Faits importants<\/strong><\/h3>\n<p><strong>Classe chimique<\/strong>: tryptamine<br \/>\n<strong>Effet<\/strong>: modification de la perception sensorielle, am\u00e9lioration potentielle de l'humeur, introspection<br \/>\n<strong>D\u00e9but de l'effet<\/strong>: donn\u00e9es limit\u00e9es, mais l'effet est suppos\u00e9 se produire dans les 30 \u00e0 60 minutes (en cas d'utilisation pour la recherche).<br \/>\n<strong>Dur\u00e9e<\/strong>: Estim\u00e9 \u00e0 4-8 heures sur la base d'analogues structuraux<\/p>","protected":false},"featured_media":960,"comment_status":"open","ping_status":"closed","template":"","meta":{"_joinchat":[]},"product_brand":[],"product_cat":[56],"product_tag":[2602,2597,2599,2596,2598,2601,2603,2600,2015],"class_list":{"0":"post-959","1":"product","2":"type-product","3":"status-publish","4":"has-post-thumbnail","6":"product_cat-opioids","7":"product_tag-ecpla-chemikalien","8":"product_tag-ecpla-kaufen","9":"product_tag-ecpla-kristalle","10":"product_tag-ecpla-l-tartrat","11":"product_tag-ecpla-l-tartrate-kaufen","12":"product_tag-ecpla-online-kaufen","13":"product_tag-ecpla-preis","14":"product_tag-l-tartrate-kaufen","15":"product_tag-synthetische-drogen","17":"first","18":"instock","19":"shipping-taxable","20":"purchasable","21":"product-type-variable"},"yoast_head":"<!-- This site is optimized with the Yoast SEO plugin v26.1.1 - https:\/\/yoast.com\/wordpress\/plugins\/seo\/ -->\n<title>ECPLA L-Tartrate Kaufen \u2013 H\u00f6chste Qualit\u00e4t | Chemgramx<\/title>\n<meta name=\"description\" content=\"Kaufen Sie ECPLA L-Tartrate Pulver online bei Chemgramx. Laborgepr\u00fcft, \u226599% Reinheit, schnelle Lieferung und faire Preise. Jetzt bestellen!\" \/>\n<meta name=\"robots\" content=\"index, follow, max-snippet:-1, max-image-preview:large, max-video-preview:-1\" \/>\n<link rel=\"canonical\" href=\"https:\/\/chemgramx.com\/fr\/produit\/ecpla-l-tartrate\/\" \/>\n<meta property=\"og:locale\" content=\"fr_FR\" \/>\n<meta property=\"og:type\" content=\"article\" \/>\n<meta property=\"og:title\" content=\"ECPLA L-Tartrate Kaufen \u2013 H\u00f6chste Qualit\u00e4t | Chemgramx\" \/>\n<meta property=\"og:description\" content=\"Kaufen Sie ECPLA L-Tartrate Pulver online bei Chemgramx. Laborgepr\u00fcft, \u226599% Reinheit, schnelle Lieferung und faire Preise. Jetzt bestellen!\" \/>\n<meta property=\"og:url\" content=\"https:\/\/chemgramx.com\/fr\/produit\/ecpla-l-tartrate\/\" \/>\n<meta property=\"og:site_name\" content=\"Chemgramx\" \/>\n<meta property=\"article:modified_time\" content=\"2025-10-17T09:01:09+00:00\" \/>\n<meta property=\"og:image\" content=\"https:\/\/chemgramx.com\/wp-content\/uploads\/2024\/11\/Buy-ECPLA-L-tartrate-online.webp\" \/>\n\t<meta property=\"og:image:width\" content=\"800\" \/>\n\t<meta property=\"og:image:height\" content=\"600\" \/>\n\t<meta property=\"og:image:type\" content=\"image\/webp\" \/>\n<meta name=\"twitter:card\" content=\"summary_large_image\" \/>\n<meta name=\"twitter:label1\" content=\"Dur\u00e9e de lecture estim\u00e9e\" \/>\n\t<meta name=\"twitter:data1\" content=\"3 minutes\" \/>\n<script type=\"application\/ld+json\" class=\"yoast-schema-graph\">{\"@context\":\"https:\/\/schema.org\",\"@graph\":[{\"@type\":\"WebPage\",\"@id\":\"https:\/\/chemgramx.com\/product\/ecpla-l-tartrate\/\",\"url\":\"https:\/\/chemgramx.com\/product\/ecpla-l-tartrate\/\",\"name\":\"ECPLA L-Tartrate Kaufen \u2013 H\u00f6chste Qualit\u00e4t | Chemgramx\",\"isPartOf\":{\"@id\":\"https:\/\/chemgramx.com\/#website\"},\"primaryImageOfPage\":{\"@id\":\"https:\/\/chemgramx.com\/product\/ecpla-l-tartrate\/#primaryimage\"},\"image\":{\"@id\":\"https:\/\/chemgramx.com\/product\/ecpla-l-tartrate\/#primaryimage\"},\"thumbnailUrl\":\"https:\/\/chemgramx.com\/wp-content\/uploads\/2024\/11\/Buy-ECPLA-L-tartrate-online.webp\",\"datePublished\":\"2024-11-20T00:00:32+00:00\",\"dateModified\":\"2025-10-17T09:01:09+00:00\",\"description\":\"Kaufen Sie ECPLA L-Tartrate Pulver online bei Chemgramx. Laborgepr\u00fcft, \u226599% Reinheit, schnelle Lieferung und faire Preise. Jetzt bestellen!\",\"breadcrumb\":{\"@id\":\"https:\/\/chemgramx.com\/product\/ecpla-l-tartrate\/#breadcrumb\"},\"inLanguage\":\"fr-FR\",\"potentialAction\":[{\"@type\":\"ReadAction\",\"target\":[\"https:\/\/chemgramx.com\/product\/ecpla-l-tartrate\/\"]}]},{\"@type\":\"ImageObject\",\"inLanguage\":\"fr-FR\",\"@id\":\"https:\/\/chemgramx.com\/product\/ecpla-l-tartrate\/#primaryimage\",\"url\":\"https:\/\/chemgramx.com\/wp-content\/uploads\/2024\/11\/Buy-ECPLA-L-tartrate-online.webp\",\"contentUrl\":\"https:\/\/chemgramx.com\/wp-content\/uploads\/2024\/11\/Buy-ECPLA-L-tartrate-online.webp\",\"width\":800,\"height\":600,\"caption\":\"ECPLA L-Tartrate kaufen\"},{\"@type\":\"BreadcrumbList\",\"@id\":\"https:\/\/chemgramx.com\/product\/ecpla-l-tartrate\/#breadcrumb\",\"itemListElement\":[{\"@type\":\"ListItem\",\"position\":1,\"name\":\"Home\",\"item\":\"https:\/\/chemgramx.com\/\"},{\"@type\":\"ListItem\",\"position\":2,\"name\":\"Shop\",\"item\":\"https:\/\/chemgramx.com\/shop\/\"},{\"@type\":\"ListItem\",\"position\":3,\"name\":\"ECPLA L-Tartrate online kaufen\"}]},{\"@type\":\"WebSite\",\"@id\":\"https:\/\/chemgramx.com\/#website\",\"url\":\"https:\/\/chemgramx.com\/\",\"name\":\"Chemgramx\",\"description\":\"\",\"publisher\":{\"@id\":\"https:\/\/chemgramx.com\/#organization\"},\"potentialAction\":[{\"@type\":\"SearchAction\",\"target\":{\"@type\":\"EntryPoint\",\"urlTemplate\":\"https:\/\/chemgramx.com\/?s={search_term_string}\"},\"query-input\":{\"@type\":\"PropertyValueSpecification\",\"valueRequired\":true,\"valueName\":\"search_term_string\"}}],\"inLanguage\":\"fr-FR\"},{\"@type\":\"Organization\",\"@id\":\"https:\/\/chemgramx.com\/#organization\",\"name\":\"Chemgramx\",\"url\":\"https:\/\/chemgramx.com\/\",\"logo\":{\"@type\":\"ImageObject\",\"inLanguage\":\"fr-FR\",\"@id\":\"https:\/\/chemgramx.com\/#\/schema\/logo\/image\/\",\"url\":\"https:\/\/chemgramx.com\/wp-content\/uploads\/2024\/10\/final-logo.png\",\"contentUrl\":\"https:\/\/chemgramx.com\/wp-content\/uploads\/2024\/10\/final-logo.png\",\"width\":250,\"height\":48,\"caption\":\"Chemgramx\"},\"image\":{\"@id\":\"https:\/\/chemgramx.com\/#\/schema\/logo\/image\/\"}}]}<\/script>\n<!-- \/ Yoast SEO plugin. -->","yoast_head_json":{"title":"ECPLA L-Tartrate Kaufen \u2013 H\u00f6chste Qualit\u00e4t | Chemgramx","description":"Kaufen Sie ECPLA L-Tartrate Pulver online bei Chemgramx. Laborgepr\u00fcft, \u226599% Reinheit, schnelle Lieferung und faire Preise. Jetzt bestellen!","robots":{"index":"index","follow":"follow","max-snippet":"max-snippet:-1","max-image-preview":"max-image-preview:large","max-video-preview":"max-video-preview:-1"},"canonical":"https:\/\/chemgramx.com\/fr\/produit\/ecpla-l-tartrate\/","og_locale":"fr_FR","og_type":"article","og_title":"ECPLA L-Tartrate Kaufen \u2013 H\u00f6chste Qualit\u00e4t | Chemgramx","og_description":"Kaufen Sie ECPLA L-Tartrate Pulver online bei Chemgramx. Laborgepr\u00fcft, \u226599% Reinheit, schnelle Lieferung und faire Preise. Jetzt bestellen!","og_url":"https:\/\/chemgramx.com\/fr\/produit\/ecpla-l-tartrate\/","og_site_name":"Chemgramx","article_modified_time":"2025-10-17T09:01:09+00:00","og_image":[{"width":800,"height":600,"url":"https:\/\/chemgramx.com\/wp-content\/uploads\/2024\/11\/Buy-ECPLA-L-tartrate-online.webp","type":"image\/webp"}],"twitter_card":"summary_large_image","twitter_misc":{"Dur\u00e9e de lecture estim\u00e9e":"3 minutes"},"schema":{"@context":"https:\/\/schema.org","@graph":[{"@type":"WebPage","@id":"https:\/\/chemgramx.com\/product\/ecpla-l-tartrate\/","url":"https:\/\/chemgramx.com\/product\/ecpla-l-tartrate\/","name":"ECPLA L-Tartrate Kaufen \u2013 H\u00f6chste Qualit\u00e4t | Chemgramx","isPartOf":{"@id":"https:\/\/chemgramx.com\/#website"},"primaryImageOfPage":{"@id":"https:\/\/chemgramx.com\/product\/ecpla-l-tartrate\/#primaryimage"},"image":{"@id":"https:\/\/chemgramx.com\/product\/ecpla-l-tartrate\/#primaryimage"},"thumbnailUrl":"https:\/\/chemgramx.com\/wp-content\/uploads\/2024\/11\/Buy-ECPLA-L-tartrate-online.webp","datePublished":"2024-11-20T00:00:32+00:00","dateModified":"2025-10-17T09:01:09+00:00","description":"Kaufen Sie ECPLA L-Tartrate Pulver online bei Chemgramx. Laborgepr\u00fcft, \u226599% Reinheit, schnelle Lieferung und faire Preise. Jetzt bestellen!","breadcrumb":{"@id":"https:\/\/chemgramx.com\/product\/ecpla-l-tartrate\/#breadcrumb"},"inLanguage":"fr-FR","potentialAction":[{"@type":"ReadAction","target":["https:\/\/chemgramx.com\/product\/ecpla-l-tartrate\/"]}]},{"@type":"ImageObject","inLanguage":"fr-FR","@id":"https:\/\/chemgramx.com\/product\/ecpla-l-tartrate\/#primaryimage","url":"https:\/\/chemgramx.com\/wp-content\/uploads\/2024\/11\/Buy-ECPLA-L-tartrate-online.webp","contentUrl":"https:\/\/chemgramx.com\/wp-content\/uploads\/2024\/11\/Buy-ECPLA-L-tartrate-online.webp","width":800,"height":600,"caption":"ECPLA L-Tartrate kaufen"},{"@type":"BreadcrumbList","@id":"https:\/\/chemgramx.com\/product\/ecpla-l-tartrate\/#breadcrumb","itemListElement":[{"@type":"ListItem","position":1,"name":"Home","item":"https:\/\/chemgramx.com\/"},{"@type":"ListItem","position":2,"name":"Shop","item":"https:\/\/chemgramx.com\/shop\/"},{"@type":"ListItem","position":3,"name":"ECPLA L-Tartrate online kaufen"}]},{"@type":"WebSite","@id":"https:\/\/chemgramx.com\/#website","url":"https:\/\/chemgramx.com\/","name":"Chemgramx","description":"","publisher":{"@id":"https:\/\/chemgramx.com\/#organization"},"potentialAction":[{"@type":"SearchAction","target":{"@type":"EntryPoint","urlTemplate":"https:\/\/chemgramx.com\/?s={search_term_string}"},"query-input":{"@type":"PropertyValueSpecification","valueRequired":true,"valueName":"search_term_string"}}],"inLanguage":"fr-FR"},{"@type":"Organization","@id":"https:\/\/chemgramx.com\/#organization","name":"Chemgramx","url":"https:\/\/chemgramx.com\/","logo":{"@type":"ImageObject","inLanguage":"fr-FR","@id":"https:\/\/chemgramx.com\/#\/schema\/logo\/image\/","url":"https:\/\/chemgramx.com\/wp-content\/uploads\/2024\/10\/final-logo.png","contentUrl":"https:\/\/chemgramx.com\/wp-content\/uploads\/2024\/10\/final-logo.png","width":250,"height":48,"caption":"Chemgramx"},"image":{"@id":"https:\/\/chemgramx.com\/#\/schema\/logo\/image\/"}}]}},"_links":{"self":[{"href":"https:\/\/chemgramx.com\/fr\/wp-json\/wp\/v2\/product\/959","targetHints":{"allow":["GET"]}}],"collection":[{"href":"https:\/\/chemgramx.com\/fr\/wp-json\/wp\/v2\/product"}],"about":[{"href":"https:\/\/chemgramx.com\/fr\/wp-json\/wp\/v2\/types\/product"}],"replies":[{"embeddable":true,"href":"https:\/\/chemgramx.com\/fr\/wp-json\/wp\/v2\/comments?post=959"}],"wp:featuredmedia":[{"embeddable":true,"href":"https:\/\/chemgramx.com\/fr\/wp-json\/wp\/v2\/media\/960"}],"wp:attachment":[{"href":"https:\/\/chemgramx.com\/fr\/wp-json\/wp\/v2\/media?parent=959"}],"wp:term":[{"taxonomy":"product_brand","embeddable":true,"href":"https:\/\/chemgramx.com\/fr\/wp-json\/wp\/v2\/product_brand?post=959"},{"taxonomy":"product_cat","embeddable":true,"href":"https:\/\/chemgramx.com\/fr\/wp-json\/wp\/v2\/product_cat?post=959"},{"taxonomy":"product_tag","embeddable":true,"href":"https:\/\/chemgramx.com\/fr\/wp-json\/wp\/v2\/product_tag?post=959"}],"curies":[{"name":"wp","href":"https:\/\/api.w.org\/{rel}","templated":true}]}}