{"id":964,"date":"2024-11-20T12:01:05","date_gmt":"2024-11-20T12:01:05","guid":{"rendered":"https:\/\/chemgramx.com\/?post_type=product&#038;p=964"},"modified":"2025-10-17T11:25:44","modified_gmt":"2025-10-17T11:25:44","slug":"ndtdi-ergoline-online","status":"publish","type":"product","link":"https:\/\/chemgramx.com\/fr\/produit\/ndtdi-ergoline-online\/","title":{"rendered":"Acheter NDTDI (Ergoline) en ligne"},"content":{"rendered":"<h2 data-start=\"180\" data-end=\"250\">Achetez NDTDI (Ergoline) en ligne \u2013 Test\u00e9 en laboratoire et de la plus haute qualit\u00e9<\/h2>\n<h2 data-start=\"252\" data-end=\"267\">invoering<\/h2>\n<p data-start=\"268\" data-end=\"734\">Achetez NDTDI (Ergoline) en ligne \u2013 Test\u00e9 en laboratoire et de la plus haute qualit\u00e9 <a href=\"https:\/\/chemgramx.com\/fr\/produit\/ndtdi-ergoline-online\/\">Acheter NDTDI (Ergoline) en ligne<\/a>Ce d\u00e9riv\u00e9 chimique de la famille de l'ergoline est l'un des nouveaux compos\u00e9s psych\u00e9d\u00e9liques qui suscitent actuellement de vifs d\u00e9bats dans les milieux scientifiques. Que ce soit comme alternative aux hallucinog\u00e8nes classiques ou dans le cadre d'analyses chimiques, le NDTDI (ergoline) disponible \u00e0 la vente est une mol\u00e9cule tr\u00e8s int\u00e9ressante pour les travaux scientifiques.<\/p>\n<h3 data-start=\"736\" data-end=\"776\">Bref aper\u00e7u du NDTDI (Ergoline)<\/h3>\n<p data-start=\"777\" data-end=\"1173\"><a href=\"https:\/\/en.wikipedia.org\/wiki\/NDTDI\">NDTDI<\/a> (Ergoline) online kaufen geh\u00f6rt zur Ergolin-Klasse, einer Gruppe von Verbindungen, die strukturell mit bekannten Substanzen wie LSD verwandt sind. Es weist potenziell halluzinogene Eigenschaften auf, wird jedoch ausschlie\u00dflich zu Forschungszwecken erworben. Derzeit befindet sich NDTDI in vielen L\u00e4ndern in einer rechtlichen Grauzone, was das Interesse am Online-Kauf deutlich verst\u00e4rkt.<\/p>\n<h3 data-start=\"1175\" data-end=\"1239\">Pourquoi les gens recherchent \u00ab\u00a0acheter NDTDI (Ergoline) en ligne\u00a0\u00bb<\/h3>\n<p data-start=\"1240\" data-end=\"1311\">La demande croissante peut \u00eatre attribu\u00e9e \u00e0 plusieurs facteurs :<\/p>\n<ul data-start=\"1313\" data-end=\"1648\">\n<li data-start=\"1313\" data-end=\"1355\">\n<p data-start=\"1315\" data-end=\"1355\">Wissenschaftliche Neugier und Analysen<\/p>\n<\/li>\n<li data-start=\"1356\" data-end=\"1406\">\n<p data-start=\"1358\" data-end=\"1406\">Schwierige Verf\u00fcgbarkeit im station\u00e4ren Handel<\/p>\n<\/li>\n<li data-start=\"1407\" data-end=\"1471\">\n<p data-start=\"1409\" data-end=\"1471\">Einfache und sichere M\u00f6glichkeit, order NDTDI (Ergoline)<\/p>\n<\/li>\n<li data-start=\"1472\" data-end=\"1529\">\n<p data-start=\"1474\" data-end=\"1529\">Suche nach einem g\u00fcnstigen NDTDI (Ergoline) Preis<\/p>\n<\/li>\n<li data-start=\"1530\" data-end=\"1648\">\n<p data-start=\"1532\" data-end=\"1648\">Acc\u00e8s aux revendeurs internationaux et aux magasins sp\u00e9cialis\u00e9s lorsque vous envisagez d'acheter du NDTDI (Ergoline)<\/p>\n<\/li>\n<\/ul>\n<h3 data-start=\"1650\" data-end=\"1680\">Qu'est-ce que le NDTDI (Ergoline) ?<\/h3>\n<p data-start=\"1681\" data-end=\"1958\">NDTDI d\u00e9signe un d\u00e9riv\u00e9 de la N,N-di\u00e9thyltryptamine de la famille des ergolines. Il s'agit d'un compos\u00e9 chimique nouvellement synth\u00e9tis\u00e9 au potentiel psych\u00e9d\u00e9lique. Cette substance n'est pas destin\u00e9e \u00e0 la consommation humaine, mais est utilis\u00e9e exclusivement en laboratoire.<\/p>\n<h3 data-start=\"1960\" data-end=\"2006\">Effets et bienfaits du NDTDI (Ergoline)<\/h3>\n<p data-start=\"2007\" data-end=\"2104\">Forscher berichten \u00fcber folgende Eigenschaften von NDTDI (Ergoline) zu verkaufen in Labortests:<\/p>\n<ul data-start=\"2106\" data-end=\"2274\">\n<li data-start=\"2106\" data-end=\"2149\">\n<p data-start=\"2108\" data-end=\"2149\">Ver\u00e4nderung visueller Muster in Studien<\/p>\n<\/li>\n<li data-start=\"2150\" data-end=\"2198\">\n<p data-start=\"2152\" data-end=\"2198\">Potenzial f\u00fcr neuropharmakologische Analysen<\/p>\n<\/li>\n<li data-start=\"2199\" data-end=\"2274\">\n<p data-start=\"2201\" data-end=\"2274\">Interessante molekulare Struktur f\u00fcr weiterf\u00fchrende chemische Forschung<\/p>\n<\/li>\n<\/ul>\n<h3 data-start=\"2276\" data-end=\"2318\">Pourquoi les gens recherchent \u00ab\u00a0acheter NDTDI (Ergoline) en ligne\u00a0\u00bb<\/h3>\n<p data-start=\"2319\" data-end=\"2394\">Einige Gr\u00fcnde, warum Forscher NDTDI (Ergoline) online kaufen bevorzugen:<\/p>\n<ul data-start=\"2396\" data-end=\"2622\">\n<li data-start=\"2396\" data-end=\"2434\">\n<p data-start=\"2398\" data-end=\"2434\">Gro\u00dfe Auswahl an Mengen und Formen<\/p>\n<\/li>\n<li data-start=\"2435\" data-end=\"2509\">\n<p data-start=\"2437\" data-end=\"2509\">Attraktiver NDTDI (Ergoline) Preis im Vergleich zu anderen Quellen<\/p>\n<\/li>\n<li data-start=\"2510\" data-end=\"2555\">\n<p data-start=\"2512\" data-end=\"2555\">Emballage discret et exp\u00e9dition rapide<\/p>\n<\/li>\n<li data-start=\"2556\" data-end=\"2622\">\n<p data-start=\"2558\" data-end=\"2622\">Zugang zu internationalen M\u00e4rkten und spezialisierten H\u00e4ndlern<\/p>\n<\/li>\n<\/ul>\n<h3 data-start=\"2624\" data-end=\"2680\">Est-il l\u00e9gal de commander du NDTDI (Ergoline) en ligne ?<\/h3>\n<p data-start=\"2681\" data-end=\"3004\">Die rechtliche Lage variiert stark je nach Land. In Deutschland ist NDTDI (Ergoline) online kaufen aktuell nicht explizit gelistet, k\u00f6nnte jedoch unter Analogs\u00e4tze fallen. In der EU und den USA gelten \u00e4hnliche Unsicherheiten. Deshalb sollte vor jeder Bestellung gepr\u00fcft werden, ob das Produkt legal erworben werden darf.<\/p>\n<h3 data-start=\"3006\" data-end=\"3059\">Meilleurs endroits pour acheter du NDTDI (Ergoline) en ligne<\/h3>\n<p data-start=\"3060\" data-end=\"3139\">Das bester Ort, um NDTDI (Ergoline) online zu kaufen erf\u00fcllt folgende Kriterien:<\/p>\n<ul data-start=\"3141\" data-end=\"3313\">\n<li data-start=\"3141\" data-end=\"3186\">\n<p data-start=\"3143\" data-end=\"3186\">Zertifizierte Labore mit Analyseberichten<\/p>\n<\/li>\n<li data-start=\"3187\" data-end=\"3217\">\n<p data-start=\"3189\" data-end=\"3217\">Avis clients positifs<\/p>\n<\/li>\n<li data-start=\"3218\" data-end=\"3262\">\n<p data-start=\"3220\" data-end=\"3262\">Diskrete Bezahlung und schneller Versand<\/p>\n<\/li>\n<li data-start=\"3263\" data-end=\"3313\">\n<p data-start=\"3265\" data-end=\"3313\">Faire Preise f\u00fcr NDTDI (Ergoline) for sale<\/p>\n<\/li>\n<\/ul>\n<h3 data-start=\"3315\" data-end=\"3325\">Conclusion<\/h3>\n<p data-start=\"3326\" data-end=\"3637\">NDTDI (Ergoline) online kaufen von einer zuverl\u00e4ssigen Forschungsquelle\u2013 das ist der Schl\u00fcssel, wenn Sie Wert auf gepr\u00fcfte Qualit\u00e4t und sichere Abwicklung legen. Chemiker und Forscher weltweit nutzen die M\u00f6glichkeit, order NDTDI (Ergoline) \u00fcber seri\u00f6se H\u00e4ndler, die h\u00f6chste Reinheit und faire Preise garantieren.<\/p>\n<p data-start=\"3639\" data-end=\"3916\">Wer NDTDI (Ergoline) online kaufen m\u00f6chte, sollte auf gepr\u00fcfte Anbieter achten, die Transparenz, Sicherheit und Reinheit gew\u00e4hrleisten. So sichern Sie sich hochwertige Substanzen f\u00fcr wissenschaftliche Analysen und erhalten gleichzeitig den besten NDTDI (Ergoline) price.<\/p>","protected":false},"excerpt":{"rendered":"<p><strong>NDTDI<\/strong> est un compos\u00e9 synth\u00e9tique appartenant \u00e0 la famille des <strong>classe ergoline et tryptamine<\/strong>, structurellement li\u00e9 \u00e0 <strong>LSD<\/strong>. Il a \u00e9t\u00e9 identifi\u00e9 pour la premi\u00e8re fois en 2017 dans des laboratoires m\u00e9dico-l\u00e9gaux et est consid\u00e9r\u00e9 comme un m\u00e9dicament de conception avec des effets probables sur la sant\u00e9. <strong>agoniste du r\u00e9cepteur de la s\u00e9rotonine<\/strong> l'activit\u00e9 de la drogue. Ses effets sont cens\u00e9s \u00eatre similaires \u00e0 ceux du LSD, mais avec une puissance r\u00e9duite. En raison d'une recherche limit\u00e9e, les propri\u00e9t\u00e9s pharmacologiques et les effets \u00e0 long terme du NDTDI restent largement inconnus.<\/p>\n<h3><strong>Faits cl\u00e9s<\/strong><\/h3>\n<p><strong>Classe chimique<\/strong>: Tryptamine \/ Ergoline d\u00e9riv\u00e9<br \/>\n<strong>Effets<\/strong>: Effets psych\u00e9d\u00e9liques, perception alt\u00e9r\u00e9e, hallucinations l\u00e9g\u00e8res<br \/>\n<strong>Onset<\/strong>: Estim\u00e9 \u00e0 30-60 minutes (sur la base des compos\u00e9s associ\u00e9s)<br \/>\n<strong>Duration<\/strong>: Likely 6-10 hours<\/p>","protected":false},"featured_media":965,"comment_status":"open","ping_status":"closed","template":"","meta":{"_joinchat":[]},"product_brand":[],"product_cat":[56],"product_tag":[2578,2581,2575,2574,2576,2577,2580,2579,2015],"class_list":{"0":"post-964","1":"product","2":"type-product","3":"status-publish","4":"has-post-thumbnail","6":"product_cat-opioids","7":"product_tag-ergoline-chemikalien","8":"product_tag-ergoline-drogen","9":"product_tag-ergoline-kaufen","10":"product_tag-ndtdi-kaufen","11":"product_tag-ndtdi-kristalle","12":"product_tag-ndtdi-online-kaufen","13":"product_tag-ndtdi-preis","14":"product_tag-ndtdi-prodej","15":"product_tag-synthetische-drogen","17":"first","18":"instock","19":"shipping-taxable","20":"purchasable","21":"product-type-variable"},"yoast_head":"<!-- This site is optimized with the Yoast SEO plugin v26.1.1 - https:\/\/yoast.com\/wordpress\/plugins\/seo\/ -->\n<title>Buy NDTDI (Ergoline) Online \u2013 High Quality | StreetFarma<\/title>\n<meta name=\"description\" content=\"Purchase NDTDI (Ergoline) powder online at StreetFarma. Lab-tested, \u226599% purity, fast shipping, and competitive prices. Order today!\" \/>\n<meta name=\"robots\" content=\"index, follow, max-snippet:-1, max-image-preview:large, max-video-preview:-1\" \/>\n<link rel=\"canonical\" href=\"https:\/\/chemgramx.com\/fr\/produit\/ndtdi-ergoline-online\/\" \/>\n<meta property=\"og:locale\" content=\"fr_FR\" \/>\n<meta property=\"og:type\" content=\"article\" \/>\n<meta property=\"og:title\" content=\"Buy NDTDI (Ergoline) Online \u2013 High Quality | StreetFarma\" \/>\n<meta property=\"og:description\" content=\"Purchase NDTDI (Ergoline) powder online at StreetFarma. Lab-tested, \u226599% purity, fast shipping, and competitive prices. Order today!\" \/>\n<meta property=\"og:url\" content=\"https:\/\/chemgramx.com\/fr\/produit\/ndtdi-ergoline-online\/\" \/>\n<meta property=\"og:site_name\" content=\"Chemgramx\" \/>\n<meta property=\"article:modified_time\" content=\"2025-10-17T11:25:44+00:00\" \/>\n<meta property=\"og:image\" content=\"https:\/\/chemgramx.com\/wp-content\/uploads\/2024\/11\/Buy-NDTDI-online-1.webp\" \/>\n\t<meta property=\"og:image:width\" content=\"600\" \/>\n\t<meta property=\"og:image:height\" content=\"600\" \/>\n\t<meta property=\"og:image:type\" content=\"image\/webp\" \/>\n<meta name=\"twitter:card\" content=\"summary_large_image\" \/>\n<meta name=\"twitter:label1\" content=\"Dur\u00e9e de lecture estim\u00e9e\" \/>\n\t<meta name=\"twitter:data1\" content=\"3 minutes\" \/>\n<script type=\"application\/ld+json\" class=\"yoast-schema-graph\">{\"@context\":\"https:\/\/schema.org\",\"@graph\":[{\"@type\":\"WebPage\",\"@id\":\"https:\/\/chemgramx.com\/product\/ndtdi-ergoline-online\/\",\"url\":\"https:\/\/chemgramx.com\/product\/ndtdi-ergoline-online\/\",\"name\":\"Buy NDTDI (Ergoline) Online \u2013 High Quality | StreetFarma\",\"isPartOf\":{\"@id\":\"https:\/\/chemgramx.com\/#website\"},\"primaryImageOfPage\":{\"@id\":\"https:\/\/chemgramx.com\/product\/ndtdi-ergoline-online\/#primaryimage\"},\"image\":{\"@id\":\"https:\/\/chemgramx.com\/product\/ndtdi-ergoline-online\/#primaryimage\"},\"thumbnailUrl\":\"https:\/\/chemgramx.com\/wp-content\/uploads\/2024\/11\/Buy-NDTDI-online-1.webp\",\"datePublished\":\"2024-11-20T12:01:05+00:00\",\"dateModified\":\"2025-10-17T11:25:44+00:00\",\"description\":\"Purchase NDTDI (Ergoline) powder online at StreetFarma. Lab-tested, \u226599% purity, fast shipping, and competitive prices. Order today!\",\"breadcrumb\":{\"@id\":\"https:\/\/chemgramx.com\/product\/ndtdi-ergoline-online\/#breadcrumb\"},\"inLanguage\":\"fr-FR\",\"potentialAction\":[{\"@type\":\"ReadAction\",\"target\":[\"https:\/\/chemgramx.com\/product\/ndtdi-ergoline-online\/\"]}]},{\"@type\":\"ImageObject\",\"inLanguage\":\"fr-FR\",\"@id\":\"https:\/\/chemgramx.com\/product\/ndtdi-ergoline-online\/#primaryimage\",\"url\":\"https:\/\/chemgramx.com\/wp-content\/uploads\/2024\/11\/Buy-NDTDI-online-1.webp\",\"contentUrl\":\"https:\/\/chemgramx.com\/wp-content\/uploads\/2024\/11\/Buy-NDTDI-online-1.webp\",\"width\":600,\"height\":600,\"caption\":\"NDTDI (Ergoline) Online\"},{\"@type\":\"BreadcrumbList\",\"@id\":\"https:\/\/chemgramx.com\/product\/ndtdi-ergoline-online\/#breadcrumb\",\"itemListElement\":[{\"@type\":\"ListItem\",\"position\":1,\"name\":\"Home\",\"item\":\"https:\/\/chemgramx.com\/\"},{\"@type\":\"ListItem\",\"position\":2,\"name\":\"Shop\",\"item\":\"https:\/\/chemgramx.com\/shop\/\"},{\"@type\":\"ListItem\",\"position\":3,\"name\":\"NDTDI (Ergoline) online kaufen\"}]},{\"@type\":\"WebSite\",\"@id\":\"https:\/\/chemgramx.com\/#website\",\"url\":\"https:\/\/chemgramx.com\/\",\"name\":\"Chemgramx\",\"description\":\"\",\"publisher\":{\"@id\":\"https:\/\/chemgramx.com\/#organization\"},\"potentialAction\":[{\"@type\":\"SearchAction\",\"target\":{\"@type\":\"EntryPoint\",\"urlTemplate\":\"https:\/\/chemgramx.com\/?s={search_term_string}\"},\"query-input\":{\"@type\":\"PropertyValueSpecification\",\"valueRequired\":true,\"valueName\":\"search_term_string\"}}],\"inLanguage\":\"fr-FR\"},{\"@type\":\"Organization\",\"@id\":\"https:\/\/chemgramx.com\/#organization\",\"name\":\"Chemgramx\",\"url\":\"https:\/\/chemgramx.com\/\",\"logo\":{\"@type\":\"ImageObject\",\"inLanguage\":\"fr-FR\",\"@id\":\"https:\/\/chemgramx.com\/#\/schema\/logo\/image\/\",\"url\":\"https:\/\/chemgramx.com\/wp-content\/uploads\/2024\/10\/final-logo.png\",\"contentUrl\":\"https:\/\/chemgramx.com\/wp-content\/uploads\/2024\/10\/final-logo.png\",\"width\":250,\"height\":48,\"caption\":\"Chemgramx\"},\"image\":{\"@id\":\"https:\/\/chemgramx.com\/#\/schema\/logo\/image\/\"}}]}<\/script>\n<!-- \/ Yoast SEO plugin. -->","yoast_head_json":{"title":"Buy NDTDI (Ergoline) Online \u2013 High Quality | StreetFarma","description":"Purchase NDTDI (Ergoline) powder online at StreetFarma. Lab-tested, \u226599% purity, fast shipping, and competitive prices. Order today!","robots":{"index":"index","follow":"follow","max-snippet":"max-snippet:-1","max-image-preview":"max-image-preview:large","max-video-preview":"max-video-preview:-1"},"canonical":"https:\/\/chemgramx.com\/fr\/produit\/ndtdi-ergoline-online\/","og_locale":"fr_FR","og_type":"article","og_title":"Buy NDTDI (Ergoline) Online \u2013 High Quality | StreetFarma","og_description":"Purchase NDTDI (Ergoline) powder online at StreetFarma. Lab-tested, \u226599% purity, fast shipping, and competitive prices. Order today!","og_url":"https:\/\/chemgramx.com\/fr\/produit\/ndtdi-ergoline-online\/","og_site_name":"Chemgramx","article_modified_time":"2025-10-17T11:25:44+00:00","og_image":[{"width":600,"height":600,"url":"https:\/\/chemgramx.com\/wp-content\/uploads\/2024\/11\/Buy-NDTDI-online-1.webp","type":"image\/webp"}],"twitter_card":"summary_large_image","twitter_misc":{"Dur\u00e9e de lecture estim\u00e9e":"3 minutes"},"schema":{"@context":"https:\/\/schema.org","@graph":[{"@type":"WebPage","@id":"https:\/\/chemgramx.com\/product\/ndtdi-ergoline-online\/","url":"https:\/\/chemgramx.com\/product\/ndtdi-ergoline-online\/","name":"Buy NDTDI (Ergoline) Online \u2013 High Quality | StreetFarma","isPartOf":{"@id":"https:\/\/chemgramx.com\/#website"},"primaryImageOfPage":{"@id":"https:\/\/chemgramx.com\/product\/ndtdi-ergoline-online\/#primaryimage"},"image":{"@id":"https:\/\/chemgramx.com\/product\/ndtdi-ergoline-online\/#primaryimage"},"thumbnailUrl":"https:\/\/chemgramx.com\/wp-content\/uploads\/2024\/11\/Buy-NDTDI-online-1.webp","datePublished":"2024-11-20T12:01:05+00:00","dateModified":"2025-10-17T11:25:44+00:00","description":"Purchase NDTDI (Ergoline) powder online at StreetFarma. Lab-tested, \u226599% purity, fast shipping, and competitive prices. Order today!","breadcrumb":{"@id":"https:\/\/chemgramx.com\/product\/ndtdi-ergoline-online\/#breadcrumb"},"inLanguage":"fr-FR","potentialAction":[{"@type":"ReadAction","target":["https:\/\/chemgramx.com\/product\/ndtdi-ergoline-online\/"]}]},{"@type":"ImageObject","inLanguage":"fr-FR","@id":"https:\/\/chemgramx.com\/product\/ndtdi-ergoline-online\/#primaryimage","url":"https:\/\/chemgramx.com\/wp-content\/uploads\/2024\/11\/Buy-NDTDI-online-1.webp","contentUrl":"https:\/\/chemgramx.com\/wp-content\/uploads\/2024\/11\/Buy-NDTDI-online-1.webp","width":600,"height":600,"caption":"NDTDI (Ergoline) Online"},{"@type":"BreadcrumbList","@id":"https:\/\/chemgramx.com\/product\/ndtdi-ergoline-online\/#breadcrumb","itemListElement":[{"@type":"ListItem","position":1,"name":"Home","item":"https:\/\/chemgramx.com\/"},{"@type":"ListItem","position":2,"name":"Shop","item":"https:\/\/chemgramx.com\/shop\/"},{"@type":"ListItem","position":3,"name":"NDTDI (Ergoline) online kaufen"}]},{"@type":"WebSite","@id":"https:\/\/chemgramx.com\/#website","url":"https:\/\/chemgramx.com\/","name":"Chemgramx","description":"","publisher":{"@id":"https:\/\/chemgramx.com\/#organization"},"potentialAction":[{"@type":"SearchAction","target":{"@type":"EntryPoint","urlTemplate":"https:\/\/chemgramx.com\/?s={search_term_string}"},"query-input":{"@type":"PropertyValueSpecification","valueRequired":true,"valueName":"search_term_string"}}],"inLanguage":"fr-FR"},{"@type":"Organization","@id":"https:\/\/chemgramx.com\/#organization","name":"Chemgramx","url":"https:\/\/chemgramx.com\/","logo":{"@type":"ImageObject","inLanguage":"fr-FR","@id":"https:\/\/chemgramx.com\/#\/schema\/logo\/image\/","url":"https:\/\/chemgramx.com\/wp-content\/uploads\/2024\/10\/final-logo.png","contentUrl":"https:\/\/chemgramx.com\/wp-content\/uploads\/2024\/10\/final-logo.png","width":250,"height":48,"caption":"Chemgramx"},"image":{"@id":"https:\/\/chemgramx.com\/#\/schema\/logo\/image\/"}}]}},"_links":{"self":[{"href":"https:\/\/chemgramx.com\/fr\/wp-json\/wp\/v2\/product\/964","targetHints":{"allow":["GET"]}}],"collection":[{"href":"https:\/\/chemgramx.com\/fr\/wp-json\/wp\/v2\/product"}],"about":[{"href":"https:\/\/chemgramx.com\/fr\/wp-json\/wp\/v2\/types\/product"}],"replies":[{"embeddable":true,"href":"https:\/\/chemgramx.com\/fr\/wp-json\/wp\/v2\/comments?post=964"}],"wp:featuredmedia":[{"embeddable":true,"href":"https:\/\/chemgramx.com\/fr\/wp-json\/wp\/v2\/media\/965"}],"wp:attachment":[{"href":"https:\/\/chemgramx.com\/fr\/wp-json\/wp\/v2\/media?parent=964"}],"wp:term":[{"taxonomy":"product_brand","embeddable":true,"href":"https:\/\/chemgramx.com\/fr\/wp-json\/wp\/v2\/product_brand?post=964"},{"taxonomy":"product_cat","embeddable":true,"href":"https:\/\/chemgramx.com\/fr\/wp-json\/wp\/v2\/product_cat?post=964"},{"taxonomy":"product_tag","embeddable":true,"href":"https:\/\/chemgramx.com\/fr\/wp-json\/wp\/v2\/product_tag?post=964"}],"curies":[{"name":"wp","href":"https:\/\/api.w.org\/{rel}","templated":true}]}}