{"id":974,"date":"2024-12-07T13:29:59","date_gmt":"2024-12-07T13:29:59","guid":{"rendered":"https:\/\/chemgramx.com\/?post_type=product&#038;p=974"},"modified":"2025-10-16T05:45:29","modified_gmt":"2025-10-16T05:45:29","slug":"anonymes-180-mg-mdma","status":"publish","type":"product","link":"https:\/\/chemgramx.com\/fr\/produit\/anonyme-180-mg-mdma\/","title":{"rendered":"Acheter Anonymous 180mg MDMA en ligne"},"content":{"rendered":"<h2 data-start=\"160\" data-end=\"198\">Anonyme 180mg MDMA<\/h2>\n<h2 data-start=\"200\" data-end=\"218\">Qu'est-ce que la MDMA ?<\/h2>\n<p data-start=\"219\" data-end=\"712\"><a href=\"https:\/\/chemgramx.com\/fr\/produit\/anonyme-180-mg-mdma\/\">Acheter Anonymous 180mg MDMA en ligne<\/a> La MDMA (3,4-m\u00e9thyl\u00e8nedioxy-N-m\u00e9thylamph\u00e9tamine) est une recherche fr\u00e9quente parmi les utilisateurs int\u00e9ress\u00e9s par des sources fiables et de qualit\u00e9. Elle est une substance psychoactive connue pour ses effets euphorisants et empathog\u00e8nes. Dans le contexte r\u00e9cr\u00e9atif, elle est plus connue sous le nom d'\u00ab\u00a0ecstasy\u00a0\u00bb ou de \u00ab\u00a0molly\u00a0\u00bb. Des produits comme la MDMA Anonymous 180\u00a0mg sont particuli\u00e8rement populaires aupr\u00e8s des consommateurs qui appr\u00e9cient la clart\u00e9 du dosage.<\/p>\n<h3 data-start=\"714\" data-end=\"786\">Pourquoi discuter de la MDMA dans le contexte de la s\u00e9curit\u00e9 et de la politique des drogues ?<\/h3>\n<p data-start=\"787\" data-end=\"1153\">Es besteht hohes \u00f6ffentliches Interesse an MDMA, insbesondere im Bereich des Freizeitkonsums. Zudem w\u00e4chst das wissenschaftliche Interesse an medizinischen Anwendungen, insbesondere im Rahmen der Behandlung von PTBS (Posttraumatische Belastungsst\u00f6rung). Viele fragen sich auch, wo kann man Anonymous 180 mg MDMA kaufen sicher und zuverl\u00e4ssig, ohne Risiken einzugehen.<\/p>\n<h3 data-start=\"1155\" data-end=\"1186\">Profil chimique de la MDMA<\/h3>\n<p data-start=\"1187\" data-end=\"1248\">Chemischer Name:<\/p>\n<p data-start=\"1187\" data-end=\"1248\">3,4-Methylendioxy-N-methylamphetamin<\/p>\n<p data-start=\"1250\" data-end=\"1284\"><strong data-start=\"1250\" data-end=\"1282\">Struktur und Klassifikation:<\/strong><\/p>\n<ul data-start=\"1285\" data-end=\"1419\">\n<li data-start=\"1285\" data-end=\"1336\">\n<p data-start=\"1287\" data-end=\"1336\">Geh\u00f6rt zur Phenethylamin- und Amphetamin-Klasse<\/p>\n<\/li>\n<li data-start=\"1337\" data-end=\"1419\">\n<p data-start=\"1339\" data-end=\"1419\">Zeigt strukturelle \u00c4hnlichkeiten mit sowohl Stimulanzien als auch Psychedelika<\/p>\n<\/li>\n<\/ul>\n<p data-start=\"1421\" data-end=\"1454\"><strong data-start=\"1421\" data-end=\"1452\">Pharmakologische Aktivit\u00e4t:<\/strong><\/p>\n<ul data-start=\"1455\" data-end=\"1612\">\n<li data-start=\"1455\" data-end=\"1522\">\n<p data-start=\"1457\" data-end=\"1522\">F\u00f6rdert die Freisetzung von Serotonin, Dopamin und Noradrenalin<\/p>\n<\/li>\n<li data-start=\"1523\" data-end=\"1612\">\n<p data-start=\"1525\" data-end=\"1612\">F\u00fchrt zu intensiven Gef\u00fchlen von Verbundenheit, gesteigerter Wahrnehmung und Euphorie<\/p>\n<\/li>\n<\/ul>\n<p data-start=\"1614\" data-end=\"1731\">K\u00e4ufer, die Anonymous 180mg MDMA online kaufen m\u00f6chten, sollten immer auf die Reinheit und Zusammensetzung achten.<\/p>\n<h3 data-start=\"1733\" data-end=\"1790\">Utilisation et abus dans diff\u00e9rents contextes<\/h3>\n<p data-start=\"1792\" data-end=\"2097\"><strong data-start=\"1792\" data-end=\"1811\">Freizeitkonsum:<\/strong><br data-start=\"1811\" data-end=\"1814\" \/>H\u00e4ufig genutzt bei Clubevents, Partys oder Musikfestivals. Eine Dosis von 180 mg gilt als hoch \u2013 \u00fcbliche Dosierungen liegen zwischen 75 und 125 mg. Wer Anonymous 180 mg MDMA kaufen oder order Anonymous 180mg MDMA m\u00f6chte, sollte die Dosierungsempfehlungen stets ber\u00fccksichtigen.<\/p>\n<p data-start=\"2099\" data-end=\"2288\"><strong data-start=\"2099\" data-end=\"2123\">Klinische Forschung:<\/strong><br data-start=\"2123\" data-end=\"2126\" \/>Actuellement, des recherches sont men\u00e9es par des organisations telles que MAPS (Multidisciplinary Association for Psychedelic Studies) comme traitement du SSPT ou des troubles anxieux.<\/p>\n<p data-start=\"2290\" data-end=\"2504\"><strong data-start=\"2290\" data-end=\"2323\">Keine industrielle Anwendung:<\/strong><br data-start=\"2323\" data-end=\"2326\" \/>La MDMA n'a pas d'usage industriel l\u00e9gal. Son utilisation abusive comprend le commerce ill\u00e9gal en ligne et l'\u00e9tiquetage trompeur d'une substance pr\u00e9tendument industrielle.<\/p>\n<h3 data-start=\"2506\" data-end=\"2555\">Pourquoi 180 mg\u00a0? Aper\u00e7u des tendances posologiques<\/h3>\n<ul data-start=\"2556\" data-end=\"2922\">\n<li data-start=\"2556\" data-end=\"2693\">\n<p data-start=\"2558\" data-end=\"2693\">Certains utilisateurs pensent que des doses plus \u00e9lev\u00e9es produisent des effets plus intenses ou plus durables, mais cela comporte des risques plus importants.<\/p>\n<\/li>\n<li data-start=\"2694\" data-end=\"2810\">\n<p data-start=\"2696\" data-end=\"2810\">Des doses sup\u00e9rieures \u00e0 180 mg peuvent augmenter le risque de syndrome s\u00e9rotoninergique, d\u2019hyperthermie, d\u2019anxi\u00e9t\u00e9 et de d\u00e9shydratation.<\/p>\n<\/li>\n<li data-start=\"2811\" data-end=\"2922\">\n<p data-start=\"2813\" data-end=\"2922\">Les experts recommandent de commencer par des doses plus faibles, surtout si la puret\u00e9 du produit est inconnue.<\/p>\n<\/li>\n<\/ul>\n<p data-start=\"2924\" data-end=\"3043\">Diese Hinweise gelten insbesondere f\u00fcr K\u00e4ufer, die nach dem bester Ort, um Anonymous 180 mg MDMA online zu kaufen suchen.<\/p>\n<h3 data-start=\"3045\" data-end=\"3083\">Risques li\u00e9s \u00e0 l'achat de MDMA en ligne<\/h3>\n<p data-start=\"3084\" data-end=\"3292\"><strong data-start=\"3084\" data-end=\"3112\">Unregulierte Substanzen:<\/strong><br data-start=\"3112\" data-end=\"3115\" \/>Online gekaufte Produkte wie Anonym 180 mg MDMA zu verkaufen k\u00f6nnen mit gef\u00e4hrlichen Beimischungen verunreinigt sein, z. B. synthetischen Cathinonen (\u201eBadesalzen\u201c) oder PMA.<\/p>\n<p data-start=\"3294\" data-end=\"3424\"><strong data-start=\"3294\" data-end=\"3323\">Keine Qualit\u00e4tskontrolle:<\/strong><br data-start=\"3323\" data-end=\"3326\" \/>La puret\u00e9 et le dosage ne sont pas garantis \u2013 le risque d\u2019effets secondaires graves augmente.<\/p>\n<p data-start=\"3426\" data-end=\"3664\"><strong data-start=\"3426\" data-end=\"3454\">Rechtliche Konsequenzen:<\/strong><br data-start=\"3454\" data-end=\"3457\" \/>Possession ou achat de <a href=\"https:\/\/en.wikipedia.org\/wiki\/MDMA\">MDMA<\/a> est une infraction p\u00e9nale dans de nombreux pays. Les acheteurs souhaitant acheter de la MDMA 180 mg anonyme en ligne aupr\u00e8s d'une source fiable doivent donc s'informer sur la l\u00e9gislation locale.<\/p>\n<h3 data-start=\"3666\" data-end=\"3716\">R\u00e9duction des risques et pratiques de consommation plus s\u00fbres<\/h3>\n<ul data-start=\"3717\" data-end=\"4211\">\n<li data-start=\"3717\" data-end=\"3845\">\n<p data-start=\"3719\" data-end=\"3845\"><strong data-start=\"3719\" data-end=\"3739\">Substanzpr\u00fcfung:<\/strong> L\u2019utilisation de tests r\u00e9actifs (par exemple, Marquis, test d\u2019Ehrlich) peut aider \u00e0 v\u00e9rifier la puret\u00e9.<\/p>\n<\/li>\n<li data-start=\"3846\" data-end=\"3953\">\n<p data-start=\"3848\" data-end=\"3953\"><strong data-start=\"3848\" data-end=\"3884\">Hydration &amp; Temperaturkontrolle:<\/strong> Buvez beaucoup d\u2019eau, mais \u00e9vitez la surhydratation.<\/p>\n<\/li>\n<li data-start=\"3954\" data-end=\"4061\">\n<p data-start=\"3956\" data-end=\"4061\"><strong data-start=\"3956\" data-end=\"3988\">Keine Mischkonsum-Praktiken:<\/strong> Le combiner avec de l\u2019alcool ou des stimulants augmente consid\u00e9rablement le risque.<\/p>\n<\/li>\n<li data-start=\"4062\" data-end=\"4211\">\n<p data-start=\"4064\" data-end=\"4211\"><strong data-start=\"4064\" data-end=\"4099\">Psychische Gesundheit beachten:<\/strong> Les personnes souffrant de troubles anxieux, de d\u00e9pression ou de maladies cardiovasculaires devraient s\u2019abstenir de consommation.<\/p>\n<\/li>\n<\/ul>\n<h3>Sant\u00e9 publique et politique<\/h3>\n<ul data-start=\"4253\" data-end=\"4683\">\n<li data-start=\"4253\" data-end=\"4357\">\n<p data-start=\"4255\" data-end=\"4357\"><strong data-start=\"4255\" data-end=\"4283\">Pl\u00e4doyer f\u00fcr Aufkl\u00e4rung:<\/strong> Une \u00e9ducation sur les drogues fond\u00e9e sur des donn\u00e9es probantes est plus efficace qu\u2019une simple dissuasion.<\/p>\n<\/li>\n<li data-start=\"4358\" data-end=\"4514\">\n<p data-start=\"4360\" data-end=\"4514\"><strong data-start=\"4360\" data-end=\"4410\">Bewegung zur Legalisierung im Therapiekontext:<\/strong> Les \u00e9tudes sur la psychoth\u00e9rapie assist\u00e9e par MDMA montrent des r\u00e9sultats prometteurs, en particulier pour le SSPT.<\/p>\n<\/li>\n<li data-start=\"4515\" data-end=\"4683\">\n<p data-start=\"4517\" data-end=\"4683\"><strong data-start=\"4517\" data-end=\"4556\">F\u00fcr eine ausgewogene Drogenpolitik:<\/strong> La d\u00e9criminalisation, la r\u00e9glementation et les programmes \u00e9ducatifs contribuent \u00e0 r\u00e9duire les abus et les risques pour la sant\u00e9.<\/p>\n<\/li>\n<\/ul>\n<h3 data-start=\"4685\" data-end=\"4695\">Conclusion<\/h3>\n<p data-start=\"4696\" data-end=\"5081\">Wer Anonymous 180 mg MDMA online kaufen m\u00f6chte, sollte Wert auf gepr\u00fcfte Quellen und Sicherheit legen. Der Anonymous 180mg MDMA Preis kann je nach Anbieter variieren, daher lohnt es sich, verschiedene Optionen zu vergleichen. Wichtig ist, dass K\u00e4ufer das best place to buy Anonymous 180mg MDMA online w\u00e4hlen, um Risiken durch F\u00e4lschungen und rechtliche Probleme zu vermeiden.<\/p>\n<p data-start=\"5083\" data-end=\"5272\">Ob Sie Anonymous 180mg MDMAzu verkaufen suchen oder Anonymous 180mg MDMA bestellen m\u00f6chten \u2013 die Priorit\u00e4t sollte immer auf Sicherheit, Reinheit und einer fundierten Entscheidung liegen.<\/p>","protected":false},"excerpt":{"rendered":"<p>Anonyme <strong>180mg de MDMA<\/strong> fournit puret\u00e9 et puissance \u00e0 chaque dose. Ces comprim\u00e9s sont soigneusement formul\u00e9s pour un effet durable, une humeur et un regain d'\u00e9nergie, parfaits pour les \u00e9v\u00e9nements sociaux ou la d\u00e9tente personnelle. Chaque lot est soumis \u00e0 des tests de qualit\u00e9 rigoureux afin de garantir la s\u00e9curit\u00e9 et la fiabilit\u00e9 de chaque utilisation.<\/p>","protected":false},"featured_media":975,"comment_status":"open","ping_status":"closed","template":"","meta":{"_joinchat":[]},"product_brand":[],"product_cat":[2846],"product_tag":[1782,1790,1780,1787,1781,1789,1788,1785,1786,1783,1784],"class_list":{"0":"post-974","1":"product","2":"type-product","3":"status-publish","4":"has-post-thumbnail","6":"product_cat-ecstasy-pills","7":"product_tag-180mg-mdma-for-sale","8":"product_tag-180mg-mdma-pills","9":"product_tag-anonymous-180mg-mdma","10":"product_tag-anonymous-mdma-tablets","11":"product_tag-buy-anonymous-mdma","12":"product_tag-buy-mdma-online","13":"product_tag-mdma-chemical","14":"product_tag-mdma-online","15":"product_tag-mdma-pills","16":"product_tag-mdma-tablets","17":"product_tag-research-chemicals","19":"first","20":"instock","21":"shipping-taxable","22":"purchasable","23":"product-type-variable"},"yoast_head":"<!-- This site is optimized with the Yoast SEO plugin v26.1.1 - https:\/\/yoast.com\/wordpress\/plugins\/seo\/ -->\n<title>Anonymes 180 mg MDMA zu verkaufen | Chemgramx<\/title>\n<meta name=\"description\" content=\"Unser Shop hat anonymes 180 mg MDMA zu erschwinglichen Preisen zu verkaufen. Wenn Sie anonymes 180 mg MDMA online kaufen m\u00f6chten, kontaktieren Sie uns jetzt. Erwarten Sie die Bestellung bald!\" \/>\n<meta name=\"robots\" content=\"index, follow, max-snippet:-1, max-image-preview:large, max-video-preview:-1\" \/>\n<link rel=\"canonical\" href=\"https:\/\/chemgramx.com\/fr\/produit\/anonyme-180-mg-mdma\/\" \/>\n<meta property=\"og:locale\" content=\"fr_FR\" \/>\n<meta property=\"og:type\" content=\"article\" \/>\n<meta property=\"og:title\" content=\"Anonymes 180 mg MDMA zu verkaufen | Chemgramx\" \/>\n<meta property=\"og:description\" content=\"Unser Shop hat anonymes 180 mg MDMA zu erschwinglichen Preisen zu verkaufen. Wenn Sie anonymes 180 mg MDMA online kaufen m\u00f6chten, kontaktieren Sie uns jetzt. Erwarten Sie die Bestellung bald!\" \/>\n<meta property=\"og:url\" content=\"https:\/\/chemgramx.com\/fr\/produit\/anonyme-180-mg-mdma\/\" \/>\n<meta property=\"og:site_name\" content=\"Chemgramx\" \/>\n<meta property=\"article:modified_time\" content=\"2025-10-16T05:45:29+00:00\" \/>\n<meta property=\"og:image\" content=\"https:\/\/chemgramx.com\/wp-content\/uploads\/2024\/12\/p2.png\" \/>\n\t<meta property=\"og:image:width\" content=\"600\" \/>\n\t<meta property=\"og:image:height\" content=\"400\" \/>\n\t<meta property=\"og:image:type\" content=\"image\/png\" \/>\n<meta name=\"twitter:card\" content=\"summary_large_image\" \/>\n<meta name=\"twitter:label1\" content=\"Dur\u00e9e de lecture estim\u00e9e\" \/>\n\t<meta name=\"twitter:data1\" content=\"3 minutes\" \/>\n<script type=\"application\/ld+json\" class=\"yoast-schema-graph\">{\"@context\":\"https:\/\/schema.org\",\"@graph\":[{\"@type\":\"WebPage\",\"@id\":\"https:\/\/chemgramx.com\/product\/anonymes-180-mg-mdma\/\",\"url\":\"https:\/\/chemgramx.com\/product\/anonymes-180-mg-mdma\/\",\"name\":\"Anonymes 180 mg MDMA zu verkaufen | Chemgramx\",\"isPartOf\":{\"@id\":\"https:\/\/chemgramx.com\/#website\"},\"primaryImageOfPage\":{\"@id\":\"https:\/\/chemgramx.com\/product\/anonymes-180-mg-mdma\/#primaryimage\"},\"image\":{\"@id\":\"https:\/\/chemgramx.com\/product\/anonymes-180-mg-mdma\/#primaryimage\"},\"thumbnailUrl\":\"https:\/\/chemgramx.com\/wp-content\/uploads\/2024\/12\/p2.png\",\"datePublished\":\"2024-12-07T13:29:59+00:00\",\"dateModified\":\"2025-10-16T05:45:29+00:00\",\"description\":\"Unser Shop hat anonymes 180 mg MDMA zu erschwinglichen Preisen zu verkaufen. Wenn Sie anonymes 180 mg MDMA online kaufen m\u00f6chten, kontaktieren Sie uns jetzt. Erwarten Sie die Bestellung bald!\",\"breadcrumb\":{\"@id\":\"https:\/\/chemgramx.com\/product\/anonymes-180-mg-mdma\/#breadcrumb\"},\"inLanguage\":\"fr-FR\",\"potentialAction\":[{\"@type\":\"ReadAction\",\"target\":[\"https:\/\/chemgramx.com\/product\/anonymes-180-mg-mdma\/\"]}]},{\"@type\":\"ImageObject\",\"inLanguage\":\"fr-FR\",\"@id\":\"https:\/\/chemgramx.com\/product\/anonymes-180-mg-mdma\/#primaryimage\",\"url\":\"https:\/\/chemgramx.com\/wp-content\/uploads\/2024\/12\/p2.png\",\"contentUrl\":\"https:\/\/chemgramx.com\/wp-content\/uploads\/2024\/12\/p2.png\",\"width\":600,\"height\":400,\"caption\":\"Anonymes 180 mg MDMA online kaufen\"},{\"@type\":\"BreadcrumbList\",\"@id\":\"https:\/\/chemgramx.com\/product\/anonymes-180-mg-mdma\/#breadcrumb\",\"itemListElement\":[{\"@type\":\"ListItem\",\"position\":1,\"name\":\"Home\",\"item\":\"https:\/\/chemgramx.com\/\"},{\"@type\":\"ListItem\",\"position\":2,\"name\":\"Shop\",\"item\":\"https:\/\/chemgramx.com\/shop\/\"},{\"@type\":\"ListItem\",\"position\":3,\"name\":\"Anonymous 180mg MDMA online kaufen\"}]},{\"@type\":\"WebSite\",\"@id\":\"https:\/\/chemgramx.com\/#website\",\"url\":\"https:\/\/chemgramx.com\/\",\"name\":\"Chemgramx\",\"description\":\"\",\"publisher\":{\"@id\":\"https:\/\/chemgramx.com\/#organization\"},\"potentialAction\":[{\"@type\":\"SearchAction\",\"target\":{\"@type\":\"EntryPoint\",\"urlTemplate\":\"https:\/\/chemgramx.com\/?s={search_term_string}\"},\"query-input\":{\"@type\":\"PropertyValueSpecification\",\"valueRequired\":true,\"valueName\":\"search_term_string\"}}],\"inLanguage\":\"fr-FR\"},{\"@type\":\"Organization\",\"@id\":\"https:\/\/chemgramx.com\/#organization\",\"name\":\"Chemgramx\",\"url\":\"https:\/\/chemgramx.com\/\",\"logo\":{\"@type\":\"ImageObject\",\"inLanguage\":\"fr-FR\",\"@id\":\"https:\/\/chemgramx.com\/#\/schema\/logo\/image\/\",\"url\":\"https:\/\/chemgramx.com\/wp-content\/uploads\/2024\/10\/final-logo.png\",\"contentUrl\":\"https:\/\/chemgramx.com\/wp-content\/uploads\/2024\/10\/final-logo.png\",\"width\":250,\"height\":48,\"caption\":\"Chemgramx\"},\"image\":{\"@id\":\"https:\/\/chemgramx.com\/#\/schema\/logo\/image\/\"}}]}<\/script>\n<!-- \/ Yoast SEO plugin. -->","yoast_head_json":{"title":"MDMA anonyme 180 mg \u00e0 vendre | Chemgramx","description":"Notre boutique a 180 mg de MDMA anonyme \u00e0 vendre \u00e0 des prix abordables. Si vous souhaitez acheter du MDMA anonyme 180 mg en ligne, contactez-nous d\u00e8s maintenant. Attendez-vous \u00e0 recevoir votre commande bient\u00f4t !","robots":{"index":"index","follow":"follow","max-snippet":"max-snippet:-1","max-image-preview":"max-image-preview:large","max-video-preview":"max-video-preview:-1"},"canonical":"https:\/\/chemgramx.com\/fr\/produit\/anonyme-180-mg-mdma\/","og_locale":"fr_FR","og_type":"article","og_title":"Anonymes 180 mg MDMA zu verkaufen | Chemgramx","og_description":"Unser Shop hat anonymes 180 mg MDMA zu erschwinglichen Preisen zu verkaufen. Wenn Sie anonymes 180 mg MDMA online kaufen m\u00f6chten, kontaktieren Sie uns jetzt. Erwarten Sie die Bestellung bald!","og_url":"https:\/\/chemgramx.com\/fr\/produit\/anonyme-180-mg-mdma\/","og_site_name":"Chemgramx","article_modified_time":"2025-10-16T05:45:29+00:00","og_image":[{"width":600,"height":400,"url":"https:\/\/chemgramx.com\/wp-content\/uploads\/2024\/12\/p2.png","type":"image\/png"}],"twitter_card":"summary_large_image","twitter_misc":{"Dur\u00e9e de lecture estim\u00e9e":"3 minutes"},"schema":{"@context":"https:\/\/schema.org","@graph":[{"@type":"WebPage","@id":"https:\/\/chemgramx.com\/product\/anonymes-180-mg-mdma\/","url":"https:\/\/chemgramx.com\/product\/anonymes-180-mg-mdma\/","name":"MDMA anonyme 180 mg \u00e0 vendre | Chemgramx","isPartOf":{"@id":"https:\/\/chemgramx.com\/#website"},"primaryImageOfPage":{"@id":"https:\/\/chemgramx.com\/product\/anonymes-180-mg-mdma\/#primaryimage"},"image":{"@id":"https:\/\/chemgramx.com\/product\/anonymes-180-mg-mdma\/#primaryimage"},"thumbnailUrl":"https:\/\/chemgramx.com\/wp-content\/uploads\/2024\/12\/p2.png","datePublished":"2024-12-07T13:29:59+00:00","dateModified":"2025-10-16T05:45:29+00:00","description":"Notre boutique a 180 mg de MDMA anonyme \u00e0 vendre \u00e0 des prix abordables. Si vous souhaitez acheter du MDMA anonyme 180 mg en ligne, contactez-nous d\u00e8s maintenant. Attendez-vous \u00e0 recevoir votre commande bient\u00f4t !","breadcrumb":{"@id":"https:\/\/chemgramx.com\/product\/anonymes-180-mg-mdma\/#breadcrumb"},"inLanguage":"fr-FR","potentialAction":[{"@type":"ReadAction","target":["https:\/\/chemgramx.com\/product\/anonymes-180-mg-mdma\/"]}]},{"@type":"ImageObject","inLanguage":"fr-FR","@id":"https:\/\/chemgramx.com\/product\/anonymes-180-mg-mdma\/#primaryimage","url":"https:\/\/chemgramx.com\/wp-content\/uploads\/2024\/12\/p2.png","contentUrl":"https:\/\/chemgramx.com\/wp-content\/uploads\/2024\/12\/p2.png","width":600,"height":400,"caption":"Anonymes 180 mg MDMA online kaufen"},{"@type":"BreadcrumbList","@id":"https:\/\/chemgramx.com\/product\/anonymes-180-mg-mdma\/#breadcrumb","itemListElement":[{"@type":"ListItem","position":1,"name":"Home","item":"https:\/\/chemgramx.com\/"},{"@type":"ListItem","position":2,"name":"Shop","item":"https:\/\/chemgramx.com\/shop\/"},{"@type":"ListItem","position":3,"name":"Anonymous 180mg MDMA online kaufen"}]},{"@type":"WebSite","@id":"https:\/\/chemgramx.com\/#website","url":"https:\/\/chemgramx.com\/","name":"Chemgramx","description":"","publisher":{"@id":"https:\/\/chemgramx.com\/#organization"},"potentialAction":[{"@type":"SearchAction","target":{"@type":"EntryPoint","urlTemplate":"https:\/\/chemgramx.com\/?s={search_term_string}"},"query-input":{"@type":"PropertyValueSpecification","valueRequired":true,"valueName":"search_term_string"}}],"inLanguage":"fr-FR"},{"@type":"Organization","@id":"https:\/\/chemgramx.com\/#organization","name":"Chemgramx","url":"https:\/\/chemgramx.com\/","logo":{"@type":"ImageObject","inLanguage":"fr-FR","@id":"https:\/\/chemgramx.com\/#\/schema\/logo\/image\/","url":"https:\/\/chemgramx.com\/wp-content\/uploads\/2024\/10\/final-logo.png","contentUrl":"https:\/\/chemgramx.com\/wp-content\/uploads\/2024\/10\/final-logo.png","width":250,"height":48,"caption":"Chemgramx"},"image":{"@id":"https:\/\/chemgramx.com\/#\/schema\/logo\/image\/"}}]}},"_links":{"self":[{"href":"https:\/\/chemgramx.com\/fr\/wp-json\/wp\/v2\/product\/974","targetHints":{"allow":["GET"]}}],"collection":[{"href":"https:\/\/chemgramx.com\/fr\/wp-json\/wp\/v2\/product"}],"about":[{"href":"https:\/\/chemgramx.com\/fr\/wp-json\/wp\/v2\/types\/product"}],"replies":[{"embeddable":true,"href":"https:\/\/chemgramx.com\/fr\/wp-json\/wp\/v2\/comments?post=974"}],"wp:featuredmedia":[{"embeddable":true,"href":"https:\/\/chemgramx.com\/fr\/wp-json\/wp\/v2\/media\/975"}],"wp:attachment":[{"href":"https:\/\/chemgramx.com\/fr\/wp-json\/wp\/v2\/media?parent=974"}],"wp:term":[{"taxonomy":"product_brand","embeddable":true,"href":"https:\/\/chemgramx.com\/fr\/wp-json\/wp\/v2\/product_brand?post=974"},{"taxonomy":"product_cat","embeddable":true,"href":"https:\/\/chemgramx.com\/fr\/wp-json\/wp\/v2\/product_cat?post=974"},{"taxonomy":"product_tag","embeddable":true,"href":"https:\/\/chemgramx.com\/fr\/wp-json\/wp\/v2\/product_tag?post=974"}],"curies":[{"name":"wp","href":"https:\/\/api.w.org\/{rel}","templated":true}]}}