{"id":978,"date":"2024-12-07T13:46:57","date_gmt":"2024-12-07T13:46:57","guid":{"rendered":"https:\/\/chemgramx.com\/?post_type=product&#038;p=978"},"modified":"2025-10-17T08:20:23","modified_gmt":"2025-10-17T08:20:23","slug":"intensitat-mit-beans-domino-mdma-134-mg","status":"publish","type":"product","link":"https:\/\/chemgramx.com\/fr\/produit\/intensitat-mit-beans-domino-mdma-134-mg\/","title":{"rendered":"Vivez l'intensit\u00e9 avec Beans Domino MDMA 134 mg acheter en ligne"},"content":{"rendered":"<h2 data-start=\"161\" data-end=\"232\">Beans Domino MDMA 134 mg online kaufenvon einer zuverl\u00e4ssigen Forschungsquelle<\/h2>\n<p data-start=\"234\" data-end=\"324\">Achetez Beans Domino MDMA 134 mg en ligne \u2013 Guide complet pour les acheteurs avertis<\/p>\n<p data-start=\"343\" data-end=\"825\">Nous <a href=\"https:\/\/chemgramx.com\/fr\/produit\/intensitat-mit-beans-domino-mdma-134-mg\/\">Achetez Beans Domino MDMA 134 mg en ligne<\/a> Vous trouverez un produit reconnu pour sa puissance \u00e9quilibr\u00e9e et sa puret\u00e9. Le Beans Domino MDMA 134 mg \u00e0 vendre impressionne par ses effets doux et euphorisants et est particuli\u00e8rement attrayant pour les personnes en qu\u00eate d'une exp\u00e9rience exaltante et d'une conscience sociale accrue. Ce guide explique tout ce que vous devez savoir avant d'acheter du Beans Domino MDMA 134 mg en ligne afin que vous puissiez prendre une d\u00e9cision \u00e9clair\u00e9e et en toute s\u00e9curit\u00e9.<\/p>\n<h3 data-start=\"827\" data-end=\"884\">Pourquoi Beans Domino MDMA 134 mg en ligne est si populaire<\/h3>\n<p data-start=\"886\" data-end=\"1274\">Die hohe Nachfrage nach Beans Domino MDMA 134 mg zu verkaufen resultiert aus seiner gleichbleibenden Dosierung und den positiven Nutzerberichten. Viele Konsumenten heben hervor, dass es sich um ein angenehmes Erlebnis handelt, das nicht zu \u00fcberw\u00e4ltigend ist. Wenn Sie sich fragen, Wo kann man Beans Domino MDMA 134 mg kaufen?, sollten Sie seri\u00f6se Quellen mit gepr\u00fcfter Qualit\u00e4t bevorzugen.<\/p>\n<h3 data-start=\"1276\" data-end=\"1328\">Qu'est-ce qui rend Beans Domino MDMA 134 mg unique ?<\/h3>\n<p data-start=\"1330\" data-end=\"1652\">Avec son dosage pr\u00e9cis de 134 mg, ce produit convient aussi bien aux d\u00e9butants qu'aux utilisateurs exp\u00e9riment\u00e9s. C'est pr\u00e9cis\u00e9ment cette fiabilit\u00e9 qui en fait le meilleur choix pour beaucoup. Il n'est donc pas \u00e9tonnant que de nombreux acheteurs commandent sp\u00e9cifiquement Beans Domino MDMA 134 mg pour une exp\u00e9rience pure et constante.<\/p>\n<h3 data-start=\"1654\" data-end=\"1684\">Composition chimique<\/h3>\n<p data-start=\"1686\" data-end=\"1873\">Chaque comprim\u00e9 contient environ 134 mg de <a href=\"https:\/\/en.wikipedia.org\/wiki\/MDMA\">MDMA<\/a>La puret\u00e9 est r\u00e9guli\u00e8rement confirm\u00e9e par des tests, le prix du Beans Domino MDMA 134 mg est donc consid\u00e9r\u00e9 comme juste par rapport \u00e0 la qualit\u00e9.<\/p>\n<h3 data-start=\"1875\" data-end=\"1914\">Effets et dosage recommand\u00e9<\/h3>\n<p data-start=\"1916\" data-end=\"2212\">Typische Effekte umfassen Euphorie, verst\u00e4rkte Empathie und sensorische Intensivierung. Anf\u00e4nger sollten mit einer halben Tablette beginnen, w\u00e4hrend erfahrene Nutzer eine ganze Tablette nutzen k\u00f6nnen. Wer Beans Domino MDMA 134 mg online kaufen m\u00f6chte, sollte stets verantwortungsvoll dosieren.<\/p>\n<h3 data-start=\"2214\" data-end=\"2246\">S\u00e9curit\u00e9 lors des achats en ligne<\/h3>\n<p data-start=\"2248\" data-end=\"2475\">Da es viele F\u00e4lschungen gibt, ist es entscheidend, nur aus einer Der beste Ort, um Beans Domino MDMA 134 mg online zu kaufen Quelle zu bestellen. Seri\u00f6se Anbieter legen Labortests offen und bieten transparente Produktinformationen.<\/p>\n<p data-start=\"2477\" data-end=\"2485\">Conseils:<\/p>\n<ul data-start=\"2486\" data-end=\"2633\">\n<li data-start=\"2486\" data-end=\"2541\">\n<p data-start=\"2488\" data-end=\"2541\">Utilisez uniquement des fournisseurs disposant de certificats de laboratoire v\u00e9rifi\u00e9s<\/p>\n<\/li>\n<li data-start=\"2542\" data-end=\"2580\">\n<p data-start=\"2544\" data-end=\"2580\">Faites attention aux vrais avis clients<\/p>\n<\/li>\n<li data-start=\"2581\" data-end=\"2633\">\n<p data-start=\"2583\" data-end=\"2633\">Privil\u00e9giez les modes de paiement et d'exp\u00e9dition s\u00e9curis\u00e9s<\/p>\n<\/li>\n<\/ul>\n<h3 data-start=\"2952\" data-end=\"3001\">O\u00f9 puis-je acheter Beans Domino MDMA 134 mg ?<\/h3>\n<p data-start=\"3003\" data-end=\"3252\">Viele Interessenten suchen nach dem Der beste Ort, um Beans Domino MDMA 134 mg online zu kaufen. Achten Sie dabei auf seri\u00f6se Quellen, die Sicherheit und Reinheit garantieren. Unsichere Plattformen oder Anbieter ohne Labortests sollten vermieden werden.<\/p>\n<h3 data-start=\"3254\" data-end=\"3264\">Conclusion<\/h3>\n<p data-start=\"3266\" data-end=\"3691\">Beans Domino MDMA 134 mg bietet eine ausgewogene Dosierung, hohe Reinheit und ein zuverl\u00e4ssiges Erlebnis. Wer Beans Domino MDMA 134 mg online kaufen m\u00f6chte, sollte ausschlie\u00dflich bei vertrauensw\u00fcrdigen Quellen bestellen. Durch die richtige Wahl der Anbieter, Beachtung der Beans Domino MDMA 134 mg Preis und verantwortungsbewusste Nutzung l\u00e4sst sich eine sichere und qualitativ hochwertige Erfahrung gew\u00e4hrleisten.<\/p>\n<p data-start=\"3693\" data-end=\"3846\">Der sicherste Weg ist: Kaufen Sie Beans Domino MDMA 134 mg online von einer zuverl\u00e4ssigen Forschungsquelle \u2013 Ihr verl\u00e4sslicher Partner f\u00fcr Qualit\u00e4t und Sicherheit.<\/p>","protected":false},"excerpt":{"rendered":"<p><strong><span style=\"vertical-align: inherit;\"><span style=\"vertical-align: inherit;\">Haricots Domino MDMA 134mg<\/span><\/span><\/strong><span style=\"vertical-align: inherit;\"><span style=\"vertical-align: inherit;\"> combin\u00e9 avec une combinaison de 100% de haricots bio. Ce comprim\u00e9 contient 134 mg de MDMA, id\u00e9al pour tout le monde, mais aussi pour un usage quotidien. Parfait pour les loisirs, sans avoir besoin de se d\u00e9tendre. Si vous faites un test, vous obtiendrez une note maximale.<\/span><\/span><\/p>","protected":false},"featured_media":979,"comment_status":"open","ping_status":"closed","template":"","meta":{"_joinchat":[]},"product_brand":[],"product_cat":[2846],"product_tag":[2492,2495,2494,2491,1792,2493,2011,2017,2164,2018,2015],"class_list":{"0":"post-978","1":"product","2":"type-product","3":"status-publish","4":"has-post-thumbnail","6":"product_cat-ecstasy-pills","7":"product_tag-134mg-mdma","8":"product_tag-134mg-mdma-kaufen","9":"product_tag-beans-domino-kaufen","10":"product_tag-beans-domino-mdma","11":"product_tag-beans-domino-mdma-134mg","12":"product_tag-mdma-134mg","13":"product_tag-mdma-kaufen","14":"product_tag-mdma-kristalle","15":"product_tag-mdma-online-kaufen","16":"product_tag-mdma-zum-verkauf","17":"product_tag-synthetische-drogen","19":"first","20":"instock","21":"shipping-taxable","22":"purchasable","23":"product-type-variable"},"yoast_head":"<!-- This site is optimized with the Yoast SEO plugin v26.1.1 - https:\/\/yoast.com\/wordpress\/plugins\/seo\/ -->\n<title>Bohnen Domino MDMA 134mg Verkauf | Kaufen Sie MDMA-Tabletten<\/title>\n<meta name=\"description\" content=\"Kaufen Sie Beans Domino MDMA 134 mg \u2013 Reinheit und subtile Intensit\u00e4t in einer Tablette. Auf Qualit\u00e4t gepr\u00fcft, schnelle Lieferung. Bestellen Sie jetzt f\u00fcr ein unvergessliches Erlebnis!\" \/>\n<meta name=\"robots\" content=\"index, follow, max-snippet:-1, max-image-preview:large, max-video-preview:-1\" \/>\n<link rel=\"canonical\" href=\"https:\/\/chemgramx.com\/fr\/produit\/intensitat-mit-beans-domino-mdma-134-mg\/\" \/>\n<meta property=\"og:locale\" content=\"fr_FR\" \/>\n<meta property=\"og:type\" content=\"article\" \/>\n<meta property=\"og:title\" content=\"Bohnen Domino MDMA 134mg Verkauf | Kaufen Sie MDMA-Tabletten\" \/>\n<meta property=\"og:description\" content=\"Kaufen Sie Beans Domino MDMA 134 mg \u2013 Reinheit und subtile Intensit\u00e4t in einer Tablette. Auf Qualit\u00e4t gepr\u00fcft, schnelle Lieferung. Bestellen Sie jetzt f\u00fcr ein unvergessliches Erlebnis!\" \/>\n<meta property=\"og:url\" content=\"https:\/\/chemgramx.com\/fr\/produit\/intensitat-mit-beans-domino-mdma-134-mg\/\" \/>\n<meta property=\"og:site_name\" content=\"Chemgramx\" \/>\n<meta property=\"article:modified_time\" content=\"2025-10-17T08:20:23+00:00\" \/>\n<meta property=\"og:image\" content=\"https:\/\/chemgramx.com\/wp-content\/uploads\/2024\/12\/Beans-Domino-MDMA-134mg.png\" \/>\n\t<meta property=\"og:image:width\" content=\"600\" \/>\n\t<meta property=\"og:image:height\" content=\"400\" \/>\n\t<meta property=\"og:image:type\" content=\"image\/png\" \/>\n<meta name=\"twitter:card\" content=\"summary_large_image\" \/>\n<meta name=\"twitter:label1\" content=\"Dur\u00e9e de lecture estim\u00e9e\" \/>\n\t<meta name=\"twitter:data1\" content=\"3 minutes\" \/>\n<script type=\"application\/ld+json\" class=\"yoast-schema-graph\">{\"@context\":\"https:\/\/schema.org\",\"@graph\":[{\"@type\":\"WebPage\",\"@id\":\"https:\/\/chemgramx.com\/product\/intensitat-mit-beans-domino-mdma-134-mg\/\",\"url\":\"https:\/\/chemgramx.com\/product\/intensitat-mit-beans-domino-mdma-134-mg\/\",\"name\":\"Bohnen Domino MDMA 134mg Verkauf | Kaufen Sie MDMA-Tabletten\",\"isPartOf\":{\"@id\":\"https:\/\/chemgramx.com\/#website\"},\"primaryImageOfPage\":{\"@id\":\"https:\/\/chemgramx.com\/product\/intensitat-mit-beans-domino-mdma-134-mg\/#primaryimage\"},\"image\":{\"@id\":\"https:\/\/chemgramx.com\/product\/intensitat-mit-beans-domino-mdma-134-mg\/#primaryimage\"},\"thumbnailUrl\":\"https:\/\/chemgramx.com\/wp-content\/uploads\/2024\/12\/Beans-Domino-MDMA-134mg.png\",\"datePublished\":\"2024-12-07T13:46:57+00:00\",\"dateModified\":\"2025-10-17T08:20:23+00:00\",\"description\":\"Kaufen Sie Beans Domino MDMA 134 mg \u2013 Reinheit und subtile Intensit\u00e4t in einer Tablette. Auf Qualit\u00e4t gepr\u00fcft, schnelle Lieferung. Bestellen Sie jetzt f\u00fcr ein unvergessliches Erlebnis!\",\"breadcrumb\":{\"@id\":\"https:\/\/chemgramx.com\/product\/intensitat-mit-beans-domino-mdma-134-mg\/#breadcrumb\"},\"inLanguage\":\"fr-FR\",\"potentialAction\":[{\"@type\":\"ReadAction\",\"target\":[\"https:\/\/chemgramx.com\/product\/intensitat-mit-beans-domino-mdma-134-mg\/\"]}]},{\"@type\":\"ImageObject\",\"inLanguage\":\"fr-FR\",\"@id\":\"https:\/\/chemgramx.com\/product\/intensitat-mit-beans-domino-mdma-134-mg\/#primaryimage\",\"url\":\"https:\/\/chemgramx.com\/wp-content\/uploads\/2024\/12\/Beans-Domino-MDMA-134mg.png\",\"contentUrl\":\"https:\/\/chemgramx.com\/wp-content\/uploads\/2024\/12\/Beans-Domino-MDMA-134mg.png\",\"width\":600,\"height\":400,\"caption\":\"Beans Domino MDMA 134mg\"},{\"@type\":\"BreadcrumbList\",\"@id\":\"https:\/\/chemgramx.com\/product\/intensitat-mit-beans-domino-mdma-134-mg\/#breadcrumb\",\"itemListElement\":[{\"@type\":\"ListItem\",\"position\":1,\"name\":\"Home\",\"item\":\"https:\/\/chemgramx.com\/\"},{\"@type\":\"ListItem\",\"position\":2,\"name\":\"Shop\",\"item\":\"https:\/\/chemgramx.com\/shop\/\"},{\"@type\":\"ListItem\",\"position\":3,\"name\":\"Erleben Sie die Intensit\u00e4t mit Beans Domino MDMA 134 mg online kaufen\"}]},{\"@type\":\"WebSite\",\"@id\":\"https:\/\/chemgramx.com\/#website\",\"url\":\"https:\/\/chemgramx.com\/\",\"name\":\"Chemgramx\",\"description\":\"\",\"publisher\":{\"@id\":\"https:\/\/chemgramx.com\/#organization\"},\"potentialAction\":[{\"@type\":\"SearchAction\",\"target\":{\"@type\":\"EntryPoint\",\"urlTemplate\":\"https:\/\/chemgramx.com\/?s={search_term_string}\"},\"query-input\":{\"@type\":\"PropertyValueSpecification\",\"valueRequired\":true,\"valueName\":\"search_term_string\"}}],\"inLanguage\":\"fr-FR\"},{\"@type\":\"Organization\",\"@id\":\"https:\/\/chemgramx.com\/#organization\",\"name\":\"Chemgramx\",\"url\":\"https:\/\/chemgramx.com\/\",\"logo\":{\"@type\":\"ImageObject\",\"inLanguage\":\"fr-FR\",\"@id\":\"https:\/\/chemgramx.com\/#\/schema\/logo\/image\/\",\"url\":\"https:\/\/chemgramx.com\/wp-content\/uploads\/2024\/10\/final-logo.png\",\"contentUrl\":\"https:\/\/chemgramx.com\/wp-content\/uploads\/2024\/10\/final-logo.png\",\"width\":250,\"height\":48,\"caption\":\"Chemgramx\"},\"image\":{\"@id\":\"https:\/\/chemgramx.com\/#\/schema\/logo\/image\/\"}}]}<\/script>\n<!-- \/ Yoast SEO plugin. -->","yoast_head_json":{"title":"Bohnen Domino MDMA 134mg Verkauf | Kaufen Sie MDMA-Tabletten","description":"Kaufen Sie Beans Domino MDMA 134 mg \u2013 Reinheit und subtile Intensit\u00e4t in einer Tablette. Auf Qualit\u00e4t gepr\u00fcft, schnelle Lieferung. Bestellen Sie jetzt f\u00fcr ein unvergessliches Erlebnis!","robots":{"index":"index","follow":"follow","max-snippet":"max-snippet:-1","max-image-preview":"max-image-preview:large","max-video-preview":"max-video-preview:-1"},"canonical":"https:\/\/chemgramx.com\/fr\/produit\/intensitat-mit-beans-domino-mdma-134-mg\/","og_locale":"fr_FR","og_type":"article","og_title":"Bohnen Domino MDMA 134mg Verkauf | Kaufen Sie MDMA-Tabletten","og_description":"Kaufen Sie Beans Domino MDMA 134 mg \u2013 Reinheit und subtile Intensit\u00e4t in einer Tablette. Auf Qualit\u00e4t gepr\u00fcft, schnelle Lieferung. Bestellen Sie jetzt f\u00fcr ein unvergessliches Erlebnis!","og_url":"https:\/\/chemgramx.com\/fr\/produit\/intensitat-mit-beans-domino-mdma-134-mg\/","og_site_name":"Chemgramx","article_modified_time":"2025-10-17T08:20:23+00:00","og_image":[{"width":600,"height":400,"url":"https:\/\/chemgramx.com\/wp-content\/uploads\/2024\/12\/Beans-Domino-MDMA-134mg.png","type":"image\/png"}],"twitter_card":"summary_large_image","twitter_misc":{"Dur\u00e9e de lecture estim\u00e9e":"3 minutes"},"schema":{"@context":"https:\/\/schema.org","@graph":[{"@type":"WebPage","@id":"https:\/\/chemgramx.com\/product\/intensitat-mit-beans-domino-mdma-134-mg\/","url":"https:\/\/chemgramx.com\/product\/intensitat-mit-beans-domino-mdma-134-mg\/","name":"Bohnen Domino MDMA 134mg Verkauf | Kaufen Sie MDMA-Tabletten","isPartOf":{"@id":"https:\/\/chemgramx.com\/#website"},"primaryImageOfPage":{"@id":"https:\/\/chemgramx.com\/product\/intensitat-mit-beans-domino-mdma-134-mg\/#primaryimage"},"image":{"@id":"https:\/\/chemgramx.com\/product\/intensitat-mit-beans-domino-mdma-134-mg\/#primaryimage"},"thumbnailUrl":"https:\/\/chemgramx.com\/wp-content\/uploads\/2024\/12\/Beans-Domino-MDMA-134mg.png","datePublished":"2024-12-07T13:46:57+00:00","dateModified":"2025-10-17T08:20:23+00:00","description":"Kaufen Sie Beans Domino MDMA 134 mg \u2013 Reinheit und subtile Intensit\u00e4t in einer Tablette. Auf Qualit\u00e4t gepr\u00fcft, schnelle Lieferung. Bestellen Sie jetzt f\u00fcr ein unvergessliches Erlebnis!","breadcrumb":{"@id":"https:\/\/chemgramx.com\/product\/intensitat-mit-beans-domino-mdma-134-mg\/#breadcrumb"},"inLanguage":"fr-FR","potentialAction":[{"@type":"ReadAction","target":["https:\/\/chemgramx.com\/product\/intensitat-mit-beans-domino-mdma-134-mg\/"]}]},{"@type":"ImageObject","inLanguage":"fr-FR","@id":"https:\/\/chemgramx.com\/product\/intensitat-mit-beans-domino-mdma-134-mg\/#primaryimage","url":"https:\/\/chemgramx.com\/wp-content\/uploads\/2024\/12\/Beans-Domino-MDMA-134mg.png","contentUrl":"https:\/\/chemgramx.com\/wp-content\/uploads\/2024\/12\/Beans-Domino-MDMA-134mg.png","width":600,"height":400,"caption":"Beans Domino MDMA 134mg"},{"@type":"BreadcrumbList","@id":"https:\/\/chemgramx.com\/product\/intensitat-mit-beans-domino-mdma-134-mg\/#breadcrumb","itemListElement":[{"@type":"ListItem","position":1,"name":"Home","item":"https:\/\/chemgramx.com\/"},{"@type":"ListItem","position":2,"name":"Shop","item":"https:\/\/chemgramx.com\/shop\/"},{"@type":"ListItem","position":3,"name":"Erleben Sie die Intensit\u00e4t mit Beans Domino MDMA 134 mg online kaufen"}]},{"@type":"WebSite","@id":"https:\/\/chemgramx.com\/#website","url":"https:\/\/chemgramx.com\/","name":"Chemgramx","description":"","publisher":{"@id":"https:\/\/chemgramx.com\/#organization"},"potentialAction":[{"@type":"SearchAction","target":{"@type":"EntryPoint","urlTemplate":"https:\/\/chemgramx.com\/?s={search_term_string}"},"query-input":{"@type":"PropertyValueSpecification","valueRequired":true,"valueName":"search_term_string"}}],"inLanguage":"fr-FR"},{"@type":"Organization","@id":"https:\/\/chemgramx.com\/#organization","name":"Chemgramx","url":"https:\/\/chemgramx.com\/","logo":{"@type":"ImageObject","inLanguage":"fr-FR","@id":"https:\/\/chemgramx.com\/#\/schema\/logo\/image\/","url":"https:\/\/chemgramx.com\/wp-content\/uploads\/2024\/10\/final-logo.png","contentUrl":"https:\/\/chemgramx.com\/wp-content\/uploads\/2024\/10\/final-logo.png","width":250,"height":48,"caption":"Chemgramx"},"image":{"@id":"https:\/\/chemgramx.com\/#\/schema\/logo\/image\/"}}]}},"_links":{"self":[{"href":"https:\/\/chemgramx.com\/fr\/wp-json\/wp\/v2\/product\/978","targetHints":{"allow":["GET"]}}],"collection":[{"href":"https:\/\/chemgramx.com\/fr\/wp-json\/wp\/v2\/product"}],"about":[{"href":"https:\/\/chemgramx.com\/fr\/wp-json\/wp\/v2\/types\/product"}],"replies":[{"embeddable":true,"href":"https:\/\/chemgramx.com\/fr\/wp-json\/wp\/v2\/comments?post=978"}],"wp:featuredmedia":[{"embeddable":true,"href":"https:\/\/chemgramx.com\/fr\/wp-json\/wp\/v2\/media\/979"}],"wp:attachment":[{"href":"https:\/\/chemgramx.com\/fr\/wp-json\/wp\/v2\/media?parent=978"}],"wp:term":[{"taxonomy":"product_brand","embeddable":true,"href":"https:\/\/chemgramx.com\/fr\/wp-json\/wp\/v2\/product_brand?post=978"},{"taxonomy":"product_cat","embeddable":true,"href":"https:\/\/chemgramx.com\/fr\/wp-json\/wp\/v2\/product_cat?post=978"},{"taxonomy":"product_tag","embeddable":true,"href":"https:\/\/chemgramx.com\/fr\/wp-json\/wp\/v2\/product_tag?post=978"}],"curies":[{"name":"wp","href":"https:\/\/api.w.org\/{rel}","templated":true}]}}