{"id":980,"date":"2024-12-07T13:53:07","date_gmt":"2024-12-07T13:53:07","guid":{"rendered":"https:\/\/chemgramx.com\/?post_type=product&#038;p=980"},"modified":"2025-10-16T05:07:50","modified_gmt":"2025-10-16T05:07:50","slug":"blaue-und-gelbe-ikea-220-mg-mdma","status":"publish","type":"product","link":"https:\/\/chemgramx.com\/fr\/produit\/bleu-et-jaune-ikea-220-mg-mdma\/","title":{"rendered":"BLUE AND YELLOW IKEA 220MG MDMA acheter en ligne"},"content":{"rendered":"<h2 data-start=\"163\" data-end=\"241\">Kaufen Sie BLUE AND YELLOW IKEA 220MG MDMA online von einer zuverl\u00e4ssigen Forschungsquelle<\/h2>\n<p data-start=\"243\" data-end=\"346\">Achetez du MDMA IKEA 220 mg bleu et jaune en ligne \u2013 Premium pour une am\u00e9lioration cognitive et \u00e9motionnelle<\/p>\n<p data-start=\"348\" data-end=\"840\">La demande en mati\u00e8re d'am\u00e9lioration cognitive est en pleine croissance dans le monde entier, et de plus en plus de personnes recherchent des substances de haute qualit\u00e9 pour la recherche sur la clart\u00e9 mentale, l'empathie et l'humeur. L'un des produits phares dans ce domaine est\u00a0: <a href=\"https:\/\/chemgramx.com\/fr\/produit\/bleu-et-jaune-ikea-220-mg-mdma\/\">BLUE AND YELLOW IKEA 220MG MDMA zu verkaufen<\/a>, bekannt f\u00fcr seine starke und konsistente Wirkung. Wer plant, BLAUES UND GELBES IKEA 220MG MDMA online kaufen, findet in PVPgrams die der beste Ort, um BLAUES UND GELBES IKEA 220 MG MDMA online zu kaufen.<\/p>\n<h3 data-start=\"842\" data-end=\"887\">Qu'est-ce que c'est BLEU ET JAUNE IKEA 220MG MDMA ?<\/h3>\n<p data-start=\"889\" data-end=\"1296\">BLEU ET JAUNE IKEA 220MG MDMA est une forme \u00e0 haute dose et de haute qualit\u00e9 de 3,4-m\u00e9thyl\u00e8nedioxy-N-m\u00e9thylamph\u00e9tamine (<a href=\"https:\/\/en.wikipedia.org\/wiki\/MDMA\">MDMA<\/a>). Mit einer pr\u00e4zisen Dosis von 220 mg ist es ideal f\u00fcr Forscher, die ein starkes, aber kontrollierbares Erlebnis analysieren m\u00f6chten. Viele entscheiden sich, BLUE AND YELLOW IKEA 220MG MDMA online kaufen, da es f\u00fcr seine Reinheit und zuverl\u00e4ssige Wirkung bekannt ist.<\/p>\n<h3 data-start=\"1298\" data-end=\"1335\">Profil chimique et histoire<\/h3>\n<p data-start=\"1337\" data-end=\"1736\">MDMA wurde im fr\u00fchen 20. Jahrhundert erstmals synthetisiert und erlangte sp\u00e4ter Bekanntheit f\u00fcr seine F\u00e4higkeit, emotionale Offenheit und kognitive Funktionen zu verst\u00e4rken. Die Variante BLUE AND YELLOW IKEA 220MG MDMA setzt neue Ma\u00dfst\u00e4be auf dem Markt, da sie Reinheit und Wirksamkeit vereint und deshalb oft von Forschern bestellt wird, die Befehl BLUE AND YELLOW IKEA 220MG MDMA m\u00f6chten.<\/p>\n<h3 data-start=\"1738\" data-end=\"1756\">Comment \u00e7a marche ?<\/h3>\n<p data-start=\"1758\" data-end=\"1870\">La substance augmente la lib\u00e9ration de s\u00e9rotonine, de dopamine et de noradr\u00e9naline, ce qui permet les effets suivants :<\/p>\n<ul data-start=\"1872\" data-end=\"2032\">\n<li data-start=\"1872\" data-end=\"1908\">\n<p data-start=\"1874\" data-end=\"1908\">Am\u00e9lioration de l'humeur et de l'\u00e9nergie<\/p>\n<\/li>\n<li data-start=\"1909\" data-end=\"1952\">\n<p data-start=\"1911\" data-end=\"1952\">Promouvoir le lien social et l'empathie<\/p>\n<\/li>\n<li data-start=\"1953\" data-end=\"1987\">\n<p data-start=\"1955\" data-end=\"1987\">Renforcer les fonctions cognitives<\/p>\n<\/li>\n<li data-start=\"1988\" data-end=\"2032\">\n<p data-start=\"1990\" data-end=\"2032\">Propri\u00e9t\u00e9s potentiellement neuroprotectrices<\/p>\n<\/li>\n<\/ul>\n<p data-start=\"2034\" data-end=\"2149\">Diese Eigenschaften machen BLAU UND GELB IKEA 220MG MDMA zu verkaufen zu einer beliebten Wahl in der Forschung.<\/p>\n<h3 data-start=\"2151\" data-end=\"2200\">Avantages du MDMA IKEA 220 mg BLEU ET JAUNE<\/h3>\n<ul data-start=\"2202\" data-end=\"2486\">\n<li data-start=\"2202\" data-end=\"2284\">\n<p data-start=\"2204\" data-end=\"2284\">Dosage constant (220 mg) \u2013 r\u00e9sultats fiables et reproductibles<\/p>\n<\/li>\n<li data-start=\"2285\" data-end=\"2335\">\n<p data-start=\"2287\" data-end=\"2335\">Haute puret\u00e9 \u2013 confirm\u00e9e par des tests en laboratoire<\/p>\n<\/li>\n<li data-start=\"2336\" data-end=\"2393\">\n<p data-start=\"2338\" data-end=\"2393\">Effet stable \u2013 facilite les \u00e9tudes analytiques<\/p>\n<\/li>\n<li data-start=\"2394\" data-end=\"2486\">\n<p data-start=\"2396\" data-end=\"2486\">Attraktive BLAU UND GELB IKEA 220MG MDMA Preis \u2013 ideal f\u00fcr Forschungseinrichtungen<\/p>\n<\/li>\n<\/ul>\n<h3 data-start=\"2488\" data-end=\"2542\">Formen von BLAU UND GELB IKEA 220MG MDMA Online<\/h3>\n<p data-start=\"2544\" data-end=\"2652\">Forscher, die BLAUES UND GELBES IKEA 220MG MDMA online kaufen, k\u00f6nnen zwischen verschiedenen Formen w\u00e4hlen:<\/p>\n<ul data-start=\"2654\" data-end=\"2769\">\n<li data-start=\"2654\" data-end=\"2687\">\n<p data-start=\"2656\" data-end=\"2687\">Poudre pour dosage flexible<\/p>\n<\/li>\n<li data-start=\"2688\" data-end=\"2722\">\n<p data-start=\"2690\" data-end=\"2722\">Capsules pour une utilisation facile<\/p>\n<\/li>\n<li data-start=\"2723\" data-end=\"2769\">\n<p data-start=\"2725\" data-end=\"2769\">Comprim\u00e9s sublinguaux pour une action rapide<\/p>\n<\/li>\n<\/ul>\n<h3 data-start=\"2771\" data-end=\"2839\">Est-il l\u00e9gal d'acheter du MDMA IKEA 220MG BLEU ET JAUNE en ligne ?<\/h3>\n<p data-start=\"2841\" data-end=\"3186\">Der rechtliche Status von MDMA variiert je nach Region. In den meisten L\u00e4ndern wie den USA, Gro\u00dfbritannien und der EU ist es eine kontrollierte Substanz. Daher ist es wichtig, sich vor dem Kauf \u00fcber die lokalen Gesetze zu informieren. PVPgrams bietet BLUE AND YELLOW IKEA 220MG MDMA zu verkaufen ausschlie\u00dflich f\u00fcr wissenschaftliche Zwecke an.<\/p>\n<h3 data-start=\"3188\" data-end=\"3231\">Comment choisir un fournisseur r\u00e9put\u00e9 ?<\/h3>\n<p data-start=\"3233\" data-end=\"3342\">Wenn Sie unsicher sind, wo man BLAUES UND GELBES IKEA 220MG MDMA kaufen kann, sollten Sie auf Folgendes achten:<\/p>\n<ul data-start=\"3344\" data-end=\"3513\">\n<li data-start=\"3344\" data-end=\"3394\">\n<p data-start=\"3346\" data-end=\"3394\">Tests de laboratoire tiers avec preuve de puret\u00e9<\/p>\n<\/li>\n<li data-start=\"3395\" data-end=\"3423\">\n<p data-start=\"3397\" data-end=\"3423\">M\u00e9thodes d'exp\u00e9dition discr\u00e8tes<\/p>\n<\/li>\n<li data-start=\"3424\" data-end=\"3482\">\n<p data-start=\"3426\" data-end=\"3482\">Informations transparentes sur les produits et le dosage<\/p>\n<\/li>\n<li data-start=\"3483\" data-end=\"3513\">\n<p data-start=\"3485\" data-end=\"3513\">Avis clients positifs<\/p>\n<\/li>\n<\/ul>\n<p data-start=\"3515\" data-end=\"3625\">So stellen Sie sicher, dass Sie aus der Der beste Ort, um BLAUES UND GELBES IKEA 220MG MDMA online zu kaufen w\u00e4hlen.<\/p>\n<h3 data-start=\"3627\" data-end=\"3637\">Conclusion<\/h3>\n<p data-start=\"3639\" data-end=\"3975\">BLUE AND YELLOW IKEA 220MG MDMA ist ein kraftvolles Produkt, das sich durch Reinheit, zuverl\u00e4ssige Dosierung und starke Wirkung auszeichnet. Forscher, die BLAU UND GELB IKEA 220MG MDMA bestellen oder BLAUES UND GELBES IKEA 220MG MDMA online kaufen, profitieren von einem hochwertigen Produkt f\u00fcr kognitive und emotionale Studien.<\/p>\n<p data-start=\"3977\" data-end=\"4243\">F\u00fcr alle, die Wert auf Qualit\u00e4t legen, ist PVPgrams die beste Wahl und der erste Schritt f\u00fcr eine verl\u00e4ssliche Forschungserfahrung. Kaufen Sie BLUE AND YELLOW IKEA 220MG MDMA online von einer zuverl\u00e4ssigen Forschungsquelle \u2013 Ihr Partner f\u00fcr sichere und hochwertige Substanzen.<\/p>","protected":false},"excerpt":{"rendered":"<p>Achetez du MDMA bleu et jaune IKEA 220 mg - un comprim\u00e9 puissant et pur pour des sensations intenses. Test\u00e9 pour la qualit\u00e9, livraison rapide.<\/p>","protected":false},"featured_media":981,"comment_status":"open","ping_status":"closed","template":"","meta":{"_joinchat":[]},"product_brand":[],"product_cat":[2846],"product_tag":[2187,1793,2420,2423,2422,2188,2017,2164,2421,2018,2015],"class_list":{"0":"post-980","1":"product","2":"type-product","3":"status-publish","4":"has-post-thumbnail","6":"product_cat-ecstasy-pills","7":"product_tag-220mg-mdma","8":"product_tag-blue-and-yellow-ikea-220mg-mdma","9":"product_tag-blue-and-yellow-ikea-mdma","10":"product_tag-blue-and-yellow-mdma","11":"product_tag-ikea-mdma-kaufen","12":"product_tag-mdma-220mg-kaufen","13":"product_tag-mdma-kristalle","14":"product_tag-mdma-online-kaufen","15":"product_tag-mdma-prodej","16":"product_tag-mdma-zum-verkauf","17":"product_tag-synthetische-drogen","19":"first","20":"instock","21":"shipping-taxable","22":"purchasable","23":"product-type-variable"},"yoast_head":"<!-- This site is optimized with the Yoast SEO plugin v26.1.1 - https:\/\/yoast.com\/wordpress\/plugins\/seo\/ -->\n<title>BLAUE UND GELBE IKEA 220 MG MDMA online kaufen<\/title>\n<meta name=\"description\" content=\"Unser Chemgramx-Online-Shop hat hochwertiges blaues und gelbes IKEA 220 mg MDMA zu verkaufen. Wenn Sie blaues und gelbes IKEA 220 mg MDMA online kaufen m\u00f6chten, lassen Sie es uns wissen. Wir werden Ihre Anforderungen bald erf\u00fcllen!\" \/>\n<meta name=\"robots\" content=\"index, follow, max-snippet:-1, max-image-preview:large, max-video-preview:-1\" \/>\n<link rel=\"canonical\" href=\"https:\/\/chemgramx.com\/fr\/produit\/bleu-et-jaune-ikea-220-mg-mdma\/\" \/>\n<meta property=\"og:locale\" content=\"fr_FR\" \/>\n<meta property=\"og:type\" content=\"article\" \/>\n<meta property=\"og:title\" content=\"BLAUE UND GELBE IKEA 220 MG MDMA online kaufen\" \/>\n<meta property=\"og:description\" content=\"Unser Chemgramx-Online-Shop hat hochwertiges blaues und gelbes IKEA 220 mg MDMA zu verkaufen. Wenn Sie blaues und gelbes IKEA 220 mg MDMA online kaufen m\u00f6chten, lassen Sie es uns wissen. Wir werden Ihre Anforderungen bald erf\u00fcllen!\" \/>\n<meta property=\"og:url\" content=\"https:\/\/chemgramx.com\/fr\/produit\/bleu-et-jaune-ikea-220-mg-mdma\/\" \/>\n<meta property=\"og:site_name\" content=\"Chemgramx\" \/>\n<meta property=\"article:modified_time\" content=\"2025-10-16T05:07:50+00:00\" \/>\n<meta property=\"og:image\" content=\"https:\/\/chemgramx.com\/wp-content\/uploads\/2024\/12\/BLUE-AND-YELLOW-IKEA-220MG-MDMA.png\" \/>\n\t<meta property=\"og:image:width\" content=\"600\" \/>\n\t<meta property=\"og:image:height\" content=\"400\" \/>\n\t<meta property=\"og:image:type\" content=\"image\/png\" \/>\n<meta name=\"twitter:card\" content=\"summary_large_image\" \/>\n<meta name=\"twitter:label1\" content=\"Dur\u00e9e de lecture estim\u00e9e\" \/>\n\t<meta name=\"twitter:data1\" content=\"3 minutes\" \/>\n<script type=\"application\/ld+json\" class=\"yoast-schema-graph\">{\"@context\":\"https:\/\/schema.org\",\"@graph\":[{\"@type\":\"WebPage\",\"@id\":\"https:\/\/chemgramx.com\/product\/blaue-und-gelbe-ikea-220-mg-mdma\/\",\"url\":\"https:\/\/chemgramx.com\/product\/blaue-und-gelbe-ikea-220-mg-mdma\/\",\"name\":\"BLAUE UND GELBE IKEA 220 MG MDMA online kaufen\",\"isPartOf\":{\"@id\":\"https:\/\/chemgramx.com\/#website\"},\"primaryImageOfPage\":{\"@id\":\"https:\/\/chemgramx.com\/product\/blaue-und-gelbe-ikea-220-mg-mdma\/#primaryimage\"},\"image\":{\"@id\":\"https:\/\/chemgramx.com\/product\/blaue-und-gelbe-ikea-220-mg-mdma\/#primaryimage\"},\"thumbnailUrl\":\"https:\/\/chemgramx.com\/wp-content\/uploads\/2024\/12\/BLUE-AND-YELLOW-IKEA-220MG-MDMA.png\",\"datePublished\":\"2024-12-07T13:53:07+00:00\",\"dateModified\":\"2025-10-16T05:07:50+00:00\",\"description\":\"Unser Chemgramx-Online-Shop hat hochwertiges blaues und gelbes IKEA 220 mg MDMA zu verkaufen. Wenn Sie blaues und gelbes IKEA 220 mg MDMA online kaufen m\u00f6chten, lassen Sie es uns wissen. Wir werden Ihre Anforderungen bald erf\u00fcllen!\",\"breadcrumb\":{\"@id\":\"https:\/\/chemgramx.com\/product\/blaue-und-gelbe-ikea-220-mg-mdma\/#breadcrumb\"},\"inLanguage\":\"fr-FR\",\"potentialAction\":[{\"@type\":\"ReadAction\",\"target\":[\"https:\/\/chemgramx.com\/product\/blaue-und-gelbe-ikea-220-mg-mdma\/\"]}]},{\"@type\":\"ImageObject\",\"inLanguage\":\"fr-FR\",\"@id\":\"https:\/\/chemgramx.com\/product\/blaue-und-gelbe-ikea-220-mg-mdma\/#primaryimage\",\"url\":\"https:\/\/chemgramx.com\/wp-content\/uploads\/2024\/12\/BLUE-AND-YELLOW-IKEA-220MG-MDMA.png\",\"contentUrl\":\"https:\/\/chemgramx.com\/wp-content\/uploads\/2024\/12\/BLUE-AND-YELLOW-IKEA-220MG-MDMA.png\",\"width\":600,\"height\":400,\"caption\":\"BLAUE UND GELBE IKEA 220 MG MDMA online kaufen\"},{\"@type\":\"BreadcrumbList\",\"@id\":\"https:\/\/chemgramx.com\/product\/blaue-und-gelbe-ikea-220-mg-mdma\/#breadcrumb\",\"itemListElement\":[{\"@type\":\"ListItem\",\"position\":1,\"name\":\"Home\",\"item\":\"https:\/\/chemgramx.com\/\"},{\"@type\":\"ListItem\",\"position\":2,\"name\":\"Shop\",\"item\":\"https:\/\/chemgramx.com\/shop\/\"},{\"@type\":\"ListItem\",\"position\":3,\"name\":\"BLUE AND YELLOW IKEA 220MG MDMA Online kaufen\"}]},{\"@type\":\"WebSite\",\"@id\":\"https:\/\/chemgramx.com\/#website\",\"url\":\"https:\/\/chemgramx.com\/\",\"name\":\"Chemgramx\",\"description\":\"\",\"publisher\":{\"@id\":\"https:\/\/chemgramx.com\/#organization\"},\"potentialAction\":[{\"@type\":\"SearchAction\",\"target\":{\"@type\":\"EntryPoint\",\"urlTemplate\":\"https:\/\/chemgramx.com\/?s={search_term_string}\"},\"query-input\":{\"@type\":\"PropertyValueSpecification\",\"valueRequired\":true,\"valueName\":\"search_term_string\"}}],\"inLanguage\":\"fr-FR\"},{\"@type\":\"Organization\",\"@id\":\"https:\/\/chemgramx.com\/#organization\",\"name\":\"Chemgramx\",\"url\":\"https:\/\/chemgramx.com\/\",\"logo\":{\"@type\":\"ImageObject\",\"inLanguage\":\"fr-FR\",\"@id\":\"https:\/\/chemgramx.com\/#\/schema\/logo\/image\/\",\"url\":\"https:\/\/chemgramx.com\/wp-content\/uploads\/2024\/10\/final-logo.png\",\"contentUrl\":\"https:\/\/chemgramx.com\/wp-content\/uploads\/2024\/10\/final-logo.png\",\"width\":250,\"height\":48,\"caption\":\"Chemgramx\"},\"image\":{\"@id\":\"https:\/\/chemgramx.com\/#\/schema\/logo\/image\/\"}}]}<\/script>\n<!-- \/ Yoast SEO plugin. -->","yoast_head_json":{"title":"BLEU ET JAUNE IKEA 220 MG MDMA acheter en ligne","description":"Notre boutique en ligne Chemgramx a \u00e0 vendre du IKEA bleu et jaune 220 mg MDMA de haute qualit\u00e9. Si vous souhaitez acheter du IKEA bleu et jaune 220 mg MDMA en ligne, faites-le nous savoir. Nous r\u00e9pondrons bient\u00f4t \u00e0 vos besoins !","robots":{"index":"index","follow":"follow","max-snippet":"max-snippet:-1","max-image-preview":"max-image-preview:large","max-video-preview":"max-video-preview:-1"},"canonical":"https:\/\/chemgramx.com\/fr\/produit\/bleu-et-jaune-ikea-220-mg-mdma\/","og_locale":"fr_FR","og_type":"article","og_title":"BLAUE UND GELBE IKEA 220 MG MDMA online kaufen","og_description":"Unser Chemgramx-Online-Shop hat hochwertiges blaues und gelbes IKEA 220 mg MDMA zu verkaufen. Wenn Sie blaues und gelbes IKEA 220 mg MDMA online kaufen m\u00f6chten, lassen Sie es uns wissen. Wir werden Ihre Anforderungen bald erf\u00fcllen!","og_url":"https:\/\/chemgramx.com\/fr\/produit\/bleu-et-jaune-ikea-220-mg-mdma\/","og_site_name":"Chemgramx","article_modified_time":"2025-10-16T05:07:50+00:00","og_image":[{"width":600,"height":400,"url":"https:\/\/chemgramx.com\/wp-content\/uploads\/2024\/12\/BLUE-AND-YELLOW-IKEA-220MG-MDMA.png","type":"image\/png"}],"twitter_card":"summary_large_image","twitter_misc":{"Dur\u00e9e de lecture estim\u00e9e":"3 minutes"},"schema":{"@context":"https:\/\/schema.org","@graph":[{"@type":"WebPage","@id":"https:\/\/chemgramx.com\/product\/blaue-und-gelbe-ikea-220-mg-mdma\/","url":"https:\/\/chemgramx.com\/product\/blaue-und-gelbe-ikea-220-mg-mdma\/","name":"BLEU ET JAUNE IKEA 220 MG MDMA acheter en ligne","isPartOf":{"@id":"https:\/\/chemgramx.com\/#website"},"primaryImageOfPage":{"@id":"https:\/\/chemgramx.com\/product\/blaue-und-gelbe-ikea-220-mg-mdma\/#primaryimage"},"image":{"@id":"https:\/\/chemgramx.com\/product\/blaue-und-gelbe-ikea-220-mg-mdma\/#primaryimage"},"thumbnailUrl":"https:\/\/chemgramx.com\/wp-content\/uploads\/2024\/12\/BLUE-AND-YELLOW-IKEA-220MG-MDMA.png","datePublished":"2024-12-07T13:53:07+00:00","dateModified":"2025-10-16T05:07:50+00:00","description":"Notre boutique en ligne Chemgramx a \u00e0 vendre du IKEA bleu et jaune 220 mg MDMA de haute qualit\u00e9. Si vous souhaitez acheter du IKEA bleu et jaune 220 mg MDMA en ligne, faites-le nous savoir. Nous r\u00e9pondrons bient\u00f4t \u00e0 vos besoins !","breadcrumb":{"@id":"https:\/\/chemgramx.com\/product\/blaue-und-gelbe-ikea-220-mg-mdma\/#breadcrumb"},"inLanguage":"fr-FR","potentialAction":[{"@type":"ReadAction","target":["https:\/\/chemgramx.com\/product\/blaue-und-gelbe-ikea-220-mg-mdma\/"]}]},{"@type":"ImageObject","inLanguage":"fr-FR","@id":"https:\/\/chemgramx.com\/product\/blaue-und-gelbe-ikea-220-mg-mdma\/#primaryimage","url":"https:\/\/chemgramx.com\/wp-content\/uploads\/2024\/12\/BLUE-AND-YELLOW-IKEA-220MG-MDMA.png","contentUrl":"https:\/\/chemgramx.com\/wp-content\/uploads\/2024\/12\/BLUE-AND-YELLOW-IKEA-220MG-MDMA.png","width":600,"height":400,"caption":"BLAUE UND GELBE IKEA 220 MG MDMA online kaufen"},{"@type":"BreadcrumbList","@id":"https:\/\/chemgramx.com\/product\/blaue-und-gelbe-ikea-220-mg-mdma\/#breadcrumb","itemListElement":[{"@type":"ListItem","position":1,"name":"Home","item":"https:\/\/chemgramx.com\/"},{"@type":"ListItem","position":2,"name":"Shop","item":"https:\/\/chemgramx.com\/shop\/"},{"@type":"ListItem","position":3,"name":"BLUE AND YELLOW IKEA 220MG MDMA Online kaufen"}]},{"@type":"WebSite","@id":"https:\/\/chemgramx.com\/#website","url":"https:\/\/chemgramx.com\/","name":"Chemgramx","description":"","publisher":{"@id":"https:\/\/chemgramx.com\/#organization"},"potentialAction":[{"@type":"SearchAction","target":{"@type":"EntryPoint","urlTemplate":"https:\/\/chemgramx.com\/?s={search_term_string}"},"query-input":{"@type":"PropertyValueSpecification","valueRequired":true,"valueName":"search_term_string"}}],"inLanguage":"fr-FR"},{"@type":"Organization","@id":"https:\/\/chemgramx.com\/#organization","name":"Chemgramx","url":"https:\/\/chemgramx.com\/","logo":{"@type":"ImageObject","inLanguage":"fr-FR","@id":"https:\/\/chemgramx.com\/#\/schema\/logo\/image\/","url":"https:\/\/chemgramx.com\/wp-content\/uploads\/2024\/10\/final-logo.png","contentUrl":"https:\/\/chemgramx.com\/wp-content\/uploads\/2024\/10\/final-logo.png","width":250,"height":48,"caption":"Chemgramx"},"image":{"@id":"https:\/\/chemgramx.com\/#\/schema\/logo\/image\/"}}]}},"_links":{"self":[{"href":"https:\/\/chemgramx.com\/fr\/wp-json\/wp\/v2\/product\/980","targetHints":{"allow":["GET"]}}],"collection":[{"href":"https:\/\/chemgramx.com\/fr\/wp-json\/wp\/v2\/product"}],"about":[{"href":"https:\/\/chemgramx.com\/fr\/wp-json\/wp\/v2\/types\/product"}],"replies":[{"embeddable":true,"href":"https:\/\/chemgramx.com\/fr\/wp-json\/wp\/v2\/comments?post=980"}],"wp:featuredmedia":[{"embeddable":true,"href":"https:\/\/chemgramx.com\/fr\/wp-json\/wp\/v2\/media\/981"}],"wp:attachment":[{"href":"https:\/\/chemgramx.com\/fr\/wp-json\/wp\/v2\/media?parent=980"}],"wp:term":[{"taxonomy":"product_brand","embeddable":true,"href":"https:\/\/chemgramx.com\/fr\/wp-json\/wp\/v2\/product_brand?post=980"},{"taxonomy":"product_cat","embeddable":true,"href":"https:\/\/chemgramx.com\/fr\/wp-json\/wp\/v2\/product_cat?post=980"},{"taxonomy":"product_tag","embeddable":true,"href":"https:\/\/chemgramx.com\/fr\/wp-json\/wp\/v2\/product_tag?post=980"}],"curies":[{"name":"wp","href":"https:\/\/api.w.org\/{rel}","templated":true}]}}