{"id":986,"date":"2024-12-07T14:27:25","date_gmt":"2024-12-07T14:27:25","guid":{"rendered":"https:\/\/chemgramx.com\/?post_type=product&#038;p=986"},"modified":"2025-10-16T05:53:40","modified_gmt":"2025-10-16T05:53:40","slug":"am-087","status":"publish","type":"product","link":"https:\/\/chemgramx.com\/fr\/produit\/am-087\/","title":{"rendered":"Acheter AM-087 en ligne"},"content":{"rendered":"<h2 data-start=\"122\" data-end=\"198\">AM-087 Online kaufen \u2013 AM-087 online kaufen von einer zuverl\u00e4ssigen Forschungsquelle<\/h2>\n<p data-start=\"217\" data-end=\"522\">AM-087 online kaufen bietet eine hochwertige synthetische Chemikalie, die speziell f\u00fcr Laborforschungszwecke entwickelt wurde. Dank hoher Reinheit, Stabilit\u00e4t und Pr\u00e4zision ist <a href=\"https:\/\/chemgramx.com\/fr\/produit\/am-087\/\">Acheter AM-087 en ligne<\/a> id\u00e9al pour les applications exp\u00e9rimentales, les \u00e9tudes pharmacologiques, l'analyse des r\u00e9cepteurs et la synth\u00e8se chimique.<\/p>\n<h3 data-start=\"524\" data-end=\"544\">Qu'est-ce que l'AM-087 ?<\/h3>\n<p data-start=\"546\" data-end=\"830\"><a href=\"https:\/\/en.wikipedia.org\/wiki\/AM-087\">AM-087<\/a> for sale ist eine vertrauensw\u00fcrdige Wahl f\u00fcr Wissenschaftler und Labore, die zuverl\u00e4ssige und konsistente Ergebnisse bei ihren Projekten ben\u00f6tigen. Jede Charge wird sorgf\u00e4ltig getestet, um sicherzustellen, dass AM-087 Preis den h\u00f6chsten Qualit\u00e4tsstandards entspricht.<\/p>\n<h3 data-start=\"832\" data-end=\"863\">Principales caract\u00e9ristiques et avantages<\/h3>\n<ul data-start=\"865\" data-end=\"1241\">\n<li data-start=\"865\" data-end=\"945\">\n<p data-start=\"867\" data-end=\"945\">Pour des r\u00e9sultats scientifiques pr\u00e9cis et fiables<\/p>\n<\/li>\n<li data-start=\"946\" data-end=\"1024\">\n<p data-start=\"948\" data-end=\"1024\">Con\u00e7u pour des applications exp\u00e9rimentales avanc\u00e9es<\/p>\n<\/li>\n<li data-start=\"1025\" data-end=\"1118\">\n<p data-start=\"1027\" data-end=\"1118\">Contr\u00f4le de qualit\u00e9 : chaque lot est soumis \u00e0 un contr\u00f4le de qualit\u00e9 approfondi.<\/p>\n<\/li>\n<li data-start=\"1119\" data-end=\"1241\">\n<p data-start=\"1121\" data-end=\"1241\">Utilisations polyvalentes : Parfait pour les \u00e9tudes pharmacologiques, l'analyse des r\u00e9cepteurs et les exp\u00e9riences chimiques<\/p>\n<\/li>\n<\/ul>\n<h3 data-start=\"1243\" data-end=\"1275\">Pourquoi acheter AM-087 en ligne ?<\/h3>\n<p data-start=\"1277\" data-end=\"1412\">Forscher und Labore w\u00e4hlen, AM-087 kaufen, um Zugriff auf gepr\u00fcfte, hochwertige Chemikalien zu erhalten. Der Online-Kauf erm\u00f6glicht:<\/p>\n<ul data-start=\"1414\" data-end=\"1647\">\n<li data-start=\"1414\" data-end=\"1457\">\n<p data-start=\"1416\" data-end=\"1457\">Livraison discr\u00e8te dans le monde entier<\/p>\n<\/li>\n<li data-start=\"1458\" data-end=\"1510\">\n<p data-start=\"1460\" data-end=\"1510\">Des prix transparents et une qualit\u00e9 de produit test\u00e9e<\/p>\n<\/li>\n<li data-start=\"1511\" data-end=\"1575\">\n<p data-start=\"1513\" data-end=\"1575\">Acc\u00e8s facile \u00e0 diff\u00e9rentes quantit\u00e9s et niveaux de puret\u00e9<\/p>\n<\/li>\n<li data-start=\"1576\" data-end=\"1647\">\n<p data-start=\"1578\" data-end=\"1647\">Traitement rapide des commandes\u00a0: commandez AM-087 aupr\u00e8s de fournisseurs r\u00e9put\u00e9s<\/p>\n<\/li>\n<\/ul>\n<h3 data-start=\"1649\" data-end=\"1687\">O\u00f9 puis-je acheter AM-087 en ligne ?<\/h3>\n<p data-start=\"1689\" data-end=\"1930\">Der bester Ort, um AM-087 online zu kaufen ist bei spezialisierten Anbietern, die Laborberichte, Reinheitspr\u00fcfungen und sichere Versandoptionen bieten. Pr\u00fcfen Sie stets die Anbieterinformationen, bevor Sie Wo kann man AM-087 kaufen? entscheiden.<\/p>\n<h3 data-start=\"1932\" data-end=\"1942\">Conclusion<\/h3>\n<p data-start=\"1944\" data-end=\"2261\">AM-087 online kaufen ist die ideale Wahl f\u00fcr Labore und Forscher, die eine hochwertige, zuverl\u00e4ssige und pr\u00e4zise Chemikalie ben\u00f6tigen. Mit gepr\u00fcfter Qualit\u00e4t, konsistenter Dosierung und stabiler Formulierung ist AM-087 zu verkaufen perfekt f\u00fcr fortgeschrittene wissenschaftliche Experimente und Forschungsprojekte.<\/p>","protected":false},"excerpt":{"rendered":"<p style=\"text-align: center;\"><strong>AM-087<\/strong><\/p>\n<p>AM-087 est un produit chimique synth\u00e9tique d\u00e9velopp\u00e9 \u00e0 des fins de recherche et offrant une grande puret\u00e9 et stabilit\u00e9. Il est parfait pour les projets scientifiques avanc\u00e9s, les analyses et les \u00e9tudes pharmacologiques. Chaque lot est soumis \u00e0 un contr\u00f4le de qualit\u00e9 rigoureux afin de r\u00e9pondre aux normes les plus strictes. Le choix id\u00e9al pour les laboratoires professionnels \u00e0 la recherche de r\u00e9sultats fiables.<\/p>","protected":false},"featured_media":987,"comment_status":"open","ping_status":"closed","template":"","meta":{"_joinchat":[]},"product_brand":[],"product_cat":[1794],"product_tag":[1822,1828,1823,1826,1827,1825,1824,188,1814,333],"class_list":{"0":"post-986","1":"product","2":"type-product","3":"status-publish","4":"has-post-thumbnail","6":"product_cat-am-serie","7":"product_tag-am-087","8":"product_tag-am-087-chemikalien","9":"product_tag-am-087-kaufen","10":"product_tag-am-087-kristalle","11":"product_tag-am-087-online","12":"product_tag-am-087-pulver","13":"product_tag-am-087-zum-verkauf","14":"product_tag-forschungschemikalien","15":"product_tag-forschungsstoffe-kaufen","16":"product_tag-synthetische-cannabinoide","18":"first","19":"instock","20":"shipping-taxable","21":"purchasable","22":"product-type-variable"},"yoast_head":"<!-- This site is optimized with the Yoast SEO plugin v26.1.1 - https:\/\/yoast.com\/wordpress\/plugins\/seo\/ -->\n<title>AM-087 online kaufen \u2013 AM-087 zu verkaufen | chemgramx<\/title>\n<meta name=\"description\" content=\"Sie suchen hochwertiges AM-087 zum Online-Verkauf? Chemgramx ist ein f\u00fchrender Shop, in dem Sie AM-087 online zum besten Preis kaufen k\u00f6nnen. Jetzt mit diskretem Versand bestellen!\" \/>\n<meta name=\"robots\" content=\"index, follow, max-snippet:-1, max-image-preview:large, max-video-preview:-1\" \/>\n<link rel=\"canonical\" href=\"https:\/\/chemgramx.com\/fr\/produit\/am-087\/\" \/>\n<meta property=\"og:locale\" content=\"fr_FR\" \/>\n<meta property=\"og:type\" content=\"article\" \/>\n<meta property=\"og:title\" content=\"AM-087 online kaufen \u2013 AM-087 zu verkaufen | chemgramx\" \/>\n<meta property=\"og:description\" content=\"Sie suchen hochwertiges AM-087 zum Online-Verkauf? Chemgramx ist ein f\u00fchrender Shop, in dem Sie AM-087 online zum besten Preis kaufen k\u00f6nnen. Jetzt mit diskretem Versand bestellen!\" \/>\n<meta property=\"og:url\" content=\"https:\/\/chemgramx.com\/fr\/produit\/am-087\/\" \/>\n<meta property=\"og:site_name\" content=\"Chemgramx\" \/>\n<meta property=\"article:modified_time\" content=\"2025-10-16T05:53:40+00:00\" \/>\n<meta property=\"og:image\" content=\"https:\/\/chemgramx.com\/wp-content\/uploads\/2024\/12\/am087.png\" \/>\n\t<meta property=\"og:image:width\" content=\"600\" \/>\n\t<meta property=\"og:image:height\" content=\"400\" \/>\n\t<meta property=\"og:image:type\" content=\"image\/png\" \/>\n<meta name=\"twitter:card\" content=\"summary_large_image\" \/>\n<meta name=\"twitter:label1\" content=\"Dur\u00e9e de lecture estim\u00e9e\" \/>\n\t<meta name=\"twitter:data1\" content=\"2 minutes\" \/>\n<script type=\"application\/ld+json\" class=\"yoast-schema-graph\">{\"@context\":\"https:\/\/schema.org\",\"@graph\":[{\"@type\":\"WebPage\",\"@id\":\"https:\/\/chemgramx.com\/product\/am-087\/\",\"url\":\"https:\/\/chemgramx.com\/product\/am-087\/\",\"name\":\"AM-087 online kaufen \u2013 AM-087 zu verkaufen | chemgramx\",\"isPartOf\":{\"@id\":\"https:\/\/chemgramx.com\/#website\"},\"primaryImageOfPage\":{\"@id\":\"https:\/\/chemgramx.com\/product\/am-087\/#primaryimage\"},\"image\":{\"@id\":\"https:\/\/chemgramx.com\/product\/am-087\/#primaryimage\"},\"thumbnailUrl\":\"https:\/\/chemgramx.com\/wp-content\/uploads\/2024\/12\/am087.png\",\"datePublished\":\"2024-12-07T14:27:25+00:00\",\"dateModified\":\"2025-10-16T05:53:40+00:00\",\"description\":\"Sie suchen hochwertiges AM-087 zum Online-Verkauf? Chemgramx ist ein f\u00fchrender Shop, in dem Sie AM-087 online zum besten Preis kaufen k\u00f6nnen. Jetzt mit diskretem Versand bestellen!\",\"breadcrumb\":{\"@id\":\"https:\/\/chemgramx.com\/product\/am-087\/#breadcrumb\"},\"inLanguage\":\"fr-FR\",\"potentialAction\":[{\"@type\":\"ReadAction\",\"target\":[\"https:\/\/chemgramx.com\/product\/am-087\/\"]}]},{\"@type\":\"ImageObject\",\"inLanguage\":\"fr-FR\",\"@id\":\"https:\/\/chemgramx.com\/product\/am-087\/#primaryimage\",\"url\":\"https:\/\/chemgramx.com\/wp-content\/uploads\/2024\/12\/am087.png\",\"contentUrl\":\"https:\/\/chemgramx.com\/wp-content\/uploads\/2024\/12\/am087.png\",\"width\":600,\"height\":400,\"caption\":\"AM-087 online kaufen\"},{\"@type\":\"BreadcrumbList\",\"@id\":\"https:\/\/chemgramx.com\/product\/am-087\/#breadcrumb\",\"itemListElement\":[{\"@type\":\"ListItem\",\"position\":1,\"name\":\"Home\",\"item\":\"https:\/\/chemgramx.com\/\"},{\"@type\":\"ListItem\",\"position\":2,\"name\":\"Shop\",\"item\":\"https:\/\/chemgramx.com\/shop\/\"},{\"@type\":\"ListItem\",\"position\":3,\"name\":\"AM-087 online kaufen\"}]},{\"@type\":\"WebSite\",\"@id\":\"https:\/\/chemgramx.com\/#website\",\"url\":\"https:\/\/chemgramx.com\/\",\"name\":\"Chemgramx\",\"description\":\"\",\"publisher\":{\"@id\":\"https:\/\/chemgramx.com\/#organization\"},\"potentialAction\":[{\"@type\":\"SearchAction\",\"target\":{\"@type\":\"EntryPoint\",\"urlTemplate\":\"https:\/\/chemgramx.com\/?s={search_term_string}\"},\"query-input\":{\"@type\":\"PropertyValueSpecification\",\"valueRequired\":true,\"valueName\":\"search_term_string\"}}],\"inLanguage\":\"fr-FR\"},{\"@type\":\"Organization\",\"@id\":\"https:\/\/chemgramx.com\/#organization\",\"name\":\"Chemgramx\",\"url\":\"https:\/\/chemgramx.com\/\",\"logo\":{\"@type\":\"ImageObject\",\"inLanguage\":\"fr-FR\",\"@id\":\"https:\/\/chemgramx.com\/#\/schema\/logo\/image\/\",\"url\":\"https:\/\/chemgramx.com\/wp-content\/uploads\/2024\/10\/final-logo.png\",\"contentUrl\":\"https:\/\/chemgramx.com\/wp-content\/uploads\/2024\/10\/final-logo.png\",\"width\":250,\"height\":48,\"caption\":\"Chemgramx\"},\"image\":{\"@id\":\"https:\/\/chemgramx.com\/#\/schema\/logo\/image\/\"}}]}<\/script>\n<!-- \/ Yoast SEO plugin. -->","yoast_head_json":{"title":"AM-087 online kaufen \u2013 AM-087 zu verkaufen | chemgramx","description":"Sie suchen hochwertiges AM-087 zum Online-Verkauf? Chemgramx ist ein f\u00fchrender Shop, in dem Sie AM-087 online zum besten Preis kaufen k\u00f6nnen. Jetzt mit diskretem Versand bestellen!","robots":{"index":"index","follow":"follow","max-snippet":"max-snippet:-1","max-image-preview":"max-image-preview:large","max-video-preview":"max-video-preview:-1"},"canonical":"https:\/\/chemgramx.com\/fr\/produit\/am-087\/","og_locale":"fr_FR","og_type":"article","og_title":"AM-087 online kaufen \u2013 AM-087 zu verkaufen | chemgramx","og_description":"Sie suchen hochwertiges AM-087 zum Online-Verkauf? Chemgramx ist ein f\u00fchrender Shop, in dem Sie AM-087 online zum besten Preis kaufen k\u00f6nnen. Jetzt mit diskretem Versand bestellen!","og_url":"https:\/\/chemgramx.com\/fr\/produit\/am-087\/","og_site_name":"Chemgramx","article_modified_time":"2025-10-16T05:53:40+00:00","og_image":[{"width":600,"height":400,"url":"https:\/\/chemgramx.com\/wp-content\/uploads\/2024\/12\/am087.png","type":"image\/png"}],"twitter_card":"summary_large_image","twitter_misc":{"Dur\u00e9e de lecture estim\u00e9e":"2 minutes"},"schema":{"@context":"https:\/\/schema.org","@graph":[{"@type":"WebPage","@id":"https:\/\/chemgramx.com\/product\/am-087\/","url":"https:\/\/chemgramx.com\/product\/am-087\/","name":"AM-087 online kaufen \u2013 AM-087 zu verkaufen | chemgramx","isPartOf":{"@id":"https:\/\/chemgramx.com\/#website"},"primaryImageOfPage":{"@id":"https:\/\/chemgramx.com\/product\/am-087\/#primaryimage"},"image":{"@id":"https:\/\/chemgramx.com\/product\/am-087\/#primaryimage"},"thumbnailUrl":"https:\/\/chemgramx.com\/wp-content\/uploads\/2024\/12\/am087.png","datePublished":"2024-12-07T14:27:25+00:00","dateModified":"2025-10-16T05:53:40+00:00","description":"Sie suchen hochwertiges AM-087 zum Online-Verkauf? Chemgramx ist ein f\u00fchrender Shop, in dem Sie AM-087 online zum besten Preis kaufen k\u00f6nnen. Jetzt mit diskretem Versand bestellen!","breadcrumb":{"@id":"https:\/\/chemgramx.com\/product\/am-087\/#breadcrumb"},"inLanguage":"fr-FR","potentialAction":[{"@type":"ReadAction","target":["https:\/\/chemgramx.com\/product\/am-087\/"]}]},{"@type":"ImageObject","inLanguage":"fr-FR","@id":"https:\/\/chemgramx.com\/product\/am-087\/#primaryimage","url":"https:\/\/chemgramx.com\/wp-content\/uploads\/2024\/12\/am087.png","contentUrl":"https:\/\/chemgramx.com\/wp-content\/uploads\/2024\/12\/am087.png","width":600,"height":400,"caption":"AM-087 online kaufen"},{"@type":"BreadcrumbList","@id":"https:\/\/chemgramx.com\/product\/am-087\/#breadcrumb","itemListElement":[{"@type":"ListItem","position":1,"name":"Home","item":"https:\/\/chemgramx.com\/"},{"@type":"ListItem","position":2,"name":"Shop","item":"https:\/\/chemgramx.com\/shop\/"},{"@type":"ListItem","position":3,"name":"AM-087 online kaufen"}]},{"@type":"WebSite","@id":"https:\/\/chemgramx.com\/#website","url":"https:\/\/chemgramx.com\/","name":"Chemgramx","description":"","publisher":{"@id":"https:\/\/chemgramx.com\/#organization"},"potentialAction":[{"@type":"SearchAction","target":{"@type":"EntryPoint","urlTemplate":"https:\/\/chemgramx.com\/?s={search_term_string}"},"query-input":{"@type":"PropertyValueSpecification","valueRequired":true,"valueName":"search_term_string"}}],"inLanguage":"fr-FR"},{"@type":"Organization","@id":"https:\/\/chemgramx.com\/#organization","name":"Chemgramx","url":"https:\/\/chemgramx.com\/","logo":{"@type":"ImageObject","inLanguage":"fr-FR","@id":"https:\/\/chemgramx.com\/#\/schema\/logo\/image\/","url":"https:\/\/chemgramx.com\/wp-content\/uploads\/2024\/10\/final-logo.png","contentUrl":"https:\/\/chemgramx.com\/wp-content\/uploads\/2024\/10\/final-logo.png","width":250,"height":48,"caption":"Chemgramx"},"image":{"@id":"https:\/\/chemgramx.com\/#\/schema\/logo\/image\/"}}]}},"_links":{"self":[{"href":"https:\/\/chemgramx.com\/fr\/wp-json\/wp\/v2\/product\/986","targetHints":{"allow":["GET"]}}],"collection":[{"href":"https:\/\/chemgramx.com\/fr\/wp-json\/wp\/v2\/product"}],"about":[{"href":"https:\/\/chemgramx.com\/fr\/wp-json\/wp\/v2\/types\/product"}],"replies":[{"embeddable":true,"href":"https:\/\/chemgramx.com\/fr\/wp-json\/wp\/v2\/comments?post=986"}],"wp:featuredmedia":[{"embeddable":true,"href":"https:\/\/chemgramx.com\/fr\/wp-json\/wp\/v2\/media\/987"}],"wp:attachment":[{"href":"https:\/\/chemgramx.com\/fr\/wp-json\/wp\/v2\/media?parent=986"}],"wp:term":[{"taxonomy":"product_brand","embeddable":true,"href":"https:\/\/chemgramx.com\/fr\/wp-json\/wp\/v2\/product_brand?post=986"},{"taxonomy":"product_cat","embeddable":true,"href":"https:\/\/chemgramx.com\/fr\/wp-json\/wp\/v2\/product_cat?post=986"},{"taxonomy":"product_tag","embeddable":true,"href":"https:\/\/chemgramx.com\/fr\/wp-json\/wp\/v2\/product_tag?post=986"}],"curies":[{"name":"wp","href":"https:\/\/api.w.org\/{rel}","templated":true}]}}