{"id":988,"date":"2024-12-07T14:30:35","date_gmt":"2024-12-07T14:30:35","guid":{"rendered":"https:\/\/chemgramx.com\/?post_type=product&#038;p=988"},"modified":"2025-10-16T05:52:10","modified_gmt":"2025-10-16T05:52:10","slug":"am-2201","status":"publish","type":"product","link":"https:\/\/chemgramx.com\/fr\/produit\/am-2201\/","title":{"rendered":"Acheter AM-2201 en ligne"},"content":{"rendered":"<h2 data-start=\"125\" data-end=\"203\">AM-2201 Online kaufen \u2013 AM-2201 online kaufen von einer zuverl\u00e4ssigen Forschungsquelle<\/h2>\n<p data-start=\"222\" data-end=\"508\"><a href=\"https:\/\/chemgramx.com\/fr\/produit\/am-2201\/\">AM-2201 Online kaufen<\/a> est un produit chimique synth\u00e9tique d\u00e9velopp\u00e9 pour la recherche et l'exp\u00e9rimentation scientifiques avanc\u00e9es. Ce produit se caract\u00e9rise par une grande puret\u00e9 et stabilit\u00e9, ce qui en fait un choix id\u00e9al pour les \u00e9tudes de laboratoire avec<\/p>\n<h3 data-start=\"510\" data-end=\"531\">Qu'est-ce que l'AM-2201 ?<\/h3>\n<p data-start=\"533\" data-end=\"849\"><a href=\"https:\/\/en.wikipedia.org\/wiki\/AM-2201\">AM-2201<\/a> zu verkaufen ist eine beliebte Forschungschemikalie unter Wissenschaftlern, die pharmakologische Studien, chemische Analysen und Rezeptortests durchf\u00fchren. Jede Charge wird gr\u00fcndlich gepr\u00fcft, um sicherzustellen, dass AM-2201 online kaufen strenge Qualit\u00e4tsstandards erf\u00fcllt und pr\u00e4zise Ergebnisse liefert.<\/p>\n<h3 data-start=\"851\" data-end=\"882\">Principales caract\u00e9ristiques et avantages<\/h3>\n<ul data-start=\"884\" data-end=\"1215\">\n<li data-start=\"884\" data-end=\"959\">\n<p data-start=\"886\" data-end=\"959\">Grande puret\u00e9 : garantit des r\u00e9sultats pr\u00e9cis et fiables pour les exp\u00e9riences scientifiques<\/p>\n<\/li>\n<li data-start=\"960\" data-end=\"1038\">\n<p data-start=\"962\" data-end=\"1038\">Fiabilit\u00e9 : une formulation stable pour des exp\u00e9riences coh\u00e9rentes<\/p>\n<\/li>\n<li data-start=\"1039\" data-end=\"1133\">\n<p data-start=\"1041\" data-end=\"1133\">Large \u00e9ventail d'applications : parfait pour les \u00e9tudes pharmacologiques et les analyses chimiques<\/p>\n<\/li>\n<li data-start=\"1134\" data-end=\"1215\">\n<p data-start=\"1136\" data-end=\"1215\">Qualit\u00e9 contr\u00f4l\u00e9e : chaque lot est soumis \u00e0 un contr\u00f4le de qualit\u00e9 approfondi<\/p>\n<\/li>\n<\/ul>\n<h3 data-start=\"1217\" data-end=\"1250\">Pourquoi acheter AM-2201 en ligne ?<\/h3>\n<p data-start=\"1252\" data-end=\"1387\">Forscher und Labore w\u00e4hlen, AM-2201 kaufen, um Zugang zu gepr\u00fcften, hochwertigen Chemikalien zu erhalten. Vorteile beim Online-Kauf:<\/p>\n<ul data-start=\"1389\" data-end=\"1557\">\n<li data-start=\"1389\" data-end=\"1428\">\n<p data-start=\"1391\" data-end=\"1428\">Commander facilement depuis chez vous<\/p>\n<\/li>\n<li data-start=\"1429\" data-end=\"1460\">\n<p data-start=\"1431\" data-end=\"1460\">Livraison discr\u00e8te dans le monde entier<\/p>\n<\/li>\n<li data-start=\"1461\" data-end=\"1522\">\n<p data-start=\"1463\" data-end=\"1522\">Tarification transparente et m\u00e9thodes de paiement s\u00e9curis\u00e9es<\/p>\n<\/li>\n<li data-start=\"1523\" data-end=\"1557\">\n<p data-start=\"1525\" data-end=\"1557\">Acc\u00e8s \u00e0 des tests de laboratoire test\u00e9s<\/p>\n<\/li>\n<\/ul>\n<h3 data-start=\"1559\" data-end=\"1598\">O\u00f9 puis-je acheter AM-2201en ligne ?<\/h3>\n<p data-start=\"1600\" data-end=\"1821\">Der bester Ort, um AM-2201 online zu kaufen ist bei seri\u00f6sen Anbietern, die Laborberichte, gepr\u00fcfte Reinheit und sichere Versandoptionen bieten. Pr\u00fcfen Sie die Verf\u00fcgbarkeit und Preise, bevor Sie order AM-2201 t\u00e4tigen.<\/p>\n<h3 data-start=\"1823\" data-end=\"1833\">Conclusion<\/h3>\n<p data-start=\"1835\" data-end=\"2109\">AM-2201 online kaufen bietet Forschern und Labors eine stabile, hochwertige und zuverl\u00e4ssige Chemikalie f\u00fcr anspruchsvolle Experimente. Mit gepr\u00fcfter Qualit\u00e4t und konsistenter Formulierung ist AM-2201 zu verkaufen die ideale Wahl f\u00fcr professionelle Forschungsanwendungen.<\/p>","protected":false},"excerpt":{"rendered":"<h4 style=\"text-align: center;\">AM-2201<\/h4>\n<hr \/>\n<p>AM-2201 est un produit chimique synth\u00e9tique de haute qualit\u00e9, con\u00e7u pour la recherche en laboratoire. Il offre une clart\u00e9 et une stabilit\u00e9 exceptionnelles pour des exp\u00e9riences pr\u00e9cises. C'est un choix id\u00e9al pour les \u00e9tudes et les analyses scientifiques. Chaque lot est soumis \u00e0 un contr\u00f4le de qualit\u00e9 rigoureux afin de garantir la fiabilit\u00e9 et la coh\u00e9rence des r\u00e9sultats. Destin\u00e9 exclusivement \u00e0 un usage en laboratoire.<\/p>","protected":false},"featured_media":990,"comment_status":"open","ping_status":"closed","template":"","meta":{"_joinchat":[]},"product_brand":[],"product_cat":[1794],"product_tag":[1815,1821,1816,1819,1820,1818,1817,188,1814,333],"class_list":{"0":"post-988","1":"product","2":"type-product","3":"status-publish","4":"has-post-thumbnail","6":"product_cat-am-serie","7":"product_tag-am-2201","8":"product_tag-am-2201-chemikalien","9":"product_tag-am-2201-kaufen","10":"product_tag-am-2201-kristalle","11":"product_tag-am-2201-online","12":"product_tag-am-2201-pulver","13":"product_tag-am-2201-zum-verkauf","14":"product_tag-forschungschemikalien","15":"product_tag-forschungsstoffe-kaufen","16":"product_tag-synthetische-cannabinoide","18":"first","19":"instock","20":"shipping-taxable","21":"purchasable","22":"product-type-variable"},"yoast_head":"<!-- This site is optimized with the Yoast SEO plugin v26.1.1 - https:\/\/yoast.com\/wordpress\/plugins\/seo\/ -->\n<title>AM-2201 online kaufen \u2013 AM-2201 zu verkaufen | chemgramx<\/title>\n<meta name=\"description\" content=\"Sie suchen hochwertiges AM-2201 zum Online-Verkauf? Chemgramx ist ein f\u00fchrender Shop, in dem Sie AM-2201 online zum besten Preis kaufen k\u00f6nnen. Jetzt mit diskretem Versand bestellen!\" \/>\n<meta name=\"robots\" content=\"index, follow, max-snippet:-1, max-image-preview:large, max-video-preview:-1\" \/>\n<link rel=\"canonical\" href=\"https:\/\/chemgramx.com\/fr\/produit\/am-2201\/\" \/>\n<meta property=\"og:locale\" content=\"fr_FR\" \/>\n<meta property=\"og:type\" content=\"article\" \/>\n<meta property=\"og:title\" content=\"AM-2201 online kaufen \u2013 AM-2201 zu verkaufen | chemgramx\" \/>\n<meta property=\"og:description\" content=\"Sie suchen hochwertiges AM-2201 zum Online-Verkauf? Chemgramx ist ein f\u00fchrender Shop, in dem Sie AM-2201 online zum besten Preis kaufen k\u00f6nnen. Jetzt mit diskretem Versand bestellen!\" \/>\n<meta property=\"og:url\" content=\"https:\/\/chemgramx.com\/fr\/produit\/am-2201\/\" \/>\n<meta property=\"og:site_name\" content=\"Chemgramx\" \/>\n<meta property=\"article:modified_time\" content=\"2025-10-16T05:52:10+00:00\" \/>\n<meta property=\"og:image\" content=\"https:\/\/chemgramx.com\/wp-content\/uploads\/2024\/12\/am-2201.png\" \/>\n\t<meta property=\"og:image:width\" content=\"600\" \/>\n\t<meta property=\"og:image:height\" content=\"400\" \/>\n\t<meta property=\"og:image:type\" content=\"image\/png\" \/>\n<meta name=\"twitter:card\" content=\"summary_large_image\" \/>\n<meta name=\"twitter:label1\" content=\"Dur\u00e9e de lecture estim\u00e9e\" \/>\n\t<meta name=\"twitter:data1\" content=\"2 minutes\" \/>\n<script type=\"application\/ld+json\" class=\"yoast-schema-graph\">{\"@context\":\"https:\/\/schema.org\",\"@graph\":[{\"@type\":\"WebPage\",\"@id\":\"https:\/\/chemgramx.com\/product\/am-2201\/\",\"url\":\"https:\/\/chemgramx.com\/product\/am-2201\/\",\"name\":\"AM-2201 online kaufen \u2013 AM-2201 zu verkaufen | chemgramx\",\"isPartOf\":{\"@id\":\"https:\/\/chemgramx.com\/#website\"},\"primaryImageOfPage\":{\"@id\":\"https:\/\/chemgramx.com\/product\/am-2201\/#primaryimage\"},\"image\":{\"@id\":\"https:\/\/chemgramx.com\/product\/am-2201\/#primaryimage\"},\"thumbnailUrl\":\"https:\/\/chemgramx.com\/wp-content\/uploads\/2024\/12\/am-2201.png\",\"datePublished\":\"2024-12-07T14:30:35+00:00\",\"dateModified\":\"2025-10-16T05:52:10+00:00\",\"description\":\"Sie suchen hochwertiges AM-2201 zum Online-Verkauf? Chemgramx ist ein f\u00fchrender Shop, in dem Sie AM-2201 online zum besten Preis kaufen k\u00f6nnen. Jetzt mit diskretem Versand bestellen!\",\"breadcrumb\":{\"@id\":\"https:\/\/chemgramx.com\/product\/am-2201\/#breadcrumb\"},\"inLanguage\":\"fr-FR\",\"potentialAction\":[{\"@type\":\"ReadAction\",\"target\":[\"https:\/\/chemgramx.com\/product\/am-2201\/\"]}]},{\"@type\":\"ImageObject\",\"inLanguage\":\"fr-FR\",\"@id\":\"https:\/\/chemgramx.com\/product\/am-2201\/#primaryimage\",\"url\":\"https:\/\/chemgramx.com\/wp-content\/uploads\/2024\/12\/am-2201.png\",\"contentUrl\":\"https:\/\/chemgramx.com\/wp-content\/uploads\/2024\/12\/am-2201.png\",\"width\":600,\"height\":400,\"caption\":\"AM-2201 online kaufen\"},{\"@type\":\"BreadcrumbList\",\"@id\":\"https:\/\/chemgramx.com\/product\/am-2201\/#breadcrumb\",\"itemListElement\":[{\"@type\":\"ListItem\",\"position\":1,\"name\":\"Home\",\"item\":\"https:\/\/chemgramx.com\/\"},{\"@type\":\"ListItem\",\"position\":2,\"name\":\"Shop\",\"item\":\"https:\/\/chemgramx.com\/shop\/\"},{\"@type\":\"ListItem\",\"position\":3,\"name\":\"AM-2201 online kaufen\"}]},{\"@type\":\"WebSite\",\"@id\":\"https:\/\/chemgramx.com\/#website\",\"url\":\"https:\/\/chemgramx.com\/\",\"name\":\"Chemgramx\",\"description\":\"\",\"publisher\":{\"@id\":\"https:\/\/chemgramx.com\/#organization\"},\"potentialAction\":[{\"@type\":\"SearchAction\",\"target\":{\"@type\":\"EntryPoint\",\"urlTemplate\":\"https:\/\/chemgramx.com\/?s={search_term_string}\"},\"query-input\":{\"@type\":\"PropertyValueSpecification\",\"valueRequired\":true,\"valueName\":\"search_term_string\"}}],\"inLanguage\":\"fr-FR\"},{\"@type\":\"Organization\",\"@id\":\"https:\/\/chemgramx.com\/#organization\",\"name\":\"Chemgramx\",\"url\":\"https:\/\/chemgramx.com\/\",\"logo\":{\"@type\":\"ImageObject\",\"inLanguage\":\"fr-FR\",\"@id\":\"https:\/\/chemgramx.com\/#\/schema\/logo\/image\/\",\"url\":\"https:\/\/chemgramx.com\/wp-content\/uploads\/2024\/10\/final-logo.png\",\"contentUrl\":\"https:\/\/chemgramx.com\/wp-content\/uploads\/2024\/10\/final-logo.png\",\"width\":250,\"height\":48,\"caption\":\"Chemgramx\"},\"image\":{\"@id\":\"https:\/\/chemgramx.com\/#\/schema\/logo\/image\/\"}}]}<\/script>\n<!-- \/ Yoast SEO plugin. -->","yoast_head_json":{"title":"AM-2201 online kaufen \u2013 AM-2201 zu verkaufen | chemgramx","description":"Sie suchen hochwertiges AM-2201 zum Online-Verkauf? Chemgramx ist ein f\u00fchrender Shop, in dem Sie AM-2201 online zum besten Preis kaufen k\u00f6nnen. Jetzt mit diskretem Versand bestellen!","robots":{"index":"index","follow":"follow","max-snippet":"max-snippet:-1","max-image-preview":"max-image-preview:large","max-video-preview":"max-video-preview:-1"},"canonical":"https:\/\/chemgramx.com\/fr\/produit\/am-2201\/","og_locale":"fr_FR","og_type":"article","og_title":"AM-2201 online kaufen \u2013 AM-2201 zu verkaufen | chemgramx","og_description":"Sie suchen hochwertiges AM-2201 zum Online-Verkauf? Chemgramx ist ein f\u00fchrender Shop, in dem Sie AM-2201 online zum besten Preis kaufen k\u00f6nnen. Jetzt mit diskretem Versand bestellen!","og_url":"https:\/\/chemgramx.com\/fr\/produit\/am-2201\/","og_site_name":"Chemgramx","article_modified_time":"2025-10-16T05:52:10+00:00","og_image":[{"width":600,"height":400,"url":"https:\/\/chemgramx.com\/wp-content\/uploads\/2024\/12\/am-2201.png","type":"image\/png"}],"twitter_card":"summary_large_image","twitter_misc":{"Dur\u00e9e de lecture estim\u00e9e":"2 minutes"},"schema":{"@context":"https:\/\/schema.org","@graph":[{"@type":"WebPage","@id":"https:\/\/chemgramx.com\/product\/am-2201\/","url":"https:\/\/chemgramx.com\/product\/am-2201\/","name":"AM-2201 online kaufen \u2013 AM-2201 zu verkaufen | chemgramx","isPartOf":{"@id":"https:\/\/chemgramx.com\/#website"},"primaryImageOfPage":{"@id":"https:\/\/chemgramx.com\/product\/am-2201\/#primaryimage"},"image":{"@id":"https:\/\/chemgramx.com\/product\/am-2201\/#primaryimage"},"thumbnailUrl":"https:\/\/chemgramx.com\/wp-content\/uploads\/2024\/12\/am-2201.png","datePublished":"2024-12-07T14:30:35+00:00","dateModified":"2025-10-16T05:52:10+00:00","description":"Sie suchen hochwertiges AM-2201 zum Online-Verkauf? Chemgramx ist ein f\u00fchrender Shop, in dem Sie AM-2201 online zum besten Preis kaufen k\u00f6nnen. Jetzt mit diskretem Versand bestellen!","breadcrumb":{"@id":"https:\/\/chemgramx.com\/product\/am-2201\/#breadcrumb"},"inLanguage":"fr-FR","potentialAction":[{"@type":"ReadAction","target":["https:\/\/chemgramx.com\/product\/am-2201\/"]}]},{"@type":"ImageObject","inLanguage":"fr-FR","@id":"https:\/\/chemgramx.com\/product\/am-2201\/#primaryimage","url":"https:\/\/chemgramx.com\/wp-content\/uploads\/2024\/12\/am-2201.png","contentUrl":"https:\/\/chemgramx.com\/wp-content\/uploads\/2024\/12\/am-2201.png","width":600,"height":400,"caption":"AM-2201 online kaufen"},{"@type":"BreadcrumbList","@id":"https:\/\/chemgramx.com\/product\/am-2201\/#breadcrumb","itemListElement":[{"@type":"ListItem","position":1,"name":"Home","item":"https:\/\/chemgramx.com\/"},{"@type":"ListItem","position":2,"name":"Shop","item":"https:\/\/chemgramx.com\/shop\/"},{"@type":"ListItem","position":3,"name":"AM-2201 online kaufen"}]},{"@type":"WebSite","@id":"https:\/\/chemgramx.com\/#website","url":"https:\/\/chemgramx.com\/","name":"Chemgramx","description":"","publisher":{"@id":"https:\/\/chemgramx.com\/#organization"},"potentialAction":[{"@type":"SearchAction","target":{"@type":"EntryPoint","urlTemplate":"https:\/\/chemgramx.com\/?s={search_term_string}"},"query-input":{"@type":"PropertyValueSpecification","valueRequired":true,"valueName":"search_term_string"}}],"inLanguage":"fr-FR"},{"@type":"Organization","@id":"https:\/\/chemgramx.com\/#organization","name":"Chemgramx","url":"https:\/\/chemgramx.com\/","logo":{"@type":"ImageObject","inLanguage":"fr-FR","@id":"https:\/\/chemgramx.com\/#\/schema\/logo\/image\/","url":"https:\/\/chemgramx.com\/wp-content\/uploads\/2024\/10\/final-logo.png","contentUrl":"https:\/\/chemgramx.com\/wp-content\/uploads\/2024\/10\/final-logo.png","width":250,"height":48,"caption":"Chemgramx"},"image":{"@id":"https:\/\/chemgramx.com\/#\/schema\/logo\/image\/"}}]}},"_links":{"self":[{"href":"https:\/\/chemgramx.com\/fr\/wp-json\/wp\/v2\/product\/988","targetHints":{"allow":["GET"]}}],"collection":[{"href":"https:\/\/chemgramx.com\/fr\/wp-json\/wp\/v2\/product"}],"about":[{"href":"https:\/\/chemgramx.com\/fr\/wp-json\/wp\/v2\/types\/product"}],"replies":[{"embeddable":true,"href":"https:\/\/chemgramx.com\/fr\/wp-json\/wp\/v2\/comments?post=988"}],"wp:featuredmedia":[{"embeddable":true,"href":"https:\/\/chemgramx.com\/fr\/wp-json\/wp\/v2\/media\/990"}],"wp:attachment":[{"href":"https:\/\/chemgramx.com\/fr\/wp-json\/wp\/v2\/media?parent=988"}],"wp:term":[{"taxonomy":"product_brand","embeddable":true,"href":"https:\/\/chemgramx.com\/fr\/wp-json\/wp\/v2\/product_brand?post=988"},{"taxonomy":"product_cat","embeddable":true,"href":"https:\/\/chemgramx.com\/fr\/wp-json\/wp\/v2\/product_cat?post=988"},{"taxonomy":"product_tag","embeddable":true,"href":"https:\/\/chemgramx.com\/fr\/wp-json\/wp\/v2\/product_tag?post=988"}],"curies":[{"name":"wp","href":"https:\/\/api.w.org\/{rel}","templated":true}]}}