{"id":993,"date":"2024-12-07T14:40:08","date_gmt":"2024-12-07T14:40:08","guid":{"rendered":"https:\/\/chemgramx.com\/?post_type=product&#038;p=993"},"modified":"2025-10-15T10:35:27","modified_gmt":"2025-10-15T10:35:27","slug":"25b-nbf","status":"publish","type":"product","link":"https:\/\/chemgramx.com\/fr\/produit\/25b-nbf\/","title":{"rendered":"Achetez 25B-NBF en ligne"},"content":{"rendered":"<h2 data-start=\"127\" data-end=\"158\">Description du produit 25B-NBF<\/h2>\n<h2 data-start=\"160\" data-end=\"186\">Introduction au 25B-NBF<\/h2>\n<p data-start=\"188\" data-end=\"500\"><a href=\"https:\/\/chemgramx.com\/fr\/produit\/25b-nbf\/\">Achetez 25B-NBF en ligne<\/a>\u00a0est une option privil\u00e9gi\u00e9e pour les scientifiques et les chercheurs travaillant avec des substances psychoactives et des r\u00e9cepteurs s\u00e9rotoninergiques. Le 25B-NBF est un produit chimique de recherche synth\u00e9tique de la famille NBOMe et est utilis\u00e9 dans le monde entier pour les \u00e9tudes en laboratoire et les analyses pharmacologiques.<\/p>\n<h3 data-start=\"502\" data-end=\"523\">Qu'est-ce que 25B-NBF ?<\/h3>\n<p data-start=\"525\" data-end=\"890\"><a href=\"https:\/\/en.wikipedia.org\/wiki\/25I-NBOMe\">25B-NBF<\/a> La substance \u00e0 vendre est connue chimiquement sous le nom de 2-(4-bromo-2,5-dim\u00e9thoxyph\u00e9nyl)-N-(2-fluorobenzyl)\u00e9thanamine et appartient \u00e0 la famille des d\u00e9riv\u00e9s de la N-benzylph\u00e9n\u00e9thylamine. Cette substance se lie avec une forte affinit\u00e9 au r\u00e9cepteur 5-HT2A, responsable des effets psych\u00e9d\u00e9liques. Les chercheurs utilisent le 25B-NBF (achat en ligne) pour \u00e9tudier l'affinit\u00e9 de liaison et le spectre d'activit\u00e9.<\/p>\n<h3 data-start=\"892\" data-end=\"931\">Utilisations et effets courants<\/h3>\n<ul data-start=\"933\" data-end=\"1085\">\n<li data-start=\"933\" data-end=\"971\">\n<p data-start=\"935\" data-end=\"971\">\u00c9tudes sur les r\u00e9cepteurs s\u00e9rotoninergiques<\/p>\n<\/li>\n<li data-start=\"972\" data-end=\"1022\">\n<p data-start=\"974\" data-end=\"1022\">Forschung zu molekularen Bindungseigenschaften<\/p>\n<\/li>\n<li data-start=\"1023\" data-end=\"1085\">\n<p data-start=\"1025\" data-end=\"1085\">Analyses exp\u00e9rimentales dans le domaine de la psychopharmacologie<\/p>\n<\/li>\n<\/ul>\n<p data-start=\"1087\" data-end=\"1276\">Les observations subjectives indiquent des effets sensoriels intenses. L'ordonnance 25B-NBF est destin\u00e9e \u00e0 la recherche uniquement et n'est pas propre \u00e0 la consommation humaine.<\/p>\n<h3 data-start=\"1278\" data-end=\"1301\">Statut juridique<\/h3>\n<p data-start=\"1303\" data-end=\"1585\">La l\u00e9galit\u00e9 du 25B-NBF varie selon les pays. Dans certains pays, cette substance est autoris\u00e9e \u00e0 des fins de recherche, tandis que dans d'autres, elle peut \u00eatre soumise \u00e0 la l\u00e9gislation sur les stup\u00e9fiants ou les substances analogues. V\u00e9rifiez toujours la r\u00e9glementation locale avant de commander.<\/p>\n<h3 data-start=\"1587\" data-end=\"1620\">Warum 25B-NBF online kaufen?<\/h3>\n<ul data-start=\"1622\" data-end=\"1840\">\n<li data-start=\"1622\" data-end=\"1691\">\n<p data-start=\"1624\" data-end=\"1691\">Prix \u200b\u200bNBF attractif de 25 milliards de dollars par rapport aux magasins physiques<\/p>\n<\/li>\n<li data-start=\"1692\" data-end=\"1751\">\n<p data-start=\"1694\" data-end=\"1751\">Large choix de tailles d'emballage et de niveaux de puret\u00e9<\/p>\n<\/li>\n<li data-start=\"1752\" data-end=\"1783\">\n<p data-start=\"1754\" data-end=\"1783\">Livraison discr\u00e8te dans le monde entier<\/p>\n<\/li>\n<li data-start=\"1784\" data-end=\"1840\">\n<p data-start=\"1786\" data-end=\"1840\">M\u00e9thodes de paiement flexibles, y compris les crypto-monnaies<\/p>\n<\/li>\n<\/ul>\n<p data-start=\"1842\" data-end=\"1969\">De nombreux chercheurs choisissent d\u2019acheter du 25B-NBF pour avoir acc\u00e8s \u00e0 des produits test\u00e9s et \u00e0 des fournitures fiables.<\/p>\n<h3 data-start=\"1971\" data-end=\"2005\">Acc\u00e8s et choix<\/h3>\n<p data-start=\"2007\" data-end=\"2185\">Le march\u00e9 en ligne propose \u00e0 la vente diff\u00e9rentes quantit\u00e9s et puret\u00e9s de 25B-NBF \u2013 des petits lots d\u2019\u00e9chantillons aux quantit\u00e9s plus importantes pour des \u00e9tudes approfondies en laboratoire.<\/p>\n<h3 data-start=\"2187\" data-end=\"2210\">Livraison discr\u00e8te<\/h3>\n<p data-start=\"2212\" data-end=\"2436\">La place de march\u00e9 en ligne propose \u00e0 la vente diff\u00e9rentes quantit\u00e9s et puret\u00e9s de 25B-NBF, depuis de petits lots d'\u00e9chantillons jusqu'\u00e0 des quantit\u00e9s plus importantes pour des \u00e9tudes approfondies en laboratoire.<\/p>\n<h3 data-start=\"2438\" data-end=\"2486\">Comment choisir un fournisseur fiable ?<\/h3>\n<ul data-start=\"2488\" data-end=\"2656\">\n<li data-start=\"2488\" data-end=\"2539\">\n<p data-start=\"2490\" data-end=\"2539\">Avis et t\u00e9moignages positifs de clients<\/p>\n<\/li>\n<li data-start=\"2540\" data-end=\"2597\">\n<p data-start=\"2542\" data-end=\"2597\">Tarification transparente sans frais cach\u00e9s<\/p>\n<\/li>\n<li data-start=\"2598\" data-end=\"2627\">\n<p data-start=\"2600\" data-end=\"2627\">Service client comp\u00e9tent<\/p>\n<\/li>\n<li data-start=\"2628\" data-end=\"2656\">\n<p data-start=\"2630\" data-end=\"2656\">M\u00e9thodes de paiement s\u00e9curis\u00e9es<\/p>\n<\/li>\n<\/ul>\n<p data-start=\"2658\" data-end=\"2792\">Le meilleur endroit pour acheter du 25B-NBF en ligne est aupr\u00e8s de fournisseurs exp\u00e9riment\u00e9s poss\u00e9dant une expertise av\u00e9r\u00e9e dans la communaut\u00e9 des produits chimiques de recherche.<\/p>\n<h3 data-start=\"2794\" data-end=\"2817\">Politiques d'exp\u00e9dition<\/h3>\n<p data-start=\"2819\" data-end=\"2879\">Vor der Bestellung sollten folgende Punkte gepr\u00fcft werden:<\/p>\n<ul data-start=\"2881\" data-end=\"3132\">\n<li data-start=\"2881\" data-end=\"2924\">\n<p data-start=\"2883\" data-end=\"2924\">D\u00e9lais de livraison (nationaux et internationaux)<\/p>\n<\/li>\n<li data-start=\"2925\" data-end=\"2976\">\n<p data-start=\"2927\" data-end=\"2976\">Neutrale Verpackung ohne Hinweis auf den Inhalt<\/p>\n<\/li>\n<li data-start=\"2977\" data-end=\"3009\">\n<p data-start=\"2979\" data-end=\"3009\">Suivi d'exp\u00e9dition disponible<\/p>\n<\/li>\n<li data-start=\"3010\" data-end=\"3132\">\n<p data-start=\"3012\" data-end=\"3132\">Risiken und \u00dcberlegungen: nur f\u00fcr Forschungszwecke, rechtliche Risiken je nach Standort, sichere Lagerung erforderlich<\/p>\n<\/li>\n<\/ul>\n<h3 data-start=\"3134\" data-end=\"3144\">Conclusion<\/h3>\n<p data-start=\"3146\" data-end=\"3387\">Pour acheter du 25B-NBF, profitez de prix attractifs, d'un large choix de produits et d'une livraison discr\u00e8te. Avec un fournisseur fiable, l'achat de 25B-NBF en ligne est s\u00e9curis\u00e9, professionnel et fiable.<\/p>","protected":false},"excerpt":{"rendered":"<p style=\"text-align: center;\">25B-NBF<\/p>\n<hr \/>\n<p>Le 25B-NBF est un produit chimique synth\u00e9tique de haute qualit\u00e9, id\u00e9al pour la recherche en laboratoire. Sa puret\u00e9 et sa stabilit\u00e9 exceptionnelles en font un produit parfait pour les \u00e9tudes pharmacologiques et les exp\u00e9riences d'analyse des r\u00e9cepteurs. Chaque lot est soumis \u00e0 un contr\u00f4le de qualit\u00e9 approfondi qui garantit des r\u00e9sultats fiables. Destin\u00e9 uniquement \u00e0 des fins scientifiques.<\/p>","protected":false},"featured_media":995,"comment_status":"open","ping_status":"closed","template":"","meta":{"_joinchat":[]},"product_brand":[],"product_cat":[1795],"product_tag":[1897,1903,1898,1901,1902,1900,1899,188,1814,1894],"class_list":{"0":"post-993","1":"product","2":"type-product","3":"status-publish","4":"has-post-thumbnail","6":"product_cat-2c-serie","7":"product_tag-25b-nbf","8":"product_tag-25b-nbf-chemikalien","9":"product_tag-25b-nbf-kaufen","10":"product_tag-25b-nbf-kristalle","11":"product_tag-25b-nbf-online","12":"product_tag-25b-nbf-pulver","13":"product_tag-25b-nbf-zum-verkauf","14":"product_tag-forschungschemikalien","15":"product_tag-forschungsstoffe-kaufen","16":"product_tag-synthetische-halluzinogene","18":"first","19":"instock","20":"shipping-taxable","21":"purchasable","22":"product-type-variable"},"yoast_head":"<!-- This site is optimized with the Yoast SEO plugin v26.1.1 - https:\/\/yoast.com\/wordpress\/plugins\/seo\/ -->\n<title>25B-NBF online Kaufen \u2013 25B-NBF zu verkaufen<\/title>\n<meta name=\"description\" content=\"Wenn Sie sich f\u00fcr 25b-nbf begeistern, dann ist unser Shop der beste Ort, um 25b-nbf online zu kaufen. Sie k\u00f6nnen 25b-nbf zum niedrigsten Preis kaufen. Bestellen Sie jetzt und erhalten Sie es in K\u00fcrze!\" \/>\n<meta name=\"robots\" content=\"index, follow, max-snippet:-1, max-image-preview:large, max-video-preview:-1\" \/>\n<link rel=\"canonical\" href=\"https:\/\/chemgramx.com\/fr\/produit\/25b-nbf\/\" \/>\n<meta property=\"og:locale\" content=\"fr_FR\" \/>\n<meta property=\"og:type\" content=\"article\" \/>\n<meta property=\"og:title\" content=\"25B-NBF online Kaufen \u2013 25B-NBF zu verkaufen\" \/>\n<meta property=\"og:description\" content=\"Wenn Sie sich f\u00fcr 25b-nbf begeistern, dann ist unser Shop der beste Ort, um 25b-nbf online zu kaufen. Sie k\u00f6nnen 25b-nbf zum niedrigsten Preis kaufen. Bestellen Sie jetzt und erhalten Sie es in K\u00fcrze!\" \/>\n<meta property=\"og:url\" content=\"https:\/\/chemgramx.com\/fr\/produit\/25b-nbf\/\" \/>\n<meta property=\"og:site_name\" content=\"Chemgramx\" \/>\n<meta property=\"article:modified_time\" content=\"2025-10-15T10:35:27+00:00\" \/>\n<meta property=\"og:image\" content=\"https:\/\/chemgramx.com\/wp-content\/uploads\/2024\/12\/25bnbf.jpg\" \/>\n\t<meta property=\"og:image:width\" content=\"600\" \/>\n\t<meta property=\"og:image:height\" content=\"400\" \/>\n\t<meta property=\"og:image:type\" content=\"image\/jpeg\" \/>\n<meta name=\"twitter:card\" content=\"summary_large_image\" \/>\n<meta name=\"twitter:label1\" content=\"Dur\u00e9e de lecture estim\u00e9e\" \/>\n\t<meta name=\"twitter:data1\" content=\"2 minutes\" \/>\n<script type=\"application\/ld+json\" class=\"yoast-schema-graph\">{\"@context\":\"https:\/\/schema.org\",\"@graph\":[{\"@type\":\"WebPage\",\"@id\":\"https:\/\/chemgramx.com\/product\/25b-nbf\/\",\"url\":\"https:\/\/chemgramx.com\/product\/25b-nbf\/\",\"name\":\"25B-NBF online Kaufen \u2013 25B-NBF zu verkaufen\",\"isPartOf\":{\"@id\":\"https:\/\/chemgramx.com\/#website\"},\"primaryImageOfPage\":{\"@id\":\"https:\/\/chemgramx.com\/product\/25b-nbf\/#primaryimage\"},\"image\":{\"@id\":\"https:\/\/chemgramx.com\/product\/25b-nbf\/#primaryimage\"},\"thumbnailUrl\":\"https:\/\/chemgramx.com\/wp-content\/uploads\/2024\/12\/25bnbf.jpg\",\"datePublished\":\"2024-12-07T14:40:08+00:00\",\"dateModified\":\"2025-10-15T10:35:27+00:00\",\"description\":\"Wenn Sie sich f\u00fcr 25b-nbf begeistern, dann ist unser Shop der beste Ort, um 25b-nbf online zu kaufen. Sie k\u00f6nnen 25b-nbf zum niedrigsten Preis kaufen. Bestellen Sie jetzt und erhalten Sie es in K\u00fcrze!\",\"breadcrumb\":{\"@id\":\"https:\/\/chemgramx.com\/product\/25b-nbf\/#breadcrumb\"},\"inLanguage\":\"fr-FR\",\"potentialAction\":[{\"@type\":\"ReadAction\",\"target\":[\"https:\/\/chemgramx.com\/product\/25b-nbf\/\"]}]},{\"@type\":\"ImageObject\",\"inLanguage\":\"fr-FR\",\"@id\":\"https:\/\/chemgramx.com\/product\/25b-nbf\/#primaryimage\",\"url\":\"https:\/\/chemgramx.com\/wp-content\/uploads\/2024\/12\/25bnbf.jpg\",\"contentUrl\":\"https:\/\/chemgramx.com\/wp-content\/uploads\/2024\/12\/25bnbf.jpg\",\"width\":600,\"height\":400,\"caption\":\"25B-NBF online Kaufen\"},{\"@type\":\"BreadcrumbList\",\"@id\":\"https:\/\/chemgramx.com\/product\/25b-nbf\/#breadcrumb\",\"itemListElement\":[{\"@type\":\"ListItem\",\"position\":1,\"name\":\"Home\",\"item\":\"https:\/\/chemgramx.com\/\"},{\"@type\":\"ListItem\",\"position\":2,\"name\":\"Shop\",\"item\":\"https:\/\/chemgramx.com\/shop\/\"},{\"@type\":\"ListItem\",\"position\":3,\"name\":\"25B-NBF online kaufen\"}]},{\"@type\":\"WebSite\",\"@id\":\"https:\/\/chemgramx.com\/#website\",\"url\":\"https:\/\/chemgramx.com\/\",\"name\":\"Chemgramx\",\"description\":\"\",\"publisher\":{\"@id\":\"https:\/\/chemgramx.com\/#organization\"},\"potentialAction\":[{\"@type\":\"SearchAction\",\"target\":{\"@type\":\"EntryPoint\",\"urlTemplate\":\"https:\/\/chemgramx.com\/?s={search_term_string}\"},\"query-input\":{\"@type\":\"PropertyValueSpecification\",\"valueRequired\":true,\"valueName\":\"search_term_string\"}}],\"inLanguage\":\"fr-FR\"},{\"@type\":\"Organization\",\"@id\":\"https:\/\/chemgramx.com\/#organization\",\"name\":\"Chemgramx\",\"url\":\"https:\/\/chemgramx.com\/\",\"logo\":{\"@type\":\"ImageObject\",\"inLanguage\":\"fr-FR\",\"@id\":\"https:\/\/chemgramx.com\/#\/schema\/logo\/image\/\",\"url\":\"https:\/\/chemgramx.com\/wp-content\/uploads\/2024\/10\/final-logo.png\",\"contentUrl\":\"https:\/\/chemgramx.com\/wp-content\/uploads\/2024\/10\/final-logo.png\",\"width\":250,\"height\":48,\"caption\":\"Chemgramx\"},\"image\":{\"@id\":\"https:\/\/chemgramx.com\/#\/schema\/logo\/image\/\"}}]}<\/script>\n<!-- \/ Yoast SEO plugin. -->","yoast_head_json":{"title":"Achetez 25B-NBF en ligne \u2013 Vendez 25B-NBF","description":"Si vous \u00eates passionn\u00e9 de 25b-nbf, notre boutique est le meilleur endroit pour acheter du 25b-nbf en ligne. Vous pouvez l'acheter au prix le plus bas. Commandez d\u00e8s maintenant et recevez-le rapidement\u00a0!","robots":{"index":"index","follow":"follow","max-snippet":"max-snippet:-1","max-image-preview":"max-image-preview:large","max-video-preview":"max-video-preview:-1"},"canonical":"https:\/\/chemgramx.com\/fr\/produit\/25b-nbf\/","og_locale":"fr_FR","og_type":"article","og_title":"25B-NBF online Kaufen \u2013 25B-NBF zu verkaufen","og_description":"Wenn Sie sich f\u00fcr 25b-nbf begeistern, dann ist unser Shop der beste Ort, um 25b-nbf online zu kaufen. Sie k\u00f6nnen 25b-nbf zum niedrigsten Preis kaufen. Bestellen Sie jetzt und erhalten Sie es in K\u00fcrze!","og_url":"https:\/\/chemgramx.com\/fr\/produit\/25b-nbf\/","og_site_name":"Chemgramx","article_modified_time":"2025-10-15T10:35:27+00:00","og_image":[{"width":600,"height":400,"url":"https:\/\/chemgramx.com\/wp-content\/uploads\/2024\/12\/25bnbf.jpg","type":"image\/jpeg"}],"twitter_card":"summary_large_image","twitter_misc":{"Dur\u00e9e de lecture estim\u00e9e":"2 minutes"},"schema":{"@context":"https:\/\/schema.org","@graph":[{"@type":"WebPage","@id":"https:\/\/chemgramx.com\/product\/25b-nbf\/","url":"https:\/\/chemgramx.com\/product\/25b-nbf\/","name":"Achetez 25B-NBF en ligne \u2013 Vendez 25B-NBF","isPartOf":{"@id":"https:\/\/chemgramx.com\/#website"},"primaryImageOfPage":{"@id":"https:\/\/chemgramx.com\/product\/25b-nbf\/#primaryimage"},"image":{"@id":"https:\/\/chemgramx.com\/product\/25b-nbf\/#primaryimage"},"thumbnailUrl":"https:\/\/chemgramx.com\/wp-content\/uploads\/2024\/12\/25bnbf.jpg","datePublished":"2024-12-07T14:40:08+00:00","dateModified":"2025-10-15T10:35:27+00:00","description":"Si vous \u00eates passionn\u00e9 de 25b-nbf, notre boutique est le meilleur endroit pour acheter du 25b-nbf en ligne. Vous pouvez l'acheter au prix le plus bas. Commandez d\u00e8s maintenant et recevez-le rapidement\u00a0!","breadcrumb":{"@id":"https:\/\/chemgramx.com\/product\/25b-nbf\/#breadcrumb"},"inLanguage":"fr-FR","potentialAction":[{"@type":"ReadAction","target":["https:\/\/chemgramx.com\/product\/25b-nbf\/"]}]},{"@type":"ImageObject","inLanguage":"fr-FR","@id":"https:\/\/chemgramx.com\/product\/25b-nbf\/#primaryimage","url":"https:\/\/chemgramx.com\/wp-content\/uploads\/2024\/12\/25bnbf.jpg","contentUrl":"https:\/\/chemgramx.com\/wp-content\/uploads\/2024\/12\/25bnbf.jpg","width":600,"height":400,"caption":"25B-NBF online Kaufen"},{"@type":"BreadcrumbList","@id":"https:\/\/chemgramx.com\/product\/25b-nbf\/#breadcrumb","itemListElement":[{"@type":"ListItem","position":1,"name":"Home","item":"https:\/\/chemgramx.com\/"},{"@type":"ListItem","position":2,"name":"Shop","item":"https:\/\/chemgramx.com\/shop\/"},{"@type":"ListItem","position":3,"name":"25B-NBF online kaufen"}]},{"@type":"WebSite","@id":"https:\/\/chemgramx.com\/#website","url":"https:\/\/chemgramx.com\/","name":"Chemgramx","description":"","publisher":{"@id":"https:\/\/chemgramx.com\/#organization"},"potentialAction":[{"@type":"SearchAction","target":{"@type":"EntryPoint","urlTemplate":"https:\/\/chemgramx.com\/?s={search_term_string}"},"query-input":{"@type":"PropertyValueSpecification","valueRequired":true,"valueName":"search_term_string"}}],"inLanguage":"fr-FR"},{"@type":"Organization","@id":"https:\/\/chemgramx.com\/#organization","name":"Chemgramx","url":"https:\/\/chemgramx.com\/","logo":{"@type":"ImageObject","inLanguage":"fr-FR","@id":"https:\/\/chemgramx.com\/#\/schema\/logo\/image\/","url":"https:\/\/chemgramx.com\/wp-content\/uploads\/2024\/10\/final-logo.png","contentUrl":"https:\/\/chemgramx.com\/wp-content\/uploads\/2024\/10\/final-logo.png","width":250,"height":48,"caption":"Chemgramx"},"image":{"@id":"https:\/\/chemgramx.com\/#\/schema\/logo\/image\/"}}]}},"_links":{"self":[{"href":"https:\/\/chemgramx.com\/fr\/wp-json\/wp\/v2\/product\/993","targetHints":{"allow":["GET"]}}],"collection":[{"href":"https:\/\/chemgramx.com\/fr\/wp-json\/wp\/v2\/product"}],"about":[{"href":"https:\/\/chemgramx.com\/fr\/wp-json\/wp\/v2\/types\/product"}],"replies":[{"embeddable":true,"href":"https:\/\/chemgramx.com\/fr\/wp-json\/wp\/v2\/comments?post=993"}],"wp:featuredmedia":[{"embeddable":true,"href":"https:\/\/chemgramx.com\/fr\/wp-json\/wp\/v2\/media\/995"}],"wp:attachment":[{"href":"https:\/\/chemgramx.com\/fr\/wp-json\/wp\/v2\/media?parent=993"}],"wp:term":[{"taxonomy":"product_brand","embeddable":true,"href":"https:\/\/chemgramx.com\/fr\/wp-json\/wp\/v2\/product_brand?post=993"},{"taxonomy":"product_cat","embeddable":true,"href":"https:\/\/chemgramx.com\/fr\/wp-json\/wp\/v2\/product_cat?post=993"},{"taxonomy":"product_tag","embeddable":true,"href":"https:\/\/chemgramx.com\/fr\/wp-json\/wp\/v2\/product_tag?post=993"}],"curies":[{"name":"wp","href":"https:\/\/api.w.org\/{rel}","templated":true}]}}