{"id":996,"date":"2024-12-07T14:43:47","date_gmt":"2024-12-07T14:43:47","guid":{"rendered":"https:\/\/chemgramx.com\/?post_type=product&#038;p=996"},"modified":"2025-10-15T05:34:26","modified_gmt":"2025-10-15T05:34:26","slug":"25i-nbmd","status":"publish","type":"product","link":"https:\/\/chemgramx.com\/fr\/produit\/25i-nbmd\/","title":{"rendered":"Achetez 25I-NBMD en ligne"},"content":{"rendered":"<h2 data-start=\"127\" data-end=\"159\">Description du produit 25I-NBMD<\/h2>\n<h2 data-start=\"161\" data-end=\"188\">Introduction au 25I-NBMD<\/h2>\n<p data-start=\"190\" data-end=\"499\"><a href=\"https:\/\/chemgramx.com\/fr\/produit\/25i-nbmd\/\">Achetez 25I-NBMD en ligne<\/a> est un choix de premier ordre pour les scientifiques et les chercheurs travaillant avec des substances psych\u00e9d\u00e9liques et des r\u00e9cepteurs s\u00e9rotoninergiques. Le 25I-NBMD est connu pour ses puissants effets psychoactifs et est utilis\u00e9 dans le monde entier dans des \u00e9tudes exp\u00e9rimentales et des recherches analytiques.<\/p>\n<h3 data-start=\"501\" data-end=\"523\">Qu'est-ce que le 25I-NBMD ?<\/h3>\n<p data-start=\"525\" data-end=\"815\"><a href=\"https:\/\/en.wikipedia.org\/wiki\/25I-NBOMe\">25I-NBMD<\/a> \u00c0 vendre est un agoniste \u00e0 haute affinit\u00e9 du r\u00e9cepteur 5-HT2A. Chimiquement connu sous le nom de 2-(4-iodo-2,5-dim\u00e9thoxyph\u00e9nyl)-N-(2-m\u00e9thoxybenzyl)\u00e9thanamine, il appartient \u00e0 la famille des NBOMe et pr\u00e9sente des similitudes structurelles avec le 25I-NBOMe, mais pr\u00e9sente des diff\u00e9rences mol\u00e9culaires sp\u00e9cifiques.<\/p>\n<h3 data-start=\"817\" data-end=\"856\">Utilisations et effets courants<\/h3>\n<ul data-start=\"858\" data-end=\"1008\">\n<li data-start=\"858\" data-end=\"898\">\n<p data-start=\"860\" data-end=\"898\">Recherche sur les r\u00e9cepteurs s\u00e9rotoninergiques<\/p>\n<\/li>\n<li data-start=\"899\" data-end=\"947\">\n<p data-start=\"901\" data-end=\"947\">\u00c9tudes sur les \u00e9tats modifi\u00e9s de conscience<\/p>\n<\/li>\n<li data-start=\"948\" data-end=\"1008\">\n<p data-start=\"950\" data-end=\"1008\">Exp\u00e9riences sur les effets des substances psych\u00e9d\u00e9liques<\/p>\n<\/li>\n<\/ul>\n<p data-start=\"1010\" data-end=\"1231\">Des rapports subjectifs indiquent des effets visuels intenses et une augmentation des perceptions sensorielles. L'achat de 25I-NBMD est destin\u00e9 \u00e0 la recherche uniquement et n'est pas destin\u00e9 \u00e0 la consommation humaine.<\/p>\n<h3 data-start=\"1233\" data-end=\"1256\">Statut juridique<\/h3>\n<p data-start=\"1258\" data-end=\"1570\">La l\u00e9galit\u00e9 de l'achat de 25I-NBMD en ligne varie selon les pays. Dans certaines r\u00e9gions, il est soumis aux lois sur les substances psychotropes ou \u00e0 la r\u00e9glementation sur les analogues, tandis que dans d'autres, il est disponible comme substance chimique de recherche l\u00e9gale. V\u00e9rifiez toujours la r\u00e9glementation en vigueur dans votre pays avant de commander.<\/p>\n<h3 data-start=\"1572\" data-end=\"1606\">Pourquoi acheter 25I-NBMD en ligne ?<\/h3>\n<ul data-start=\"1608\" data-end=\"1803\">\n<li data-start=\"1608\" data-end=\"1678\">\n<p data-start=\"1610\" data-end=\"1678\">Prix \u200b\u200battractif du 25I-NBMD par rapport aux magasins physiques<\/p>\n<\/li>\n<li data-start=\"1679\" data-end=\"1710\">\n<p data-start=\"1681\" data-end=\"1710\">Livraison discr\u00e8te dans le monde entier<\/p>\n<\/li>\n<li data-start=\"1711\" data-end=\"1752\">\n<p data-start=\"1713\" data-end=\"1752\">Grand choix de quantit\u00e9s et de variantes<\/p>\n<\/li>\n<\/ul>\n<p data-start=\"1805\" data-end=\"1927\">De nombreux chercheurs choisissent de commander du 25I-NBMD en ligne car le march\u00e9 en ligne est discret, flexible et professionnel.<\/p>\n<h3 data-start=\"1929\" data-end=\"1963\">Acc\u00e8s et choix<\/h3>\n<p data-start=\"1965\" data-end=\"2126\">O\u00f9 acheter du 25I-NBMD : Le march\u00e9 en ligne offre de nombreuses options, des petites quantit\u00e9s pour les tests initiaux aux quantit\u00e9s plus importantes pour des \u00e9tudes de laboratoire approfondies.<\/p>\n<h3 data-start=\"2128\" data-end=\"2151\">Livraison discr\u00e8te<\/h3>\n<p data-start=\"2153\" data-end=\"2342\">Les fournisseurs proposant le 25I-NBMD en ligne garantissent un emballage neutre et une discr\u00e9tion optimale. De nombreux magasins proposent \u00e9galement un suivi pour vous permettre de suivre l'\u00e9tat de votre livraison \u00e0 tout moment.<\/p>\n<h3 data-start=\"2344\" data-end=\"2392\">Comment choisir un fournisseur fiable ?<\/h3>\n<ul data-start=\"2394\" data-end=\"2587\">\n<li data-start=\"2394\" data-end=\"2445\">\n<p data-start=\"2396\" data-end=\"2445\">Avis et t\u00e9moignages positifs de clients<\/p>\n<\/li>\n<li data-start=\"2446\" data-end=\"2496\">\n<p data-start=\"2448\" data-end=\"2496\">Politiques d'exp\u00e9dition transparentes et prix \u00e9quitables<\/p>\n<\/li>\n<li data-start=\"2497\" data-end=\"2526\">\n<p data-start=\"2499\" data-end=\"2526\">Service client comp\u00e9tent<\/p>\n<\/li>\n<li data-start=\"2527\" data-end=\"2587\">\n<p data-start=\"2529\" data-end=\"2587\">Veilige betalingsopties, inclusief cryptovaluta<\/p>\n<\/li>\n<\/ul>\n<p data-start=\"2589\" data-end=\"2716\">Le meilleur endroit pour acheter du 25I-NBMD en ligne est aupr\u00e8s de fournisseurs r\u00e9put\u00e9s poss\u00e9dant une expertise av\u00e9r\u00e9e dans les produits chimiques de recherche.<\/p>\n<h3 data-start=\"2718\" data-end=\"2741\">Politiques d'exp\u00e9dition<\/h3>\n<p data-start=\"2743\" data-end=\"2810\">Avant de commander, veuillez noter les points suivants :<\/p>\n<ul data-start=\"2812\" data-end=\"3039\">\n<li data-start=\"2812\" data-end=\"2855\">\n<p data-start=\"2814\" data-end=\"2855\">D\u00e9lais de livraison (nationaux et internationaux)<\/p>\n<\/li>\n<li data-start=\"2856\" data-end=\"2879\">\n<p data-start=\"2858\" data-end=\"2879\">Emballage discret<\/p>\n<\/li>\n<li data-start=\"2913\" data-end=\"3039\">\n<p data-start=\"2915\" data-end=\"3039\">Risques et consid\u00e9rations : \u00c0 des fins de recherche uniquement, les risques juridiques d\u00e9pendent du pays de r\u00e9sidence, un stockage s\u00fbr est requis<\/p>\n<\/li>\n<\/ul>\n<h3 data-start=\"3041\" data-end=\"3051\">Conclusion<\/h3>\n<p data-start=\"3053\" data-end=\"3297\">Wer 25I-NBMD kaufen m\u00f6chte, sollte dies nur \u00fcber vertrauensw\u00fcrdige Anbieter tun. Mit einem g\u00fcnstigen 25I-NBMD price, diskretem Versand und gro\u00dfer Produktauswahl war es nie einfacher, hochwertige Forschungschemikalien online zu bestellen.<\/p>","protected":false},"excerpt":{"rendered":"<p style=\"text-align: center;\">25I-NBMD<\/p>\n<p>Le 25I-NBMD est un produit chimique synth\u00e9tique destin\u00e9 \u00e0 la recherche scientifique. Ce produit se caract\u00e9rise par une grande puret\u00e9 et stabilit\u00e9, ce qui le rend id\u00e9al pour les \u00e9tudes pharmacologiques et les analyses de r\u00e9cepteurs. Chaque lot est test\u00e9 de mani\u00e8re approfondie afin de garantir des r\u00e9sultats coh\u00e9rents et fiables. Exclusivement destin\u00e9 aux laboratoires et aux projets de recherche.<\/p>","protected":false},"featured_media":998,"comment_status":"open","ping_status":"closed","template":"","meta":{"_joinchat":[]},"product_brand":[],"product_cat":[1795],"product_tag":[1889,1896,1890,1893,1895,1892,1891,188,1814,1894],"class_list":{"0":"post-996","1":"product","2":"type-product","3":"status-publish","4":"has-post-thumbnail","6":"product_cat-2c-serie","7":"product_tag-25i-nbmd","8":"product_tag-25i-nbmd-chemikalien","9":"product_tag-25i-nbmd-kaufen","10":"product_tag-25i-nbmd-kristalle","11":"product_tag-25i-nbmd-online","12":"product_tag-25i-nbmd-pulver","13":"product_tag-25i-nbmd-zum-verkauf","14":"product_tag-forschungschemikalien","15":"product_tag-forschungsstoffe-kaufen","16":"product_tag-synthetische-halluzinogene","18":"first","19":"instock","20":"shipping-taxable","21":"purchasable","22":"product-type-variable"},"yoast_head":"<!-- This site is optimized with the Yoast SEO plugin v26.1.1 - https:\/\/yoast.com\/wordpress\/plugins\/seo\/ -->\n<title>25I-NBMD online kaufen \u2013 25I-NBMD zu verkaufen<\/title>\n<meta name=\"description\" content=\"In unserem Chemgramx-Onlineshop haben wir 25i-nbmd zu verkaufen. Sie k\u00f6nnen 25i-nbmd in Top-Qualit\u00e4t ganz einfach online bei uns zu den besten Preisen kaufen. Jetzt bestellen!\" \/>\n<meta name=\"robots\" content=\"index, follow, max-snippet:-1, max-image-preview:large, max-video-preview:-1\" \/>\n<link rel=\"canonical\" href=\"https:\/\/chemgramx.com\/fr\/produit\/25i-nbmd\/\" \/>\n<meta property=\"og:locale\" content=\"fr_FR\" \/>\n<meta property=\"og:type\" content=\"article\" \/>\n<meta property=\"og:title\" content=\"25I-NBMD online kaufen \u2013 25I-NBMD zu verkaufen\" \/>\n<meta property=\"og:description\" content=\"In unserem Chemgramx-Onlineshop haben wir 25i-nbmd zu verkaufen. Sie k\u00f6nnen 25i-nbmd in Top-Qualit\u00e4t ganz einfach online bei uns zu den besten Preisen kaufen. Jetzt bestellen!\" \/>\n<meta property=\"og:url\" content=\"https:\/\/chemgramx.com\/fr\/produit\/25i-nbmd\/\" \/>\n<meta property=\"og:site_name\" content=\"Chemgramx\" \/>\n<meta property=\"article:modified_time\" content=\"2025-10-15T05:34:26+00:00\" \/>\n<meta property=\"og:image\" content=\"https:\/\/chemgramx.com\/wp-content\/uploads\/2024\/12\/25inbmd.jpg\" \/>\n\t<meta property=\"og:image:width\" content=\"600\" \/>\n\t<meta property=\"og:image:height\" content=\"400\" \/>\n\t<meta property=\"og:image:type\" content=\"image\/jpeg\" \/>\n<meta name=\"twitter:card\" content=\"summary_large_image\" \/>\n<meta name=\"twitter:label1\" content=\"Dur\u00e9e de lecture estim\u00e9e\" \/>\n\t<meta name=\"twitter:data1\" content=\"2 minutes\" \/>\n<script type=\"application\/ld+json\" class=\"yoast-schema-graph\">{\"@context\":\"https:\/\/schema.org\",\"@graph\":[{\"@type\":\"WebPage\",\"@id\":\"https:\/\/chemgramx.com\/product\/25i-nbmd\/\",\"url\":\"https:\/\/chemgramx.com\/product\/25i-nbmd\/\",\"name\":\"25I-NBMD online kaufen \u2013 25I-NBMD zu verkaufen\",\"isPartOf\":{\"@id\":\"https:\/\/chemgramx.com\/#website\"},\"primaryImageOfPage\":{\"@id\":\"https:\/\/chemgramx.com\/product\/25i-nbmd\/#primaryimage\"},\"image\":{\"@id\":\"https:\/\/chemgramx.com\/product\/25i-nbmd\/#primaryimage\"},\"thumbnailUrl\":\"https:\/\/chemgramx.com\/wp-content\/uploads\/2024\/12\/25inbmd.jpg\",\"datePublished\":\"2024-12-07T14:43:47+00:00\",\"dateModified\":\"2025-10-15T05:34:26+00:00\",\"description\":\"In unserem Chemgramx-Onlineshop haben wir 25i-nbmd zu verkaufen. Sie k\u00f6nnen 25i-nbmd in Top-Qualit\u00e4t ganz einfach online bei uns zu den besten Preisen kaufen. Jetzt bestellen!\",\"breadcrumb\":{\"@id\":\"https:\/\/chemgramx.com\/product\/25i-nbmd\/#breadcrumb\"},\"inLanguage\":\"fr-FR\",\"potentialAction\":[{\"@type\":\"ReadAction\",\"target\":[\"https:\/\/chemgramx.com\/product\/25i-nbmd\/\"]}]},{\"@type\":\"ImageObject\",\"inLanguage\":\"fr-FR\",\"@id\":\"https:\/\/chemgramx.com\/product\/25i-nbmd\/#primaryimage\",\"url\":\"https:\/\/chemgramx.com\/wp-content\/uploads\/2024\/12\/25inbmd.jpg\",\"contentUrl\":\"https:\/\/chemgramx.com\/wp-content\/uploads\/2024\/12\/25inbmd.jpg\",\"width\":600,\"height\":400,\"caption\":\"25I-NBMD online kaufen\"},{\"@type\":\"BreadcrumbList\",\"@id\":\"https:\/\/chemgramx.com\/product\/25i-nbmd\/#breadcrumb\",\"itemListElement\":[{\"@type\":\"ListItem\",\"position\":1,\"name\":\"Home\",\"item\":\"https:\/\/chemgramx.com\/\"},{\"@type\":\"ListItem\",\"position\":2,\"name\":\"Shop\",\"item\":\"https:\/\/chemgramx.com\/shop\/\"},{\"@type\":\"ListItem\",\"position\":3,\"name\":\"25I-NBMD online kaufen\"}]},{\"@type\":\"WebSite\",\"@id\":\"https:\/\/chemgramx.com\/#website\",\"url\":\"https:\/\/chemgramx.com\/\",\"name\":\"Chemgramx\",\"description\":\"\",\"publisher\":{\"@id\":\"https:\/\/chemgramx.com\/#organization\"},\"potentialAction\":[{\"@type\":\"SearchAction\",\"target\":{\"@type\":\"EntryPoint\",\"urlTemplate\":\"https:\/\/chemgramx.com\/?s={search_term_string}\"},\"query-input\":{\"@type\":\"PropertyValueSpecification\",\"valueRequired\":true,\"valueName\":\"search_term_string\"}}],\"inLanguage\":\"fr-FR\"},{\"@type\":\"Organization\",\"@id\":\"https:\/\/chemgramx.com\/#organization\",\"name\":\"Chemgramx\",\"url\":\"https:\/\/chemgramx.com\/\",\"logo\":{\"@type\":\"ImageObject\",\"inLanguage\":\"fr-FR\",\"@id\":\"https:\/\/chemgramx.com\/#\/schema\/logo\/image\/\",\"url\":\"https:\/\/chemgramx.com\/wp-content\/uploads\/2024\/10\/final-logo.png\",\"contentUrl\":\"https:\/\/chemgramx.com\/wp-content\/uploads\/2024\/10\/final-logo.png\",\"width\":250,\"height\":48,\"caption\":\"Chemgramx\"},\"image\":{\"@id\":\"https:\/\/chemgramx.com\/#\/schema\/logo\/image\/\"}}]}<\/script>\n<!-- \/ Yoast SEO plugin. -->","yoast_head_json":{"title":"Achetez du 25I-NBMD en ligne\u00a0\u2013 25I-NBMD \u00e0 vendre","description":"Nous proposons du 25i-nbmd en vente sur notre boutique en ligne Chemgramx. Achetez facilement du 25i-nbmd de qualit\u00e9 sup\u00e9rieure en ligne, aux meilleurs prix. Commandez d\u00e8s maintenant\u00a0!","robots":{"index":"index","follow":"follow","max-snippet":"max-snippet:-1","max-image-preview":"max-image-preview:large","max-video-preview":"max-video-preview:-1"},"canonical":"https:\/\/chemgramx.com\/fr\/produit\/25i-nbmd\/","og_locale":"fr_FR","og_type":"article","og_title":"25I-NBMD online kaufen \u2013 25I-NBMD zu verkaufen","og_description":"In unserem Chemgramx-Onlineshop haben wir 25i-nbmd zu verkaufen. Sie k\u00f6nnen 25i-nbmd in Top-Qualit\u00e4t ganz einfach online bei uns zu den besten Preisen kaufen. Jetzt bestellen!","og_url":"https:\/\/chemgramx.com\/fr\/produit\/25i-nbmd\/","og_site_name":"Chemgramx","article_modified_time":"2025-10-15T05:34:26+00:00","og_image":[{"width":600,"height":400,"url":"https:\/\/chemgramx.com\/wp-content\/uploads\/2024\/12\/25inbmd.jpg","type":"image\/jpeg"}],"twitter_card":"summary_large_image","twitter_misc":{"Dur\u00e9e de lecture estim\u00e9e":"2 minutes"},"schema":{"@context":"https:\/\/schema.org","@graph":[{"@type":"WebPage","@id":"https:\/\/chemgramx.com\/product\/25i-nbmd\/","url":"https:\/\/chemgramx.com\/product\/25i-nbmd\/","name":"Achetez du 25I-NBMD en ligne\u00a0\u2013 25I-NBMD \u00e0 vendre","isPartOf":{"@id":"https:\/\/chemgramx.com\/#website"},"primaryImageOfPage":{"@id":"https:\/\/chemgramx.com\/product\/25i-nbmd\/#primaryimage"},"image":{"@id":"https:\/\/chemgramx.com\/product\/25i-nbmd\/#primaryimage"},"thumbnailUrl":"https:\/\/chemgramx.com\/wp-content\/uploads\/2024\/12\/25inbmd.jpg","datePublished":"2024-12-07T14:43:47+00:00","dateModified":"2025-10-15T05:34:26+00:00","description":"Nous proposons du 25i-nbmd en vente sur notre boutique en ligne Chemgramx. Achetez facilement du 25i-nbmd de qualit\u00e9 sup\u00e9rieure en ligne, aux meilleurs prix. Commandez d\u00e8s maintenant\u00a0!","breadcrumb":{"@id":"https:\/\/chemgramx.com\/product\/25i-nbmd\/#breadcrumb"},"inLanguage":"fr-FR","potentialAction":[{"@type":"ReadAction","target":["https:\/\/chemgramx.com\/product\/25i-nbmd\/"]}]},{"@type":"ImageObject","inLanguage":"fr-FR","@id":"https:\/\/chemgramx.com\/product\/25i-nbmd\/#primaryimage","url":"https:\/\/chemgramx.com\/wp-content\/uploads\/2024\/12\/25inbmd.jpg","contentUrl":"https:\/\/chemgramx.com\/wp-content\/uploads\/2024\/12\/25inbmd.jpg","width":600,"height":400,"caption":"25I-NBMD online kaufen"},{"@type":"BreadcrumbList","@id":"https:\/\/chemgramx.com\/product\/25i-nbmd\/#breadcrumb","itemListElement":[{"@type":"ListItem","position":1,"name":"Home","item":"https:\/\/chemgramx.com\/"},{"@type":"ListItem","position":2,"name":"Shop","item":"https:\/\/chemgramx.com\/shop\/"},{"@type":"ListItem","position":3,"name":"25I-NBMD online kaufen"}]},{"@type":"WebSite","@id":"https:\/\/chemgramx.com\/#website","url":"https:\/\/chemgramx.com\/","name":"Chemgramx","description":"","publisher":{"@id":"https:\/\/chemgramx.com\/#organization"},"potentialAction":[{"@type":"SearchAction","target":{"@type":"EntryPoint","urlTemplate":"https:\/\/chemgramx.com\/?s={search_term_string}"},"query-input":{"@type":"PropertyValueSpecification","valueRequired":true,"valueName":"search_term_string"}}],"inLanguage":"fr-FR"},{"@type":"Organization","@id":"https:\/\/chemgramx.com\/#organization","name":"Chemgramx","url":"https:\/\/chemgramx.com\/","logo":{"@type":"ImageObject","inLanguage":"fr-FR","@id":"https:\/\/chemgramx.com\/#\/schema\/logo\/image\/","url":"https:\/\/chemgramx.com\/wp-content\/uploads\/2024\/10\/final-logo.png","contentUrl":"https:\/\/chemgramx.com\/wp-content\/uploads\/2024\/10\/final-logo.png","width":250,"height":48,"caption":"Chemgramx"},"image":{"@id":"https:\/\/chemgramx.com\/#\/schema\/logo\/image\/"}}]}},"_links":{"self":[{"href":"https:\/\/chemgramx.com\/fr\/wp-json\/wp\/v2\/product\/996","targetHints":{"allow":["GET"]}}],"collection":[{"href":"https:\/\/chemgramx.com\/fr\/wp-json\/wp\/v2\/product"}],"about":[{"href":"https:\/\/chemgramx.com\/fr\/wp-json\/wp\/v2\/types\/product"}],"replies":[{"embeddable":true,"href":"https:\/\/chemgramx.com\/fr\/wp-json\/wp\/v2\/comments?post=996"}],"wp:featuredmedia":[{"embeddable":true,"href":"https:\/\/chemgramx.com\/fr\/wp-json\/wp\/v2\/media\/998"}],"wp:attachment":[{"href":"https:\/\/chemgramx.com\/fr\/wp-json\/wp\/v2\/media?parent=996"}],"wp:term":[{"taxonomy":"product_brand","embeddable":true,"href":"https:\/\/chemgramx.com\/fr\/wp-json\/wp\/v2\/product_brand?post=996"},{"taxonomy":"product_cat","embeddable":true,"href":"https:\/\/chemgramx.com\/fr\/wp-json\/wp\/v2\/product_cat?post=996"},{"taxonomy":"product_tag","embeddable":true,"href":"https:\/\/chemgramx.com\/fr\/wp-json\/wp\/v2\/product_tag?post=996"}],"curies":[{"name":"wp","href":"https:\/\/api.w.org\/{rel}","templated":true}]}}