{"id":999,"date":"2024-12-07T14:47:32","date_gmt":"2024-12-07T14:47:32","guid":{"rendered":"https:\/\/chemgramx.com\/?post_type=product&#038;p=999"},"modified":"2025-10-15T05:37:10","modified_gmt":"2025-10-15T05:37:10","slug":"2c-b","status":"publish","type":"product","link":"https:\/\/chemgramx.com\/fr\/produit\/2c-b\/","title":{"rendered":"Achetez 2C-B en ligne"},"content":{"rendered":"<h2 data-start=\"116\" data-end=\"144\">Description du produit 2C-B<\/h2>\n<h2 data-start=\"146\" data-end=\"169\">Introduction au 2C-B<\/h2>\n<p data-start=\"171\" data-end=\"624\"><a href=\"https:\/\/chemgramx.com\/fr\/produit\/2c-b\/\">Achetez 2C-B en ligne<\/a> est l'un des moyens les plus populaires d'acqu\u00e9rir ce produit chimique de recherche psych\u00e9d\u00e9lique. Le 2C-B appartient \u00e0 la famille 2C des ph\u00e9n\u00e9thylamines et est \u00e9tudi\u00e9 dans le monde entier dans les cercles psychonautiques et scientifiques depuis les ann\u00e9es 1990. Connu pour son m\u00e9lange \u00e9quilibr\u00e9 d'effets visuels et d'intensit\u00e9 \u00e9motionnelle, il est particuli\u00e8rement recherch\u00e9 par les chimistes analytiques et les chercheurs dans le domaine de la recherche sur la conscience.<\/p>\n<h3 data-start=\"626\" data-end=\"644\">Qu'est-ce que 2C-B ?<\/h3>\n<p data-start=\"646\" data-end=\"1002\"><a href=\"https:\/\/en.wikipedia.org\/wiki\/2C-B\">2C-B<\/a> (Nom chimique complet\u00a0: 4-bromo-2,5-dim\u00e9thoxyph\u00e9n\u00e9thylamine) appartient \u00e0 la classe des ph\u00e9n\u00e9thylamines psych\u00e9d\u00e9liques. D\u00e9velopp\u00e9e par Alexander Shulgin, elle combine des propri\u00e9t\u00e9s stimulantes et psych\u00e9d\u00e9liques. Les chercheurs utilisent le 2C-B pour leurs \u00e9tudes scientifiques, notamment pour \u00e9tudier la neurochimie et les r\u00e9cepteurs 5-HT2A.<\/p>\n<h3 data-start=\"1004\" data-end=\"1043\">Utilisations et effets courants<\/h3>\n<ul data-start=\"1045\" data-end=\"1265\">\n<li data-start=\"1045\" data-end=\"1097\">\n<p data-start=\"1047\" data-end=\"1097\">Recherche analytique en psychopharmacologie<\/p>\n<\/li>\n<li data-start=\"1098\" data-end=\"1156\">\n<p data-start=\"1100\" data-end=\"1156\">\u00c9tudes sur l'interaction avec les r\u00e9cepteurs s\u00e9rotoninergiques<\/p>\n<\/li>\n<li data-start=\"1157\" data-end=\"1265\">\n<p data-start=\"1159\" data-end=\"1265\">Rapports subjectifs : am\u00e9liorations visuelles, \u00e9tats euphoriques, perceptions sensorielles am\u00e9lior\u00e9es<\/p>\n<\/li>\n<\/ul>\n<p data-start=\"1267\" data-end=\"1385\">Remarque : le 2C-B est destin\u00e9 \u00e0 des fins de recherche uniquement et ne convient pas \u00e0 la consommation humaine.<\/p>\n<h3 data-start=\"1387\" data-end=\"1443\">Statut juridique (varie selon la r\u00e9gion)<\/h3>\n<p data-start=\"1445\" data-end=\"1719\">Le statut juridique du 2C-B varie selon les pays. Dans de nombreux pays, il est class\u00e9 comme substance r\u00e9glement\u00e9e, tandis que dans d'autres, il est l\u00e9galement disponible comme produit chimique de recherche. Veuillez toujours v\u00e9rifier la r\u00e9glementation locale avant de commander du 2C-B en ligne.<\/p>\n<h3 data-start=\"1721\" data-end=\"1760\">Pourquoi les gens ach\u00e8tent-ils du 2C-B en ligne ?<\/h3>\n<ul data-start=\"1762\" data-end=\"1960\">\n<li data-start=\"1762\" data-end=\"1824\">\n<p data-start=\"1764\" data-end=\"1824\">Prix \u200b\u200b2C-B attractif par rapport aux sources locales<\/p>\n<\/li>\n<li data-start=\"1825\" data-end=\"1882\">\n<p data-start=\"1827\" data-end=\"1882\">Acc\u00e8s \u00e0 des produits chimiques de recherche test\u00e9s et de haute puret\u00e9<\/p>\n<\/li>\n<li data-start=\"1883\" data-end=\"1914\">\n<p data-start=\"1885\" data-end=\"1914\">Livraison discr\u00e8te dans le monde entier<\/p>\n<\/li>\n<li data-start=\"1915\" data-end=\"1960\">\n<p data-start=\"1917\" data-end=\"1960\">Commande pratique directement depuis chez vous<\/p>\n<\/li>\n<\/ul>\n<p data-start=\"1962\" data-end=\"2135\">De nombreux chercheurs et laboratoires choisissent d\u2019acheter du 2C-B en ligne car le march\u00e9 en ligne offre un choix plus large, des quantit\u00e9s flexibles et souvent des prix plus bas.<\/p>\n<h3 data-start=\"2137\" data-end=\"2171\">Acc\u00e8s et choix<\/h3>\n<p data-start=\"2173\" data-end=\"2438\">Lors des achats en ligne, les clients peuvent trouver du 2C-B dans diff\u00e9rents conditionnements. Qu'il s'agisse de petits \u00e9chantillons pour des analyses ou de grandes quantit\u00e9s pour des projets de recherche plus approfondis, savoir o\u00f9 acheter du 2C-B est essentiel pour obtenir la quantit\u00e9 et la puret\u00e9 ad\u00e9quates.<\/p>\n<h3 data-start=\"2440\" data-end=\"2463\">Livraison discr\u00e8te<\/h3>\n<p data-start=\"2465\" data-end=\"2622\">Les fournisseurs r\u00e9put\u00e9s proposant du 2C-B \u00e0 la vente fournissent un emballage neutre et discret qui rend l'exp\u00e9dition internationale s\u00fbre et confidentielle.<\/p>\n<h3 data-start=\"2624\" data-end=\"2672\">Comment choisir un fournisseur fiable ?<\/h3>\n<ul data-start=\"2674\" data-end=\"2866\">\n<li data-start=\"2674\" data-end=\"2727\">\n<p data-start=\"2676\" data-end=\"2727\">Avis et t\u00e9moignages positifs de clients<\/p>\n<\/li>\n<li data-start=\"2728\" data-end=\"2785\">\n<p data-start=\"2730\" data-end=\"2785\">Tarification transparente sans frais cach\u00e9s<\/p>\n<\/li>\n<li data-start=\"2786\" data-end=\"2828\">\n<p data-start=\"2788\" data-end=\"2828\">Un support client comp\u00e9tent et fiable<\/p>\n<\/li>\n<li data-start=\"2829\" data-end=\"2866\">\n<p data-start=\"2831\" data-end=\"2866\">Informations d\u00e9taill\u00e9es sur l'exp\u00e9dition<\/p>\n<\/li>\n<\/ul>\n<p data-start=\"2868\" data-end=\"2990\">Der bester Ort, um 2C-B online zu kaufen sind spezialisierte Anbieter, die Seriosit\u00e4t, Qualit\u00e4t und Diskretion garantieren.<\/p>\n<h3 data-start=\"3154\" data-end=\"3183\">Risques et consid\u00e9rations<\/h3>\n<ul data-start=\"3185\" data-end=\"3311\">\n<li data-start=\"3185\" data-end=\"3222\">\n<p data-start=\"3187\" data-end=\"3222\">Convient uniquement \u00e0 des fins de recherche<\/p>\n<\/li>\n<li data-start=\"3223\" data-end=\"3273\">\n<p data-start=\"3225\" data-end=\"3273\">Incertitudes juridiques selon le pays de r\u00e9sidence<\/p>\n<\/li>\n<li data-start=\"3274\" data-end=\"3311\">\n<p data-start=\"3276\" data-end=\"3311\">Un stockage soigneux est requis<\/p>\n<\/li>\n<\/ul>\n<h3 data-start=\"3313\" data-end=\"3323\">Conclusion<\/h3>\n<p data-start=\"3325\" data-end=\"3627\">Wer 2C-B kaufen m\u00f6chte, profitiert von attraktiven Preisen, gro\u00dfer Auswahl und sicherem, diskretem Versand. Mit einem zuverl\u00e4ssigen Anbieter wird der gesamte Bestellprozess professionell und sicher gestaltet. Bestellung 2C-B nur bei gepr\u00fcften Quellen, um beste Qualit\u00e4t und Reinheit zu gew\u00e4hrleisten.<\/p>","protected":false},"excerpt":{"rendered":"<p style=\"text-align: center;\">2C-B<\/p>\n<hr \/>\n<p>Le 2C-B est un produit chimique synth\u00e9tique destin\u00e9 \u00e0 la recherche en laboratoire. Ce produit est connu pour son excellente puret\u00e9 et stabilit\u00e9 et est id\u00e9al pour les \u00e9tudes pharmacologiques et les analyses chimiques. Chaque lot est soigneusement test\u00e9 afin de garantir des r\u00e9sultats fiables et coh\u00e9rents. Destin\u00e9 exclusivement \u00e0 des fins de laboratoire et de recherche.<\/p>","protected":false},"featured_media":1002,"comment_status":"open","ping_status":"closed","template":"","meta":{"_joinchat":[]},"product_brand":[],"product_cat":[1795],"product_tag":[1884,1888,1218,1887,1237,1886,1885,188,1814,1841],"class_list":{"0":"post-999","1":"product","2":"type-product","3":"status-publish","4":"has-post-thumbnail","6":"product_cat-2c-serie","7":"product_tag-2c-b","8":"product_tag-2c-b-chemikalien","9":"product_tag-2c-b-kaufen","10":"product_tag-2c-b-kristalle","11":"product_tag-2c-b-online","12":"product_tag-2c-b-pulver","13":"product_tag-2c-b-zum-verkauf","14":"product_tag-forschungschemikalien","15":"product_tag-forschungsstoffe-kaufen","16":"product_tag-synthetische-phenethylamine","18":"first","19":"instock","20":"shipping-taxable","21":"purchasable","22":"product-type-variable"},"yoast_head":"<!-- This site is optimized with the Yoast SEO plugin v26.1.1 - https:\/\/yoast.com\/wordpress\/plugins\/seo\/ -->\n<title>2C-B online kaufen \u2013 2C-B zu verkaufen | chemgramx<\/title>\n<meta name=\"description\" content=\"Wenn Sie 2c-b online kaufen m\u00f6chten, besuchen Sie unseren Chemgramx-Onlineshop. Wir haben hochwertige Produkte wie 2c-b zu verkaufen. Bestellen Sie jetzt!\" \/>\n<meta name=\"robots\" content=\"index, follow, max-snippet:-1, max-image-preview:large, max-video-preview:-1\" \/>\n<link rel=\"canonical\" href=\"https:\/\/chemgramx.com\/fr\/produit\/2c-b\/\" \/>\n<meta property=\"og:locale\" content=\"fr_FR\" \/>\n<meta property=\"og:type\" content=\"article\" \/>\n<meta property=\"og:title\" content=\"2C-B online kaufen \u2013 2C-B zu verkaufen | chemgramx\" \/>\n<meta property=\"og:description\" content=\"Wenn Sie 2c-b online kaufen m\u00f6chten, besuchen Sie unseren Chemgramx-Onlineshop. Wir haben hochwertige Produkte wie 2c-b zu verkaufen. Bestellen Sie jetzt!\" \/>\n<meta property=\"og:url\" content=\"https:\/\/chemgramx.com\/fr\/produit\/2c-b\/\" \/>\n<meta property=\"og:site_name\" content=\"Chemgramx\" \/>\n<meta property=\"article:modified_time\" content=\"2025-10-15T05:37:10+00:00\" \/>\n<meta property=\"og:image\" content=\"https:\/\/chemgramx.com\/wp-content\/uploads\/2024\/12\/2cb.jpg\" \/>\n\t<meta property=\"og:image:width\" content=\"600\" \/>\n\t<meta property=\"og:image:height\" content=\"400\" \/>\n\t<meta property=\"og:image:type\" content=\"image\/jpeg\" \/>\n<meta name=\"twitter:card\" content=\"summary_large_image\" \/>\n<meta name=\"twitter:label1\" content=\"Dur\u00e9e de lecture estim\u00e9e\" \/>\n\t<meta name=\"twitter:data1\" content=\"2 minutes\" \/>\n<script type=\"application\/ld+json\" class=\"yoast-schema-graph\">{\"@context\":\"https:\/\/schema.org\",\"@graph\":[{\"@type\":\"WebPage\",\"@id\":\"https:\/\/chemgramx.com\/product\/2c-b\/\",\"url\":\"https:\/\/chemgramx.com\/product\/2c-b\/\",\"name\":\"2C-B online kaufen \u2013 2C-B zu verkaufen | chemgramx\",\"isPartOf\":{\"@id\":\"https:\/\/chemgramx.com\/#website\"},\"primaryImageOfPage\":{\"@id\":\"https:\/\/chemgramx.com\/product\/2c-b\/#primaryimage\"},\"image\":{\"@id\":\"https:\/\/chemgramx.com\/product\/2c-b\/#primaryimage\"},\"thumbnailUrl\":\"https:\/\/chemgramx.com\/wp-content\/uploads\/2024\/12\/2cb.jpg\",\"datePublished\":\"2024-12-07T14:47:32+00:00\",\"dateModified\":\"2025-10-15T05:37:10+00:00\",\"description\":\"Wenn Sie 2c-b online kaufen m\u00f6chten, besuchen Sie unseren Chemgramx-Onlineshop. Wir haben hochwertige Produkte wie 2c-b zu verkaufen. Bestellen Sie jetzt!\",\"breadcrumb\":{\"@id\":\"https:\/\/chemgramx.com\/product\/2c-b\/#breadcrumb\"},\"inLanguage\":\"fr-FR\",\"potentialAction\":[{\"@type\":\"ReadAction\",\"target\":[\"https:\/\/chemgramx.com\/product\/2c-b\/\"]}]},{\"@type\":\"ImageObject\",\"inLanguage\":\"fr-FR\",\"@id\":\"https:\/\/chemgramx.com\/product\/2c-b\/#primaryimage\",\"url\":\"https:\/\/chemgramx.com\/wp-content\/uploads\/2024\/12\/2cb.jpg\",\"contentUrl\":\"https:\/\/chemgramx.com\/wp-content\/uploads\/2024\/12\/2cb.jpg\",\"width\":600,\"height\":400,\"caption\":\"2C-B online kaufen\"},{\"@type\":\"BreadcrumbList\",\"@id\":\"https:\/\/chemgramx.com\/product\/2c-b\/#breadcrumb\",\"itemListElement\":[{\"@type\":\"ListItem\",\"position\":1,\"name\":\"Home\",\"item\":\"https:\/\/chemgramx.com\/\"},{\"@type\":\"ListItem\",\"position\":2,\"name\":\"Shop\",\"item\":\"https:\/\/chemgramx.com\/shop\/\"},{\"@type\":\"ListItem\",\"position\":3,\"name\":\"2C-B online kaufen\"}]},{\"@type\":\"WebSite\",\"@id\":\"https:\/\/chemgramx.com\/#website\",\"url\":\"https:\/\/chemgramx.com\/\",\"name\":\"Chemgramx\",\"description\":\"\",\"publisher\":{\"@id\":\"https:\/\/chemgramx.com\/#organization\"},\"potentialAction\":[{\"@type\":\"SearchAction\",\"target\":{\"@type\":\"EntryPoint\",\"urlTemplate\":\"https:\/\/chemgramx.com\/?s={search_term_string}\"},\"query-input\":{\"@type\":\"PropertyValueSpecification\",\"valueRequired\":true,\"valueName\":\"search_term_string\"}}],\"inLanguage\":\"fr-FR\"},{\"@type\":\"Organization\",\"@id\":\"https:\/\/chemgramx.com\/#organization\",\"name\":\"Chemgramx\",\"url\":\"https:\/\/chemgramx.com\/\",\"logo\":{\"@type\":\"ImageObject\",\"inLanguage\":\"fr-FR\",\"@id\":\"https:\/\/chemgramx.com\/#\/schema\/logo\/image\/\",\"url\":\"https:\/\/chemgramx.com\/wp-content\/uploads\/2024\/10\/final-logo.png\",\"contentUrl\":\"https:\/\/chemgramx.com\/wp-content\/uploads\/2024\/10\/final-logo.png\",\"width\":250,\"height\":48,\"caption\":\"Chemgramx\"},\"image\":{\"@id\":\"https:\/\/chemgramx.com\/#\/schema\/logo\/image\/\"}}]}<\/script>\n<!-- \/ Yoast SEO plugin. -->","yoast_head_json":{"title":"Achetez du 2C-B en ligne \u2013 2C-B \u00e0 vendre | chemgramx","description":"Si vous souhaitez acheter du 2c-b en ligne, visitez notre boutique en ligne Chemgramx. Nous proposons des produits de haute qualit\u00e9, comme le 2c-b, \u00e0 la vente. Commandez d\u00e8s maintenant\u00a0!","robots":{"index":"index","follow":"follow","max-snippet":"max-snippet:-1","max-image-preview":"max-image-preview:large","max-video-preview":"max-video-preview:-1"},"canonical":"https:\/\/chemgramx.com\/fr\/produit\/2c-b\/","og_locale":"fr_FR","og_type":"article","og_title":"2C-B online kaufen \u2013 2C-B zu verkaufen | chemgramx","og_description":"Wenn Sie 2c-b online kaufen m\u00f6chten, besuchen Sie unseren Chemgramx-Onlineshop. Wir haben hochwertige Produkte wie 2c-b zu verkaufen. Bestellen Sie jetzt!","og_url":"https:\/\/chemgramx.com\/fr\/produit\/2c-b\/","og_site_name":"Chemgramx","article_modified_time":"2025-10-15T05:37:10+00:00","og_image":[{"width":600,"height":400,"url":"https:\/\/chemgramx.com\/wp-content\/uploads\/2024\/12\/2cb.jpg","type":"image\/jpeg"}],"twitter_card":"summary_large_image","twitter_misc":{"Dur\u00e9e de lecture estim\u00e9e":"2 minutes"},"schema":{"@context":"https:\/\/schema.org","@graph":[{"@type":"WebPage","@id":"https:\/\/chemgramx.com\/product\/2c-b\/","url":"https:\/\/chemgramx.com\/product\/2c-b\/","name":"Achetez du 2C-B en ligne \u2013 2C-B \u00e0 vendre | chemgramx","isPartOf":{"@id":"https:\/\/chemgramx.com\/#website"},"primaryImageOfPage":{"@id":"https:\/\/chemgramx.com\/product\/2c-b\/#primaryimage"},"image":{"@id":"https:\/\/chemgramx.com\/product\/2c-b\/#primaryimage"},"thumbnailUrl":"https:\/\/chemgramx.com\/wp-content\/uploads\/2024\/12\/2cb.jpg","datePublished":"2024-12-07T14:47:32+00:00","dateModified":"2025-10-15T05:37:10+00:00","description":"Si vous souhaitez acheter du 2c-b en ligne, visitez notre boutique en ligne Chemgramx. Nous proposons des produits de haute qualit\u00e9, comme le 2c-b, \u00e0 la vente. Commandez d\u00e8s maintenant\u00a0!","breadcrumb":{"@id":"https:\/\/chemgramx.com\/product\/2c-b\/#breadcrumb"},"inLanguage":"fr-FR","potentialAction":[{"@type":"ReadAction","target":["https:\/\/chemgramx.com\/product\/2c-b\/"]}]},{"@type":"ImageObject","inLanguage":"fr-FR","@id":"https:\/\/chemgramx.com\/product\/2c-b\/#primaryimage","url":"https:\/\/chemgramx.com\/wp-content\/uploads\/2024\/12\/2cb.jpg","contentUrl":"https:\/\/chemgramx.com\/wp-content\/uploads\/2024\/12\/2cb.jpg","width":600,"height":400,"caption":"2C-B online kaufen"},{"@type":"BreadcrumbList","@id":"https:\/\/chemgramx.com\/product\/2c-b\/#breadcrumb","itemListElement":[{"@type":"ListItem","position":1,"name":"Home","item":"https:\/\/chemgramx.com\/"},{"@type":"ListItem","position":2,"name":"Shop","item":"https:\/\/chemgramx.com\/shop\/"},{"@type":"ListItem","position":3,"name":"2C-B online kaufen"}]},{"@type":"WebSite","@id":"https:\/\/chemgramx.com\/#website","url":"https:\/\/chemgramx.com\/","name":"Chemgramx","description":"","publisher":{"@id":"https:\/\/chemgramx.com\/#organization"},"potentialAction":[{"@type":"SearchAction","target":{"@type":"EntryPoint","urlTemplate":"https:\/\/chemgramx.com\/?s={search_term_string}"},"query-input":{"@type":"PropertyValueSpecification","valueRequired":true,"valueName":"search_term_string"}}],"inLanguage":"fr-FR"},{"@type":"Organization","@id":"https:\/\/chemgramx.com\/#organization","name":"Chemgramx","url":"https:\/\/chemgramx.com\/","logo":{"@type":"ImageObject","inLanguage":"fr-FR","@id":"https:\/\/chemgramx.com\/#\/schema\/logo\/image\/","url":"https:\/\/chemgramx.com\/wp-content\/uploads\/2024\/10\/final-logo.png","contentUrl":"https:\/\/chemgramx.com\/wp-content\/uploads\/2024\/10\/final-logo.png","width":250,"height":48,"caption":"Chemgramx"},"image":{"@id":"https:\/\/chemgramx.com\/#\/schema\/logo\/image\/"}}]}},"_links":{"self":[{"href":"https:\/\/chemgramx.com\/fr\/wp-json\/wp\/v2\/product\/999","targetHints":{"allow":["GET"]}}],"collection":[{"href":"https:\/\/chemgramx.com\/fr\/wp-json\/wp\/v2\/product"}],"about":[{"href":"https:\/\/chemgramx.com\/fr\/wp-json\/wp\/v2\/types\/product"}],"replies":[{"embeddable":true,"href":"https:\/\/chemgramx.com\/fr\/wp-json\/wp\/v2\/comments?post=999"}],"wp:featuredmedia":[{"embeddable":true,"href":"https:\/\/chemgramx.com\/fr\/wp-json\/wp\/v2\/media\/1002"}],"wp:attachment":[{"href":"https:\/\/chemgramx.com\/fr\/wp-json\/wp\/v2\/media?parent=999"}],"wp:term":[{"taxonomy":"product_brand","embeddable":true,"href":"https:\/\/chemgramx.com\/fr\/wp-json\/wp\/v2\/product_brand?post=999"},{"taxonomy":"product_cat","embeddable":true,"href":"https:\/\/chemgramx.com\/fr\/wp-json\/wp\/v2\/product_cat?post=999"},{"taxonomy":"product_tag","embeddable":true,"href":"https:\/\/chemgramx.com\/fr\/wp-json\/wp\/v2\/product_tag?post=999"}],"curies":[{"name":"wp","href":"https:\/\/api.w.org\/{rel}","templated":true}]}}