{"id":6423,"date":"2025-11-21T11:05:20","date_gmt":"2025-11-21T11:05:20","guid":{"rendered":"https:\/\/chemgramx.com\/?post_type=product&#038;p=6423"},"modified":"2025-11-21T11:06:13","modified_gmt":"2025-11-21T11:06:13","slug":"vasarlas-4-aco-met-20mg-pellet","status":"publish","type":"product","link":"https:\/\/chemgramx.com\/hu\/product\/4-aco-met-20mg-pellets-kaufen\/","title":{"rendered":"4-AcO-MET 20mg pellet megv\u00e1s\u00e1rl\u00e1sa"},"content":{"rendered":"<p>Az adagol\u00e1si pontoss\u00e1g biztos\u00edt\u00e1sa a megb\u00edzhat\u00f3 tudom\u00e1nyos kutat\u00e1s egyik alappill\u00e9re. A <b>4-AcO-MET 20 mg tabletta<\/b> olyan speci\u00e1lis adagol\u00e1si form\u00e1t k\u00e9pviselnek, amelyet \u00fagy fejlesztettek ki, hogy megfeleljen az ig\u00e9nyes laborat\u00f3riumi k\u00f6rnyezet szabv\u00e1nyos\u00edt\u00e1si \u00e9s konzisztencia k\u00f6vetelm\u00e9nyeinek. Ez a k\u00e9sz\u00edtm\u00e9ny pontosan adagolt \u00e9s k\u00f6nnyen kezelhet\u0151 mennyis\u00e9g\u0171 triptamin-sz\u00e1rmaz\u00e9kot biztos\u00edt. <b>4-acetoxi-N-metil-N-etil-triptamin<\/b> (4-AcO-MET).<\/p>\n<p>A pelletform\u00e1t kifejezetten \u00fagy tervezt\u00e9k, hogy kik\u00fcsz\u00f6b\u00f6lje a kis mennyis\u00e9g\u0171 por\u00edtott kutat\u00e1si vegyszerek k\u00e9zi m\u00e9rlegel\u00e9sekor felmer\u00fcl\u0151 pontatlans\u00e1gokat. A garant\u00e1lt adag <b>20 milligramm (mg)<\/b> pelletenk\u00e9nt, magas <b>D\u00f3zis pontoss\u00e1ga<\/b> ami elengedhetetlen a mennyis\u00e9gi k\u00eds\u00e9rletek reproduk\u00e1lhat\u00f3s\u00e1g\u00e1hoz.<\/p>\n<p>Ez az anyag <b>kiz\u00e1r\u00f3lag<\/b> szakk\u00e9pzett szakemberek \u00e1ltali haszn\u00e1latra, enged\u00e9lyezett kutat\u00f3laborat\u00f3riumokban. Szigor\u00faan kiz\u00e1rt a tudom\u00e1nyos kontextuson k\u00edv\u00fcli felhaszn\u00e1l\u00e1s, k\u00fcl\u00f6n\u00f6sen az emberi fogyaszt\u00e1s.<\/p>\n<h2>Pontos term\u00e9kle\u00edr\u00e1sok \u00e9s garant\u00e1lt analitikai tisztas\u00e1g<\/h2>\n<p>A 4-AcO-MET pellet k\u00e9miai \u00e9s fizikai integrit\u00e1s\u00e1t szigor\u00fa analitikai ellen\u0151rz\u00e9sekkel biztos\u00edtjuk, hogy garant\u00e1ljuk az \u00d6n kutat\u00e1si eredm\u00e9nyeinek megb\u00edzhat\u00f3s\u00e1g\u00e1t.<\/p>\n<h3>A kutat\u00e1si anyag r\u00e9szletes le\u00edr\u00e1sa<\/h3>\n<p>A pelleteket a k\u00f6vetkez\u0151 kulcsfontoss\u00e1g\u00fa tulajdons\u00e1gok jellemzik, amelyek ide\u00e1lis reagenss\u00e9 teszik \u0151ket a tudom\u00e1nyos vizsg\u00e1latokhoz:<\/p>\n<ul>\n<li><b>Anyag:<\/b> Az akt\u00edv kapcsolat <b>4-Acetoxi-N-metil-N-etil-triptamin (4-AcO-MET)<\/b>. A triptaminok oszt\u00e1ly\u00e1nak egyik sz\u00e1rmaz\u00e9kak\u00e9nt gyakran vizsg\u00e1lt reagens a neurok\u00e9mia ter\u00fclet\u00e9n.<\/li>\n<li><b>Adagol\u00e1si forma:<\/b> <b>Pr\u00e9selt pellet<\/b>. Ez a szil\u00e1rd forma jobb k\u00e9miai stabilit\u00e1st biztos\u00edt \u00e9s egyszer\u0171s\u00edti a laborat\u00f3riumi kezel\u00e9st.<\/li>\n<li><b>Adagol\u00e1s:<\/b> Minden egyes pellet pontosan <b>20mg<\/b> az anyag minim\u00e1lis t\u0171r\u00e9shat\u00e1r\u00e1val, amely mind\u00f6ssze <b>\u00b1 1,5 mg<\/b>. A garant\u00e1lt adagol\u00e1si pontoss\u00e1g jelent\u0151s el\u0151nyt jelent a por form\u00e1val szemben.<\/li>\n<li><b>Tisztas\u00e1g:<\/b> Az anyag k\u00e9miai tisztas\u00e1ga <b>\u226598%<\/b>, amelyet a f\u00fcggetlen <b>HPLC-elemz\u00e9sek<\/b> (nagy teljes\u00edtm\u00e9ny\u0171 folyad\u00e9kkromatogr\u00e1fia).<\/li>\n<li><b>Stabilit\u00e1s:<\/b> A term\u00e9k az aj\u00e1nlott t\u00e1rol\u00e1si felt\u00e9telek betart\u00e1sa eset\u00e9n hossz\u00fa eltarthat\u00f3s\u00e1gi id\u0151vel rendelkezik. <b>Hossz\u00fa t\u00e1v\u00fa stabilit\u00e1s<\/b> on.<\/li>\n<\/ul>\n<h3>\u00c1tfog\u00f3 min\u0151s\u00e9gi jellemz\u0151k \u00e9s k\u00f6vetkezetess\u00e9g<\/h3>\n<p>Term\u00e9keinknek a legmagasabb min\u0151s\u00e9gi el\u0151\u00edr\u00e1soknak val\u00f3 megfelel\u00e9s\u00e9t r\u00e9szletes tesztel\u00e9si \u00e9s dokument\u00e1ci\u00f3s elj\u00e1r\u00e1sok biztos\u00edtj\u00e1k:<\/p>\n<ul>\n<li><b>Pontos adagol\u00e1s:<\/b> A gy\u00e1rt\u00e1si folyamat garant\u00e1lja <b>A hat\u00f3anyagok egyenletes eloszl\u00e1sa<\/b> a pelletm\u00e1trixon bel\u00fcl, ami maximaliz\u00e1lja a homogenit\u00e1st \u00e9s minimaliz\u00e1lja az egyes mint\u00e1k k\u00f6z\u00f6tti sz\u00f3r\u00e1st.<\/li>\n<li><b>Analitikai dokument\u00e1ci\u00f3:<\/b> Minden egyes t\u00e9telen szerepel egy <b>teljes analitikai tan\u00fas\u00edtv\u00e1ny (CoA)<\/b> sz\u00e1ll\u00edtott. Ez a dokumentum bizony\u00edtja a vegy\u00fclet azonoss\u00e1g\u00e1t, tisztas\u00e1g\u00e1t \u00e9s koncentr\u00e1ci\u00f3j\u00e1nak pontoss\u00e1g\u00e1t.<\/li>\n<li><b>A t\u00e9telek konzisztenci\u00e1ja:<\/b> Szabv\u00e1nyos\u00edtott gy\u00e1rt\u00e1si protokollokra t\u00e1maszkodunk annak biztos\u00edt\u00e1sa \u00e9rdek\u00e9ben, hogy az egyes t\u00e9telek k\u00e9miai \u00e9s fizikai tulajdons\u00e1gai \u00e1lland\u00f3ak maradjanak. Ez a <b>Reproduk\u00e1lhat\u00f3 min\u0151s\u00e9g<\/b> elengedhetetlen a t\u00f6bbk\u00f6zpont\u00fa vizsg\u00e1latokhoz.<\/li>\n<li><b>Stabilit\u00e1si adatok:<\/b> Dokument\u00e1lt adatok a <b>Tart\u00f3ss\u00e1g<\/b> a term\u00e9kr\u0151l, amelyek meger\u0151s\u00edtik az anyag megb\u00edzhat\u00f3s\u00e1g\u00e1t a megadott id\u0151szakban.<\/li>\n<\/ul>\n<h2>Kutat\u00e1si \u00e9s analitikai alkalmaz\u00e1sok<\/h2>\n<p>A standardiz\u00e1lt pellet forma k\u00fcl\u00f6n\u00f6sen \u00e9rt\u00e9kes olyan kutat\u00e1si projektekn\u00e9l, ahol a reagens pontos mennyis\u00e9ge kritikus.<\/p>\n<h3>Lehets\u00e9ges alkalmaz\u00e1si ter\u00fcletek a laborat\u00f3riumi kutat\u00e1sban<\/h3>\n<ul>\n<li><b>Adagol\u00e1si vizsg\u00e1latok:<\/b> A hat\u00f3anyag pontos alkalmaz\u00e1sa ide\u00e1lis olyan kvantitat\u00edv vizsg\u00e1latokhoz, amelyek a vegy\u00fclet d\u00f3zis-hat\u00e1s viszony\u00e1t elemzik a k\u00f6vetkez\u0151kben <b>In vitro rendszerek<\/b> vagy preklinikai modellek (etikai j\u00f3v\u00e1hagy\u00e1s mellett).<\/li>\n<li><b>Stabilit\u00e1skutat\u00e1s:<\/b> A pellet alkalmas a k\u00f6vetkez\u0151k elv\u00e9gz\u00e9s\u00e9re <b>Eltarthat\u00f3s\u00e1gi vizsg\u00e1latok<\/b> k\u00fcl\u00f6nb\u00f6z\u0151 \u00e9ghajlati k\u00f6r\u00fclm\u00e9nyek k\u00f6z\u00f6tt (h\u0151m\u00e9rs\u00e9klet, p\u00e1ratartalom). Ezek a vizsg\u00e1latok seg\u00edtenek meghat\u00e1rozni a leboml\u00e1si sebess\u00e9get egy stabiliz\u00e1lt k\u00e9sz\u00edtm\u00e9nyben.<\/li>\n<li><b>\u00d6sszehasonl\u00edt\u00f3 elemz\u00e9sek:<\/b> A 4-AcO-MET ebben a form\u00e1ban egy <b>analitikai referenciastandard<\/b> \u00faj kromatogr\u00e1fi\u00e1s (pl. LC-MS\/MS) \u00e9s spektrometriai m\u00f3dszerek valid\u00e1l\u00e1sa \u00e9s optimaliz\u00e1l\u00e1sa, k\u00fcl\u00f6n\u00f6sen m\u00e1s triptamin-anal\u00f3gokkal val\u00f3 \u00f6sszehasonl\u00edt\u00e1sban.<\/li>\n<li><b>Anyagi tulajdons\u00e1gok:<\/b> A pelletek felhaszn\u00e1lhat\u00f3k fizikai jellemz\u0151ik tanulm\u00e1nyoz\u00e1s\u00e1ra, bele\u00e9rtve a boml\u00e1si viselked\u00e9st vagy a hat\u00f3anyag felszabadul\u00e1si mechanizmus\u00e1t.<\/li>\n<\/ul>\n<h2>Biztons\u00e1gi protokollok \u00e9s szab\u00e1lyoz\u00e1si megfelel\u00e9s<\/h2>\n<p>A nagy hat\u00e1s\u00fa kutat\u00e1si vegyi anyagok kezel\u00e9se kompromisszummentes biztons\u00e1gi protokollokat \u00e9s a t\u00f6rv\u00e9nyek szigor\u00fa betart\u00e1s\u00e1t k\u00f6veteli meg.<\/p>\n<h3>Fontos \u00f3vint\u00e9zked\u00e9sek laborat\u00f3riumok sz\u00e1m\u00e1ra<\/h3>\n<ul>\n<li><b>Kiz\u00e1r\u00f3lag kutat\u00e1si c\u00e9lokra:<\/b> Az anyag kiz\u00e1r\u00f3lag tudom\u00e1nyos k\u00eds\u00e9rletekre haszn\u00e1lhat\u00f3 fel. A rendeltet\u00e9st\u0151l elt\u00e9r\u0151 felhaszn\u00e1l\u00e1s szigor\u00faan tilos.<\/li>\n<li><b>Laborat\u00f3riumi k\u00f6r\u00fclm\u00e9nyek:<\/b> A kezel\u00e9snek <b>kiz\u00e1r\u00f3lag<\/b> megfelel\u0151en felszerelt \u00e9s <b>GLP-konform<\/b> (helyes laborat\u00f3riumi gyakorlat) laborat\u00f3riumi l\u00e9tes\u00edtm\u00e9nyek.<\/li>\n<li><b>Szem\u00e9lyi v\u00e9d\u0151felszerel\u00e9s (PPE):<\/b> A szem\u00e9lyzetnek mindenkor megfelel\u0151 v\u00e9d\u0151ruh\u00e1zatot kell viselnie, amely a k\u00f6vetkez\u0151kb\u0151l \u00e1ll <b>Laborat\u00f3riumi k\u00f6peny, v\u00e9d\u0151szem\u00fcveg \u00e9s keszty\u0171<\/b>, hogy megel\u0151zz\u00fck az expoz\u00edci\u00f3t.<\/li>\n<li><b>Jogi megfelel\u00e9s:<\/b> A v\u00e1s\u00e1rl\u00f3 kiz\u00e1r\u00f3lagos felel\u0151ss\u00e9ge annak biztos\u00edt\u00e1sa, hogy az \u00f6sszes <b>helyi, \u00e1llami \u00e9s nemzeti jogszab\u00e1lyok<\/b> a kutat\u00e1si c\u00e9l\u00fa vegyi anyag birtokl\u00e1sa \u00e9s felhaszn\u00e1l\u00e1sa tekintet\u00e9ben a joghat\u00f3s\u00e1ga alatt.<\/li>\n<\/ul>\n<h2>T\u00e1rol\u00e1si \u00e9s kezel\u00e9si aj\u00e1nl\u00e1sok<\/h2>\n<p>Az aj\u00e1nlott t\u00e1rol\u00e1si felt\u00e9telek betart\u00e1sa d\u00f6nt\u0151 fontoss\u00e1g\u00fa a 4-AcO-MET 20 mg pellet tisztas\u00e1g\u00e1nak \u00e9s stabilit\u00e1s\u00e1nak meg\u0151rz\u00e9s\u00e9hez annak teljes \u00e9lettartama alatt.<\/p>\n<h3>Optim\u00e1lis felt\u00e9telek a hossz\u00fa t\u00e1v\u00fa t\u00e1rol\u00e1shoz<\/h3>\n<ul>\n<li><b>H\u0151m\u00e9rs\u00e9klet-szab\u00e1lyoz\u00e1s:<\/b> A t\u00e1rol\u00e1snak a k\u00f6vetkez\u0151 helyen kell lennie <b><a href=\"\/product\/1b-lsd-125mcg-blotters-kaufen\/\">ellen\u0151rz\u00f6ttebb<\/a> Szobah\u0151m\u00e9rs\u00e9kleten (15-25\u00b0C)<\/b> ker\u00fcl sor. A sz\u00e9ls\u0151s\u00e9ges h\u0151 felgyors\u00edthatja a boml\u00e1s \u00fctem\u00e9t.<\/li>\n<li><b>Nedvess\u00e9g elleni v\u00e9delem:<\/b> A k\u00f6rnyezetnek <b>sz\u00e1raz<\/b> (ide\u00e1lis esetben 60% relat\u00edv p\u00e1ratartalom alatt) a k\u00e9miai stabilit\u00e1s biztos\u00edt\u00e1sa \u00e9rdek\u00e9ben.<\/li>\n<li><b>F\u00e9nyv\u00e9delem:<\/b> A pelletnek <b>a k\u00f6zvetlen napf\u00e9nyt\u0151l<\/b> \u00e9s intenz\u00edv f\u00e9ny.<\/li>\n<li><b>Csomagol\u00e1s:<\/b> A <b>Eredeti csomagol\u00e1s<\/b> mindig szorosan lez\u00e1rva \u00e9s s\u00e9rtetlen\u00fcl kell maradnia a k\u00fcls\u0151 hat\u00e1sok megel\u0151z\u00e9se \u00e9rdek\u00e9ben.<\/li>\n<\/ul>\n<h2>Rendel\u00e9si inform\u00e1ci\u00f3k \u00e9s ellen\u0151rz\u00e9si protokoll<\/h2>\n<p>E speci\u00e1lis kutat\u00e1si anyagok forgalmaz\u00e1sa ellen\u0151rz\u00f6tt tudom\u00e1nyos \u00e9s analitikai int\u00e9zm\u00e9nyekre korl\u00e1toz\u00f3dik.<\/p>\n<h3>A kutat\u00f3int\u00e9zetek sz\u00e1m\u00e1ra rendelkez\u00e9sre \u00e1ll\u00f3 mennyis\u00e9gek<\/h3>\n<ul>\n<li>Kis kiszerel\u00e9s: 50 pellet<\/li>\n<li>Standard csomag: 100 pellet<\/li>\n<li>\u00d6mlesztett csomagol\u00e1s: 250 pellet<\/li>\n<li>Kutat\u00e1si \u00f6mlesztett csomag: 500 pellet<\/li>\n<\/ul>\n<h3>K\u00f6telez\u0151 rendel\u00e9si k\u00f6vetelm\u00e9nyek<\/h3>\n<p>A k\u00f6vetkez\u0151 bizony\u00edt\u00e9kok sz\u00fcks\u00e9gesek a tudom\u00e1nyos szabv\u00e1nyok v\u00e9delm\u00e9hez:<\/p>\n<ol start=\"1\">\n<li><b>Kutat\u00f3int\u00e9zet:<\/b> Hivatalos igazol\u00e1s beny\u00fajt\u00e1sa az int\u00e9zm\u00e9nyt\u0151l (egyetem, kutat\u00f3laborat\u00f3rium).<\/li>\n<li><b>Rendeltet\u00e9sszer\u0171 haszn\u00e1lat:<\/b> Annak a kutat\u00e1si projektnek az \u00edr\u00e1sos le\u00edr\u00e1sa, amelyhez a pelleteket fel k\u00edv\u00e1nj\u00e1k haszn\u00e1lni.<\/li>\n<li><b>Biztons\u00e1gi ismeretek:<\/b> Az anyagbiztons\u00e1gi adatlap (MSDS) ismeret\u00e9nek \u00e9s betart\u00e1s\u00e1nak meger\u0151s\u00edt\u00e9se.<\/li>\n<\/ol>\n<h2>Gyakran ism\u00e9telt k\u00e9rd\u00e9sek (GYIK)<\/h2>\n<ul>\n<li><b>K: A pellet alkalmas emberi fogyaszt\u00e1sra?<\/b><br \/>\nV: Nem, ez a term\u00e9k <b>kiz\u00e1r\u00f3lag kutat\u00e1si c\u00e9lokra<\/b> laborat\u00f3riumi k\u00f6rnyezetben.<\/li>\n<li><b>K: Milyen elemz\u00e9si adatokat biztos\u00edtanak?<\/b><br \/>\nV: Teljes HPLC-anal\u00edzist \u00e9s t\u00e9teldokument\u00e1ci\u00f3t biztos\u00edtunk.<\/li>\n<li><b>K: Mennyi a pellet eltarthat\u00f3s\u00e1gi ideje?<br \/>\n<\/b> V: Megfelel\u0151 t\u00e1rol\u00e1s eset\u00e9n a dokument\u00e1lt eltarthat\u00f3s\u00e1gi id\u0151 legal\u00e1bb <b>24 h\u00f3nap<\/b>.<\/li>\n<li><b>K: Sz\u00fcks\u00e9gem van k\u00fcl\u00f6nleges enged\u00e9lyekre?<\/b><br \/>\nV: A kutat\u00f3szervezeteknek meg kell felelni\u00fck a kutat\u00e1si vegyi anyagokra vonatkoz\u00f3 valamennyi helyi \u00e9s nemzeti szab\u00e1lyoz\u00e1snak.<\/li>\n<li><b>K: A k\u00fcldem\u00e9ny diszkr\u00e9t?<\/b><br \/>\nV: Igen, a sz\u00e1ll\u00edtm\u00e1ny semleges laborat\u00f3riumi csomagol\u00e1sban \u00e9rkezik, amely nem utal a tartalomra.<\/li>\n<\/ul>\n<h2>Jogi nyilatkozat - Szigor\u00fa megfelel\u00e9s<\/h2>\n<p>Ez a term\u00e9k <b>kiz\u00e1r\u00f3lag tudom\u00e1nyos kutat\u00e1si c\u00e9lokra<\/b> meghat\u00e1rozva. A vev\u0151 visszavonhatatlanul meger\u0151s\u00edti a v\u00e1s\u00e1rl\u00e1st:<\/p>\n<ul>\n<li>Kiz\u00e1r\u00f3lag a k\u00f6vetkez\u0151 esetekben haszn\u00e1latos <b>leg\u00e1lis \u00e9s enged\u00e9lyezett kutat\u00e1si k\u00f6rnyezetek<\/b>.<\/li>\n<li>A <b>Az \u00f6sszes alkalmazand\u00f3 t\u00f6rv\u00e9ny \u00e9s rendelet betart\u00e1sa<\/b>.<\/li>\n<li>A <b>Megfelel\u0151 biztons\u00e1gi int\u00e9zked\u00e9sek v\u00e9grehajt\u00e1sa<\/b>.<\/li>\n<li>A <b>Enged\u00e9ly n\u00e9lk\u00fcli haszn\u00e1lat tilalma<\/b>.<\/li>\n<\/ul>","protected":false},"excerpt":{"rendered":"<p>V\u00e1s\u00e1roljon 4-AcO-MET 20mg pelletet: Egyenletesen adagolt pelletekben a prec\u00edz tudom\u00e1nyos munk\u00e1hoz. Kiz\u00e1r\u00f3lag kutat\u00e1si c\u00e9lokra laborat\u00f3riumi k\u00f6rnyezetben.<\/p>","protected":false},"featured_media":6453,"comment_status":"open","ping_status":"closed","template":"","meta":{"_joinchat":[]},"product_brand":[],"product_cat":[54],"product_tag":[3103,3102,3088,2907,2908,3086,3084,3074,3087],"class_list":{"0":"post-6423","1":"product","2":"type-product","3":"status-publish","4":"has-post-thumbnail","6":"product_cat-tryptamines","7":"product_tag-20mg","8":"product_tag-4-aco-met","9":"product_tag-dosierungsstudien","10":"product_tag-forschungschemikalie","11":"product_tag-laborbedarf","12":"product_tag-laborforschung","13":"product_tag-pellets","14":"product_tag-research-chemical","15":"product_tag-wissenschaftliche-analyse","17":"first","18":"instock","19":"shipping-taxable","20":"purchasable","21":"product-type-variable"},"yoast_head":"<!-- This site is optimized with the Yoast SEO plugin v27.5 - https:\/\/yoast.com\/product\/yoast-seo-wordpress\/ -->\n<title>4-AcO-MET Pellets Kaufen | Research Chemical | 20mg Chemgramx<\/title>\n<meta name=\"description\" content=\"4-AcO-MET 20mg Pellets kaufen - Forschungschemikalie in pelletierter Form. F\u00fcr wissenschaftliche Analysen. Laborgepr\u00fcft &amp; diskret.\" \/>\n<meta name=\"robots\" content=\"index, follow, max-snippet:-1, max-image-preview:large, max-video-preview:-1\" \/>\n<link rel=\"canonical\" href=\"https:\/\/chemgramx.com\/hu\/termek-1\/vasarlas-4-aco-met-20mg-pellet\/\" \/>\n<meta property=\"og:locale\" content=\"hu_HU\" \/>\n<meta property=\"og:type\" content=\"article\" \/>\n<meta property=\"og:title\" content=\"4-AcO-MET Pellets Kaufen | Research Chemical | 20mg Chemgramx\" \/>\n<meta property=\"og:description\" content=\"4-AcO-MET 20mg Pellets kaufen - Forschungschemikalie in pelletierter Form. F\u00fcr wissenschaftliche Analysen. Laborgepr\u00fcft &amp; diskret.\" \/>\n<meta property=\"og:url\" content=\"https:\/\/chemgramx.com\/hu\/termek-1\/vasarlas-4-aco-met-20mg-pellet\/\" \/>\n<meta property=\"og:site_name\" content=\"Chemgramx\" \/>\n<meta property=\"article:modified_time\" content=\"2025-11-21T11:06:13+00:00\" \/>\n<meta property=\"og:image\" content=\"https:\/\/chemgramx.com\/wp-content\/uploads\/2025\/11\/buy-4-aco-met-20-mg-pellets-chem-store-online.png\" \/>\n\t<meta property=\"og:image:width\" content=\"544\" \/>\n\t<meta property=\"og:image:height\" content=\"568\" \/>\n\t<meta property=\"og:image:type\" content=\"image\/png\" \/>\n<meta name=\"twitter:card\" content=\"summary_large_image\" \/>\n<meta name=\"twitter:label1\" content=\"Becs\u00fclt olvas\u00e1si id\u0151\" \/>\n\t<meta name=\"twitter:data1\" content=\"5 perc\" \/>\n<script type=\"application\/ld+json\" class=\"yoast-schema-graph\">{\"@context\":\"https:\\\/\\\/schema.org\",\"@graph\":[{\"@type\":\"WebPage\",\"@id\":\"https:\\\/\\\/chemgramx.com\\\/product\\\/4-aco-met-20mg-pellets-kaufen\\\/\",\"url\":\"https:\\\/\\\/chemgramx.com\\\/product\\\/4-aco-met-20mg-pellets-kaufen\\\/\",\"name\":\"4-AcO-MET Pellets Kaufen | Research Chemical | 20mg Chemgramx\",\"isPartOf\":{\"@id\":\"https:\\\/\\\/chemgramx.com\\\/#website\"},\"primaryImageOfPage\":{\"@id\":\"https:\\\/\\\/chemgramx.com\\\/product\\\/4-aco-met-20mg-pellets-kaufen\\\/#primaryimage\"},\"image\":{\"@id\":\"https:\\\/\\\/chemgramx.com\\\/product\\\/4-aco-met-20mg-pellets-kaufen\\\/#primaryimage\"},\"thumbnailUrl\":\"https:\\\/\\\/chemgramx.com\\\/wp-content\\\/uploads\\\/2025\\\/11\\\/buy-4-aco-met-20-mg-pellets-chem-store-online.png\",\"datePublished\":\"2025-11-21T11:05:20+00:00\",\"dateModified\":\"2025-11-21T11:06:13+00:00\",\"description\":\"4-AcO-MET 20mg Pellets kaufen - Forschungschemikalie in pelletierter Form. F\u00fcr wissenschaftliche Analysen. Laborgepr\u00fcft &amp; diskret.\",\"breadcrumb\":{\"@id\":\"https:\\\/\\\/chemgramx.com\\\/product\\\/4-aco-met-20mg-pellets-kaufen\\\/#breadcrumb\"},\"inLanguage\":\"hu\",\"potentialAction\":[{\"@type\":\"ReadAction\",\"target\":[\"https:\\\/\\\/chemgramx.com\\\/product\\\/4-aco-met-20mg-pellets-kaufen\\\/\"]}]},{\"@type\":\"ImageObject\",\"inLanguage\":\"hu\",\"@id\":\"https:\\\/\\\/chemgramx.com\\\/product\\\/4-aco-met-20mg-pellets-kaufen\\\/#primaryimage\",\"url\":\"https:\\\/\\\/chemgramx.com\\\/wp-content\\\/uploads\\\/2025\\\/11\\\/buy-4-aco-met-20-mg-pellets-chem-store-online.png\",\"contentUrl\":\"https:\\\/\\\/chemgramx.com\\\/wp-content\\\/uploads\\\/2025\\\/11\\\/buy-4-aco-met-20-mg-pellets-chem-store-online.png\",\"width\":544,\"height\":568},{\"@type\":\"BreadcrumbList\",\"@id\":\"https:\\\/\\\/chemgramx.com\\\/product\\\/4-aco-met-20mg-pellets-kaufen\\\/#breadcrumb\",\"itemListElement\":[{\"@type\":\"ListItem\",\"position\":1,\"name\":\"Home\",\"item\":\"https:\\\/\\\/chemgramx.com\\\/\"},{\"@type\":\"ListItem\",\"position\":2,\"name\":\"Shop\",\"item\":\"https:\\\/\\\/chemgramx.com\\\/shop\\\/\"},{\"@type\":\"ListItem\",\"position\":3,\"name\":\"4-AcO-MET 20mg Pellets kaufen\"}]},{\"@type\":\"WebSite\",\"@id\":\"https:\\\/\\\/chemgramx.com\\\/#website\",\"url\":\"https:\\\/\\\/chemgramx.com\\\/\",\"name\":\"Chemgramx\",\"description\":\"\",\"publisher\":{\"@id\":\"https:\\\/\\\/chemgramx.com\\\/#organization\"},\"potentialAction\":[{\"@type\":\"SearchAction\",\"target\":{\"@type\":\"EntryPoint\",\"urlTemplate\":\"https:\\\/\\\/chemgramx.com\\\/?s={search_term_string}\"},\"query-input\":{\"@type\":\"PropertyValueSpecification\",\"valueRequired\":true,\"valueName\":\"search_term_string\"}}],\"inLanguage\":\"hu\"},{\"@type\":\"Organization\",\"@id\":\"https:\\\/\\\/chemgramx.com\\\/#organization\",\"name\":\"Chemgramx\",\"url\":\"https:\\\/\\\/chemgramx.com\\\/\",\"logo\":{\"@type\":\"ImageObject\",\"inLanguage\":\"hu\",\"@id\":\"https:\\\/\\\/chemgramx.com\\\/#\\\/schema\\\/logo\\\/image\\\/\",\"url\":\"https:\\\/\\\/chemgramx.com\\\/wp-content\\\/uploads\\\/2024\\\/10\\\/final-logo.png\",\"contentUrl\":\"https:\\\/\\\/chemgramx.com\\\/wp-content\\\/uploads\\\/2024\\\/10\\\/final-logo.png\",\"width\":250,\"height\":48,\"caption\":\"Chemgramx\"},\"image\":{\"@id\":\"https:\\\/\\\/chemgramx.com\\\/#\\\/schema\\\/logo\\\/image\\\/\"}}]}<\/script>\n<!-- \/ Yoast SEO plugin. -->","yoast_head_json":{"title":"Megveszem 4-AcO-MET pellet | Kutat\u00e1si vegyi | 20mg Chemgramx Chemgramx","description":"V\u00e1s\u00e1rolja meg a 4-AcO-MET 20mg pellet - kutat\u00e1si vegyi anyag pellet\u00e1lt form\u00e1ban. Tudom\u00e1nyos elemz\u00e9sekhez. Laborat\u00f3riumban tesztelt \u00e9s diszkr\u00e9t.","robots":{"index":"index","follow":"follow","max-snippet":"max-snippet:-1","max-image-preview":"max-image-preview:large","max-video-preview":"max-video-preview:-1"},"canonical":"https:\/\/chemgramx.com\/hu\/termek-1\/vasarlas-4-aco-met-20mg-pellet\/","og_locale":"hu_HU","og_type":"article","og_title":"4-AcO-MET Pellets Kaufen | Research Chemical | 20mg Chemgramx","og_description":"4-AcO-MET 20mg Pellets kaufen - Forschungschemikalie in pelletierter Form. F\u00fcr wissenschaftliche Analysen. Laborgepr\u00fcft &amp; diskret.","og_url":"https:\/\/chemgramx.com\/hu\/termek-1\/vasarlas-4-aco-met-20mg-pellet\/","og_site_name":"Chemgramx","article_modified_time":"2025-11-21T11:06:13+00:00","og_image":[{"width":544,"height":568,"url":"https:\/\/chemgramx.com\/wp-content\/uploads\/2025\/11\/buy-4-aco-met-20-mg-pellets-chem-store-online.png","type":"image\/png"}],"twitter_card":"summary_large_image","twitter_misc":{"Becs\u00fclt olvas\u00e1si id\u0151":"5 perc"},"schema":{"@context":"https:\/\/schema.org","@graph":[{"@type":"WebPage","@id":"https:\/\/chemgramx.com\/product\/4-aco-met-20mg-pellets-kaufen\/","url":"https:\/\/chemgramx.com\/product\/4-aco-met-20mg-pellets-kaufen\/","name":"Megveszem 4-AcO-MET pellet | Kutat\u00e1si vegyi | 20mg Chemgramx Chemgramx","isPartOf":{"@id":"https:\/\/chemgramx.com\/#website"},"primaryImageOfPage":{"@id":"https:\/\/chemgramx.com\/product\/4-aco-met-20mg-pellets-kaufen\/#primaryimage"},"image":{"@id":"https:\/\/chemgramx.com\/product\/4-aco-met-20mg-pellets-kaufen\/#primaryimage"},"thumbnailUrl":"https:\/\/chemgramx.com\/wp-content\/uploads\/2025\/11\/buy-4-aco-met-20-mg-pellets-chem-store-online.png","datePublished":"2025-11-21T11:05:20+00:00","dateModified":"2025-11-21T11:06:13+00:00","description":"V\u00e1s\u00e1rolja meg a 4-AcO-MET 20mg pellet - kutat\u00e1si vegyi anyag pellet\u00e1lt form\u00e1ban. Tudom\u00e1nyos elemz\u00e9sekhez. Laborat\u00f3riumban tesztelt \u00e9s diszkr\u00e9t.","breadcrumb":{"@id":"https:\/\/chemgramx.com\/product\/4-aco-met-20mg-pellets-kaufen\/#breadcrumb"},"inLanguage":"hu","potentialAction":[{"@type":"ReadAction","target":["https:\/\/chemgramx.com\/product\/4-aco-met-20mg-pellets-kaufen\/"]}]},{"@type":"ImageObject","inLanguage":"hu","@id":"https:\/\/chemgramx.com\/product\/4-aco-met-20mg-pellets-kaufen\/#primaryimage","url":"https:\/\/chemgramx.com\/wp-content\/uploads\/2025\/11\/buy-4-aco-met-20-mg-pellets-chem-store-online.png","contentUrl":"https:\/\/chemgramx.com\/wp-content\/uploads\/2025\/11\/buy-4-aco-met-20-mg-pellets-chem-store-online.png","width":544,"height":568},{"@type":"BreadcrumbList","@id":"https:\/\/chemgramx.com\/product\/4-aco-met-20mg-pellets-kaufen\/#breadcrumb","itemListElement":[{"@type":"ListItem","position":1,"name":"Home","item":"https:\/\/chemgramx.com\/"},{"@type":"ListItem","position":2,"name":"Shop","item":"https:\/\/chemgramx.com\/shop\/"},{"@type":"ListItem","position":3,"name":"4-AcO-MET 20mg Pellets kaufen"}]},{"@type":"WebSite","@id":"https:\/\/chemgramx.com\/#website","url":"https:\/\/chemgramx.com\/","name":"Chemgramx","description":"","publisher":{"@id":"https:\/\/chemgramx.com\/#organization"},"potentialAction":[{"@type":"SearchAction","target":{"@type":"EntryPoint","urlTemplate":"https:\/\/chemgramx.com\/?s={search_term_string}"},"query-input":{"@type":"PropertyValueSpecification","valueRequired":true,"valueName":"search_term_string"}}],"inLanguage":"hu"},{"@type":"Organization","@id":"https:\/\/chemgramx.com\/#organization","name":"Chemgramx","url":"https:\/\/chemgramx.com\/","logo":{"@type":"ImageObject","inLanguage":"hu","@id":"https:\/\/chemgramx.com\/#\/schema\/logo\/image\/","url":"https:\/\/chemgramx.com\/wp-content\/uploads\/2024\/10\/final-logo.png","contentUrl":"https:\/\/chemgramx.com\/wp-content\/uploads\/2024\/10\/final-logo.png","width":250,"height":48,"caption":"Chemgramx"},"image":{"@id":"https:\/\/chemgramx.com\/#\/schema\/logo\/image\/"}}]}},"_links":{"self":[{"href":"https:\/\/chemgramx.com\/hu\/wp-json\/wp\/v2\/product\/6423","targetHints":{"allow":["GET"]}}],"collection":[{"href":"https:\/\/chemgramx.com\/hu\/wp-json\/wp\/v2\/product"}],"about":[{"href":"https:\/\/chemgramx.com\/hu\/wp-json\/wp\/v2\/types\/product"}],"replies":[{"embeddable":true,"href":"https:\/\/chemgramx.com\/hu\/wp-json\/wp\/v2\/comments?post=6423"}],"wp:featuredmedia":[{"embeddable":true,"href":"https:\/\/chemgramx.com\/hu\/wp-json\/wp\/v2\/media\/6453"}],"wp:attachment":[{"href":"https:\/\/chemgramx.com\/hu\/wp-json\/wp\/v2\/media?parent=6423"}],"wp:term":[{"taxonomy":"product_brand","embeddable":true,"href":"https:\/\/chemgramx.com\/hu\/wp-json\/wp\/v2\/product_brand?post=6423"},{"taxonomy":"product_cat","embeddable":true,"href":"https:\/\/chemgramx.com\/hu\/wp-json\/wp\/v2\/product_cat?post=6423"},{"taxonomy":"product_tag","embeddable":true,"href":"https:\/\/chemgramx.com\/hu\/wp-json\/wp\/v2\/product_tag?post=6423"}],"curies":[{"name":"wp","href":"https:\/\/api.w.org\/{rel}","templated":true}]}}