{"id":6425,"date":"2025-11-21T11:05:20","date_gmt":"2025-11-21T11:05:20","guid":{"rendered":"https:\/\/chemgramx.com\/?post_type=product&#038;p=6425"},"modified":"2025-11-21T11:06:22","modified_gmt":"2025-11-21T11:06:22","slug":"5-meo-dipt-hidroklorid-vasarlas","status":"publish","type":"product","link":"https:\/\/chemgramx.com\/hu\/product\/5-meo-dipt-hydrochloride-kaufen\/","title":{"rendered":"5-MeO-DiPT-hidrokloridot v\u00e1s\u00e1rolnak"},"content":{"rendered":"<p><b>5-MeO-DiPT hidroklorid<\/b> egy magasan specializ\u00e1lt kutat\u00e1si vegyszer, amely <b>kiz\u00e1r\u00f3lag<\/b> szigor\u00faan ellen\u0151rz\u00f6tt laborat\u00f3riumi k\u00f6rnyezetben v\u00e9gzett tudom\u00e1nyos kutat\u00e1sokhoz tervezt\u00e9k. A nagy tisztas\u00e1g ir\u00e1nti elk\u00f6telezetts\u00e9g\u00fcnk garant\u00e1lja kutat\u00e1si projektjeinek megb\u00edzhat\u00f3s\u00e1g\u00e1t \u00e9s \u00e9rv\u00e9nyess\u00e9g\u00e9t, k\u00fcl\u00f6n\u00f6sen az ig\u00e9nyes molekul\u00e1ris \u00e9s k\u00e9miai elemz\u00e9sek ter\u00e9n. A stabil hidroklorid-s\u00f3 form\u00e1j\u00e1ban l\u00e9v\u0151 triptamin-sz\u00e1rmaz\u00e9kk\u00e9nt ez az anyag kiv\u00e1l\u00f3 tulajdons\u00e1gokkal rendelkezik vizes oldatok k\u00e9sz\u00edt\u00e9s\u00e9hez \u00e9s hossz\u00fa t\u00e1v\u00fa t\u00e1rol\u00e1s\u00e1hoz. <b>Ez az anyag szigor\u00faan csak k\u00e9pzett kutat\u00f3k \u00e9s laborat\u00f3riumok sz\u00e1m\u00e1ra k\u00e9sz\u00fclt.<\/b><\/p>\n<h2>K\u00e9miai jellemz\u00e9s \u00e9s el\u0151\u00edr\u00e1sok<\/h2>\n<p>Az 5-MeO-DiPT szerkezete, amely egy 5-metoxi csoportot \u00e9s egy N,N-diizopropil szubsztit\u00faci\u00f3t tartalmaz, \u00e9rt\u00e9kes kutat\u00e1si eszk\u00f6zz\u00e9 teszi a szerotonin rendszerek ter\u00fclet\u00e9n. A hidroklorid-s\u00f3forma v\u00e1laszt\u00e1sa analitikai szempontb\u00f3l el\u0151ny\u00f6s, mivel ez biztos\u00edtja a <b>j\u00f3 v\u00edzoldhat\u00f3s\u00e1g<\/b> amely lehet\u0151v\u00e9 teszi a t\u00f6rzsoldatok pontos elk\u00e9sz\u00edt\u00e9s\u00e9t vizes k\u00f6zegben. A reagens finom <b>krist\u00e1lyos por<\/b> ami leegyszer\u0171s\u00edti a gravimetrikus elemz\u00e9st \u00e9s a pontos adagol\u00e1st.<\/p>\n<p>A k\u00e9miai tulajdons\u00e1gok \u00e9s a garant\u00e1lt min\u0151s\u00e9g egy pillant\u00e1sra:<\/p>\n<ul>\n<li><b>IUPAC n\u00e9v:<\/b> 5-Metoxi-N,N-diizopropil-triptamin-hidroklorid<\/li>\n<li><b>Tisztas\u00e1g: <\/b><span class=\"math-inline\" data-math=\"mathbf{ge 98%}\">98%<\/span>\u00a0(HPLC-elemz\u00e9ssel meger\u0151s\u00edtve)<\/li>\n<li><b>Pen\u00e9sz:<\/b> Finom krist\u00e1lyos por<\/li>\n<li><b>Oldhat\u00f3s\u00e1g:<\/b> V\u00edzben j\u00f3l old\u00f3dik<\/li>\n<li><b>Min\u0151s\u00e9gi jellemz\u0151k:<\/b>\n<ul>\n<li><b>Analitikai dokument\u00e1ci\u00f3:<\/b> Teljes analitikai tan\u00fas\u00edtv\u00e1nyok (CoA)<\/li>\n<li><b>A t\u00e9telek konzisztenci\u00e1ja:<\/b> Az egyenletes min\u0151s\u00e9get szigor\u00fa protokollok biztos\u00edtj\u00e1k.<\/li>\n<li><b>Tisztas\u00e1gi fok:<\/b> Nagy tisztas\u00e1g\u00fa, minim\u00e1lisra cs\u00f6kkenti a szennyez\u0151d\u00e9sek kock\u00e1zat\u00e1t.<\/li>\n<li><b>Stabilit\u00e1s:<\/b> Megfelel\u0151 t\u00e1rol\u00e1s eset\u00e9n hossz\u00fa t\u00e1v\u00fa stabilit\u00e1s (a s\u00f3forma stabilabb, mint a szabad b\u00e1zis).<\/li>\n<\/ul>\n<\/li>\n<\/ul>\n<h2>Alapvet\u0151 kutat\u00e1si alkalmaz\u00e1sok \u00e9s neurofarmakol\u00f3gia<\/h2>\n<p>Az 5-MeO-DiPT els\u0151dleges modellrendszer a triptaminok hat\u00e1smechanizmus\u00e1nak kutat\u00e1s\u00e1hoz, mivel a specifikus diizopropil-szubsztit\u00faci\u00f3ja tanuls\u00e1gos adatokat szolg\u00e1ltat a szerkezet-hat\u00e1skapcsolat (SAR) kutat\u00e1s\u00e1hoz. Az alkalmaz\u00e1s jellemz\u0151en n\u00e9gy f\u0151 ter\u00fcletre oszthat\u00f3:<\/p>\n<p><b>1. receptorvizsg\u00e1latok \u00e9s farmakol\u00f3giai tesztek:<\/b> Az anyagot ligandumk\u00e9nt haszn\u00e1lj\u00e1k a <b><a href=\"\/product\/blackberry-kush-bubble-hash-kaufen\/\">Szerotonin<\/a>-Receptorkutat\u00e1s<\/b> haszn\u00e1lt. A vizsg\u00e1latok a vegy\u00fclet k\u00f6t\u0151d\u00e9si affinit\u00e1s\u00e1t \u00e9s funkcion\u00e1lis aktivit\u00e1s\u00e1t vizsg\u00e1lj\u00e1k a k\u00fcl\u00f6nb\u00f6z\u0151 szerotoninreceptor-alt\u00edpusokon. Ez a munka alapvet\u0151 fontoss\u00e1g\u00fa annak meg\u00e9rt\u00e9s\u00e9hez, hogy bizonyos alkilcsoportok (mint p\u00e9ld\u00e1ul a diizopropilcsoport) hogyan befoly\u00e1solj\u00e1k a triptaminok szelektivit\u00e1s\u00e1t.<\/p>\n<p><b>2. anyagcsere-kutat\u00e1s \u00e9s leboml\u00e1si \u00fatvonal-elemz\u00e9sek:<\/b> Az 5-MeO-DiPT fontos szubsztr\u00e1t az enzimatikus \u00e1talakul\u00e1sok (pl. CYP450 enzimek \u00e1ltal) in vitro rendszerekben t\u00f6rt\u00e9n\u0151 vizsg\u00e1lat\u00e1hoz. A <b>Anyagcsere-kutat\u00e1s<\/b> c\u00e9lja a boml\u00e1sterm\u00e9kek azonos\u00edt\u00e1sa \u00e9s jellemz\u00e9se. Ezek az adatok alapvet\u0151 fontoss\u00e1g\u00faak a <b>T\u00f6rv\u00e9nysz\u00e9ki \u00e9s toxikol\u00f3giai elemz\u00e9s<\/b>, a kimutat\u00e1s \u00e9s a farmakokinetikai profil meg\u00e9rt\u00e9se \u00e9rdek\u00e9ben.<\/p>\n<p><b>3. szerkezeti tiszt\u00e1z\u00e1s \u00e9s \u00f6sszehasonl\u00edt\u00f3 vizsg\u00e1latok:<\/b> A nagy tisztas\u00e1g\u00fa por szolg\u00e1l <b>analitikai szabv\u00e1ny<\/b> HPLC \u00e9s GC\/MS eszk\u00f6z\u00f6k kalibr\u00e1l\u00e1s\u00e1hoz. Haszn\u00e1lj\u00e1k tov\u00e1bb\u00e1 a k\u00f6vetkez\u0151kh\u00f6z <b>\u00d6sszehasonl\u00edt\u00f3 tanulm\u00e1nyok<\/b> e sz\u00e1rmaz\u00e9k k\u00e9miai \u00e9s farmakol\u00f3giai tulajdons\u00e1gainak \u00f6sszehasonl\u00edt\u00e1sa m\u00e1s N-szubsztitu\u00e1lt triptaminokkal.<\/p>\n<h2>Szigor\u00fa biztons\u00e1gi protokollok \u00e9s laborat\u00f3riumi k\u00f6vetelm\u00e9nyek<\/h2>\n<p>Ennek a kapcsolatnak a kezel\u00e9s\u00e9hez a <b>legszigor\u00fabb megfelel\u00e9s<\/b> minden biztons\u00e1gi \u00e9s laborat\u00f3riumi szabv\u00e1nyt. Ez a kutat\u00f3szem\u00e9lyzet v\u00e9delm\u00e9t \u00e9s a k\u00eds\u00e9rleti adatok \u00e9rv\u00e9nyess\u00e9g\u00e9nek biztos\u00edt\u00e1s\u00e1t szolg\u00e1lja. A laborat\u00f3riumi szabv\u00e1nynak <b>GLP-konform<\/b> (helyes laborat\u00f3riumi gyakorlat) \u00e9s \u00e1tfog\u00f3 \u00f3vint\u00e9zked\u00e9seket kell tenni:<\/p>\n<p>Sz\u00fcks\u00e9ges \u00f3vint\u00e9zked\u00e9sek:<\/p>\n<ul>\n<li><b>Szem\u00e9lyi v\u00e9d\u0151felszerel\u00e9s (PPE):<\/b> A laborat\u00f3riumi k\u00f6peny, az eldobhat\u00f3 keszty\u0171 \u00e9s a v\u00e9d\u0151szem\u00fcveg k\u00f6telez\u0151.<\/li>\n<li><b>Szell\u0151z\u00e9s:<\/b> A por kezel\u00e9se sor\u00e1n megfelel\u0151 szell\u0151ztet\u00e9si technol\u00f3gi\u00e1t kell alkalmazni elsz\u00edvott leveg\u0151vel (k\u00e9miai elsz\u00edv\u00e1s).<\/li>\n<li><b>S\u00fcrg\u0151ss\u00e9gi int\u00e9zked\u00e9sek:<\/b> A rendelkez\u00e9sre \u00e1ll\u00f3 szemmos\u00f3 \u00e9s biztons\u00e1gi zuhany k\u00f6telez\u0151.<\/li>\n<li><b>A jogszab\u00e1lyi rendelkez\u00e9sek betart\u00e1sa:<\/b> Csak jogi kutat\u00e1si projektekhez.<\/li>\n<\/ul>\n<h2>Optim\u00e1lis t\u00e1rol\u00e1s \u00e9s szab\u00e1lyoz\u00e1si k\u00f6vetelm\u00e9nyek<\/h2>\n<p>Az anyag k\u00e9miai jellege miatt a hossz\u00fa t\u00e1v\u00fa stabilit\u00e1s biztos\u00edt\u00e1sa \u00e9s a k\u00e9miai boml\u00e1s megel\u0151z\u00e9se \u00e9rdek\u00e9ben ellen\u0151rz\u00f6tt, h\u0171v\u00f6s t\u00e1rol\u00e1s sz\u00fcks\u00e9ges.<\/p>\n<p>A <b>Optim\u00e1lis t\u00e1rol\u00e1si felt\u00e9telek<\/b> szigor\u00faan be kell tartani:<\/p>\n<ul>\n<li><b>H\u0151m\u00e9rs\u00e9klet:<\/b> <span class=\"math-inline\" data-math=\"mathbf{2-8^circ C}\">2-8 C <\/span>(H\u0171t\u0151szekr\u00e9ny)<\/li>\n<li><b>P\u00e1ratartalom:<\/b> Sz\u00e1raz k\u00f6rnyezet (<span class=\"math-inline\" data-math=\"mathbf{(&lt;60%}\">&lt;60<\/span>\u00a0relat\u00edv p\u00e1ratartalom)<\/li>\n<li><b>F\u00e9nyv\u00e9delem:<\/b> S\u00f6t\u00e9t, \u00e1tl\u00e1tszatlan tart\u00e1lyokban t\u00e1rolja<\/li>\n<li><b>Kont\u00e9ner:<\/b> Szorosan lez\u00e1rt \u00e9s egy\u00e9rtelm\u0171en felc\u00edmk\u00e9zett<\/li>\n<\/ul>\n<p>Ezt a speci\u00e1lis kutat\u00e1si vegyszert csak a k\u00f6vetkez\u0151k sz\u00e1m\u00e1ra forgalmazz\u00e1k <b>ellen\u0151rz\u00f6tt <a href=\"\/product\/black-gold-hash-kaufen\/\">tudom\u00e1nyos<\/a> Int\u00e9zm\u00e9nyek<\/b>. Sz\u00e1ll\u00edt\u00e1s el\u0151tt a k\u00f6vetkez\u0151 <b>Rendel\u00e9si k\u00f6vetelm\u00e9nyek<\/b> felt\u00e9tlen\u00fcl sz\u00fcks\u00e9ges:<\/p>\n<ol start=\"1\">\n<li><b>Int\u00e9zet bizony\u00edtv\u00e1nya:<\/b> A kutat\u00e1si szervezet dokument\u00e1ci\u00f3ja.<\/li>\n<li><b>Rendeltet\u00e9sszer\u0171 haszn\u00e1lat:<\/b> A kutat\u00e1si projekt tudom\u00e1nyos le\u00edr\u00e1sa.<\/li>\n<li><b>Biztons\u00e1gi adatlap:<\/b> A tudom\u00e1sulv\u00e9tel \u00e9s a megfelel\u00e9s meger\u0151s\u00edt\u00e9se.<\/li>\n<\/ol>\n<p>Rendelkez\u00e9sre \u00e1ll\u00f3 mennyis\u00e9gek:<\/p>\n<ul>\n<li>Kutat\u00e1si minta: 100mg<\/li>\n<li>Kis mennyis\u00e9g: 500mg<\/li>\n<li>Standard mennyis\u00e9g: 1g<\/li>\n<li>T\u00f6meges mennyis\u00e9g: 5g<\/li>\n<\/ul>\n<h2>Fontos inform\u00e1ci\u00f3k \u00e9s GYIK a kutat\u00f3k sz\u00e1m\u00e1ra<\/h2>\n<p>A korl\u00e1toz\u00e1sok v\u00e9gs\u0151 meger\u0151s\u00edt\u00e9se \u00e9s a gyakori k\u00e9rd\u00e9sekre adott v\u00e1laszok meger\u0151s\u00edtik a term\u00e9kcsal\u00e1d tudom\u00e1nyos \u00e9s etikai alapjait.<\/p>\n<ul>\n<li><strong>K: Alkalmas-e az 5-MeO-DiPT HCl emberi felhaszn\u00e1l\u00e1sra?<\/strong>V: Nem, ez a term\u00e9k csak kutat\u00e1si c\u00e9lokra szolg\u00e1l.<\/li>\n<li><strong>K: Milyen elemz\u00e9si adatokat mell\u00e9kelnek?<\/strong>V: Minden t\u00e9tel HPLC \u00e9s GC\/MS adatokat \u00e9s egy teljes analitikai tan\u00fas\u00edtv\u00e1nyt tartalmaz.<\/li>\n<li><strong>K: Sz\u00fcks\u00e9gem van k\u00fcl\u00f6nleges t\u00e1rol\u00e1si k\u00f6r\u00fclm\u00e9nyekre?<\/strong>V: Igen, a h\u0171v\u00f6s, sz\u00e1raz \u00e9s f\u00e9nyt\u0151l v\u00e9dett t\u00e1rol\u00e1s elengedhetetlen a hossz\u00fa t\u00e1v\u00fa stabilit\u00e1s \u00e9rdek\u00e9ben.<\/li>\n<li><strong>K: Hogyan ellen\u0151rzik a min\u0151s\u00e9get?<\/strong>V: T\u00f6bbl\u00e9pcs\u0151s analitikai ellen\u0151rz\u00e9si elj\u00e1r\u00e1sokkal \u00e9s f\u00fcggetlen laborat\u00f3riumokban v\u00e9gzett rendszeres tisztas\u00e1gi vizsg\u00e1latokkal.<\/li>\n<li><strong>K: A k\u00fcldem\u00e9ny diszkr\u00e9t?<\/strong>V: Igen, semleges laborat\u00f3riumi csomagol\u00e1sban, a tartalom k\u00fcls\u0151 jelz\u00e9se n\u00e9lk\u00fcl.<\/li>\n<\/ul>\n<h2>Jogi nyilatkozat - Szigor\u00fa megfelel\u00e9s<\/h2>\n<p>Ez a term\u00e9k\u00a0<b>kiz\u00e1r\u00f3lag tudom\u00e1nyos kutat\u00e1si c\u00e9lokra<\/b>\u00a0meghat\u00e1rozva. A vev\u0151 a v\u00e1s\u00e1rl\u00e1ssal meger\u0151s\u00edti:<\/p>\n<ul>\n<li>Kiz\u00e1r\u00f3lag a k\u00f6vetkez\u0151 helyeken haszn\u00e1lhat\u00f3\u00a0<b>jogi kutat\u00e1si k\u00f6rnyezetek<\/b>.<\/li>\n<li>A\u00a0<b>Az \u00f6sszes alkalmazand\u00f3 t\u00f6rv\u00e9ny \u00e9s rendelet betart\u00e1sa<\/b>.<\/li>\n<li>A\u00a0<b>Megfelel\u0151 biztons\u00e1gi int\u00e9zked\u00e9sek v\u00e9grehajt\u00e1sa<\/b>.<\/li>\n<li>A\u00a0<b>Enged\u00e9ly n\u00e9lk\u00fcli haszn\u00e1lat tilalma<\/b>.<\/li>\n<\/ul>","protected":false},"excerpt":{"rendered":"<p>V\u00e1s\u00e1roljon 5-MeO-DiPT-hidrokloridot: Nagy tisztas\u00e1g\u00fa kutat\u00e1si vegyszer hidroklorid form\u00e1ban. Kiz\u00e1r\u00f3lag tudom\u00e1nyos kutat\u00e1si c\u00e9lokra laborat\u00f3riumi k\u00f6rnyezetben. Laborat\u00f3riumban bevizsg\u00e1lt min\u0151s\u00e9g, analitikai tan\u00fas\u00edtv\u00e1nnyal.<\/p>","protected":false},"featured_media":6455,"comment_status":"open","ping_status":"closed","template":"","meta":{"_joinchat":[]},"product_brand":[],"product_cat":[54],"product_tag":[3104,3076,2907,3080,2917,3079,3077,3078,3074,3075],"class_list":{"0":"post-6425","1":"product","2":"type-product","3":"status-publish","4":"has-post-thumbnail","6":"product_cat-tryptamines","7":"product_tag-5-meo-dipt-hcl","8":"product_tag-analytische-chemie","9":"product_tag-forschungschemikalie","10":"product_tag-hydrochlorid","11":"product_tag-laborchemikalie","12":"product_tag-laborqualitaet","13":"product_tag-pharmakologische-studie","14":"product_tag-reinstoff","15":"product_tag-research-chemical","16":"product_tag-wissenschaftliche-forschung","18":"first","19":"instock","20":"shipping-taxable","21":"purchasable","22":"product-type-variable"},"yoast_head":"<!-- This site is optimized with the Yoast SEO plugin v27.5 - https:\/\/yoast.com\/product\/yoast-seo-wordpress\/ -->\n<title>5-MeO-DiPT HCl Kaufen | Research Chemical | Laborqualit\u00e4t Chemgramx<\/title>\n<meta name=\"description\" content=\"5-MeO-DiPT Hydrochloride kaufen - Hochreine Forschungschemikalie f\u00fcr wissenschaftliche Zwecke. Laborgepr\u00fcfte Qualit\u00e4t, diskret &amp; sicher. Nur f\u00fcr Forschungszwecke.\" \/>\n<meta name=\"robots\" content=\"index, follow, max-snippet:-1, max-image-preview:large, max-video-preview:-1\" \/>\n<link rel=\"canonical\" href=\"https:\/\/chemgramx.com\/hu\/termek-1\/5-meo-dipt-hidroklorid-vasarlas\/\" \/>\n<meta property=\"og:locale\" content=\"hu_HU\" \/>\n<meta property=\"og:type\" content=\"article\" \/>\n<meta property=\"og:title\" content=\"5-MeO-DiPT HCl Kaufen | Research Chemical | Laborqualit\u00e4t Chemgramx\" \/>\n<meta property=\"og:description\" content=\"5-MeO-DiPT Hydrochloride kaufen - Hochreine Forschungschemikalie f\u00fcr wissenschaftliche Zwecke. Laborgepr\u00fcfte Qualit\u00e4t, diskret &amp; sicher. Nur f\u00fcr Forschungszwecke.\" \/>\n<meta property=\"og:url\" content=\"https:\/\/chemgramx.com\/hu\/termek-1\/5-meo-dipt-hidroklorid-vasarlas\/\" \/>\n<meta property=\"og:site_name\" content=\"Chemgramx\" \/>\n<meta property=\"article:modified_time\" content=\"2025-11-21T11:06:22+00:00\" \/>\n<meta property=\"og:image\" content=\"https:\/\/chemgramx.com\/wp-content\/uploads\/2025\/11\/buy-5-meo-dipt-hydrochloride-chem-store-online.png\" \/>\n\t<meta property=\"og:image:width\" content=\"553\" \/>\n\t<meta property=\"og:image:height\" content=\"511\" \/>\n\t<meta property=\"og:image:type\" content=\"image\/png\" \/>\n<meta name=\"twitter:card\" content=\"summary_large_image\" \/>\n<meta name=\"twitter:label1\" content=\"Becs\u00fclt olvas\u00e1si id\u0151\" \/>\n\t<meta name=\"twitter:data1\" content=\"4 perc\" \/>\n<script type=\"application\/ld+json\" class=\"yoast-schema-graph\">{\"@context\":\"https:\\\/\\\/schema.org\",\"@graph\":[{\"@type\":\"WebPage\",\"@id\":\"https:\\\/\\\/chemgramx.com\\\/product\\\/5-meo-dipt-hydrochloride-kaufen\\\/\",\"url\":\"https:\\\/\\\/chemgramx.com\\\/product\\\/5-meo-dipt-hydrochloride-kaufen\\\/\",\"name\":\"5-MeO-DiPT HCl Kaufen | Research Chemical | Laborqualit\u00e4t Chemgramx\",\"isPartOf\":{\"@id\":\"https:\\\/\\\/chemgramx.com\\\/#website\"},\"primaryImageOfPage\":{\"@id\":\"https:\\\/\\\/chemgramx.com\\\/product\\\/5-meo-dipt-hydrochloride-kaufen\\\/#primaryimage\"},\"image\":{\"@id\":\"https:\\\/\\\/chemgramx.com\\\/product\\\/5-meo-dipt-hydrochloride-kaufen\\\/#primaryimage\"},\"thumbnailUrl\":\"https:\\\/\\\/chemgramx.com\\\/wp-content\\\/uploads\\\/2025\\\/11\\\/buy-5-meo-dipt-hydrochloride-chem-store-online.png\",\"datePublished\":\"2025-11-21T11:05:20+00:00\",\"dateModified\":\"2025-11-21T11:06:22+00:00\",\"description\":\"5-MeO-DiPT Hydrochloride kaufen - Hochreine Forschungschemikalie f\u00fcr wissenschaftliche Zwecke. Laborgepr\u00fcfte Qualit\u00e4t, diskret &amp; sicher. Nur f\u00fcr Forschungszwecke.\",\"breadcrumb\":{\"@id\":\"https:\\\/\\\/chemgramx.com\\\/product\\\/5-meo-dipt-hydrochloride-kaufen\\\/#breadcrumb\"},\"inLanguage\":\"hu\",\"potentialAction\":[{\"@type\":\"ReadAction\",\"target\":[\"https:\\\/\\\/chemgramx.com\\\/product\\\/5-meo-dipt-hydrochloride-kaufen\\\/\"]}]},{\"@type\":\"ImageObject\",\"inLanguage\":\"hu\",\"@id\":\"https:\\\/\\\/chemgramx.com\\\/product\\\/5-meo-dipt-hydrochloride-kaufen\\\/#primaryimage\",\"url\":\"https:\\\/\\\/chemgramx.com\\\/wp-content\\\/uploads\\\/2025\\\/11\\\/buy-5-meo-dipt-hydrochloride-chem-store-online.png\",\"contentUrl\":\"https:\\\/\\\/chemgramx.com\\\/wp-content\\\/uploads\\\/2025\\\/11\\\/buy-5-meo-dipt-hydrochloride-chem-store-online.png\",\"width\":553,\"height\":511},{\"@type\":\"BreadcrumbList\",\"@id\":\"https:\\\/\\\/chemgramx.com\\\/product\\\/5-meo-dipt-hydrochloride-kaufen\\\/#breadcrumb\",\"itemListElement\":[{\"@type\":\"ListItem\",\"position\":1,\"name\":\"Home\",\"item\":\"https:\\\/\\\/chemgramx.com\\\/\"},{\"@type\":\"ListItem\",\"position\":2,\"name\":\"Shop\",\"item\":\"https:\\\/\\\/chemgramx.com\\\/shop\\\/\"},{\"@type\":\"ListItem\",\"position\":3,\"name\":\"5-MeO-DiPT Hydrochloride kaufen\"}]},{\"@type\":\"WebSite\",\"@id\":\"https:\\\/\\\/chemgramx.com\\\/#website\",\"url\":\"https:\\\/\\\/chemgramx.com\\\/\",\"name\":\"Chemgramx\",\"description\":\"\",\"publisher\":{\"@id\":\"https:\\\/\\\/chemgramx.com\\\/#organization\"},\"potentialAction\":[{\"@type\":\"SearchAction\",\"target\":{\"@type\":\"EntryPoint\",\"urlTemplate\":\"https:\\\/\\\/chemgramx.com\\\/?s={search_term_string}\"},\"query-input\":{\"@type\":\"PropertyValueSpecification\",\"valueRequired\":true,\"valueName\":\"search_term_string\"}}],\"inLanguage\":\"hu\"},{\"@type\":\"Organization\",\"@id\":\"https:\\\/\\\/chemgramx.com\\\/#organization\",\"name\":\"Chemgramx\",\"url\":\"https:\\\/\\\/chemgramx.com\\\/\",\"logo\":{\"@type\":\"ImageObject\",\"inLanguage\":\"hu\",\"@id\":\"https:\\\/\\\/chemgramx.com\\\/#\\\/schema\\\/logo\\\/image\\\/\",\"url\":\"https:\\\/\\\/chemgramx.com\\\/wp-content\\\/uploads\\\/2024\\\/10\\\/final-logo.png\",\"contentUrl\":\"https:\\\/\\\/chemgramx.com\\\/wp-content\\\/uploads\\\/2024\\\/10\\\/final-logo.png\",\"width\":250,\"height\":48,\"caption\":\"Chemgramx\"},\"image\":{\"@id\":\"https:\\\/\\\/chemgramx.com\\\/#\\\/schema\\\/logo\\\/image\\\/\"}}]}<\/script>\n<!-- \/ Yoast SEO plugin. -->","yoast_head_json":{"title":"5-MeO-DiPT HCl V\u00e1s\u00e1rl\u00e1s | Kutat\u00e1si vegyi | Lab Quality Chemgramx min\u0151s\u00e9gi Chemgramx","description":"V\u00e1s\u00e1roljon 5-MeO-DiPT hidrokloridot - Nagy tisztas\u00e1g\u00fa kutat\u00e1si vegyszer tudom\u00e1nyos c\u00e9lokra. Laborat\u00f3riumban tesztelt min\u0151s\u00e9g, diszkr\u00e9t \u00e9s biztons\u00e1gos. Kiz\u00e1r\u00f3lag kutat\u00e1si c\u00e9lra.","robots":{"index":"index","follow":"follow","max-snippet":"max-snippet:-1","max-image-preview":"max-image-preview:large","max-video-preview":"max-video-preview:-1"},"canonical":"https:\/\/chemgramx.com\/hu\/termek-1\/5-meo-dipt-hidroklorid-vasarlas\/","og_locale":"hu_HU","og_type":"article","og_title":"5-MeO-DiPT HCl Kaufen | Research Chemical | Laborqualit\u00e4t Chemgramx","og_description":"5-MeO-DiPT Hydrochloride kaufen - Hochreine Forschungschemikalie f\u00fcr wissenschaftliche Zwecke. Laborgepr\u00fcfte Qualit\u00e4t, diskret &amp; sicher. Nur f\u00fcr Forschungszwecke.","og_url":"https:\/\/chemgramx.com\/hu\/termek-1\/5-meo-dipt-hidroklorid-vasarlas\/","og_site_name":"Chemgramx","article_modified_time":"2025-11-21T11:06:22+00:00","og_image":[{"width":553,"height":511,"url":"https:\/\/chemgramx.com\/wp-content\/uploads\/2025\/11\/buy-5-meo-dipt-hydrochloride-chem-store-online.png","type":"image\/png"}],"twitter_card":"summary_large_image","twitter_misc":{"Becs\u00fclt olvas\u00e1si id\u0151":"4 perc"},"schema":{"@context":"https:\/\/schema.org","@graph":[{"@type":"WebPage","@id":"https:\/\/chemgramx.com\/product\/5-meo-dipt-hydrochloride-kaufen\/","url":"https:\/\/chemgramx.com\/product\/5-meo-dipt-hydrochloride-kaufen\/","name":"5-MeO-DiPT HCl V\u00e1s\u00e1rl\u00e1s | Kutat\u00e1si vegyi | Lab Quality Chemgramx min\u0151s\u00e9gi Chemgramx","isPartOf":{"@id":"https:\/\/chemgramx.com\/#website"},"primaryImageOfPage":{"@id":"https:\/\/chemgramx.com\/product\/5-meo-dipt-hydrochloride-kaufen\/#primaryimage"},"image":{"@id":"https:\/\/chemgramx.com\/product\/5-meo-dipt-hydrochloride-kaufen\/#primaryimage"},"thumbnailUrl":"https:\/\/chemgramx.com\/wp-content\/uploads\/2025\/11\/buy-5-meo-dipt-hydrochloride-chem-store-online.png","datePublished":"2025-11-21T11:05:20+00:00","dateModified":"2025-11-21T11:06:22+00:00","description":"V\u00e1s\u00e1roljon 5-MeO-DiPT hidrokloridot - Nagy tisztas\u00e1g\u00fa kutat\u00e1si vegyszer tudom\u00e1nyos c\u00e9lokra. Laborat\u00f3riumban tesztelt min\u0151s\u00e9g, diszkr\u00e9t \u00e9s biztons\u00e1gos. Kiz\u00e1r\u00f3lag kutat\u00e1si c\u00e9lra.","breadcrumb":{"@id":"https:\/\/chemgramx.com\/product\/5-meo-dipt-hydrochloride-kaufen\/#breadcrumb"},"inLanguage":"hu","potentialAction":[{"@type":"ReadAction","target":["https:\/\/chemgramx.com\/product\/5-meo-dipt-hydrochloride-kaufen\/"]}]},{"@type":"ImageObject","inLanguage":"hu","@id":"https:\/\/chemgramx.com\/product\/5-meo-dipt-hydrochloride-kaufen\/#primaryimage","url":"https:\/\/chemgramx.com\/wp-content\/uploads\/2025\/11\/buy-5-meo-dipt-hydrochloride-chem-store-online.png","contentUrl":"https:\/\/chemgramx.com\/wp-content\/uploads\/2025\/11\/buy-5-meo-dipt-hydrochloride-chem-store-online.png","width":553,"height":511},{"@type":"BreadcrumbList","@id":"https:\/\/chemgramx.com\/product\/5-meo-dipt-hydrochloride-kaufen\/#breadcrumb","itemListElement":[{"@type":"ListItem","position":1,"name":"Home","item":"https:\/\/chemgramx.com\/"},{"@type":"ListItem","position":2,"name":"Shop","item":"https:\/\/chemgramx.com\/shop\/"},{"@type":"ListItem","position":3,"name":"5-MeO-DiPT Hydrochloride kaufen"}]},{"@type":"WebSite","@id":"https:\/\/chemgramx.com\/#website","url":"https:\/\/chemgramx.com\/","name":"Chemgramx","description":"","publisher":{"@id":"https:\/\/chemgramx.com\/#organization"},"potentialAction":[{"@type":"SearchAction","target":{"@type":"EntryPoint","urlTemplate":"https:\/\/chemgramx.com\/?s={search_term_string}"},"query-input":{"@type":"PropertyValueSpecification","valueRequired":true,"valueName":"search_term_string"}}],"inLanguage":"hu"},{"@type":"Organization","@id":"https:\/\/chemgramx.com\/#organization","name":"Chemgramx","url":"https:\/\/chemgramx.com\/","logo":{"@type":"ImageObject","inLanguage":"hu","@id":"https:\/\/chemgramx.com\/#\/schema\/logo\/image\/","url":"https:\/\/chemgramx.com\/wp-content\/uploads\/2024\/10\/final-logo.png","contentUrl":"https:\/\/chemgramx.com\/wp-content\/uploads\/2024\/10\/final-logo.png","width":250,"height":48,"caption":"Chemgramx"},"image":{"@id":"https:\/\/chemgramx.com\/#\/schema\/logo\/image\/"}}]}},"_links":{"self":[{"href":"https:\/\/chemgramx.com\/hu\/wp-json\/wp\/v2\/product\/6425","targetHints":{"allow":["GET"]}}],"collection":[{"href":"https:\/\/chemgramx.com\/hu\/wp-json\/wp\/v2\/product"}],"about":[{"href":"https:\/\/chemgramx.com\/hu\/wp-json\/wp\/v2\/types\/product"}],"replies":[{"embeddable":true,"href":"https:\/\/chemgramx.com\/hu\/wp-json\/wp\/v2\/comments?post=6425"}],"wp:featuredmedia":[{"embeddable":true,"href":"https:\/\/chemgramx.com\/hu\/wp-json\/wp\/v2\/media\/6455"}],"wp:attachment":[{"href":"https:\/\/chemgramx.com\/hu\/wp-json\/wp\/v2\/media?parent=6425"}],"wp:term":[{"taxonomy":"product_brand","embeddable":true,"href":"https:\/\/chemgramx.com\/hu\/wp-json\/wp\/v2\/product_brand?post=6425"},{"taxonomy":"product_cat","embeddable":true,"href":"https:\/\/chemgramx.com\/hu\/wp-json\/wp\/v2\/product_cat?post=6425"},{"taxonomy":"product_tag","embeddable":true,"href":"https:\/\/chemgramx.com\/hu\/wp-json\/wp\/v2\/product_tag?post=6425"}],"curies":[{"name":"wp","href":"https:\/\/api.w.org\/{rel}","templated":true}]}}