{"id":6426,"date":"2025-11-21T11:05:20","date_gmt":"2025-11-21T11:05:20","guid":{"rendered":"https:\/\/chemgramx.com\/?post_type=product&#038;p=6426"},"modified":"2025-11-21T11:06:22","modified_gmt":"2025-11-21T11:06:22","slug":"vasarlas-5-meo-mipt-10mg-pellet","status":"publish","type":"product","link":"https:\/\/chemgramx.com\/hu\/product\/5-meo-mipt-10mg-pellets-kaufen\/","title":{"rendered":"5-MeO-MiPT 10mg pellet megv\u00e1s\u00e1rl\u00e1sa"},"content":{"rendered":"<p><b>5-MeO-MiPT pellet<\/b> a triptamin-sz\u00e1rmaz\u00e9k mikrotabletta, pontosan adagolt form\u00e1j\u00e1t k\u00e9pviselik <b>5-Metoxi-N-metil-N-izopropil-triptamin<\/b> k\u00e9pviseli. Ez a speci\u00e1lis kutat\u00e1si anyag <b>kiz\u00e1r\u00f3lag<\/b> szigor\u00faan ellen\u0151rz\u00f6tt laborat\u00f3riumi k\u00f6rnyezetben v\u00e9gzett min\u0151s\u00edtett tudom\u00e1nyos elemz\u00e9sekhez tervezt\u00e9k. A standardiz\u00e1lt adagol\u00e1s <b>10 mg tablett\u00e1nk\u00e9nt<\/b> d\u00f6nt\u0151 el\u0151ny a k\u00eds\u00e9rletek reproduk\u00e1lhat\u00f3s\u00e1ga szempontj\u00e1b\u00f3l. Val\u00f3j\u00e1ban a nagy tisztas\u00e1g \u00e9s a t\u00e9telek konzisztenci\u00e1ja teszi ezeket a pelleteket rendk\u00edv\u00fcl megb\u00edzhat\u00f3 kutat\u00e1si standardd\u00e1 az ig\u00e9nyes analitikai projektekhez. K\u00f6vetkez\u00e9sk\u00e9ppen az 5-MeO-MiPT kezel\u00e9s\u00e9re a legszigor\u00fabb biztons\u00e1gi \u00e9s jogi protokollok vonatkoznak, amelyek betart\u00e1sa minden kutat\u00e1si szervezet sz\u00e1m\u00e1ra k\u00f6telez\u0151.<\/p>\n<h2>K\u00e9miai oszt\u00e1lyoz\u00e1s \u00e9s szerkezeti tulajdons\u00e1gok<\/h2>\n<p>Az 5-MeO-MiPT k\u00e9miai szerkezete fontos t\u00e1mpontokat ny\u00fajt a biol\u00f3giai kutat\u00e1sban bet\u00f6lt\u00f6tt potenci\u00e1lis szerep\u00e9re vonatkoz\u00f3an. <b>5-MeO-MiPT<\/b> a <b>szubsztitu\u00e1lt triptaminok<\/b>. K\u00e9miai szerkezete szorosan kapcsol\u00f3dik az endog\u00e9n neurotranszmitter szerotoninnal, ami a neurofarmakol\u00f3giai kutat\u00e1sok szempontj\u00e1b\u00f3l val\u00f3 jelent\u0151s\u00e9g\u00e9nek alapj\u00e1t k\u00e9pezi. Ezen anal\u00f3gok tanulm\u00e1nyoz\u00e1sa lehet\u0151v\u00e9 teszi a tud\u00f3sok sz\u00e1m\u00e1ra, hogy pontosan megfejts\u00e9k a k\u00e9miai szerkezet \u00e9s a biol\u00f3giai aktivit\u00e1s k\u00f6z\u00f6tti \u00f6sszetett k\u00f6lcs\u00f6nhat\u00e1sokat.<\/p>\n<h3>A triptamin szerkezete \u00e9s m\u00f3dos\u00edt\u00e1sai<\/h3>\n<p>A <b>Indol-alkilamin gerinc<\/b> a triptaminokra jellemz\u0151. Ez a k\u00e9miai oszt\u00e1ly \u00e1ltal\u00e1ban arr\u00f3l ismert, hogy er\u0151s k\u00f6lcs\u00f6nhat\u00e1st fejt ki a <b>Szerotonin receptorok (5-HT)<\/b> ismert. A <b>5-metoxicsoport<\/b> az indolgy\u0171r\u0171 C5-\u00f6s poz\u00edci\u00f3j\u00e1ban kulcsfontoss\u00e1g\u00fa m\u00f3dos\u00edt\u00e1s; gyakran befoly\u00e1solja az egyes receptor alt\u00edpusokhoz val\u00f3 affinit\u00e1st, \u00e9s megv\u00e1ltoztathatja a vegy\u00fclet lipofilit\u00e1s\u00e1t. Tov\u00e1bb\u00e1, a <b>N-metil-N-izopropil (MiPT) helyettes\u00edt\u00e9sek<\/b> az aminocsoportban jelent\u0151sen befoly\u00e1solj\u00e1k a vegy\u00fclet metabolikus profilj\u00e1t. Ennek eredm\u00e9nyek\u00e9ppen ezek a m\u00f3dos\u00edt\u00e1sok hat\u00e1rozz\u00e1k meg, hogy az anyag milyen gyorsan bomlik le, \u00e9s milyen farmakol\u00f3giai tulajdons\u00e1gokat mutat in vitro rendszerekben.<\/p>\n<h2>Analitikai tisztas\u00e1g \u00e9s stabilit\u00e1s a kutat\u00e1shoz<\/h2>\n<p>Az analitikai adatok megb\u00edzhat\u00f3s\u00e1ga a kiindul\u00e1si anyagok min\u0151s\u00e9g\u00e9vel \u00e1ll vagy bukik. Ez\u00e9rt az 5-MeO-MiPT tisztas\u00e1g\u00e1nak \u00e9s stabilit\u00e1s\u00e1nak szigor\u00fa ellen\u0151rz\u00e9se rendk\u00edv\u00fcl fontos.<\/p>\n<h3>Bizony\u00edtott min\u0151s\u00e9g \u00e9s integrit\u00e1s<\/h3>\n<p>Az analitikai dokument\u00e1ci\u00f3, amely <b>HPLC (nagy teljes\u00edtm\u00e9ny\u0171 folyad\u00e9kkromatogr\u00e1fia)<\/b> l\u00e9trej\u00f6n, garant\u00e1lja a <b>Nagy tisztas\u00e1g<\/b> az anyagot. Ez a min\u0151s\u00e9g elengedhetetlen a tudom\u00e1nyos kutat\u00e1sokhoz, mivel m\u00e1r kisebb szennyez\u0151d\u00e9sek is meghamis\u00edthatj\u00e1k a k\u00f6t\u0151d\u00e9si vizsg\u00e1latok vagy kromatogr\u00e1fi\u00e1s elemz\u00e9sek eredm\u00e9nyeit. Ezenk\u00edv\u00fcl a bejelentett <b>Hossz\u00fa t\u00e1v\u00fa stabilit\u00e1s<\/b> megfelel\u0151 t\u00e1rol\u00e1s eset\u00e9n (h\u0171v\u00f6s, sz\u00e1raz, f\u00e9nyt\u0151l v\u00e9dett helyen) dokument\u00e1lt stabilit\u00e1si adatokkal t\u00e1masztj\u00e1k al\u00e1. Ez nagy jelent\u0151s\u00e9ggel b\u00edr annak \u00e9rdek\u00e9ben, hogy <a href=\"\/product\/legal-psychedelics-kaufen\/\">vegyi anyag<\/a> a kapcsolat integrit\u00e1sa a kutat\u00e1si projekt teljes id\u0151tartama alatt.<\/p>\n<h3>Az adagol\u00e1si forma: a 10 mg-os pellet el\u0151nyei<\/h3>\n<p>A bemutat\u00f3 mint <b>mikro-tabletta pellet<\/b> a laborat\u00f3riumi munka \u00e9s a reproduk\u00e1lhat\u00f3s\u00e1g biztos\u00edt\u00e1sa szempontj\u00e1b\u00f3l jelent\u0151s el\u0151ny\u00f6ket k\u00edn\u00e1l a por alak\u00fa form\u00e1val szemben.<\/p>\n<ul>\n<li><b>Pontos adagol\u00e1s \u00e9s reproduk\u00e1lhat\u00f3s\u00e1g:<\/b> Az adagol\u00e1s a <b>10 mg tablett\u00e1nk\u00e9nt<\/b> g\u00e9pi gy\u00e1rt\u00e1s\u00fa \u00e9s nagyon pontos. Ez kik\u00fcsz\u00f6b\u00f6li azokat a jelent\u0151s hibaforr\u00e1sokat, amelyek a porok k\u00e9zi m\u00e9r\u00e9sekor el\u0151fordulhatnak, k\u00fcl\u00f6n\u00f6sen a kis milligrammos mennyis\u00e9gek eset\u00e9ben. Ennek eredm\u00e9nyek\u00e9nt a <b>Reproduk\u00e1lhat\u00f3s\u00e1g<\/b> az adagol\u00e1si vizsg\u00e1latok \u00e9s az \u00f6sszehasonl\u00edt\u00f3 elemz\u00e9sek, ami a publik\u00e1lhat\u00f3 kutat\u00e1si eredm\u00e9nyek alapfelt\u00e9tele.<\/li>\n<li><b>Biztons\u00e1gos kezel\u00e9s:<\/b> A pelleteket k\u00f6nnyebb \u00e9s biztons\u00e1gosabb kezelni, mint a finom, ill\u00e9kony porokat. Ez minim\u00e1lisra cs\u00f6kkenti a <b>inhal\u00e1ci\u00f3s expoz\u00edci\u00f3<\/b> a laborat\u00f3riumi szem\u00e9lyzet sz\u00e1m\u00e1ra, \u00e9s egyszer\u0171s\u00edti az el\u0151\u00edr\u00e1soknak val\u00f3 megfelel\u00e9st. <b>GLP-szabv\u00e1nyok (helyes laborat\u00f3riumi gyakorlat)<\/b>.<\/li>\n<li><b>Stabilit\u00e1skutat\u00e1s:<\/b> V\u00e9g\u00fcl, maguk a pelletek modellk\u00e9nt szolg\u00e1lnak az al\u00e1bbiak vizsg\u00e1lat\u00e1hoz <b>Stabilit\u00e1s \u00e9s tart\u00f3ss\u00e1g<\/b> a hat\u00f3anyag szil\u00e1rd adagol\u00e1si form\u00e1ban t\u00f6rt\u00e9n\u0151 felhaszn\u00e1l\u00e1sa, ami a gy\u00f3gyszeripari anyagok kutat\u00e1sa szempontj\u00e1b\u00f3l fontos.<\/li>\n<\/ul>\n<h2>Kutat\u00e1si alkalmaz\u00e1sok \u00e9s felhaszn\u00e1l\u00e1si ter\u00fcletek<\/h2>\n<p>Az endog\u00e9n \u00e9s m\u00e1s pszichoakt\u00edv triptaminokhoz val\u00f3 szerkezeti hasonl\u00f3s\u00e1ga miatt az 5-MeO-MiPT fontos eszk\u00f6z a neurok\u00e9miai folyamatok tanulm\u00e1nyoz\u00e1s\u00e1ban.<\/p>\n<h3>Lehets\u00e9ges alkalmaz\u00e1si ter\u00fcletek<\/h3>\n<p>A pelletek alkalmasak sz\u00e1mos olyan analitikai \u00e9s preklinikai vizsg\u00e1lathoz, ahol pontos, el\u0151re meghat\u00e1rozott d\u00f3zisra van sz\u00fcks\u00e9g:<\/p>\n<ul>\n<li><b>Receptor-k\u00f6t\u00e9si vizsg\u00e1latok:<\/b> Az anyagot ligandumk\u00e9nt haszn\u00e1lj\u00e1k a szerotonin receptor alt\u00edpusok affinit\u00e1s\u00e1nak \u00e9s funkcion\u00e1lis aktivit\u00e1s\u00e1nak meghat\u00e1roz\u00e1s\u00e1ra.<\/li>\n<li><b>Farmakol\u00f3giai \u00e9s hat\u00e1smechanizmus-vizsg\u00e1latok:<\/b> A vizsg\u00e1latok a vegy\u00fclet \u00e1ltal kiv\u00e1ltott sejtszint\u0171 \u00e9s molekul\u00e1ris mechanizmusokat vizsg\u00e1lj\u00e1k, ami hozz\u00e1j\u00e1rulhat az \u00faj jel\u00e1tviteli utak kutat\u00e1s\u00e1hoz.<\/li>\n<li><b>Anyagcsere-kutat\u00e1s:<\/b> A pelletek szubsztr\u00e1tk\u00e9nt szolg\u00e1lhatnak in vitro anyagcsere-vizsg\u00e1latokhoz a lebont\u00e1si utak \u00e9s a keletkez\u0151 metabolitok azonos\u00edt\u00e1sa \u00e9rdek\u00e9ben. Ezek az adatok hasznosak a <b>T\u00f6rv\u00e9nysz\u00e9ki \u00e9s analitikai toxikol\u00f3gia<\/b> n\u00e9lk\u00fcl\u00f6zhetetlen.<\/li>\n<li><b>\u00d6sszehasonl\u00edt\u00f3 elemz\u00e9sek:<\/b> A standardiz\u00e1lt pelletek referenciaanyagk\u00e9nt szolg\u00e1lnak a kromatogr\u00e1fi\u00e1s anal\u00edzisben az \u00faj kimutat\u00e1si m\u00f3dszerek kifejleszt\u00e9s\u00e9hez \u00e9s valid\u00e1l\u00e1s\u00e1hoz.<\/li>\n<\/ul>\n<h2>Jogi nyilatkozat - Szigor\u00fa megfelel\u00e9s<\/h2>\n<p>Ez a term\u00e9k\u00a0<b>kiz\u00e1r\u00f3lag kutat\u00e1si c\u00e9lokra<\/b>\u00a0tudom\u00e1nyos int\u00e9zm\u00e9nyekben. A v\u00e1s\u00e1rl\u00f3 visszavonhatatlanul meger\u0151s\u00edti a v\u00e1s\u00e1rl\u00e1st:<\/p>\n<ul>\n<li>Kiz\u00e1r\u00f3lag a k\u00f6vetkez\u0151 esetekben haszn\u00e1latos\u00a0<b>leg\u00e1lis \u00e9s enged\u00e9lyezett kutat\u00e1si k\u00f6rnyezetek<\/b>.<\/li>\n<li>A\u00a0<b>A helyi t\u00f6rv\u00e9nyek \u00e9s rendeletek betart\u00e1sa<\/b>\u00a0az adott joghat\u00f3s\u00e1gban.<\/li>\n<li>A\u00a0<b>Megfelel\u0151 biztons\u00e1gi int\u00e9zked\u00e9sek v\u00e9grehajt\u00e1sa<\/b>\u00a0a szem\u00e9lyzet v\u00e9delme \u00e9rdek\u00e9ben.<\/li>\n<li>A\u00a0<b>Enged\u00e9ly n\u00e9lk\u00fcli haszn\u00e1lat tilalma<\/b>\u00a0\u00e9s a fogyaszt\u00e1s.<\/li>\n<\/ul>","protected":false},"excerpt":{"rendered":"<p>V\u00e1s\u00e1roljon 5-MeO-MiPT 10mg pelletet: Egyenletesen adagolt pelletekben a prec\u00edz tudom\u00e1nyos munk\u00e1hoz. Kiz\u00e1r\u00f3lag kutat\u00e1si c\u00e9lokra laborat\u00f3riumi k\u00f6rnyezetben.<\/p>","protected":false},"featured_media":6456,"comment_status":"open","ping_status":"closed","template":"","meta":{"_joinchat":[]},"product_brand":[],"product_cat":[54],"product_tag":[],"class_list":{"0":"post-6426","1":"product","2":"type-product","3":"status-publish","4":"has-post-thumbnail","6":"product_cat-tryptamines","8":"first","9":"instock","10":"shipping-taxable","11":"purchasable","12":"product-type-variable"},"yoast_head":"<!-- This site is optimized with the Yoast SEO plugin v27.5 - https:\/\/yoast.com\/product\/yoast-seo-wordpress\/ -->\n<title>5-MeO-MiPT Pellets Kaufen | 10mg | Research Chemical Chemgramx<\/title>\n<meta name=\"description\" content=\"5-MeO-MiPT 10mg Pellets kaufen - Forschungschemikalie in pelletierter Form. F\u00fcr wissenschaftliche Analysen. Laborgepr\u00fcft &amp; diskret.\" \/>\n<meta name=\"robots\" content=\"index, follow, max-snippet:-1, max-image-preview:large, max-video-preview:-1\" \/>\n<link rel=\"canonical\" href=\"https:\/\/chemgramx.com\/hu\/termek-1\/vasarlas-5-meo-mipt-10mg-pellet\/\" \/>\n<meta property=\"og:locale\" content=\"hu_HU\" \/>\n<meta property=\"og:type\" content=\"article\" \/>\n<meta property=\"og:title\" content=\"5-MeO-MiPT Pellets Kaufen | 10mg | Research Chemical Chemgramx\" \/>\n<meta property=\"og:description\" content=\"5-MeO-MiPT 10mg Pellets kaufen - Forschungschemikalie in pelletierter Form. F\u00fcr wissenschaftliche Analysen. Laborgepr\u00fcft &amp; diskret.\" \/>\n<meta property=\"og:url\" content=\"https:\/\/chemgramx.com\/hu\/termek-1\/vasarlas-5-meo-mipt-10mg-pellet\/\" \/>\n<meta property=\"og:site_name\" content=\"Chemgramx\" \/>\n<meta property=\"article:modified_time\" content=\"2025-11-21T11:06:22+00:00\" \/>\n<meta property=\"og:image\" content=\"https:\/\/chemgramx.com\/wp-content\/uploads\/2025\/11\/buy-5-meo-mipt-10mg-pellets-chem-store-online.png\" \/>\n\t<meta property=\"og:image:width\" content=\"623\" \/>\n\t<meta property=\"og:image:height\" content=\"535\" \/>\n\t<meta property=\"og:image:type\" content=\"image\/png\" \/>\n<meta name=\"twitter:card\" content=\"summary_large_image\" \/>\n<meta name=\"twitter:label1\" content=\"Becs\u00fclt olvas\u00e1si id\u0151\" \/>\n\t<meta name=\"twitter:data1\" content=\"4 perc\" \/>\n<script type=\"application\/ld+json\" class=\"yoast-schema-graph\">{\"@context\":\"https:\\\/\\\/schema.org\",\"@graph\":[{\"@type\":\"WebPage\",\"@id\":\"https:\\\/\\\/chemgramx.com\\\/product\\\/5-meo-mipt-10mg-pellets-kaufen\\\/\",\"url\":\"https:\\\/\\\/chemgramx.com\\\/product\\\/5-meo-mipt-10mg-pellets-kaufen\\\/\",\"name\":\"5-MeO-MiPT Pellets Kaufen | 10mg | Research Chemical Chemgramx\",\"isPartOf\":{\"@id\":\"https:\\\/\\\/chemgramx.com\\\/#website\"},\"primaryImageOfPage\":{\"@id\":\"https:\\\/\\\/chemgramx.com\\\/product\\\/5-meo-mipt-10mg-pellets-kaufen\\\/#primaryimage\"},\"image\":{\"@id\":\"https:\\\/\\\/chemgramx.com\\\/product\\\/5-meo-mipt-10mg-pellets-kaufen\\\/#primaryimage\"},\"thumbnailUrl\":\"https:\\\/\\\/chemgramx.com\\\/wp-content\\\/uploads\\\/2025\\\/11\\\/buy-5-meo-mipt-10mg-pellets-chem-store-online.png\",\"datePublished\":\"2025-11-21T11:05:20+00:00\",\"dateModified\":\"2025-11-21T11:06:22+00:00\",\"description\":\"5-MeO-MiPT 10mg Pellets kaufen - Forschungschemikalie in pelletierter Form. F\u00fcr wissenschaftliche Analysen. Laborgepr\u00fcft &amp; diskret.\",\"breadcrumb\":{\"@id\":\"https:\\\/\\\/chemgramx.com\\\/product\\\/5-meo-mipt-10mg-pellets-kaufen\\\/#breadcrumb\"},\"inLanguage\":\"hu\",\"potentialAction\":[{\"@type\":\"ReadAction\",\"target\":[\"https:\\\/\\\/chemgramx.com\\\/product\\\/5-meo-mipt-10mg-pellets-kaufen\\\/\"]}]},{\"@type\":\"ImageObject\",\"inLanguage\":\"hu\",\"@id\":\"https:\\\/\\\/chemgramx.com\\\/product\\\/5-meo-mipt-10mg-pellets-kaufen\\\/#primaryimage\",\"url\":\"https:\\\/\\\/chemgramx.com\\\/wp-content\\\/uploads\\\/2025\\\/11\\\/buy-5-meo-mipt-10mg-pellets-chem-store-online.png\",\"contentUrl\":\"https:\\\/\\\/chemgramx.com\\\/wp-content\\\/uploads\\\/2025\\\/11\\\/buy-5-meo-mipt-10mg-pellets-chem-store-online.png\",\"width\":623,\"height\":535},{\"@type\":\"BreadcrumbList\",\"@id\":\"https:\\\/\\\/chemgramx.com\\\/product\\\/5-meo-mipt-10mg-pellets-kaufen\\\/#breadcrumb\",\"itemListElement\":[{\"@type\":\"ListItem\",\"position\":1,\"name\":\"Home\",\"item\":\"https:\\\/\\\/chemgramx.com\\\/\"},{\"@type\":\"ListItem\",\"position\":2,\"name\":\"Shop\",\"item\":\"https:\\\/\\\/chemgramx.com\\\/shop\\\/\"},{\"@type\":\"ListItem\",\"position\":3,\"name\":\"5-MeO-MiPT 10mg Pellets kaufen\"}]},{\"@type\":\"WebSite\",\"@id\":\"https:\\\/\\\/chemgramx.com\\\/#website\",\"url\":\"https:\\\/\\\/chemgramx.com\\\/\",\"name\":\"Chemgramx\",\"description\":\"\",\"publisher\":{\"@id\":\"https:\\\/\\\/chemgramx.com\\\/#organization\"},\"potentialAction\":[{\"@type\":\"SearchAction\",\"target\":{\"@type\":\"EntryPoint\",\"urlTemplate\":\"https:\\\/\\\/chemgramx.com\\\/?s={search_term_string}\"},\"query-input\":{\"@type\":\"PropertyValueSpecification\",\"valueRequired\":true,\"valueName\":\"search_term_string\"}}],\"inLanguage\":\"hu\"},{\"@type\":\"Organization\",\"@id\":\"https:\\\/\\\/chemgramx.com\\\/#organization\",\"name\":\"Chemgramx\",\"url\":\"https:\\\/\\\/chemgramx.com\\\/\",\"logo\":{\"@type\":\"ImageObject\",\"inLanguage\":\"hu\",\"@id\":\"https:\\\/\\\/chemgramx.com\\\/#\\\/schema\\\/logo\\\/image\\\/\",\"url\":\"https:\\\/\\\/chemgramx.com\\\/wp-content\\\/uploads\\\/2024\\\/10\\\/final-logo.png\",\"contentUrl\":\"https:\\\/\\\/chemgramx.com\\\/wp-content\\\/uploads\\\/2024\\\/10\\\/final-logo.png\",\"width\":250,\"height\":48,\"caption\":\"Chemgramx\"},\"image\":{\"@id\":\"https:\\\/\\\/chemgramx.com\\\/#\\\/schema\\\/logo\\\/image\\\/\"}}]}<\/script>\n<!-- \/ Yoast SEO plugin. -->","yoast_head_json":{"title":"Megveszem 5-MeO-MiPT pellet | 10mg | Kutat\u00e1si vegyi Chemgramx | Research Chemical","description":"V\u00e1s\u00e1roljon 5-MeO-MiPT 10mg pelletet - Kutat\u00e1si vegyi anyag pellet form\u00e1j\u00e1ban. Tudom\u00e1nyos elemz\u00e9sekhez. Laborat\u00f3riumban tesztelt \u00e9s diszkr\u00e9t.","robots":{"index":"index","follow":"follow","max-snippet":"max-snippet:-1","max-image-preview":"max-image-preview:large","max-video-preview":"max-video-preview:-1"},"canonical":"https:\/\/chemgramx.com\/hu\/termek-1\/vasarlas-5-meo-mipt-10mg-pellet\/","og_locale":"hu_HU","og_type":"article","og_title":"5-MeO-MiPT Pellets Kaufen | 10mg | Research Chemical Chemgramx","og_description":"5-MeO-MiPT 10mg Pellets kaufen - Forschungschemikalie in pelletierter Form. F\u00fcr wissenschaftliche Analysen. Laborgepr\u00fcft &amp; diskret.","og_url":"https:\/\/chemgramx.com\/hu\/termek-1\/vasarlas-5-meo-mipt-10mg-pellet\/","og_site_name":"Chemgramx","article_modified_time":"2025-11-21T11:06:22+00:00","og_image":[{"width":623,"height":535,"url":"https:\/\/chemgramx.com\/wp-content\/uploads\/2025\/11\/buy-5-meo-mipt-10mg-pellets-chem-store-online.png","type":"image\/png"}],"twitter_card":"summary_large_image","twitter_misc":{"Becs\u00fclt olvas\u00e1si id\u0151":"4 perc"},"schema":{"@context":"https:\/\/schema.org","@graph":[{"@type":"WebPage","@id":"https:\/\/chemgramx.com\/product\/5-meo-mipt-10mg-pellets-kaufen\/","url":"https:\/\/chemgramx.com\/product\/5-meo-mipt-10mg-pellets-kaufen\/","name":"Megveszem 5-MeO-MiPT pellet | 10mg | Kutat\u00e1si vegyi Chemgramx | Research Chemical","isPartOf":{"@id":"https:\/\/chemgramx.com\/#website"},"primaryImageOfPage":{"@id":"https:\/\/chemgramx.com\/product\/5-meo-mipt-10mg-pellets-kaufen\/#primaryimage"},"image":{"@id":"https:\/\/chemgramx.com\/product\/5-meo-mipt-10mg-pellets-kaufen\/#primaryimage"},"thumbnailUrl":"https:\/\/chemgramx.com\/wp-content\/uploads\/2025\/11\/buy-5-meo-mipt-10mg-pellets-chem-store-online.png","datePublished":"2025-11-21T11:05:20+00:00","dateModified":"2025-11-21T11:06:22+00:00","description":"V\u00e1s\u00e1roljon 5-MeO-MiPT 10mg pelletet - Kutat\u00e1si vegyi anyag pellet form\u00e1j\u00e1ban. Tudom\u00e1nyos elemz\u00e9sekhez. Laborat\u00f3riumban tesztelt \u00e9s diszkr\u00e9t.","breadcrumb":{"@id":"https:\/\/chemgramx.com\/product\/5-meo-mipt-10mg-pellets-kaufen\/#breadcrumb"},"inLanguage":"hu","potentialAction":[{"@type":"ReadAction","target":["https:\/\/chemgramx.com\/product\/5-meo-mipt-10mg-pellets-kaufen\/"]}]},{"@type":"ImageObject","inLanguage":"hu","@id":"https:\/\/chemgramx.com\/product\/5-meo-mipt-10mg-pellets-kaufen\/#primaryimage","url":"https:\/\/chemgramx.com\/wp-content\/uploads\/2025\/11\/buy-5-meo-mipt-10mg-pellets-chem-store-online.png","contentUrl":"https:\/\/chemgramx.com\/wp-content\/uploads\/2025\/11\/buy-5-meo-mipt-10mg-pellets-chem-store-online.png","width":623,"height":535},{"@type":"BreadcrumbList","@id":"https:\/\/chemgramx.com\/product\/5-meo-mipt-10mg-pellets-kaufen\/#breadcrumb","itemListElement":[{"@type":"ListItem","position":1,"name":"Home","item":"https:\/\/chemgramx.com\/"},{"@type":"ListItem","position":2,"name":"Shop","item":"https:\/\/chemgramx.com\/shop\/"},{"@type":"ListItem","position":3,"name":"5-MeO-MiPT 10mg Pellets kaufen"}]},{"@type":"WebSite","@id":"https:\/\/chemgramx.com\/#website","url":"https:\/\/chemgramx.com\/","name":"Chemgramx","description":"","publisher":{"@id":"https:\/\/chemgramx.com\/#organization"},"potentialAction":[{"@type":"SearchAction","target":{"@type":"EntryPoint","urlTemplate":"https:\/\/chemgramx.com\/?s={search_term_string}"},"query-input":{"@type":"PropertyValueSpecification","valueRequired":true,"valueName":"search_term_string"}}],"inLanguage":"hu"},{"@type":"Organization","@id":"https:\/\/chemgramx.com\/#organization","name":"Chemgramx","url":"https:\/\/chemgramx.com\/","logo":{"@type":"ImageObject","inLanguage":"hu","@id":"https:\/\/chemgramx.com\/#\/schema\/logo\/image\/","url":"https:\/\/chemgramx.com\/wp-content\/uploads\/2024\/10\/final-logo.png","contentUrl":"https:\/\/chemgramx.com\/wp-content\/uploads\/2024\/10\/final-logo.png","width":250,"height":48,"caption":"Chemgramx"},"image":{"@id":"https:\/\/chemgramx.com\/#\/schema\/logo\/image\/"}}]}},"_links":{"self":[{"href":"https:\/\/chemgramx.com\/hu\/wp-json\/wp\/v2\/product\/6426","targetHints":{"allow":["GET"]}}],"collection":[{"href":"https:\/\/chemgramx.com\/hu\/wp-json\/wp\/v2\/product"}],"about":[{"href":"https:\/\/chemgramx.com\/hu\/wp-json\/wp\/v2\/types\/product"}],"replies":[{"embeddable":true,"href":"https:\/\/chemgramx.com\/hu\/wp-json\/wp\/v2\/comments?post=6426"}],"wp:featuredmedia":[{"embeddable":true,"href":"https:\/\/chemgramx.com\/hu\/wp-json\/wp\/v2\/media\/6456"}],"wp:attachment":[{"href":"https:\/\/chemgramx.com\/hu\/wp-json\/wp\/v2\/media?parent=6426"}],"wp:term":[{"taxonomy":"product_brand","embeddable":true,"href":"https:\/\/chemgramx.com\/hu\/wp-json\/wp\/v2\/product_brand?post=6426"},{"taxonomy":"product_cat","embeddable":true,"href":"https:\/\/chemgramx.com\/hu\/wp-json\/wp\/v2\/product_cat?post=6426"},{"taxonomy":"product_tag","embeddable":true,"href":"https:\/\/chemgramx.com\/hu\/wp-json\/wp\/v2\/product_tag?post=6426"}],"curies":[{"name":"wp","href":"https:\/\/api.w.org\/{rel}","templated":true}]}}