{"id":6430,"date":"2025-11-21T11:05:21","date_gmt":"2025-11-21T11:05:21","guid":{"rendered":"https:\/\/chemgramx.com\/?post_type=product&#038;p=6430"},"modified":"2025-11-21T11:06:23","modified_gmt":"2025-11-21T11:06:23","slug":"vasarolni-met-fumarat","status":"publish","type":"product","link":"https:\/\/chemgramx.com\/hu\/product\/met-fumarate-kaufen\/","title":{"rendered":"V\u00e1s\u00e1rl\u00e1s MET Fumarate"},"content":{"rendered":"<p><b>MET-fumar\u00e1t (N-metil-N-etil-triptamin)<\/b> egy speci\u00e1lis kutat\u00e1si vegyi anyag, amely a k\u00f6vetkez\u0151 alapvet\u0151 oszt\u00e1lyba tartozik <b>Triptamin-sz\u00e1rmaz\u00e9kok<\/b> tartozik. Ez az anyag a <b>Fumar\u00e1t s\u00f3 forma<\/b> \u00e9s <b>kiz\u00e1r\u00f3lag<\/b> szigor\u00faan ellen\u0151rz\u00f6tt laborat\u00f3riumi k\u00f6rnyezetben v\u00e9gzett tudom\u00e1nyos kutat\u00e1sokhoz tervezt\u00e9k. A szabad b\u00e1zissal vagy m\u00e1s s\u00f3kkal \u00f6sszehasonl\u00edtva a fumar\u00e1t forma v\u00e1laszt\u00e1sa a k\u00f6vetkez\u0151ket k\u00edn\u00e1lja <b>Jobb stabilit\u00e1s \u00e9s eltarthat\u00f3s\u00e1g<\/b>, ami elengedhetetlen a hossz\u00fa t\u00e1v\u00fa kutat\u00e1si projektekhez. Ezenk\u00edv\u00fcl a nagy tisztas\u00e1g\u00fa (<span class=\"math-inline\" data-math=\"mathbf{ge 98%}\">$mathbf{ge 98%}$<\/span>) \u00e9s a pontos molekulat\u00f6meg biztos\u00edtja az analitikai \u00e9s farmakol\u00f3giai k\u00eds\u00e9rletek reproduk\u00e1lhat\u00f3s\u00e1g\u00e1t. K\u00f6vetkez\u00e9sk\u00e9ppen a MET-fumar\u00e1t beszerz\u00e9se \u00e9s kezel\u00e9se <b>a legszigor\u00fabb biztons\u00e1gi, etikai \u00e9s jogi protokollok<\/b>.<\/p>\n<h2>A fumar\u00e1t s\u00f3forma k\u00e9miai jellemz\u00e9se \u00e9s el\u0151nyei<\/h2>\n<p>A pontos k\u00e9miai szerkezet \u00e9s a s\u00f3forma megv\u00e1laszt\u00e1sa k\u00f6zponti jelent\u0151s\u00e9g\u0171 a MET vizes kutat\u00e1si rendszerekben t\u00f6rt\u00e9n\u0151 t\u00e1rol\u00e1sa \u00e9s alkalmaz\u00e1sa szempontj\u00e1b\u00f3l. <b>MET<\/b> mint <b>Indol-alkilamin<\/b> az endog\u00e9n neurotranszmitter szerotonin szerkezeti anal\u00f3gja (<span class=\"math-inline\" data-math=\"mathbf{5-HT}\">$mathbf{5-HT}$<\/span>), ami indokolja a szerotoninreceptor-kutat\u00e1s keret\u00e9ben t\u00f6rt\u00e9n\u0151 vizsg\u00e1lat\u00e1t. A <b>N-alkilez\u00e9s<\/b> a  c\u00edmen <b>Metil- \u00e9s etilcsoportok<\/b> az aminocsoporton meghat\u00e1roz\u00f3 a farmakokinetikai tulajdons\u00e1gok szempontj\u00e1b\u00f3l. Ezek a szubsztituensek nemcsak a k\u00fcl\u00f6nb\u00f6z\u0151 szerotoninreceptor-alt\u00edpusokhoz val\u00f3 affinit\u00e1st, hanem a vegy\u00fclet metabolikus sebess\u00e9g\u00e9t is befoly\u00e1solj\u00e1k. Ez\u00e9rt a <b>Szerkezet-tev\u00e9kenys\u00e9g-\u00f6sszef\u00fcgg\u00e9s kutat\u00e1s (SAR)<\/b> Ezen aszimmetrikus N-helyettes\u00edt\u00e9sek hat\u00e1s\u00e1t intenz\u00edven vizsg\u00e1lt\u00e1k, hogy felt\u00e9rk\u00e9pezz\u00e9k a biol\u00f3giai hat\u00e1s molekul\u00e1ris meghat\u00e1roz\u00f3it.<\/p>\n<p>A v\u00e1laszt\u00e1s a <b>Fumar\u00e1t s\u00f3<\/b> a k\u00e9miai kutat\u00e1sban bevett gyakorlat, mivel a fumar\u00e1tok gyakran rendelkeznek <b>Jobb krist\u00e1lyos stabilit\u00e1s<\/b> \u00e9s egy <b>Alacsonyabb higroszk\u00f3poss\u00e1g<\/b> (nedvess\u00e9gfelv\u00e9tel), mint a szabad b\u00e1zisok vagy hidroklorid s\u00f3k. Ez a stabilit\u00e1s k\u00fcl\u00f6n\u00f6sen fontos a <b>Hossz\u00fa t\u00e1v\u00fa t\u00e1rol\u00e1s<\/b> az anyag k\u00e9miai integrit\u00e1s\u00e1nak biztos\u00edt\u00e1sa \u00e9rdek\u00e9ben az aj\u00e1nlott sz\u00e1raz \u00e9s h\u0171v\u00f6s k\u00f6r\u00fclm\u00e9nyek k\u00f6z\u00f6tt. <b>MET-fumar\u00e1tok<\/b> finom krist\u00e1lyos por form\u00e1j\u00e1ban \u00e1ll rendelkez\u00e9sre, \u00e9s <b>m\u00e9rs\u00e9kelten old\u00f3dik v\u00edzben<\/b>. Ez lehet\u0151v\u00e9 teszi az egyszer\u0171 el\u0151\u00e1ll\u00edt\u00e1s\u00e1t <b>vizes t\u00f6rzsoldatok<\/b> a legt\u00f6bb biol\u00f3giai vizsg\u00e1lathoz \u00e9s analitikai elj\u00e1r\u00e1shoz. Ezenk\u00edv\u00fcl a pontos molekulat\u00f6meg<span class=\"math-inline\" data-math=\"mathbf{von , 290.35 , g\/mol}\">, 290,35 g\/mol<\/span>\u00a0felt\u00e9tlen\u00fcl sz\u00fcks\u00e9ges a <b>Pontos szt\u00f6chiometriai sz\u00e1m\u00edt\u00e1sok<\/b>, amely minden mennyis\u00e9gi vizsg\u00e1lat reproduk\u00e1lhat\u00f3s\u00e1g\u00e1nak alapj\u00e1t k\u00e9pezi.<\/p>\n<h2>Kutat\u00e1si alkalmaz\u00e1sok a neurofarmakol\u00f3gia \u00e9s az analitika ter\u00fclet\u00e9n<\/h2>\n<ul>\n<li>A MET-fumar\u00e1t fontos eszk\u00f6z a neurofarmakol\u00f3gi\u00e1ban a triptamin-sz\u00e1rmaz\u00e9kok monoamin-rendszerekre gyakorolt hat\u00e1smechanizmusainak tiszt\u00e1z\u00e1s\u00e1ra. A kutat\u00e1s t\u00f6bb alapvet\u0151 ter\u00fcletre oszlik:<\/li>\n<li>A f\u0151 alkalmaz\u00e1si ter\u00fclet a k\u00f6vetkez\u0151k vizsg\u00e1lata <b>Receptor-k\u00f6t\u00e9si vizsg\u00e1latok<\/b>, ahol a <b>K\u00f6t\u00e9si affinit\u00e1sok<\/b> \u00e9s <b>funkcion\u00e1lis tev\u00e9kenys\u00e9gek<\/b> a MET hat\u00e1sa a k\u00fcl\u00f6nb\u00f6z\u0151 szerotoninreceptor-alt\u00edpusokra. Ez a kutat\u00e1s seg\u00edt meg\u00e9rteni a k\u00e9miai szerkezet \u00e9s a biol\u00f3giai hat\u00e1s k\u00f6z\u00f6tti kapcsolatot.<\/li>\n<li>Ugyanilyen fontosak <b>Anyagcsere-vizsg\u00e1latok<\/b>, amelyben a vegy\u00fcletet szubsztr\u00e1tk\u00e9nt haszn\u00e1lj\u00e1k. A modellrendszerben (pl. m\u00e1jmikrosz\u00f3m\u00e1k) a biok\u00e9miai lebont\u00e1si \u00fatvonalakat felt\u00e9rk\u00e9pezik, hogy meghat\u00e1rozz\u00e1k a <b>Felez\u00e9si id\u0151<\/b> \u00e9s a <b>potenci\u00e1lisan akt\u00edv metabolitok<\/b> azonos\u00edtani.<\/li>\n<li>Ez a tud\u00e1s fontos a <b>Toxikol\u00f3gia \u00e9s farmakokinetika<\/b> k\u00f6zponti jelent\u0151s\u00e9g\u0171. A nagy tisztas\u00e1g\u00fa anyag egyben <b>analitikai szabv\u00e1ny<\/b> a <b>GC\/MS \u00e9s HPLC valid\u00e1l\u00e1s<\/b> t\u00f6rv\u00e9nysz\u00e9ki \u00e9s toxikol\u00f3giai laborat\u00f3riumokban.<\/li>\n<li>V\u00e9g\u00fcl a MET a <b>\u00f6sszehasonl\u00edt\u00f3 SAR-kutat\u00e1s<\/b> referenciapontk\u00e9nt haszn\u00e1ltuk, hogy felt\u00e9rk\u00e9pezz\u00fck a triptamin mag tov\u00e1bbi szubsztit\u00faci\u00f3inak a receptor affinit\u00e1sra gyakorolt hat\u00e1s\u00e1t.<\/li>\n<\/ul>\n<h2>Biztons\u00e1gi protokollok \u00e9s jogi megfelel\u00e9s<\/h2>\n<p>A potenci\u00e1lis farmakol\u00f3giai aktivit\u00e1s \u00e9s a k\u00e9miai besorol\u00e1s a legmagasabb szint\u0171 biztons\u00e1gi el\u0151\u00edr\u00e1sokat \u00e9s a jogszab\u00e1lyok szigor\u00fa betart\u00e1s\u00e1t k\u00f6veteli meg, k\u00fcl\u00f6n\u00f6sen az al\u00e1bbiak tekintet\u00e9ben <b>GLP-szabv\u00e1nyok (helyes laborat\u00f3riumi gyakorlat)<\/b>.<\/p>\n<p>A laborat\u00f3riumi szem\u00e9lyzet v\u00e9delme \u00e9rdek\u00e9ben a finom por csak a k\u00f6telez\u0151en el\u0151\u00edrt <b><a href=\"\/product\/1b-lsd-125mcg-blotters-kaufen\/\">Szem\u00e9lyesebb<\/a> V\u00e9d\u0151felszerel\u00e9s (PPE)<\/b>, laborat\u00f3riumi k\u00f6peny, keszty\u0171 \u00e9s v\u00e9d\u0151szem\u00fcveg visel\u00e9se megengedett. Ezen k\u00edv\u00fcl a munk\u00e1t a k\u00f6vetkez\u0151k alatt kell v\u00e9gezni <b>K\u00e9miai f\u00fcstg\u00e1zszekr\u00e9ny<\/b> mivel ez minim\u00e1lisra cs\u00f6kkenti a bel\u00e9gz\u00e9s \u00e9s a laborat\u00f3riumi keresztszennyez\u0151d\u00e9s kock\u00e1zat\u00e1t. A z\u00e1rt <b><a href=\"\/product\/xanax-alprazolam-2mg\/\">Elemz\u00e9si bizony\u00edtv\u00e1nyok<\/a> (HPLC, GC\/MS)<\/b> nem csak a min\u0151s\u00e9g igazol\u00e1s\u00e1ra szolg\u00e1lnak, hanem k\u00f6telez\u0151ek az el\u0151\u00edr\u00e1soknak val\u00f3 megfelel\u00e9shez is. <b>Dokument\u00e1ci\u00f3s k\u00f6telezetts\u00e9g<\/b> a tudom\u00e1nyos kutat\u00e1ssal \u00f6sszef\u00fcgg\u00e9sben sz\u00fcks\u00e9ges.<\/p>\n<p>Egy\u00e9rtelm\u0171en hangs\u00falyozni kell, hogy a MET-fumar\u00e1t N\u00e9metorsz\u00e1gban \u00e9s sz\u00e1mos m\u00e1s orsz\u00e1gban a MET Fumarate <b>\u00daj pszichoakt\u00edv anyagokr\u00f3l sz\u00f3l\u00f3 t\u00f6rv\u00e9ny (NpSG)<\/b> vagy hasonl\u00f3 k\u00e1b\u00edt\u00f3szert\u00f6rv\u00e9nyek. A beszerz\u00e9shez ez\u00e9rt a k\u00f6vetkez\u0151kre van sz\u00fcks\u00e9g <b>A kutat\u00e1si szervezet igazol\u00e1sa<\/b> \u00e9s a <b>A projekt tudom\u00e1nyos le\u00edr\u00e1sa<\/b>, annak biztos\u00edt\u00e1sa \u00e9rdek\u00e9ben, hogy a vegyi anyagot csak leg\u00e1lis, tudom\u00e1nyos \u00e9s etikus kutat\u00e1si projektekben haszn\u00e1lj\u00e1k fel.<\/p>\n<h2>Optim\u00e1lis t\u00e1rol\u00e1si \u00e9s rendel\u00e9si inform\u00e1ci\u00f3k<\/h2>\n<p>A MET-fumar\u00e1t k\u00e9miai stabilit\u00e1s\u00e1nak biztos\u00edt\u00e1sa \u00e9rdek\u00e9ben szigor\u00fa t\u00e1rol\u00e1si felt\u00e9teleket kell betartani. Az optim\u00e1lis hossz\u00fa t\u00e1v\u00fa t\u00e1rol\u00e1s a k\u00f6vetkez\u0151 h\u0151m\u00e9rs\u00e9kleten t\u00f6rt\u00e9nik <b><span class=\"math-inline\" data-math=\"mathbf{-20^circ C}\">$mathbf{-20^circ C}$<\/span> (fagyaszt\u00f3)<\/b>, a boml\u00e1si folyamatok lass\u00edt\u00e1sa \u00e9rdek\u00e9ben. Az anyagnak <b>Inert g\u00e1z atmoszf\u00e9ra<\/b> (argon\/nitrog\u00e9n), \u00e9s <b>F\u00e9nyt\u0151l v\u00e9dett<\/b> s\u00f6t\u00e9t, szorosan lez\u00e1rt t\u00e1rol\u00f3ed\u00e9nyekben kell t\u00e1rolni.<\/p>\n<p><b>A kutat\u00f3int\u00e9zetek sz\u00e1m\u00e1ra rendelkez\u00e9sre \u00e1ll\u00f3 mennyis\u00e9gek:<\/b><\/p>\n<ul>\n<li>Kutat\u00e1si minta: 10g<\/li>\n<li>Kis mennyis\u00e9g: 25g<\/li>\n<li>Standard mennyis\u00e9g: 50g<\/li>\n<li>T\u00f6meges mennyis\u00e9g: 100g<\/li>\n<\/ul>\n<h2>Jogi nyilatkozat - Szigor\u00fa megfelel\u00e9s<\/h2>\n<p>Ez a term\u00e9k\u00a0<b>kiz\u00e1r\u00f3lag kutat\u00e1si c\u00e9lokra<\/b>\u00a0tudom\u00e1nyos int\u00e9zm\u00e9nyekben. A v\u00e1s\u00e1rl\u00f3 visszavonhatatlanul meger\u0151s\u00edti a v\u00e1s\u00e1rl\u00e1st:<\/p>\n<ul>\n<li>Kiz\u00e1r\u00f3lag a k\u00f6vetkez\u0151 esetekben haszn\u00e1latos\u00a0<b>leg\u00e1lis \u00e9s enged\u00e9lyezett kutat\u00e1si k\u00f6rnyezetek<\/b>.<\/li>\n<li>A\u00a0<b>A helyi t\u00f6rv\u00e9nyek \u00e9s rendeletek betart\u00e1sa<\/b>\u00a0az adott joghat\u00f3s\u00e1gban.<\/li>\n<li>A\u00a0<b>Megfelel\u0151 biztons\u00e1gi int\u00e9zked\u00e9sek v\u00e9grehajt\u00e1sa<\/b>\u00a0a szem\u00e9lyzet v\u00e9delme \u00e9rdek\u00e9ben.<\/li>\n<li>A\u00a0<b>Enged\u00e9ly n\u00e9lk\u00fcli haszn\u00e1lat tilalma<\/b>\u00a0\u00e9s a fogyaszt\u00e1s.<\/li>\n<\/ul>","protected":false},"excerpt":{"rendered":"<p>V\u00e1s\u00e1roljon MET-fumar\u00e1tot: N-metil-N-etil-triptamin fumar\u00e1t form\u00e1ban tudom\u00e1nyos kutat\u00e1si c\u00e9lokra. Nagy tisztas\u00e1g\u00fa min\u0151s\u00e9g, analitikai tan\u00fas\u00edtv\u00e1nnyal. Kiz\u00e1r\u00f3lag min\u0151s\u00edtett kutat\u00e1si szervezetek sz\u00e1m\u00e1ra.<\/p>","protected":false},"featured_media":6469,"comment_status":"open","ping_status":"closed","template":"","meta":{"_joinchat":[]},"product_brand":[],"product_cat":[54],"product_tag":[],"class_list":{"0":"post-6430","1":"product","2":"type-product","3":"status-publish","4":"has-post-thumbnail","6":"product_cat-tryptamines","8":"first","9":"instock","10":"shipping-taxable","11":"purchasable","12":"product-type-variable"},"yoast_head":"<!-- This site is optimized with the Yoast SEO plugin v27.5 - https:\/\/yoast.com\/product\/yoast-seo-wordpress\/ -->\n<title>MET Fumarate Kaufen | N-methyl-N-ethyltryptamineChemgramx<\/title>\n<meta name=\"description\" content=\"MET Fumarate kaufen - N-methyl-N-ethyltryptamine f\u00fcr wissenschaftliche Forschung. Hochrein, laborgepr\u00fcft. Ausschlie\u00dflich f\u00fcr Forschungszwecke.\" \/>\n<meta name=\"robots\" content=\"index, follow, max-snippet:-1, max-image-preview:large, max-video-preview:-1\" \/>\n<link rel=\"canonical\" href=\"https:\/\/chemgramx.com\/hu\/termek-1\/vasarolni-met-fumarat\/\" \/>\n<meta property=\"og:locale\" content=\"hu_HU\" \/>\n<meta property=\"og:type\" content=\"article\" \/>\n<meta property=\"og:title\" content=\"MET Fumarate Kaufen | N-methyl-N-ethyltryptamineChemgramx\" \/>\n<meta property=\"og:description\" content=\"MET Fumarate kaufen - N-methyl-N-ethyltryptamine f\u00fcr wissenschaftliche Forschung. Hochrein, laborgepr\u00fcft. Ausschlie\u00dflich f\u00fcr Forschungszwecke.\" \/>\n<meta property=\"og:url\" content=\"https:\/\/chemgramx.com\/hu\/termek-1\/vasarolni-met-fumarat\/\" \/>\n<meta property=\"og:site_name\" content=\"Chemgramx\" \/>\n<meta property=\"article:modified_time\" content=\"2025-11-21T11:06:23+00:00\" \/>\n<meta property=\"og:image\" content=\"https:\/\/chemgramx.com\/wp-content\/uploads\/2025\/11\/buy-met-fumarate-n-methyl-n-ethyltryptamine-chem-store-online.png\" \/>\n\t<meta property=\"og:image:width\" content=\"643\" \/>\n\t<meta property=\"og:image:height\" content=\"379\" \/>\n\t<meta property=\"og:image:type\" content=\"image\/png\" \/>\n<meta name=\"twitter:card\" content=\"summary_large_image\" \/>\n<meta name=\"twitter:label1\" content=\"Becs\u00fclt olvas\u00e1si id\u0151\" \/>\n\t<meta name=\"twitter:data1\" content=\"4 perc\" \/>\n<script type=\"application\/ld+json\" class=\"yoast-schema-graph\">{\"@context\":\"https:\\\/\\\/schema.org\",\"@graph\":[{\"@type\":\"WebPage\",\"@id\":\"https:\\\/\\\/chemgramx.com\\\/product\\\/met-fumarate-kaufen\\\/\",\"url\":\"https:\\\/\\\/chemgramx.com\\\/product\\\/met-fumarate-kaufen\\\/\",\"name\":\"MET Fumarate Kaufen | N-methyl-N-ethyltryptamineChemgramx\",\"isPartOf\":{\"@id\":\"https:\\\/\\\/chemgramx.com\\\/#website\"},\"primaryImageOfPage\":{\"@id\":\"https:\\\/\\\/chemgramx.com\\\/product\\\/met-fumarate-kaufen\\\/#primaryimage\"},\"image\":{\"@id\":\"https:\\\/\\\/chemgramx.com\\\/product\\\/met-fumarate-kaufen\\\/#primaryimage\"},\"thumbnailUrl\":\"https:\\\/\\\/chemgramx.com\\\/wp-content\\\/uploads\\\/2025\\\/11\\\/buy-met-fumarate-n-methyl-n-ethyltryptamine-chem-store-online.png\",\"datePublished\":\"2025-11-21T11:05:21+00:00\",\"dateModified\":\"2025-11-21T11:06:23+00:00\",\"description\":\"MET Fumarate kaufen - N-methyl-N-ethyltryptamine f\u00fcr wissenschaftliche Forschung. Hochrein, laborgepr\u00fcft. Ausschlie\u00dflich f\u00fcr Forschungszwecke.\",\"breadcrumb\":{\"@id\":\"https:\\\/\\\/chemgramx.com\\\/product\\\/met-fumarate-kaufen\\\/#breadcrumb\"},\"inLanguage\":\"hu\",\"potentialAction\":[{\"@type\":\"ReadAction\",\"target\":[\"https:\\\/\\\/chemgramx.com\\\/product\\\/met-fumarate-kaufen\\\/\"]}]},{\"@type\":\"ImageObject\",\"inLanguage\":\"hu\",\"@id\":\"https:\\\/\\\/chemgramx.com\\\/product\\\/met-fumarate-kaufen\\\/#primaryimage\",\"url\":\"https:\\\/\\\/chemgramx.com\\\/wp-content\\\/uploads\\\/2025\\\/11\\\/buy-met-fumarate-n-methyl-n-ethyltryptamine-chem-store-online.png\",\"contentUrl\":\"https:\\\/\\\/chemgramx.com\\\/wp-content\\\/uploads\\\/2025\\\/11\\\/buy-met-fumarate-n-methyl-n-ethyltryptamine-chem-store-online.png\",\"width\":643,\"height\":379},{\"@type\":\"BreadcrumbList\",\"@id\":\"https:\\\/\\\/chemgramx.com\\\/product\\\/met-fumarate-kaufen\\\/#breadcrumb\",\"itemListElement\":[{\"@type\":\"ListItem\",\"position\":1,\"name\":\"Home\",\"item\":\"https:\\\/\\\/chemgramx.com\\\/\"},{\"@type\":\"ListItem\",\"position\":2,\"name\":\"Shop\",\"item\":\"https:\\\/\\\/chemgramx.com\\\/shop\\\/\"},{\"@type\":\"ListItem\",\"position\":3,\"name\":\"MET Fumarate kaufen\"}]},{\"@type\":\"WebSite\",\"@id\":\"https:\\\/\\\/chemgramx.com\\\/#website\",\"url\":\"https:\\\/\\\/chemgramx.com\\\/\",\"name\":\"Chemgramx\",\"description\":\"\",\"publisher\":{\"@id\":\"https:\\\/\\\/chemgramx.com\\\/#organization\"},\"potentialAction\":[{\"@type\":\"SearchAction\",\"target\":{\"@type\":\"EntryPoint\",\"urlTemplate\":\"https:\\\/\\\/chemgramx.com\\\/?s={search_term_string}\"},\"query-input\":{\"@type\":\"PropertyValueSpecification\",\"valueRequired\":true,\"valueName\":\"search_term_string\"}}],\"inLanguage\":\"hu\"},{\"@type\":\"Organization\",\"@id\":\"https:\\\/\\\/chemgramx.com\\\/#organization\",\"name\":\"Chemgramx\",\"url\":\"https:\\\/\\\/chemgramx.com\\\/\",\"logo\":{\"@type\":\"ImageObject\",\"inLanguage\":\"hu\",\"@id\":\"https:\\\/\\\/chemgramx.com\\\/#\\\/schema\\\/logo\\\/image\\\/\",\"url\":\"https:\\\/\\\/chemgramx.com\\\/wp-content\\\/uploads\\\/2024\\\/10\\\/final-logo.png\",\"contentUrl\":\"https:\\\/\\\/chemgramx.com\\\/wp-content\\\/uploads\\\/2024\\\/10\\\/final-logo.png\",\"width\":250,\"height\":48,\"caption\":\"Chemgramx\"},\"image\":{\"@id\":\"https:\\\/\\\/chemgramx.com\\\/#\\\/schema\\\/logo\\\/image\\\/\"}}]}<\/script>\n<!-- \/ Yoast SEO plugin. -->","yoast_head_json":{"title":"V\u00e1s\u00e1rl\u00e1s MET Fumarate | N-metil-N-etil-triptaminChemgramx","description":"V\u00e1s\u00e1roljon MET-fumar\u00e1tot - N-metil-N-etil-triptamin tudom\u00e1nyos kutat\u00e1shoz. Nagy tisztas\u00e1g\u00fa, laborat\u00f3riumban tesztelt. Kiz\u00e1r\u00f3lag kutat\u00e1si c\u00e9lokra.","robots":{"index":"index","follow":"follow","max-snippet":"max-snippet:-1","max-image-preview":"max-image-preview:large","max-video-preview":"max-video-preview:-1"},"canonical":"https:\/\/chemgramx.com\/hu\/termek-1\/vasarolni-met-fumarat\/","og_locale":"hu_HU","og_type":"article","og_title":"MET Fumarate Kaufen | N-methyl-N-ethyltryptamineChemgramx","og_description":"MET Fumarate kaufen - N-methyl-N-ethyltryptamine f\u00fcr wissenschaftliche Forschung. Hochrein, laborgepr\u00fcft. Ausschlie\u00dflich f\u00fcr Forschungszwecke.","og_url":"https:\/\/chemgramx.com\/hu\/termek-1\/vasarolni-met-fumarat\/","og_site_name":"Chemgramx","article_modified_time":"2025-11-21T11:06:23+00:00","og_image":[{"width":643,"height":379,"url":"https:\/\/chemgramx.com\/wp-content\/uploads\/2025\/11\/buy-met-fumarate-n-methyl-n-ethyltryptamine-chem-store-online.png","type":"image\/png"}],"twitter_card":"summary_large_image","twitter_misc":{"Becs\u00fclt olvas\u00e1si id\u0151":"4 perc"},"schema":{"@context":"https:\/\/schema.org","@graph":[{"@type":"WebPage","@id":"https:\/\/chemgramx.com\/product\/met-fumarate-kaufen\/","url":"https:\/\/chemgramx.com\/product\/met-fumarate-kaufen\/","name":"V\u00e1s\u00e1rl\u00e1s MET Fumarate | N-metil-N-etil-triptaminChemgramx","isPartOf":{"@id":"https:\/\/chemgramx.com\/#website"},"primaryImageOfPage":{"@id":"https:\/\/chemgramx.com\/product\/met-fumarate-kaufen\/#primaryimage"},"image":{"@id":"https:\/\/chemgramx.com\/product\/met-fumarate-kaufen\/#primaryimage"},"thumbnailUrl":"https:\/\/chemgramx.com\/wp-content\/uploads\/2025\/11\/buy-met-fumarate-n-methyl-n-ethyltryptamine-chem-store-online.png","datePublished":"2025-11-21T11:05:21+00:00","dateModified":"2025-11-21T11:06:23+00:00","description":"V\u00e1s\u00e1roljon MET-fumar\u00e1tot - N-metil-N-etil-triptamin tudom\u00e1nyos kutat\u00e1shoz. Nagy tisztas\u00e1g\u00fa, laborat\u00f3riumban tesztelt. Kiz\u00e1r\u00f3lag kutat\u00e1si c\u00e9lokra.","breadcrumb":{"@id":"https:\/\/chemgramx.com\/product\/met-fumarate-kaufen\/#breadcrumb"},"inLanguage":"hu","potentialAction":[{"@type":"ReadAction","target":["https:\/\/chemgramx.com\/product\/met-fumarate-kaufen\/"]}]},{"@type":"ImageObject","inLanguage":"hu","@id":"https:\/\/chemgramx.com\/product\/met-fumarate-kaufen\/#primaryimage","url":"https:\/\/chemgramx.com\/wp-content\/uploads\/2025\/11\/buy-met-fumarate-n-methyl-n-ethyltryptamine-chem-store-online.png","contentUrl":"https:\/\/chemgramx.com\/wp-content\/uploads\/2025\/11\/buy-met-fumarate-n-methyl-n-ethyltryptamine-chem-store-online.png","width":643,"height":379},{"@type":"BreadcrumbList","@id":"https:\/\/chemgramx.com\/product\/met-fumarate-kaufen\/#breadcrumb","itemListElement":[{"@type":"ListItem","position":1,"name":"Home","item":"https:\/\/chemgramx.com\/"},{"@type":"ListItem","position":2,"name":"Shop","item":"https:\/\/chemgramx.com\/shop\/"},{"@type":"ListItem","position":3,"name":"MET Fumarate kaufen"}]},{"@type":"WebSite","@id":"https:\/\/chemgramx.com\/#website","url":"https:\/\/chemgramx.com\/","name":"Chemgramx","description":"","publisher":{"@id":"https:\/\/chemgramx.com\/#organization"},"potentialAction":[{"@type":"SearchAction","target":{"@type":"EntryPoint","urlTemplate":"https:\/\/chemgramx.com\/?s={search_term_string}"},"query-input":{"@type":"PropertyValueSpecification","valueRequired":true,"valueName":"search_term_string"}}],"inLanguage":"hu"},{"@type":"Organization","@id":"https:\/\/chemgramx.com\/#organization","name":"Chemgramx","url":"https:\/\/chemgramx.com\/","logo":{"@type":"ImageObject","inLanguage":"hu","@id":"https:\/\/chemgramx.com\/#\/schema\/logo\/image\/","url":"https:\/\/chemgramx.com\/wp-content\/uploads\/2024\/10\/final-logo.png","contentUrl":"https:\/\/chemgramx.com\/wp-content\/uploads\/2024\/10\/final-logo.png","width":250,"height":48,"caption":"Chemgramx"},"image":{"@id":"https:\/\/chemgramx.com\/#\/schema\/logo\/image\/"}}]}},"_links":{"self":[{"href":"https:\/\/chemgramx.com\/hu\/wp-json\/wp\/v2\/product\/6430","targetHints":{"allow":["GET"]}}],"collection":[{"href":"https:\/\/chemgramx.com\/hu\/wp-json\/wp\/v2\/product"}],"about":[{"href":"https:\/\/chemgramx.com\/hu\/wp-json\/wp\/v2\/types\/product"}],"replies":[{"embeddable":true,"href":"https:\/\/chemgramx.com\/hu\/wp-json\/wp\/v2\/comments?post=6430"}],"wp:featuredmedia":[{"embeddable":true,"href":"https:\/\/chemgramx.com\/hu\/wp-json\/wp\/v2\/media\/6469"}],"wp:attachment":[{"href":"https:\/\/chemgramx.com\/hu\/wp-json\/wp\/v2\/media?parent=6430"}],"wp:term":[{"taxonomy":"product_brand","embeddable":true,"href":"https:\/\/chemgramx.com\/hu\/wp-json\/wp\/v2\/product_brand?post=6430"},{"taxonomy":"product_cat","embeddable":true,"href":"https:\/\/chemgramx.com\/hu\/wp-json\/wp\/v2\/product_cat?post=6430"},{"taxonomy":"product_tag","embeddable":true,"href":"https:\/\/chemgramx.com\/hu\/wp-json\/wp\/v2\/product_tag?post=6430"}],"curies":[{"name":"wp","href":"https:\/\/api.w.org\/{rel}","templated":true}]}}