{"id":6431,"date":"2025-11-21T11:05:21","date_gmt":"2025-11-21T11:05:21","guid":{"rendered":"https:\/\/chemgramx.com\/?post_type=product&#038;p=6431"},"modified":"2025-11-21T11:06:23","modified_gmt":"2025-11-21T11:06:23","slug":"vasarolni-mipt-fumarat","status":"publish","type":"product","link":"https:\/\/chemgramx.com\/hu\/product\/mipt-fumarate-kaufen\/","title":{"rendered":"V\u00e1s\u00e1roljon MiPT Fumarate"},"content":{"rendered":"<p><b>MiPT Fumar\u00e1t (N-metil-N-izopropil-triptamin)<\/b> egy speci\u00e1lis kutat\u00e1si vegyi anyag, amely a k\u00f6vetkez\u0151 alapvet\u0151 oszt\u00e1lyba tartozik <b>Triptamin-sz\u00e1rmaz\u00e9kok<\/b> tartozik. Ez az anyag a <b>Fumar\u00e1t s\u00f3 forma<\/b> \u00e9s <b>kiz\u00e1r\u00f3lag<\/b> szigor\u00faan ellen\u0151rz\u00f6tt laborat\u00f3riumi k\u00f6rnyezetben v\u00e9gzett tudom\u00e1nyos kutat\u00e1sokhoz tervezt\u00e9k. A fumar\u00e1t forma v\u00e1laszt\u00e1sa a k\u00f6vetkez\u0151ket k\u00edn\u00e1lja <b>Jobb stabilit\u00e1s \u00e9s eltarthat\u00f3s\u00e1g<\/b> a szabad b\u00e1zissal vagy m\u00e1s s\u00f3kkal \u00f6sszehasonl\u00edtva, ami a hossz\u00fa t\u00e1v\u00fa kutat\u00e1si projektek megb\u00edzhat\u00f3s\u00e1ga szempontj\u00e1b\u00f3l kulcsfontoss\u00e1g\u00fa. Ezenk\u00edv\u00fcl a nagy tisztas\u00e1g\u00fa (<span class=\"math-inline\" data-math=\"mathbf{ge 98%}\">$mathbf{ge 98%}$<\/span>) \u00e9s a pontos molekulat\u00f6meg biztos\u00edtja az analitikai \u00e9s farmakol\u00f3giai k\u00eds\u00e9rletek reproduk\u00e1lhat\u00f3s\u00e1g\u00e1t. K\u00f6vetkez\u00e9sk\u00e9ppen a MiPT Fumarate beszerz\u00e9se \u00e9s kezel\u00e9se <b>a legszigor\u00fabb biztons\u00e1gi, etikai \u00e9s jogi protokollok<\/b>.<\/p>\n<h2>A fumar\u00e1t forma k\u00e9miai szerkezete \u00e9s stabilit\u00e1si el\u0151nyei<\/h2>\n<p>A k\u00e9miai n\u00e9v <b>N-metil-N-izopropil-triptamin-fumar\u00e1t<\/b> meghat\u00e1rozza ennek az N-alkilezett triptaminnak a pontos konfigur\u00e1ci\u00f3j\u00e1t. Ennek a szerkezetnek \u00e9s a s\u00f3forma el\u0151nyeinek meg\u00e9rt\u00e9se a laborat\u00f3riumi alkalmaz\u00e1sok szempontj\u00e1b\u00f3l kiemelked\u0151 fontoss\u00e1g\u00fa.<\/p>\n<h3>Aszimmetrikus N-alkilez\u00e9s \u00e9s farmakokinetika<\/h3>\n<p>Mint <b>Indol-alkilamin-sz\u00e1rmaz\u00e9k<\/b> A MiPT az endog\u00e9n neurotranszmitter szerotonin szerkezeti anal\u00f3gja (<span class=\"math-inline\" data-math=\"mathbf{5-HT}\">$mathbf{5-HT}$<\/span>). Ez a szerkezeti hasonl\u00f3s\u00e1g az els\u0151dleges alapja a neurofarmakol\u00f3giai vizsg\u00e1lat\u00e1nak. M\u00e1sr\u00e9szt a <b>aszimmetrikus N-alkilez\u00e9s<\/b> az aminocsoporton egy metil- \u00e9s egy izopropilcsoporttal k\u00f6zponti jelent\u0151s\u00e9g\u0171 a vegy\u00fclet farmakokinetikai tulajdons\u00e1gai \u00e9s receptoraffinit\u00e1sa szempontj\u00e1b\u00f3l. K\u00fcl\u00f6n\u00f6sen a <b>T\u00f6m\u00f6r izopropil marad\u00e9k<\/b> a <b>Lipof\u00edlia<\/b> \u00e9s az anyag metabolikus sorsa. Ez\u00e9rt ezeknek az aszimmetrikus N-helyettes\u00edt\u00e9seknek a hat\u00e1s\u00e1t a <b>Szerkezet-tev\u00e9kenys\u00e9g-\u00f6sszef\u00fcgg\u00e9s kutat\u00e1s (SAR)<\/b> intenz\u00edven vizsg\u00e1lj\u00e1k a biol\u00f3giai hat\u00e1s molekul\u00e1ris meghat\u00e1roz\u00f3inak felt\u00e9rk\u00e9pez\u00e9se \u00e9rdek\u00e9ben.<\/p>\n<h3>Fumar\u00e1t s\u00f3 \u00e9s analitikai pontoss\u00e1g<\/h3>\n<p>A <b>Fumar\u00e1t s\u00f3<\/b> gyakori \u00e9s kedvelt gyakorlat a k\u00e9miai kutat\u00e1sban. Ez annak k\u00f6sz\u00f6nhet\u0151, hogy a fumar\u00e1tok gyakran <b>Jobb krist\u00e1lyos stabilit\u00e1s<\/b> \u00e9s egy <b><a href=\"\/product\/1b-lsd-125mcg-blotters-kaufen\/\">als\u00f3<\/a> Nedvess\u00e9gfelv\u00e9tel (higroszk\u00f3poss\u00e1g)<\/b> mint m\u00e1s s\u00f3form\u00e1k vagy szabad b\u00e1zisok. Ez a tulajdons\u00e1g d\u00f6nt\u0151 fontoss\u00e1g\u00fa a hossz\u00fa t\u00e1v\u00fa t\u00e1rol\u00e1s sor\u00e1n az aj\u00e1nlott sz\u00e1raz \u00e9s h\u0171v\u00f6s k\u00f6r\u00fclm\u00e9nyek k\u00f6z\u00f6tt az anyag k\u00e9miai integrit\u00e1s\u00e1nak biztos\u00edt\u00e1sa \u00e9rdek\u00e9ben. V\u00e9g\u00fcl <b>MiPT Fumar\u00e1tok<\/b> mint <b>krist\u00e1lyos por<\/b> \u00e9s <b>m\u00e9rs\u00e9kelten old\u00f3dik v\u00edzben<\/b>, amely megk\u00f6nny\u00edti az egyszer\u0171 gy\u00e1rt\u00e1st <b>vizes t\u00f6rzsoldatok<\/b> a legt\u00f6bb biol\u00f3giai vizsg\u00e1lathoz \u00e9s analitikai elj\u00e1r\u00e1shoz.<\/p>\n<h2>Kutat\u00e1si alkalmaz\u00e1sok \u00e9s szab\u00e1lyoz\u00e1si megfelel\u00e9s<\/h2>\n<p>A MiPT-fumar\u00e1t a neurofarmakol\u00f3gia fontos modellrendszerek\u00e9nt szolg\u00e1l a triptamin-sz\u00e1rmaz\u00e9kok monoamin-rendszerekre gyakorolt hat\u00e1smechanizmusainak felt\u00e1r\u00e1s\u00e1hoz.<\/p>\n<h3>Jelent\u0151s\u00e9g a szerotoninreceptor-kutat\u00e1s szempontj\u00e1b\u00f3l<\/h3>\n<p>A f\u0151 alkalmaz\u00e1si ter\u00fclet a k\u00f6vetkez\u0151k vizsg\u00e1lata <b>K\u00f6t\u00e9si affinit\u00e1sok<\/b> \u00e9s <b>funkcion\u00e1lis tev\u00e9kenys\u00e9gek<\/b> a MiPT-t\u0151l a <a href=\"\/product\/black-gold-hash-kaufen\/\">k\u00fcl\u00f6nb\u00f6z\u0151<\/a> Szerotonin receptor alt\u00edpusok. Ez a kutat\u00e1s seg\u00edt meg\u00e9rteni a k\u00e9miai szerkezet \u00e9s a biol\u00f3giai hat\u00e1s k\u00f6z\u00f6tti kapcsolatot. Ezen t\u00falmen\u0151en a vegy\u00fcletet szubsztr\u00e1tk\u00e9nt haszn\u00e1lj\u00e1k a k\u00f6vetkez\u0151kben <b>Anyagcsere-vizsg\u00e1latok<\/b> haszn\u00e1lj\u00e1k. Ez mag\u00e1ban foglalja a biok\u00e9miai lebont\u00e1si utak felt\u00e9rk\u00e9pez\u00e9s\u00e9t \u00e9s a m\u00e9regtelen\u00edt\u0151 enzimek (pl. citokr\u00f3m P450) szerep\u00e9t. Ez a tud\u00e1s <b>Alapvet\u0151 a farmakokinetik\u00e1hoz<\/b> \u00e9s a potenci\u00e1lis metabolitok aktivit\u00e1s\u00e1nak el\u0151rejelz\u00e9se.<\/p>\n<h3>Szigor\u00fa biztons\u00e1gi protokollok sz\u00fcks\u00e9gess\u00e9ge<\/h3>\n<p>A potenci\u00e1lis farmakol\u00f3giai aktivit\u00e1s \u00e9s a kutat\u00e1si vegyi anyagk\u00e9nt val\u00f3 besorol\u00e1s miatt a kezel\u00e9st a legszigor\u00fabb biztons\u00e1gi el\u0151\u00edr\u00e1soknak megfelel\u0151en kell v\u00e9gezni. <b>Laborat\u00f3riumi biztons\u00e1gi el\u0151\u00edr\u00e1sok<\/b> ker\u00fcl sor.<\/p>\n<ul>\n<li>A krist\u00e1lyos por kezel\u00e9se k\u00f6telez\u0151en megk\u00f6veteli a <b>Szem\u00e9lyi v\u00e9d\u0151felszerel\u00e9s (PPE)<\/b>, laborat\u00f3riumi k\u00f6peny, keszty\u0171 \u00e9s v\u00e9d\u0151szem\u00fcveg.<\/li>\n<li>A munka egy <b>K\u00e9miai f\u00fcstg\u00e1zszekr\u00e9ny<\/b> k\u00f6telez\u0151 a bel\u00e9gz\u00e9s \u00fatj\u00e1n t\u00f6rt\u00e9n\u0151 expoz\u00edci\u00f3 elker\u00fcl\u00e9se \u00e9rdek\u00e9ben.<\/li>\n<li>A mell\u00e9kelt <b>Elemz\u00e9si bizony\u00edtv\u00e1nyok<\/b> nem csak a min\u0151s\u00e9g bizony\u00edt\u00e9ka, hanem k\u00f6telez\u0151 a <b>Dokument\u00e1ci\u00f3s k\u00f6telezetts\u00e9g<\/b> a <b>GLP-konform kutat\u00e1s<\/b> sz\u00fcks\u00e9ges.<\/li>\n<\/ul>\n<h2>T\u00e1rol\u00e1si \u00e9s szab\u00e1lyoz\u00e1si k\u00f6vetelm\u00e9nyek<\/h2>\n<p>Az anyag stabilit\u00e1s\u00e1nak biztos\u00edt\u00e1s\u00e1hoz elengedhetetlen a megfelel\u0151 t\u00e1rol\u00e1s. Az \u00f6sszes helyi \u00e9s nemzeti jogszab\u00e1ly betart\u00e1sa k\u00f6telez\u0151.<\/p>\n<h3>Optim\u00e1lis t\u00e1rol\u00e1si felt\u00e9telek<\/h3>\n<ul>\n<li><b>H\u0151m\u00e9rs\u00e9klet:<\/b> Az optim\u00e1lis hossz\u00fa t\u00e1v\u00fa t\u00e1rol\u00e1s a k\u00f6vetkez\u0151 h\u0151m\u00e9rs\u00e9kleten t\u00f6rt\u00e9nik <b>-20\u00b0C (fagyaszt\u00f3)<\/b>.<\/li>\n<li><b>Hangulat:<\/b> A  c\u00edmen. <b>Inert g\u00e1z atmoszf\u00e9ra<\/b> (argon\/nitrog\u00e9n).<\/li>\n<li><b>F\u00e9nyv\u00e9delem:<\/b> S\u00f6t\u00e9t, \u00e1tl\u00e1tszatlan ed\u00e9nyekben.<\/li>\n<li><b>Kont\u00e9ner:<\/b> Szorosan lez\u00e1rt \u00e9s egy\u00e9rtelm\u0171en felc\u00edmk\u00e9zett.<\/li>\n<\/ul>\n<h2>Megrendel\u00e9si k\u00f6vetelm\u00e9nyek \u00e9s jogi figyelmeztet\u00e9s<\/h2>\n<p>E speci\u00e1lis kutat\u00e1si vegyszer beszerz\u00e9se csak ellen\u0151rz\u00f6tt tudom\u00e1nyos int\u00e9zm\u00e9nyekben lehets\u00e9ges.<\/p>\n<p><b>A kutat\u00f3int\u00e9zetek sz\u00e1m\u00e1ra rendelkez\u00e9sre \u00e1ll\u00f3 mennyis\u00e9gek:<\/b><\/p>\n<ul>\n<li>Kutat\u00e1si minta: 10g<\/li>\n<li>Kis mennyis\u00e9g: 25g<\/li>\n<li>Standard mennyis\u00e9g: 50g<\/li>\n<li>T\u00f6meges mennyis\u00e9g: 100g<\/li>\n<\/ul>\n<h2><b>Jogi k\u00f6zlem\u00e9ny - Szigor\u00fa megfelel\u00e9s:<\/b><\/h2>\n<p>Ez a term\u00e9k <b>kiz\u00e1r\u00f3lag tudom\u00e1nyos kutat\u00e1si c\u00e9lokra<\/b> meghat\u00e1rozva. A vev\u0151 a v\u00e1s\u00e1rl\u00e1ssal visszavonhatatlanul meger\u0151s\u00edti a <b>Kiz\u00e1r\u00f3lag jogi kutat\u00e1si k\u00f6rnyezetben haszn\u00e1lhat\u00f3<\/b>amely <b>Az \u00f6sszes alkalmazand\u00f3 t\u00f6rv\u00e9ny \u00e9s rendelet betart\u00e1sa<\/b>amely <b>Megfelel\u0151 biztons\u00e1gi int\u00e9zked\u00e9sek v\u00e9grehajt\u00e1sa<\/b> \u00e9s a <b>Enged\u00e9ly n\u00e9lk\u00fcli haszn\u00e1lat tilalma<\/b>.<\/p>","protected":false},"excerpt":{"rendered":"<p>V\u00e1s\u00e1roljon MiPT Fumarate: N-metil-N-izopropil-triptamin fumar\u00e1t form\u00e1ban tudom\u00e1nyos kutat\u00e1si c\u00e9lokra. Nagy tisztas\u00e1g\u00fa min\u0151s\u00e9g, analitikai tan\u00fas\u00edtv\u00e1nnyal. Kiz\u00e1r\u00f3lag min\u0151s\u00edtett kutat\u00e1si szervezetek sz\u00e1m\u00e1ra.<\/p>","protected":false},"featured_media":6470,"comment_status":"open","ping_status":"closed","template":"","meta":{"_joinchat":[]},"product_brand":[],"product_cat":[54],"product_tag":[],"class_list":{"0":"post-6431","1":"product","2":"type-product","3":"status-publish","4":"has-post-thumbnail","6":"product_cat-tryptamines","8":"first","9":"instock","10":"shipping-taxable","11":"purchasable","12":"product-type-variable"},"yoast_head":"<!-- This site is optimized with the Yoast SEO plugin v27.5 - https:\/\/yoast.com\/product\/yoast-seo-wordpress\/ -->\n<title>MiPT Fumarate Kaufen | N-methyl-N-isopropyltryptamine- Chemgramx<\/title>\n<meta name=\"description\" content=\"MiPT Fumarate kaufen - N-methyl-N-isopropyltryptamine f\u00fcr wissenschaftliche Forschung. Hochrein, laborgepr\u00fcft. Ausschlie\u00dflich f\u00fcr Forschungszwecke.\" \/>\n<meta name=\"robots\" content=\"index, follow, max-snippet:-1, max-image-preview:large, max-video-preview:-1\" \/>\n<link rel=\"canonical\" href=\"https:\/\/chemgramx.com\/hu\/termek-1\/vasarolni-mipt-fumarat\/\" \/>\n<meta property=\"og:locale\" content=\"hu_HU\" \/>\n<meta property=\"og:type\" content=\"article\" \/>\n<meta property=\"og:title\" content=\"MiPT Fumarate Kaufen | N-methyl-N-isopropyltryptamine- Chemgramx\" \/>\n<meta property=\"og:description\" content=\"MiPT Fumarate kaufen - N-methyl-N-isopropyltryptamine f\u00fcr wissenschaftliche Forschung. Hochrein, laborgepr\u00fcft. Ausschlie\u00dflich f\u00fcr Forschungszwecke.\" \/>\n<meta property=\"og:url\" content=\"https:\/\/chemgramx.com\/hu\/termek-1\/vasarolni-mipt-fumarat\/\" \/>\n<meta property=\"og:site_name\" content=\"Chemgramx\" \/>\n<meta property=\"article:modified_time\" content=\"2025-11-21T11:06:23+00:00\" \/>\n<meta property=\"og:image\" content=\"https:\/\/chemgramx.com\/wp-content\/uploads\/2025\/11\/buy-mipt-fumarate-n-methyl-n-isopropyltryptamine-chem-store-online.png\" \/>\n\t<meta property=\"og:image:width\" content=\"618\" \/>\n\t<meta property=\"og:image:height\" content=\"389\" \/>\n\t<meta property=\"og:image:type\" content=\"image\/png\" \/>\n<meta name=\"twitter:card\" content=\"summary_large_image\" \/>\n<meta name=\"twitter:label1\" content=\"Becs\u00fclt olvas\u00e1si id\u0151\" \/>\n\t<meta name=\"twitter:data1\" content=\"3 perc\" \/>\n<script type=\"application\/ld+json\" class=\"yoast-schema-graph\">{\"@context\":\"https:\\\/\\\/schema.org\",\"@graph\":[{\"@type\":\"WebPage\",\"@id\":\"https:\\\/\\\/chemgramx.com\\\/product\\\/mipt-fumarate-kaufen\\\/\",\"url\":\"https:\\\/\\\/chemgramx.com\\\/product\\\/mipt-fumarate-kaufen\\\/\",\"name\":\"MiPT Fumarate Kaufen | N-methyl-N-isopropyltryptamine- Chemgramx\",\"isPartOf\":{\"@id\":\"https:\\\/\\\/chemgramx.com\\\/#website\"},\"primaryImageOfPage\":{\"@id\":\"https:\\\/\\\/chemgramx.com\\\/product\\\/mipt-fumarate-kaufen\\\/#primaryimage\"},\"image\":{\"@id\":\"https:\\\/\\\/chemgramx.com\\\/product\\\/mipt-fumarate-kaufen\\\/#primaryimage\"},\"thumbnailUrl\":\"https:\\\/\\\/chemgramx.com\\\/wp-content\\\/uploads\\\/2025\\\/11\\\/buy-mipt-fumarate-n-methyl-n-isopropyltryptamine-chem-store-online.png\",\"datePublished\":\"2025-11-21T11:05:21+00:00\",\"dateModified\":\"2025-11-21T11:06:23+00:00\",\"description\":\"MiPT Fumarate kaufen - N-methyl-N-isopropyltryptamine f\u00fcr wissenschaftliche Forschung. Hochrein, laborgepr\u00fcft. Ausschlie\u00dflich f\u00fcr Forschungszwecke.\",\"breadcrumb\":{\"@id\":\"https:\\\/\\\/chemgramx.com\\\/product\\\/mipt-fumarate-kaufen\\\/#breadcrumb\"},\"inLanguage\":\"hu\",\"potentialAction\":[{\"@type\":\"ReadAction\",\"target\":[\"https:\\\/\\\/chemgramx.com\\\/product\\\/mipt-fumarate-kaufen\\\/\"]}]},{\"@type\":\"ImageObject\",\"inLanguage\":\"hu\",\"@id\":\"https:\\\/\\\/chemgramx.com\\\/product\\\/mipt-fumarate-kaufen\\\/#primaryimage\",\"url\":\"https:\\\/\\\/chemgramx.com\\\/wp-content\\\/uploads\\\/2025\\\/11\\\/buy-mipt-fumarate-n-methyl-n-isopropyltryptamine-chem-store-online.png\",\"contentUrl\":\"https:\\\/\\\/chemgramx.com\\\/wp-content\\\/uploads\\\/2025\\\/11\\\/buy-mipt-fumarate-n-methyl-n-isopropyltryptamine-chem-store-online.png\",\"width\":618,\"height\":389},{\"@type\":\"BreadcrumbList\",\"@id\":\"https:\\\/\\\/chemgramx.com\\\/product\\\/mipt-fumarate-kaufen\\\/#breadcrumb\",\"itemListElement\":[{\"@type\":\"ListItem\",\"position\":1,\"name\":\"Home\",\"item\":\"https:\\\/\\\/chemgramx.com\\\/\"},{\"@type\":\"ListItem\",\"position\":2,\"name\":\"Shop\",\"item\":\"https:\\\/\\\/chemgramx.com\\\/shop\\\/\"},{\"@type\":\"ListItem\",\"position\":3,\"name\":\"MiPT Fumarate kaufen\"}]},{\"@type\":\"WebSite\",\"@id\":\"https:\\\/\\\/chemgramx.com\\\/#website\",\"url\":\"https:\\\/\\\/chemgramx.com\\\/\",\"name\":\"Chemgramx\",\"description\":\"\",\"publisher\":{\"@id\":\"https:\\\/\\\/chemgramx.com\\\/#organization\"},\"potentialAction\":[{\"@type\":\"SearchAction\",\"target\":{\"@type\":\"EntryPoint\",\"urlTemplate\":\"https:\\\/\\\/chemgramx.com\\\/?s={search_term_string}\"},\"query-input\":{\"@type\":\"PropertyValueSpecification\",\"valueRequired\":true,\"valueName\":\"search_term_string\"}}],\"inLanguage\":\"hu\"},{\"@type\":\"Organization\",\"@id\":\"https:\\\/\\\/chemgramx.com\\\/#organization\",\"name\":\"Chemgramx\",\"url\":\"https:\\\/\\\/chemgramx.com\\\/\",\"logo\":{\"@type\":\"ImageObject\",\"inLanguage\":\"hu\",\"@id\":\"https:\\\/\\\/chemgramx.com\\\/#\\\/schema\\\/logo\\\/image\\\/\",\"url\":\"https:\\\/\\\/chemgramx.com\\\/wp-content\\\/uploads\\\/2024\\\/10\\\/final-logo.png\",\"contentUrl\":\"https:\\\/\\\/chemgramx.com\\\/wp-content\\\/uploads\\\/2024\\\/10\\\/final-logo.png\",\"width\":250,\"height\":48,\"caption\":\"Chemgramx\"},\"image\":{\"@id\":\"https:\\\/\\\/chemgramx.com\\\/#\\\/schema\\\/logo\\\/image\\\/\"}}]}<\/script>\n<!-- \/ Yoast SEO plugin. -->","yoast_head_json":{"title":"V\u00e1s\u00e1rl\u00e1s MiPT Fumarate | N-metil-N-izopropil-triptamin- Chemgramx","description":"V\u00e1s\u00e1roljon MiPT Fumarate - N-metil-N-izopropil-triptamin tudom\u00e1nyos kutat\u00e1shoz. Nagy tisztas\u00e1g\u00fa, laborat\u00f3riumban tesztelt. Kiz\u00e1r\u00f3lag kutat\u00e1si c\u00e9lokra.","robots":{"index":"index","follow":"follow","max-snippet":"max-snippet:-1","max-image-preview":"max-image-preview:large","max-video-preview":"max-video-preview:-1"},"canonical":"https:\/\/chemgramx.com\/hu\/termek-1\/vasarolni-mipt-fumarat\/","og_locale":"hu_HU","og_type":"article","og_title":"MiPT Fumarate Kaufen | N-methyl-N-isopropyltryptamine- Chemgramx","og_description":"MiPT Fumarate kaufen - N-methyl-N-isopropyltryptamine f\u00fcr wissenschaftliche Forschung. Hochrein, laborgepr\u00fcft. Ausschlie\u00dflich f\u00fcr Forschungszwecke.","og_url":"https:\/\/chemgramx.com\/hu\/termek-1\/vasarolni-mipt-fumarat\/","og_site_name":"Chemgramx","article_modified_time":"2025-11-21T11:06:23+00:00","og_image":[{"width":618,"height":389,"url":"https:\/\/chemgramx.com\/wp-content\/uploads\/2025\/11\/buy-mipt-fumarate-n-methyl-n-isopropyltryptamine-chem-store-online.png","type":"image\/png"}],"twitter_card":"summary_large_image","twitter_misc":{"Becs\u00fclt olvas\u00e1si id\u0151":"3 perc"},"schema":{"@context":"https:\/\/schema.org","@graph":[{"@type":"WebPage","@id":"https:\/\/chemgramx.com\/product\/mipt-fumarate-kaufen\/","url":"https:\/\/chemgramx.com\/product\/mipt-fumarate-kaufen\/","name":"V\u00e1s\u00e1rl\u00e1s MiPT Fumarate | N-metil-N-izopropil-triptamin- Chemgramx","isPartOf":{"@id":"https:\/\/chemgramx.com\/#website"},"primaryImageOfPage":{"@id":"https:\/\/chemgramx.com\/product\/mipt-fumarate-kaufen\/#primaryimage"},"image":{"@id":"https:\/\/chemgramx.com\/product\/mipt-fumarate-kaufen\/#primaryimage"},"thumbnailUrl":"https:\/\/chemgramx.com\/wp-content\/uploads\/2025\/11\/buy-mipt-fumarate-n-methyl-n-isopropyltryptamine-chem-store-online.png","datePublished":"2025-11-21T11:05:21+00:00","dateModified":"2025-11-21T11:06:23+00:00","description":"V\u00e1s\u00e1roljon MiPT Fumarate - N-metil-N-izopropil-triptamin tudom\u00e1nyos kutat\u00e1shoz. Nagy tisztas\u00e1g\u00fa, laborat\u00f3riumban tesztelt. Kiz\u00e1r\u00f3lag kutat\u00e1si c\u00e9lokra.","breadcrumb":{"@id":"https:\/\/chemgramx.com\/product\/mipt-fumarate-kaufen\/#breadcrumb"},"inLanguage":"hu","potentialAction":[{"@type":"ReadAction","target":["https:\/\/chemgramx.com\/product\/mipt-fumarate-kaufen\/"]}]},{"@type":"ImageObject","inLanguage":"hu","@id":"https:\/\/chemgramx.com\/product\/mipt-fumarate-kaufen\/#primaryimage","url":"https:\/\/chemgramx.com\/wp-content\/uploads\/2025\/11\/buy-mipt-fumarate-n-methyl-n-isopropyltryptamine-chem-store-online.png","contentUrl":"https:\/\/chemgramx.com\/wp-content\/uploads\/2025\/11\/buy-mipt-fumarate-n-methyl-n-isopropyltryptamine-chem-store-online.png","width":618,"height":389},{"@type":"BreadcrumbList","@id":"https:\/\/chemgramx.com\/product\/mipt-fumarate-kaufen\/#breadcrumb","itemListElement":[{"@type":"ListItem","position":1,"name":"Home","item":"https:\/\/chemgramx.com\/"},{"@type":"ListItem","position":2,"name":"Shop","item":"https:\/\/chemgramx.com\/shop\/"},{"@type":"ListItem","position":3,"name":"MiPT Fumarate kaufen"}]},{"@type":"WebSite","@id":"https:\/\/chemgramx.com\/#website","url":"https:\/\/chemgramx.com\/","name":"Chemgramx","description":"","publisher":{"@id":"https:\/\/chemgramx.com\/#organization"},"potentialAction":[{"@type":"SearchAction","target":{"@type":"EntryPoint","urlTemplate":"https:\/\/chemgramx.com\/?s={search_term_string}"},"query-input":{"@type":"PropertyValueSpecification","valueRequired":true,"valueName":"search_term_string"}}],"inLanguage":"hu"},{"@type":"Organization","@id":"https:\/\/chemgramx.com\/#organization","name":"Chemgramx","url":"https:\/\/chemgramx.com\/","logo":{"@type":"ImageObject","inLanguage":"hu","@id":"https:\/\/chemgramx.com\/#\/schema\/logo\/image\/","url":"https:\/\/chemgramx.com\/wp-content\/uploads\/2024\/10\/final-logo.png","contentUrl":"https:\/\/chemgramx.com\/wp-content\/uploads\/2024\/10\/final-logo.png","width":250,"height":48,"caption":"Chemgramx"},"image":{"@id":"https:\/\/chemgramx.com\/#\/schema\/logo\/image\/"}}]}},"_links":{"self":[{"href":"https:\/\/chemgramx.com\/hu\/wp-json\/wp\/v2\/product\/6431","targetHints":{"allow":["GET"]}}],"collection":[{"href":"https:\/\/chemgramx.com\/hu\/wp-json\/wp\/v2\/product"}],"about":[{"href":"https:\/\/chemgramx.com\/hu\/wp-json\/wp\/v2\/types\/product"}],"replies":[{"embeddable":true,"href":"https:\/\/chemgramx.com\/hu\/wp-json\/wp\/v2\/comments?post=6431"}],"wp:featuredmedia":[{"embeddable":true,"href":"https:\/\/chemgramx.com\/hu\/wp-json\/wp\/v2\/media\/6470"}],"wp:attachment":[{"href":"https:\/\/chemgramx.com\/hu\/wp-json\/wp\/v2\/media?parent=6431"}],"wp:term":[{"taxonomy":"product_brand","embeddable":true,"href":"https:\/\/chemgramx.com\/hu\/wp-json\/wp\/v2\/product_brand?post=6431"},{"taxonomy":"product_cat","embeddable":true,"href":"https:\/\/chemgramx.com\/hu\/wp-json\/wp\/v2\/product_cat?post=6431"},{"taxonomy":"product_tag","embeddable":true,"href":"https:\/\/chemgramx.com\/hu\/wp-json\/wp\/v2\/product_tag?post=6431"}],"curies":[{"name":"wp","href":"https:\/\/api.w.org\/{rel}","templated":true}]}}