{"id":6554,"date":"2025-11-21T11:06:35","date_gmt":"2025-11-21T11:06:35","guid":{"rendered":"https:\/\/chemgramx.com\/?post_type=product&#038;p=6554"},"modified":"2025-11-21T11:07:28","modified_gmt":"2025-11-21T11:07:28","slug":"vasaroljon-u-49900-online","status":"publish","type":"product","link":"https:\/\/chemgramx.com\/hu\/product\/u-49900-online-kaufen\/","title":{"rendered":"U-49900 online v\u00e1s\u00e1rl\u00e1sa"},"content":{"rendered":"<p data-start=\"476\" data-end=\"977\">Az U-49900 egy szintetikus k\u00e9miai vegy\u00fclet, amelyet farmakol\u00f3giai \u00e9s toxikol\u00f3giai kutat\u00e1sok keret\u00e9ben vizsg\u00e1lnak. Ez egyike az \u00fan. <strong data-start=\"636\" data-end=\"654\">Opioid anal\u00f3gok<\/strong> \u00e9s eredetileg a szintetikus molekul\u00e1k \u00e9s az opioidreceptorok k\u00f6lcs\u00f6nhat\u00e1s\u00e1nak jobb meg\u00e9rt\u00e9s\u00e9re fejlesztett\u00e9k ki. Az ismert anyagokkal, p\u00e9ld\u00e1ul az U-47700-zal vagy a fentanillal val\u00f3 szerkezeti hasonl\u00f3s\u00e1ga miatt az U-49900 sz\u00e1mos vizsg\u00e1lat t\u00e1rgy\u00e1t k\u00e9pezte a receptor-affinit\u00e1ssal, a potenci\u00e1lis toxicit\u00e1ssal \u00e9s az anyagcser\u00e9vel kapcsolatban.<\/p>\n<p data-start=\"979\" data-end=\"1266\">Tudom\u00e1nyos szempontb\u00f3l az ilyen molekul\u00e1k kutat\u00e1sa \u00e9rt\u00e9kes adatokat szolg\u00e1ltat az al\u00e1bbiakr\u00f3l <strong data-start=\"1069\" data-end=\"1117\">molekul\u00e1ris <a href=\"\/product\/impvp-online-kaufen\/\">Mechanizmusok<\/a> f\u00e1jdalom modul\u00e1ci\u00f3<\/strong> \u00e9s az opioidhat\u00e1s biok\u00e9miai alapjait. A hangs\u00faly nem a klinikai felhaszn\u00e1l\u00e1son, hanem a tiszta alapkutat\u00e1son van.<\/p>\n<h2 data-start=\"1273\" data-end=\"1322\">K\u00e9miai \u00e9s farmakol\u00f3giai tulajdons\u00e1gok<\/h2>\n<p data-start=\"1324\" data-end=\"1668\">Az U-49900 a k\u00f6vetkez\u0151 csoportba tartozik <strong data-start=\"1354\" data-end=\"1392\">difeniletilamin-alap\u00fa opioidok<\/strong>. Jellemz\u0151j\u00fck a \u00b5-opioid receptorokhoz val\u00f3 nagyfok\u00fa k\u00f6t\u0151d\u00e9si affinit\u00e1s, amelyek a f\u00e1jdalomcsillap\u00edt\u00f3 hat\u00e1sok\u00e9rt felel\u0151sek. A laborat\u00f3riumi elemz\u00e9sek sor\u00e1n ezeket a molekul\u00e1kat a receptorok aktiv\u00e1l\u00e1s\u00e1t, hat\u00e9konys\u00e1g\u00e1t \u00e9s szelektivit\u00e1s\u00e1t befoly\u00e1sol\u00f3 szerkezetek \u00f6sszehasonl\u00edt\u00e1s\u00e1ra haszn\u00e1lj\u00e1k.<\/p>\n<p data-start=\"1670\" data-end=\"1977\">Farmakol\u00f3giai jelent\u0151s\u00e9ge abban rejlik, hogy, <strong data-start=\"1728\" data-end=\"1757\">Hat\u00e1s-strukt\u00fara kapcsolatok<\/strong> a j\u00f6v\u0151beni f\u00e1jdalomcsillap\u00edt\u00f3k c\u00e9lzottabb \u00e9s biztons\u00e1gosabb kifejleszt\u00e9se \u00e9rdek\u00e9ben. Az anyagnak azonban van egy <strong data-start=\"1872\" data-end=\"1902\">Tiszt\u00e1zatlan biztons\u00e1gi profil<\/strong> \u00e9s ez\u00e9rt kiz\u00e1r\u00f3lag preklinikai kutat\u00e1si c\u00e9lokra sz\u00e1nt\u00e1k.<\/p>\n<h2 data-start=\"1984\" data-end=\"2019\">Tipikus kutat\u00e1si alkalmaz\u00e1sok<\/h2>\n<p data-start=\"2021\" data-end=\"2140\">Az U-49900-t els\u0151sorban analitikai \u00e9s farmakol\u00f3giai laborat\u00f3riumokban haszn\u00e1lj\u00e1k. A k\u00f6vetkez\u0151k elemz\u00e9s\u00e9re haszn\u00e1lj\u00e1k:<\/p>\n<ul data-start=\"2142\" data-end=\"2363\">\n<li data-start=\"2142\" data-end=\"2193\">\n<p data-start=\"2144\" data-end=\"2193\">Receptor-k\u00f6t\u00e9si affinit\u00e1s \u00e9s jel\u00e1tvitel<\/p>\n<\/li>\n<li data-start=\"2194\" data-end=\"2250\">\n<p data-start=\"2196\" data-end=\"2250\">\u00d6sszehasonl\u00edt\u00f3 vizsg\u00e1latok m\u00e1s szintetikus opioidokkal<\/p>\n<\/li>\n<li data-start=\"2251\" data-end=\"2296\">\n<p data-start=\"2253\" data-end=\"2296\">T\u00f6rv\u00e9nysz\u00e9ki kimutat\u00e1si m\u00f3dszerek fejleszt\u00e9se<\/p>\n<\/li>\n<li data-start=\"2297\" data-end=\"2363\">\n<p data-start=\"2299\" data-end=\"2363\">Toxikol\u00f3giai profilelemz\u00e9sek a preklinikai vizsg\u00e1latok keret\u00e9ben<\/p>\n<\/li>\n<\/ul>\n<p data-start=\"2365\" data-end=\"2526\">Ezek a kutat\u00e1si megk\u00f6zel\u00edt\u00e9sek seg\u00edtenek meg\u00e9rteni a szintetikus opioidok kock\u00e1zatait \u00e9s molekul\u00e1ris mechanizmusait, \u00e9s jav\u00edtj\u00e1k a j\u00f6v\u0151beli biztons\u00e1gi el\u0151\u00edr\u00e1sokat.<\/p>\n<h2 data-start=\"2533\" data-end=\"2575\">Biztons\u00e1gi ir\u00e1nyelvek \u00e9s kezel\u00e9s<\/h2>\n<p data-start=\"2577\" data-end=\"2745\">Mivel az U-49900 egy rendk\u00edv\u00fcl er\u0151s vegy\u00fclet, kezel\u00e9s\u00e9n\u00e9l nagy k\u00f6r\u00fcltekint\u00e9ssel kell elj\u00e1rni. A munk\u00e1t csak a k\u00f6vetkez\u0151 helyeken szabad v\u00e9gezni <strong data-start=\"2699\" data-end=\"2733\"><a href=\"\/product\/d-tertylone-online-kaufen\/\">hiteles\u00edtett<\/a> Laborat\u00f3riumi k\u00f6rnyezetek<\/strong> ker\u00fcl sor.<\/p>\n<p data-start=\"2747\" data-end=\"2790\">Az aj\u00e1nlott biztons\u00e1gi int\u00e9zked\u00e9sek k\u00f6z\u00e9 tartoznak:<\/p>\n<ul data-start=\"2791\" data-end=\"3042\">\n<li data-start=\"2791\" data-end=\"2861\">\n<p data-start=\"2793\" data-end=\"2861\">Szem\u00e9lyi v\u00e9d\u0151felszerel\u00e9s (keszty\u0171, l\u00e9gz\u00e9sv\u00e9d\u0151, laborat\u00f3riumi k\u00f6peny)<\/p>\n<\/li>\n<li data-start=\"2862\" data-end=\"2924\">\n<p data-start=\"2864\" data-end=\"2924\">Vegyszeres szekr\u00e9nyek vagy z\u00e1rt rendszerek haszn\u00e1lata<\/p>\n<\/li>\n<li data-start=\"2925\" data-end=\"2980\">\n<p data-start=\"2927\" data-end=\"2980\">Az \u00f6sszes munkafolyamat \u00e9s anyag dokument\u00e1l\u00e1sa<\/p>\n<\/li>\n<li data-start=\"2981\" data-end=\"3042\">\n<p data-start=\"2983\" data-end=\"3042\">Biztons\u00e1gos t\u00e1rol\u00e1s z\u00e1rt, felc\u00edmk\u00e9zett t\u00e1rol\u00f3ed\u00e9nyekben<\/p>\n<\/li>\n<\/ul>\n<p data-start=\"3044\" data-end=\"3211\">Az ezen ir\u00e1nyelveknek val\u00f3 megfelel\u00e9s megv\u00e9di a kutat\u00f3kat a v\u00e9letlen expoz\u00edci\u00f3t\u00f3l, \u00e9s biztos\u00edtja, hogy a laborat\u00f3riumi folyamatok nyomon k\u00f6vethet\u0151 \u00e9s megfelel\u0151 m\u00f3don t\u00f6rt\u00e9njenek.<\/p>\n<h2 data-start=\"3218\" data-end=\"3254\">Min\u0151s\u00e9gbiztos\u00edt\u00e1s \u00e9s analitika<\/h2>\n<p data-start=\"3256\" data-end=\"3444\">A tudom\u00e1nyos \u00e9rv\u00e9nyess\u00e9ghez elengedhetetlenek a magas min\u0151s\u00e9gi el\u0151\u00edr\u00e1sok. Minden egyes laborat\u00f3riumi mint\u00e1t f\u00fcggetlen elemz\u00e9sekkel kell ellen\u0151rizni.<br data-start=\"3400\" data-end=\"3403\" \/>Gyakori vizsg\u00e1lati dokumentumok a k\u00f6vetkez\u0151k<\/p>\n<ul data-start=\"3446\" data-end=\"3668\">\n<li data-start=\"3446\" data-end=\"3515\">\n<p data-start=\"3448\" data-end=\"3515\"><strong data-start=\"3448\" data-end=\"3482\">COA (elemz\u00e9si tan\u00fas\u00edtv\u00e1ny):<\/strong> Bizony\u00edtja az azonoss\u00e1got \u00e9s a tisztas\u00e1got.<\/p>\n<\/li>\n<li data-start=\"3516\" data-end=\"3588\">\n<p data-start=\"3518\" data-end=\"3588\"><strong data-start=\"3518\" data-end=\"3531\">MSDS\/SDS:<\/strong> A kezel\u00e9sre \u00e9s \u00e1rtalmatlan\u00edt\u00e1sra vonatkoz\u00f3 biztons\u00e1gi adatokat tartalmaz.<\/p>\n<\/li>\n<li data-start=\"3589\" data-end=\"3668\">\n<p data-start=\"3591\" data-end=\"3668\"><strong data-start=\"3591\" data-end=\"3627\">HPLC, GC\/MS \u00e9s NMR elemz\u00e9sek:<\/strong> Az analitikai pontoss\u00e1g biztos\u00edt\u00e1sa.<\/p>\n<\/li>\n<\/ul>\n<p data-start=\"3670\" data-end=\"3780\">Csak e tesztelt anyagok haszn\u00e1lat\u00e1val lehet reproduk\u00e1lhat\u00f3 kutat\u00e1si eredm\u00e9nyeket el\u00e9rni.<\/p>\n<h2 data-start=\"3670\" data-end=\"3780\">Jogi \u00e9s etikai keret<\/h2>\n<p data-start=\"3826\" data-end=\"4160\">Az U-49900 jogi besorol\u00e1sa orsz\u00e1gonk\u00e9nt elt\u00e9r\u0151. N\u00e9metorsz\u00e1gban \u00e9s Eur\u00f3pa nagy r\u00e9sz\u00e9n az anyag a k\u00f6vetkez\u0151 kateg\u00f3ri\u00e1ba tartozik <strong data-start=\"3953\" data-end=\"4004\">a k\u00e1b\u00edt\u00f3szert\u00f6rv\u00e9ny anal\u00f3g szab\u00e1lyai<\/strong>, amely tiltja a termel\u00e9st, a kereskedelmet \u00e9s az enged\u00e9ly n\u00e9lk\u00fcli birtokl\u00e1st. Az Egyes\u00fclt \u00c1llamokban \u00e9s Kanad\u00e1ban gyakran haszn\u00e1lj\u00e1k <strong data-start=\"4119\" data-end=\"4146\">vez\u00e9relt anal\u00f3g<\/strong> kategoriz\u00e1lva.<\/p>\n<p data-start=\"4162\" data-end=\"4481\">A kutat\u00f3knak ez\u00e9rt minden projekt megkezd\u00e9se el\u0151tt t\u00e1j\u00e9koz\u00f3dniuk kell a k\u00f6vetkez\u0151kr\u0151l <strong data-start=\"4238\" data-end=\"4315\">nemzeti jogszab\u00e1lyok, int\u00e9zm\u00e9nyi enged\u00e9lyek \u00e9s etikai ir\u00e1nymutat\u00e1sok<\/strong> inform. Csak az egy\u00e9rtelm\u0171en meghat\u00e1rozott jogi keretek k\u00f6z\u00f6tt v\u00e9gzett munka garant\u00e1lja a biztons\u00e1got, a nyomon k\u00f6vethet\u0151s\u00e9get \u00e9s a tudom\u00e1nyos felel\u0151ss\u00e9get.<\/p>\n<h2 data-start=\"4488\" data-end=\"4498\">K\u00f6vetkeztet\u00e9s<\/h2>\n<p data-start=\"4500\" data-end=\"4900\">Az U-49900 fontos kutat\u00e1si anyag, amelyet a preklinikai farmakol\u00f3gi\u00e1ban a k\u00f6vetkez\u0151k vizsg\u00e1lat\u00e1ra haszn\u00e1lnak <strong data-start=\"4605\" data-end=\"4637\">Opioid receptor k\u00f6lcs\u00f6nhat\u00e1sok<\/strong> szolg\u00e1l. Nagy hat\u00e9konys\u00e1ga \u00e9s korl\u00e1tozott adatai fontos, ugyanakkor \u00e9rz\u00e9keny vizsg\u00e1lati t\u00e1rgy\u00e1v\u00e1 teszik. Az anyagot csak ellen\u0151rz\u00f6tt laborat\u00f3riumokban, szigor\u00fa biztons\u00e1gi \u00e9s dokument\u00e1ci\u00f3s k\u00f6vetelm\u00e9nyek mellett lehet felhaszn\u00e1lni.<\/p>\n<p data-start=\"4902\" data-end=\"5181\">Az U-49900 kutat\u00e1sai hozz\u00e1j\u00e1rulnak a szintetikus opioidok hat\u00e1smechanizmus\u00e1nak meg\u00e9rt\u00e9s\u00e9hez, \u00e9s hossz\u00fa t\u00e1von seg\u00edthetnek, <strong data-start=\"5039\" data-end=\"5069\">\u00faj, biztons\u00e1gosabb f\u00e1jdalomcsillap\u00edt\u00f3k<\/strong> fejl\u0151dni. A felel\u0151ss\u00e9gteljes, \u00e1tl\u00e1that\u00f3 \u00e9s a jogszab\u00e1lyoknak megfelel\u0151 megk\u00f6zel\u00edt\u00e9s kulcsfontoss\u00e1g\u00fa.<\/p>","protected":false},"excerpt":{"rendered":"<p><strong>U-49900<\/strong> kiv\u00e1l\u00f3 min\u0151s\u00e9g\u0171 szintetikus vegy\u00fclet, amely ide\u00e1lis a tudom\u00e1nyos kutat\u00e1shoz. Kiv\u00e9teles tisztas\u00e1g\u00e1val \u00e9s stabilit\u00e1s\u00e1val t\u00e1mogatja a farmakol\u00f3giai tulajdons\u00e1gok \u00e9s molekul\u00e1ris k\u00f6lcs\u00f6nhat\u00e1sok kutat\u00e1s\u00e1t. T\u00f6k\u00e9letes laborat\u00f3riumi alkalmaz\u00e1sokhoz, emberi fogyaszt\u00e1sra nem enged\u00e9lyezett.<\/p>","protected":false},"featured_media":6591,"comment_status":"open","ping_status":"closed","template":"","meta":{"_joinchat":[]},"product_brand":[],"product_cat":[1800],"product_tag":[2182,2210,2218,2216,2217,2211,2215,2213,2214,2212],"class_list":{"0":"post-6554","1":"product","2":"type-product","3":"status-publish","4":"has-post-thumbnail","6":"product_cat-sedatives","7":"product_tag-synthetische-chemikalien","8":"product_tag-u-49900","9":"product_tag-u-49900-chemikalien","10":"product_tag-u-49900-forschung","11":"product_tag-u-49900-fur-forschung","12":"product_tag-u-49900-kaufen","13":"product_tag-u-49900-kristalle","14":"product_tag-u-49900-online","15":"product_tag-u-49900-pulver","16":"product_tag-u-49900-zum-verkauf","18":"first","19":"instock","20":"shipping-taxable","21":"purchasable","22":"product-type-variable"},"yoast_head":"<!-- This site is optimized with the Yoast SEO plugin v27.5 - https:\/\/yoast.com\/product\/yoast-seo-wordpress\/ -->\n<title>U-49900 | Premium-Chemikalie f\u00fcr anspruchsvolle<\/title>\n<meta name=\"description\" content=\"Erforschen Sie mit U-49900 eine pr\u00e4zise synthetische Verbindung f\u00fcr Laborstudien. H\u00f6chste Reinheit und Stabilit\u00e4t. Nur f\u00fcr wissenschaftliche Zwecke entwickelt.\" \/>\n<meta name=\"robots\" content=\"index, follow, max-snippet:-1, max-image-preview:large, max-video-preview:-1\" \/>\n<link rel=\"canonical\" href=\"https:\/\/chemgramx.com\/hu\/termek-1\/vasaroljon-u-49900-online\/\" \/>\n<meta property=\"og:locale\" content=\"hu_HU\" \/>\n<meta property=\"og:type\" content=\"article\" \/>\n<meta property=\"og:title\" content=\"U-49900 | Premium-Chemikalie f\u00fcr anspruchsvolle\" \/>\n<meta property=\"og:description\" content=\"Erforschen Sie mit U-49900 eine pr\u00e4zise synthetische Verbindung f\u00fcr Laborstudien. H\u00f6chste Reinheit und Stabilit\u00e4t. Nur f\u00fcr wissenschaftliche Zwecke entwickelt.\" \/>\n<meta property=\"og:url\" content=\"https:\/\/chemgramx.com\/hu\/termek-1\/vasaroljon-u-49900-online\/\" \/>\n<meta property=\"og:site_name\" content=\"Chemgramx\" \/>\n<meta property=\"article:modified_time\" content=\"2025-11-21T11:07:28+00:00\" \/>\n<meta property=\"og:image\" content=\"https:\/\/chemgramx.com\/wp-content\/uploads\/2025\/11\/u49900.png\" \/>\n\t<meta property=\"og:image:width\" content=\"600\" \/>\n\t<meta property=\"og:image:height\" content=\"400\" \/>\n\t<meta property=\"og:image:type\" content=\"image\/png\" \/>\n<meta name=\"twitter:card\" content=\"summary_large_image\" \/>\n<meta name=\"twitter:label1\" content=\"Becs\u00fclt olvas\u00e1si id\u0151\" \/>\n\t<meta name=\"twitter:data1\" content=\"3 perc\" \/>\n<script type=\"application\/ld+json\" class=\"yoast-schema-graph\">{\"@context\":\"https:\\\/\\\/schema.org\",\"@graph\":[{\"@type\":\"WebPage\",\"@id\":\"https:\\\/\\\/chemgramx.com\\\/product\\\/u-49900-online-kaufen\\\/\",\"url\":\"https:\\\/\\\/chemgramx.com\\\/product\\\/u-49900-online-kaufen\\\/\",\"name\":\"U-49900 | Premium-Chemikalie f\u00fcr anspruchsvolle\",\"isPartOf\":{\"@id\":\"https:\\\/\\\/chemgramx.com\\\/#website\"},\"primaryImageOfPage\":{\"@id\":\"https:\\\/\\\/chemgramx.com\\\/product\\\/u-49900-online-kaufen\\\/#primaryimage\"},\"image\":{\"@id\":\"https:\\\/\\\/chemgramx.com\\\/product\\\/u-49900-online-kaufen\\\/#primaryimage\"},\"thumbnailUrl\":\"https:\\\/\\\/chemgramx.com\\\/wp-content\\\/uploads\\\/2025\\\/11\\\/u49900.png\",\"datePublished\":\"2025-11-21T11:06:35+00:00\",\"dateModified\":\"2025-11-21T11:07:28+00:00\",\"description\":\"Erforschen Sie mit U-49900 eine pr\u00e4zise synthetische Verbindung f\u00fcr Laborstudien. H\u00f6chste Reinheit und Stabilit\u00e4t. Nur f\u00fcr wissenschaftliche Zwecke entwickelt.\",\"breadcrumb\":{\"@id\":\"https:\\\/\\\/chemgramx.com\\\/product\\\/u-49900-online-kaufen\\\/#breadcrumb\"},\"inLanguage\":\"hu\",\"potentialAction\":[{\"@type\":\"ReadAction\",\"target\":[\"https:\\\/\\\/chemgramx.com\\\/product\\\/u-49900-online-kaufen\\\/\"]}]},{\"@type\":\"ImageObject\",\"inLanguage\":\"hu\",\"@id\":\"https:\\\/\\\/chemgramx.com\\\/product\\\/u-49900-online-kaufen\\\/#primaryimage\",\"url\":\"https:\\\/\\\/chemgramx.com\\\/wp-content\\\/uploads\\\/2025\\\/11\\\/u49900.png\",\"contentUrl\":\"https:\\\/\\\/chemgramx.com\\\/wp-content\\\/uploads\\\/2025\\\/11\\\/u49900.png\",\"width\":600,\"height\":400},{\"@type\":\"BreadcrumbList\",\"@id\":\"https:\\\/\\\/chemgramx.com\\\/product\\\/u-49900-online-kaufen\\\/#breadcrumb\",\"itemListElement\":[{\"@type\":\"ListItem\",\"position\":1,\"name\":\"Home\",\"item\":\"https:\\\/\\\/chemgramx.com\\\/\"},{\"@type\":\"ListItem\",\"position\":2,\"name\":\"Shop\",\"item\":\"https:\\\/\\\/chemgramx.com\\\/shop\\\/\"},{\"@type\":\"ListItem\",\"position\":3,\"name\":\"U-49900 online kaufen\"}]},{\"@type\":\"WebSite\",\"@id\":\"https:\\\/\\\/chemgramx.com\\\/#website\",\"url\":\"https:\\\/\\\/chemgramx.com\\\/\",\"name\":\"Chemgramx\",\"description\":\"\",\"publisher\":{\"@id\":\"https:\\\/\\\/chemgramx.com\\\/#organization\"},\"potentialAction\":[{\"@type\":\"SearchAction\",\"target\":{\"@type\":\"EntryPoint\",\"urlTemplate\":\"https:\\\/\\\/chemgramx.com\\\/?s={search_term_string}\"},\"query-input\":{\"@type\":\"PropertyValueSpecification\",\"valueRequired\":true,\"valueName\":\"search_term_string\"}}],\"inLanguage\":\"hu\"},{\"@type\":\"Organization\",\"@id\":\"https:\\\/\\\/chemgramx.com\\\/#organization\",\"name\":\"Chemgramx\",\"url\":\"https:\\\/\\\/chemgramx.com\\\/\",\"logo\":{\"@type\":\"ImageObject\",\"inLanguage\":\"hu\",\"@id\":\"https:\\\/\\\/chemgramx.com\\\/#\\\/schema\\\/logo\\\/image\\\/\",\"url\":\"https:\\\/\\\/chemgramx.com\\\/wp-content\\\/uploads\\\/2024\\\/10\\\/final-logo.png\",\"contentUrl\":\"https:\\\/\\\/chemgramx.com\\\/wp-content\\\/uploads\\\/2024\\\/10\\\/final-logo.png\",\"width\":250,\"height\":48,\"caption\":\"Chemgramx\"},\"image\":{\"@id\":\"https:\\\/\\\/chemgramx.com\\\/#\\\/schema\\\/logo\\\/image\\\/\"}}]}<\/script>\n<!-- \/ Yoast SEO plugin. -->","yoast_head_json":{"title":"U-49900 | Pr\u00e9mium vegyszer ig\u00e9nyes felhaszn\u00e1l\u00e1sra","description":"Fedezzen fel egy prec\u00edz szintetikus vegy\u00fcletet laborat\u00f3riumi vizsg\u00e1latokhoz U-49900 felhaszn\u00e1l\u00e1s\u00e1val. Legnagyobb tisztas\u00e1g \u00e9s stabilit\u00e1s. Kiz\u00e1r\u00f3lag tudom\u00e1nyos felhaszn\u00e1l\u00e1sra fejlesztett\u00e9k ki.","robots":{"index":"index","follow":"follow","max-snippet":"max-snippet:-1","max-image-preview":"max-image-preview:large","max-video-preview":"max-video-preview:-1"},"canonical":"https:\/\/chemgramx.com\/hu\/termek-1\/vasaroljon-u-49900-online\/","og_locale":"hu_HU","og_type":"article","og_title":"U-49900 | Premium-Chemikalie f\u00fcr anspruchsvolle","og_description":"Erforschen Sie mit U-49900 eine pr\u00e4zise synthetische Verbindung f\u00fcr Laborstudien. H\u00f6chste Reinheit und Stabilit\u00e4t. Nur f\u00fcr wissenschaftliche Zwecke entwickelt.","og_url":"https:\/\/chemgramx.com\/hu\/termek-1\/vasaroljon-u-49900-online\/","og_site_name":"Chemgramx","article_modified_time":"2025-11-21T11:07:28+00:00","og_image":[{"width":600,"height":400,"url":"https:\/\/chemgramx.com\/wp-content\/uploads\/2025\/11\/u49900.png","type":"image\/png"}],"twitter_card":"summary_large_image","twitter_misc":{"Becs\u00fclt olvas\u00e1si id\u0151":"3 perc"},"schema":{"@context":"https:\/\/schema.org","@graph":[{"@type":"WebPage","@id":"https:\/\/chemgramx.com\/product\/u-49900-online-kaufen\/","url":"https:\/\/chemgramx.com\/product\/u-49900-online-kaufen\/","name":"U-49900 | Pr\u00e9mium vegyszer ig\u00e9nyes felhaszn\u00e1l\u00e1sra","isPartOf":{"@id":"https:\/\/chemgramx.com\/#website"},"primaryImageOfPage":{"@id":"https:\/\/chemgramx.com\/product\/u-49900-online-kaufen\/#primaryimage"},"image":{"@id":"https:\/\/chemgramx.com\/product\/u-49900-online-kaufen\/#primaryimage"},"thumbnailUrl":"https:\/\/chemgramx.com\/wp-content\/uploads\/2025\/11\/u49900.png","datePublished":"2025-11-21T11:06:35+00:00","dateModified":"2025-11-21T11:07:28+00:00","description":"Fedezzen fel egy prec\u00edz szintetikus vegy\u00fcletet laborat\u00f3riumi vizsg\u00e1latokhoz U-49900 felhaszn\u00e1l\u00e1s\u00e1val. Legnagyobb tisztas\u00e1g \u00e9s stabilit\u00e1s. Kiz\u00e1r\u00f3lag tudom\u00e1nyos felhaszn\u00e1l\u00e1sra fejlesztett\u00e9k ki.","breadcrumb":{"@id":"https:\/\/chemgramx.com\/product\/u-49900-online-kaufen\/#breadcrumb"},"inLanguage":"hu","potentialAction":[{"@type":"ReadAction","target":["https:\/\/chemgramx.com\/product\/u-49900-online-kaufen\/"]}]},{"@type":"ImageObject","inLanguage":"hu","@id":"https:\/\/chemgramx.com\/product\/u-49900-online-kaufen\/#primaryimage","url":"https:\/\/chemgramx.com\/wp-content\/uploads\/2025\/11\/u49900.png","contentUrl":"https:\/\/chemgramx.com\/wp-content\/uploads\/2025\/11\/u49900.png","width":600,"height":400},{"@type":"BreadcrumbList","@id":"https:\/\/chemgramx.com\/product\/u-49900-online-kaufen\/#breadcrumb","itemListElement":[{"@type":"ListItem","position":1,"name":"Home","item":"https:\/\/chemgramx.com\/"},{"@type":"ListItem","position":2,"name":"Shop","item":"https:\/\/chemgramx.com\/shop\/"},{"@type":"ListItem","position":3,"name":"U-49900 online kaufen"}]},{"@type":"WebSite","@id":"https:\/\/chemgramx.com\/#website","url":"https:\/\/chemgramx.com\/","name":"Chemgramx","description":"","publisher":{"@id":"https:\/\/chemgramx.com\/#organization"},"potentialAction":[{"@type":"SearchAction","target":{"@type":"EntryPoint","urlTemplate":"https:\/\/chemgramx.com\/?s={search_term_string}"},"query-input":{"@type":"PropertyValueSpecification","valueRequired":true,"valueName":"search_term_string"}}],"inLanguage":"hu"},{"@type":"Organization","@id":"https:\/\/chemgramx.com\/#organization","name":"Chemgramx","url":"https:\/\/chemgramx.com\/","logo":{"@type":"ImageObject","inLanguage":"hu","@id":"https:\/\/chemgramx.com\/#\/schema\/logo\/image\/","url":"https:\/\/chemgramx.com\/wp-content\/uploads\/2024\/10\/final-logo.png","contentUrl":"https:\/\/chemgramx.com\/wp-content\/uploads\/2024\/10\/final-logo.png","width":250,"height":48,"caption":"Chemgramx"},"image":{"@id":"https:\/\/chemgramx.com\/#\/schema\/logo\/image\/"}}]}},"_links":{"self":[{"href":"https:\/\/chemgramx.com\/hu\/wp-json\/wp\/v2\/product\/6554","targetHints":{"allow":["GET"]}}],"collection":[{"href":"https:\/\/chemgramx.com\/hu\/wp-json\/wp\/v2\/product"}],"about":[{"href":"https:\/\/chemgramx.com\/hu\/wp-json\/wp\/v2\/types\/product"}],"replies":[{"embeddable":true,"href":"https:\/\/chemgramx.com\/hu\/wp-json\/wp\/v2\/comments?post=6554"}],"wp:featuredmedia":[{"embeddable":true,"href":"https:\/\/chemgramx.com\/hu\/wp-json\/wp\/v2\/media\/6591"}],"wp:attachment":[{"href":"https:\/\/chemgramx.com\/hu\/wp-json\/wp\/v2\/media?parent=6554"}],"wp:term":[{"taxonomy":"product_brand","embeddable":true,"href":"https:\/\/chemgramx.com\/hu\/wp-json\/wp\/v2\/product_brand?post=6554"},{"taxonomy":"product_cat","embeddable":true,"href":"https:\/\/chemgramx.com\/hu\/wp-json\/wp\/v2\/product_cat?post=6554"},{"taxonomy":"product_tag","embeddable":true,"href":"https:\/\/chemgramx.com\/hu\/wp-json\/wp\/v2\/product_tag?post=6554"}],"curies":[{"name":"wp","href":"https:\/\/api.w.org\/{rel}","templated":true}]}}