{"id":6557,"date":"2025-11-21T11:06:35","date_gmt":"2025-11-21T11:06:35","guid":{"rendered":"https:\/\/chemgramx.com\/?post_type=product&#038;p=6557"},"modified":"2025-11-21T11:07:57","modified_gmt":"2025-11-21T11:07:57","slug":"4f-pentedrone-online-rendeles","status":"publish","type":"product","link":"https:\/\/chemgramx.com\/hu\/product\/4f-pentedrone-online-bestellung\/","title":{"rendered":"4F-Pentedrone Online rendel\u00e9s"},"content":{"rendered":"<p><span class=\"\">A kutat\u00e1si anyagok k\u00e9miai t\u00e1jk\u00e9pe folyamatosan fejl\u0151dik,<\/span><span class=\"\"> \u00e9s <\/span><a href=\"\/product\/4f-pentedrone-online-kaufen\/\"><b class=\"\">F-Pentedron<\/b><\/a><span class=\"\"> (4-fluoropentedron) az idegtudom\u00e1nyok \u00e9s a neurobiol\u00f3gia k\u00f6zponti vizsg\u00e1lati t\u00e1rgy\u00e1v\u00e1 v\u00e1lt.<\/span><b class=\"\">4<\/b><span class=\"\">\u00a0A pszichofarmakol\u00f3gia megalapozott.<\/span><span class=\"\"> A tud\u00f3sok a pentedron fluorozott sz\u00e1rmaz\u00e9kak\u00e9nt haszn\u00e1lj\u00e1k,<\/span><span class=\"\"> pontos adatok megszerz\u00e9se a <\/span><b class=\"\">neurok\u00e9miai tulajdons\u00e1gok<\/b><span class=\"\"> \u00e9s a k\u00f6zponti idegrendszerrel val\u00f3 k\u00f6lcs\u00f6nhat\u00e1sok.<\/span><span class=\"\"> Az anyag jelent\u0151s\u00e9ge az analitik\u00e1ban \u00e9s a toxikol\u00f3gi\u00e1ban fokozza a keresletet,<\/span><span class=\"\"> ez\u00e9rt az olyan keres\u00e9si lek\u00e9rdez\u00e9sek, mint a <\/span><b class=\"\">4F-Pentedron online v\u00e1s\u00e1rl\u00e1sa<\/b><span class=\"\"> \u00e9s az \u00e1tl\u00e1that\u00f3s\u00e1g keres\u00e9se <\/span><b class=\"\">4F-Pentedrone \u00c1r<\/b><span class=\"\"> egyre gyakoribb\u00e1 v\u00e1lnak.<\/span><span class=\"\"> A laborat\u00f3riumok \u00e9s kutat\u00f3int\u00e9zetek sz\u00e1m\u00e1ra a v\u00e1laszt\u00e1s a <\/span><b class=\"\">A legjobb hely a 4F-Pentedron megv\u00e1s\u00e1rl\u00e1s\u00e1ra<\/b><span class=\"\"> d\u00f6nt\u0151,<\/span><span class=\"\"> tudom\u00e1nyos munk\u00e1juk integrit\u00e1s\u00e1nak biztos\u00edt\u00e1sa \u00e9rdek\u00e9ben.<\/span><\/p>\n<h2 class=\"\"><b>Milyen t\u00edpus\u00fa gy\u00f3gyszer a 4F-pentadrone? K\u00e9miai szerkezet \u00e9s jelent\u0151s\u00e9ge<\/b><\/h2>\n<p><b class=\"\">4F-Pentedron<\/b><span class=\"\"> egy szintetikus katinon,<\/span><span class=\"\"> amely a stimul\u00e1nsok csoportj\u00e1ba tartozik.<\/span><span class=\"\"> Molekulaszerkezete szorosan a Pentedron mint\u00e1j\u00e1ra k\u00e9sz\u00fclt,<\/span><span class=\"\"> de egy d\u00f6nt\u0151 m\u00f3dos\u00edt\u00e1ssal:<\/span><span class=\"\"> a bevezet\u00e9se <\/span><b class=\"\">Fluor atom<\/b><span class=\"\"> a fenilgy\u0171r\u0171 negyedik poz\u00edci\u00f3j\u00e1ban.<\/span><\/p>\n<h3 class=\"\"><b>K\u00e9miai oszt\u00e1lyoz\u00e1s \u00e9s m\u0171k\u00f6d\u00e9si m\u00f3d<\/b><\/h3>\n<ul>\n<li><b class=\"\">K\u00e9miai oszt\u00e1ly:<\/b><span class=\"\"> Szintetikus katinon,<\/span><span class=\"\"> a<\/span><span class=\"math-inline\" data-math=\"beta\">b\u00e9ta<\/span><span class=\"\">Fenetilaminok ketosz\u00e1rmaz\u00e9kai.<\/span><span class=\"\"> IUPAC-neve 1-(4-fluorofenil)-2-(metilamino)pent\u00e1n-1-on.<\/span><\/li>\n<li><b class=\"\">Hat\u00e1smechanizmus:<\/b><span class=\"\"> A nem fluorozott rokonaihoz hasonl\u00f3an a 4F-pentadron is els\u0151sorban <\/span><b class=\"\">Monoamin \u00fajrafelv\u00e9tel g\u00e1tl\u00f3k (MRI)<\/b><span class=\"\">.<\/span><span class=\"\"> G\u00e1tolja az olyan neurotranszmitterek visszav\u00e9tel\u00e9t, mint a <\/span><b class=\"\">Dopamin<\/b><span class=\"\"> \u00e9s <\/span><b class=\"\">Noradrenalin<\/b><span class=\"\"> \u00e9s kisebb m\u00e9rt\u00e9kben a szerotonin.<\/span><span class=\"\"> Preklinikai kontextusban ez a g\u00e1tl\u00e1s e h\u00edrviv\u0151 anyagok megn\u00f6vekedett koncentr\u00e1ci\u00f3j\u00e1hoz vezet a szinaptikus r\u00e9sben,<\/span><span class=\"\"> ami kiv\u00e1ltja a stimul\u00e1l\u00f3 hat\u00e1st.<\/span><\/li>\n<li><b class=\"\">A fluoroz\u00e1s szerepe:<\/b><span class=\"\"> A bevezet\u00e9se a kis,<\/span><span class=\"\"> Az er\u0151sen elektronegat\u00edv fluoratomok szerves molekul\u00e1kba t\u00f6rt\u00e9n\u0151 be\u00e9p\u00edt\u00e9se gyakori strat\u00e9gia a gy\u00f3gyszerk\u00e9mi\u00e1ban.<\/span><span class=\"\"> A 4F pentadron eset\u00e9ben a fluoroz\u00e1s a k\u00f6vetkez\u0151kre k\u00e9pes <\/span><b class=\"\">Zs\u00edrold\u00e9konys\u00e1g (lipofilit\u00e1s)<\/b><span class=\"\"> a molekula \u00e9s annak <\/span><b class=\"\">Anyagcsere-stabilit\u00e1s<\/b><span class=\"\"> v\u00e1ltoz\u00e1s.<\/span><span class=\"\"> Ez lehet <\/span><b class=\"\">Biol\u00f3giai hozz\u00e1f\u00e9rhet\u0151s\u00e9g<\/b><span class=\"\"> \u00e9s lass\u00edtj\u00e1k a m\u00e1jban t\u00f6rt\u00e9n\u0151 metaboliz\u00e1ci\u00f3t (anyagcser\u00e9t),<\/span><span class=\"\"> ami befoly\u00e1solhatja a hat\u00e1s id\u0151tartam\u00e1t.<\/span><span class=\"\"> A kutat\u00f3k ezeket a konkr\u00e9t k\u00fcl\u00f6nbs\u00e9geket vizsg\u00e1lj\u00e1k a Pentedronhoz k\u00e9pest,<\/span><span class=\"\"> a farmakol\u00f3giai profil pontosabb meghat\u00e1roz\u00e1sa \u00e9rdek\u00e9ben.<\/span><\/li>\n<\/ul>\n<h3 class=\"\"><b>Kutat\u00e1si jelent\u0151s\u00e9g az idegtudom\u00e1nyok \u00e9s a toxikol\u00f3gia ter\u00fclet\u00e9n<\/b><\/h3>\n<p><span class=\"\">A 4F pentadront intenz\u00edven haszn\u00e1lj\u00e1k a kutat\u00e1sban,<\/span><span class=\"\"> hogy m\u00e9lyebb betekint\u00e9st nyerj\u00fcnk a neuron\u00e1lis k\u00f6lcs\u00f6nhat\u00e1sokba.<\/span><\/p>\n<ul>\n<li><b class=\"\">Viselked\u00e9si tanulm\u00e1nyok:<\/b><span class=\"\"> Az anyag lehet\u0151v\u00e9 teszi a kutat\u00f3k sz\u00e1m\u00e1ra, hogy \u00e1llatmodellekben tanulm\u00e1nyozz\u00e1k a fluoroz\u00e1s viselked\u00e9sre \u00e9s ment\u00e1lis \u00e1llapotokra gyakorolt hat\u00e1s\u00e1t,<\/span><span class=\"\"> amely hozz\u00e1j\u00e1rul az ismeretek b\u0151v\u00edt\u00e9s\u00e9hez a k\u00f6vetkez\u0151 ter\u00fcleteken <\/span><b class=\"\">Pszichofarmakol\u00f3gia<\/b><span class=\"\"> hozz\u00e1j\u00e1rul.<\/span><\/li>\n<li><b class=\"\">Analitikai \u00e9s t\u00f6rv\u00e9nysz\u00e9ki kutat\u00e1s:<\/b><span class=\"\"> A 4F-Pentedron fontos szerepet j\u00e1tszik <\/span><b class=\"\">Referenciaszabv\u00e1ny<\/b><span class=\"\"> t\u00f6rv\u00e9nysz\u00e9ki \u00e9s toxikol\u00f3giai laborat\u00f3riumok sz\u00e1m\u00e1ra.<\/span><span class=\"\"> Az anyagnak egy\u00e9rtelm\u0171en azonos\u00edthat\u00f3nak kell lennie,<\/span><span class=\"\"> vegyes m\u00e9rgez\u00e9sek eset\u00e9n (mint p\u00e9ld\u00e1ul a katinonok, p\u00e9ld\u00e1ul a pentedron \u00e9s a <\/span><span class=\"\">-PVP), vagy a mint\u00e1k jellemz\u00e9sekor gyors \u00e9s megb\u00edzhat\u00f3 elemz\u00e9st tesz lehet\u0151v\u00e9.<\/span><\/li>\n<li><b class=\"\">Anyagcsere-vizsg\u00e1latok:<\/b><span class=\"\"> A kutat\u00f3laborat\u00f3riumok kihaszn\u00e1l\u00e1sa <\/span><b class=\"\">4F-Pentedron<\/b><span class=\"\"> a <\/span><b class=\"\">Metabolitok<\/b><span class=\"\"> azonos\u00edtani.<\/span><span class=\"\"> Ez kulcsfontoss\u00e1g\u00fa,<\/span><span class=\"\"> mivel egyes boml\u00e1sterm\u00e9kek (metabolitok) maguk is pszichoakt\u00edvak vagy potenci\u00e1lisan toxikusak lehetnek.<\/span><\/li>\n<\/ul>\n<h2 class=\"\"><b>Az online v\u00e1s\u00e1rl\u00e1sok piaca \u00e9s min\u0151s\u00e9gbiztos\u00edt\u00e1sa<\/b><\/h2>\n<p><span class=\"\">A 4F-Pentedron speci\u00e1lis online platformokon kereszt\u00fcl t\u00f6rt\u00e9n\u0151 el\u00e9rhet\u0151s\u00e9ge megk\u00f6nny\u00edtette a kutat\u00f3laborat\u00f3riumok sz\u00e1m\u00e1ra a beszerz\u00e9st.<\/span><span class=\"\"> Mindazon\u00e1ltal a piac,<\/span><span class=\"\"> mint minden \u00faj pszichoakt\u00edv anyag (NPS) eset\u00e9ben,<\/span><span class=\"\"> \u00e9rz\u00e9kenyek a hamis\u00edt\u00e1sra \u00e9s a szennyez\u0151d\u00e9sre.<\/span><\/p>\n<h3 class=\"\"><b>Aj\u00e1nlatok \u00e9s f\u0151bb jellemz\u0151k<\/b><\/h3>\n<ul>\n<li><b class=\"\">K\u00e9miai elemz\u00e9s:<\/b><span class=\"\"> A laborat\u00f3riumok a 4F-Pentedront analitikai m\u00f3dszerek valid\u00e1l\u00e1s\u00e1ra \u00e9s fejleszt\u00e9s\u00e9re haszn\u00e1lhatj\u00e1k (pl.<\/span><span class=\"\">B.<\/span><span class=\"\"> HPLC-QTOF-MS).<\/span><\/li>\n<li><b class=\"\">El\u00e9rhet\u0151s\u00e9g \u00e9s k\u00f6lts\u00e9gek:<\/b><span class=\"\"> T\u00f6bb keresked\u0151 <\/span><b class=\"\">listen 4F-Pentedrone elad\u00f3<\/b><span class=\"\">,<\/span><span class=\"\"> ahol a laborat\u00f3riumok elm\u00e9letileg <\/span><b class=\"\">V\u00e1s\u00e1roljon 4F-Pentedron-t olcs\u00f3n online<\/b><span class=\"\"> lehet.<\/span><\/li>\n<li><b class=\"\">Komolys\u00e1g:<\/b><span class=\"\"> Wer <\/span><b class=\"\">V\u00e1s\u00e1roljon val\u00f3di vagy hamis\u00edtott 4F pentadront<\/b><span class=\"\"> szeretne,<\/span><span class=\"\"> figyelmet kell ford\u00edtania a szolg\u00e1ltat\u00f3kra,<\/span><span class=\"\"> amelyek \u00e1tl\u00e1that\u00f3 min\u0151s\u00e9gbiztos\u00edt\u00e1si \u00e9s \u00e1rk\u00e9pz\u00e9si strukt\u00far\u00e1val rendelkeznek.<\/span><span class=\"\"> A <\/span><b class=\"\">4F-Pentedrone \u00c1r<\/b><span class=\"\"> mindig a <\/span><b class=\"\">garant\u00e1lt tisztas\u00e1g<\/b><span class=\"\"> l\u00e1that\u00f3.<\/span><\/li>\n<\/ul>\n<h3 class=\"\"><b>A legjobb hely kiv\u00e1laszt\u00e1sa a v\u00e1s\u00e1rl\u00e1shoz<\/b><\/h3>\n<p><span class=\"\">A kritikus k\u00fcl\u00f6nbs\u00e9gt\u00e9tel a k\u00f6vetkez\u0151k k\u00f6z\u00f6tt <\/span><b class=\"\">val\u00f3di vagy hamis\u00edtott 4F-Pentedron<\/b><span class=\"\"> alapvet\u0151.<\/span><span class=\"\"> Egy komoly v\u00e1s\u00e1rl\u00e1si folyamathoz sz\u00fcks\u00e9ges:<\/span><\/p>\n<ul>\n<li><b>Tisztas\u00e1gi bizony\u00edtv\u00e1nyok (COA):<\/b> Csak olyan term\u00e9keket v\u00e1s\u00e1roljon, amelyek <b>f\u00fcggetlen laborat\u00f3riumok<\/b> NMR, GC-MS vagy HPLC seg\u00edts\u00e9g\u00e9vel hat\u00e1rozz\u00e1k meg <b>k\u00e9miai identit\u00e1s<\/b> \u00e9s <b>Tisztas\u00e1g<\/b> tesztelt\u00e9k.<\/li>\n<li><b>\u00c1tl\u00e1that\u00f3 keresked\u0151k:<\/b> A <b>A legjobb hely a 4F-Pentedron megv\u00e1s\u00e1rl\u00e1s\u00e1ra<\/b> olyan forgalmaz\u00f3, amely nyilv\u00e1noss\u00e1gra hozza min\u0151s\u00e9gi szabv\u00e1nyait, \u00e9s kutat\u00e1si vegyi anyagokra szakosodott.<\/li>\n<li><b>Rendeljen val\u00f3di vagy hamis\u00edtott 4F pentadront:<\/b> Itt a \u201eval\u00f3di\u201c kifejez\u00e9s a <b><a href=\"\/product\/ebk-online-kaufen\/\">hiteles\u00edtett<\/a> Tisztas\u00e1g<\/b> \u00e9s \u201ehamis\u00edtv\u00e1ny\u201c a gyakran tiszt\u00e1talan vagy hamisan deklar\u00e1lt mint\u00e1kra a k\u00e9tes piactereken.<\/li>\n<\/ul>\n<h2><b>Felhaszn\u00e1l\u00e1s, biztons\u00e1g \u00e9s jogi helyzet<\/b><\/h2>\n<p>A szintetikus katinonok vesz\u00e9lyeit toxikol\u00f3giai esetek bizony\u00edtj\u00e1k. <b>A 4F-Pentedron emberi fogyaszt\u00e1sra nem enged\u00e9lyezett, \u00e9s csak tudom\u00e1nyos k\u00f6rnyezetben haszn\u00e1lhat\u00f3.<\/b><\/p>\n<h3><b>Szigor\u00fa biztons\u00e1gi \u00f3vint\u00e9zked\u00e9sek a kutat\u00f3int\u00e9zetekben<\/b><\/h3>\n<p>Kutat\u00e1si int\u00e9zm\u00e9nyek, amelyek <b>4F-Pentedron online v\u00e1s\u00e1rl\u00e1sa<\/b>, meg kell felelnie a legmagasabb min\u0151s\u00e9gi \u00e9s biztons\u00e1gi el\u0151\u00edr\u00e1soknak:<\/p>\n<ul>\n<li><b>Rendeltet\u00e9sszer\u0171 haszn\u00e1lat:<\/b> A felhaszn\u00e1l\u00e1s szigor\u00faan kutat\u00e1si, oktat\u00e1si \u00e9s elemz\u00e9si c\u00e9lokra korl\u00e1toz\u00f3dik.<\/li>\n<li><b>Kezel\u00e9s:<\/b> A megfelel\u0151 egy\u00e9ni v\u00e9d\u0151felszerel\u00e9s (PPE) \u00e9s a biztons\u00e1gos laborat\u00f3riumi protokollok alapvet\u0151 fontoss\u00e1g\u00faak.<\/li>\n<li><b>Elt\u00e1vol\u00edt\u00e1s:<\/b> A marad\u00e9kanyagok \u00e1rtalmatlan\u00edt\u00e1s\u00e1t a vonatkoz\u00f3 vesz\u00e9lyes anyagokra vonatkoz\u00f3 el\u0151\u00edr\u00e1soknak megfelel\u0151en kell elv\u00e9gezni.<\/li>\n<\/ul>\n<h3><b>A jogi helyzet N\u00e9metorsz\u00e1gban \u00e9s az EU-ban<\/b><\/h3>\n<p>A jogi helyzet a <b>4F-Pentedron online v\u00e1s\u00e1rl\u00e1sa<\/b> \u00f6sszetett, k\u00fcl\u00f6n\u00f6sen N\u00e9metorsz\u00e1gban:<\/p>\n<ul>\n<li><b>\u00daj pszichoakt\u00edv anyagokr\u00f3l sz\u00f3l\u00f3 t\u00f6rv\u00e9ny (NpSG):<\/b> A 4F-pentadron katinon-sz\u00e1rmaz\u00e9kk\u00e9nt val\u00f3sz\u00edn\u0171leg a k\u00f6vetkez\u0151 kateg\u00f3ri\u00e1ba tartozik <b>Az NpSG anyagcsoport-szab\u00e1lyoz\u00e1sa<\/b>. Ez a t\u00f6rv\u00e9ny tiltja az NPS-ek kereskedelm\u00e9t, forgalomba hozatal\u00e1t, el\u0151\u00e1ll\u00edt\u00e1s\u00e1t, behozatal\u00e1t, kivitel\u00e9t \u00e9s tranzitj\u00e1t, valamint fogyaszt\u00e1si c\u00e9l\u00fa megszerz\u00e9s\u00e9t \u00e9s birtokl\u00e1s\u00e1t.<\/li>\n<li><b>Ellen\u0151rz\u00f6tt anyag:<\/b> Ez\u00e1ltal a 4F-Pentedron N\u00e9metorsz\u00e1gban <b>ellen\u0151rz\u00f6tt<\/b> \u00e9s mag\u00e1nc\u00e9l\u00fa vagy jogosulatlan felhaszn\u00e1l\u00e1sra <b>illeg\u00e1lis<\/b>. A leg\u00e1lis beszerz\u00e9s csak a k\u00f6vetkez\u0151k eset\u00e9ben lehets\u00e9ges <b>Enged\u00e9lyezett tudom\u00e1nyos, ipari vagy kereskedelmi c\u00e9lokra<\/b> enged\u00e9lyezve.<\/li>\n<\/ul>\n<h2><b>K\u00f6vetkeztet\u00e9s: gondoss\u00e1g \u00e9s felel\u0151ss\u00e9g a 4F-Pentedron v\u00e1s\u00e1rl\u00e1sakor<\/b><\/h2>\n<p><b>4F-Pentedron<\/b> fontos szerepet j\u00e1tszik a stimul\u00e1nsok neurok\u00e9mi\u00e1j\u00e1nak kutat\u00e1s\u00e1ban. Ki <b>V\u00e1s\u00e1roljon val\u00f3di vagy hamis\u00edtott 4F pentadront<\/b> vagy <b>4F-Pentedron online v\u00e1s\u00e1rl\u00e1sa<\/b> szeretn\u00e9 haszn\u00e1lni a <b>Szigor\u00fa szab\u00e1lyoz\u00e1s (NpSG)<\/b> \u00e9s a sz\u00fcks\u00e9gess\u00e9g <b>Vizsg\u00e1lt min\u0151s\u00e9g<\/b> legyen vil\u00e1gos. A <b>A legjobb hely a 4F-Pentedron megv\u00e1s\u00e1rl\u00e1s\u00e1ra<\/b> mindig olyan forgalmaz\u00f3, amely garant\u00e1lja az \u00e1tl\u00e1that\u00f3s\u00e1got, a naprak\u00e9sz laborat\u00f3riumi elemz\u00e9seket \u00e9s a szigor\u00fa jogi keretek betart\u00e1s\u00e1t. A kutat\u00e1s integrit\u00e1sa k\u00f6zvetlen\u00fcl a felhaszn\u00e1lt anyagok tisztas\u00e1g\u00e1t\u00f3l f\u00fcgg.<\/p>","protected":false},"excerpt":{"rendered":"<p><strong>4F-Pentedrone<\/strong> tudom\u00e1nyos kutat\u00e1si c\u00e9lokra haszn\u00e1lt szintetikus k\u00e9miai vegy\u00fclet. A katinonok csal\u00e1dj\u00e1ba tartozik, \u00e9s ellen\u0151rz\u00f6tt laborat\u00f3riumokban tanulm\u00e1nyozz\u00e1k a k\u00f6zponti idegrendszerre gyakorolt hat\u00e1sainak meg\u00e9rt\u00e9se \u00e9rdek\u00e9ben. <strong>4F-Pentedrone<\/strong> kiz\u00e1r\u00f3lag kutat\u00e1si c\u00e9lokra szolg\u00e1l, \u00e9s emberi fogyaszt\u00e1sra nem alkalmas.<\/p>","protected":false},"featured_media":6594,"comment_status":"open","ping_status":"closed","template":"","meta":{"_joinchat":[]},"product_brand":[],"product_cat":[1806],"product_tag":[1967,1973,1968,1971,1972,1970,1969,188,1814,248],"class_list":{"0":"post-6557","1":"product","2":"type-product","3":"status-publish","4":"has-post-thumbnail","6":"product_cat-pyrrolidin-und-pyrrolidinophena","7":"product_tag-4f-pentedrone","8":"product_tag-4f-pentedrone-chemikalien","9":"product_tag-4f-pentedrone-kaufen","10":"product_tag-4f-pentedrone-kristalle","11":"product_tag-4f-pentedrone-online","12":"product_tag-4f-pentedrone-pulver","13":"product_tag-4f-pentedrone-zum-verkauf","14":"product_tag-forschungschemikalien","15":"product_tag-forschungsstoffe-kaufen","16":"product_tag-synthetische-stimulanzien","18":"first","19":"instock","20":"shipping-taxable","21":"purchasable","22":"product-type-variable"},"yoast_head":"<!-- This site is optimized with the Yoast SEO plugin v27.5 - https:\/\/yoast.com\/product\/yoast-seo-wordpress\/ -->\n<title>4F-PHP (4-Fluorphenylpyrrolidin) online kaufen | Chemgramx<\/title>\n<meta name=\"description\" content=\"Suchen Sie 4f-php (4-Fluorphenylpyrrolidin) zum Online-Verkauf? Chemgramx ist ein f\u00fchrender Shop, in dem Sie 4f-php online kaufen k\u00f6nnen. Kaufen Sie Mephtetramin online zum besten Preis. Jetzt mit diskretem Versand bestellen!\" \/>\n<meta name=\"robots\" content=\"index, follow, max-snippet:-1, max-image-preview:large, max-video-preview:-1\" \/>\n<link rel=\"canonical\" href=\"https:\/\/chemgramx.com\/hu\/termek-1\/4f-pentedrone-online-rendeles\/\" \/>\n<meta property=\"og:locale\" content=\"hu_HU\" \/>\n<meta property=\"og:type\" content=\"article\" \/>\n<meta property=\"og:title\" content=\"4F-PHP (4-Fluorphenylpyrrolidin) online kaufen | Chemgramx\" \/>\n<meta property=\"og:description\" content=\"Suchen Sie 4f-php (4-Fluorphenylpyrrolidin) zum Online-Verkauf? Chemgramx ist ein f\u00fchrender Shop, in dem Sie 4f-php online kaufen k\u00f6nnen. Kaufen Sie Mephtetramin online zum besten Preis. Jetzt mit diskretem Versand bestellen!\" \/>\n<meta property=\"og:url\" content=\"https:\/\/chemgramx.com\/hu\/termek-1\/4f-pentedrone-online-rendeles\/\" \/>\n<meta property=\"og:site_name\" content=\"Chemgramx\" \/>\n<meta property=\"article:modified_time\" content=\"2025-11-21T11:07:57+00:00\" \/>\n<meta property=\"og:image\" content=\"https:\/\/chemgramx.com\/wp-content\/uploads\/2025\/11\/4penti.png\" \/>\n\t<meta property=\"og:image:width\" content=\"600\" \/>\n\t<meta property=\"og:image:height\" content=\"400\" \/>\n\t<meta property=\"og:image:type\" content=\"image\/png\" \/>\n<meta name=\"twitter:card\" content=\"summary_large_image\" \/>\n<meta name=\"twitter:label1\" content=\"Becs\u00fclt olvas\u00e1si id\u0151\" \/>\n\t<meta name=\"twitter:data1\" content=\"4 perc\" \/>\n<script type=\"application\/ld+json\" class=\"yoast-schema-graph\">{\"@context\":\"https:\\\/\\\/schema.org\",\"@graph\":[{\"@type\":\"WebPage\",\"@id\":\"https:\\\/\\\/chemgramx.com\\\/product\\\/4f-pentedrone-online-bestellung\\\/\",\"url\":\"https:\\\/\\\/chemgramx.com\\\/product\\\/4f-pentedrone-online-bestellung\\\/\",\"name\":\"4F-PHP (4-Fluorphenylpyrrolidin) online kaufen | Chemgramx\",\"isPartOf\":{\"@id\":\"https:\\\/\\\/chemgramx.com\\\/#website\"},\"primaryImageOfPage\":{\"@id\":\"https:\\\/\\\/chemgramx.com\\\/product\\\/4f-pentedrone-online-bestellung\\\/#primaryimage\"},\"image\":{\"@id\":\"https:\\\/\\\/chemgramx.com\\\/product\\\/4f-pentedrone-online-bestellung\\\/#primaryimage\"},\"thumbnailUrl\":\"https:\\\/\\\/chemgramx.com\\\/wp-content\\\/uploads\\\/2025\\\/11\\\/4penti.png\",\"datePublished\":\"2025-11-21T11:06:35+00:00\",\"dateModified\":\"2025-11-21T11:07:57+00:00\",\"description\":\"Suchen Sie 4f-php (4-Fluorphenylpyrrolidin) zum Online-Verkauf? Chemgramx ist ein f\u00fchrender Shop, in dem Sie 4f-php online kaufen k\u00f6nnen. Kaufen Sie Mephtetramin online zum besten Preis. Jetzt mit diskretem Versand bestellen!\",\"breadcrumb\":{\"@id\":\"https:\\\/\\\/chemgramx.com\\\/product\\\/4f-pentedrone-online-bestellung\\\/#breadcrumb\"},\"inLanguage\":\"hu\",\"potentialAction\":[{\"@type\":\"ReadAction\",\"target\":[\"https:\\\/\\\/chemgramx.com\\\/product\\\/4f-pentedrone-online-bestellung\\\/\"]}]},{\"@type\":\"ImageObject\",\"inLanguage\":\"hu\",\"@id\":\"https:\\\/\\\/chemgramx.com\\\/product\\\/4f-pentedrone-online-bestellung\\\/#primaryimage\",\"url\":\"https:\\\/\\\/chemgramx.com\\\/wp-content\\\/uploads\\\/2025\\\/11\\\/4penti.png\",\"contentUrl\":\"https:\\\/\\\/chemgramx.com\\\/wp-content\\\/uploads\\\/2025\\\/11\\\/4penti.png\",\"width\":600,\"height\":400},{\"@type\":\"BreadcrumbList\",\"@id\":\"https:\\\/\\\/chemgramx.com\\\/product\\\/4f-pentedrone-online-bestellung\\\/#breadcrumb\",\"itemListElement\":[{\"@type\":\"ListItem\",\"position\":1,\"name\":\"Home\",\"item\":\"https:\\\/\\\/chemgramx.com\\\/\"},{\"@type\":\"ListItem\",\"position\":2,\"name\":\"Shop\",\"item\":\"https:\\\/\\\/chemgramx.com\\\/shop\\\/\"},{\"@type\":\"ListItem\",\"position\":3,\"name\":\"4F-Pentedrone Online Bestellung\"}]},{\"@type\":\"WebSite\",\"@id\":\"https:\\\/\\\/chemgramx.com\\\/#website\",\"url\":\"https:\\\/\\\/chemgramx.com\\\/\",\"name\":\"Chemgramx\",\"description\":\"\",\"publisher\":{\"@id\":\"https:\\\/\\\/chemgramx.com\\\/#organization\"},\"potentialAction\":[{\"@type\":\"SearchAction\",\"target\":{\"@type\":\"EntryPoint\",\"urlTemplate\":\"https:\\\/\\\/chemgramx.com\\\/?s={search_term_string}\"},\"query-input\":{\"@type\":\"PropertyValueSpecification\",\"valueRequired\":true,\"valueName\":\"search_term_string\"}}],\"inLanguage\":\"hu\"},{\"@type\":\"Organization\",\"@id\":\"https:\\\/\\\/chemgramx.com\\\/#organization\",\"name\":\"Chemgramx\",\"url\":\"https:\\\/\\\/chemgramx.com\\\/\",\"logo\":{\"@type\":\"ImageObject\",\"inLanguage\":\"hu\",\"@id\":\"https:\\\/\\\/chemgramx.com\\\/#\\\/schema\\\/logo\\\/image\\\/\",\"url\":\"https:\\\/\\\/chemgramx.com\\\/wp-content\\\/uploads\\\/2024\\\/10\\\/final-logo.png\",\"contentUrl\":\"https:\\\/\\\/chemgramx.com\\\/wp-content\\\/uploads\\\/2024\\\/10\\\/final-logo.png\",\"width\":250,\"height\":48,\"caption\":\"Chemgramx\"},\"image\":{\"@id\":\"https:\\\/\\\/chemgramx.com\\\/#\\\/schema\\\/logo\\\/image\\\/\"}}]}<\/script>\n<!-- \/ Yoast SEO plugin. -->","yoast_head_json":{"title":"V\u00e1s\u00e1roljon 4F-PHP-t (4-fluorfenilpirrolidint) online | Chemgramx","description":"4f-php-t (4-fluorfenilpirrolidin) keresel online elad\u00e1sra? A Chemgramx egy vezet\u0151 \u00e1ruh\u00e1z, ahol online v\u00e1s\u00e1rolhatsz 4f-php-t. V\u00e1s\u00e1rolj meftetramint online a legjobb \u00e1ron. Rendelj most diszkr\u00e9t sz\u00e1ll\u00edt\u00e1ssal!","robots":{"index":"index","follow":"follow","max-snippet":"max-snippet:-1","max-image-preview":"max-image-preview:large","max-video-preview":"max-video-preview:-1"},"canonical":"https:\/\/chemgramx.com\/hu\/termek-1\/4f-pentedrone-online-rendeles\/","og_locale":"hu_HU","og_type":"article","og_title":"4F-PHP (4-Fluorphenylpyrrolidin) online kaufen | Chemgramx","og_description":"Suchen Sie 4f-php (4-Fluorphenylpyrrolidin) zum Online-Verkauf? Chemgramx ist ein f\u00fchrender Shop, in dem Sie 4f-php online kaufen k\u00f6nnen. Kaufen Sie Mephtetramin online zum besten Preis. Jetzt mit diskretem Versand bestellen!","og_url":"https:\/\/chemgramx.com\/hu\/termek-1\/4f-pentedrone-online-rendeles\/","og_site_name":"Chemgramx","article_modified_time":"2025-11-21T11:07:57+00:00","og_image":[{"width":600,"height":400,"url":"https:\/\/chemgramx.com\/wp-content\/uploads\/2025\/11\/4penti.png","type":"image\/png"}],"twitter_card":"summary_large_image","twitter_misc":{"Becs\u00fclt olvas\u00e1si id\u0151":"4 perc"},"schema":{"@context":"https:\/\/schema.org","@graph":[{"@type":"WebPage","@id":"https:\/\/chemgramx.com\/product\/4f-pentedrone-online-bestellung\/","url":"https:\/\/chemgramx.com\/product\/4f-pentedrone-online-bestellung\/","name":"V\u00e1s\u00e1roljon 4F-PHP-t (4-fluorfenilpirrolidint) online | Chemgramx","isPartOf":{"@id":"https:\/\/chemgramx.com\/#website"},"primaryImageOfPage":{"@id":"https:\/\/chemgramx.com\/product\/4f-pentedrone-online-bestellung\/#primaryimage"},"image":{"@id":"https:\/\/chemgramx.com\/product\/4f-pentedrone-online-bestellung\/#primaryimage"},"thumbnailUrl":"https:\/\/chemgramx.com\/wp-content\/uploads\/2025\/11\/4penti.png","datePublished":"2025-11-21T11:06:35+00:00","dateModified":"2025-11-21T11:07:57+00:00","description":"4f-php-t (4-fluorfenilpirrolidin) keresel online elad\u00e1sra? A Chemgramx egy vezet\u0151 \u00e1ruh\u00e1z, ahol online v\u00e1s\u00e1rolhatsz 4f-php-t. V\u00e1s\u00e1rolj meftetramint online a legjobb \u00e1ron. Rendelj most diszkr\u00e9t sz\u00e1ll\u00edt\u00e1ssal!","breadcrumb":{"@id":"https:\/\/chemgramx.com\/product\/4f-pentedrone-online-bestellung\/#breadcrumb"},"inLanguage":"hu","potentialAction":[{"@type":"ReadAction","target":["https:\/\/chemgramx.com\/product\/4f-pentedrone-online-bestellung\/"]}]},{"@type":"ImageObject","inLanguage":"hu","@id":"https:\/\/chemgramx.com\/product\/4f-pentedrone-online-bestellung\/#primaryimage","url":"https:\/\/chemgramx.com\/wp-content\/uploads\/2025\/11\/4penti.png","contentUrl":"https:\/\/chemgramx.com\/wp-content\/uploads\/2025\/11\/4penti.png","width":600,"height":400},{"@type":"BreadcrumbList","@id":"https:\/\/chemgramx.com\/product\/4f-pentedrone-online-bestellung\/#breadcrumb","itemListElement":[{"@type":"ListItem","position":1,"name":"Home","item":"https:\/\/chemgramx.com\/"},{"@type":"ListItem","position":2,"name":"Shop","item":"https:\/\/chemgramx.com\/shop\/"},{"@type":"ListItem","position":3,"name":"4F-Pentedrone Online Bestellung"}]},{"@type":"WebSite","@id":"https:\/\/chemgramx.com\/#website","url":"https:\/\/chemgramx.com\/","name":"Chemgramx","description":"","publisher":{"@id":"https:\/\/chemgramx.com\/#organization"},"potentialAction":[{"@type":"SearchAction","target":{"@type":"EntryPoint","urlTemplate":"https:\/\/chemgramx.com\/?s={search_term_string}"},"query-input":{"@type":"PropertyValueSpecification","valueRequired":true,"valueName":"search_term_string"}}],"inLanguage":"hu"},{"@type":"Organization","@id":"https:\/\/chemgramx.com\/#organization","name":"Chemgramx","url":"https:\/\/chemgramx.com\/","logo":{"@type":"ImageObject","inLanguage":"hu","@id":"https:\/\/chemgramx.com\/#\/schema\/logo\/image\/","url":"https:\/\/chemgramx.com\/wp-content\/uploads\/2024\/10\/final-logo.png","contentUrl":"https:\/\/chemgramx.com\/wp-content\/uploads\/2024\/10\/final-logo.png","width":250,"height":48,"caption":"Chemgramx"},"image":{"@id":"https:\/\/chemgramx.com\/#\/schema\/logo\/image\/"}}]}},"_links":{"self":[{"href":"https:\/\/chemgramx.com\/hu\/wp-json\/wp\/v2\/product\/6557","targetHints":{"allow":["GET"]}}],"collection":[{"href":"https:\/\/chemgramx.com\/hu\/wp-json\/wp\/v2\/product"}],"about":[{"href":"https:\/\/chemgramx.com\/hu\/wp-json\/wp\/v2\/types\/product"}],"replies":[{"embeddable":true,"href":"https:\/\/chemgramx.com\/hu\/wp-json\/wp\/v2\/comments?post=6557"}],"wp:featuredmedia":[{"embeddable":true,"href":"https:\/\/chemgramx.com\/hu\/wp-json\/wp\/v2\/media\/6594"}],"wp:attachment":[{"href":"https:\/\/chemgramx.com\/hu\/wp-json\/wp\/v2\/media?parent=6557"}],"wp:term":[{"taxonomy":"product_brand","embeddable":true,"href":"https:\/\/chemgramx.com\/hu\/wp-json\/wp\/v2\/product_brand?post=6557"},{"taxonomy":"product_cat","embeddable":true,"href":"https:\/\/chemgramx.com\/hu\/wp-json\/wp\/v2\/product_cat?post=6557"},{"taxonomy":"product_tag","embeddable":true,"href":"https:\/\/chemgramx.com\/hu\/wp-json\/wp\/v2\/product_tag?post=6557"}],"curies":[{"name":"wp","href":"https:\/\/api.w.org\/{rel}","templated":true}]}}