{"id":6653,"date":"2025-11-21T11:07:34","date_gmt":"2025-11-21T11:07:34","guid":{"rendered":"https:\/\/chemgramx.com\/?post_type=product&#038;p=6653"},"modified":"2025-11-21T11:08:38","modified_gmt":"2025-11-21T11:08:38","slug":"vasarolni-am-087-online","status":"publish","type":"product","link":"https:\/\/chemgramx.com\/hu\/product\/am-087-online-kaufen\/","title":{"rendered":"AM-087 online v\u00e1s\u00e1rl\u00e1s"},"content":{"rendered":"<p><b>AM-087 online v\u00e1s\u00e1rl\u00e1s<\/b> kiv\u00e1l\u00f3 min\u0151s\u00e9g\u0171, szintetikus kutat\u00e1si vegyszert k\u00edn\u00e1l. Ezt az anyagot kifejezetten a k\u00f6vetkez\u0151 c\u00e9lokra fejlesztett\u00e9k ki <b>Laborat\u00f3riumi kutat\u00e1si c\u00e9lokra<\/b> ellen\u0151rz\u00f6tt k\u00f6rnyezetben. <b>K\u00f6sz\u00f6n\u00f6m<\/b> az \u0151 <b>nagy tisztas\u00e1g<\/b>, vegyi anyag <b>Stabilit\u00e1s<\/b> \u00e9s <b>Prec\u00edzi\u00f3s<\/b> Az AM-087 ide\u00e1lis k\u00eds\u00e9rleti alkalmaz\u00e1sokhoz. <b>Ezen k\u00edv\u00fcl<\/b> t\u00f6k\u00e9letesen alkalmas farmakol\u00f3giai vizsg\u00e1latokra, receptorelemz\u00e9sre \u00e9s k\u00e9miai szint\u00e9zisre. Az AM-087 a tud\u00f3sok \u00e9s laborat\u00f3riumok megb\u00edzhat\u00f3 v\u00e1laszt\u00e1sa. <b>Mert<\/b> megb\u00edzhat\u00f3 \u00e9s k\u00f6vetkezetes eredm\u00e9nyekre van sz\u00fcks\u00e9ge a projektjeihez. Minden egyes t\u00e9telt gondosan tesztel\u00fcnk, hogy a term\u00e9k megfeleljen a legmagasabb min\u0151s\u00e9gi k\u00f6vetelm\u00e9nyeknek. A kereslet a <b>AM-087 elad\u00f3<\/b> hangs\u00falyozza, hogy a k\u00e9miai \u00e9s orvosbiol\u00f3giai kutat\u00e1sban megb\u00edzhat\u00f3 \u00e9p\u00edt\u0151elemk\u00e9nt fontos szerepet t\u00f6lt be.<\/p>\n<h2>Az AM-087 tudom\u00e1nyos azonoss\u00e1ga: szerkezet \u00e9s megb\u00edzhat\u00f3s\u00e1g<\/h2>\n<p>A k\u00e9miai tulajdons\u00e1gok meg\u00e9rt\u00e9se <b>AM-087<\/b> kulcsfontoss\u00e1g\u00fa a laborat\u00f3riumban t\u00f6rt\u00e9n\u0151 helyes \u00e9s biztons\u00e1gos haszn\u00e1lat\u00e1hoz. A pontos molekul\u00e1ris k\u00f6lcs\u00f6nhat\u00e1st ig\u00e9nyl\u0151 vizsg\u00e1latok elengedhetetlen eszk\u00f6ze.<\/p>\n<h3>Milyen t\u00edpus\u00fa gy\u00f3gyszer az AM-087? A k\u00e9miai oszt\u00e1ly \u00e9s a pontoss\u00e1g<\/h3>\n<p>Az AM-087-et szerkezetileg gyakran a k\u00f6vetkez\u0151k\u00e9ppen ismerik fel <b>Naftohenilindol-sz\u00e1rmaz\u00e9k<\/b> vagy egy hasonl\u00f3 szintetikus kannabinoid. A pontos szerkezet azonban kritikus a <b>C\u00e9lspecifikuss\u00e1g<\/b>. Kutat\u00f3k, akik <b>AM-087 online v\u00e1s\u00e1rl\u00e1s<\/b>, stabil formul\u00e1ja miatt haszn\u00e1lja. <b>Ez\u00e9rt<\/b> megb\u00edzhat\u00f3 eredm\u00e9nyeket szolg\u00e1ltat, k\u00fcl\u00f6n\u00f6sen a nagy ism\u00e9tl\u00e9si ig\u00e9ny\u0171, ig\u00e9nyes k\u00eds\u00e9rletekn\u00e9l. Az AM-087 \u00e1ltal k\u00edn\u00e1lt pontoss\u00e1g n\u00e9lk\u00fcl\u00f6zhetetlen a modern receptorelemz\u00e9sben.<\/p>\n<h3>F\u0151bb jellemz\u0151k \u00e9s el\u0151ny\u00f6k a kutat\u00f3laborat\u00f3riumok sz\u00e1m\u00e1ra<\/h3>\n<p>Az AM-087 min\u0151s\u00e9ge garant\u00e1lja az \u00d6n tudom\u00e1nyos munk\u00e1j\u00e1nak integrit\u00e1s\u00e1t. <b>Ez sz\u00fcks\u00e9ges<\/b>, mivel a legkisebb szennyez\u0151d\u00e9sek is meghamis\u00edthatj\u00e1k az eredm\u00e9nyeket.<\/p>\n<ul>\n<li><b>Nagy tisztas\u00e1g:<\/b> A garant\u00e1lt tisztas\u00e1g az alapja a <b>Pontos \u00e9s megb\u00edzhat\u00f3 tudom\u00e1nyos eredm\u00e9nyek<\/b>.<\/li>\n<li><b>Stabilit\u00e1s:<\/b> A term\u00e9ket kifejezetten a k\u00f6vetkez\u0151 c\u00e9lokra fejlesztett\u00e9k ki <b>fejlett k\u00eds\u00e9rleti alkalmaz\u00e1sok<\/b> kifejlesztett. Hossz\u00fa id\u0151n kereszt\u00fcl meg\u0151rzi k\u00e9miai integrit\u00e1s\u00e1t.<\/li>\n<li><b>Sokoldal\u00fa felhaszn\u00e1l\u00e1si lehet\u0151s\u00e9gek:<\/b> T\u00f6k\u00e9letes a k\u00f6vetkez\u0151kh\u00f6z <b>Farmakol\u00f3giai vizsg\u00e1latok<\/b> \u00e9s <b>Receptor elemz\u00e9s<\/b>. <b>Tov\u00e1bb\u00e1<\/b> ide\u00e1lisan alkalmas komplex <b>k\u00e9miai k\u00eds\u00e9rletek<\/b>.<\/li>\n<li><b>Kiv\u00e1l\u00f3 min\u0151s\u00e9g\u0171 kivitelez\u00e9s:<\/b> Minden egyes t\u00e9tel alapos <b>Min\u0151s\u00e9gellen\u0151rz\u00e9s<\/b>. Ez biztos\u00edtja, hogy a <b>AM-087 \u00c1r<\/b> val\u00f3di hozz\u00e1adott \u00e9rt\u00e9ket k\u00edn\u00e1l a kutat\u00e1s sz\u00e1m\u00e1ra.<\/li>\n<\/ul>\n<h2>Optimaliz\u00e1lt online v\u00e1s\u00e1rl\u00e1s: Mi\u00e9rt \u00e9rdemes az AM-087-et szakemberekt\u0151l rendelni?<\/h2>\n<p>A kutat\u00f3k \u00e9s laborat\u00f3riumok a k\u00f6zvetlen <b>Az AM-087 online v\u00e1s\u00e1rl\u00e1sa<\/b>. Ez k\u00f6zvetlen hozz\u00e1f\u00e9r\u00e9st biztos\u00edt \u00d6nnek a tesztelt, kiv\u00e1l\u00f3 min\u0151s\u00e9g\u0171 vegyi anyagokhoz.<\/p>\n<h3>A v\u00e1s\u00e1rl\u00e1s logisztikai \u00e9s min\u0151s\u00e9gi el\u0151nyei<\/h3>\n<p>A speci\u00e1lis vegyi anyagok online v\u00e1s\u00e1rl\u00e1sa a Chemgramx-t\u00f3l nagym\u00e9rt\u00e9kben leegyszer\u0171s\u00edti a folyamatot a kutat\u00f3int\u00e9zetek sz\u00e1m\u00e1ra.<\/p>\n<ol start=\"1\">\n<li><b>Diszkr\u00e9t sz\u00e1ll\u00edt\u00e1s:<\/b> Garant\u00e1ljuk a <b>Diszkr\u00e9t \u00e9s biztons\u00e1gos sz\u00e1ll\u00edt\u00e1s<\/b> vil\u00e1gszerte. <b>Ily m\u00f3don<\/b> a kutat\u00e1s mag\u00e1n\u00e9let\u00e9nek v\u00e9delme.<\/li>\n<li><b>\u00c1tl\u00e1that\u00f3s\u00e1g:<\/b> K\u00edn\u00e1lunk <b>\u00c1tl\u00e1that\u00f3 \u00e1rak<\/b> \u00e9s garanci\u00e1t v\u00e1llal <b>Tesztelt term\u00e9kmin\u0151s\u00e9g<\/b>. A laborat\u00f3riumok t\u00e1maszkodhatnak a tisztas\u00e1gi bizony\u00edtv\u00e1nyokra.<\/li>\n<li><b>Hozz\u00e1f\u00e9r\u00e9s a mennyis\u00e9gekhez:<\/b> K\u00f6nny\u0171 hozz\u00e1f\u00e9r\u00e9s a k\u00fcl\u00f6nb\u00f6z\u0151 <b>Mennyis\u00e9gek \u00e9s tisztas\u00e1gi fokozatok<\/b> rugalmas rendel\u00e9st tesz lehet\u0151v\u00e9.<\/li>\n<li><b>Gyors feldolgoz\u00e1s:<\/b> A gyors rendel\u00e9sfeldolgoz\u00e1s azt jelenti, hogy <b>AM-087 rendel\u00e9s<\/b> hossz\u00fa v\u00e1rakoz\u00e1si id\u0151 n\u00e9lk\u00fcl.<\/li>\n<\/ol>\n<h3>Hol v\u00e1s\u00e1rolhatok AM-087-et online? A sz\u00e1ll\u00edt\u00f3 kiv\u00e1laszt\u00e1sa<\/h3>\n<p>A <b>legjobb hely az AM-087 online megv\u00e1s\u00e1rl\u00e1s\u00e1ra<\/b>, a szakosodott szolg\u00e1ltat\u00f3kkal. Ezeknek <b>Laborat\u00f3riumi jelent\u00e9sek<\/b>, <b>Tisztas\u00e1gi vizsg\u00e1latok<\/b> \u00e9s biztons\u00e1gos sz\u00e1ll\u00edt\u00e1si lehet\u0151s\u00e9gek. <b>Mindig ellen\u0151rizze<\/b> a szolg\u00e1ltat\u00f3i inform\u00e1ci\u00f3k. <b>Ez\u00e9rt<\/b> fontos, hogy tudatos d\u00f6nt\u00e9st hozzon, <b>Hol v\u00e1s\u00e1rolhatom meg az AM-087-et?<\/b> A megb\u00edzhat\u00f3 partner kiv\u00e1laszt\u00e1sa k\u00f6zvetlen\u00fcl hozz\u00e1j\u00e1rul a kutat\u00e1s min\u0151s\u00e9g\u00e9hez.<\/p>\n<h3><b>A biztons\u00e1gos rendel\u00e9s \u00e9s laborat\u00f3riumi felhaszn\u00e1l\u00e1s protokolljai<\/b><\/h3>\n<p>Miel\u0151tt <b>AM-087 megv\u00e1s\u00e1rl\u00e1sa<\/b>, a jogszab\u00e1lyi megfelel\u00e9s meger\u0151s\u00edt\u00e9se k\u00f6telez\u0151.<\/p>\n<ul>\n<li><b>Jogi felel\u0151ss\u00e9g:<\/b> A v\u00e1s\u00e1rl\u00e1s <b>kiz\u00e1r\u00f3lag kutat\u00e1si c\u00e9lokra<\/b> enged\u00e9lyezve. <b>Tov\u00e1bb\u00e1<\/b> az anyagot csak szakk\u00e9pzett szem\u00e9lyzet haszn\u00e1lhatja min\u0151s\u00edtett laborat\u00f3riumokban.<\/li>\n<li><b>Biztons\u00e1gos kezel\u00e9s:<\/b> A kezel\u00e9shez szigor\u00fa <b>Laborat\u00f3riumi biztons\u00e1gi protokollok<\/b>. <b>Ez mag\u00e1ban foglalja a k\u00f6vetkez\u0151ket<\/b> egy\u00e9ni v\u00e9d\u0151eszk\u00f6z\u00f6k haszn\u00e1lata \u00e9s a vegyi anyagokkal val\u00f3 munkav\u00e9gz\u00e9s.<\/li>\n<li><b>A fogyaszt\u00e1s kiz\u00e1r\u00e1sa:<\/b> Ez lesz <b>szigor\u00faan hangs\u00falyozva<\/b>, hogy az AM-087 <b>nem<\/b> emberi vagy \u00e1llati fogyaszt\u00e1sra enged\u00e9lyezett.<\/li>\n<\/ul>\n<h2>Az AM-087 szab\u00e1lyoz\u00e1si felel\u0151ss\u00e9ge \u00e9s laborat\u00f3riumi biztons\u00e1ga<\/h2>\n<p>Az AM-087-re, mint hat\u00e9kony kutat\u00e1si analitikai szerre szigor\u00fa jogi \u00e9s biztons\u00e1gi k\u00f6vetelm\u00e9nyek vonatkoznak.<\/p>\n<h3>A szab\u00e1lyoknak val\u00f3 megfelel\u00e9s<\/h3>\n<p>A k\u00f6vetkez\u0151kre vonatkoz\u00f3 jogszab\u00e1lyok <b>szintetikus kannabinoidok<\/b> gyorsan v\u00e1ltozhat. <b>Ez\u00e9rt<\/b> az \u00f6sszes <b>alkalmazand\u00f3 helyi \u00e9s nemzeti jogszab\u00e1lyok<\/b> felt\u00e9tlen\u00fcl sz\u00fcks\u00e9ges az \u00faj pszichoakt\u00edv anyagok (NpS) v\u00e1s\u00e1rl\u00f3 \u00e1ltali ellen\u0151rz\u00e9s\u00e9hez. Nagy jelent\u0151s\u00e9get tulajdon\u00edtunk a <b>Az \u00f6sszes jogszab\u00e1lyi el\u0151\u00edr\u00e1s szigor\u00fa betart\u00e1sa<\/b> \u00e9s sz\u00e1ll\u00edt\u00e1si felt\u00e9telek. <b>Ily m\u00f3don<\/b> biztos\u00edtjuk, hogy a sz\u00e1ll\u00edt\u00e1s megfeleljen a jogszab\u00e1lyoknak.<\/p>\n<h3>Laborat\u00f3riumi alkalmaz\u00e1si szabv\u00e1nyok<\/h3>\n<p>A <b>nagy hat\u00e9konys\u00e1g<\/b> az AM-087-es rendszerben a k\u00f6vetkez\u0151 k\u00f6vetelm\u00e9nyeket kell teljes\u00edteni <b><a href=\"\/product\/5f-adb-pinaca-online-kaufen\/\">Megfelel\u00e9s<\/a> A legmagasabb szint\u0171 laborat\u00f3riumi biztons\u00e1gi protokollok<\/b>. <b>P\u00e9ld\u00e1ul<\/b> m\u00e9rlegelni kell egy <b>K\u00e9miai extrakci\u00f3s motorh\u00e1ztet\u0151<\/b> ker\u00fcl sor. <b>Ez megakad\u00e1lyozza, hogy<\/b> a porszemcs\u00e9k bel\u00e9gz\u00e9se. <b>Hasonl\u00f3k\u00e9ppen<\/b> biztons\u00e1gos t\u00e1rol\u00e1s egy <b>ellen\u0151rz\u00f6tt, z\u00e1rt ter\u00fclet<\/b> K\u00f6telez\u0151. <b>V\u00e9g\u00fcl<\/b> az al\u00e1bbiak betart\u00e1s\u00e1t szolg\u00e1lja <b>GLP-szabv\u00e1nyok (helyes laborat\u00f3riumi gyakorlat)<\/b> a tudom\u00e1nyos integrit\u00e1s garanci\u00e1ja.<\/p>\n<h2>K\u00f6vetkeztet\u00e9s: AM-087 a kutat\u00e1s legmagasabb ig\u00e9nyeihez<\/h2>\n<p><b>AM-087 online v\u00e1s\u00e1rl\u00e1s<\/b> ide\u00e1lis v\u00e1laszt\u00e1s laborat\u00f3riumok \u00e9s kutat\u00f3k sz\u00e1m\u00e1ra. Kap egy <b>Kiv\u00e1l\u00f3 min\u0151s\u00e9g\u0171, megb\u00edzhat\u00f3 \u00e9s pontos vegyszer<\/b>. Bizony\u00edtott min\u0151s\u00e9ggel, k\u00f6vetkezetes adagol\u00e1ssal \u00e9s stabil formul\u00e1val. <b>AM-087 elad\u00f3<\/b> t\u00f6k\u00e9letes a fejlett tudom\u00e1nyos k\u00eds\u00e9rletekhez \u00e9s kutat\u00e1si projektekhez. <b>Mi vagyunk az \u00d6n partnerei<\/b> a vizsg\u00e1lt kutat\u00e1si vegyi anyagok eset\u00e9ben.<\/p>","protected":false},"excerpt":{"rendered":"<p style=\"text-align: center;\"><strong>AM-087<\/strong><\/p>\n<p>Az AM-087 egy kutat\u00e1si c\u00e9lokra kifejlesztett szintetikus vegyi anyag, amely nagy tisztas\u00e1got \u00e9s stabilit\u00e1st biztos\u00edt. T\u00f6k\u00e9letes a fejlett tudom\u00e1nyos projektekhez, elemz\u00e9sekhez \u00e9s farmakol\u00f3giai vizsg\u00e1latokhoz. Minden egyes t\u00e9tel szigor\u00fa min\u0151s\u00e9gellen\u0151rz\u00e9sen megy kereszt\u00fcl, hogy megfeleljen a legmagasabb k\u00f6vetelm\u00e9nyeknek. Ide\u00e1lis v\u00e1laszt\u00e1s a megb\u00edzhat\u00f3 eredm\u00e9nyeket keres\u0151 professzion\u00e1lis laborat\u00f3riumok sz\u00e1m\u00e1ra.<\/p>","protected":false},"featured_media":6686,"comment_status":"open","ping_status":"closed","template":"","meta":{"_joinchat":[]},"product_brand":[],"product_cat":[1794],"product_tag":[1822,1828,1823,1826,1827,1825,1824,188,1814,333],"class_list":{"0":"post-6653","1":"product","2":"type-product","3":"status-publish","4":"has-post-thumbnail","6":"product_cat-am-serie","7":"product_tag-am-087","8":"product_tag-am-087-chemikalien","9":"product_tag-am-087-kaufen","10":"product_tag-am-087-kristalle","11":"product_tag-am-087-online","12":"product_tag-am-087-pulver","13":"product_tag-am-087-zum-verkauf","14":"product_tag-forschungschemikalien","15":"product_tag-forschungsstoffe-kaufen","16":"product_tag-synthetische-cannabinoide","18":"first","19":"instock","20":"shipping-taxable","21":"purchasable","22":"product-type-variable"},"yoast_head":"<!-- This site is optimized with the Yoast SEO plugin v27.5 - https:\/\/yoast.com\/product\/yoast-seo-wordpress\/ -->\n<title>AM-087 online kaufen \u2013 AM-087 zu verkaufen | chemgramx<\/title>\n<meta name=\"description\" content=\"Sie suchen hochwertiges AM-087 zum Online-Verkauf? Chemgramx ist ein f\u00fchrender Shop, in dem Sie AM-087 online zum besten Preis kaufen k\u00f6nnen. Jetzt mit diskretem Versand bestellen!\" \/>\n<meta name=\"robots\" content=\"index, follow, max-snippet:-1, max-image-preview:large, max-video-preview:-1\" \/>\n<link rel=\"canonical\" href=\"https:\/\/chemgramx.com\/hu\/termek-1\/vasarolni-am-087-online\/\" \/>\n<meta property=\"og:locale\" content=\"hu_HU\" \/>\n<meta property=\"og:type\" content=\"article\" \/>\n<meta property=\"og:title\" content=\"AM-087 online kaufen \u2013 AM-087 zu verkaufen | chemgramx\" \/>\n<meta property=\"og:description\" content=\"Sie suchen hochwertiges AM-087 zum Online-Verkauf? Chemgramx ist ein f\u00fchrender Shop, in dem Sie AM-087 online zum besten Preis kaufen k\u00f6nnen. Jetzt mit diskretem Versand bestellen!\" \/>\n<meta property=\"og:url\" content=\"https:\/\/chemgramx.com\/hu\/termek-1\/vasarolni-am-087-online\/\" \/>\n<meta property=\"og:site_name\" content=\"Chemgramx\" \/>\n<meta property=\"article:modified_time\" content=\"2025-11-21T11:08:38+00:00\" \/>\n<meta property=\"og:image\" content=\"https:\/\/chemgramx.com\/wp-content\/uploads\/2025\/11\/am087.png\" \/>\n\t<meta property=\"og:image:width\" content=\"600\" \/>\n\t<meta property=\"og:image:height\" content=\"400\" \/>\n\t<meta property=\"og:image:type\" content=\"image\/png\" \/>\n<meta name=\"twitter:card\" content=\"summary_large_image\" \/>\n<meta name=\"twitter:label1\" content=\"Becs\u00fclt olvas\u00e1si id\u0151\" \/>\n\t<meta name=\"twitter:data1\" content=\"4 perc\" \/>\n<script type=\"application\/ld+json\" class=\"yoast-schema-graph\">{\"@context\":\"https:\\\/\\\/schema.org\",\"@graph\":[{\"@type\":\"WebPage\",\"@id\":\"https:\\\/\\\/chemgramx.com\\\/product\\\/am-087-online-kaufen\\\/\",\"url\":\"https:\\\/\\\/chemgramx.com\\\/product\\\/am-087-online-kaufen\\\/\",\"name\":\"AM-087 online kaufen \u2013 AM-087 zu verkaufen | chemgramx\",\"isPartOf\":{\"@id\":\"https:\\\/\\\/chemgramx.com\\\/#website\"},\"primaryImageOfPage\":{\"@id\":\"https:\\\/\\\/chemgramx.com\\\/product\\\/am-087-online-kaufen\\\/#primaryimage\"},\"image\":{\"@id\":\"https:\\\/\\\/chemgramx.com\\\/product\\\/am-087-online-kaufen\\\/#primaryimage\"},\"thumbnailUrl\":\"https:\\\/\\\/chemgramx.com\\\/wp-content\\\/uploads\\\/2025\\\/11\\\/am087.png\",\"datePublished\":\"2025-11-21T11:07:34+00:00\",\"dateModified\":\"2025-11-21T11:08:38+00:00\",\"description\":\"Sie suchen hochwertiges AM-087 zum Online-Verkauf? Chemgramx ist ein f\u00fchrender Shop, in dem Sie AM-087 online zum besten Preis kaufen k\u00f6nnen. Jetzt mit diskretem Versand bestellen!\",\"breadcrumb\":{\"@id\":\"https:\\\/\\\/chemgramx.com\\\/product\\\/am-087-online-kaufen\\\/#breadcrumb\"},\"inLanguage\":\"hu\",\"potentialAction\":[{\"@type\":\"ReadAction\",\"target\":[\"https:\\\/\\\/chemgramx.com\\\/product\\\/am-087-online-kaufen\\\/\"]}]},{\"@type\":\"ImageObject\",\"inLanguage\":\"hu\",\"@id\":\"https:\\\/\\\/chemgramx.com\\\/product\\\/am-087-online-kaufen\\\/#primaryimage\",\"url\":\"https:\\\/\\\/chemgramx.com\\\/wp-content\\\/uploads\\\/2025\\\/11\\\/am087.png\",\"contentUrl\":\"https:\\\/\\\/chemgramx.com\\\/wp-content\\\/uploads\\\/2025\\\/11\\\/am087.png\",\"width\":600,\"height\":400},{\"@type\":\"BreadcrumbList\",\"@id\":\"https:\\\/\\\/chemgramx.com\\\/product\\\/am-087-online-kaufen\\\/#breadcrumb\",\"itemListElement\":[{\"@type\":\"ListItem\",\"position\":1,\"name\":\"Home\",\"item\":\"https:\\\/\\\/chemgramx.com\\\/\"},{\"@type\":\"ListItem\",\"position\":2,\"name\":\"Shop\",\"item\":\"https:\\\/\\\/chemgramx.com\\\/shop\\\/\"},{\"@type\":\"ListItem\",\"position\":3,\"name\":\"AM-087 online kaufen\"}]},{\"@type\":\"WebSite\",\"@id\":\"https:\\\/\\\/chemgramx.com\\\/#website\",\"url\":\"https:\\\/\\\/chemgramx.com\\\/\",\"name\":\"Chemgramx\",\"description\":\"\",\"publisher\":{\"@id\":\"https:\\\/\\\/chemgramx.com\\\/#organization\"},\"potentialAction\":[{\"@type\":\"SearchAction\",\"target\":{\"@type\":\"EntryPoint\",\"urlTemplate\":\"https:\\\/\\\/chemgramx.com\\\/?s={search_term_string}\"},\"query-input\":{\"@type\":\"PropertyValueSpecification\",\"valueRequired\":true,\"valueName\":\"search_term_string\"}}],\"inLanguage\":\"hu\"},{\"@type\":\"Organization\",\"@id\":\"https:\\\/\\\/chemgramx.com\\\/#organization\",\"name\":\"Chemgramx\",\"url\":\"https:\\\/\\\/chemgramx.com\\\/\",\"logo\":{\"@type\":\"ImageObject\",\"inLanguage\":\"hu\",\"@id\":\"https:\\\/\\\/chemgramx.com\\\/#\\\/schema\\\/logo\\\/image\\\/\",\"url\":\"https:\\\/\\\/chemgramx.com\\\/wp-content\\\/uploads\\\/2024\\\/10\\\/final-logo.png\",\"contentUrl\":\"https:\\\/\\\/chemgramx.com\\\/wp-content\\\/uploads\\\/2024\\\/10\\\/final-logo.png\",\"width\":250,\"height\":48,\"caption\":\"Chemgramx\"},\"image\":{\"@id\":\"https:\\\/\\\/chemgramx.com\\\/#\\\/schema\\\/logo\\\/image\\\/\"}}]}<\/script>\n<!-- \/ Yoast SEO plugin. -->","yoast_head_json":{"title":"V\u00e1s\u00e1roljon AM-087-et online \u2013 AM-087 elad\u00f3 | chemgramx","description":"Kiv\u00e1l\u00f3 min\u0151s\u00e9g\u0171 AM-087-et keres online elad\u00e1sra? A Chemgramx egy vezet\u0151 \u00e1ruh\u00e1z, ahol a legjobb \u00e1ron v\u00e1s\u00e1rolhatja meg az AM-087-et online. Rendelje meg most diszkr\u00e9t sz\u00e1ll\u00edt\u00e1ssal!","robots":{"index":"index","follow":"follow","max-snippet":"max-snippet:-1","max-image-preview":"max-image-preview:large","max-video-preview":"max-video-preview:-1"},"canonical":"https:\/\/chemgramx.com\/hu\/termek-1\/vasarolni-am-087-online\/","og_locale":"hu_HU","og_type":"article","og_title":"AM-087 online kaufen \u2013 AM-087 zu verkaufen | chemgramx","og_description":"Sie suchen hochwertiges AM-087 zum Online-Verkauf? Chemgramx ist ein f\u00fchrender Shop, in dem Sie AM-087 online zum besten Preis kaufen k\u00f6nnen. Jetzt mit diskretem Versand bestellen!","og_url":"https:\/\/chemgramx.com\/hu\/termek-1\/vasarolni-am-087-online\/","og_site_name":"Chemgramx","article_modified_time":"2025-11-21T11:08:38+00:00","og_image":[{"width":600,"height":400,"url":"https:\/\/chemgramx.com\/wp-content\/uploads\/2025\/11\/am087.png","type":"image\/png"}],"twitter_card":"summary_large_image","twitter_misc":{"Becs\u00fclt olvas\u00e1si id\u0151":"4 perc"},"schema":{"@context":"https:\/\/schema.org","@graph":[{"@type":"WebPage","@id":"https:\/\/chemgramx.com\/product\/am-087-online-kaufen\/","url":"https:\/\/chemgramx.com\/product\/am-087-online-kaufen\/","name":"V\u00e1s\u00e1roljon AM-087-et online \u2013 AM-087 elad\u00f3 | chemgramx","isPartOf":{"@id":"https:\/\/chemgramx.com\/#website"},"primaryImageOfPage":{"@id":"https:\/\/chemgramx.com\/product\/am-087-online-kaufen\/#primaryimage"},"image":{"@id":"https:\/\/chemgramx.com\/product\/am-087-online-kaufen\/#primaryimage"},"thumbnailUrl":"https:\/\/chemgramx.com\/wp-content\/uploads\/2025\/11\/am087.png","datePublished":"2025-11-21T11:07:34+00:00","dateModified":"2025-11-21T11:08:38+00:00","description":"Kiv\u00e1l\u00f3 min\u0151s\u00e9g\u0171 AM-087-et keres online elad\u00e1sra? A Chemgramx egy vezet\u0151 \u00e1ruh\u00e1z, ahol a legjobb \u00e1ron v\u00e1s\u00e1rolhatja meg az AM-087-et online. Rendelje meg most diszkr\u00e9t sz\u00e1ll\u00edt\u00e1ssal!","breadcrumb":{"@id":"https:\/\/chemgramx.com\/product\/am-087-online-kaufen\/#breadcrumb"},"inLanguage":"hu","potentialAction":[{"@type":"ReadAction","target":["https:\/\/chemgramx.com\/product\/am-087-online-kaufen\/"]}]},{"@type":"ImageObject","inLanguage":"hu","@id":"https:\/\/chemgramx.com\/product\/am-087-online-kaufen\/#primaryimage","url":"https:\/\/chemgramx.com\/wp-content\/uploads\/2025\/11\/am087.png","contentUrl":"https:\/\/chemgramx.com\/wp-content\/uploads\/2025\/11\/am087.png","width":600,"height":400},{"@type":"BreadcrumbList","@id":"https:\/\/chemgramx.com\/product\/am-087-online-kaufen\/#breadcrumb","itemListElement":[{"@type":"ListItem","position":1,"name":"Home","item":"https:\/\/chemgramx.com\/"},{"@type":"ListItem","position":2,"name":"Shop","item":"https:\/\/chemgramx.com\/shop\/"},{"@type":"ListItem","position":3,"name":"AM-087 online kaufen"}]},{"@type":"WebSite","@id":"https:\/\/chemgramx.com\/#website","url":"https:\/\/chemgramx.com\/","name":"Chemgramx","description":"","publisher":{"@id":"https:\/\/chemgramx.com\/#organization"},"potentialAction":[{"@type":"SearchAction","target":{"@type":"EntryPoint","urlTemplate":"https:\/\/chemgramx.com\/?s={search_term_string}"},"query-input":{"@type":"PropertyValueSpecification","valueRequired":true,"valueName":"search_term_string"}}],"inLanguage":"hu"},{"@type":"Organization","@id":"https:\/\/chemgramx.com\/#organization","name":"Chemgramx","url":"https:\/\/chemgramx.com\/","logo":{"@type":"ImageObject","inLanguage":"hu","@id":"https:\/\/chemgramx.com\/#\/schema\/logo\/image\/","url":"https:\/\/chemgramx.com\/wp-content\/uploads\/2024\/10\/final-logo.png","contentUrl":"https:\/\/chemgramx.com\/wp-content\/uploads\/2024\/10\/final-logo.png","width":250,"height":48,"caption":"Chemgramx"},"image":{"@id":"https:\/\/chemgramx.com\/#\/schema\/logo\/image\/"}}]}},"_links":{"self":[{"href":"https:\/\/chemgramx.com\/hu\/wp-json\/wp\/v2\/product\/6653","targetHints":{"allow":["GET"]}}],"collection":[{"href":"https:\/\/chemgramx.com\/hu\/wp-json\/wp\/v2\/product"}],"about":[{"href":"https:\/\/chemgramx.com\/hu\/wp-json\/wp\/v2\/types\/product"}],"replies":[{"embeddable":true,"href":"https:\/\/chemgramx.com\/hu\/wp-json\/wp\/v2\/comments?post=6653"}],"wp:featuredmedia":[{"embeddable":true,"href":"https:\/\/chemgramx.com\/hu\/wp-json\/wp\/v2\/media\/6686"}],"wp:attachment":[{"href":"https:\/\/chemgramx.com\/hu\/wp-json\/wp\/v2\/media?parent=6653"}],"wp:term":[{"taxonomy":"product_brand","embeddable":true,"href":"https:\/\/chemgramx.com\/hu\/wp-json\/wp\/v2\/product_brand?post=6653"},{"taxonomy":"product_cat","embeddable":true,"href":"https:\/\/chemgramx.com\/hu\/wp-json\/wp\/v2\/product_cat?post=6653"},{"taxonomy":"product_tag","embeddable":true,"href":"https:\/\/chemgramx.com\/hu\/wp-json\/wp\/v2\/product_tag?post=6653"}],"curies":[{"name":"wp","href":"https:\/\/api.w.org\/{rel}","templated":true}]}}