{"id":6654,"date":"2025-11-21T11:07:34","date_gmt":"2025-11-21T11:07:34","guid":{"rendered":"https:\/\/chemgramx.com\/?post_type=product&#038;p=6654"},"modified":"2025-11-21T11:08:38","modified_gmt":"2025-11-21T11:08:38","slug":"vasarolni-am-2201-online","status":"publish","type":"product","link":"https:\/\/chemgramx.com\/hu\/product\/am-2201-online-kaufen\/","title":{"rendered":"AM-2201 online v\u00e1s\u00e1rl\u00e1sa"},"content":{"rendered":"<p>Ez egy \u00faj term\u00e9kle\u00edr\u00e1s a <b>AM-2201<\/b>, egy m\u00e1sik szintetikus kannabinoid. Ez a sz\u00f6veg t\u00fal r\u00f6vid ahhoz, hogy megfeleljen az el\u0151\u00edrt minim\u00e1lis sz\u00f3mennyis\u00e9gnek (800 sz\u00f3), \u00e9s \u00e1tdolgoz\u00e1sra szorul a k\u00f6vetkez\u0151 sz\u00f6vegek tekintet\u00e9ben <b>SEO szerkezet, olvashat\u00f3s\u00e1g \u00e9s mondathossz<\/b>.<\/p>\n<p>Friss\u00edteni fogom a le\u00edr\u00e1st a <b>AM-2201<\/b> most b\u0151v\u00edtj\u00fck \u00e9s optimaliz\u00e1ljuk az \u00f6sszes krit\u00e9riumnak val\u00f3 megfelel\u00e9s \u00e9rdek\u00e9ben, nagy hangs\u00falyt fektetve a tudom\u00e1nyos alkalmaz\u00e1sokra \u00e9s a nagy tisztas\u00e1gi k\u00f6vetelm\u00e9nyekre.<\/p>\n<h3>V\u00e1s\u00e1roljon nagy tisztas\u00e1g\u00fa AM-2201-t online: A kutat\u00e1si ligandum a kannabinoid receptorok vizsg\u00e1lat\u00e1hoz<\/h3>\n<p><b>AM-2201<\/b> egy magasan specializ\u00e1lt, szintetikus kutat\u00e1si vegyszer. Kifejezetten az ig\u00e9nyes <b>tudom\u00e1nyos kutat\u00e1si c\u00e9lokra<\/b> ellen\u0151rz\u00f6tt laborat\u00f3riumi k\u00f6rnyezetben fejlesztett\u00e9k ki. <b>Amikor<\/b> Te <b>AM-2201 online v\u00e1s\u00e1rl\u00e1sa<\/b> olyan partnert keres, aki <b>Legmagasabb analitikai megb\u00edzhat\u00f3s\u00e1g<\/b> \u00e9s <b>Z\u00f6kken\u0151mentes megfelel\u00e9s<\/b> aj\u00e1nlatok. Ezt a term\u00e9ket a k\u00f6vetkez\u0151k jellemzik <b>Nagy tisztas\u00e1g<\/b> \u00e9s <b>K\u00e9miai stabilit\u00e1s<\/b> a. <b>Ezen k\u00edv\u00fcl<\/b> egyenletes teljes\u00edtm\u00e9nyt ny\u00fajt, \u00edgy ide\u00e1lis az \u00f6sszetett laborat\u00f3riumi k\u00eds\u00e9rletekhez. Az AM-2201 kulcsfontoss\u00e1g\u00fa modellez\u0151 rendszerk\u00e9nt szolg\u00e1l. <b>Teh\u00e1t, hogy<\/b> elemezheti a ligandumok k\u00f6lcs\u00f6nhat\u00e1sait a <b>Endokannabinoid rendszer (ECS)<\/b> pontosan elemezhet\u0151. A nagy kereslet a <b>AM-2201 elad\u00f3<\/b> hangs\u00falyozza annak fontoss\u00e1g\u00e1t, mint n\u00e9lk\u00fcl\u00f6zhetetlen <b>Analitikai reagens<\/b> a modern neurofarmakol\u00f3gi\u00e1ban.<\/p>\n<h2>\u00a0Az AM-2201 anyag: K\u00e9miai szerkezet \u00e9s alkalmaz\u00e1s<\/h2>\n<p><b>AM-2201<\/b> a tud\u00f3sok k\u00f6r\u00e9ben n\u00e9pszer\u0171 kutat\u00e1si vegyszer. Ezek az \u00f3lom <b>Farmakol\u00f3giai vizsg\u00e1latok<\/b>, k\u00e9miai elemz\u00e9sek \u00e9s r\u00e9szletes <b>Receptor tesztek<\/b> kereszt\u00fcl. Minden egyes t\u00e9telt alaposan tesztel\u00fcnk, hogy biztos\u00edtsuk, hogy a term\u00e9k <b>Szigor\u00fa min\u0151s\u00e9gi el\u0151\u00edr\u00e1sok<\/b> \u00e9s pontos eredm\u00e9nyeket biztos\u00edt.<\/p>\n<h3>Milyen t\u00edpus\u00fa gy\u00f3gyszer az AM-2201? Egy naftohenilindol-sz\u00e1rmaz\u00e9k<\/h3>\n<p><b>AM-2201<\/b> k\u00e9miailag \u00fagy ismert, mint <span class=\"math-inline\" data-math=\"mathbf{(1-(5-fluoropentyl)-3-(1-naphthoyl)indol)}\">{(1-(5-(5-fluoropentil)-3-(1-naftoil)indol)}$<\/span>. A k\u00f6vetkez\u0151 oszt\u00e1lyba tartozik <b>Naftohenilindol-sz\u00e1rmaz\u00e9kok<\/b> szintetikus kannabinoidok.<\/p>\n<ul>\n<li><b>Az indolmag:<\/b> Ez az alapv\u00e1z lehet\u0151v\u00e9 teszi a kannabinoid receptorokhoz val\u00f3 affinit\u00e1st.<\/li>\n<li><b>A naftoilcsoport:<\/b> Ez a k\u00f6t\u0151d\u00e9s szempontj\u00e1b\u00f3l kulcsfontoss\u00e1g\u00fa.<\/li>\n<li><b>Az 5-fluoropentil l\u00e1nc:<\/b> Ez a l\u00e1nc az atomon egy kulcsfontoss\u00e1g\u00fa jellemz\u0151. <b>Te<\/b> hozz\u00e1j\u00e1rul a vegy\u00fclet hat\u00e9konys\u00e1g\u00e1hoz \u00e9s metabolikus stabilit\u00e1s\u00e1hoz.<\/li>\n<li><b>Receptor-affinit\u00e1s:<\/b> <b>AM-2201<\/b> er\u0151s agonista a kannabinoid receptorokon \u00e9s. Ez teszi ide\u00e1lis eszk\u00f6zz\u00e9 a <b>Receptor-k\u00f6t\u00e9si vizsg\u00e1latok<\/b>.<\/li>\n<\/ul>\n<h3>F\u0151bb jellemz\u0151k \u00e9s el\u0151ny\u00f6k a kutat\u00e1s sz\u00e1m\u00e1ra<\/h3>\n<p>Az AM-2201 szerkezete egy\u00e9rtelm\u0171 el\u0151ny\u00f6ket k\u00edn\u00e1l a kutat\u00e1s sz\u00e1m\u00e1ra. <b>Ez\u00e9rt<\/b> ig\u00e9nyes k\u00eds\u00e9rletekhez el\u0151ny\u00f6s.<\/p>\n<ul>\n<li><b>Nagy tisztas\u00e1g:<\/b> A garant\u00e1lt tisztas\u00e1g az alapja a <b>Megb\u00edzhat\u00f3 tudom\u00e1nyos eredm\u00e9nyek<\/b>. Nagy tisztas\u00e1g\u00fa mint\u00e1k n\u00e9lk\u00fcl az adatok nem reproduk\u00e1lhat\u00f3k.<\/li>\n<li><b>Megb\u00edzhat\u00f3s\u00e1g:<\/b> A stabil k\u00e9sz\u00edtm\u00e9ny ide\u00e1lis a k\u00f6vetkezetes <a href=\"\/product\/lsd-lysergsaurediethylamid-online-kaufen\/\"><b>Laborat\u00f3riumi k\u00eds\u00e9rletek<\/b><\/a>. Ez k\u00fcl\u00f6n\u00f6sen fontos a hossz\u00fa t\u00e1v\u00fa vizsg\u00e1latok eset\u00e9ben.<\/li>\n<li><b>Sz\u00e9les k\u00f6r\u0171 alkalmaz\u00e1s:<\/b> T\u00f6k\u00e9letes a k\u00f6vetkez\u0151kh\u00f6z <b>Farmakol\u00f3giai kutat\u00e1s<\/b> \u00e9s <b>k\u00e9miai elemz\u00e9sek<\/b>. Ez mag\u00e1ban foglalja az \u00e9rt\u00e9kek meghat\u00e1roz\u00e1s\u00e1t.<\/li>\n<li><b>Tesztelt min\u0151s\u00e9g:<\/b> Minden egyes t\u00e9tel szigor\u00fa <b>Min\u0151s\u00e9gellen\u0151rz\u00e9s<\/b>. Ez bizalmat kelt az elemz\u0151ben.<\/li>\n<\/ul>\n<h2>\u00a0Mi\u00e9rt \u00e9rdemes az AM-2201-t online v\u00e1s\u00e1rolni egy szakosodott besz\u00e1ll\u00edt\u00f3t\u00f3l?<\/h2>\n<p>A kutat\u00f3k \u00e9s laborat\u00f3riumok a <b>Az AM-2201 online v\u00e1s\u00e1rl\u00e1sa<\/b>, a tesztelt, kiv\u00e1l\u00f3 min\u0151s\u00e9g\u0171 vegyi anyagokhoz val\u00f3 hozz\u00e1f\u00e9r\u00e9shez. <b>A folyamat sor\u00e1n<\/b> sz\u00e1mos logisztikai \u00e9s min\u0151s\u00e9gi el\u0151nyben r\u00e9szes\u00fcl.<\/p>\n<h3>Min\u0151s\u00e9gbiztos\u00edt\u00e1s laborat\u00f3riumi jelent\u00e9seken kereszt\u00fcl<\/h3>\n<p>A <b>legjobb hely az AM-2201 online megv\u00e1s\u00e1rl\u00e1s\u00e1ra<\/b>, j\u00f3 h\u00edr\u0171 szolg\u00e1ltat\u00f3k. R\u00e9szletes aj\u00e1nlatot ny\u00fajtanak <b>Laborat\u00f3riumi jelent\u00e9sek<\/b> \u00e9s garant\u00e1lja a <b>Vizsg\u00e1lt tisztas\u00e1g<\/b>. Minden megrendel\u00e9shez biztos\u00edtunk egy <b>Elemz\u00e9si tan\u00fas\u00edtv\u00e1ny (COA)<\/b> rendelkez\u00e9sre \u00e1ll. <b>Ez az \u00e1tl\u00e1that\u00f3s\u00e1g<\/b> biztos\u00edtja, hogy a kutat\u00e1s \u00e9rv\u00e9nyes adatokon alapuljon. Egy rosszabb min\u0151s\u00e9g\u0171 term\u00e9k megv\u00e1s\u00e1rl\u00e1sa eg\u00e9sz kutat\u00e1si projekteket vesz\u00e9lyeztethet, \u00e9s ez\u00e9rt nem gazdas\u00e1gos.<\/p>\n<h3>Az online v\u00e1s\u00e1rl\u00e1s el\u0151nyei a laborat\u00f3riumok sz\u00e1m\u00e1ra<\/h3>\n<p>Az olyan speci\u00e1lis online szolg\u00e1ltat\u00f3n kereszt\u00fcl t\u00f6rt\u00e9n\u0151 beszerz\u00e9s, mint a Chemgramx, jelent\u0151sen leegyszer\u0171s\u00edti a folyamatot a kutat\u00f3int\u00e9zetek sz\u00e1m\u00e1ra.<\/p>\n<ol start=\"1\">\n<li><b>Egyszer\u0171 rendel\u00e9s:<\/b> A rendel\u00e9si folyamat gyors \u00e9s egyszer\u0171. <b>Ezen k\u00edv\u00fcl<\/b> az adminisztr\u00e1ci\u00f3s er\u0151fesz\u00edt\u00e9s minim\u00e1lisra cs\u00f6kken.<\/li>\n<li><b>Diszkr\u00e9t sz\u00e1ll\u00edt\u00e1s:<\/b> A <b>Diszkr\u00e9t sz\u00e1ll\u00edt\u00e1s vil\u00e1gszerte<\/b> v\u00e9di a laborat\u00f3rium mag\u00e1n\u00e9let\u00e9t \u00e9s a sz\u00e1ll\u00edtm\u00e1ny biztons\u00e1g\u00e1t.<\/li>\n<li><b>\u00c1tl\u00e1that\u00f3 \u00e1rk\u00e9pz\u00e9s:<\/b> K\u00edn\u00e1lunk <b>\u00c1tl\u00e1that\u00f3 \u00e1rak<\/b> \u00e9s biztons\u00e1gos fizet\u00e9si m\u00f3dok.<\/li>\n<li><b>Hozz\u00e1f\u00e9r\u00e9s az ellen\u0151rz\u00f6tt tesztekhez:<\/b> K\u00f6zvetlen hozz\u00e1f\u00e9r\u00e9st kap az \u00f6sszes <b>Laborat\u00f3riumi vizsg\u00e1latok<\/b> \u00e9s <b>Anyagbiztons\u00e1gi adatlapok (MSDS)<\/b>.<\/li>\n<\/ol>\n<h3><b>A biztons\u00e1gos rendel\u00e9s \u00e9s kezel\u00e9s protokolljai<\/b><\/h3>\n<p>Miel\u0151tt <b>AM-2201 rendel\u00e9s<\/b> A v\u00e1s\u00e1rl\u00e1s el\u0151tt gondosan ellen\u0151rizni kell a rendelkez\u00e9sre \u00e1ll\u00e1st \u00e9s az \u00e1rakat. <b>Ezen k\u00edv\u00fcl<\/b> meg kell er\u0151s\u00edtenie a helyi biztons\u00e1gi \u00e9s jogi el\u0151\u00edr\u00e1sok betart\u00e1s\u00e1t.<\/p>\n<ul>\n<li><b>T\u00e1rol\u00e1s:<\/b> Az AM-2201-t f\u00e9nyt\u0151l v\u00e9dett, h\u0171v\u00f6s, sz\u00e1raz helyen kell t\u00e1rolni.<\/li>\n<li><b>Kezel\u00e9s:<\/b> A kezel\u00e9snek <b>mindig<\/b> k\u00e9miai f\u00fcstelvezet\u0151 alatt \u00e9s <b>Szem\u00e9lyi v\u00e9d\u0151felszerel\u00e9s (PPE)<\/b> ker\u00fcl sor. <b>Ez sz\u00fcks\u00e9ges<\/b>, mivel a bel\u00e9legz\u00e9s \u00fatj\u00e1n t\u00f6rt\u00e9n\u0151 m\u00e9rgez\u00e9s nem z\u00e1rhat\u00f3 ki teljesen.<\/li>\n<\/ul>\n<h2>Jogi megfelel\u00e9s \u00e9s szab\u00e1lyoz\u00e1si felel\u0151ss\u00e9g<\/h2>\n<p>Mivel az AM-2201 egy er\u0151s szintetikus kannabinoid, szigor\u00fa t\u00f6rv\u00e9nyek vonatkoznak r\u00e1.<\/p>\n<h3>A jogszab\u00e1lyoknak val\u00f3 megfelel\u00e9s<\/h3>\n<p>Az AM-2201 jogszer\u0171s\u00e9ge \u00e9s besorol\u00e1sa orsz\u00e1gonk\u00e9nt nagyon elt\u00e9r\u0151. <b>Ez\u00e9rt<\/b> a v\u00e1s\u00e1rl\u00f3nak felt\u00e9tlen\u00fcl ellen\u0151riznie kell az \u00faj pszichoakt\u00edv anyagok (NpS) ellen\u0151rz\u00e9s\u00e9re vonatkoz\u00f3 nemzeti \u00e9s region\u00e1lis jogszab\u00e1lyokat. Az \u00e9rt\u00e9kes\u00edt\u00e9s csak a k\u00f6vetkez\u0151knek t\u00f6rt\u00e9nik <b>K\u00e9pzett szakszem\u00e9lyzet<\/b> a  oldalon. <b>kiz\u00e1r\u00f3lag tudom\u00e1nyos kutat\u00e1si c\u00e9lokra<\/b>. <b>A szigor\u00fa szab\u00e1ly \u00e9rv\u00e9nyes\u00fcl:<\/b> Az AM-2201 emberi vagy \u00e1llati fogyaszt\u00e1sra nem enged\u00e9lyezett.<\/p>\n<h3>A biztons\u00e1g ir\u00e1nti elk\u00f6telezetts\u00e9g\u00fcnk<\/h3>\n<p>A legnagyobb hangs\u00falyt a k\u00f6vetkez\u0151kre fektetj\u00fck <b>Az \u00f6sszes jogszab\u00e1lyi el\u0151\u00edr\u00e1s legszigor\u00fabb betart\u00e1sa<\/b> \u00e9s sz\u00e1ll\u00edt\u00e1si felt\u00e9telek. <b>Ez biztos\u00edtja<\/b>, hogy \u00d6n a t\u00f6rv\u00e9nyeknek megfelel\u0151 kutat\u00e1si vegyszert kapjon. <b>K\u00f6vetkez\u00e9sk\u00e9ppen<\/b> A j\u00f3 h\u00edr\u0171 besz\u00e1ll\u00edt\u00f3t\u00f3l t\u00f6rt\u00e9n\u0151 v\u00e1s\u00e1rl\u00e1s hozz\u00e1j\u00e1rul az \u00e1ltal\u00e1nos <b>Laborat\u00f3riumi biztons\u00e1g<\/b> \u00e9s a tudom\u00e1nyos integrit\u00e1s meg\u0151rz\u00e9s\u00e9re.<\/p>\n<h2>K\u00f6vetkeztet\u00e9s: AM-2201 professzion\u00e1lis kutat\u00e1si alkalmaz\u00e1sokhoz<\/h2>\n<p><b>AM-2201 online v\u00e1s\u00e1rl\u00e1sa<\/b> a kutat\u00f3k \u00e9s laborat\u00f3riumok sz\u00e1m\u00e1ra <b>Stabil, kiv\u00e1l\u00f3 min\u0151s\u00e9g\u0171 \u00e9s megb\u00edzhat\u00f3 vegyi anyag<\/b> ig\u00e9nyes k\u00eds\u00e9rletekhez. Bizony\u00edtott min\u0151s\u00e9g \u00e9s k\u00f6vetkezetes \u00f6sszet\u00e9tel <b>AM-2201 elad\u00f3<\/b> ide\u00e1lis v\u00e1laszt\u00e1s a <b>Professzion\u00e1lis kutat\u00e1si alkalmaz\u00e1sok<\/b>. Mi vagyunk a <b>megb\u00edzhat\u00f3 partnerek<\/b>, amikor err\u0151l van sz\u00f3, <b>Kiv\u00e1l\u00f3 min\u0151s\u00e9g\u0171 analitika<\/b> \u00fatt\u00f6r\u0151 kutat\u00e1si projektekhez.<\/p>","protected":false},"excerpt":{"rendered":"<h4 style=\"text-align: center;\">AM-2201<\/h4>\n<hr \/>\n<p>Az AM-2201 egy kiv\u00e1l\u00f3 min\u0151s\u00e9g\u0171 szintetikus vegyi anyag, amelyet laborat\u00f3riumi kutat\u00e1sokhoz fejlesztettek ki. Kiv\u00e9teles tisztas\u00e1got \u00e9s stabilit\u00e1st biztos\u00edt a prec\u00edz k\u00eds\u00e9rletekhez. Ide\u00e1lis v\u00e1laszt\u00e1s tudom\u00e1nyos vizsg\u00e1latokhoz \u00e9s elemz\u00e9sekhez. Minden egyes t\u00e9tel szigor\u00fa min\u0151s\u00e9gellen\u0151rz\u00e9sen megy kereszt\u00fcl a megb\u00edzhat\u00f3s\u00e1g \u00e9s a konzisztens eredm\u00e9nyek biztos\u00edt\u00e1sa \u00e9rdek\u00e9ben. Kiz\u00e1r\u00f3lag laborat\u00f3riumi felhaszn\u00e1l\u00e1sra sz\u00e1nt.<\/p>","protected":false},"featured_media":6687,"comment_status":"open","ping_status":"closed","template":"","meta":{"_joinchat":[]},"product_brand":[],"product_cat":[1794],"product_tag":[1815,1821,1816,1819,1820,1818,1817,188,1814,333],"class_list":{"0":"post-6654","1":"product","2":"type-product","3":"status-publish","4":"has-post-thumbnail","6":"product_cat-am-serie","7":"product_tag-am-2201","8":"product_tag-am-2201-chemikalien","9":"product_tag-am-2201-kaufen","10":"product_tag-am-2201-kristalle","11":"product_tag-am-2201-online","12":"product_tag-am-2201-pulver","13":"product_tag-am-2201-zum-verkauf","14":"product_tag-forschungschemikalien","15":"product_tag-forschungsstoffe-kaufen","16":"product_tag-synthetische-cannabinoide","18":"first","19":"instock","20":"shipping-taxable","21":"purchasable","22":"product-type-variable"},"yoast_head":"<!-- This site is optimized with the Yoast SEO plugin v27.5 - https:\/\/yoast.com\/product\/yoast-seo-wordpress\/ -->\n<title>AM-2201 online kaufen \u2013 AM-2201 zu verkaufen | chemgramx<\/title>\n<meta name=\"description\" content=\"Sie suchen hochwertiges AM-2201 zum Online-Verkauf? Chemgramx ist ein f\u00fchrender Shop, in dem Sie AM-2201 online zum besten Preis kaufen k\u00f6nnen. Jetzt mit diskretem Versand bestellen!\" \/>\n<meta name=\"robots\" content=\"index, follow, max-snippet:-1, max-image-preview:large, max-video-preview:-1\" \/>\n<link rel=\"canonical\" href=\"https:\/\/chemgramx.com\/hu\/termek-1\/vasarolni-am-2201-online\/\" \/>\n<meta property=\"og:locale\" content=\"hu_HU\" \/>\n<meta property=\"og:type\" content=\"article\" \/>\n<meta property=\"og:title\" content=\"AM-2201 online kaufen \u2013 AM-2201 zu verkaufen | chemgramx\" \/>\n<meta property=\"og:description\" content=\"Sie suchen hochwertiges AM-2201 zum Online-Verkauf? Chemgramx ist ein f\u00fchrender Shop, in dem Sie AM-2201 online zum besten Preis kaufen k\u00f6nnen. Jetzt mit diskretem Versand bestellen!\" \/>\n<meta property=\"og:url\" content=\"https:\/\/chemgramx.com\/hu\/termek-1\/vasarolni-am-2201-online\/\" \/>\n<meta property=\"og:site_name\" content=\"Chemgramx\" \/>\n<meta property=\"article:modified_time\" content=\"2025-11-21T11:08:38+00:00\" \/>\n<meta property=\"og:image\" content=\"https:\/\/chemgramx.com\/wp-content\/uploads\/2025\/11\/am-2201.png\" \/>\n\t<meta property=\"og:image:width\" content=\"600\" \/>\n\t<meta property=\"og:image:height\" content=\"400\" \/>\n\t<meta property=\"og:image:type\" content=\"image\/png\" \/>\n<meta name=\"twitter:card\" content=\"summary_large_image\" \/>\n<meta name=\"twitter:label1\" content=\"Becs\u00fclt olvas\u00e1si id\u0151\" \/>\n\t<meta name=\"twitter:data1\" content=\"4 perc\" \/>\n<script type=\"application\/ld+json\" class=\"yoast-schema-graph\">{\"@context\":\"https:\\\/\\\/schema.org\",\"@graph\":[{\"@type\":\"WebPage\",\"@id\":\"https:\\\/\\\/chemgramx.com\\\/product\\\/am-2201-online-kaufen\\\/\",\"url\":\"https:\\\/\\\/chemgramx.com\\\/product\\\/am-2201-online-kaufen\\\/\",\"name\":\"AM-2201 online kaufen \u2013 AM-2201 zu verkaufen | chemgramx\",\"isPartOf\":{\"@id\":\"https:\\\/\\\/chemgramx.com\\\/#website\"},\"primaryImageOfPage\":{\"@id\":\"https:\\\/\\\/chemgramx.com\\\/product\\\/am-2201-online-kaufen\\\/#primaryimage\"},\"image\":{\"@id\":\"https:\\\/\\\/chemgramx.com\\\/product\\\/am-2201-online-kaufen\\\/#primaryimage\"},\"thumbnailUrl\":\"https:\\\/\\\/chemgramx.com\\\/wp-content\\\/uploads\\\/2025\\\/11\\\/am-2201.png\",\"datePublished\":\"2025-11-21T11:07:34+00:00\",\"dateModified\":\"2025-11-21T11:08:38+00:00\",\"description\":\"Sie suchen hochwertiges AM-2201 zum Online-Verkauf? Chemgramx ist ein f\u00fchrender Shop, in dem Sie AM-2201 online zum besten Preis kaufen k\u00f6nnen. Jetzt mit diskretem Versand bestellen!\",\"breadcrumb\":{\"@id\":\"https:\\\/\\\/chemgramx.com\\\/product\\\/am-2201-online-kaufen\\\/#breadcrumb\"},\"inLanguage\":\"hu\",\"potentialAction\":[{\"@type\":\"ReadAction\",\"target\":[\"https:\\\/\\\/chemgramx.com\\\/product\\\/am-2201-online-kaufen\\\/\"]}]},{\"@type\":\"ImageObject\",\"inLanguage\":\"hu\",\"@id\":\"https:\\\/\\\/chemgramx.com\\\/product\\\/am-2201-online-kaufen\\\/#primaryimage\",\"url\":\"https:\\\/\\\/chemgramx.com\\\/wp-content\\\/uploads\\\/2025\\\/11\\\/am-2201.png\",\"contentUrl\":\"https:\\\/\\\/chemgramx.com\\\/wp-content\\\/uploads\\\/2025\\\/11\\\/am-2201.png\",\"width\":600,\"height\":400},{\"@type\":\"BreadcrumbList\",\"@id\":\"https:\\\/\\\/chemgramx.com\\\/product\\\/am-2201-online-kaufen\\\/#breadcrumb\",\"itemListElement\":[{\"@type\":\"ListItem\",\"position\":1,\"name\":\"Home\",\"item\":\"https:\\\/\\\/chemgramx.com\\\/\"},{\"@type\":\"ListItem\",\"position\":2,\"name\":\"Shop\",\"item\":\"https:\\\/\\\/chemgramx.com\\\/shop\\\/\"},{\"@type\":\"ListItem\",\"position\":3,\"name\":\"AM-2201 online kaufen\"}]},{\"@type\":\"WebSite\",\"@id\":\"https:\\\/\\\/chemgramx.com\\\/#website\",\"url\":\"https:\\\/\\\/chemgramx.com\\\/\",\"name\":\"Chemgramx\",\"description\":\"\",\"publisher\":{\"@id\":\"https:\\\/\\\/chemgramx.com\\\/#organization\"},\"potentialAction\":[{\"@type\":\"SearchAction\",\"target\":{\"@type\":\"EntryPoint\",\"urlTemplate\":\"https:\\\/\\\/chemgramx.com\\\/?s={search_term_string}\"},\"query-input\":{\"@type\":\"PropertyValueSpecification\",\"valueRequired\":true,\"valueName\":\"search_term_string\"}}],\"inLanguage\":\"hu\"},{\"@type\":\"Organization\",\"@id\":\"https:\\\/\\\/chemgramx.com\\\/#organization\",\"name\":\"Chemgramx\",\"url\":\"https:\\\/\\\/chemgramx.com\\\/\",\"logo\":{\"@type\":\"ImageObject\",\"inLanguage\":\"hu\",\"@id\":\"https:\\\/\\\/chemgramx.com\\\/#\\\/schema\\\/logo\\\/image\\\/\",\"url\":\"https:\\\/\\\/chemgramx.com\\\/wp-content\\\/uploads\\\/2024\\\/10\\\/final-logo.png\",\"contentUrl\":\"https:\\\/\\\/chemgramx.com\\\/wp-content\\\/uploads\\\/2024\\\/10\\\/final-logo.png\",\"width\":250,\"height\":48,\"caption\":\"Chemgramx\"},\"image\":{\"@id\":\"https:\\\/\\\/chemgramx.com\\\/#\\\/schema\\\/logo\\\/image\\\/\"}}]}<\/script>\n<!-- \/ Yoast SEO plugin. -->","yoast_head_json":{"title":"V\u00e1s\u00e1roljon AM-2201-et online \u2013 AM-2201 elad\u00f3 | chemgramx","description":"Kiv\u00e1l\u00f3 min\u0151s\u00e9g\u0171 AM-2201-et keres online elad\u00e1sra? A Chemgramx egy vezet\u0151 \u00e1ruh\u00e1z, ahol a legjobb \u00e1ron v\u00e1s\u00e1rolhatja meg az AM-2201-et online. Rendelje meg most diszkr\u00e9t sz\u00e1ll\u00edt\u00e1ssal!","robots":{"index":"index","follow":"follow","max-snippet":"max-snippet:-1","max-image-preview":"max-image-preview:large","max-video-preview":"max-video-preview:-1"},"canonical":"https:\/\/chemgramx.com\/hu\/termek-1\/vasarolni-am-2201-online\/","og_locale":"hu_HU","og_type":"article","og_title":"AM-2201 online kaufen \u2013 AM-2201 zu verkaufen | chemgramx","og_description":"Sie suchen hochwertiges AM-2201 zum Online-Verkauf? Chemgramx ist ein f\u00fchrender Shop, in dem Sie AM-2201 online zum besten Preis kaufen k\u00f6nnen. Jetzt mit diskretem Versand bestellen!","og_url":"https:\/\/chemgramx.com\/hu\/termek-1\/vasarolni-am-2201-online\/","og_site_name":"Chemgramx","article_modified_time":"2025-11-21T11:08:38+00:00","og_image":[{"width":600,"height":400,"url":"https:\/\/chemgramx.com\/wp-content\/uploads\/2025\/11\/am-2201.png","type":"image\/png"}],"twitter_card":"summary_large_image","twitter_misc":{"Becs\u00fclt olvas\u00e1si id\u0151":"4 perc"},"schema":{"@context":"https:\/\/schema.org","@graph":[{"@type":"WebPage","@id":"https:\/\/chemgramx.com\/product\/am-2201-online-kaufen\/","url":"https:\/\/chemgramx.com\/product\/am-2201-online-kaufen\/","name":"V\u00e1s\u00e1roljon AM-2201-et online \u2013 AM-2201 elad\u00f3 | chemgramx","isPartOf":{"@id":"https:\/\/chemgramx.com\/#website"},"primaryImageOfPage":{"@id":"https:\/\/chemgramx.com\/product\/am-2201-online-kaufen\/#primaryimage"},"image":{"@id":"https:\/\/chemgramx.com\/product\/am-2201-online-kaufen\/#primaryimage"},"thumbnailUrl":"https:\/\/chemgramx.com\/wp-content\/uploads\/2025\/11\/am-2201.png","datePublished":"2025-11-21T11:07:34+00:00","dateModified":"2025-11-21T11:08:38+00:00","description":"Kiv\u00e1l\u00f3 min\u0151s\u00e9g\u0171 AM-2201-et keres online elad\u00e1sra? A Chemgramx egy vezet\u0151 \u00e1ruh\u00e1z, ahol a legjobb \u00e1ron v\u00e1s\u00e1rolhatja meg az AM-2201-et online. Rendelje meg most diszkr\u00e9t sz\u00e1ll\u00edt\u00e1ssal!","breadcrumb":{"@id":"https:\/\/chemgramx.com\/product\/am-2201-online-kaufen\/#breadcrumb"},"inLanguage":"hu","potentialAction":[{"@type":"ReadAction","target":["https:\/\/chemgramx.com\/product\/am-2201-online-kaufen\/"]}]},{"@type":"ImageObject","inLanguage":"hu","@id":"https:\/\/chemgramx.com\/product\/am-2201-online-kaufen\/#primaryimage","url":"https:\/\/chemgramx.com\/wp-content\/uploads\/2025\/11\/am-2201.png","contentUrl":"https:\/\/chemgramx.com\/wp-content\/uploads\/2025\/11\/am-2201.png","width":600,"height":400},{"@type":"BreadcrumbList","@id":"https:\/\/chemgramx.com\/product\/am-2201-online-kaufen\/#breadcrumb","itemListElement":[{"@type":"ListItem","position":1,"name":"Home","item":"https:\/\/chemgramx.com\/"},{"@type":"ListItem","position":2,"name":"Shop","item":"https:\/\/chemgramx.com\/shop\/"},{"@type":"ListItem","position":3,"name":"AM-2201 online kaufen"}]},{"@type":"WebSite","@id":"https:\/\/chemgramx.com\/#website","url":"https:\/\/chemgramx.com\/","name":"Chemgramx","description":"","publisher":{"@id":"https:\/\/chemgramx.com\/#organization"},"potentialAction":[{"@type":"SearchAction","target":{"@type":"EntryPoint","urlTemplate":"https:\/\/chemgramx.com\/?s={search_term_string}"},"query-input":{"@type":"PropertyValueSpecification","valueRequired":true,"valueName":"search_term_string"}}],"inLanguage":"hu"},{"@type":"Organization","@id":"https:\/\/chemgramx.com\/#organization","name":"Chemgramx","url":"https:\/\/chemgramx.com\/","logo":{"@type":"ImageObject","inLanguage":"hu","@id":"https:\/\/chemgramx.com\/#\/schema\/logo\/image\/","url":"https:\/\/chemgramx.com\/wp-content\/uploads\/2024\/10\/final-logo.png","contentUrl":"https:\/\/chemgramx.com\/wp-content\/uploads\/2024\/10\/final-logo.png","width":250,"height":48,"caption":"Chemgramx"},"image":{"@id":"https:\/\/chemgramx.com\/#\/schema\/logo\/image\/"}}]}},"_links":{"self":[{"href":"https:\/\/chemgramx.com\/hu\/wp-json\/wp\/v2\/product\/6654","targetHints":{"allow":["GET"]}}],"collection":[{"href":"https:\/\/chemgramx.com\/hu\/wp-json\/wp\/v2\/product"}],"about":[{"href":"https:\/\/chemgramx.com\/hu\/wp-json\/wp\/v2\/types\/product"}],"replies":[{"embeddable":true,"href":"https:\/\/chemgramx.com\/hu\/wp-json\/wp\/v2\/comments?post=6654"}],"wp:featuredmedia":[{"embeddable":true,"href":"https:\/\/chemgramx.com\/hu\/wp-json\/wp\/v2\/media\/6687"}],"wp:attachment":[{"href":"https:\/\/chemgramx.com\/hu\/wp-json\/wp\/v2\/media?parent=6654"}],"wp:term":[{"taxonomy":"product_brand","embeddable":true,"href":"https:\/\/chemgramx.com\/hu\/wp-json\/wp\/v2\/product_brand?post=6654"},{"taxonomy":"product_cat","embeddable":true,"href":"https:\/\/chemgramx.com\/hu\/wp-json\/wp\/v2\/product_cat?post=6654"},{"taxonomy":"product_tag","embeddable":true,"href":"https:\/\/chemgramx.com\/hu\/wp-json\/wp\/v2\/product_tag?post=6654"}],"curies":[{"name":"wp","href":"https:\/\/api.w.org\/{rel}","templated":true}]}}