{"id":6664,"date":"2025-11-21T11:07:59","date_gmt":"2025-11-21T11:07:59","guid":{"rendered":"https:\/\/chemgramx.com\/?post_type=product&#038;p=6664"},"modified":"2025-11-21T11:09:14","modified_gmt":"2025-11-21T11:09:14","slug":"metoxfenidin-mxp-online-vasarlas","status":"publish","type":"product","link":"https:\/\/chemgramx.com\/hu\/product\/methoxphenidin-mxp-online-kaufen\/","title":{"rendered":"V\u00e1s\u00e1rl\u00e1s Methoxphenidine (MXP) online"},"content":{"rendered":"<p data-path-to-node=\"6\">A metoxfenidin (MXP) egy szintetikus k\u00e9miai vegy\u00fclet, amely kiemelked\u0151 jelent\u0151s\u00e9g\u0171 a neurofarmakol\u00f3giai kutat\u00e1sokban. <b>El\u0151sz\u00f6r is<\/b> Hangs\u00falyozni kell, hogy az MXP egy er\u0151s <b>NMDA-antagonista<\/b> az. <b>Teh\u00e1t, hogy<\/b> fontos eszk\u00f6zk\u00e9nt szolg\u00e1l a disszociat\u00edv szerek komplex fiziol\u00f3giai \u00e9s neurol\u00f3giai hat\u00e1sainak r\u00e9szletes vizsg\u00e1lat\u00e1hoz.<\/p>\n<p data-path-to-node=\"7\">A tudom\u00e1nyos kutat\u00f3int\u00e9zetek \u00e9s laborat\u00f3riumok vil\u00e1gszerte c\u00e9lzottan keresnek kiv\u00e1l\u00f3 min\u0151s\u00e9g\u0171 <b>Metoxfenidin (MXP) elad\u00f3<\/b>. <b>A folyamat sor\u00e1n<\/b> gondosan hasonl\u00edtsa \u00f6ssze a <b>Metoxfenidin (MXP) \u00e1r<\/b>. <b>Ezen k\u00edv\u00fcl<\/b> Nagy hangs\u00falyt fektetnek arra, hogy kiz\u00e1r\u00f3lag megb\u00edzhat\u00f3 \u00e9s tan\u00fas\u00edtott forr\u00e1sokat v\u00e1lasszanak. <b>Ez elengedhetetlen.<\/b>, amikor megvizsg\u00e1lj\u00e1k a lehet\u0151s\u00e9get, <b>Val\u00f3di vagy hamis metoxfenidin (MXP) v\u00e1s\u00e1rl\u00e1sa<\/b>.<\/p>\n<h2>A metoxfenidin (MXP) tudom\u00e1nyos jelent\u0151s\u00e9ge<\/h2>\n<p data-path-to-node=\"9\">Az MXP az aril-ciklohexilaminok k\u00e9miai oszt\u00e1ly\u00e1ba tartozik. <b>Pontosabban<\/b>, a k\u00f6zponti idegrendszerben az NMDA-receptorok blokkol\u00e1s\u00e1val fejti ki hat\u00e1s\u00e1t. <b>Ezek a receptorok<\/b> d\u00f6nt\u0151 szerepet j\u00e1tszanak a szinaptikus plaszticit\u00e1sban, a tanul\u00e1sban \u00e9s a mem\u00f3ri\u00e1ban. <b>Ennek k\u00f6vetkezt\u00e9ben<\/b> lehet\u0151v\u00e9 teszi az MXP kutat\u00f3k sz\u00e1m\u00e1ra, hogy szimul\u00e1lj\u00e1k \u00e9s elemezz\u00e9k a disszociat\u00edv \u00e1llapotokban fell\u00e9p\u0151 mechanizmusokat.<\/p>\n<p data-path-to-node=\"10\"><b>Ez k\u00fcl\u00f6n\u00f6sen relev\u00e1ns<\/b> a k\u00f6vetkez\u0151 ter\u00fcleteken folytatott tanulm\u00e1nyokhoz:<\/p>\n<ul data-path-to-node=\"11\">\n<li>\n<p data-path-to-node=\"11,0,0\"><b>Neurotranszmitter-rendszerek kutat\u00e1sa:<\/b> A tud\u00f3sok az MXP-t r\u00e9szletes tanulm\u00e1nyokhoz haszn\u00e1lj\u00e1k. <b>Itt<\/b> vizsg\u00e1lj\u00e1k az NMDA-receptor blok\u00e1d hat\u00e1s\u00e1t m\u00e1s rendszerekre, p\u00e9ld\u00e1ul a dopaminra \u00e9s a szerotoninra. <b>K\u00f6vetkez\u00e9sk\u00e9ppen<\/b> \u00e9rt\u00e9kes betekint\u00e9st nyernek a neurok\u00e9miai folyamatokba.<\/p>\n<\/li>\n<li>\n<p data-path-to-node=\"11,1,0\"><b>Ter\u00e1pi\u00e1s megk\u00f6zel\u00edt\u00e9sek fejleszt\u00e9se:<\/b> A kutat\u00e1sok jelent\u0151s ter\u00e1pi\u00e1s potenci\u00e1lt mutattak ki a s\u00falyos depresszi\u00f3 kezel\u00e9s\u00e9ben. <a href=\"\/product\/3-fpm-online-kaufen\/\"><b>Ennek eredm\u00e9nyek\u00e9ppen<\/b> <\/a>az MXP modellszubsztanciak\u00e9nt szolg\u00e1l. Seg\u00edt megfejteni a molekul\u00e1ris \u00fatvonalakat. <b>Ez\u00e9rt<\/b> laborat\u00f3riumok \u00f6sszehasonl\u00edt\u00f3 vizsg\u00e1latokat v\u00e9geznek. \u00c9rt\u00e9kelik a sz\u00e1rmaz\u00e9kokat, hogy \u00faj, biztons\u00e1gosabb kezel\u00e9si form\u00e1kat fejlesszenek ki.<\/p>\n<\/li>\n<li>\n<p data-path-to-node=\"11,2,0\"><b>Neurol\u00f3giai rendelleness\u00e9gek meg\u00e9rt\u00e9se:<\/b> <b>P\u00e9ld\u00e1ul<\/b> a kutat\u00f3k jobban meg\u00e9rthetik a neurol\u00f3giai vagy pszichi\u00e1triai betegs\u00e9gek bizonyos aspektusait. Ez a disszociat\u00edv \u00e1llapotok kontroll\u00e1lt indukci\u00f3j\u00e1val t\u00f6rt\u00e9nik.<\/p>\n<\/li>\n<\/ul>\n<p data-path-to-node=\"12\">Sz\u00e1mos laborat\u00f3rium kihaszn\u00e1lja a rugalmass\u00e1got, <b>(MXP) online v\u00e1s\u00e1rl\u00e1s<\/b> . <b>Ez\u00e1ltal<\/b> hat\u00e9konyan v\u00e9gzik kutat\u00e1saikat. <b>K\u00fcl\u00f6n\u00f6sen<\/b> A nagyobb mennyis\u00e9geket ig\u00e9nyl\u0151 laborat\u00f3riumok akt\u00edvan keresik a lehet\u0151s\u00e9geket, <b>Metoxfenidin (MXP) kedvez\u0151 \u00e1ron online v\u00e1s\u00e1rolhat\u00f3<\/b> . <b>Teh\u00e1t<\/b> felel\u0151ss\u00e9gteljesen kezelhetik a kutat\u00e1si k\u00f6lts\u00e9geket.<\/p>\n<h2>Beszerz\u00e9s \u00e9s min\u0151s\u00e9gbiztos\u00edt\u00e1s kutat\u00f3 laborat\u00f3riumok sz\u00e1m\u00e1ra<\/h2>\n<p data-path-to-node=\"15\">A tudom\u00e1nyos eredm\u00e9nyek integrit\u00e1sa k\u00f6zvetlen\u00fcl f\u00fcgg a kutat\u00e1si vegyszerek tisztas\u00e1g\u00e1t\u00f3l. <b>Ez\u00e9rt<\/b> A metoxfenidin beszerz\u00e9si folyamata szigor\u00faan szab\u00e1lyozott.<\/p>\n<h3>1. A beszerz\u00e9si forr\u00e1s kiv\u00e1laszt\u00e1sa<\/h3>\n<p data-path-to-node=\"17\">A k\u00e9rd\u00e9s, <b>Hol lehet metoxfenidint (MXP) v\u00e1s\u00e1rolni?<\/b>, mindig speci\u00e1lis laborat\u00f3riumi besz\u00e1ll\u00edt\u00f3khoz vezet. <b>Val\u00f3j\u00e1ban<\/b> ezek a szolg\u00e1ltat\u00f3k a <b>A legjobb hely metoxfenidin (MXP) v\u00e1s\u00e1rl\u00e1s\u00e1hoz<\/b>. <b>Te<\/b> kritikus k\u00f6vetelm\u00e9nyeknek felelnek meg:<\/p>\n<ul data-path-to-node=\"18\">\n<li>\n<p data-path-to-node=\"18,0,0\"><b>Tan\u00fas\u00edtott tisztas\u00e1g:<\/b> A megb\u00edzhat\u00f3 besz\u00e1ll\u00edt\u00f3k elemz\u00e9si tan\u00fas\u00edtv\u00e1nyokat bocs\u00e1tanak rendelkez\u00e9sre. <b>Ezek bizony\u00edtj\u00e1k<\/b> a term\u00e9k tisztas\u00e1ga. <b>Csak ez<\/b> A garant\u00e1lt min\u0151s\u00e9g reproduk\u00e1lhat\u00f3 eredm\u00e9nyeket biztos\u00edt.<\/p>\n<\/li>\n<li>\n<p data-path-to-node=\"18,1,0\"><b>\u00c1tl\u00e1that\u00f3 \u00e1r-\u00f6sszehasonl\u00edt\u00e1s:<\/b> A <b>hasonl\u00f3 (MXP) \u00e1r<\/b> fontos t\u00e9nyez\u0151. <b>Ez\u00e9rt<\/b> A B2B-szolg\u00e1ltat\u00f3k gyakran k\u00edn\u00e1lnak differenci\u00e1lt \u00e1rakat. <b>Ez a<\/b> lehet\u0151v\u00e9 teszi a laborat\u00f3riumok sz\u00e1m\u00e1ra, hogy nagyobb megrendel\u00e9sek eset\u00e9n <b>Metoxfenidin (MXP) kedvez\u0151 \u00e1ron online v\u00e1s\u00e1rolhat\u00f3<\/b> .<\/p>\n<\/li>\n<li>\n<p data-path-to-node=\"18,2,0\"><b>Biztons\u00e1gos \u00e9s diszkr\u00e9t sz\u00e1ll\u00edt\u00e1s:<\/b> A tudom\u00e1nyos projektekhez sz\u00fcks\u00e9ges egy <b>biztons\u00e1gos (MXP) online v\u00e1s\u00e1rl\u00e1s<\/b> n\u00e9lk\u00fcl\u00f6zhetetlen. <b>Ez a<\/b> biztos\u00edtja a k\u00eds\u00e9rletek zavartalan folytat\u00e1s\u00e1t.<\/p>\n<\/li>\n<\/ul>\n<h3>2. Kock\u00e1zatkezel\u00e9s \u00e9s hiteless\u00e9g<\/h3>\n<p data-path-to-node=\"20\"><b>A<\/b> a nem szab\u00e1lyozott anyagok jelenl\u00e9t\u00e9nek vizsg\u00e1lata <b>val\u00f3di vagy hamis (MXP) elad\u00f3<\/b> fontos \u00f3vint\u00e9zked\u00e9s. <b>\u00d3vatoss\u00e1gra van sz\u00fcks\u00e9g<\/b>, mivel a szennyezett term\u00e9kek hib\u00e1s kutat\u00e1si eredm\u00e9nyekhez vezethetnek. A tudom\u00e1nyos k\u00f6z\u00f6ss\u00e9gnek v\u00e9denie kell mag\u00e1t.<\/p>\n<p data-path-to-node=\"21\"><b>Figyelem:<\/b> A d\u00f6nt\u00e9s, <b>Rendeljen val\u00f3di vagy hamis metoxfenidint (MXP)<\/b>, a kutat\u00e1s sz\u00e1m\u00e1ra nem jelent megold\u00e1st. <b>Kiz\u00e1r\u00f3lag<\/b> K\u00e9miailag igazolt, tiszta MXP haszn\u00e1lhat\u00f3. A megb\u00edzhat\u00f3 besz\u00e1ll\u00edt\u00f3k garant\u00e1lj\u00e1k a term\u00e9k min\u0151s\u00e9g\u00e9t. <b>(MXP) elad\u00f3<\/b>.<\/p>\n<h3 data-start=\"2412\" data-end=\"2422\">K\u00f6vetkeztet\u00e9s<\/h3>\n<p data-start=\"2424\" data-end=\"2936\">A metoxfenidint (MXP) online v\u00e1s\u00e1rolni k\u00edv\u00e1n\u00f3 kutat\u00f3k gyakran felteszik a k\u00e9rd\u00e9st, hogy hol lehet metoxfenidint (MXP) v\u00e1s\u00e1rolni ellen\u0151rz\u00f6tt min\u0151s\u00e9gben. A metoxfenidin (MXP) v\u00e1s\u00e1rl\u00e1s\u00e1nak legjobb helye \u00e1tl\u00e1that\u00f3 \u00e1rakat, tisztas\u00e1got \u00e9s megb\u00edzhat\u00f3s\u00e1got k\u00edn\u00e1l. Ak\u00e1r val\u00f3di vagy hamis metoxfenidint (MXP) rendel tanulm\u00e1nyokhoz, ak\u00e1r metoxfenidint (MXP) v\u00e1s\u00e1rol olcs\u00f3n online nagyobb kutat\u00e1si projektekhez, a megb\u00edzhat\u00f3 forr\u00e1s kiv\u00e1laszt\u00e1sa elengedhetetlen a hiteles \u00e9s biztons\u00e1gos eredm\u00e9nyek garant\u00e1l\u00e1s\u00e1hoz.<\/p>","protected":false},"excerpt":{"rendered":"<p><strong>Metoxfenidin (MXP)<\/strong> egy szintetikus disszociat\u00edv szer, amely NMDA-antagonistak\u00e9nt m\u0171k\u00f6dik. Kiz\u00e1r\u00f3lag tudom\u00e1nyos vizsg\u00e1latokban haszn\u00e1lj\u00e1k a k\u00f6zponti idegrendszerre gyakorolt hat\u00e1sainak vizsg\u00e1lat\u00e1ra. Ezt az anyagot az idegtudom\u00e1nyi hat\u00e1sok \u00e9s a lehets\u00e9ges ter\u00e1pi\u00e1s alkalmaz\u00e1sok tanulm\u00e1nyoz\u00e1s\u00e1ra haszn\u00e1lj\u00e1k, \u00e9s emberi fogyaszt\u00e1sra nem alkalmas.<\/p>","protected":false},"featured_media":6701,"comment_status":"open","ping_status":"closed","template":"","meta":{"_joinchat":[]},"product_brand":[],"product_cat":[1804],"product_tag":[188,1814,2040,2042,2047,2044,2041,2045,2043,2046],"class_list":{"0":"post-6664","1":"product","2":"type-product","3":"status-publish","4":"has-post-thumbnail","6":"product_cat-amphetam","7":"product_tag-forschungschemikalien","8":"product_tag-forschungsstoffe-kaufen","9":"product_tag-methoxphenidine","10":"product_tag-methoxphenidine-kaufen","11":"product_tag-methoxphenidine-online","12":"product_tag-methoxphenidine-pulver","13":"product_tag-mxp-kaufen","14":"product_tag-mxp-kristalle","15":"product_tag-mxp-zum-verkauf","16":"product_tag-synthetische-dissoziativa","18":"first","19":"instock","20":"shipping-taxable","21":"purchasable","22":"product-type-variable"},"yoast_head":"<!-- This site is optimized with the Yoast SEO plugin v27.5 - https:\/\/yoast.com\/product\/yoast-seo-wordpress\/ -->\n<title>Methoxphenidin (MXP) | Dissoziativum f\u00fcr wissenschaftliche<\/title>\n<meta name=\"description\" content=\"Erforschen Sie Methoxphenidin (MXP), ein leistungsstarker NMDA-Antagonist f\u00fcr wissenschaftliche Studien zur Untersuchung der neurochemischen\" \/>\n<meta name=\"robots\" content=\"index, follow, max-snippet:-1, max-image-preview:large, max-video-preview:-1\" \/>\n<link rel=\"canonical\" href=\"https:\/\/chemgramx.com\/hu\/termek-1\/metoxfenidin-mxp-online-vasarlas\/\" \/>\n<meta property=\"og:locale\" content=\"hu_HU\" \/>\n<meta property=\"og:type\" content=\"article\" \/>\n<meta property=\"og:title\" content=\"Methoxphenidin (MXP) | Dissoziativum f\u00fcr wissenschaftliche\" \/>\n<meta property=\"og:description\" content=\"Erforschen Sie Methoxphenidin (MXP), ein leistungsstarker NMDA-Antagonist f\u00fcr wissenschaftliche Studien zur Untersuchung der neurochemischen\" \/>\n<meta property=\"og:url\" content=\"https:\/\/chemgramx.com\/hu\/termek-1\/metoxfenidin-mxp-online-vasarlas\/\" \/>\n<meta property=\"og:site_name\" content=\"Chemgramx\" \/>\n<meta property=\"article:modified_time\" content=\"2025-11-21T11:09:14+00:00\" \/>\n<meta property=\"og:image\" content=\"https:\/\/chemgramx.com\/wp-content\/uploads\/2025\/11\/MethoxphenidineMXP.png\" \/>\n\t<meta property=\"og:image:width\" content=\"600\" \/>\n\t<meta property=\"og:image:height\" content=\"400\" \/>\n\t<meta property=\"og:image:type\" content=\"image\/png\" \/>\n<meta name=\"twitter:card\" content=\"summary_large_image\" \/>\n<meta name=\"twitter:label1\" content=\"Becs\u00fclt olvas\u00e1si id\u0151\" \/>\n\t<meta name=\"twitter:data1\" content=\"3 perc\" \/>\n<script type=\"application\/ld+json\" class=\"yoast-schema-graph\">{\"@context\":\"https:\\\/\\\/schema.org\",\"@graph\":[{\"@type\":\"WebPage\",\"@id\":\"https:\\\/\\\/chemgramx.com\\\/product\\\/methoxphenidin-mxp-online-kaufen\\\/\",\"url\":\"https:\\\/\\\/chemgramx.com\\\/product\\\/methoxphenidin-mxp-online-kaufen\\\/\",\"name\":\"Methoxphenidin (MXP) | Dissoziativum f\u00fcr wissenschaftliche\",\"isPartOf\":{\"@id\":\"https:\\\/\\\/chemgramx.com\\\/#website\"},\"primaryImageOfPage\":{\"@id\":\"https:\\\/\\\/chemgramx.com\\\/product\\\/methoxphenidin-mxp-online-kaufen\\\/#primaryimage\"},\"image\":{\"@id\":\"https:\\\/\\\/chemgramx.com\\\/product\\\/methoxphenidin-mxp-online-kaufen\\\/#primaryimage\"},\"thumbnailUrl\":\"https:\\\/\\\/chemgramx.com\\\/wp-content\\\/uploads\\\/2025\\\/11\\\/MethoxphenidineMXP.png\",\"datePublished\":\"2025-11-21T11:07:59+00:00\",\"dateModified\":\"2025-11-21T11:09:14+00:00\",\"description\":\"Erforschen Sie Methoxphenidin (MXP), ein leistungsstarker NMDA-Antagonist f\u00fcr wissenschaftliche Studien zur Untersuchung der neurochemischen\",\"breadcrumb\":{\"@id\":\"https:\\\/\\\/chemgramx.com\\\/product\\\/methoxphenidin-mxp-online-kaufen\\\/#breadcrumb\"},\"inLanguage\":\"hu\",\"potentialAction\":[{\"@type\":\"ReadAction\",\"target\":[\"https:\\\/\\\/chemgramx.com\\\/product\\\/methoxphenidin-mxp-online-kaufen\\\/\"]}]},{\"@type\":\"ImageObject\",\"inLanguage\":\"hu\",\"@id\":\"https:\\\/\\\/chemgramx.com\\\/product\\\/methoxphenidin-mxp-online-kaufen\\\/#primaryimage\",\"url\":\"https:\\\/\\\/chemgramx.com\\\/wp-content\\\/uploads\\\/2025\\\/11\\\/MethoxphenidineMXP.png\",\"contentUrl\":\"https:\\\/\\\/chemgramx.com\\\/wp-content\\\/uploads\\\/2025\\\/11\\\/MethoxphenidineMXP.png\",\"width\":600,\"height\":400},{\"@type\":\"BreadcrumbList\",\"@id\":\"https:\\\/\\\/chemgramx.com\\\/product\\\/methoxphenidin-mxp-online-kaufen\\\/#breadcrumb\",\"itemListElement\":[{\"@type\":\"ListItem\",\"position\":1,\"name\":\"Home\",\"item\":\"https:\\\/\\\/chemgramx.com\\\/\"},{\"@type\":\"ListItem\",\"position\":2,\"name\":\"Shop\",\"item\":\"https:\\\/\\\/chemgramx.com\\\/shop\\\/\"},{\"@type\":\"ListItem\",\"position\":3,\"name\":\"Methoxphenidin (MXP) online kaufen\"}]},{\"@type\":\"WebSite\",\"@id\":\"https:\\\/\\\/chemgramx.com\\\/#website\",\"url\":\"https:\\\/\\\/chemgramx.com\\\/\",\"name\":\"Chemgramx\",\"description\":\"\",\"publisher\":{\"@id\":\"https:\\\/\\\/chemgramx.com\\\/#organization\"},\"potentialAction\":[{\"@type\":\"SearchAction\",\"target\":{\"@type\":\"EntryPoint\",\"urlTemplate\":\"https:\\\/\\\/chemgramx.com\\\/?s={search_term_string}\"},\"query-input\":{\"@type\":\"PropertyValueSpecification\",\"valueRequired\":true,\"valueName\":\"search_term_string\"}}],\"inLanguage\":\"hu\"},{\"@type\":\"Organization\",\"@id\":\"https:\\\/\\\/chemgramx.com\\\/#organization\",\"name\":\"Chemgramx\",\"url\":\"https:\\\/\\\/chemgramx.com\\\/\",\"logo\":{\"@type\":\"ImageObject\",\"inLanguage\":\"hu\",\"@id\":\"https:\\\/\\\/chemgramx.com\\\/#\\\/schema\\\/logo\\\/image\\\/\",\"url\":\"https:\\\/\\\/chemgramx.com\\\/wp-content\\\/uploads\\\/2024\\\/10\\\/final-logo.png\",\"contentUrl\":\"https:\\\/\\\/chemgramx.com\\\/wp-content\\\/uploads\\\/2024\\\/10\\\/final-logo.png\",\"width\":250,\"height\":48,\"caption\":\"Chemgramx\"},\"image\":{\"@id\":\"https:\\\/\\\/chemgramx.com\\\/#\\\/schema\\\/logo\\\/image\\\/\"}}]}<\/script>\n<!-- \/ Yoast SEO plugin. -->","yoast_head_json":{"title":"Metoxfenidin (MXP) | Disszociat\u00edv tudom\u00e1nyos c\u00e9lokra","description":"Fedezze fel a metoxfenidint (MXP), egy hat\u00e9kony NMDA-antagonist\u00e1t tudom\u00e1nyos kutat\u00e1sokhoz, amelyek a neurok\u00e9miai folyamatokat vizsg\u00e1lj\u00e1k.","robots":{"index":"index","follow":"follow","max-snippet":"max-snippet:-1","max-image-preview":"max-image-preview:large","max-video-preview":"max-video-preview:-1"},"canonical":"https:\/\/chemgramx.com\/hu\/termek-1\/metoxfenidin-mxp-online-vasarlas\/","og_locale":"hu_HU","og_type":"article","og_title":"Methoxphenidin (MXP) | Dissoziativum f\u00fcr wissenschaftliche","og_description":"Erforschen Sie Methoxphenidin (MXP), ein leistungsstarker NMDA-Antagonist f\u00fcr wissenschaftliche Studien zur Untersuchung der neurochemischen","og_url":"https:\/\/chemgramx.com\/hu\/termek-1\/metoxfenidin-mxp-online-vasarlas\/","og_site_name":"Chemgramx","article_modified_time":"2025-11-21T11:09:14+00:00","og_image":[{"width":600,"height":400,"url":"https:\/\/chemgramx.com\/wp-content\/uploads\/2025\/11\/MethoxphenidineMXP.png","type":"image\/png"}],"twitter_card":"summary_large_image","twitter_misc":{"Becs\u00fclt olvas\u00e1si id\u0151":"3 perc"},"schema":{"@context":"https:\/\/schema.org","@graph":[{"@type":"WebPage","@id":"https:\/\/chemgramx.com\/product\/methoxphenidin-mxp-online-kaufen\/","url":"https:\/\/chemgramx.com\/product\/methoxphenidin-mxp-online-kaufen\/","name":"Metoxfenidin (MXP) | Disszociat\u00edv tudom\u00e1nyos c\u00e9lokra","isPartOf":{"@id":"https:\/\/chemgramx.com\/#website"},"primaryImageOfPage":{"@id":"https:\/\/chemgramx.com\/product\/methoxphenidin-mxp-online-kaufen\/#primaryimage"},"image":{"@id":"https:\/\/chemgramx.com\/product\/methoxphenidin-mxp-online-kaufen\/#primaryimage"},"thumbnailUrl":"https:\/\/chemgramx.com\/wp-content\/uploads\/2025\/11\/MethoxphenidineMXP.png","datePublished":"2025-11-21T11:07:59+00:00","dateModified":"2025-11-21T11:09:14+00:00","description":"Fedezze fel a metoxfenidint (MXP), egy hat\u00e9kony NMDA-antagonist\u00e1t tudom\u00e1nyos kutat\u00e1sokhoz, amelyek a neurok\u00e9miai folyamatokat vizsg\u00e1lj\u00e1k.","breadcrumb":{"@id":"https:\/\/chemgramx.com\/product\/methoxphenidin-mxp-online-kaufen\/#breadcrumb"},"inLanguage":"hu","potentialAction":[{"@type":"ReadAction","target":["https:\/\/chemgramx.com\/product\/methoxphenidin-mxp-online-kaufen\/"]}]},{"@type":"ImageObject","inLanguage":"hu","@id":"https:\/\/chemgramx.com\/product\/methoxphenidin-mxp-online-kaufen\/#primaryimage","url":"https:\/\/chemgramx.com\/wp-content\/uploads\/2025\/11\/MethoxphenidineMXP.png","contentUrl":"https:\/\/chemgramx.com\/wp-content\/uploads\/2025\/11\/MethoxphenidineMXP.png","width":600,"height":400},{"@type":"BreadcrumbList","@id":"https:\/\/chemgramx.com\/product\/methoxphenidin-mxp-online-kaufen\/#breadcrumb","itemListElement":[{"@type":"ListItem","position":1,"name":"Home","item":"https:\/\/chemgramx.com\/"},{"@type":"ListItem","position":2,"name":"Shop","item":"https:\/\/chemgramx.com\/shop\/"},{"@type":"ListItem","position":3,"name":"Methoxphenidin (MXP) online kaufen"}]},{"@type":"WebSite","@id":"https:\/\/chemgramx.com\/#website","url":"https:\/\/chemgramx.com\/","name":"Chemgramx","description":"","publisher":{"@id":"https:\/\/chemgramx.com\/#organization"},"potentialAction":[{"@type":"SearchAction","target":{"@type":"EntryPoint","urlTemplate":"https:\/\/chemgramx.com\/?s={search_term_string}"},"query-input":{"@type":"PropertyValueSpecification","valueRequired":true,"valueName":"search_term_string"}}],"inLanguage":"hu"},{"@type":"Organization","@id":"https:\/\/chemgramx.com\/#organization","name":"Chemgramx","url":"https:\/\/chemgramx.com\/","logo":{"@type":"ImageObject","inLanguage":"hu","@id":"https:\/\/chemgramx.com\/#\/schema\/logo\/image\/","url":"https:\/\/chemgramx.com\/wp-content\/uploads\/2024\/10\/final-logo.png","contentUrl":"https:\/\/chemgramx.com\/wp-content\/uploads\/2024\/10\/final-logo.png","width":250,"height":48,"caption":"Chemgramx"},"image":{"@id":"https:\/\/chemgramx.com\/#\/schema\/logo\/image\/"}}]}},"_links":{"self":[{"href":"https:\/\/chemgramx.com\/hu\/wp-json\/wp\/v2\/product\/6664","targetHints":{"allow":["GET"]}}],"collection":[{"href":"https:\/\/chemgramx.com\/hu\/wp-json\/wp\/v2\/product"}],"about":[{"href":"https:\/\/chemgramx.com\/hu\/wp-json\/wp\/v2\/types\/product"}],"replies":[{"embeddable":true,"href":"https:\/\/chemgramx.com\/hu\/wp-json\/wp\/v2\/comments?post=6664"}],"wp:featuredmedia":[{"embeddable":true,"href":"https:\/\/chemgramx.com\/hu\/wp-json\/wp\/v2\/media\/6701"}],"wp:attachment":[{"href":"https:\/\/chemgramx.com\/hu\/wp-json\/wp\/v2\/media?parent=6664"}],"wp:term":[{"taxonomy":"product_brand","embeddable":true,"href":"https:\/\/chemgramx.com\/hu\/wp-json\/wp\/v2\/product_brand?post=6664"},{"taxonomy":"product_cat","embeddable":true,"href":"https:\/\/chemgramx.com\/hu\/wp-json\/wp\/v2\/product_cat?post=6664"},{"taxonomy":"product_tag","embeddable":true,"href":"https:\/\/chemgramx.com\/hu\/wp-json\/wp\/v2\/product_tag?post=6664"}],"curies":[{"name":"wp","href":"https:\/\/api.w.org\/{rel}","templated":true}]}}