{"id":6741,"date":"2025-11-21T11:08:51","date_gmt":"2025-11-21T11:08:51","guid":{"rendered":"https:\/\/chemgramx.com\/?post_type=product&#038;p=6741"},"modified":"2025-11-21T11:09:26","modified_gmt":"2025-11-21T11:09:26","slug":"vasaroljon-2c-p-online","status":"publish","type":"product","link":"https:\/\/chemgramx.com\/hu\/product\/2c-p-online-kaufen\/","title":{"rendered":"2C-P online v\u00e1s\u00e1rl\u00e1sa"},"content":{"rendered":"<p>A <b>2C-fenetilamin<\/b>, amelynek k\u00e9miai kutat\u00e1s\u00e1t Alexander Shulgin jelent\u0151sen el\u0151mozd\u00edtotta, fontos ter\u00fcletet k\u00e9pvisel a <b>szerotonerg neurofarmakol\u00f3gia<\/b> k\u00e9pviseli. <b>2C-P<\/b> egy szintetikus kutat\u00e1si vegyi anyag, amely <b>kiz\u00e1r\u00f3lag<\/b> szigor\u00faan ellen\u0151rz\u00f6tt laborat\u00f3riumi k\u00f6rnyezetben v\u00e9gzett analitikai \u00e9s tudom\u00e1nyos vizsg\u00e1latokhoz tervezt\u00e9k. Speci\u00e1lis tulajdons\u00e1gainak k\u00f6sz\u00f6nhet\u0151en <b>Propil szubsztit\u00faci\u00f3<\/b> \u00e9s az ehhez kapcsol\u00f3d\u00f3 farmakol\u00f3giai tulajdons\u00e1gok miatt a 2C-P alapvet\u0151 modellrendszer a <b>Receptorkutat\u00e1s<\/b>. Ez a nagy tisztas\u00e1g\u00fa anyag <b>kiz\u00e1r\u00f3lag analitikai \u00e9s tudom\u00e1nyos vizsg\u00e1latokra<\/b> felaj\u00e1nlotta. Hangs\u00falyozzuk, hogy a 2C-P, ismert farmakol\u00f3giai aktivit\u00e1sa miatt <b>a legszigor\u00fabb biztons\u00e1gi \u00e9s jogi protokollok<\/b> a k\u00f6vetkez\u0151 felt\u00e9teleknek van al\u00e1vetve \u00e9s <b>nem emberi fogyaszt\u00e1sra sz\u00e1nt<\/b> az.<\/p>\n<h2>K\u00e9miai profil, eredet \u00e9s farmakol\u00f3giai jelent\u0151s\u00e9g<\/h2>\n<p>A 2C-P k\u00e9miai szerkezet\u00e9nek \u00e9s a k\u00f6zponti idegrendszerre gyakorolt hat\u00e1s\u00e1nak meg\u00e9rt\u00e9se \u00e1ll a kutat\u00e1s k\u00f6z\u00e9ppontj\u00e1ban, amelyben ezt az anyagot haszn\u00e1lj\u00e1k. <b>2C-P<\/b> (Teljes k\u00e9miai n\u00e9v: <b>2,5-Dimetoxi-4-propilfenetilamin<\/b>) a <b>Fenetilaminok<\/b> \u00e9s Alexander Shulgin dokument\u00e1lta a \u201ePiHKAL\u201c c\u00edm\u0171 munk\u00e1j\u00e1ban.<\/p>\n<p>A molekulaszerkezet, amely a <b>Fenetilamin gerinc<\/b> \u00e9s a <b>Dimetoxi csoportok<\/b> a k\u00f6vetkez\u0151kb\u0151l \u00e1ll <strong><span class=\"math-inline\" data-math=\"mathbf{4}\">4<\/span><\/strong>&#8211;<b>Propil csoport<\/b> a fenilgy\u0171r\u0171n. Ez a hosszabb alkill\u00e1nc az a specifikus m\u00f3dos\u00edt\u00e1s, amely a 2C-P egyedi tulajdons\u00e1gait adja. K\u00fcl\u00f6n\u00f6sen a propilcsoport befoly\u00e1solja a <b>Lipof\u00edlia<\/b> a molekula, \u00e9s ezt tekintik a legfontosabb t\u00e9nyez\u0151nek a <b>Kiv\u00e9telesen hossz\u00fa hat\u00e1startam<\/b>, amelyeket kutat\u00e1si jelent\u00e9sekben tesznek k\u00f6zz\u00e9 <b>\u00d3r\u00e1k<\/b> van felt\u00fcntetve. Er\u0151ss\u00e9ge \u00e9s tart\u00f3s hat\u00e9konys\u00e1ga miatt a 2C-P-t a k\u00f6vetkez\u0151 vizsg\u00e1latokban alkalmazz\u00e1k <b>A szinaptikus modul\u00e1ci\u00f3 mechanizmusai<\/b> \u00e9s a <b>Receptor deszenzibiliz\u00e1ci\u00f3<\/b> hogy kivizsg\u00e1lja.<\/p>\n<h3>Molekul\u00e1ris hat\u00e1smechanizmus \u00e9s kutat\u00e1si alkalmaz\u00e1sok<\/h3>\n<p>A 2C-P els\u0151dleges kutat\u00e1si jelent\u0151s\u00e9ge abban rejlik, hogy affinit\u00e1sa a <b>szerotonerg receptorok<\/b> \u00e9s annak hosszan tart\u00f3 hat\u00e1sa.<\/p>\n<ul>\n<li><b>Idegtudom\u00e1nyi kutat\u00e1sok \u00e9s tanulm\u00e1nyok a tudatoss\u00e1g v\u00e1ltoz\u00e1s\u00e1r\u00f3l:<\/b> Az anyagot a k\u00f6vetkez\u0151k elemz\u00e9s\u00e9re haszn\u00e1lj\u00e1k <b>funkcion\u00e1lis tev\u00e9kenys\u00e9g<\/b> \u00e9s a <b>K\u00f6t\u0151d\u00e9si kinetika<\/b> a szerotonerg receptorok \u00e9s a kutat\u00e1si jelent\u00e9sekben le\u00edrt m\u00e9lyrehat\u00f3 v\u00e1ltoz\u00e1sok h\u00e1tter\u00e9ben \u00e1ll\u00f3 molekul\u00e1ris mechanizmusok. <b>vizu\u00e1lis hat\u00e1sok<\/b> az alapot.<\/li>\n<li><b>Analitikai \u00e9s k\u00e9miai laborat\u00f3riumi vizsg\u00e1latok:<\/b> Az anyag szolg\u00e1l <b>analitikai szabv\u00e1ny<\/b> a kimutat\u00e1si m\u00f3dszerek fejleszt\u00e9s\u00e9hez \u00e9s valid\u00e1l\u00e1s\u00e1hoz, a k\u00f6vetkez\u0151k felhaszn\u00e1l\u00e1s\u00e1val <b>HPLC<\/b> vagy <b>GC\/MS<\/b>. A t\u00f6rv\u00e9nysz\u00e9ki alkalmaz\u00e1sokban ismeretlen mint\u00e1k azonos\u00edt\u00e1s\u00e1ra szolg\u00e1l\u00f3 referenciaspektrumok l\u00e9trehoz\u00e1s\u00e1ra is haszn\u00e1lj\u00e1k.<\/li>\n<li><b>Hossz\u00fa t\u00e1v\u00fa hat\u00e1s:<\/b> A 2C-P hosszan tart\u00f3 hat\u00e9konys\u00e1ga miatt fontos eszk\u00f6z az olyan vizsg\u00e1latokban, amelyekben az <b>molekul\u00e1ris alapok<\/b> a r\u00f6vid hat\u00e1s\u00fa anal\u00f3gokkal ellent\u00e9tben hosszan tart\u00f3 \u00e9rz\u00e9kszervi hat\u00e1sok.<\/li>\n<li><b>Anyagcsere-kutat\u00e1s:<\/b> Vizsg\u00e1latok a propilcsoport \u00e9s a keletkez\u0151 metabolitok metabolikus stabilit\u00e1s\u00e1nak meghat\u00e1roz\u00e1s\u00e1ra in vitro rendszerekben.<\/li>\n<\/ul>\n<h2>Analitikai min\u0151s\u00e9gbiztos\u00edt\u00e1s \u00e9s laborat\u00f3riumi k\u00f6vetelm\u00e9nyek<\/h2>\n<p>A kutat\u00e1s integrit\u00e1sa a legmagasabb szint\u0171 tisztas\u00e1got k\u00f6veteli meg (<span class=\"math-inline\" data-math=\"mathbf{ge 98%}\"> 98%<\/span>) \u00e9s az anyag teljes dokument\u00e1ci\u00f3j\u00e1t.<\/p>\n<h3>A kutat\u00e1si anyag min\u0151s\u00e9gi jellemz\u0151i<\/h3>\n<p>Az optimaliz\u00e1l\u00e1shoz a <b>K\u00f6vetkezetes t\u00e9telkonzisztencia<\/b> a 2C-P por k\u00e9miai tisztas\u00e1g\u00e1t a k\u00f6vetkez\u0151kkel kell garant\u00e1lni <a href=\"\/product\/diplomat-hash-online-kaufen\/\"><b>Laborat\u00f3riumi vizsg\u00e1latok<\/b> <\/a>meger\u0151s\u00edtette, hogy a tisztas\u00e1g <b><span class=\"math-inline\" data-math=\"mathbf{ge 98%}\">\u00a098%<\/span><\/b>\u00a0garancia. Minden t\u00e9telen a k\u00f6vetkez\u0151 felirat szerepel <b>teljes analitikai tan\u00fas\u00edtv\u00e1nyok (CoA)<\/b> amelyek a tisztas\u00e1got \u00e9s az azonoss\u00e1got bizony\u00edtj\u00e1k.<\/p>\n<h3>T\u00e1rol\u00e1si \u00e9s biztons\u00e1gi k\u00f6vetelm\u00e9nyek<\/h3>\n<p>E hat\u00e1sos anyag kezel\u00e9se megk\u00f6veteli a GLP-szabv\u00e1nyok szigor\u00fa betart\u00e1s\u00e1t. <b>Sz\u00fcks\u00e9ges biztons\u00e1gi int\u00e9zked\u00e9sek<\/b> mindig tartalmazz\u00e1k a <b>Szem\u00e9lyi v\u00e9d\u0151felszerel\u00e9s (PPE)<\/b> p\u00e9ld\u00e1ul laborat\u00f3riumi k\u00f6peny, keszty\u0171 \u00e9s v\u00e9d\u0151szem\u00fcveg. A port a k\u00f6vetkez\u0151 k\u00f6r\u00fclm\u00e9nyek k\u00f6z\u00f6tt kell kezelni <b>K\u00e9miai f\u00fcstg\u00e1zszekr\u00e9ny<\/b> az expoz\u00edci\u00f3 megel\u0151z\u00e9se \u00e9rdek\u00e9ben.<\/p>\n<p>A <b>Optim\u00e1lis t\u00e1rol\u00e1s<\/b> az anyag min\u0151s\u00e9ge is kritikus: a k\u00f6vetkez\u0151kre kell t\u00f6rekedni <b>cool<\/b> (ide\u00e1lis esetben <span class=\"math-inline\" data-math=\"mathbf{-20^circ C}\">-20 C<\/span>) \u00e9s <b>sz\u00e1raz<\/b> t\u00e1rolni kell. Szint\u00e9n fontos a <b>F\u00e9nyv\u00e9delem<\/b> a t\u00e1rol\u00e1s r\u00e9v\u00e9n a <b>s\u00f6t\u00e9t, \u00e1tl\u00e1tszatlan tart\u00e1lyok<\/b>, mivel a fenetilaminok f\u00e9ny\u00e9rz\u00e9kenyek.<\/p>\n<h2>Szab\u00e1lyoz\u00e1si keret \u00e9s etikai felel\u0151ss\u00e9g<\/h2>\n<p>A 2C-P-re vonatkoz\u00f3 t\u00f6rv\u00e9nyess\u00e9gi \u00e9s szab\u00e1lyoz\u00e1si k\u00f6vetelm\u00e9nyek rendk\u00edv\u00fcl \u00f6sszetettek, \u00e9s a kutat\u00f3int\u00e9zeteknek szigor\u00faan be kell tartaniuk azokat.<\/p>\n<h3>Jogi st\u00e1tusz \u00e9s beszerz\u00e9si ellen\u0151rz\u00e9s<\/h3>\n<p>A <b>Jogi st\u00e1tusz<\/b> A 2C-P mennyis\u00e9ge nemzetk\u00f6zileg nagyon elt\u00e9r\u0151: sok r\u00e9gi\u00f3ban a k\u00f6vetkez\u0151 \u00e9rt\u00e9kek al\u00e1 esik <b>ellen\u0151rz\u00f6tt anyagok<\/b> (pl. a k\u00e1b\u00edt\u00f3szert\u00f6rv\u00e9nyek). A <b>K\u00f6telez\u0151 k\u00f6telezetts\u00e9g<\/b> a kutat\u00e1si szervezet, <b>a beszerz\u00e9s el\u0151tt ellen\u0151rizze az adott joghat\u00f3s\u00e1g vonatkoz\u00f3 rendelkez\u00e9seit.<\/b>\u00a0mivel a v\u00e1s\u00e1rl\u00f3 kiz\u00e1r\u00f3lagos felel\u0151ss\u00e9ggel tartozik a t\u00f6rv\u00e9nyek betart\u00e1s\u00e1\u00e9rt. A v\u00e1s\u00e1rl\u00e1shoz sz\u00fcks\u00e9ges egy <b>Int\u00e9zet tan\u00fas\u00edtv\u00e1nya<\/b> \u00e9s egy <b>tudom\u00e1nyos <a href=\"\/product\/columbia-kokainblocke\/\">A le\u00edr\u00e1s a<\/a> a kutat\u00e1si projekt<\/b>.<\/p>\n<p><b>Fontos megjegyz\u00e9s:<\/b> 2C-P a k\u00f6vetkez\u0151 <b>kiz\u00e1r\u00f3lag kutat\u00e1si c\u00e9lokra<\/b> \u00e9s <b>nem emberi fogyaszt\u00e1sra sz\u00e1nt<\/b>. B\u00e1rmilyen jogosulatlan felhaszn\u00e1l\u00e1s s\u00falyos jogs\u00e9rt\u00e9snek min\u0151s\u00fcl.<\/p>\n<h2>K\u00f6vetkeztet\u00e9s<\/h2>\n<p>A 2C-P egyed\u00fcl\u00e1ll\u00f3 modellrendszer a neurofarmakol\u00f3gi\u00e1ban a tart\u00f3s szinaptikus modul\u00e1ci\u00f3 mechanizmusainak megfejt\u00e9s\u00e9hez. Azoknak a laborat\u00f3riumoknak \u00e9s tudom\u00e1nyos int\u00e9zm\u00e9nyeknek, amelyeknek erre a kiv\u00e1l\u00f3 min\u0151s\u00e9g\u0171 anyagra van sz\u00fcks\u00e9g\u00fck az elemz\u00e9sekhez \u00e9s k\u00eds\u00e9rletekhez, a legmagasabb min\u0151s\u00e9get \u00e9s szigor\u00fa min\u0151s\u00e9gellen\u0151rz\u00e9st kell biztos\u00edtaniuk. <b>Az \u00f6sszes t\u00f6rv\u00e9ny \u00e9s biztons\u00e1gi protokoll betart\u00e1sa<\/b> garancia.<\/p>","protected":false},"excerpt":{"rendered":"<p>2C-P<\/p>\n<p>A 2C-P a tudom\u00e1nyos kutat\u00e1sban haszn\u00e1lt szintetikus vegyszer, amely nagy tisztas\u00e1g\u00e1r\u00f3l \u00e9s stabilit\u00e1s\u00e1r\u00f3l ismert. Ez a term\u00e9k ide\u00e1lis farmakol\u00f3giai vizsg\u00e1latokhoz \u00e9s k\u00e9miai elemz\u00e9sekhez. Minden egyes t\u00e9telt gondosan tesztelnek a megb\u00edzhat\u00f3s\u00e1g \u00e9s a konzisztens eredm\u00e9nyek biztos\u00edt\u00e1sa \u00e9rdek\u00e9ben. Kiz\u00e1r\u00f3lag laborat\u00f3riumi felhaszn\u00e1l\u00e1sra, emberi fogyaszt\u00e1sra nem alkalmas.<\/p>","protected":false},"featured_media":6769,"comment_status":"open","ping_status":"closed","template":"","meta":{"_joinchat":[]},"product_brand":[],"product_cat":[1795],"product_tag":[1851,1857,1852,1855,1856,1854,1853,188,1814,1841],"class_list":{"0":"post-6741","1":"product","2":"type-product","3":"status-publish","4":"has-post-thumbnail","6":"product_cat-2c-serie","7":"product_tag-2c-p","8":"product_tag-2c-p-chemikalien","9":"product_tag-2c-p-kaufen","10":"product_tag-2c-p-kristalle","11":"product_tag-2c-p-online","12":"product_tag-2c-p-pulver","13":"product_tag-2c-p-zum-verkauf","14":"product_tag-forschungschemikalien","15":"product_tag-forschungsstoffe-kaufen","16":"product_tag-synthetische-phenethylamine","18":"first","19":"instock","20":"shipping-taxable","21":"purchasable","22":"product-type-variable"},"yoast_head":"<!-- This site is optimized with the Yoast SEO plugin v27.5 - https:\/\/yoast.com\/product\/yoast-seo-wordpress\/ -->\n<title>2C-P online kaufen \u2013 2C-P zu verkaufen | chemgramx<\/title>\n<meta name=\"description\" content=\"Wenn Sie 2c-p online kaufen m\u00f6chten, kann Ihnen unser Chemgramx-Online-Shop helfen. Wir haben hier 2c-p zu den besten Preisen zu verkaufen. Geben Sie Ihre Bestellung auf und sichern Sie sich noch heute die neuesten Angebote!\" \/>\n<meta name=\"robots\" content=\"index, follow, max-snippet:-1, max-image-preview:large, max-video-preview:-1\" \/>\n<link rel=\"canonical\" href=\"https:\/\/chemgramx.com\/hu\/termek-1\/vasaroljon-2c-p-online\/\" \/>\n<meta property=\"og:locale\" content=\"hu_HU\" \/>\n<meta property=\"og:type\" content=\"article\" \/>\n<meta property=\"og:title\" content=\"2C-P online kaufen \u2013 2C-P zu verkaufen | chemgramx\" \/>\n<meta property=\"og:description\" content=\"Wenn Sie 2c-p online kaufen m\u00f6chten, kann Ihnen unser Chemgramx-Online-Shop helfen. Wir haben hier 2c-p zu den besten Preisen zu verkaufen. Geben Sie Ihre Bestellung auf und sichern Sie sich noch heute die neuesten Angebote!\" \/>\n<meta property=\"og:url\" content=\"https:\/\/chemgramx.com\/hu\/termek-1\/vasaroljon-2c-p-online\/\" \/>\n<meta property=\"og:site_name\" content=\"Chemgramx\" \/>\n<meta property=\"article:modified_time\" content=\"2025-11-21T11:09:26+00:00\" \/>\n<meta property=\"og:image\" content=\"https:\/\/chemgramx.com\/wp-content\/uploads\/2025\/11\/2cp.jpg\" \/>\n\t<meta property=\"og:image:width\" content=\"600\" \/>\n\t<meta property=\"og:image:height\" content=\"400\" \/>\n\t<meta property=\"og:image:type\" content=\"image\/jpeg\" \/>\n<meta name=\"twitter:card\" content=\"summary_large_image\" \/>\n<meta name=\"twitter:label1\" content=\"Becs\u00fclt olvas\u00e1si id\u0151\" \/>\n\t<meta name=\"twitter:data1\" content=\"4 perc\" \/>\n<script type=\"application\/ld+json\" class=\"yoast-schema-graph\">{\"@context\":\"https:\\\/\\\/schema.org\",\"@graph\":[{\"@type\":\"WebPage\",\"@id\":\"https:\\\/\\\/chemgramx.com\\\/product\\\/2c-p-online-kaufen\\\/\",\"url\":\"https:\\\/\\\/chemgramx.com\\\/product\\\/2c-p-online-kaufen\\\/\",\"name\":\"2C-P online kaufen \u2013 2C-P zu verkaufen | chemgramx\",\"isPartOf\":{\"@id\":\"https:\\\/\\\/chemgramx.com\\\/#website\"},\"primaryImageOfPage\":{\"@id\":\"https:\\\/\\\/chemgramx.com\\\/product\\\/2c-p-online-kaufen\\\/#primaryimage\"},\"image\":{\"@id\":\"https:\\\/\\\/chemgramx.com\\\/product\\\/2c-p-online-kaufen\\\/#primaryimage\"},\"thumbnailUrl\":\"https:\\\/\\\/chemgramx.com\\\/wp-content\\\/uploads\\\/2025\\\/11\\\/2cp.jpg\",\"datePublished\":\"2025-11-21T11:08:51+00:00\",\"dateModified\":\"2025-11-21T11:09:26+00:00\",\"description\":\"Wenn Sie 2c-p online kaufen m\u00f6chten, kann Ihnen unser Chemgramx-Online-Shop helfen. Wir haben hier 2c-p zu den besten Preisen zu verkaufen. Geben Sie Ihre Bestellung auf und sichern Sie sich noch heute die neuesten Angebote!\",\"breadcrumb\":{\"@id\":\"https:\\\/\\\/chemgramx.com\\\/product\\\/2c-p-online-kaufen\\\/#breadcrumb\"},\"inLanguage\":\"hu\",\"potentialAction\":[{\"@type\":\"ReadAction\",\"target\":[\"https:\\\/\\\/chemgramx.com\\\/product\\\/2c-p-online-kaufen\\\/\"]}]},{\"@type\":\"ImageObject\",\"inLanguage\":\"hu\",\"@id\":\"https:\\\/\\\/chemgramx.com\\\/product\\\/2c-p-online-kaufen\\\/#primaryimage\",\"url\":\"https:\\\/\\\/chemgramx.com\\\/wp-content\\\/uploads\\\/2025\\\/11\\\/2cp.jpg\",\"contentUrl\":\"https:\\\/\\\/chemgramx.com\\\/wp-content\\\/uploads\\\/2025\\\/11\\\/2cp.jpg\",\"width\":600,\"height\":400},{\"@type\":\"BreadcrumbList\",\"@id\":\"https:\\\/\\\/chemgramx.com\\\/product\\\/2c-p-online-kaufen\\\/#breadcrumb\",\"itemListElement\":[{\"@type\":\"ListItem\",\"position\":1,\"name\":\"Home\",\"item\":\"https:\\\/\\\/chemgramx.com\\\/\"},{\"@type\":\"ListItem\",\"position\":2,\"name\":\"Shop\",\"item\":\"https:\\\/\\\/chemgramx.com\\\/shop\\\/\"},{\"@type\":\"ListItem\",\"position\":3,\"name\":\"2C-P Online kaufen\"}]},{\"@type\":\"WebSite\",\"@id\":\"https:\\\/\\\/chemgramx.com\\\/#website\",\"url\":\"https:\\\/\\\/chemgramx.com\\\/\",\"name\":\"Chemgramx\",\"description\":\"\",\"publisher\":{\"@id\":\"https:\\\/\\\/chemgramx.com\\\/#organization\"},\"potentialAction\":[{\"@type\":\"SearchAction\",\"target\":{\"@type\":\"EntryPoint\",\"urlTemplate\":\"https:\\\/\\\/chemgramx.com\\\/?s={search_term_string}\"},\"query-input\":{\"@type\":\"PropertyValueSpecification\",\"valueRequired\":true,\"valueName\":\"search_term_string\"}}],\"inLanguage\":\"hu\"},{\"@type\":\"Organization\",\"@id\":\"https:\\\/\\\/chemgramx.com\\\/#organization\",\"name\":\"Chemgramx\",\"url\":\"https:\\\/\\\/chemgramx.com\\\/\",\"logo\":{\"@type\":\"ImageObject\",\"inLanguage\":\"hu\",\"@id\":\"https:\\\/\\\/chemgramx.com\\\/#\\\/schema\\\/logo\\\/image\\\/\",\"url\":\"https:\\\/\\\/chemgramx.com\\\/wp-content\\\/uploads\\\/2024\\\/10\\\/final-logo.png\",\"contentUrl\":\"https:\\\/\\\/chemgramx.com\\\/wp-content\\\/uploads\\\/2024\\\/10\\\/final-logo.png\",\"width\":250,\"height\":48,\"caption\":\"Chemgramx\"},\"image\":{\"@id\":\"https:\\\/\\\/chemgramx.com\\\/#\\\/schema\\\/logo\\\/image\\\/\"}}]}<\/script>\n<!-- \/ Yoast SEO plugin. -->","yoast_head_json":{"title":"V\u00e1s\u00e1roljon 2C-P-t online \u2013 2C-P elad\u00f3 | chemgramx","description":"Ha online szeretne 2c-p-t v\u00e1s\u00e1rolni, a Chemgramx online \u00e1ruh\u00e1zunk seg\u00edthet. N\u00e1lunk a legjobb \u00e1ron kaphat\u00f3 2c-p. Adja le rendel\u00e9s\u00e9t, \u00e9s biztos\u00edtsa be a leg\u00fajabb aj\u00e1nlatokat m\u00e9g ma!","robots":{"index":"index","follow":"follow","max-snippet":"max-snippet:-1","max-image-preview":"max-image-preview:large","max-video-preview":"max-video-preview:-1"},"canonical":"https:\/\/chemgramx.com\/hu\/termek-1\/vasaroljon-2c-p-online\/","og_locale":"hu_HU","og_type":"article","og_title":"2C-P online kaufen \u2013 2C-P zu verkaufen | chemgramx","og_description":"Wenn Sie 2c-p online kaufen m\u00f6chten, kann Ihnen unser Chemgramx-Online-Shop helfen. Wir haben hier 2c-p zu den besten Preisen zu verkaufen. Geben Sie Ihre Bestellung auf und sichern Sie sich noch heute die neuesten Angebote!","og_url":"https:\/\/chemgramx.com\/hu\/termek-1\/vasaroljon-2c-p-online\/","og_site_name":"Chemgramx","article_modified_time":"2025-11-21T11:09:26+00:00","og_image":[{"width":600,"height":400,"url":"https:\/\/chemgramx.com\/wp-content\/uploads\/2025\/11\/2cp.jpg","type":"image\/jpeg"}],"twitter_card":"summary_large_image","twitter_misc":{"Becs\u00fclt olvas\u00e1si id\u0151":"4 perc"},"schema":{"@context":"https:\/\/schema.org","@graph":[{"@type":"WebPage","@id":"https:\/\/chemgramx.com\/product\/2c-p-online-kaufen\/","url":"https:\/\/chemgramx.com\/product\/2c-p-online-kaufen\/","name":"V\u00e1s\u00e1roljon 2C-P-t online \u2013 2C-P elad\u00f3 | chemgramx","isPartOf":{"@id":"https:\/\/chemgramx.com\/#website"},"primaryImageOfPage":{"@id":"https:\/\/chemgramx.com\/product\/2c-p-online-kaufen\/#primaryimage"},"image":{"@id":"https:\/\/chemgramx.com\/product\/2c-p-online-kaufen\/#primaryimage"},"thumbnailUrl":"https:\/\/chemgramx.com\/wp-content\/uploads\/2025\/11\/2cp.jpg","datePublished":"2025-11-21T11:08:51+00:00","dateModified":"2025-11-21T11:09:26+00:00","description":"Ha online szeretne 2c-p-t v\u00e1s\u00e1rolni, a Chemgramx online \u00e1ruh\u00e1zunk seg\u00edthet. N\u00e1lunk a legjobb \u00e1ron kaphat\u00f3 2c-p. Adja le rendel\u00e9s\u00e9t, \u00e9s biztos\u00edtsa be a leg\u00fajabb aj\u00e1nlatokat m\u00e9g ma!","breadcrumb":{"@id":"https:\/\/chemgramx.com\/product\/2c-p-online-kaufen\/#breadcrumb"},"inLanguage":"hu","potentialAction":[{"@type":"ReadAction","target":["https:\/\/chemgramx.com\/product\/2c-p-online-kaufen\/"]}]},{"@type":"ImageObject","inLanguage":"hu","@id":"https:\/\/chemgramx.com\/product\/2c-p-online-kaufen\/#primaryimage","url":"https:\/\/chemgramx.com\/wp-content\/uploads\/2025\/11\/2cp.jpg","contentUrl":"https:\/\/chemgramx.com\/wp-content\/uploads\/2025\/11\/2cp.jpg","width":600,"height":400},{"@type":"BreadcrumbList","@id":"https:\/\/chemgramx.com\/product\/2c-p-online-kaufen\/#breadcrumb","itemListElement":[{"@type":"ListItem","position":1,"name":"Home","item":"https:\/\/chemgramx.com\/"},{"@type":"ListItem","position":2,"name":"Shop","item":"https:\/\/chemgramx.com\/shop\/"},{"@type":"ListItem","position":3,"name":"2C-P Online kaufen"}]},{"@type":"WebSite","@id":"https:\/\/chemgramx.com\/#website","url":"https:\/\/chemgramx.com\/","name":"Chemgramx","description":"","publisher":{"@id":"https:\/\/chemgramx.com\/#organization"},"potentialAction":[{"@type":"SearchAction","target":{"@type":"EntryPoint","urlTemplate":"https:\/\/chemgramx.com\/?s={search_term_string}"},"query-input":{"@type":"PropertyValueSpecification","valueRequired":true,"valueName":"search_term_string"}}],"inLanguage":"hu"},{"@type":"Organization","@id":"https:\/\/chemgramx.com\/#organization","name":"Chemgramx","url":"https:\/\/chemgramx.com\/","logo":{"@type":"ImageObject","inLanguage":"hu","@id":"https:\/\/chemgramx.com\/#\/schema\/logo\/image\/","url":"https:\/\/chemgramx.com\/wp-content\/uploads\/2024\/10\/final-logo.png","contentUrl":"https:\/\/chemgramx.com\/wp-content\/uploads\/2024\/10\/final-logo.png","width":250,"height":48,"caption":"Chemgramx"},"image":{"@id":"https:\/\/chemgramx.com\/#\/schema\/logo\/image\/"}}]}},"_links":{"self":[{"href":"https:\/\/chemgramx.com\/hu\/wp-json\/wp\/v2\/product\/6741","targetHints":{"allow":["GET"]}}],"collection":[{"href":"https:\/\/chemgramx.com\/hu\/wp-json\/wp\/v2\/product"}],"about":[{"href":"https:\/\/chemgramx.com\/hu\/wp-json\/wp\/v2\/types\/product"}],"replies":[{"embeddable":true,"href":"https:\/\/chemgramx.com\/hu\/wp-json\/wp\/v2\/comments?post=6741"}],"wp:featuredmedia":[{"embeddable":true,"href":"https:\/\/chemgramx.com\/hu\/wp-json\/wp\/v2\/media\/6769"}],"wp:attachment":[{"href":"https:\/\/chemgramx.com\/hu\/wp-json\/wp\/v2\/media?parent=6741"}],"wp:term":[{"taxonomy":"product_brand","embeddable":true,"href":"https:\/\/chemgramx.com\/hu\/wp-json\/wp\/v2\/product_brand?post=6741"},{"taxonomy":"product_cat","embeddable":true,"href":"https:\/\/chemgramx.com\/hu\/wp-json\/wp\/v2\/product_cat?post=6741"},{"taxonomy":"product_tag","embeddable":true,"href":"https:\/\/chemgramx.com\/hu\/wp-json\/wp\/v2\/product_tag?post=6741"}],"curies":[{"name":"wp","href":"https:\/\/api.w.org\/{rel}","templated":true}]}}