{"id":6817,"date":"2025-11-21T11:09:30","date_gmt":"2025-11-21T11:09:30","guid":{"rendered":"https:\/\/chemgramx.com\/?post_type=product&#038;p=6817"},"modified":"2025-11-21T11:10:13","modified_gmt":"2025-11-21T11:10:13","slug":"5-vasarolni-meo-bf-online","status":"publish","type":"product","link":"https:\/\/chemgramx.com\/hu\/product\/5-meo-bf-online-kaufen\/","title":{"rendered":"5-MeO-BF online megv\u00e1s\u00e1rl\u00e1sa"},"content":{"rendered":"<p><b>5-MeO-BF online megv\u00e1s\u00e1rl\u00e1sa<\/b> a hozz\u00e1f\u00e9r\u00e9s egy <b>magas sz\u00ednvonal\u00fa kutat\u00e1si vegyszer<\/b> amelyeket kifejezetten az ig\u00e9nyes <b>tudom\u00e1nyos kutat\u00e1si c\u00e9lokra<\/b> fejlesztett\u00e9k ki. Ez az anyag, hivatalos nev\u00e9n <b>5-Methoxi-benzofur\u00e1n<\/b>, f\u0151k\u00e9nt a k\u00f6vetkez\u0151kben tal\u00e1lhat\u00f3 <b>neurok\u00e9miai \u00e9s farmakol\u00f3giai vizsg\u00e1latok<\/b> sz\u00e9les k\u00f6r\u0171 haszn\u00e1lat. Sok tud\u00f3s kifejezetten keresi a lehet\u0151s\u00e9geket, <b>5-MeO-BF megv\u00e1s\u00e1rl\u00e1sa<\/b> vagy <b>5-MeO-BF online megv\u00e1s\u00e1rl\u00e1sa<\/b>, projektek megval\u00f3s\u00edt\u00e1sa a <b>Receptor k\u00f6t\u0151d\u00e9sek<\/b> \u00e9s <b>Neurotranszmitter k\u00f6lcs\u00f6nhat\u00e1sok<\/b> el\u0151adni. Egyedi molekul\u00e1ris szerkezet\u00e9nek k\u00f6sz\u00f6nhet\u0151en a vegy\u00fclet egy <b>\u00c9rt\u00e9kes eszk\u00f6z<\/b> laborat\u00f3riumok sz\u00e1m\u00e1ra. <b>K\u00fcl\u00f6n\u00f6sen<\/b> a szerkezet-hat\u00e1s \u00f6sszef\u00fcgg\u00e9seket elemz\u0151 laborat\u00f3riumok el\u0151nyeit \u00e9lvezhetik a <b>Benzofur\u00e1n oszt\u00e1ly<\/b> \u00f3ri\u00e1si haszn\u00e1t veszem ennek. Azok a kutat\u00f3k, akik <b>5-MeO-BF online rendel\u00e9se<\/b> egy olyan anyag el\u0151nyeit, amely vil\u00e1gszerte nagy \u00e9rdekl\u0151d\u00e9st v\u00e1lt ki a k\u00e9miai \u00e9s biol\u00f3giai kutat\u00e1sokban. <b>Ez\u00e9rt<\/b> alapvet\u0151 fontoss\u00e1g\u00fa, hogy a beszerz\u00e9s egy <b>megb\u00edzhat\u00f3 kutat\u00e1si forr\u00e1s<\/b> amely garant\u00e1lja a legmagasabb tisztas\u00e1gi \u00e9s dokument\u00e1ci\u00f3s szabv\u00e1nyokat. Kifejezetten hangs\u00falyozzuk, hogy ez a kapcsolat <b>kiz\u00e1r\u00f3lag tudom\u00e1nyos c\u00e9lokra<\/b> meghat\u00e1rozott \u00e9s <b>nem emberi fogyaszt\u00e1sra<\/b> alkalmas.<\/p>\n<h2>Az 5-MeO-BF tudom\u00e1nyos jelent\u0151s\u00e9ge: szerkezet \u00e9s alkalmaz\u00e1si ter\u00fcletek<\/h2>\n<p>Az 5-MeO-BF k\u00e9miai szerkezete miatt ide\u00e1lis ligandum \u00e9s k\u00f6ztes term\u00e9k. Speci\u00e1lis tulajdons\u00e1gai pontos k\u00eds\u00e9rleteket tesznek lehet\u0151v\u00e9, \u00e9s \u00faj bioakt\u00edv molekul\u00e1k kifejleszt\u00e9s\u00e9nek alapj\u00e1ul szolg\u00e1lnak.<\/p>\n<ul>\n<li><b>Benzofur\u00e1n mag:<\/b> Ez a mag biol\u00f3giailag relev\u00e1ns. <b>Tov\u00e1bb\u00e1<\/b> ez egy n\u00e9pszer\u0171 \u00e9p\u00edt\u0151elem a <b>gy\u00f3gyszeripari szint\u00e9zis<\/b>.<\/li>\n<li><b>Metoxi helyettes\u00edt\u00e9s :<\/b> Ez a csoport gyakran meghat\u00e1roz\u00f3. <b>Mert<\/b> befoly\u00e1solja a <b>lipofil tulajdons\u00e1gok<\/b> a molekula \u00e9s annak k\u00f6lcs\u00f6nhat\u00e1sa a specifikus <b>Neurotranszmitter receptorok<\/b>.<\/li>\n<li><b>Szint\u00e9zis k\u00f6zbens\u0151 term\u00e9k:<\/b> <b>Ezen k\u00edv\u00fcl<\/b> Mag\u00e1t az 5-MeO-BF-et gyakran nevezik <b>Szint\u00e9zis k\u00f6zbens\u0151 term\u00e9k<\/b> felhaszn\u00e1lva. <b>Itt<\/b> a metoxi-benzofur\u00e1n gerinc bevezet\u00e9s\u00e9re haszn\u00e1lj\u00e1k \u00f6sszetettebb vegy\u00fcletekbe.<\/li>\n<\/ul>\n<h3>Neurok\u00e9miai \u00e9s farmakol\u00f3giai vizsg\u00e1latok<\/h3>\n<p>Az 5-MeO-BF els\u0151dleges felhaszn\u00e1l\u00e1si ter\u00fclete a k\u00f6vetkez\u0151 <b>Alapkutat\u00e1s<\/b>. Ez k\u00fcl\u00f6n\u00f6sen a szerotonin \u00e9s m\u00e1s neurotranszmitter rendszerek vizsg\u00e1lat\u00e1t foglalja mag\u00e1ban. A kutat\u00f3k prec\u00edz k\u00eds\u00e9rletekhez haszn\u00e1lj\u00e1k a vegy\u00fcletet. <b>P\u00e9ld\u00e1ul<\/b> vizsg\u00e1lja meg a <b>Receptor-k\u00f6t\u00e9si affinit\u00e1s<\/b> \u00e9s a <b>molekul\u00e1ris mechanizmusok<\/b> ennek a kapcsolati oszt\u00e1lynak. <b>Ily m\u00f3don<\/b> m\u00e9lyebb meg\u00e9rt\u00e9st nyerhetnek a <b>Szerkezet-aktivit\u00e1s kapcsolatok<\/b> e heterociklusos vegy\u00fcletek. <b>A folyamat sor\u00e1n<\/b> az anyag nagy tisztas\u00e1ga (garant\u00e1lt tisztas\u00e1ga<b><span class=\"math-inline\" data-math=\"mathbf{ge 98%}\">\u00a098%<\/span><\/b>) n\u00e9lk\u00fcl\u00f6zhetetlen. Ez garant\u00e1lja <b>Megb\u00edzhat\u00f3 eredm\u00e9nyek<\/b> \u00e9s a tudom\u00e1nyos adatok reproduk\u00e1lhat\u00f3s\u00e1ga.<\/p>\n<h2>Min\u0151s\u00e9gbiztos\u00edt\u00e1s \u00e9s logisztika: beszerz\u00e9si folyamat megb\u00edzhat\u00f3 forr\u00e1sb\u00f3l<\/h2>\n<p>A szolg\u00e1ltat\u00f3 kiv\u00e1laszt\u00e1sa <b>5-MeO-BF online megv\u00e1s\u00e1rl\u00e1sa<\/b> d\u00f6nt\u0151 t\u00e9nyez\u0151. A kutat\u00f3knak sz\u00e1m\u00edtania kell a min\u0151s\u00e9gre \u00e9s a jogi norm\u00e1k betart\u00e1s\u00e1ra.<\/p>\n<h3>Term\u00e9kle\u00edr\u00e1sok a legmagasabb kutat\u00e1si k\u00f6vetelm\u00e9nyekhez<\/h3>\n<p>Biztos\u00edtjuk, hogy minden specifik\u00e1ci\u00f3 megfeleljen a tudom\u00e1nyos k\u00f6z\u00f6ss\u00e9g k\u00f6vetelm\u00e9nyeinek.<\/p>\n<ul>\n<li><b>Alak \u00e9s \u00e1llag:<\/b> Az anyag a k\u00f6vetkez\u0151 form\u00e1ban \u00e1ll rendelkez\u00e9sre <b>Por vagy krist\u00e1lyos form\u00e1ban<\/b>. <b>Ez k\u00edn\u00e1l<\/b> Rugalmass\u00e1g k\u00fcl\u00f6nb\u00f6z\u0151 laborat\u00f3riumi alkalmaz\u00e1sokhoz, p\u00e9ld\u00e1ul old\u00f3szergy\u00e1rt\u00e1shoz vagy szil\u00e1rd f\u00e1zis\u00fa szint\u00e9zishez.<\/li>\n<li><b>Mennyis\u00e9gi opci\u00f3k:<\/b> K\u00edn\u00e1lunk <b>Rugalmas csomagol\u00e1si m\u00e9retek<\/b>. Ezek a k\u00eds\u00e9rleti projektekhez sz\u00fcks\u00e9ges kis mennyis\u00e9gekt\u0151l a kiterjedt, hosszabb t\u00e1v\u00fa kutat\u00e1si projektekhez sz\u00fcks\u00e9ges nagyobb egys\u00e9gekig terjednek.<\/li>\n<li><b>Dokument\u00e1ci\u00f3:<\/b> Minden sz\u00e1ll\u00edtm\u00e1ny teljes k\u00f6r\u0171 <b><a href=\"\/product\/5-methoxymethylone-online-kaufen\/\">Elemz\u00e9si bizony\u00edtv\u00e1nyok<\/a> (COA)<\/b>. <b>Ez\u00e1ltal<\/b> meger\u0151s\u00edti a t\u00e9tel azonoss\u00e1g\u00e1t \u00e9s tisztas\u00e1g\u00e1t.<\/li>\n<\/ul>\n<h3>Mi\u00e9rt \u00e9rdemes t\u0151l\u00fcnk v\u00e1s\u00e1rolni az 5-MeO-BF-et? F\u00f3kuszban az integrit\u00e1s \u00e9s a szolg\u00e1ltat\u00e1s<\/h3>\n<p>Ha k\u00edv\u00e1ncsi vagy, <b>hol lehet megv\u00e1s\u00e1rolni az 5-MeO-BF-et<\/b>, akkor a mi \u00fczlet\u00fcnk a <b>a legjobb hely az 5-MeO-BF online megv\u00e1s\u00e1rl\u00e1s\u00e1ra<\/b>. <b>Mert<\/b> Biztons\u00e1got, professzionalizmust \u00e9s megb\u00edzhat\u00f3s\u00e1got k\u00edn\u00e1lunk.<\/p>\n<ul>\n<li><b>F\u00fcggetlen\u00fcl laborat\u00f3riumban tesztelt min\u0151s\u00e9g:<\/b> Minden egyes t\u00e9telt \u00e1tfog\u00f3an tesztelnek. <b>\u00cdgy<\/b> biztos\u00edtjuk a legmagasabb min\u0151s\u00e9get, ami a <b>\u00fatt\u00f6r\u0151 kutat\u00e1s<\/b> sz\u00fcks\u00e9ges.<\/li>\n<li><b>Gyors \u00e9s diszkr\u00e9t kisz\u00e1ll\u00edt\u00e1s:<\/b> Garant\u00e1ljuk a <b>Biztons\u00e1gos \u00e9s megb\u00edzhat\u00f3 sz\u00e1ll\u00edt\u00e1s<\/b>. <b>Ezen k\u00edv\u00fcl<\/b> a sz\u00e1ll\u00edt\u00e1s mindig <b>Diszkr\u00e9t<\/b> semleges csomagol\u00e1sban.<\/li>\n<li><b>Hozz\u00e1\u00e9rt\u0151 kutat\u00e1si t\u00e1mogat\u00e1s:<\/b> A <b>\u00dcgyf\u00e9lszolg\u00e1lat<\/b> a k\u00f6vetkez\u0151kre szakosodott <b>Kutat\u00e1si vegyi anyagok<\/b>. <b>Ez\u00e9rt<\/b> a kezel\u00e9ssel, t\u00e1rol\u00e1ssal \u00e9s analitikai dokument\u00e1ci\u00f3val kapcsolatos k\u00e9rd\u00e9sekben kompetens t\u00e1mogat\u00e1st ny\u00fajtunk.<\/li>\n<\/ul>\n<h2>\u00a0Jogi megfelel\u00e9s \u00e9s laborat\u00f3riumi biztons\u00e1g az 5-MeO-BF-n\u00e9l<\/h2>\n<p>A jogi k\u00f6vetelm\u00e9nyeknek val\u00f3 megfelel\u00e9s\u00e9rt mindig a v\u00e1s\u00e1rl\u00f3t terheli a felel\u0151ss\u00e9g. A kutat\u00e1si vegyszerek kezel\u00e9se szigor\u00fa biztons\u00e1gi el\u0151\u00edr\u00e1sokat k\u00f6vetel meg.<\/p>\n<h3>Fontos jogi figyelmeztet\u00e9s \u00e9s a t\u00f6rv\u00e9nyeknek val\u00f3 megfelel\u00e9s<\/h3>\n<p>Az \u00e9rt\u00e9kes\u00edt\u00e9s <b>5-MeO-BF elad\u00f3<\/b> megt\u00f6rt\u00e9nik <b>kiz\u00e1r\u00f3lag kutat\u00e1si c\u00e9lokra<\/b>. <b>A szigor\u00fa szab\u00e1ly \u00e9rv\u00e9nyes\u00fcl:<\/b> Az anyagot nem emberi fogyaszt\u00e1sra vagy viszontelad\u00e1sra sz\u00e1nj\u00e1k. A v\u00e1s\u00e1rl\u00f3knak <b>minden alkalmazand\u00f3 t\u00f6rv\u00e9ny \u00e9s rendelet<\/b> megfelelnek. <b>Ez mag\u00e1ban foglalja a k\u00f6vetkez\u0151ket<\/b> a helyi \u00e9s nemzeti vegyi anyagokra vonatkoz\u00f3 jogszab\u00e1lyok, k\u00fcl\u00f6n\u00f6sen az importra vonatkoz\u00f3 el\u0151\u00edr\u00e1sok tekintet\u00e9ben. A <b>Megfelel\u00e9s a GLP-szabv\u00e1nyoknak (helyes laborat\u00f3riumi gyakorlat)<\/b> k\u00f6telez\u0151 a vegyi anyag kezel\u00e9se sor\u00e1n.<\/p>\n<h3>A biztons\u00e1gos laborat\u00f3riumi kezel\u00e9s protokolljai<\/h3>\n<p>Az 5-MeO-BF kezel\u00e9se a szem\u00e9lyzet v\u00e9delme \u00e9rdek\u00e9ben k\u00fcl\u00f6nleges biztons\u00e1gi protokollok betart\u00e1s\u00e1t k\u00f6veteli meg.<\/p>\n<ol start=\"1\">\n<li><b>Az egy\u00e9ni v\u00e9d\u0151felszerel\u00e9s k\u00f6telez\u0151:<\/b> Mindig haszn\u00e1lja <b>Szem\u00e9lyi v\u00e9d\u0151felszerel\u00e9s<\/b> (laborat\u00f3riumi k\u00f6peny, v\u00e9d\u0151keszty\u0171 \u00e9s szemv\u00e9d\u0151).<\/li>\n<li><b>Szell\u0151z\u00e9s:<\/b> A m\u00e9rlegel\u00e9st \u00e9s a kezel\u00e9st a k\u00f6vetkez\u0151k szerint kell v\u00e9gezni <b>K\u00e9miai f\u00fcstg\u00e1zszekr\u00e9ny<\/b> ker\u00fcl sor. <b>Ily m\u00f3don<\/b> ker\u00fclni kell a porok vagy g\u0151z\u00f6k bel\u00e9gz\u00e9s\u00e9t.<\/li>\n<li><b>T\u00e1rol\u00e1s:<\/b> Az anyagnak <b>h\u0171v\u00f6s, sz\u00e1raz \u00e9s f\u00e9nyt\u0151l v\u00e9dett<\/b> t\u00e1rolni kell. <b>Ez\u00e1ltal<\/b> biztos\u00edtja az anyag k\u00e9miai integrit\u00e1s\u00e1t \u00e9s stabilit\u00e1s\u00e1t.<\/li>\n<\/ol>\n<h3>Rendelje meg az 5-MeO-BF-et online most, \u00e9s kezdje el a kutat\u00e1st<\/h3>\n<p>Ne k\u00f6ss\u00f6n kompromisszumot a min\u0151s\u00e9g ter\u00e9n, ha a kutat\u00e1si eredm\u00e9nyek megb\u00edzhat\u00f3s\u00e1g\u00e1r\u00f3l van sz\u00f3. <b>Ez\u00e9rt<\/b> a legjobb szolg\u00e1ltat\u00f3t kell v\u00e1lasztania annak \u00e9rdek\u00e9ben, hogy <b>5-MeO-BF online megv\u00e1s\u00e1rl\u00e1sa<\/b> hogy k\u00e9pes legyen. Mi egy \u00e1tl\u00e1that\u00f3 <b>5-MeO-BF \u00e1r<\/b>, diszkr\u00e9t sz\u00e1ll\u00edt\u00e1s \u00e9s bizony\u00edtott min\u0151s\u00e9g, amelyet vil\u00e1gszerte vezet\u0151 laborat\u00f3riumok \u00e9rt\u00e9kelnek. <b>V\u00e1s\u00e1roljon 5-MeO-BF-et online megb\u00edzhat\u00f3 kutat\u00e1si forr\u00e1sb\u00f3l<\/b> - biztons\u00e1gos, gyors \u00e9s megb\u00edzhat\u00f3.<\/p>","protected":false},"excerpt":{"rendered":"<p>5-MeO-BF online kaufen bedeutet, Zugang zu einer hochwertigen Forschungschemikalie zu erhalten, die speziell f\u00fcr anspruchsvolle wissenschaftliche Forschungszwecke entwickelt&hellip;<\/p>","protected":false},"featured_media":6835,"comment_status":"open","ping_status":"closed","template":"","meta":{"_joinchat":[]},"product_brand":[],"product_cat":[52],"product_tag":[2626,2620,2627,2623,2621,2622,2625,2624,2533,2015],"class_list":{"0":"post-6817","1":"product","2":"type-product","3":"status-publish","4":"has-post-thumbnail","6":"product_cat-benzofurans","7":"product_tag-5-meo-bf-chemikalien","8":"product_tag-5-meo-bf-kaufen","9":"product_tag-5-meo-bf-kaufen-deutschland","10":"product_tag-5-meo-bf-kaufen-online","11":"product_tag-5-meo-bf-kristalle","12":"product_tag-5-meo-bf-online-kaufen","13":"product_tag-5-meo-bf-preis","14":"product_tag-5-meo-bf-prodej","15":"product_tag-chemikalien-kaufen","16":"product_tag-synthetische-drogen","18":"first","19":"instock","20":"shipping-taxable","21":"purchasable","22":"product-type-variable"},"yoast_head":"<!-- This site is optimized with the Yoast SEO plugin v27.5 - https:\/\/yoast.com\/product\/yoast-seo-wordpress\/ -->\n<title>5-MeO-BF online kaufen \u2013 5-MeO-BF zum Verkauf | chemgramx<\/title>\n<meta name=\"description\" content=\"Sie m\u00f6chten 5-meo-bf online kaufen? Entdecken Sie eine nahtlose Plattform in unserem Online-Shop, auf der Sie 5-meo-bf online kaufen k\u00f6nnen und so erstklassige Qualit\u00e4t f\u00fcr Ihre Forschungsanforderungen sicherstellen.\" \/>\n<meta name=\"robots\" content=\"index, follow, max-snippet:-1, max-image-preview:large, max-video-preview:-1\" \/>\n<link rel=\"canonical\" href=\"https:\/\/chemgramx.com\/hu\/termek-1\/5-vasarolni-meo-bf-online\/\" \/>\n<meta property=\"og:locale\" content=\"hu_HU\" \/>\n<meta property=\"og:type\" content=\"article\" \/>\n<meta property=\"og:title\" content=\"5-MeO-BF online kaufen \u2013 5-MeO-BF zum Verkauf | chemgramx\" \/>\n<meta property=\"og:description\" content=\"Sie m\u00f6chten 5-meo-bf online kaufen? Entdecken Sie eine nahtlose Plattform in unserem Online-Shop, auf der Sie 5-meo-bf online kaufen k\u00f6nnen und so erstklassige Qualit\u00e4t f\u00fcr Ihre Forschungsanforderungen sicherstellen.\" \/>\n<meta property=\"og:url\" content=\"https:\/\/chemgramx.com\/hu\/termek-1\/5-vasarolni-meo-bf-online\/\" \/>\n<meta property=\"og:site_name\" content=\"Chemgramx\" \/>\n<meta property=\"article:modified_time\" content=\"2025-11-21T11:10:13+00:00\" \/>\n<meta property=\"og:image\" content=\"https:\/\/chemgramx.com\/wp-content\/uploads\/2025\/11\/5-MeO-BF-kaufen.jpg\" \/>\n\t<meta property=\"og:image:width\" content=\"225\" \/>\n\t<meta property=\"og:image:height\" content=\"225\" \/>\n\t<meta property=\"og:image:type\" content=\"image\/jpeg\" \/>\n<meta name=\"twitter:card\" content=\"summary_large_image\" \/>\n<meta name=\"twitter:label1\" content=\"Becs\u00fclt olvas\u00e1si id\u0151\" \/>\n\t<meta name=\"twitter:data1\" content=\"4 perc\" \/>\n<script type=\"application\/ld+json\" class=\"yoast-schema-graph\">{\"@context\":\"https:\\\/\\\/schema.org\",\"@graph\":[{\"@type\":\"WebPage\",\"@id\":\"https:\\\/\\\/chemgramx.com\\\/product\\\/5-meo-bf-online-kaufen\\\/\",\"url\":\"https:\\\/\\\/chemgramx.com\\\/product\\\/5-meo-bf-online-kaufen\\\/\",\"name\":\"5-MeO-BF online kaufen \u2013 5-MeO-BF zum Verkauf | chemgramx\",\"isPartOf\":{\"@id\":\"https:\\\/\\\/chemgramx.com\\\/#website\"},\"primaryImageOfPage\":{\"@id\":\"https:\\\/\\\/chemgramx.com\\\/product\\\/5-meo-bf-online-kaufen\\\/#primaryimage\"},\"image\":{\"@id\":\"https:\\\/\\\/chemgramx.com\\\/product\\\/5-meo-bf-online-kaufen\\\/#primaryimage\"},\"thumbnailUrl\":\"https:\\\/\\\/chemgramx.com\\\/wp-content\\\/uploads\\\/2025\\\/11\\\/5-MeO-BF-kaufen.jpg\",\"datePublished\":\"2025-11-21T11:09:30+00:00\",\"dateModified\":\"2025-11-21T11:10:13+00:00\",\"description\":\"Sie m\u00f6chten 5-meo-bf online kaufen? Entdecken Sie eine nahtlose Plattform in unserem Online-Shop, auf der Sie 5-meo-bf online kaufen k\u00f6nnen und so erstklassige Qualit\u00e4t f\u00fcr Ihre Forschungsanforderungen sicherstellen.\",\"breadcrumb\":{\"@id\":\"https:\\\/\\\/chemgramx.com\\\/product\\\/5-meo-bf-online-kaufen\\\/#breadcrumb\"},\"inLanguage\":\"hu\",\"potentialAction\":[{\"@type\":\"ReadAction\",\"target\":[\"https:\\\/\\\/chemgramx.com\\\/product\\\/5-meo-bf-online-kaufen\\\/\"]}]},{\"@type\":\"ImageObject\",\"inLanguage\":\"hu\",\"@id\":\"https:\\\/\\\/chemgramx.com\\\/product\\\/5-meo-bf-online-kaufen\\\/#primaryimage\",\"url\":\"https:\\\/\\\/chemgramx.com\\\/wp-content\\\/uploads\\\/2025\\\/11\\\/5-MeO-BF-kaufen.jpg\",\"contentUrl\":\"https:\\\/\\\/chemgramx.com\\\/wp-content\\\/uploads\\\/2025\\\/11\\\/5-MeO-BF-kaufen.jpg\",\"width\":225,\"height\":225},{\"@type\":\"BreadcrumbList\",\"@id\":\"https:\\\/\\\/chemgramx.com\\\/product\\\/5-meo-bf-online-kaufen\\\/#breadcrumb\",\"itemListElement\":[{\"@type\":\"ListItem\",\"position\":1,\"name\":\"Home\",\"item\":\"https:\\\/\\\/chemgramx.com\\\/\"},{\"@type\":\"ListItem\",\"position\":2,\"name\":\"Shop\",\"item\":\"https:\\\/\\\/chemgramx.com\\\/shop\\\/\"},{\"@type\":\"ListItem\",\"position\":3,\"name\":\"5-MeO-BF online kaufen\"}]},{\"@type\":\"WebSite\",\"@id\":\"https:\\\/\\\/chemgramx.com\\\/#website\",\"url\":\"https:\\\/\\\/chemgramx.com\\\/\",\"name\":\"Chemgramx\",\"description\":\"\",\"publisher\":{\"@id\":\"https:\\\/\\\/chemgramx.com\\\/#organization\"},\"potentialAction\":[{\"@type\":\"SearchAction\",\"target\":{\"@type\":\"EntryPoint\",\"urlTemplate\":\"https:\\\/\\\/chemgramx.com\\\/?s={search_term_string}\"},\"query-input\":{\"@type\":\"PropertyValueSpecification\",\"valueRequired\":true,\"valueName\":\"search_term_string\"}}],\"inLanguage\":\"hu\"},{\"@type\":\"Organization\",\"@id\":\"https:\\\/\\\/chemgramx.com\\\/#organization\",\"name\":\"Chemgramx\",\"url\":\"https:\\\/\\\/chemgramx.com\\\/\",\"logo\":{\"@type\":\"ImageObject\",\"inLanguage\":\"hu\",\"@id\":\"https:\\\/\\\/chemgramx.com\\\/#\\\/schema\\\/logo\\\/image\\\/\",\"url\":\"https:\\\/\\\/chemgramx.com\\\/wp-content\\\/uploads\\\/2024\\\/10\\\/final-logo.png\",\"contentUrl\":\"https:\\\/\\\/chemgramx.com\\\/wp-content\\\/uploads\\\/2024\\\/10\\\/final-logo.png\",\"width\":250,\"height\":48,\"caption\":\"Chemgramx\"},\"image\":{\"@id\":\"https:\\\/\\\/chemgramx.com\\\/#\\\/schema\\\/logo\\\/image\\\/\"}}]}<\/script>\n<!-- \/ Yoast SEO plugin. -->","yoast_head_json":{"title":"V\u00e1s\u00e1roljon 5-MeO-BF-et online \u2013 5-MeO-BF elad\u00f3 | chemgramx","description":"5-meo-bf-et szeretne online v\u00e1s\u00e1rolni? Fedezzen fel egy z\u00f6kken\u0151mentes platformot online \u00e1ruh\u00e1zunkban, ahol online v\u00e1s\u00e1rolhat 5-meo-bf-et, biztos\u00edtva a kutat\u00e1si ig\u00e9nyeinek megfelel\u0151 pr\u00e9mium min\u0151s\u00e9get.","robots":{"index":"index","follow":"follow","max-snippet":"max-snippet:-1","max-image-preview":"max-image-preview:large","max-video-preview":"max-video-preview:-1"},"canonical":"https:\/\/chemgramx.com\/hu\/termek-1\/5-vasarolni-meo-bf-online\/","og_locale":"hu_HU","og_type":"article","og_title":"5-MeO-BF online kaufen \u2013 5-MeO-BF zum Verkauf | chemgramx","og_description":"Sie m\u00f6chten 5-meo-bf online kaufen? Entdecken Sie eine nahtlose Plattform in unserem Online-Shop, auf der Sie 5-meo-bf online kaufen k\u00f6nnen und so erstklassige Qualit\u00e4t f\u00fcr Ihre Forschungsanforderungen sicherstellen.","og_url":"https:\/\/chemgramx.com\/hu\/termek-1\/5-vasarolni-meo-bf-online\/","og_site_name":"Chemgramx","article_modified_time":"2025-11-21T11:10:13+00:00","og_image":[{"width":225,"height":225,"url":"https:\/\/chemgramx.com\/wp-content\/uploads\/2025\/11\/5-MeO-BF-kaufen.jpg","type":"image\/jpeg"}],"twitter_card":"summary_large_image","twitter_misc":{"Becs\u00fclt olvas\u00e1si id\u0151":"4 perc"},"schema":{"@context":"https:\/\/schema.org","@graph":[{"@type":"WebPage","@id":"https:\/\/chemgramx.com\/product\/5-meo-bf-online-kaufen\/","url":"https:\/\/chemgramx.com\/product\/5-meo-bf-online-kaufen\/","name":"V\u00e1s\u00e1roljon 5-MeO-BF-et online \u2013 5-MeO-BF elad\u00f3 | chemgramx","isPartOf":{"@id":"https:\/\/chemgramx.com\/#website"},"primaryImageOfPage":{"@id":"https:\/\/chemgramx.com\/product\/5-meo-bf-online-kaufen\/#primaryimage"},"image":{"@id":"https:\/\/chemgramx.com\/product\/5-meo-bf-online-kaufen\/#primaryimage"},"thumbnailUrl":"https:\/\/chemgramx.com\/wp-content\/uploads\/2025\/11\/5-MeO-BF-kaufen.jpg","datePublished":"2025-11-21T11:09:30+00:00","dateModified":"2025-11-21T11:10:13+00:00","description":"5-meo-bf-et szeretne online v\u00e1s\u00e1rolni? Fedezzen fel egy z\u00f6kken\u0151mentes platformot online \u00e1ruh\u00e1zunkban, ahol online v\u00e1s\u00e1rolhat 5-meo-bf-et, biztos\u00edtva a kutat\u00e1si ig\u00e9nyeinek megfelel\u0151 pr\u00e9mium min\u0151s\u00e9get.","breadcrumb":{"@id":"https:\/\/chemgramx.com\/product\/5-meo-bf-online-kaufen\/#breadcrumb"},"inLanguage":"hu","potentialAction":[{"@type":"ReadAction","target":["https:\/\/chemgramx.com\/product\/5-meo-bf-online-kaufen\/"]}]},{"@type":"ImageObject","inLanguage":"hu","@id":"https:\/\/chemgramx.com\/product\/5-meo-bf-online-kaufen\/#primaryimage","url":"https:\/\/chemgramx.com\/wp-content\/uploads\/2025\/11\/5-MeO-BF-kaufen.jpg","contentUrl":"https:\/\/chemgramx.com\/wp-content\/uploads\/2025\/11\/5-MeO-BF-kaufen.jpg","width":225,"height":225},{"@type":"BreadcrumbList","@id":"https:\/\/chemgramx.com\/product\/5-meo-bf-online-kaufen\/#breadcrumb","itemListElement":[{"@type":"ListItem","position":1,"name":"Home","item":"https:\/\/chemgramx.com\/"},{"@type":"ListItem","position":2,"name":"Shop","item":"https:\/\/chemgramx.com\/shop\/"},{"@type":"ListItem","position":3,"name":"5-MeO-BF online kaufen"}]},{"@type":"WebSite","@id":"https:\/\/chemgramx.com\/#website","url":"https:\/\/chemgramx.com\/","name":"Chemgramx","description":"","publisher":{"@id":"https:\/\/chemgramx.com\/#organization"},"potentialAction":[{"@type":"SearchAction","target":{"@type":"EntryPoint","urlTemplate":"https:\/\/chemgramx.com\/?s={search_term_string}"},"query-input":{"@type":"PropertyValueSpecification","valueRequired":true,"valueName":"search_term_string"}}],"inLanguage":"hu"},{"@type":"Organization","@id":"https:\/\/chemgramx.com\/#organization","name":"Chemgramx","url":"https:\/\/chemgramx.com\/","logo":{"@type":"ImageObject","inLanguage":"hu","@id":"https:\/\/chemgramx.com\/#\/schema\/logo\/image\/","url":"https:\/\/chemgramx.com\/wp-content\/uploads\/2024\/10\/final-logo.png","contentUrl":"https:\/\/chemgramx.com\/wp-content\/uploads\/2024\/10\/final-logo.png","width":250,"height":48,"caption":"Chemgramx"},"image":{"@id":"https:\/\/chemgramx.com\/#\/schema\/logo\/image\/"}}]}},"_links":{"self":[{"href":"https:\/\/chemgramx.com\/hu\/wp-json\/wp\/v2\/product\/6817","targetHints":{"allow":["GET"]}}],"collection":[{"href":"https:\/\/chemgramx.com\/hu\/wp-json\/wp\/v2\/product"}],"about":[{"href":"https:\/\/chemgramx.com\/hu\/wp-json\/wp\/v2\/types\/product"}],"replies":[{"embeddable":true,"href":"https:\/\/chemgramx.com\/hu\/wp-json\/wp\/v2\/comments?post=6817"}],"wp:featuredmedia":[{"embeddable":true,"href":"https:\/\/chemgramx.com\/hu\/wp-json\/wp\/v2\/media\/6835"}],"wp:attachment":[{"href":"https:\/\/chemgramx.com\/hu\/wp-json\/wp\/v2\/media?parent=6817"}],"wp:term":[{"taxonomy":"product_brand","embeddable":true,"href":"https:\/\/chemgramx.com\/hu\/wp-json\/wp\/v2\/product_brand?post=6817"},{"taxonomy":"product_cat","embeddable":true,"href":"https:\/\/chemgramx.com\/hu\/wp-json\/wp\/v2\/product_cat?post=6817"},{"taxonomy":"product_tag","embeddable":true,"href":"https:\/\/chemgramx.com\/hu\/wp-json\/wp\/v2\/product_tag?post=6817"}],"curies":[{"name":"wp","href":"https:\/\/api.w.org\/{rel}","templated":true}]}}