{"id":6818,"date":"2025-11-21T11:09:31","date_gmt":"2025-11-21T11:09:31","guid":{"rendered":"https:\/\/chemgramx.com\/?post_type=product&#038;p=6818"},"modified":"2025-11-21T11:10:13","modified_gmt":"2025-11-21T11:10:13","slug":"benzofuran-2-karboxil-online-vasarlas","status":"publish","type":"product","link":"https:\/\/chemgramx.com\/hu\/product\/benzofuran-2-carboxylic-online-kaufen\/","title":{"rendered":"Benzofur\u00e1n-2-karboxil online v\u00e1s\u00e1rl\u00e1s"},"content":{"rendered":"<p><b>Pontosan mit\u0151l olyan fontos a benzofur\u00e1n-2-karbonsav a szerves szint\u00e9zisben?<\/b> A benzofur\u00e1n-2-karbonsav egy esszenci\u00e1lis karbonsavsz\u00e1rmaz\u00e9k. <b>Ez\u00e9rt<\/b> A szerves szint\u00e9zisben nagy reakci\u00f3k\u00e9pess\u00e9g\u0171 anyagk\u00e9nt haszn\u00e1lj\u00e1k. <b>heterociklusos \u00e9p\u00edt\u0151elem<\/b>. A benzofur\u00e1n szerkezet sz\u00e1mos benzofur\u00e1nban jelen van. <b>bioakt\u00edv molekul\u00e1k<\/b> benne. <b>K\u00f6vetkez\u00e9sk\u00e9ppen<\/b> Az anyagot \u00faj molekul\u00e1ris v\u00e1zak l\u00e9trehoz\u00e1s\u00e1ra haszn\u00e1lj\u00e1k \u00e9s <b>Gy\u00f3gyszerjel\u00f6ltek<\/b> termel. <b>Ezen k\u00edv\u00fcl<\/b> a karbonsavcsoport k\u00f6nnyen \u00e1talak\u00edthat\u00f3 m\u00e1s funkci\u00f3s csoportokk\u00e1, ami nagyon sokoldal\u00fav\u00e1 teszi a komplex k\u00e9miai k\u00eds\u00e9rletekhez.<\/p>\n<p><b>Milyen min\u0151s\u00e9gi szintek \u00e1llnak rendelkez\u00e9sre a benzofur\u00e1n-2-karboxil online v\u00e1s\u00e1rl\u00e1sakor, \u00e9s melyiket v\u00e1lasszam?<\/b> \u00c1ltal\u00e1ban k\u00e9t f\u0151 min\u0151s\u00e9gi szint l\u00e9tezik. El\u0151sz\u00f6r is, a <b>A kutat\u00e1s min\u0151s\u00e9ge<\/b>, amelynek tisztas\u00e1ga <a href=\"http:\/\/product\/cocaine-powder-online-kaufen\/\"><b>legal\u00e1bb<\/b><\/a>\u00a0aj\u00e1nlatok. <b>Ez a szint<\/b> a leg\u00e9rz\u00e9kenyebb k\u00eds\u00e9rletekhez elengedhetetlen. M\u00e1sodszor, ott van a <b>Ipari min\u0151s\u00e9g<\/b>. <b>Ez a<\/b> k\u00f6lts\u00e9ghat\u00e9konyabb, <b>de<\/b> csak olyan ipari vagy m\u0171szaki alkalmaz\u00e1sokhoz alkalmas, ahol a szennyez\u0151d\u00e9sek elfogadhat\u00f3ak. <b>Mindig figyeljen a k\u00f6vetkez\u0151kre<\/b> a kutat\u00e1si min\u0151s\u00e9g kiv\u00e1laszt\u00e1sa laborat\u00f3riumi alkalmaz\u00e1sokhoz.<\/p>\n<p><b>A benzofur\u00e1n-2-karbonsav szab\u00e1lyozott vagy ellen\u0151rz\u00f6tt reagens?<\/b> Egyes pszichoakt\u00edv anyagokkal ellent\u00e9tben a benzofur\u00e1n-2-karbonsav <b>jellemz\u0151en nincs ellen\u0151rz\u00f6tt NpS<\/b> (\u00daj pszichoakt\u00edv anyag). <b>Azonban<\/b> a vesz\u00e9lyes anyagokra vonatkoz\u00f3 \u00e1ltal\u00e1nos nemzeti \u00e9s nemzetk\u00f6zi vegyi anyagokra vonatkoz\u00f3 jogszab\u00e1lyok hat\u00e1lya al\u00e1 tartozik. <b>Ez\u00e9rt<\/b> elengedhetetlen, hogy a v\u00e1s\u00e1rl\u00f3 mindig megfeleljen az alkalmazand\u00f3 <b>Vegyi anyagokra vonatkoz\u00f3 jogszab\u00e1lyok<\/b> \u00e9s minden <b>Import\/export szab\u00e1lyoz\u00e1sok<\/b> a joghat\u00f3s\u00e1ga al\u00e1 tartoz\u00f3 ter\u00fcleten. A jogszab\u00e1lyoknak val\u00f3 megfelel\u00e9s a vev\u0151 felel\u0151ss\u00e9ge.<\/p>\n<h4>Min\u0151s\u00e9gbiztos\u00edt\u00e1ssal \u00e9s logisztik\u00e1val kapcsolatos k\u00e9rd\u00e9sek<\/h4>\n<p><b>Hogyan biztos\u00edthatom a benzofur\u00e1n-2-karbonsav anyag tisztas\u00e1g\u00e1t?<\/b> A tisztas\u00e1got a teljes k\u00f6r\u0171 tisztas\u00e1g garant\u00e1lja. <b>Elemz\u00e9si tan\u00fas\u00edtv\u00e1ny (COA)<\/b> garant\u00e1lt. Egy j\u00f3 h\u00edr\u0171 besz\u00e1ll\u00edt\u00f3nak minden egyes t\u00e9telre vonatkoz\u00f3an meg kell adnia ezt a COA-t. <b>A COA<\/b> dokument\u00e1lja a tisztas\u00e1gi fokot, az alkalmazott <b>Vizsg\u00e1lati m\u00f3dszerek<\/b> (p\u00e9ld\u00e1ul HPLC vagy NMR) \u00e9s a t\u00e9telsz\u00e1m. <b>Ezen k\u00edv\u00fcl<\/b> meg kell, hogy legyen a <b>Biztons\u00e1gi adatlap (SDS\/MSDS)<\/b> az \u00f6sszes kezel\u00e9si \u00e9s biztons\u00e1gi inform\u00e1ci\u00f3 megszerz\u00e9s\u00e9hez.<\/p>\n<p><b>Milyen l\u00e9p\u00e9seket tesznek a biztons\u00e1gos sz\u00e1ll\u00edt\u00e1s \u00e9s t\u00e1rol\u00e1s \u00e9rdek\u00e9ben?<\/b> A k\u00e9miai reagensekre vonatkoz\u00f3 nemzetk\u00f6zi szabv\u00e1nyoknak megfelel\u0151en, szakszer\u0171en csomagolva sz\u00e1ll\u00edtj\u00e1k \u0151ket. <b>Itt<\/b> a sz\u00e1ll\u00edt\u00e1si k\u00e1rok elker\u00fcl\u00e9se \u00e9rdek\u00e9ben \u00fcgyelni kell a csomagol\u00e1s s\u00e9rtetlens\u00e9g\u00e9re. A laborat\u00f3riumban t\u00f6rt\u00e9n\u0151 t\u00e1rol\u00e1sra a k\u00f6vetkez\u0151k vonatkoznak: Az anyagnak <b>h\u0171v\u00f6s, sz\u00e1raz \u00e9s j\u00f3l lez\u00e1rt<\/b> t\u00e1rolni kell. <b>Ily m\u00f3don<\/b> a k\u00e9miai stabilit\u00e1s megmarad, \u00e9s a nedvess\u00e9g vagy a leveg\u0151 okozta boml\u00e1s kiz\u00e1rt.<\/p>\n<p><b>Milyen fizet\u00e9si \u00e9s sz\u00e1ll\u00edt\u00e1si felt\u00e9teleket k\u00edn\u00e1l a Chemgramx a benzofur\u00e1n-2-karbonsav v\u00e1s\u00e1rl\u00e1sakor?<\/b> Olyan biztons\u00e1gos fizet\u00e9si m\u00f3dokat k\u00edn\u00e1lunk, amelyek megfelelnek a kutat\u00e1si szervezetek k\u00f6vetelm\u00e9nyeinek. <b>Ez mag\u00e1ban foglalja a k\u00f6vetkez\u0151ket<\/b> Hitelk\u00e1rtya \u00e9s banki \u00e1tutal\u00e1s. A felad\u00e1sra a k\u00f6vetkez\u0151k szerint ker\u00fcl sor <b>Diszkr\u00e9t<\/b> a sz\u00e1ll\u00edt\u00e1s nyomon k\u00f6vet\u00e9s\u00e9vel. <b>Tov\u00e1bb\u00e1<\/b> \u00d6n az \u00e1tl\u00e1that\u00f3 \u00e1rk\u00e9pz\u00e9s el\u0151nyeit \u00e9lvezheti, mivel k\u00f6zvetlen hozz\u00e1f\u00e9r\u00e9ssel rendelkezik a k\u00fcl\u00f6nb\u00f6z\u0151 <b>Mennyis\u00e9gek \u00e9s tisztas\u00e1gi fokozatok<\/b> kapott.<\/p>","protected":false},"excerpt":{"rendered":"<div class=\"flex-shrink-0 flex flex-col relative items-end\">\n<div>\n<div class=\"pt-0\">\n<div class=\"gizmo-bot-avatar flex h-8 w-8 items-center justify-center overflow-hidden rounded-full\">\n<div class=\"relative p-1 rounded-sm flex items-center justify-center bg-token-main-surface-primary text-token-text-primary h-8 w-8\"><\/div>\n<\/div>\n<\/div>\n<\/div>\n<\/div>\n<div class=\"group\/conversation-turn relative flex w-full min-w-0 flex-col agent-turn\">\n<div class=\"flex-col gap-1 md:gap-3\">\n<div class=\"flex max-w-full flex-col flex-grow\">\n<div class=\"min-h-8 text-message flex w-full flex-col items-end gap-2 whitespace-normal break-words [.text-message+&amp;]:mt-5\" dir=\"auto\" data-message-author-role=\"assistant\" data-message-id=\"42c7ed22-510b-492b-8141-5cb0e68c07dc\" data-message-model-slug=\"gpt-4o-mini\">\n<div class=\"flex w-full flex-col gap-1 empty:hidden first:pt-[3px]\">\n<div class=\"result-streaming markdown prose w-full break-words dark:prose-invert light\">\n<p><strong>Benzofuran<\/strong> ist eine chemische Verbindung, die als Basiseinheit in verschiedenen organischen Verbindungen und Arzneimitteln dient. Die Struktur von Benzofuran besteht aus einem <strong>Furanring<\/strong> (ein f\u00fcnfgliedriger Ring, der ein Sauerstoffatom enth\u00e4lt) fusioniert mit einem <strong>Benzolring<\/strong> (ein sechsgliedriger Ring mit alternierenden Doppelbindungen). Diese Struktur ist eine der Gr\u00fcnde, warum Benzofuran und seine Derivate in der Chemie und Pharmakologie so relevant sind.<\/p>\n<ul>\n<li><strong>IUPAC-Name<\/strong>: Benzofuran<\/li>\n<li><strong>Summenformel<\/strong>: C8H6O<\/li>\n<li><strong>Struktur<\/strong>: Ein <strong>Benzolring<\/strong> (C6H5) ist an einen <strong>Furanring<\/strong> (C4H3O) gebunden. Der Furanring ist ein aromatischer Ring, der ein Sauerstoffatom enth\u00e4lt.<\/li>\n<\/ul>\n<\/div>\n<\/div>\n<\/div>\n<\/div>\n<\/div>\n<\/div>\n","protected":false},"featured_media":6836,"comment_status":"open","ping_status":"closed","template":"","meta":{"_joinchat":[]},"product_brand":[],"product_cat":[52],"product_tag":[2618,2613,2615,2612,2619,2614,2617,2616,2533,2015],"class_list":{"0":"post-6818","1":"product","2":"type-product","3":"status-publish","4":"has-post-thumbnail","6":"product_cat-benzofurans","7":"product_tag-benzofuran-chemikalien","8":"product_tag-benzofuran-kaufen","9":"product_tag-benzofuran-online-kaufen","10":"product_tag-benzofuran-2-carboxylat-kaufen","11":"product_tag-benzofuran-2-carboxylat-kaufen-online","12":"product_tag-benzofuran-2-carboxylat-kristalle","13":"product_tag-benzofuran-2-carboxylat-prodej","14":"product_tag-benzofuran-2-carboxylic-preis","15":"product_tag-chemikalien-kaufen","16":"product_tag-synthetische-drogen","18":"first","19":"instock","20":"shipping-taxable","21":"purchasable","22":"product-type-variable"},"yoast_head":"<!-- This site is optimized with the Yoast SEO plugin v27.5 - https:\/\/yoast.com\/product\/yoast-seo-wordpress\/ -->\n<title>Benzofuran-2-carbons\u00e4ure online kaufen | Chemgramx<\/title>\n<meta name=\"description\" content=\"Unser Gesch\u00e4ft hat Benzofuran-2-carbons\u00e4ure in Topqualit\u00e4t zum Verkauf. Wenn Sie Benzofuran-2-carbons\u00e4ure online in unserem Chemgramx-Gesch\u00e4ft kaufen.\" \/>\n<meta name=\"robots\" content=\"index, follow, max-snippet:-1, max-image-preview:large, max-video-preview:-1\" \/>\n<link rel=\"canonical\" href=\"https:\/\/chemgramx.com\/hu\/termek-1\/benzofuran-2-karboxil-online-vasarlas\/\" \/>\n<meta property=\"og:locale\" content=\"hu_HU\" \/>\n<meta property=\"og:type\" content=\"article\" \/>\n<meta property=\"og:title\" content=\"Benzofuran-2-carbons\u00e4ure online kaufen | Chemgramx\" \/>\n<meta property=\"og:description\" content=\"Unser Gesch\u00e4ft hat Benzofuran-2-carbons\u00e4ure in Topqualit\u00e4t zum Verkauf. Wenn Sie Benzofuran-2-carbons\u00e4ure online in unserem Chemgramx-Gesch\u00e4ft kaufen.\" \/>\n<meta property=\"og:url\" content=\"https:\/\/chemgramx.com\/hu\/termek-1\/benzofuran-2-karboxil-online-vasarlas\/\" \/>\n<meta property=\"og:site_name\" content=\"Chemgramx\" \/>\n<meta property=\"article:modified_time\" content=\"2025-11-21T11:10:13+00:00\" \/>\n<meta property=\"og:image\" content=\"https:\/\/chemgramx.com\/wp-content\/uploads\/2025\/11\/Benzofuran-2-carboxylic.jpg\" \/>\n\t<meta property=\"og:image:width\" content=\"600\" \/>\n\t<meta property=\"og:image:height\" content=\"600\" \/>\n\t<meta property=\"og:image:type\" content=\"image\/jpeg\" \/>\n<meta name=\"twitter:card\" content=\"summary_large_image\" \/>\n<meta name=\"twitter:label1\" content=\"Becs\u00fclt olvas\u00e1si id\u0151\" \/>\n\t<meta name=\"twitter:data1\" content=\"2 perc\" \/>\n<script type=\"application\/ld+json\" class=\"yoast-schema-graph\">{\"@context\":\"https:\\\/\\\/schema.org\",\"@graph\":[{\"@type\":\"WebPage\",\"@id\":\"https:\\\/\\\/chemgramx.com\\\/product\\\/benzofuran-2-carboxylic-online-kaufen\\\/\",\"url\":\"https:\\\/\\\/chemgramx.com\\\/product\\\/benzofuran-2-carboxylic-online-kaufen\\\/\",\"name\":\"Benzofuran-2-carbons\u00e4ure online kaufen | Chemgramx\",\"isPartOf\":{\"@id\":\"https:\\\/\\\/chemgramx.com\\\/#website\"},\"primaryImageOfPage\":{\"@id\":\"https:\\\/\\\/chemgramx.com\\\/product\\\/benzofuran-2-carboxylic-online-kaufen\\\/#primaryimage\"},\"image\":{\"@id\":\"https:\\\/\\\/chemgramx.com\\\/product\\\/benzofuran-2-carboxylic-online-kaufen\\\/#primaryimage\"},\"thumbnailUrl\":\"https:\\\/\\\/chemgramx.com\\\/wp-content\\\/uploads\\\/2025\\\/11\\\/Benzofuran-2-carboxylic.jpg\",\"datePublished\":\"2025-11-21T11:09:31+00:00\",\"dateModified\":\"2025-11-21T11:10:13+00:00\",\"description\":\"Unser Gesch\u00e4ft hat Benzofuran-2-carbons\u00e4ure in Topqualit\u00e4t zum Verkauf. Wenn Sie Benzofuran-2-carbons\u00e4ure online in unserem Chemgramx-Gesch\u00e4ft kaufen.\",\"breadcrumb\":{\"@id\":\"https:\\\/\\\/chemgramx.com\\\/product\\\/benzofuran-2-carboxylic-online-kaufen\\\/#breadcrumb\"},\"inLanguage\":\"hu\",\"potentialAction\":[{\"@type\":\"ReadAction\",\"target\":[\"https:\\\/\\\/chemgramx.com\\\/product\\\/benzofuran-2-carboxylic-online-kaufen\\\/\"]}]},{\"@type\":\"ImageObject\",\"inLanguage\":\"hu\",\"@id\":\"https:\\\/\\\/chemgramx.com\\\/product\\\/benzofuran-2-carboxylic-online-kaufen\\\/#primaryimage\",\"url\":\"https:\\\/\\\/chemgramx.com\\\/wp-content\\\/uploads\\\/2025\\\/11\\\/Benzofuran-2-carboxylic.jpg\",\"contentUrl\":\"https:\\\/\\\/chemgramx.com\\\/wp-content\\\/uploads\\\/2025\\\/11\\\/Benzofuran-2-carboxylic.jpg\",\"width\":600,\"height\":600},{\"@type\":\"BreadcrumbList\",\"@id\":\"https:\\\/\\\/chemgramx.com\\\/product\\\/benzofuran-2-carboxylic-online-kaufen\\\/#breadcrumb\",\"itemListElement\":[{\"@type\":\"ListItem\",\"position\":1,\"name\":\"Home\",\"item\":\"https:\\\/\\\/chemgramx.com\\\/\"},{\"@type\":\"ListItem\",\"position\":2,\"name\":\"Shop\",\"item\":\"https:\\\/\\\/chemgramx.com\\\/shop\\\/\"},{\"@type\":\"ListItem\",\"position\":3,\"name\":\"Benzofuran-2-carboxylic Online Kaufen\"}]},{\"@type\":\"WebSite\",\"@id\":\"https:\\\/\\\/chemgramx.com\\\/#website\",\"url\":\"https:\\\/\\\/chemgramx.com\\\/\",\"name\":\"Chemgramx\",\"description\":\"\",\"publisher\":{\"@id\":\"https:\\\/\\\/chemgramx.com\\\/#organization\"},\"potentialAction\":[{\"@type\":\"SearchAction\",\"target\":{\"@type\":\"EntryPoint\",\"urlTemplate\":\"https:\\\/\\\/chemgramx.com\\\/?s={search_term_string}\"},\"query-input\":{\"@type\":\"PropertyValueSpecification\",\"valueRequired\":true,\"valueName\":\"search_term_string\"}}],\"inLanguage\":\"hu\"},{\"@type\":\"Organization\",\"@id\":\"https:\\\/\\\/chemgramx.com\\\/#organization\",\"name\":\"Chemgramx\",\"url\":\"https:\\\/\\\/chemgramx.com\\\/\",\"logo\":{\"@type\":\"ImageObject\",\"inLanguage\":\"hu\",\"@id\":\"https:\\\/\\\/chemgramx.com\\\/#\\\/schema\\\/logo\\\/image\\\/\",\"url\":\"https:\\\/\\\/chemgramx.com\\\/wp-content\\\/uploads\\\/2024\\\/10\\\/final-logo.png\",\"contentUrl\":\"https:\\\/\\\/chemgramx.com\\\/wp-content\\\/uploads\\\/2024\\\/10\\\/final-logo.png\",\"width\":250,\"height\":48,\"caption\":\"Chemgramx\"},\"image\":{\"@id\":\"https:\\\/\\\/chemgramx.com\\\/#\\\/schema\\\/logo\\\/image\\\/\"}}]}<\/script>\n<!-- \/ Yoast SEO plugin. -->","yoast_head_json":{"title":"Benzofur\u00e1n-2-karbonsav online v\u00e1s\u00e1rl\u00e1sa | Chemgramx","description":"\u00dczlet\u00fcnkben kiv\u00e1l\u00f3 min\u0151s\u00e9g\u0171 benzofuran-2-karbonsav kaphat\u00f3. Ha benzofuran-2-karbonsavat v\u00e1s\u00e1rol online a Chemgramx \u00fczlet\u00fcnkben.","robots":{"index":"index","follow":"follow","max-snippet":"max-snippet:-1","max-image-preview":"max-image-preview:large","max-video-preview":"max-video-preview:-1"},"canonical":"https:\/\/chemgramx.com\/hu\/termek-1\/benzofuran-2-karboxil-online-vasarlas\/","og_locale":"hu_HU","og_type":"article","og_title":"Benzofuran-2-carbons\u00e4ure online kaufen | Chemgramx","og_description":"Unser Gesch\u00e4ft hat Benzofuran-2-carbons\u00e4ure in Topqualit\u00e4t zum Verkauf. Wenn Sie Benzofuran-2-carbons\u00e4ure online in unserem Chemgramx-Gesch\u00e4ft kaufen.","og_url":"https:\/\/chemgramx.com\/hu\/termek-1\/benzofuran-2-karboxil-online-vasarlas\/","og_site_name":"Chemgramx","article_modified_time":"2025-11-21T11:10:13+00:00","og_image":[{"width":600,"height":600,"url":"https:\/\/chemgramx.com\/wp-content\/uploads\/2025\/11\/Benzofuran-2-carboxylic.jpg","type":"image\/jpeg"}],"twitter_card":"summary_large_image","twitter_misc":{"Becs\u00fclt olvas\u00e1si id\u0151":"2 perc"},"schema":{"@context":"https:\/\/schema.org","@graph":[{"@type":"WebPage","@id":"https:\/\/chemgramx.com\/product\/benzofuran-2-carboxylic-online-kaufen\/","url":"https:\/\/chemgramx.com\/product\/benzofuran-2-carboxylic-online-kaufen\/","name":"Benzofur\u00e1n-2-karbonsav online v\u00e1s\u00e1rl\u00e1sa | Chemgramx","isPartOf":{"@id":"https:\/\/chemgramx.com\/#website"},"primaryImageOfPage":{"@id":"https:\/\/chemgramx.com\/product\/benzofuran-2-carboxylic-online-kaufen\/#primaryimage"},"image":{"@id":"https:\/\/chemgramx.com\/product\/benzofuran-2-carboxylic-online-kaufen\/#primaryimage"},"thumbnailUrl":"https:\/\/chemgramx.com\/wp-content\/uploads\/2025\/11\/Benzofuran-2-carboxylic.jpg","datePublished":"2025-11-21T11:09:31+00:00","dateModified":"2025-11-21T11:10:13+00:00","description":"\u00dczlet\u00fcnkben kiv\u00e1l\u00f3 min\u0151s\u00e9g\u0171 benzofuran-2-karbonsav kaphat\u00f3. Ha benzofuran-2-karbonsavat v\u00e1s\u00e1rol online a Chemgramx \u00fczlet\u00fcnkben.","breadcrumb":{"@id":"https:\/\/chemgramx.com\/product\/benzofuran-2-carboxylic-online-kaufen\/#breadcrumb"},"inLanguage":"hu","potentialAction":[{"@type":"ReadAction","target":["https:\/\/chemgramx.com\/product\/benzofuran-2-carboxylic-online-kaufen\/"]}]},{"@type":"ImageObject","inLanguage":"hu","@id":"https:\/\/chemgramx.com\/product\/benzofuran-2-carboxylic-online-kaufen\/#primaryimage","url":"https:\/\/chemgramx.com\/wp-content\/uploads\/2025\/11\/Benzofuran-2-carboxylic.jpg","contentUrl":"https:\/\/chemgramx.com\/wp-content\/uploads\/2025\/11\/Benzofuran-2-carboxylic.jpg","width":600,"height":600},{"@type":"BreadcrumbList","@id":"https:\/\/chemgramx.com\/product\/benzofuran-2-carboxylic-online-kaufen\/#breadcrumb","itemListElement":[{"@type":"ListItem","position":1,"name":"Home","item":"https:\/\/chemgramx.com\/"},{"@type":"ListItem","position":2,"name":"Shop","item":"https:\/\/chemgramx.com\/shop\/"},{"@type":"ListItem","position":3,"name":"Benzofuran-2-carboxylic Online Kaufen"}]},{"@type":"WebSite","@id":"https:\/\/chemgramx.com\/#website","url":"https:\/\/chemgramx.com\/","name":"Chemgramx","description":"","publisher":{"@id":"https:\/\/chemgramx.com\/#organization"},"potentialAction":[{"@type":"SearchAction","target":{"@type":"EntryPoint","urlTemplate":"https:\/\/chemgramx.com\/?s={search_term_string}"},"query-input":{"@type":"PropertyValueSpecification","valueRequired":true,"valueName":"search_term_string"}}],"inLanguage":"hu"},{"@type":"Organization","@id":"https:\/\/chemgramx.com\/#organization","name":"Chemgramx","url":"https:\/\/chemgramx.com\/","logo":{"@type":"ImageObject","inLanguage":"hu","@id":"https:\/\/chemgramx.com\/#\/schema\/logo\/image\/","url":"https:\/\/chemgramx.com\/wp-content\/uploads\/2024\/10\/final-logo.png","contentUrl":"https:\/\/chemgramx.com\/wp-content\/uploads\/2024\/10\/final-logo.png","width":250,"height":48,"caption":"Chemgramx"},"image":{"@id":"https:\/\/chemgramx.com\/#\/schema\/logo\/image\/"}}]}},"_links":{"self":[{"href":"https:\/\/chemgramx.com\/hu\/wp-json\/wp\/v2\/product\/6818","targetHints":{"allow":["GET"]}}],"collection":[{"href":"https:\/\/chemgramx.com\/hu\/wp-json\/wp\/v2\/product"}],"about":[{"href":"https:\/\/chemgramx.com\/hu\/wp-json\/wp\/v2\/types\/product"}],"replies":[{"embeddable":true,"href":"https:\/\/chemgramx.com\/hu\/wp-json\/wp\/v2\/comments?post=6818"}],"wp:featuredmedia":[{"embeddable":true,"href":"https:\/\/chemgramx.com\/hu\/wp-json\/wp\/v2\/media\/6836"}],"wp:attachment":[{"href":"https:\/\/chemgramx.com\/hu\/wp-json\/wp\/v2\/media?parent=6818"}],"wp:term":[{"taxonomy":"product_brand","embeddable":true,"href":"https:\/\/chemgramx.com\/hu\/wp-json\/wp\/v2\/product_brand?post=6818"},{"taxonomy":"product_cat","embeddable":true,"href":"https:\/\/chemgramx.com\/hu\/wp-json\/wp\/v2\/product_cat?post=6818"},{"taxonomy":"product_tag","embeddable":true,"href":"https:\/\/chemgramx.com\/hu\/wp-json\/wp\/v2\/product_tag?post=6818"}],"curies":[{"name":"wp","href":"https:\/\/api.w.org\/{rel}","templated":true}]}}