{"id":6866,"date":"2025-11-21T11:09:57","date_gmt":"2025-11-21T11:09:57","guid":{"rendered":"https:\/\/chemgramx.com\/?post_type=product&#038;p=6866"},"modified":"2025-12-10T07:21:33","modified_gmt":"2025-12-10T07:21:33","slug":"vasaroljon-7-abf-online","status":"publish","type":"product","link":"https:\/\/chemgramx.com\/hu\/product\/7-abf-online-kaufen\/","title":{"rendered":"7-ABF v\u00e1s\u00e1rl\u00e1s \u2013 Tisztas\u00e1g, kutat\u00e1s"},"content":{"rendered":"<h2>Kiv\u00e1l\u00f3 min\u0151s\u00e9g\u0171 7-ABF: partnere a kutat\u00e1s \u00e9s fejleszt\u00e9s ter\u00fclet\u00e9n<\/h2>\n<p>Ha <b>7-ABF megv\u00e1s\u00e1rl\u00e1sa<\/b> , akkor a ChemGramX az els\u0151 sz\u00e1m\u00fa c\u00edm laborat\u00f3riumban tesztelt, kiv\u00e1l\u00f3 min\u0151s\u00e9g\u0171 7-ABF beszerz\u00e9s\u00e9hez. Ez az esszenci\u00e1lis k\u00e9miai vegy\u00fclet, m\u00e1s n\u00e9ven 7-azaindol, kulcsszerepet j\u00e1tszik a fejlett k\u00e9miai \u00e9s gy\u00f3gyszer\u00e9szeti kutat\u00e1si alkalmaz\u00e1sokban. Ha <b>7-ABF online v\u00e1s\u00e1rl\u00e1s<\/b>, garant\u00e1lt tisztas\u00e1got \u00e9s min\u0151s\u00e9get kap, amelyek elengedhetetlenek a pontos \u00e9s megb\u00edzhat\u00f3 kutat\u00e1si eredm\u00e9nyek el\u00e9r\u00e9s\u00e9hez. Tudjuk, hogy munk\u00e1ja a legmagasabb sz\u00ednvonalat ig\u00e9nyli, ez\u00e9rt gondoskodunk arr\u00f3l, hogy 7-ABF term\u00e9k\u00fcnk megfeleljen ezeknek az elv\u00e1r\u00e1soknak. A kiv\u00e1l\u00f3s\u00e1g ir\u00e1nti elk\u00f6telezetts\u00e9g\u00fcnk a beszerz\u00e9ssel kezd\u0151dik \u00e9s a gondos feldolgoz\u00e1ssal v\u00e9gz\u0151dik, hogy olyan term\u00e9ket sz\u00e1ll\u00edtsunk \u00d6nnek, amely meghaladja az elv\u00e1r\u00e1sait.<\/p>\n<p>Az \u00faj tudom\u00e1nyos ismeretekre val\u00f3 t\u00f6rekv\u00e9s a legmagasabb integrit\u00e1s\u00fa anyagokat ig\u00e9nyli. Ez\u00e9rt a megfelel\u0151 besz\u00e1ll\u00edt\u00f3 kiv\u00e1laszt\u00e1sa d\u00f6nt\u0151 fontoss\u00e1g\u00fa. A ChemGramX c\u00e9lja, hogy a kutat\u00f3k hozz\u00e1f\u00e9rjenek a legjobb k\u00e9miai \u00e9p\u00edt\u0151elemekhez. Mi <b>Kiv\u00e1l\u00f3 min\u0151s\u00e9g\u0171 7-ABF<\/b> a gondos kiv\u00e1laszt\u00e1s \u00e9s a szigor\u00fa min\u0151s\u00e9g-ellen\u0151rz\u00e9s eredm\u00e9nye. Biztos\u00edtjuk \u00d6nnek, hogy minden t\u00e9tel megfelel a magas sz\u00ednvonal\u00fa k\u00f6vetelm\u00e9nyeinknek. B\u00edzzon a ChemGramX-ben, ha prec\u00edzi\u00f3s \u00e9s megb\u00edzhat\u00f3 eredm\u00e9nyekre van sz\u00fcks\u00e9ge ig\u00e9nyes kutat\u00e1si projektjeihez.<\/p>\n<h3>Mi az a 7-ABF \u00e9s mi a jelent\u0151s\u00e9ge?<\/h3>\n<p>A 7-ABF, k\u00e9miailag 7-azaindol n\u00e9ven ismert, az azaindol-sz\u00e1rmaz\u00e9kok csal\u00e1dj\u00e1ba tartozik. Ez a szerkezet \u00e9rt\u00e9kes eszk\u00f6zz\u00e9 teszi az organikus szint\u00e9zisben \u00e9s a gy\u00f3gyszeripari kutat\u00e1sban. Gyakran alapvet\u0151 \u00e9p\u00edt\u0151elemk\u00e9nt szolg\u00e1l komplexebb molekul\u00e1k \u00e9s potenci\u00e1lis gy\u00f3gyszerhat\u00f3anyagok el\u0151\u00e1ll\u00edt\u00e1s\u00e1hoz. A kutat\u00f3k, akik <b>7-ABF megrendel\u00e9se<\/b>, egyed\u00fcl\u00e1ll\u00f3 k\u00e9miai tulajdons\u00e1gait kihaszn\u00e1lva vizsg\u00e1lj\u00e1k a reaktivit\u00e1s\u00e1t \u00e9s kutatj\u00e1k az \u00fajszer\u0171 szint\u00e9zis\u00fatvonalakat \u00edg\u00e9retes gy\u00f3gyszerjel\u00f6ltek sz\u00e1m\u00e1ra. A vegy\u00fclet sokoldal\u00fas\u00e1ga folyamatosan \u00faj lehet\u0151s\u00e9geket nyit meg a hat\u00f3anyagkutat\u00e1s \u00e9s az anyagok tudom\u00e1ny\u00e1ban.<\/p>\n<p>A 7-ABF alkalmaz\u00e1sa k\u00fcl\u00f6nb\u00f6z\u0151 kutat\u00e1si ter\u00fcletekre terjed ki. K\u00e9pess\u00e9ge hidrog\u00e9nk\u00f6t\u00e9sek kialak\u00edt\u00e1s\u00e1ra \u00e9s ligandumk\u00e9nt val\u00f3 m\u0171k\u00f6d\u00e9s\u00e9re f\u00e9morganikus komplexekben k\u00fcl\u00f6n\u00f6sen \u00e9rdekesv\u00e9 teszi a szupramolekul\u00e1ris k\u00e9mia \u00e9s a katal\u00edzis kutat\u00e1s sz\u00e1m\u00e1ra. Ezenk\u00edv\u00fcl alapanyagk\u00e9nt is vizsg\u00e1lj\u00e1k olyan vegy\u00fcletek szint\u00e9zis\u00e9hez, amelyek potenci\u00e1lis biol\u00f3giai aktivit\u00e1ssal rendelkeznek. A 7-ABF folyamatos kutat\u00e1sa el\u0151mozd\u00edtja az innov\u00e1ci\u00f3t olyan ter\u00fcleteken, mint az onkol\u00f3gia, az idegtudom\u00e1nyok \u00e9s a fert\u0151z\u0151 betegs\u00e9gek. Ez\u00e9rt a tud\u00f3sok sz\u00e1m\u00e1ra elengedhetetlen, hogy hozz\u00e1f\u00e9rjenek egy megb\u00edzhat\u00f3 forr\u00e1shoz <b>Magas tisztas\u00e1g\u00fa 7-ABF elad\u00f3<\/b> lenni.<\/p>\n<h3>Mi\u00e9rt \u00e9rdemes fontol\u00f3ra venni a ChemGramX 7-ABF term\u00e9k\u00e9t?<\/h3>\n<p>A d\u00f6nt\u00e9s, <b>7-ABF v\u00e1s\u00e1rl\u00e1s<\/b>, minden kutat\u00f3laborat\u00f3rium sz\u00e1m\u00e1ra fontos l\u00e9p\u00e9s. A ChemGramX seg\u00edts\u00e9g\u00e9vel olyan kapcsolatot kap, amely felbecs\u00fclhetetlen \u00e9rt\u00e9k\u0171 az \u00faj gy\u00f3gyszerek \u00e9s fejlett k\u00e9miai term\u00e9kek fejleszt\u00e9se szempontj\u00e1b\u00f3l. A 7-ABF term\u00e9k\u00fcnk garant\u00e1lja a legmagasabb tisztas\u00e1got \u00e9s konzisztenci\u00e1t, ami elengedhetetlen a pontos \u00e9s reproduk\u00e1lhat\u00f3 eredm\u00e9nyek el\u00e9r\u00e9s\u00e9hez a gy\u00f3gyszer\u00e9szeti \u00e9s biok\u00e9miai alkalmaz\u00e1sokban. B\u00fcszk\u00e9k vagyunk arra, hogy vil\u00e1gszerte kutat\u00f3knak k\u00edn\u00e1lunk olyan anyagokat, amelyek a legmagasabb min\u0151s\u00e9gi szabv\u00e1nyoknak megfelelnek.<\/p>\n<p>Ha a <b>legjobb 7-ABF el\u00e9rhet\u0151<\/b> keres, akkor a ChemGramX a legjobb v\u00e1laszt\u00e1s. Nagy hangs\u00falyt fektet\u00fcnk term\u00e9keink min\u0151s\u00e9gbiztos\u00edt\u00e1s\u00e1ra. Minden 7-ABF t\u00e9tel\u00fcnket f\u00fcggetlen laborat\u00f3riumokban szigor\u00faan ellen\u0151rzik tisztas\u00e1g \u00e9s identit\u00e1s szempontj\u00e1b\u00f3l. Ezek a r\u00e9szletes elemz\u00e9sek garant\u00e1lj\u00e1k, hogy olyan term\u00e9ket kapjon, amely alkalmas \u00e9rz\u00e9keny k\u00eds\u00e9rleteihez. Folyamataink \u00e1tl\u00e1that\u00f3s\u00e1ga biztos\u00edtja \u00d6nnek a \u00e9rt\u00e9kes kutat\u00e1si munk\u00e1j\u00e1hoz sz\u00fcks\u00e9ges biztons\u00e1got. Fedezze fel a min\u0151s\u00e9g \u00e1ltal ny\u00fajtott k\u00fcl\u00f6nbs\u00e9get.<\/p>\n<h3>A ChemGramX 7-ABF term\u00e9k\u00e9nek el\u0151nyei<\/h3>\n<p>A ChemGramX-n\u00e9l a min\u0151s\u00e9g az els\u0151. Tiszt\u00e1ban vagyunk azzal, hogy kutat\u00e1sa a haszn\u00e1lt vegyi anyagok tisztas\u00e1g\u00e1t\u00f3l \u00e9s megb\u00edzhat\u00f3s\u00e1g\u00e1t\u00f3l f\u00fcgg. Ez\u00e9rt k\u00edn\u00e1ljuk \u00d6nnek <b>Laborat\u00f3riumi min\u0151s\u00e9g\u0171 7-ABF elad\u00f3<\/b> amely szigor\u00fa min\u0151s\u00e9g-ellen\u0151rz\u00e9snek van al\u00e1vetve. Minden term\u00e9ket gondosan elemz\u00fcnk, hogy a legmagasabb sz\u00ednvonalat biztos\u00edtsuk. Ez a kiv\u00e1l\u00f3s\u00e1g ir\u00e1nti elk\u00f6telezetts\u00e9g azt jelenti, hogy b\u00edzhat a 7-ABF konzisztenci\u00e1j\u00e1ban \u00e9s hat\u00e9konys\u00e1g\u00e1ban, hogy el\u00e9rje tudom\u00e1nyos c\u00e9ljait.<\/p>\n<p>C\u00e9lunk, hogy z\u00f6kken\u0151mentes \u00e9lm\u00e9nyt ny\u00fajtsunk \u00d6nnek. Ha fontol\u00f3ra veszi a 7-ABF online megrendel\u00e9s\u00e9t, \u00e9lvezheti a felhaszn\u00e1l\u00f3bar\u00e1t rendel\u00e9si rendszer\u00fcnk \u00e9s elk\u00f6telezett \u00fcgyf\u00e9lszolg\u00e1latunk el\u0151nyeit. C\u00e9lunk, hogy ne csak kiv\u00e1l\u00f3 min\u0151s\u00e9g\u0171 term\u00e9keket, hanem kiv\u00e1l\u00f3 szolg\u00e1ltat\u00e1st is ny\u00fajtsunk \u00d6nnek. Fedezze fel term\u00e9keinket, \u00e9s tudja meg, hogyan seg\u00edtheti a ChemGramX kutat\u00e1sait. Tudom\u00e1nyos \u00e1tt\u00f6r\u00e9sei motiv\u00e1lnak minket.<\/p>\n<ul>\n<li><b>Laborat\u00f3riumban tesztelt tisztas\u00e1g:<\/b> A 7-ABF minden t\u00e9tele szigor\u00fa \u00e9s f\u00fcggetlen laborat\u00f3riumi vizsg\u00e1latokon esik \u00e1t. Ez garant\u00e1lja az optim\u00e1lis min\u0151s\u00e9get, amely elengedhetetlen a ig\u00e9nyes kutat\u00e1si projektekhez.<\/li>\n<li><b>Ide\u00e1lis kutat\u00e1shoz \u00e9s szint\u00e9zishez:<\/b> A 7-ABF t\u00f6k\u00e9letesen alkalmas k\u00e9miai szint\u00e9zisekhez, gy\u00f3gyszer\u00e9szeti vizsg\u00e1latokhoz \u00e9s k\u00fcl\u00f6nb\u00f6z\u0151 analitikai alkalmaz\u00e1sokhoz. Megb\u00edzhat\u00f3 alapanyagk\u00e9nt szolg\u00e1l innov\u00e1ci\u00f3ihoz.<\/li>\n<li><b>\u00c1tl\u00e1that\u00f3 \u00e1rk\u00e9pz\u00e9s:<\/b> A 7-ABF term\u00e9kre mindig m\u00e9lt\u00e1nyos \u00e1rat k\u00edn\u00e1lunk, amely t\u00fckr\u00f6zi a laborat\u00f3riumban tesztelt min\u0151s\u00e9get. Els\u0151 oszt\u00e1ly\u00fa vegyszereket kap versenyk\u00e9pes \u00e1ron.<\/li>\n<li><b>Hiteles 7-ABF:<\/b> Garant\u00e1ljuk 7-ABF term\u00e9k\u00fcnk hiteless\u00e9g\u00e9t. B\u00edzzon a sz\u00e1rmaz\u00e1sban \u00e9s a min\u0151s\u00e9gben, amelyek elengedhetetlenek a reproduk\u00e1lhat\u00f3 tudom\u00e1nyos eredm\u00e9nyekhez.<\/li>\n<\/ul>\n<h3>A 7-ABF sz\u00e9les k\u00f6r\u0171 alkalmaz\u00e1si ter\u00fcletei<\/h3>\n<p>A 7-ABF, mint az azaindol-csal\u00e1d tagja, sz\u00e9les k\u00f6r\u0171 alkalmaz\u00e1si lehet\u0151s\u00e9geket k\u00edn\u00e1l a modern k\u00e9miai kutat\u00e1sban \u00e9s fejleszt\u00e9sben. Molekul\u00e1ris szerkezete sokf\u00e9le k\u00e9miai reakci\u00f3t tesz lehet\u0151v\u00e9, ami n\u00e9pszer\u0171 reagenss\u00e9 teszi \u00faj szerves vegy\u00fcletek szint\u00e9zis\u00e9hez. A kutat\u00f3k gyakran haszn\u00e1lj\u00e1k a 7-ABF-et kiindul\u00e1si pontk\u00e9nt olyan molekul\u00e1k fejleszt\u00e9s\u00e9hez, amelyek potenci\u00e1lis ter\u00e1pi\u00e1s tulajdons\u00e1gokkal rendelkeznek. Deriv\u00e1tumainak vizsg\u00e1lata p\u00e9ld\u00e1ul \u00edg\u00e9retes jel\u00f6ltekre vezetett a r\u00e1kkutat\u00e1sban \u00e9s a v\u00edrusfert\u0151z\u00e9sek lek\u00fczd\u00e9s\u00e9ben. Ha ki szeretn\u00e9 akn\u00e1zni ezt a potenci\u00e1lt, akkor a <b>7-ABF online beszerz\u00e9se<\/b> megb\u00edzhat\u00f3 forr\u00e1sb\u00f3l, p\u00e9ld\u00e1ul a ChemGramX-b\u0151l.<\/p>\n<p>A 7-ABF jelent\u0151s\u00e9g\u00e9t az orvosi k\u00e9mia ter\u00fclet\u00e9n nem lehet el\u00e9gg\u00e9 hangs\u00falyozni. Sz\u00e1mos biol\u00f3giailag akt\u00edv molekul\u00e1ban szerkezeti mot\u00edvumk\u00e9nt szolg\u00e1l. K\u00fcl\u00f6nb\u00f6z\u0151 biol\u00f3giai c\u00e9lpontokhoz val\u00f3 k\u00f6t\u0151d\u00e9si k\u00e9pess\u00e9ge miatt vonz\u00f3 jel\u00f6lt gy\u00f3gyszerfejleszt\u00e9shez. P\u00e9ld\u00e1ul a 7-ABF derivatiz\u00e1l\u00e1s\u00e1t kutatj\u00e1k, hogy szelekt\u00edvebb \u00e9s hat\u00e9konyabb inhibitorokat fejlesszenek ki bizonyos enzimekhez, amelyek szerepet j\u00e1tszanak olyan betegs\u00e9gekben, mint az Alzheimer-k\u00f3r vagy a Parkinson-k\u00f3r. A 7-ABF derivatiz\u00e1l\u00e1s\u00e1nak el\u00e9rhet\u0151s\u00e9ge lehet\u0151v\u00e9 teszi, hogy a kutat\u00f3k a molekula szerkezet\u00e9nek m\u00f3dos\u00edt\u00e1s\u00e1val olyan hat\u00f3anyagokat fejlesszenek ki, amelyek hat\u00e9konyabban k\u00f6t\u0151dnek a c\u00e9lmolekul\u00e1khoz. <b>kiv\u00e1l\u00f3 min\u0151s\u00e9g\u0171 7-ABF<\/b> ez\u00e9rt kritikus t\u00e9nyez\u0151 a fejl\u0151d\u00e9s szempontj\u00e1b\u00f3l ezeken a ter\u00fcleteken.<\/p>\n<p>Ezen t\u00falmen\u0151en a 7-ABF alkalmaz\u00e1sa az anyag tudom\u00e1nyban is megtal\u00e1lhat\u00f3, k\u00fcl\u00f6n\u00f6sen az \u00faj t\u00edpus\u00fa szerves f\u00e9nykibocs\u00e1t\u00f3 di\u00f3d\u00e1k (OLED-ek) \u00e9s m\u00e1s elektronikus anyagok fejleszt\u00e9s\u00e9ben. Fotofizikai tulajdons\u00e1gai k\u00e9miai m\u00f3dos\u00edt\u00e1sokkal c\u00e9lzottan v\u00e1ltoztathat\u00f3k. Ez lehet\u0151s\u00e9get nyit meg hat\u00e9konyabb \u00e9s tart\u00f3sabb elektronikus alkatr\u00e9szek gy\u00e1rt\u00e1s\u00e1ra. Az ezen innovat\u00edv ter\u00fcleteken dolgoz\u00f3 tud\u00f3sok sz\u00e1m\u00e1ra a megb\u00edzhat\u00f3 beszerz\u00e9s <b>7-ABF a legmagasabb min\u0151s\u00e9gben<\/b> rendk\u00edv\u00fcl fontos. A <b>A legjobb 7-ABF, amely online el\u00e9rhet\u0151<\/b>, megtal\u00e1lja a ChemGramX-n\u00e9l, ahol elk\u00f6telezettek vagyunk kutat\u00e1s\u00e1nak t\u00e1mogat\u00e1s\u00e1ban. Fedezze fel alternat\u00edv kutat\u00e1si vegyi anyagokat is, mint p\u00e9ld\u00e1ul <a href=\"https:\/\/chemgramx.com\/product\/1cp-lsd-l-tartrate-kaufen\/\">1cP-LSD L-tartr\u00e1t<\/a> vagy <a href=\"https:\/\/chemgramx.com\/product\/anonymous-180mg-mdma-online-kaufen\/\">n\u00e9vtelen MDMA<\/a> az \u00d6n egyedi kutat\u00e1si ig\u00e9nyeinek megfelel\u0151en.<\/p>\n<h3>Biztons\u00e1gi \u00e9s szab\u00e1lyoz\u00e1si szempontok<\/h3>\n<p>A kutat\u00e1si vegyszerek kezel\u00e9se mindig gondoss\u00e1got \u00e9s a vonatkoz\u00f3 el\u0151\u00edr\u00e1sok betart\u00e1s\u00e1t ig\u00e9nyli. A 7-ABF jogszer\u0171s\u00e9ge r\u00e9gi\u00f3nk\u00e9nt v\u00e1ltozhat. Ez\u00e9rt elengedhetetlen, hogy a <b>7-ABF online megrendel\u00e9se<\/b> t\u00e1j\u00e9koz\u00f3djon az \u00d6n orsz\u00e1g\u00e1ban vagy r\u00e9gi\u00f3j\u00e1ban \u00e9rv\u00e9nyes speci\u00e1lis t\u00f6rv\u00e9nyekr\u0151l \u00e9s el\u0151\u00edr\u00e1sokr\u00f3l. A ChemGramX elk\u00f6telezi mag\u00e1t amellett, hogy term\u00e9keit kiz\u00e1r\u00f3lag t\u00f6rv\u00e9nyes kutat\u00e1si c\u00e9lokra \u00e9rt\u00e9kes\u00edti, \u00e9s t\u00e1mogatja az \u00f6sszes \u00e9rv\u00e9nyes jogszab\u00e1ly betart\u00e1s\u00e1t. Nagy hangs\u00falyt fektet\u00fcnk a felel\u0151ss\u00e9gteljes tudom\u00e1nyos gyakorlatra.<\/p>\n<p>Biztons\u00e1gi elk\u00f6telezetts\u00e9g\u00fcnk t\u00falmutat a term\u00e9kmin\u0151s\u00e9g\u00f6n. Gondoskodunk arr\u00f3l, hogy minden, a vegyi anyagok kezel\u00e9s\u00e9vel \u00e9s el\u0151k\u00e9sz\u00edt\u00e9s\u00e9vel kapcsolatos folyamat a legnagyobb gondoss\u00e1ggal t\u00f6rt\u00e9njen. Ez nemcsak a term\u00e9k integrit\u00e1s\u00e1t garant\u00e1lja, hanem \u00fcgyfeleink biztons\u00e1g\u00e1t is. Ha \u00fagy d\u00f6nt, hogy <b>7-ABF kutat\u00e1si c\u00e9lokra v\u00e1s\u00e1rolni<\/b> d\u00f6nt, akkor b\u00edzhat \u00e1tfog\u00f3 min\u0151s\u00e9gi \u00e9s biztons\u00e1gi szabv\u00e1nyainkban. Term\u00e9keink gondos gy\u00e1rt\u00e1sa szolg\u00e1ltat\u00e1sunk \u00edg\u00e9ret\u00e9nek sarokk\u00f6ve.<\/p>\n<h3>K\u00f6vetkeztet\u00e9s: Megb\u00edzhat\u00f3 forr\u00e1sa a 7-ABF-hez<\/h3>\n<p>K\u00e9szen \u00e1ll arra, hogy kutat\u00e1s\u00e1t a k\u00f6vetkez\u0151 szintre emelje? Ha igen, akkor <b>7-ABF online v\u00e1s\u00e1rl\u00e1s<\/b> akkor a ChemGramX az ide\u00e1lis v\u00e1laszt\u00e1s. Nem csak <b>hiteles 7-ABF<\/b>, hanem a legmagasabb tisztas\u00e1g \u00e9s min\u0151s\u00e9g biztos\u00edt\u00e9k\u00e1t is, amelyek elengedhetetlenek tudom\u00e1nyos projektjeihez. A kiv\u00e1l\u00f3s\u00e1g ir\u00e1nti elk\u00f6telezetts\u00e9g\u00fcnk garant\u00e1lja, hogy a munk\u00e1j\u00e1hoz a lehet\u0151 legjobb anyagokat kapja. Tegye meg a k\u00f6vetkez\u0151 l\u00e9p\u00e9st kutat\u00e1s\u00e1ban a ChemGramX \u00e1ltal ny\u00fajtott bizalommal.<\/p>\n<p>Haszn\u00e1lja ki az alkalmat, \u00e9s szerezzen be els\u0151 oszt\u00e1ly\u00fa kutat\u00e1si vegyszereket. A ChemGramX-szel olyan partnert v\u00e1laszt, aki meg\u00e9rti \u00e9s t\u00e1mogatja tudom\u00e1nyos t\u00f6rekv\u00e9seit. C\u00e9lunk, hogy hib\u00e1tlan term\u00e9keket \u00e9s megb\u00edzhat\u00f3 szolg\u00e1ltat\u00e1st ny\u00fajtsunk \u00d6nnek. Fedezze fel a ChemGramX \u00e1tfog\u00f3 k\u00edn\u00e1lat\u00e1t, \u00e9s gondoskodjon arr\u00f3l, hogy kutat\u00e1si projektjei a legjobb rendelkez\u00e9sre \u00e1ll\u00f3 anyagokkal val\u00f3suljanak meg. T\u00e1mogassa a min\u0151s\u00e9get, a pontoss\u00e1got \u00e9s a megb\u00edzhat\u00f3s\u00e1got \u2013 t\u00e1mogassa a ChemGramX-et.<\/p>","protected":false},"excerpt":{"rendered":"<p>A 7-ABF egy szintetikus kannabinoid, amely er\u0151s pszichoakt\u00edv hat\u00e1sair\u00f3l ismert. A THC hat\u00e1sainak ut\u00e1nz\u00e1s\u00e1ra fejlesztett\u00e9k ki.<\/p>","protected":false},"featured_media":6873,"comment_status":"open","ping_status":"closed","template":"","meta":{"_joinchat":[]},"product_brand":[],"product_cat":[47],"product_tag":[2753,2746,2750,2748,2747,2752,2751,2749,2754,2015],"class_list":{"0":"post-6866","1":"product","2":"type-product","3":"status-publish","4":"has-post-thumbnail","6":"product_cat-cannabinoids","7":"product_tag-7-abf-chemikalien","8":"product_tag-7-abf-kaufen","9":"product_tag-7-abf-kaufen-deutschland","10":"product_tag-7-abf-kristalle","11":"product_tag-7-abf-online","12":"product_tag-7-abf-preis","13":"product_tag-7-abf-prodej","14":"product_tag-7-abf-pulver","15":"product_tag-7-abf-zum-verkauf","16":"product_tag-synthetische-drogen","18":"first","19":"instock","20":"shipping-taxable","21":"purchasable","22":"product-type-variable"},"yoast_head":"<!-- This site is optimized with the Yoast SEO plugin v27.5 - https:\/\/yoast.com\/product\/yoast-seo-wordpress\/ -->\n<title>7-ABF online kaufen \u2013 7-ABF zu verkaufen | chemgramx<\/title>\n<meta name=\"description\" content=\"Sie k\u00f6nnen mit unserem Chemgramx-Onlineshop Kontakt aufnehmen und 7-abf online kaufen. Sie k\u00f6nnen 7-abf zu g\u00fcnstigen Preisen kaufen. Jetzt bestellen!\" \/>\n<meta name=\"robots\" content=\"index, follow, max-snippet:-1, max-image-preview:large, max-video-preview:-1\" \/>\n<link rel=\"canonical\" href=\"https:\/\/chemgramx.com\/hu\/termek-1\/vasaroljon-7-abf-online\/\" \/>\n<meta property=\"og:locale\" content=\"hu_HU\" \/>\n<meta property=\"og:type\" content=\"article\" \/>\n<meta property=\"og:title\" content=\"7-ABF online kaufen \u2013 7-ABF zu verkaufen | chemgramx\" \/>\n<meta property=\"og:description\" content=\"Sie k\u00f6nnen mit unserem Chemgramx-Onlineshop Kontakt aufnehmen und 7-abf online kaufen. Sie k\u00f6nnen 7-abf zu g\u00fcnstigen Preisen kaufen. Jetzt bestellen!\" \/>\n<meta property=\"og:url\" content=\"https:\/\/chemgramx.com\/hu\/termek-1\/vasaroljon-7-abf-online\/\" \/>\n<meta property=\"og:site_name\" content=\"Chemgramx\" \/>\n<meta property=\"article:modified_time\" content=\"2025-12-10T07:21:33+00:00\" \/>\n<meta property=\"og:image\" content=\"https:\/\/chemgramx.com\/wp-content\/uploads\/2025\/11\/7-ABF.png\" \/>\n\t<meta property=\"og:image:width\" content=\"414\" \/>\n\t<meta property=\"og:image:height\" content=\"369\" \/>\n\t<meta property=\"og:image:type\" content=\"image\/png\" \/>\n<meta name=\"twitter:card\" content=\"summary_large_image\" \/>\n<meta name=\"twitter:label1\" content=\"Becs\u00fclt olvas\u00e1si id\u0151\" \/>\n\t<meta name=\"twitter:data1\" content=\"2 perc\" \/>\n<script type=\"application\/ld+json\" class=\"yoast-schema-graph\">{\"@context\":\"https:\\\/\\\/schema.org\",\"@graph\":[{\"@type\":\"WebPage\",\"@id\":\"https:\\\/\\\/chemgramx.com\\\/product\\\/7-abf-online-kaufen\\\/\",\"url\":\"https:\\\/\\\/chemgramx.com\\\/product\\\/7-abf-online-kaufen\\\/\",\"name\":\"7-ABF online kaufen \u2013 7-ABF zu verkaufen | chemgramx\",\"isPartOf\":{\"@id\":\"https:\\\/\\\/chemgramx.com\\\/#website\"},\"primaryImageOfPage\":{\"@id\":\"https:\\\/\\\/chemgramx.com\\\/product\\\/7-abf-online-kaufen\\\/#primaryimage\"},\"image\":{\"@id\":\"https:\\\/\\\/chemgramx.com\\\/product\\\/7-abf-online-kaufen\\\/#primaryimage\"},\"thumbnailUrl\":\"https:\\\/\\\/chemgramx.com\\\/wp-content\\\/uploads\\\/2025\\\/11\\\/7-ABF.png\",\"datePublished\":\"2025-11-21T11:09:57+00:00\",\"dateModified\":\"2025-12-10T07:21:33+00:00\",\"description\":\"Sie k\u00f6nnen mit unserem Chemgramx-Onlineshop Kontakt aufnehmen und 7-abf online kaufen. Sie k\u00f6nnen 7-abf zu g\u00fcnstigen Preisen kaufen. Jetzt bestellen!\",\"breadcrumb\":{\"@id\":\"https:\\\/\\\/chemgramx.com\\\/product\\\/7-abf-online-kaufen\\\/#breadcrumb\"},\"inLanguage\":\"hu\",\"potentialAction\":[{\"@type\":\"ReadAction\",\"target\":[\"https:\\\/\\\/chemgramx.com\\\/product\\\/7-abf-online-kaufen\\\/\"]}]},{\"@type\":\"ImageObject\",\"inLanguage\":\"hu\",\"@id\":\"https:\\\/\\\/chemgramx.com\\\/product\\\/7-abf-online-kaufen\\\/#primaryimage\",\"url\":\"https:\\\/\\\/chemgramx.com\\\/wp-content\\\/uploads\\\/2025\\\/11\\\/7-ABF.png\",\"contentUrl\":\"https:\\\/\\\/chemgramx.com\\\/wp-content\\\/uploads\\\/2025\\\/11\\\/7-ABF.png\",\"width\":414,\"height\":369},{\"@type\":\"BreadcrumbList\",\"@id\":\"https:\\\/\\\/chemgramx.com\\\/product\\\/7-abf-online-kaufen\\\/#breadcrumb\",\"itemListElement\":[{\"@type\":\"ListItem\",\"position\":1,\"name\":\"Home\",\"item\":\"https:\\\/\\\/chemgramx.com\\\/\"},{\"@type\":\"ListItem\",\"position\":2,\"name\":\"Shop\",\"item\":\"https:\\\/\\\/chemgramx.com\\\/shop\\\/\"},{\"@type\":\"ListItem\",\"position\":3,\"name\":\"7-ABF Kaufen &#8211; Reinheit, Forschung\"}]},{\"@type\":\"WebSite\",\"@id\":\"https:\\\/\\\/chemgramx.com\\\/#website\",\"url\":\"https:\\\/\\\/chemgramx.com\\\/\",\"name\":\"Chemgramx\",\"description\":\"\",\"publisher\":{\"@id\":\"https:\\\/\\\/chemgramx.com\\\/#organization\"},\"potentialAction\":[{\"@type\":\"SearchAction\",\"target\":{\"@type\":\"EntryPoint\",\"urlTemplate\":\"https:\\\/\\\/chemgramx.com\\\/?s={search_term_string}\"},\"query-input\":{\"@type\":\"PropertyValueSpecification\",\"valueRequired\":true,\"valueName\":\"search_term_string\"}}],\"inLanguage\":\"hu\"},{\"@type\":\"Organization\",\"@id\":\"https:\\\/\\\/chemgramx.com\\\/#organization\",\"name\":\"Chemgramx\",\"url\":\"https:\\\/\\\/chemgramx.com\\\/\",\"logo\":{\"@type\":\"ImageObject\",\"inLanguage\":\"hu\",\"@id\":\"https:\\\/\\\/chemgramx.com\\\/#\\\/schema\\\/logo\\\/image\\\/\",\"url\":\"https:\\\/\\\/chemgramx.com\\\/wp-content\\\/uploads\\\/2024\\\/10\\\/final-logo.png\",\"contentUrl\":\"https:\\\/\\\/chemgramx.com\\\/wp-content\\\/uploads\\\/2024\\\/10\\\/final-logo.png\",\"width\":250,\"height\":48,\"caption\":\"Chemgramx\"},\"image\":{\"@id\":\"https:\\\/\\\/chemgramx.com\\\/#\\\/schema\\\/logo\\\/image\\\/\"}}]}<\/script>\n<!-- \/ Yoast SEO plugin. -->","yoast_head_json":{"title":"7-ABF v\u00e1s\u00e1rl\u00e1sa online \u2013 7-ABF elad\u00f3 | chemgramx","description":"Felkeresheted a Chemgramx online \u00e1ruh\u00e1zunkat, \u00e9s online megv\u00e1s\u00e1rolhatod a 7-abf-et. Megfizethet\u0151 \u00e1ron v\u00e1s\u00e1rolhatsz 7-abf-et. Rendelj most!","robots":{"index":"index","follow":"follow","max-snippet":"max-snippet:-1","max-image-preview":"max-image-preview:large","max-video-preview":"max-video-preview:-1"},"canonical":"https:\/\/chemgramx.com\/hu\/termek-1\/vasaroljon-7-abf-online\/","og_locale":"hu_HU","og_type":"article","og_title":"7-ABF online kaufen \u2013 7-ABF zu verkaufen | chemgramx","og_description":"Sie k\u00f6nnen mit unserem Chemgramx-Onlineshop Kontakt aufnehmen und 7-abf online kaufen. Sie k\u00f6nnen 7-abf zu g\u00fcnstigen Preisen kaufen. Jetzt bestellen!","og_url":"https:\/\/chemgramx.com\/hu\/termek-1\/vasaroljon-7-abf-online\/","og_site_name":"Chemgramx","article_modified_time":"2025-12-10T07:21:33+00:00","og_image":[{"width":414,"height":369,"url":"https:\/\/chemgramx.com\/wp-content\/uploads\/2025\/11\/7-ABF.png","type":"image\/png"}],"twitter_card":"summary_large_image","twitter_misc":{"Becs\u00fclt olvas\u00e1si id\u0151":"2 perc"},"schema":{"@context":"https:\/\/schema.org","@graph":[{"@type":"WebPage","@id":"https:\/\/chemgramx.com\/product\/7-abf-online-kaufen\/","url":"https:\/\/chemgramx.com\/product\/7-abf-online-kaufen\/","name":"7-ABF v\u00e1s\u00e1rl\u00e1sa online \u2013 7-ABF elad\u00f3 | chemgramx","isPartOf":{"@id":"https:\/\/chemgramx.com\/#website"},"primaryImageOfPage":{"@id":"https:\/\/chemgramx.com\/product\/7-abf-online-kaufen\/#primaryimage"},"image":{"@id":"https:\/\/chemgramx.com\/product\/7-abf-online-kaufen\/#primaryimage"},"thumbnailUrl":"https:\/\/chemgramx.com\/wp-content\/uploads\/2025\/11\/7-ABF.png","datePublished":"2025-11-21T11:09:57+00:00","dateModified":"2025-12-10T07:21:33+00:00","description":"Felkeresheted a Chemgramx online \u00e1ruh\u00e1zunkat, \u00e9s online megv\u00e1s\u00e1rolhatod a 7-abf-et. Megfizethet\u0151 \u00e1ron v\u00e1s\u00e1rolhatsz 7-abf-et. Rendelj most!","breadcrumb":{"@id":"https:\/\/chemgramx.com\/product\/7-abf-online-kaufen\/#breadcrumb"},"inLanguage":"hu","potentialAction":[{"@type":"ReadAction","target":["https:\/\/chemgramx.com\/product\/7-abf-online-kaufen\/"]}]},{"@type":"ImageObject","inLanguage":"hu","@id":"https:\/\/chemgramx.com\/product\/7-abf-online-kaufen\/#primaryimage","url":"https:\/\/chemgramx.com\/wp-content\/uploads\/2025\/11\/7-ABF.png","contentUrl":"https:\/\/chemgramx.com\/wp-content\/uploads\/2025\/11\/7-ABF.png","width":414,"height":369},{"@type":"BreadcrumbList","@id":"https:\/\/chemgramx.com\/product\/7-abf-online-kaufen\/#breadcrumb","itemListElement":[{"@type":"ListItem","position":1,"name":"Home","item":"https:\/\/chemgramx.com\/"},{"@type":"ListItem","position":2,"name":"Shop","item":"https:\/\/chemgramx.com\/shop\/"},{"@type":"ListItem","position":3,"name":"7-ABF Kaufen &#8211; Reinheit, Forschung"}]},{"@type":"WebSite","@id":"https:\/\/chemgramx.com\/#website","url":"https:\/\/chemgramx.com\/","name":"Chemgramx","description":"","publisher":{"@id":"https:\/\/chemgramx.com\/#organization"},"potentialAction":[{"@type":"SearchAction","target":{"@type":"EntryPoint","urlTemplate":"https:\/\/chemgramx.com\/?s={search_term_string}"},"query-input":{"@type":"PropertyValueSpecification","valueRequired":true,"valueName":"search_term_string"}}],"inLanguage":"hu"},{"@type":"Organization","@id":"https:\/\/chemgramx.com\/#organization","name":"Chemgramx","url":"https:\/\/chemgramx.com\/","logo":{"@type":"ImageObject","inLanguage":"hu","@id":"https:\/\/chemgramx.com\/#\/schema\/logo\/image\/","url":"https:\/\/chemgramx.com\/wp-content\/uploads\/2024\/10\/final-logo.png","contentUrl":"https:\/\/chemgramx.com\/wp-content\/uploads\/2024\/10\/final-logo.png","width":250,"height":48,"caption":"Chemgramx"},"image":{"@id":"https:\/\/chemgramx.com\/#\/schema\/logo\/image\/"}}]}},"_links":{"self":[{"href":"https:\/\/chemgramx.com\/hu\/wp-json\/wp\/v2\/product\/6866","targetHints":{"allow":["GET"]}}],"collection":[{"href":"https:\/\/chemgramx.com\/hu\/wp-json\/wp\/v2\/product"}],"about":[{"href":"https:\/\/chemgramx.com\/hu\/wp-json\/wp\/v2\/types\/product"}],"replies":[{"embeddable":true,"href":"https:\/\/chemgramx.com\/hu\/wp-json\/wp\/v2\/comments?post=6866"}],"wp:featuredmedia":[{"embeddable":true,"href":"https:\/\/chemgramx.com\/hu\/wp-json\/wp\/v2\/media\/6873"}],"wp:attachment":[{"href":"https:\/\/chemgramx.com\/hu\/wp-json\/wp\/v2\/media?parent=6866"}],"wp:term":[{"taxonomy":"product_brand","embeddable":true,"href":"https:\/\/chemgramx.com\/hu\/wp-json\/wp\/v2\/product_brand?post=6866"},{"taxonomy":"product_cat","embeddable":true,"href":"https:\/\/chemgramx.com\/hu\/wp-json\/wp\/v2\/product_cat?post=6866"},{"taxonomy":"product_tag","embeddable":true,"href":"https:\/\/chemgramx.com\/hu\/wp-json\/wp\/v2\/product_tag?post=6866"}],"curies":[{"name":"wp","href":"https:\/\/api.w.org\/{rel}","templated":true}]}}