{"id":6876,"date":"2025-11-21T11:10:14","date_gmt":"2025-11-21T11:10:14","guid":{"rendered":"https:\/\/chemgramx.com\/?post_type=product&#038;p=6876"},"modified":"2025-12-10T07:46:33","modified_gmt":"2025-12-10T07:46:33","slug":"thc-o-online-rendeles","status":"publish","type":"product","link":"https:\/\/chemgramx.com\/hu\/product\/thc-o-online-bestellung\/","title":{"rendered":"THC-O online v\u00e1s\u00e1rl\u00e1s"},"content":{"rendered":"<p>A THC-O-acet\u00e1t, amelyet a tudom\u00e1nyos k\u00f6z\u00f6ss\u00e9g gyakran egyszer\u0171en THC-O-k\u00e9nt emleget, a szintetikus kannabinoidok evol\u00faci\u00f3j\u00e1nak k\u00f6vetkez\u0151 l\u00e9pcs\u0151fok\u00e1t jelenti. Ez a molekula az elm\u00falt \u00e9vekben egyed\u00fcl\u00e1ll\u00f3 k\u00e9miai tulajdons\u00e1gai miatt hatalmas n\u00e9pszer\u0171s\u00e9gre tett szert. A laborat\u00f3riumok \u00e9s a tapasztalt felhaszn\u00e1l\u00f3k, akik \u00e9rdekl\u0151dnek a fejlett kannabinoid-kutat\u00e1s ir\u00e1nt, egyre ink\u00e1bb kihaszn\u00e1lj\u00e1k a lehet\u0151s\u00e9get, hogy, <b>THC-O v\u00e1s\u00e1rl\u00e1s elad\u00e1sra<\/b> hiteles\u00edtett tanulm\u00e1nyi eredm\u00e9nyek \u00e9s \u00faj ismeretek alapj\u00e1n.<\/p>\n<p>Els\u0151sorban rendk\u00edv\u00fcl er\u0151s pszichoakt\u00edv tulajdons\u00e1gai miatt \u00e9rt\u00e9kelik, mivel ezek jelent\u0151sen meghaladj\u00e1k a hagyom\u00e1nyos delta-9-THC form\u00e1k hat\u00e9konys\u00e1g\u00e1t. K\u00f6vetkez\u00e9sk\u00e9ppen ez a v\u00e1laszt\u00e1s a szak\u00e9rt\u0151k sz\u00e1m\u00e1ra, akik intenz\u00edvebb \u00e9s m\u00e9lyebb \u00e9lm\u00e9nyt szeretn\u00e9nek vizsg\u00e1lni. A speci\u00e1lis sz\u00e1rmaz\u00e9kok ir\u00e1nti n\u00f6vekv\u0151 kereslet miatt a kutat\u00f3k c\u00e9lzottan keresik azokat a beszerz\u00e9si forr\u00e1sokat, amelyek <b>Kutat\u00e1si min\u0151s\u00e9g Elad\u00f3<\/b> hogy konzisztens adatokat biztos\u00edtson.<\/p>\n<p>K\u00fcl\u00f6nleges k\u00e9miai szerkezete \u00e9s a szervezetben val\u00f3 hat\u00e9konyabb eloszl\u00e1s\u00e1nak k\u00f6sz\u00f6nhet\u0151en a THC-O k\u00fcl\u00f6nleges hat\u00e1sokat v\u00e1lt ki. Ezek lehetnek fizikai relax\u00e1l\u00f3 \u00e9s szellemi stimul\u00e1l\u00f3 hat\u00e1sok is. Ez\u00e9rt sok int\u00e9zm\u00e9ny \u00fagy d\u00f6nt, hogy, <b>THC-O online megrendel\u00e9s<\/b> , mert a digit\u00e1lis piac egyszer\u0171, diszkr\u00e9t \u00e9s k\u00e9nyelmes lehet\u0151s\u00e9get k\u00edn\u00e1l kiv\u00e1l\u00f3 min\u0151s\u00e9g\u0171 reagensek beszerz\u00e9s\u00e9re.<\/p>\n<h2>A tudom\u00e1ny: Mi is val\u00f3j\u00e1ban a THC-O?<\/h2>\n<p>A THC-O-acet\u00e1t a Delta-9-THC f\u00e9lszintetikus sz\u00e1rmaz\u00e9ka (deriv\u00e1tuma), amely egy bonyolult k\u00e9miai folyamat sor\u00e1n j\u00f6n l\u00e9tre. Technikai szempontb\u00f3l ez a THC \u00e9sztere. El\u0151\u00e1ll\u00edt\u00e1sa egy acetilez\u00e9s nev\u0171 folyamat sor\u00e1n t\u00f6rt\u00e9nik, amelyet professzion\u00e1lis laborat\u00f3riumokban, szigor\u00fa biztons\u00e1gi \u00f3vint\u00e9zked\u00e9sek mellett v\u00e9geznek. Ennek sor\u00e1n egy acetilcsoportot kapcsolnak a THC szerkezet\u00e9hez.<\/p>\n<p>Ez a molekul\u00e1ris alkalmazkod\u00e1s d\u00f6nt\u0151 k\u00f6vetkezm\u00e9nyekkel j\u00e1r: drasztikusan n\u00f6veli a zs\u00edrban val\u00f3 oldhat\u00f3s\u00e1got (lipidoldhat\u00f3s\u00e1got) \u00e9s ezzel a anyag membr\u00e1n\u00e1tereszt\u0151 k\u00e9pess\u00e9g\u00e9t. A tud\u00f3sok, akik <b>Kiv\u00e1l\u00f3 min\u0151s\u00e9g\u0171 THC-O<\/b> elemzik, meg\u00e1llap\u00edtj\u00e1k, hogy ez a m\u00f3dos\u00edt\u00e1s a molekul\u00e1t \u201eprodrug\u201c-k\u00e9nt oszt\u00e1lyozza. Ez azt jelenti, hogy eredeti form\u00e1j\u00e1ban inakt\u00edv, \u00e9s csak a szervezetben t\u00f6rt\u00e9n\u0151 metabolizmus sor\u00e1n alakul \u00e1t akt\u00edv THC-v\u00e9.<\/p>\n<p>Ez a k\u00e9miai m\u00f3dos\u00edt\u00e1s azt eredm\u00e9nyezi, hogy a THC-O ak\u00e1r h\u00e1romszor er\u0151sebb hat\u00e1st fejt ki, mint a hagyom\u00e1nyos THC. A molekula a bev\u00e9tel ut\u00e1n gyakran k\u00e9sleltetett m\u00f3don fejti ki teljes pszichoakt\u00edv hat\u00e1s\u00e1t. A kutat\u00f3k gyakran sz\u00e1molnak be lassan be\u00e1ll\u00f3, de rendk\u00edv\u00fcl hossz\u00fa ideig tart\u00f3 hat\u00e1sr\u00f3l. Ez\u00e9rt a folyamat, <a href=\"\/kategorie\/synthetische-cannabinoide\">Szintetikus kannabinoidok<\/a> A THC-O megv\u00e1s\u00e1rl\u00e1sa k\u00fcl\u00f6n\u00f6sen \u00e9rdekes lehet azok sz\u00e1m\u00e1ra, akik \u00faj, potenci\u00e1lisan intenz\u00edvebb \u00e9lm\u00e9nyeket keresnek.<\/p>\n<h2>Mi\u00e9rt keresik az emberek a THC-O Online-t?<\/h2>\n<p>A THC-O internetes v\u00e1s\u00e1rl\u00e1s\u00e1nak n\u00f6vekv\u0151 kereslete t\u00f6bb gyakorlati \u00e9s min\u0151s\u00e9gi el\u0151ny\u00f6n alapul. Az internet sz\u00e1mos forgalmaz\u00f3t k\u00edn\u00e1l, \u00e9s ez\u00e1ltal a szerhez val\u00f3 hozz\u00e1f\u00e9r\u00e9s k\u00f6nnyebb, mint valaha. Mindazon\u00e1ltal \u00f3vatoss\u00e1gra van sz\u00fcks\u00e9g: csak tan\u00fas\u00edtott keresked\u0151k k\u00edn\u00e1lnak <b>Hiteles THC-O<\/b> amely nem tartalmaz k\u00e1ros maradv\u00e1nyokat.<\/p>\n<p>Az online v\u00e1s\u00e1rl\u00e1s leggyakoribb okai t\u00f6bbek k\u00f6z\u00f6tt a k\u00f6vetkez\u0151k:<\/p>\n<ul>\n<li><b>Magasabb potencia:<\/b> A THC-O jelent\u0151sen hat\u00e9konyabbnak tekinthet\u0151 a klasszikus THC-n\u00e9l, ami vonz\u00f3v\u00e1 teszi hat\u00e9konys\u00e1gi vizsg\u00e1latokhoz.<\/li>\n<li><b>K\u00e9nyelem:<\/b> Az eg\u00e9sz beszerz\u00e9si folyamat digit\u00e1lisan zajlik, ami id\u0151t \u00e9s er\u0151forr\u00e1sokat takar\u00edt meg.<\/li>\n<li><b>El\u00e9rhet\u0151s\u00e9g:<\/b> M\u00edg a helyi forr\u00e1sok gyakran korl\u00e1tozottak, addig <b>A legjobb THC-O el\u00e9rhet\u0151<\/b> online kereskedelemben szinte mindig rakt\u00e1ron van.<\/li>\n<li><b>Diszkr\u00e9ci\u00f3:<\/b> A megrendel\u00e9seket semlegesen dolgozzuk fel \u00e9s bizalmasan kezelj\u00fck, \u00edgy v\u00e9dve a mag\u00e1nszf\u00e9r\u00e1t.<\/li>\n<li><b>\u00c1rel\u0151ny\u00f6k:<\/b> Sok szolg\u00e1ltat\u00f3 kedvezm\u00e9nyeket k\u00edn\u00e1l nagy mennyis\u00e9g\u0171 megrendel\u00e9sek vagy kutat\u00e1si c\u00e9lokra.<\/li>\n<\/ul>\n<p>Ezen t\u00falmen\u0151en az online piac nagyobb term\u00e9kv\u00e1laszt\u00e9kot k\u00edn\u00e1l \u2013 a viszk\u00f3zus olajokt\u00f3l az izol\u00e1tumokon \u00e1t a desztill\u00e1tumokig. Ez lehet\u0151v\u00e9 teszi az egy\u00e9ni v\u00e1laszt\u00e1st specifikus kutat\u00e1si vagy ipari \u00e9rdekek szerint. Ki <b>Magas tisztas\u00e1g\u00fa Elad\u00f3<\/b> keres, az online kereskedelemben gyorsabban tal\u00e1lja meg, mint a hagyom\u00e1nyos \u00fczletekben.<\/p>\n<h2>A THC-O hat\u00e1sai \u00e9s kutat\u00e1si eredm\u00e9nyei<\/h2>\n<p>A THC-O hat\u00e1sa jelent\u0151sen elt\u00e9r a klasszikus kannabinoidok\u00e9t\u00f3l, ami leny\u0171g\u00f6z\u0151 t\u00e1rgy\u00e1v\u00e1 teszi a neurok\u00e9miai kutat\u00e1soknak. A besz\u00e1mol\u00f3k gyakran m\u00e9ly, szinte spiritu\u00e1lis \u00e9lm\u00e9nyr\u0151l sz\u00f3lnak, amelyet er\u0151s euf\u00f3ria \u00e9s intenz\u00edv \u00e9szlel\u00e9sv\u00e1ltoz\u00e1sok k\u00eds\u00e9rnek. Egyes szak\u00e9rt\u0151k a hat\u00e1sokat ink\u00e1bb a klasszikus pszichedelikumokhoz hasonl\u00edtj\u00e1k, mint a hagyom\u00e1nyos kannabiszhoz.<\/p>\n<p>A szakirodalomban le\u00edrt tipikus hat\u00e1sok k\u00f6z\u00e9 tartoznak:<\/p>\n<ul>\n<li>Er\u0151s \u201eeuf\u00f3ria\u201c \u00e9rz\u00e9ssel j\u00e1r\u00f3 intenz\u00edv \u201ehigh\u201d.<\/li>\n<li>Fokozott vizu\u00e1lis \u00e9s audit\u00edv \u00e9rz\u00e9kel\u00e9s (fokozott \u00e9rz\u00e9kel\u00e9s).<\/li>\n<li>Fokozott kreativit\u00e1s \u00e9s m\u00e9lyebb, introspekt\u00edv gondolatok.<\/li>\n<li>M\u00e9ly fizikai relax\u00e1ci\u00f3 \u00e9s potenci\u00e1lis stresszcs\u00f6kkent\u00e9s.<\/li>\n<li>Jobb hangulat \u00e9s t\u00e1rsadalmi nyitotts\u00e1g ellen\u0151rz\u00f6tt k\u00f6rnyezetben.<\/li>\n<\/ul>\n<p>A hat\u00e1s azonban v\u00e1ratlanul er\u0151s is lehet. A magas biol\u00f3giai hozz\u00e1f\u00e9rhet\u0151s\u00e9g azt jelenti, hogy az endokannabinoid rendszer er\u0151sen stimul\u00e1l\u00f3dik. Ez\u00e9rt k\u00fcl\u00f6n\u00f6sen az \u00faj felhaszn\u00e1l\u00f3knak \u00f3vatosan kell adagolniuk. Laborat\u00f3riumok, amelyek<a href=\"https:\/\/chemgramx.com\/product\/ghb-gamma-hydroxybutyrat-online-kaufen\/\"> <b>Laborat\u00f3riumi min\u0151s\u00e9g Elad\u00f3<\/b><\/a> k\u00edn\u00e1lnak, mindig r\u00e1mutatnak a pontos m\u00e9r\u00e9sek fontoss\u00e1g\u00e1ra, hogy elker\u00fclj\u00e9k a nem k\u00edv\u00e1nt eredm\u00e9nyeket, mint p\u00e9ld\u00e1ul a sz\u00e9d\u00fcl\u00e9s vagy a nyugtalans\u00e1g.<\/p>\n<h2>Id\u0151tartam, adagol\u00e1s \u00e9s biztons\u00e1gi szempontok<\/h2>\n<p>A hagyom\u00e1nyos THC-vel ellent\u00e9tben a THC-O hat\u00e1sa gyakran k\u00e9sleltetetten jelentkezik \u2013 \u00e1ltal\u00e1ban 30-60 perccel a bev\u00e9tel ut\u00e1n. Ez a metabolikus deacetilez\u00e9snek k\u00f6sz\u00f6nhet\u0151, amely a anyag aktiv\u00e1l\u00e1s\u00e1hoz sz\u00fcks\u00e9ges. A hat\u00e1s azonban ak\u00e1r 6 \u00f3r\u00e1n \u00e1t vagy tov\u00e1bb is tarthat, intenzit\u00e1sa pedig lassan n\u00f6vekszik.<\/p>\n<p>A kutat\u00f3k ez\u00e9rt azt javasolj\u00e1k, hogy el\u0151sz\u00f6r alacsony adagokkal kezdj\u00fcnk, \u00e9s legal\u00e1bb k\u00e9t \u00f3r\u00e1t v\u00e1rjunk, miel\u0151tt \u00fajabb adagot venn\u00e9nk be. A t\u00fal gyors ism\u00e9tl\u00e9s ugyanis az idegrendszer t\u00falstimul\u00e1l\u00e1s\u00e1t okozhatja, \u00e9s kellemetlenn\u00e9 teheti az \u00e9lm\u00e9nyt. Ha <b>Most online v\u00e1s\u00e1roljon<\/b> szeretn\u00e9, akkor gy\u0151z\u0151dj\u00f6n meg arr\u00f3l, hogy rendelkezik a milligramm pontoss\u00e1g\u00fa munkav\u00e9gz\u00e9shez sz\u00fcks\u00e9ges felszerel\u00e9ssel.<\/p>\n<table style=\"width: 100%; border-collapse: collapse;\" border=\"1\" cellspacing=\"0\" cellpadding=\"10\">\n<thead>\n<tr style=\"background-color: #f2f2f2;\">\n<th>tapasztalati szint<\/th>\n<th>Aj\u00e1nlott mennyis\u00e9g (elm\u00e9leti)<\/th>\n<th>Fontos megjegyz\u00e9s<\/th>\n<\/tr>\n<\/thead>\n<tbody>\n<tr>\n<td>kezd\u0151k<\/td>\n<td>1 mg \u2013 3 mg<\/td>\n<td>Hossz\u00fa v\u00e1rakoz\u00e1si id\u0151re kell figyelni (prodrug-hat\u00e1s).<\/td>\n<\/tr>\n<tr>\n<td>halad\u00f3<\/td>\n<td>5 mg \u2013 10 mg<\/td>\n<td>Csak ismert tolerancia eset\u00e9n n\u00f6velje az adagot.<\/td>\n<\/tr>\n<tr>\n<td>Szak\u00e9rt\u0151k \/ Kutat\u00e1s<\/td>\n<td>Egy\u00e9nileg<\/td>\n<td>A param\u00e9terek szigor\u00fa ellen\u0151rz\u00e9se.<\/td>\n<\/tr>\n<\/tbody>\n<\/table>\n<h2>Min\u0151s\u00e9gbiztos\u00edt\u00e1s: V\u00e1s\u00e1roljon most a Chemgramx-n\u00e1l<\/h2>\n<p>Ha a legjobb helyet keresi ennek a speci\u00e1lis vegy\u00fcletnek a beszerz\u00e9s\u00e9hez, akkor figyeljen az \u00e1tl\u00e1that\u00f3s\u00e1gra \u00e9s a megb\u00edzhat\u00f3s\u00e1gra. V\u00e9g\u00fcl is a megfelel\u0151 partner kiv\u00e1laszt\u00e1sa d\u00f6nt\u0151 fontoss\u00e1g\u00fa kutat\u00e1s\u00e1nak integrit\u00e1sa szempontj\u00e1b\u00f3l. A Chemgramx-n\u00e1l meg\u00e9rtj\u00fck a tisztas\u00e1g fontoss\u00e1g\u00e1t. Mi <a href=\"https:\/\/chemgramx.com\/product\/14-butanediol-online-kaufen\/\"><b>Biztons\u00e1gos v\u00e1s\u00e1rl\u00e1s<\/b> <\/a>garant\u00e1lja, hogy olyan term\u00e9keket kap, amelyek a legmagasabb sz\u00ednvonalnak megfelelnek.<\/p>\n<p>A v\u00e1s\u00e1rl\u00e1s sor\u00e1n vegye figyelembe a k\u00f6vetkez\u0151 pontokat, amelyeknek mi alap\u00e9rtelmez\u00e9s szerint megfelel\u00fcnk:<\/p>\n<ul>\n<li>Megb\u00edzhat\u00f3 eredet, egy\u00e9rtelm\u0171 term\u00e9kadatokkal.<\/li>\n<li>F\u00fcggetlen laborat\u00f3rium \u00e1ltal tesztelt term\u00e9kek COA-tan\u00fas\u00edtv\u00e1nnyal (Certificate of Analysis).<\/li>\n<li>Biztons\u00e1gos fizet\u00e9si m\u00f3dok a legmodernebb SSL titkos\u00edt\u00e1ssal.<\/li>\n<li>Pozit\u00edv v\u00e1s\u00e1rl\u00f3i \u00e9rt\u00e9kel\u00e9sek \u00e9s hiteles tapasztalatok.<\/li>\n<\/ul>\n<p>Sok \u00fcgyf\u00e9l \u00f6sszehasonl\u00edtja az \u00e1rakat, de a min\u0151s\u00e9get soha nem szabad kompromisszumokkal vesz\u00e9lyeztetni. Mi lehet\u0151s\u00e9get k\u00edn\u00e1lunk \u00d6nnek arra, hogy olyan kutat\u00e1si vegyszereket v\u00e1s\u00e1roljon, amelyek pontosan azt tartalmazz\u00e1k, ami a c\u00edmk\u00e9n szerepel. Nem v\u00e9letlen\u00fcl a szlogen\u00fcnk: Ha kiv\u00e1l\u00f3s\u00e1got v\u00e1r, v\u00e1s\u00e1roljon a Chemgramx-n\u00e1l.<\/p>\n<h2>Jogi st\u00e1tusz \u00e9s felel\u0151ss\u00e9g<\/h2>\n<p>A THC-O jogi st\u00e1tusza vil\u00e1gszerte nagy elt\u00e9r\u00e9seket mutat, \u00e9s \u00f6sszetett k\u00e9rd\u00e9s. M\u00edg egyes orsz\u00e1gokban ellen\u0151rz\u00f6tt anyagk\u00e9nt kezelik, m\u00e1s orsz\u00e1gokban jogi sz\u00fcrke z\u00f3n\u00e1ban mozog, mivel nem k\u00f6zvetlen\u00fcl a kender n\u00f6v\u00e9nyb\u0151l nyerik ki, hanem szintetiz\u00e1lj\u00e1k. Az Egyes\u00fclt \u00c1llamokban p\u00e9ld\u00e1ul a THC-O-t egyes \u00e1llamokban toler\u00e1lj\u00e1k, de sz\u00f6vets\u00e9gi szinten konfliktusokat okozhat.<\/p>\n<p>Az EU-ban a besorol\u00e1s az egyes orsz\u00e1gokt\u00f3l f\u00fcgg; egyesek kifejezetten tiltj\u00e1k az NpSG (\u00faj pszichoakt\u00edv anyagokr\u00f3l sz\u00f3l\u00f3 t\u00f6rv\u00e9ny) keret\u00e9ben, m\u00e1sok pedig tiszt\u00e1n kutat\u00e1si c\u00e9lokra enged\u00e9lyezik. Ez\u00e9rt a v\u00e1s\u00e1rl\u00f3knak mindig el\u0151zetesen t\u00e1j\u00e9koz\u00f3dniuk kell a r\u00e9gi\u00f3jukban \u00e9rv\u00e9nyes t\u00f6rv\u00e9nyekr\u0151l, miel\u0151tt megrendel\u00e9st adnak le. Ki <b>Laborat\u00f3riumi min\u0151s\u00e9g Elad\u00f3<\/b> k\u00edn\u00e1l vagy v\u00e1s\u00e1rol, felel\u0151s a helyi el\u0151\u00edr\u00e1sok betart\u00e1s\u00e1\u00e9rt.<\/p>\n<h3>K\u00f6vetkeztet\u00e9s<\/h3>\n<p>\u00d6sszefoglalva, a THC-O-acet\u00e1t egy er\u0151s, szintetikus kannabinoid, amely rendk\u00edv\u00fcl er\u0151s hat\u00e1ssal \u00e9s nagy tudom\u00e1nyos \u00e9rt\u00e9kkel rendelkezik. Els\u0151sorban tapasztalt felhaszn\u00e1l\u00f3knak vagy int\u00e9zeteknek aj\u00e1nlott, amelyek tudom\u00e1nyos szempontb\u00f3l szeretn\u00e9k vizsg\u00e1lni a kannabinoidok hat\u00e1s\u00e1nak hat\u00e1rait. Egyed\u00fcl\u00e1ll\u00f3 farmakokinetik\u00e1ja izgalmas lehet\u0151s\u00e9geket k\u00edn\u00e1l \u00faj tanulm\u00e1nyokhoz.<\/p>\n<p>Ha \u00fagy d\u00f6nt, hogy be\u00e9p\u00edti ezt a term\u00e9ket, mindig figyeljen a megb\u00edzhat\u00f3 forr\u00e1sokra \u00e9s a vil\u00e1gos min\u0151s\u00e9gbiztos\u00edt\u00e1si tan\u00fas\u00edtv\u00e1nyokra. \u00cdgy biztos\u00edthatja, hogy kiv\u00e1l\u00f3 min\u0151s\u00e9g\u0171 term\u00e9ket kap. A legjobb v\u00e1s\u00e1rl\u00e1si \u00e9lm\u00e9ny ott val\u00f3sul meg, ahol az elemz\u00e9s \u00e9s a biztons\u00e1g priorit\u00e1st \u00e9lvez. B\u00edzzon a Chemgramx-ban tudom\u00e1nyos ig\u00e9nyeinek kiel\u00e9g\u00edt\u00e9s\u00e9ben.<\/p>","protected":false},"excerpt":{"rendered":"<p>A THC-O vagy THC-O-acet\u00e1t a delta-9-tetrahidrokannabinolb\u00f3l (THC) sz\u00e1rmaz\u00f3 szintetikus kannabinoid. K\u00e9miai k\u00e9plete C23H34O3. A THC-O k\u00f6ztudottan er\u0151sebb, mint a hagyom\u00e1nyos THC, \u00e9s gyakran haszn\u00e1lj\u00e1k k\u00fcl\u00f6nb\u00f6z\u0151 kannabiszterm\u00e9kekben.<\/p>\n<p>&nbsp;<\/p>","protected":false},"featured_media":6906,"comment_status":"open","ping_status":"closed","template":"","meta":{"_joinchat":[]},"product_brand":[],"product_cat":[47],"product_tag":[333,2644,2643,2645,2637,2642,2638,2639,2641,2640],"class_list":{"0":"post-6876","1":"product","2":"type-product","3":"status-publish","4":"has-post-thumbnail","6":"product_cat-cannabinoids","7":"product_tag-synthetische-cannabinoide","8":"product_tag-thc-o-chemikalien","9":"product_tag-thc-o-deutschland","10":"product_tag-thc-o-drogen","11":"product_tag-thc-o-kaufen","12":"product_tag-thc-o-kaufen-online","13":"product_tag-thc-o-kristalle","14":"product_tag-thc-o-online-kaufen","15":"product_tag-thc-o-preis","16":"product_tag-thc-o-prodej","18":"first","19":"instock","20":"shipping-taxable","21":"purchasable","22":"product-type-variable"},"yoast_head":"<!-- This site is optimized with the Yoast SEO plugin v27.5 - https:\/\/yoast.com\/product\/yoast-seo-wordpress\/ -->\n<title>THC-O kaufen \u2013 Hochwertiges Cannabinoid f\u00fcr die Forschung<\/title>\n<meta name=\"description\" content=\"Kaufen Sie hochwertiges THC-O f\u00fcr die Cannabinoid-Forschung. Bulk-Optionen, Sicherheitsdaten und zuverl\u00e4ssiger Versand. THC-O kaufen\" \/>\n<meta name=\"robots\" content=\"index, follow, max-snippet:-1, max-image-preview:large, max-video-preview:-1\" \/>\n<link rel=\"canonical\" href=\"https:\/\/chemgramx.com\/hu\/termek-1\/thc-o-online-rendeles\/\" \/>\n<meta property=\"og:locale\" content=\"hu_HU\" \/>\n<meta property=\"og:type\" content=\"article\" \/>\n<meta property=\"og:title\" content=\"THC-O kaufen \u2013 Hochwertiges Cannabinoid f\u00fcr die Forschung\" \/>\n<meta property=\"og:description\" content=\"Kaufen Sie hochwertiges THC-O f\u00fcr die Cannabinoid-Forschung. Bulk-Optionen, Sicherheitsdaten und zuverl\u00e4ssiger Versand. THC-O kaufen\" \/>\n<meta property=\"og:url\" content=\"https:\/\/chemgramx.com\/hu\/termek-1\/thc-o-online-rendeles\/\" \/>\n<meta property=\"og:site_name\" content=\"Chemgramx\" \/>\n<meta property=\"article:modified_time\" content=\"2025-12-10T07:46:33+00:00\" \/>\n<meta property=\"og:image\" content=\"https:\/\/chemgramx.com\/wp-content\/uploads\/2025\/11\/THC-O.webp\" \/>\n\t<meta property=\"og:image:width\" content=\"1080\" \/>\n\t<meta property=\"og:image:height\" content=\"1350\" \/>\n\t<meta property=\"og:image:type\" content=\"image\/webp\" \/>\n<meta name=\"twitter:card\" content=\"summary_large_image\" \/>\n<meta name=\"twitter:label1\" content=\"Becs\u00fclt olvas\u00e1si id\u0151\" \/>\n\t<meta name=\"twitter:data1\" content=\"6 perc\" \/>\n<script type=\"application\/ld+json\" class=\"yoast-schema-graph\">{\"@context\":\"https:\\\/\\\/schema.org\",\"@graph\":[{\"@type\":\"WebPage\",\"@id\":\"https:\\\/\\\/chemgramx.com\\\/product\\\/thc-o-online-bestellung\\\/\",\"url\":\"https:\\\/\\\/chemgramx.com\\\/product\\\/thc-o-online-bestellung\\\/\",\"name\":\"THC-O kaufen \u2013 Hochwertiges Cannabinoid f\u00fcr die Forschung\",\"isPartOf\":{\"@id\":\"https:\\\/\\\/chemgramx.com\\\/#website\"},\"primaryImageOfPage\":{\"@id\":\"https:\\\/\\\/chemgramx.com\\\/product\\\/thc-o-online-bestellung\\\/#primaryimage\"},\"image\":{\"@id\":\"https:\\\/\\\/chemgramx.com\\\/product\\\/thc-o-online-bestellung\\\/#primaryimage\"},\"thumbnailUrl\":\"https:\\\/\\\/chemgramx.com\\\/wp-content\\\/uploads\\\/2025\\\/11\\\/THC-O.webp\",\"datePublished\":\"2025-11-21T11:10:14+00:00\",\"dateModified\":\"2025-12-10T07:46:33+00:00\",\"description\":\"Kaufen Sie hochwertiges THC-O f\u00fcr die Cannabinoid-Forschung. Bulk-Optionen, Sicherheitsdaten und zuverl\u00e4ssiger Versand. THC-O kaufen\",\"breadcrumb\":{\"@id\":\"https:\\\/\\\/chemgramx.com\\\/product\\\/thc-o-online-bestellung\\\/#breadcrumb\"},\"inLanguage\":\"hu\",\"potentialAction\":[{\"@type\":\"ReadAction\",\"target\":[\"https:\\\/\\\/chemgramx.com\\\/product\\\/thc-o-online-bestellung\\\/\"]}]},{\"@type\":\"ImageObject\",\"inLanguage\":\"hu\",\"@id\":\"https:\\\/\\\/chemgramx.com\\\/product\\\/thc-o-online-bestellung\\\/#primaryimage\",\"url\":\"https:\\\/\\\/chemgramx.com\\\/wp-content\\\/uploads\\\/2025\\\/11\\\/THC-O.webp\",\"contentUrl\":\"https:\\\/\\\/chemgramx.com\\\/wp-content\\\/uploads\\\/2025\\\/11\\\/THC-O.webp\",\"width\":1080,\"height\":1350},{\"@type\":\"BreadcrumbList\",\"@id\":\"https:\\\/\\\/chemgramx.com\\\/product\\\/thc-o-online-bestellung\\\/#breadcrumb\",\"itemListElement\":[{\"@type\":\"ListItem\",\"position\":1,\"name\":\"Home\",\"item\":\"https:\\\/\\\/chemgramx.com\\\/\"},{\"@type\":\"ListItem\",\"position\":2,\"name\":\"Shop\",\"item\":\"https:\\\/\\\/chemgramx.com\\\/shop\\\/\"},{\"@type\":\"ListItem\",\"position\":3,\"name\":\"Online THC-O kaufen\"}]},{\"@type\":\"WebSite\",\"@id\":\"https:\\\/\\\/chemgramx.com\\\/#website\",\"url\":\"https:\\\/\\\/chemgramx.com\\\/\",\"name\":\"Chemgramx\",\"description\":\"\",\"publisher\":{\"@id\":\"https:\\\/\\\/chemgramx.com\\\/#organization\"},\"potentialAction\":[{\"@type\":\"SearchAction\",\"target\":{\"@type\":\"EntryPoint\",\"urlTemplate\":\"https:\\\/\\\/chemgramx.com\\\/?s={search_term_string}\"},\"query-input\":{\"@type\":\"PropertyValueSpecification\",\"valueRequired\":true,\"valueName\":\"search_term_string\"}}],\"inLanguage\":\"hu\"},{\"@type\":\"Organization\",\"@id\":\"https:\\\/\\\/chemgramx.com\\\/#organization\",\"name\":\"Chemgramx\",\"url\":\"https:\\\/\\\/chemgramx.com\\\/\",\"logo\":{\"@type\":\"ImageObject\",\"inLanguage\":\"hu\",\"@id\":\"https:\\\/\\\/chemgramx.com\\\/#\\\/schema\\\/logo\\\/image\\\/\",\"url\":\"https:\\\/\\\/chemgramx.com\\\/wp-content\\\/uploads\\\/2024\\\/10\\\/final-logo.png\",\"contentUrl\":\"https:\\\/\\\/chemgramx.com\\\/wp-content\\\/uploads\\\/2024\\\/10\\\/final-logo.png\",\"width\":250,\"height\":48,\"caption\":\"Chemgramx\"},\"image\":{\"@id\":\"https:\\\/\\\/chemgramx.com\\\/#\\\/schema\\\/logo\\\/image\\\/\"}}]}<\/script>\n<!-- \/ Yoast SEO plugin. -->","yoast_head_json":{"title":"THC-O v\u00e1s\u00e1rl\u00e1sa \u2013 Kiv\u00e1l\u00f3 min\u0151s\u00e9g\u0171 kannabinoid kutat\u00e1shoz","description":"V\u00e1s\u00e1roljon kiv\u00e1l\u00f3 min\u0151s\u00e9g\u0171 THC-O-t kannabinoid kutat\u00e1shoz. T\u00f6meges opci\u00f3k, biztons\u00e1gi adatok \u00e9s megb\u00edzhat\u00f3 sz\u00e1ll\u00edt\u00e1s. V\u00e1s\u00e1roljon THC-O-t","robots":{"index":"index","follow":"follow","max-snippet":"max-snippet:-1","max-image-preview":"max-image-preview:large","max-video-preview":"max-video-preview:-1"},"canonical":"https:\/\/chemgramx.com\/hu\/termek-1\/thc-o-online-rendeles\/","og_locale":"hu_HU","og_type":"article","og_title":"THC-O kaufen \u2013 Hochwertiges Cannabinoid f\u00fcr die Forschung","og_description":"Kaufen Sie hochwertiges THC-O f\u00fcr die Cannabinoid-Forschung. Bulk-Optionen, Sicherheitsdaten und zuverl\u00e4ssiger Versand. THC-O kaufen","og_url":"https:\/\/chemgramx.com\/hu\/termek-1\/thc-o-online-rendeles\/","og_site_name":"Chemgramx","article_modified_time":"2025-12-10T07:46:33+00:00","og_image":[{"width":1080,"height":1350,"url":"https:\/\/chemgramx.com\/wp-content\/uploads\/2025\/11\/THC-O.webp","type":"image\/webp"}],"twitter_card":"summary_large_image","twitter_misc":{"Becs\u00fclt olvas\u00e1si id\u0151":"6 perc"},"schema":{"@context":"https:\/\/schema.org","@graph":[{"@type":"WebPage","@id":"https:\/\/chemgramx.com\/product\/thc-o-online-bestellung\/","url":"https:\/\/chemgramx.com\/product\/thc-o-online-bestellung\/","name":"THC-O v\u00e1s\u00e1rl\u00e1sa \u2013 Kiv\u00e1l\u00f3 min\u0151s\u00e9g\u0171 kannabinoid kutat\u00e1shoz","isPartOf":{"@id":"https:\/\/chemgramx.com\/#website"},"primaryImageOfPage":{"@id":"https:\/\/chemgramx.com\/product\/thc-o-online-bestellung\/#primaryimage"},"image":{"@id":"https:\/\/chemgramx.com\/product\/thc-o-online-bestellung\/#primaryimage"},"thumbnailUrl":"https:\/\/chemgramx.com\/wp-content\/uploads\/2025\/11\/THC-O.webp","datePublished":"2025-11-21T11:10:14+00:00","dateModified":"2025-12-10T07:46:33+00:00","description":"V\u00e1s\u00e1roljon kiv\u00e1l\u00f3 min\u0151s\u00e9g\u0171 THC-O-t kannabinoid kutat\u00e1shoz. T\u00f6meges opci\u00f3k, biztons\u00e1gi adatok \u00e9s megb\u00edzhat\u00f3 sz\u00e1ll\u00edt\u00e1s. V\u00e1s\u00e1roljon THC-O-t","breadcrumb":{"@id":"https:\/\/chemgramx.com\/product\/thc-o-online-bestellung\/#breadcrumb"},"inLanguage":"hu","potentialAction":[{"@type":"ReadAction","target":["https:\/\/chemgramx.com\/product\/thc-o-online-bestellung\/"]}]},{"@type":"ImageObject","inLanguage":"hu","@id":"https:\/\/chemgramx.com\/product\/thc-o-online-bestellung\/#primaryimage","url":"https:\/\/chemgramx.com\/wp-content\/uploads\/2025\/11\/THC-O.webp","contentUrl":"https:\/\/chemgramx.com\/wp-content\/uploads\/2025\/11\/THC-O.webp","width":1080,"height":1350},{"@type":"BreadcrumbList","@id":"https:\/\/chemgramx.com\/product\/thc-o-online-bestellung\/#breadcrumb","itemListElement":[{"@type":"ListItem","position":1,"name":"Home","item":"https:\/\/chemgramx.com\/"},{"@type":"ListItem","position":2,"name":"Shop","item":"https:\/\/chemgramx.com\/shop\/"},{"@type":"ListItem","position":3,"name":"Online THC-O kaufen"}]},{"@type":"WebSite","@id":"https:\/\/chemgramx.com\/#website","url":"https:\/\/chemgramx.com\/","name":"Chemgramx","description":"","publisher":{"@id":"https:\/\/chemgramx.com\/#organization"},"potentialAction":[{"@type":"SearchAction","target":{"@type":"EntryPoint","urlTemplate":"https:\/\/chemgramx.com\/?s={search_term_string}"},"query-input":{"@type":"PropertyValueSpecification","valueRequired":true,"valueName":"search_term_string"}}],"inLanguage":"hu"},{"@type":"Organization","@id":"https:\/\/chemgramx.com\/#organization","name":"Chemgramx","url":"https:\/\/chemgramx.com\/","logo":{"@type":"ImageObject","inLanguage":"hu","@id":"https:\/\/chemgramx.com\/#\/schema\/logo\/image\/","url":"https:\/\/chemgramx.com\/wp-content\/uploads\/2024\/10\/final-logo.png","contentUrl":"https:\/\/chemgramx.com\/wp-content\/uploads\/2024\/10\/final-logo.png","width":250,"height":48,"caption":"Chemgramx"},"image":{"@id":"https:\/\/chemgramx.com\/#\/schema\/logo\/image\/"}}]}},"_links":{"self":[{"href":"https:\/\/chemgramx.com\/hu\/wp-json\/wp\/v2\/product\/6876","targetHints":{"allow":["GET"]}}],"collection":[{"href":"https:\/\/chemgramx.com\/hu\/wp-json\/wp\/v2\/product"}],"about":[{"href":"https:\/\/chemgramx.com\/hu\/wp-json\/wp\/v2\/types\/product"}],"replies":[{"embeddable":true,"href":"https:\/\/chemgramx.com\/hu\/wp-json\/wp\/v2\/comments?post=6876"}],"wp:featuredmedia":[{"embeddable":true,"href":"https:\/\/chemgramx.com\/hu\/wp-json\/wp\/v2\/media\/6906"}],"wp:attachment":[{"href":"https:\/\/chemgramx.com\/hu\/wp-json\/wp\/v2\/media?parent=6876"}],"wp:term":[{"taxonomy":"product_brand","embeddable":true,"href":"https:\/\/chemgramx.com\/hu\/wp-json\/wp\/v2\/product_brand?post=6876"},{"taxonomy":"product_cat","embeddable":true,"href":"https:\/\/chemgramx.com\/hu\/wp-json\/wp\/v2\/product_cat?post=6876"},{"taxonomy":"product_tag","embeddable":true,"href":"https:\/\/chemgramx.com\/hu\/wp-json\/wp\/v2\/product_tag?post=6876"}],"curies":[{"name":"wp","href":"https:\/\/api.w.org\/{rel}","templated":true}]}}