{"id":6976,"date":"2025-11-21T11:11:08","date_gmt":"2025-11-21T11:11:08","guid":{"rendered":"https:\/\/chemgramx.com\/?post_type=product&#038;p=6976"},"modified":"2025-12-10T07:12:55","modified_gmt":"2025-12-10T07:12:55","slug":"vasarolj-2c-b-rozsaszin-kokainport","status":"publish","type":"product","link":"https:\/\/chemgramx.com\/hu\/product\/2c-b-pink-cocaine-powder-kaufen\/","title":{"rendered":"2C-B por v\u00e1s\u00e1rl\u00e1s \u2013 tisztas\u00e1g \u00e9s min\u0151s\u00e9g | Chemgramx"},"content":{"rendered":"<p>Szeretne <b>2C-B r\u00f3zsasz\u00edn kokain por elad\u00f3<\/b> megfelel a legmagasabb tudom\u00e1nyos k\u00f6vetelm\u00e9nyeknek? A Chemgramx-n\u00e1l kiv\u00e1l\u00f3 v\u00e1laszt\u00e9kot tal\u00e1l kutat\u00e1si vegyszerekb\u0151l, \u00e9s a 2C-B Pink Cocaine porunk sem kiv\u00e9tel ez al\u00f3l. Abszol\u00fat tisztas\u00e1g\u00e1val \u00e9s <b>Laborat\u00f3riumi min\u0151s\u00e9g\u0171 term\u00e9kek elad\u00f3<\/b>, gondosan tesztelve \u00e9s tan\u00fas\u00edtva, hogy hiteles \u00e9s megb\u00edzhat\u00f3 term\u00e9ket ny\u00fajtson tanulm\u00e1nyaihoz. Ez az ide\u00e1lis v\u00e1laszt\u00e1s tapasztalt kutat\u00f3k \u00e9s gy\u0171jt\u0151k sz\u00e1m\u00e1ra, akik nagyra \u00e9rt\u00e9kelik a legmagasabb min\u0151s\u00e9get \u00e9s a diszkr\u00e9ci\u00f3t.<\/p>\n<p>A kiv\u00e1l\u00f3s\u00e1g ir\u00e1nti elk\u00f6telezetts\u00e9g\u00fcnk minden szolg\u00e1ltat\u00e1sunkban t\u00fckr\u00f6z\u0151dik. Ezenk\u00edv\u00fcl garant\u00e1ljuk, hogy \u00d6n <b>hiteles 2C-B r\u00f3zsasz\u00edn kokain por<\/b> , amely nem tesz engedm\u00e9nyeket a min\u0151s\u00e9g ter\u00e9n. Fedezze fel az el\u0151ny\u00f6ket, amelyeket egy olyan besz\u00e1ll\u00edt\u00f3 ny\u00fajt, amely a pontos specifik\u00e1ci\u00f3kra \u00e9s a biztons\u00e1gos kezel\u00e9sre koncentr\u00e1l. \u00d6n <b>most online v\u00e1s\u00e1rolni<\/b> \u00e9s b\u00edzhat abban, hogy a term\u00e9k meghaladja az elv\u00e1r\u00e1sait.<\/p>\n<h2>Mi\u00e9rt v\u00e1lassza a Chemgramx 2C-B Pink Cocaine por\u00e1t?<\/h2>\n<p>A kutat\u00e1si vegyszerek beszerz\u00e9si forr\u00e1s\u00e1nak kiv\u00e1laszt\u00e1sa bizalmat \u00e9s biztos\u00edt\u00e9kot ig\u00e9nyel, hogy a term\u00e9k min\u0151s\u00e9ge kifog\u00e1stalan legyen. A Chemgramxn\u00e9l a \u00e1tl\u00e1that\u00f3s\u00e1gra \u00e9s a tudom\u00e1nyos integrit\u00e1sra helyezz\u00fck a hangs\u00falyt. Nem csak <b>Kiv\u00e1l\u00f3 min\u0151s\u00e9g\u0171 2C-B r\u00f3zsasz\u00edn kokain por<\/b>, hanem egy olyan szolg\u00e1ltat\u00e1st is, amely az \u00d6n ig\u00e9nyeire van szabva.<\/p>\n<p><b>Tov\u00e1bb\u00e1<\/b> megk\u00f6zel\u00edt\u00e9s\u00fcnk szigor\u00fa min\u0151s\u00e9g-ellen\u0151rz\u00e9ssel jellemezhet\u0151. A 2C-B Pink Cocaine porunk minden t\u00e9tele \u00e1tfog\u00f3 laborat\u00f3riumi vizsg\u00e1latokon esik \u00e1t. Ez garant\u00e1lja a prec\u00edz kutat\u00e1si c\u00e9lokra elengedhetetlen tisztas\u00e1got. <b>Ez\u00e9rt<\/b> biztos lehet benne, hogy olyan term\u00e9ket kap, amely megfelel a magas sz\u00ednvonal\u00fa k\u00f6vetelm\u00e9nyeinknek \u00e9s tudom\u00e1nyos elv\u00e1r\u00e1sainak.<\/p>\n<ul>\n<li><b>100% Eredeti term\u00e9k:<\/b> Nincs hamis\u00edt\u00e1s, nincs kompromisszum az anyag identit\u00e1sa vagy tisztas\u00e1ga ter\u00e9n.<\/li>\n<li><b>Legmagasabb tisztas\u00e1g \u00e9s laborat\u00f3riumi tan\u00fas\u00edt\u00e1s:<\/b> Minden anyagot alaposan tesztel\u00fcnk, hogy biztos\u00edtsuk annak tisztas\u00e1g\u00e1t.<\/li>\n<li><b>Diszkr\u00e9t \u00e9s biztons\u00e1gos kezel\u00e9s:<\/b> Megrendel\u00e9s\u00e9t a legnagyobb gondoss\u00e1ggal \u00e9s diszkr\u00e9ci\u00f3val kezelj\u00fck.<\/li>\n<li><b>Anonim fizet\u00e9si lehet\u0151s\u00e9gek:<\/b> A mag\u00e1n\u00e9let v\u00e9delme \u00e9rdek\u00e9ben kriptovalut\u00e1kat is t\u00e1mogat, mint p\u00e9ld\u00e1ul a Bitcoin \u00e9s az USDT.<\/li>\n<li><b>Recept nem sz\u00fcks\u00e9ges:<\/b> K\u00f6zvetlen\u00fcl el\u00e9rhet\u0151 kutat\u00e1si, elemz\u00e9si \u00e9s gy\u0171jt\u00e9si c\u00e9lokra.<\/li>\n<\/ul>\n<p>\u00dcgyfeleink k\u00fcl\u00f6n\u00f6sen \u00e9rt\u00e9kelik szolg\u00e1ltat\u00e1sunk megb\u00edzhat\u00f3s\u00e1g\u00e1t \u00e9s abszol\u00fat diszkr\u00e9ci\u00f3j\u00e1t. <b>Ezen k\u00edv\u00fcl<\/b> Minden gramm 2C-B Pink Cocaine por a legnagyobb gondoss\u00e1ggal ker\u00fcl ellen\u0151rz\u00e9sre \u00e9s kezel\u00e9sre. <b>K\u00f6vetkez\u00e9sk\u00e9ppen<\/b>, Ak\u00e1r tapasztalt kutat\u00f3, ak\u00e1r \u00e9rdekl\u0151d\u0151 gy\u0171jt\u0151, n\u00e1lunk maxim\u00e1lis min\u0151s\u00e9get \u00e9s biztons\u00e1got \u00e9lvezhet v\u00e1s\u00e1rl\u00e1sakor.<\/p>\n<h2>A 2C-B Pink Cocaine m\u00f6g\u00f6tt \u00e1ll\u00f3 tudom\u00e1ny<\/h2>\n<p>A 2C-B, m\u00e1s n\u00e9ven 4-brom-2,5-dimetoxifenetilamin, a fenetilaminok csal\u00e1dj\u00e1ba tartozik. El\u0151sz\u00f6r 1974-ben Alexander Shulgin szintetiz\u00e1lta. K\u00e9miai szerkezete d\u00f6nt\u0151 jelent\u0151s\u00e9g\u0171 tulajdons\u00e1gai \u00e9s hat\u00e1smechanizmusai szempontj\u00e1b\u00f3l kutat\u00e1si k\u00f6rnyezetben. <b>Val\u00f3j\u00e1ban<\/b> ez egy leny\u0171g\u00f6z\u0151 molekula farmakol\u00f3giai vizsg\u00e1latokhoz.<\/p>\n<h3>K\u00e9miai szerkezet \u00e9s tulajdons\u00e1gok<\/h3>\n<p>A 2C-B k\u00e9miai k\u00e9plete C<sub>10<\/sub>H<sub>14<\/sub>BrNO<sub>2<\/sub>. <b>K\u00fcl\u00f6n\u00f6sen<\/b> A fenilgy\u0171r\u0171 4. poz\u00edci\u00f3j\u00e1ban tal\u00e1lhat\u00f3 br\u00f3m-szubsztit\u00faci\u00f3 felel\u0151s a molekula specifikus tulajdons\u00e1gai\u00e9rt. Ez a molekula komplex m\u00f3don k\u00f6lcs\u00f6nhat\u00e1sba l\u00e9p a szerotoninreceptorokkal, ami \u00e9rt\u00e9kes eszk\u00f6zz\u00e9 teszi az idegtudom\u00e1nyban. <b>Ezen k\u00edv\u00fcl<\/b> egyed\u00fcl\u00e1ll\u00f3 szerkezete sokf\u00e9le kutat\u00e1si megk\u00f6zel\u00edt\u00e9st tesz lehet\u0151v\u00e9 a pszichofarmakol\u00f3giai elemz\u00e9sben.<\/p>\n<p>Por form\u00e1j\u00e1ban a 2C-B Pink Cocaine k\u00f6nnyen kezelhet\u0151. Megfelel\u0151 t\u00e1rol\u00e1si k\u00f6r\u00fclm\u00e9nyek k\u00f6z\u00f6tt stabil, ez\u00e9rt hossz\u00fa t\u00e1v\u00fa vizsg\u00e1latokhoz is alkalmas anyag. <b>Tov\u00e1bb\u00e1<\/b> A pontos adagol\u00e1s \u00e9s kezel\u00e9s ellen\u0151rz\u00f6tt laborat\u00f3riumi k\u00f6rnyezetben kell t\u00f6rt\u00e9njen, hogy megb\u00edzhat\u00f3 kutat\u00e1si eredm\u00e9nyek sz\u00fclessenek. <b>Ez\u00e9rt<\/b> A k\u00e9miai tulajdons\u00e1gok pontos ismerete elengedhetetlen minden tudom\u00e1nyos alkalmaz\u00e1shoz.<\/p>\n<h3>Kutat\u00e1si alkalmaz\u00e1sok \u00e9s tanulm\u00e1nyi lehet\u0151s\u00e9gek<\/h3>\n<p>A 2C-B-vel kapcsolatos kutat\u00e1sok gyakran annak pszichoter\u00e1pi\u00e1ban, idegtudom\u00e1nyban \u00e9s tudat\u00e1llapotok vizsg\u00e1lat\u00e1ban val\u00f3 lehets\u00e9ges alkalmaz\u00e1saira koncentr\u00e1lnak. <b>Ezen k\u00edv\u00fcl<\/b> egyed\u00fcl\u00e1ll\u00f3 hat\u00e1sspektrumot k\u00edn\u00e1l, amely elt\u00e9r a t\u00f6bbi ismert anyagt\u00f3l. <b>Ennek eredm\u00e9nyek\u00e9ppen<\/b> nagy \u00e9rdekl\u0151d\u00e9st kelt azoknak a tud\u00f3soknak, akik az emberi \u00e9rz\u00e9kel\u00e9s mechanizmusait szeretn\u00e9k felt\u00e1rni.<\/p>\n<p>Tudom\u00e1nyos kutat\u00e1sok kimutatt\u00e1k, hogy a 2C-B \u00faj betekint\u00e9st ny\u00fajthat a neuron\u00e1lis \u00fatvonalakba. <b>P\u00e9ld\u00e1ul<\/b> tanulm\u00e1nyok hozz\u00e1j\u00e1rulhatnak a szerotonin-rendszerek \u00e9s azok k\u00fcl\u00f6nb\u00f6z\u0151 pszich\u00e9s \u00e1llapotokban bet\u00f6lt\u00f6tt szerep\u00e9nek jobb meg\u00e9rt\u00e9s\u00e9hez. Tov\u00e1bbi kutat\u00e1si anyagok\u00e9rt l\u00e1togasson el a <a href=\"https:\/\/chemgramx.com\/product\/chernobyl-cookies-bestellung\/\">Csernobili s\u00fctem\u00e9nyek aj\u00e1nlat<\/a> fontol\u00f3ra veheti, hogy b\u0151v\u00edtse kutat\u00e1si spektrum\u00e1t.<\/p>\n<p>A 2C-B sokoldal\u00fas\u00e1ga izgalmas jel\u00f6ltt\u00e9 teszi sz\u00e1mos k\u00eds\u00e9rlethez. <b>Azonban<\/b> fontos, hogy szigor\u00faan betartsuk a jogi el\u0151\u00edr\u00e1sokat \u00e9s az etikai ir\u00e1nyelveket. <b>R\u00f6viden<\/b>, ez a term\u00e9k \u00e9rt\u00e9kes eszk\u00f6z minden olyan kutat\u00f3int\u00e9zet sz\u00e1m\u00e1ra, amely a tudom\u00e1ny leg\u00fajabb eredm\u00e9nyeivel szeretne l\u00e9p\u00e9st tartani. Szint\u00e9n <a href=\"https:\/\/chemgramx.com\/product\/gbl-gamma-butyrolacton-online-kaufen\/\">GBL gamma-butirolakton online v\u00e1s\u00e1rl\u00e1s<\/a> tov\u00e1bbi lehet\u0151s\u00e9geket k\u00edn\u00e1l specifikus k\u00e9miai alkalmaz\u00e1sokhoz.<\/p>\n<h2>Min\u0151s\u00e9g \u00e9s tisztas\u00e1g: \u00edg\u00e9ret\u00fcnk<\/h2>\n<p>A Chemgramx-n\u00e1l tudjuk, hogy kutat\u00e1s\u00e1nak integrit\u00e1sa k\u00f6zvetlen\u00fcl f\u00fcgg az anyagok min\u0151s\u00e9g\u00e9t\u0151l. Ez\u00e9rt a mi <b>2C-B Pink Cocaine por, a legmagasabb tisztas\u00e1g\u00fa, elad\u00f3<\/b>. Garant\u00e1ljuk, hogy term\u00e9keink minden olyan specifik\u00e1ci\u00f3t teljes\u00edtenek, amely a megb\u00edzhat\u00f3 laborat\u00f3riumi munk\u00e1hoz sz\u00fcks\u00e9ges. <b>Ezen k\u00edv\u00fcl<\/b> k\u00edn\u00e1ljuk a <b>A legjobb 2C-B Pink Cocaine por, amely kaphat\u00f3<\/b>, hogy meghaladjuk az elv\u00e1r\u00e1sait.<\/p>\n<p>Minden sz\u00e1ll\u00edtm\u00e1nyt a legszigor\u00fabb szabv\u00e1nyok szerint kezel\u00fcnk. <b>Ezen k\u00edv\u00fcl<\/b> A legmodernebb elemz\u00e9si technik\u00e1kat alkalmazzuk term\u00e9keink k\u00e9miai \u00f6sszet\u00e9tel\u00e9nek \u00e9s tisztas\u00e1g\u00e1nak ellen\u0151rz\u00e9s\u00e9re. Ez a gondos folyamat garant\u00e1lja, hogy n\u00e1lunk kiz\u00e1r\u00f3lag <b>Kutat\u00e1si min\u0151s\u00e9g elad\u00f3<\/b> megkapja. Biztos lehet benne, hogy kutat\u00e1s\u00e1hoz olyan term\u00e9ket szerez be, amely szennyez\u0151d\u00e9sekt\u0151l mentes \u00e9s konzisztens eredm\u00e9nyeket biztos\u00edt.<\/p>\n<p>\u00dcgyfeleink el\u00e9gedetts\u00e9ge \u00e1ll tev\u00e9kenys\u00e9g\u00fcnk k\u00f6z\u00e9ppontj\u00e1ban. <b>Ennek eredm\u00e9nyek\u00e9ppen<\/b> folyamatosan dolgozunk folyamataink optimaliz\u00e1l\u00e1s\u00e1n, hogy \u00d6nnek a legjobb kutat\u00e1si vegyszereket tudjuk k\u00edn\u00e1lni. Ha <b>2C-B Pink Cocaine por online megrendel\u00e9se<\/b> szeretn\u00e9, akkor a <a href=\"https:\/\/chemgramx.com\/\">Chemgramx<\/a> Pontosan \u00edgy van. Mi vagyunk az \u00d6n megb\u00edzhat\u00f3 forr\u00e1sa a professzion\u00e1lisan kezelt, kiv\u00e1l\u00f3 min\u0151s\u00e9g\u0171 anyagokhoz.<\/p>\n<h2>Biztons\u00e1gos \u00e9s diszkr\u00e9t v\u00e1s\u00e1rl\u00e1s<\/h2>\n<p>Az \u00d6n mag\u00e1n\u00e9let\u00e9nek \u00e9s megrendel\u00e9s\u00e9nek biztons\u00e1ga a legfontosabb sz\u00e1munkra. <b>Ez\u00e9rt<\/b> \u00e1tfog\u00f3 int\u00e9zked\u00e9seket hajtottunk v\u00e9gre annak \u00e9rdek\u00e9ben, hogy <b>biztos v\u00e1s\u00e1rl\u00e1s<\/b> biztos\u00edtani. Minden inform\u00e1ci\u00f3t szigor\u00faan bizalmasan kezel\u00fcnk, \u00e9s folyamataink \u00fagy vannak kialak\u00edtva, hogy teljes diszkr\u00e9ci\u00f3t biztos\u00edtsanak. \u00d6n <b>2C-B Pink Cocaine por online megrendel\u00e9se<\/b> azzal a bizonyoss\u00e1ggal, hogy adatait v\u00e9dj\u00fck.<\/p>\n<p>A Chemgramx-n\u00e1l t\u00f6rt\u00e9n\u0151 v\u00e1s\u00e1rl\u00e1s rendk\u00edv\u00fcl egyszer\u0171 \u00e9s az \u00d6n anonimit\u00e1s\u00e1t biztos\u00edtja. V\u00e1lassza ki a k\u00edv\u00e1nt mennyis\u00e9get <b>Kiv\u00e1l\u00f3 min\u0151s\u00e9g\u0171 2C-B r\u00f3zsasz\u00edn kokain por<\/b> \u00e9s tegye a kos\u00e1rba. <b>Ezt k\u00f6vet\u0151en<\/b> A megrendel\u00e9st diszkr\u00e9ten teljes\u00edtj\u00fck. Nagy hangs\u00falyt fektet\u00fcnk a megrendel\u00e9s diszkr\u00e9t kezel\u00e9s\u00e9re \u00e9s biztons\u00e1gos feldolgoz\u00e1s\u00e1ra.<\/p>\n<p>Az \u00d6n k\u00e9nyelme \u00e9rdek\u00e9ben k\u00fcl\u00f6nb\u00f6z\u0151 n\u00e9vtelen fizet\u00e9si lehet\u0151s\u00e9geket k\u00edn\u00e1lunk. Ezek k\u00f6z\u00e9 tartoznak a modern kriptovalut\u00e1k, mint p\u00e9ld\u00e1ul a Bitcoin \u00e9s az USDT. <b>\u00cdgy<\/b> diszkr\u00e9ten \u00e9s biztons\u00e1gosan v\u00e9gezheti tranzakci\u00f3it. B\u00fcszk\u00e9k vagyunk arra, hogy megb\u00edzhat\u00f3 platform vagyunk, ahol 2C-B Pink Cocaine por elad\u00f3 <b>Chemgramx-n\u00e1l megv\u00e1s\u00e1rolni<\/b> lehet.<\/p>\n<h2>Gyakran ism\u00e9telt k\u00e9rd\u00e9sek (GYIK)<\/h2>\n<h3>Milyen min\u0151s\u00e9gi szabv\u00e1nyoknak felel meg a 2C-B Pink Cocaine por?<\/h3>\n<p>2C-B Pink Cocaine porunkat a legszigor\u00fabb laborat\u00f3riumi felt\u00e9telek mellett gy\u00e1rtjuk \u00e9s tesztelj\u00fck. <b>Val\u00f3j\u00e1ban<\/b> megfelel a legmagasabb tisztas\u00e1gi fokozatnak, \u00e9s megfelel\u0151 tan\u00fas\u00edtv\u00e1nyokkal egy\u00fctt ker\u00fcl kisz\u00e1ll\u00edt\u00e1sra. Minden t\u00e9tel <b>Laborat\u00f3riumi min\u0151s\u00e9g\u0171 term\u00e9kek elad\u00f3<\/b>, hogy garant\u00e1lja kutat\u00e1s\u00e1nak konzisztenci\u00e1j\u00e1t \u00e9s megb\u00edzhat\u00f3s\u00e1g\u00e1t. <b>Tov\u00e1bb\u00e1<\/b> biztos lehet benne, hogy olyan term\u00e9ket kap, amely megfelel magas min\u0151s\u00e9gi k\u00f6vetelm\u00e9nyeinknek.<\/p>\n<h3>Leg\u00e1lis-e a 2C-B Pink Cocaine por megv\u00e1s\u00e1rl\u00e1sa?<\/h3>\n<p>A 2C-B Pink Cocaine por megv\u00e1s\u00e1rl\u00e1sa kiz\u00e1r\u00f3lag kutat\u00e1si \u00e9s gy\u0171jt\u00e9si c\u00e9lokra enged\u00e9lyezett. <b>Ez\u00e9rt<\/b> Fontos, hogy megrendel\u00e9s el\u0151tt ellen\u0151rizze az \u00d6n orsz\u00e1g\u00e1ban \u00e9rv\u00e9nyes jogszab\u00e1lyokat. <b>Hangs\u00falyozzuk<\/b>, hogy term\u00e9keink nem emberi fogyaszt\u00e1sra alkalmasak. \u00d6n felel\u0151s az \u00f6sszes helyi t\u00f6rv\u00e9ny \u00e9s el\u0151\u00edr\u00e1s betart\u00e1s\u00e1\u00e9rt.<\/p>\n<h3>Milyen fizet\u00e9si m\u00f3dok \u00e1llnak rendelkez\u00e9sre?<\/h3>\n<p>A Chemgramxn\u00e1l nagy hangs\u00falyt fektet\u00fcnk a rugalmass\u00e1gra \u00e9s a diszkr\u00e9ci\u00f3ra. <b>K\u00f6vetkez\u00e9sk\u00e9ppen<\/b> Sz\u00e1mos n\u00e9vtelen fizet\u00e9si lehet\u0151s\u00e9get k\u00edn\u00e1lunk, t\u00f6bbek k\u00f6z\u00f6tt Bitcoin, USDT \u00e9s m\u00e1s biztons\u00e1gos kriptovalut\u00e1k form\u00e1j\u00e1ban. <b>Ezen k\u00edv\u00fcl<\/b> hagyom\u00e1nyos m\u00f3dszerek, p\u00e9ld\u00e1ul banki \u00e1tutal\u00e1s is lehets\u00e9ges. \u00cdgy kiv\u00e1laszthatja az \u00d6n ig\u00e9nyeinek legink\u00e1bb megfelel\u0151 opci\u00f3t, amely z\u00f6kken\u0151mentes folyamatot garant\u00e1l.<\/p>\n<h2>Fontos megjegyz\u00e9s<\/h2>\n<p>Term\u00e9keink, bele\u00e9rtve a 2C-B Pink Cocaine port is, kiz\u00e1r\u00f3lag kutat\u00e1si, elemz\u00e9si \u00e9s gy\u0171jt\u00e9si c\u00e9lokra szolg\u00e1lnak. Ezek <b>nem emberi fogyaszt\u00e1sra<\/b> vagy egy\u00e9b, nem meghat\u00e1rozott alkalmaz\u00e1sokra. <b>K\u00e9rj\u00fck, mindig vegye figyelembe<\/b> az \u00d6n orsz\u00e1g\u00e1ban \u00e9rv\u00e9nyes t\u00f6rv\u00e9nyi el\u0151\u00edr\u00e1sokat \u00e9s szab\u00e1lyokat. A kutat\u00e1si vegyszerekkel val\u00f3 felel\u0151ss\u00e9gteljes b\u00e1n\u00e1sm\u00f3d rendk\u00edv\u00fcl fontos.<\/p>","protected":false},"excerpt":{"rendered":"<p>2C-B r\u00f3zsasz\u00edn kokainpor online v\u00e1s\u00e1rl\u00e1s. A Tucibi magas \u00e1ra miatt \u201eelit drogk\u00e9nt\u201c ismert. M\u00e1s nevei is vannak, mint p\u00e9ld\u00e1ul Venus, Erox, Nexus, MFT vagy Pink Cocaine, hogy csak n\u00e9h\u00e1nyat eml\u00edts\u00fcnk.<\/p>","protected":false},"featured_media":6991,"comment_status":"open","ping_status":"closed","template":"","meta":{"_joinchat":[]},"product_brand":[],"product_cat":[57],"product_tag":[3022,3019,3023,3020,3024,3021],"class_list":{"0":"post-6976","1":"product","2":"type-product","3":"status-publish","4":"has-post-thumbnail","6":"product_cat-cocaine","7":"product_tag-2c-b-pink-kokain-kaufen","8":"product_tag-2c-b-pink-kokain-zu-verkaufen","9":"product_tag-2c-b-pink-kokainpulver-kaufen","10":"product_tag-2c-b-pink-kokainpulver-zu-verkaufen-in-atlanta","11":"product_tag-2c-pink-kokainpulver-kaufen","12":"product_tag-2c-pink-kokainpulver-zu-verkaufen","14":"first","15":"instock","16":"shipping-taxable","17":"purchasable","18":"product-type-variable"},"yoast_head":"<!-- This site is optimized with the Yoast SEO plugin v27.5 - https:\/\/yoast.com\/product\/yoast-seo-wordpress\/ -->\n<title>Kaufen Sie 2C-B Pink Cocaine Powder | Chemgramx<\/title>\n<meta name=\"description\" content=\"Kaufen Sie hochwertiges 2C-B-Pink-Kokainpulver in der EU. Entdecken Sie unsere Produktpalette f\u00fcr ein erstklassiges Forschungserlebnis.\" \/>\n<meta name=\"robots\" content=\"index, follow, max-snippet:-1, max-image-preview:large, max-video-preview:-1\" \/>\n<link rel=\"canonical\" href=\"https:\/\/chemgramx.com\/hu\/termek-1\/vasarolj-2c-b-rozsaszin-kokainport\/\" \/>\n<meta property=\"og:locale\" content=\"hu_HU\" \/>\n<meta property=\"og:type\" content=\"article\" \/>\n<meta property=\"og:title\" content=\"Kaufen Sie 2C-B Pink Cocaine Powder | Chemgramx\" \/>\n<meta property=\"og:description\" content=\"Kaufen Sie hochwertiges 2C-B-Pink-Kokainpulver in der EU. Entdecken Sie unsere Produktpalette f\u00fcr ein erstklassiges Forschungserlebnis.\" \/>\n<meta property=\"og:url\" content=\"https:\/\/chemgramx.com\/hu\/termek-1\/vasarolj-2c-b-rozsaszin-kokainport\/\" \/>\n<meta property=\"og:site_name\" content=\"Chemgramx\" \/>\n<meta property=\"article:modified_time\" content=\"2025-12-10T07:12:55+00:00\" \/>\n<meta property=\"og:image\" content=\"https:\/\/chemgramx.com\/wp-content\/uploads\/2025\/11\/buy-2c-b-pink-cocaine-powder.jpeg\" \/>\n\t<meta property=\"og:image:width\" content=\"1600\" \/>\n\t<meta property=\"og:image:height\" content=\"1070\" \/>\n\t<meta property=\"og:image:type\" content=\"image\/jpeg\" \/>\n<meta name=\"twitter:card\" content=\"summary_large_image\" \/>\n<meta name=\"twitter:label1\" content=\"Becs\u00fclt olvas\u00e1si id\u0151\" \/>\n\t<meta name=\"twitter:data1\" content=\"2 perc\" \/>\n<script type=\"application\/ld+json\" class=\"yoast-schema-graph\">{\"@context\":\"https:\\\/\\\/schema.org\",\"@graph\":[{\"@type\":\"WebPage\",\"@id\":\"https:\\\/\\\/chemgramx.com\\\/product\\\/2c-b-pink-cocaine-powder-kaufen\\\/\",\"url\":\"https:\\\/\\\/chemgramx.com\\\/product\\\/2c-b-pink-cocaine-powder-kaufen\\\/\",\"name\":\"Kaufen Sie 2C-B Pink Cocaine Powder | Chemgramx\",\"isPartOf\":{\"@id\":\"https:\\\/\\\/chemgramx.com\\\/#website\"},\"primaryImageOfPage\":{\"@id\":\"https:\\\/\\\/chemgramx.com\\\/product\\\/2c-b-pink-cocaine-powder-kaufen\\\/#primaryimage\"},\"image\":{\"@id\":\"https:\\\/\\\/chemgramx.com\\\/product\\\/2c-b-pink-cocaine-powder-kaufen\\\/#primaryimage\"},\"thumbnailUrl\":\"https:\\\/\\\/chemgramx.com\\\/wp-content\\\/uploads\\\/2025\\\/11\\\/buy-2c-b-pink-cocaine-powder.jpeg\",\"datePublished\":\"2025-11-21T11:11:08+00:00\",\"dateModified\":\"2025-12-10T07:12:55+00:00\",\"description\":\"Kaufen Sie hochwertiges 2C-B-Pink-Kokainpulver in der EU. Entdecken Sie unsere Produktpalette f\u00fcr ein erstklassiges Forschungserlebnis.\",\"breadcrumb\":{\"@id\":\"https:\\\/\\\/chemgramx.com\\\/product\\\/2c-b-pink-cocaine-powder-kaufen\\\/#breadcrumb\"},\"inLanguage\":\"hu\",\"potentialAction\":[{\"@type\":\"ReadAction\",\"target\":[\"https:\\\/\\\/chemgramx.com\\\/product\\\/2c-b-pink-cocaine-powder-kaufen\\\/\"]}]},{\"@type\":\"ImageObject\",\"inLanguage\":\"hu\",\"@id\":\"https:\\\/\\\/chemgramx.com\\\/product\\\/2c-b-pink-cocaine-powder-kaufen\\\/#primaryimage\",\"url\":\"https:\\\/\\\/chemgramx.com\\\/wp-content\\\/uploads\\\/2025\\\/11\\\/buy-2c-b-pink-cocaine-powder.jpeg\",\"contentUrl\":\"https:\\\/\\\/chemgramx.com\\\/wp-content\\\/uploads\\\/2025\\\/11\\\/buy-2c-b-pink-cocaine-powder.jpeg\",\"width\":1600,\"height\":1070},{\"@type\":\"BreadcrumbList\",\"@id\":\"https:\\\/\\\/chemgramx.com\\\/product\\\/2c-b-pink-cocaine-powder-kaufen\\\/#breadcrumb\",\"itemListElement\":[{\"@type\":\"ListItem\",\"position\":1,\"name\":\"Home\",\"item\":\"https:\\\/\\\/chemgramx.com\\\/\"},{\"@type\":\"ListItem\",\"position\":2,\"name\":\"Shop\",\"item\":\"https:\\\/\\\/chemgramx.com\\\/shop\\\/\"},{\"@type\":\"ListItem\",\"position\":3,\"name\":\"2C-B Pulver Erwerben &#8211; Reinheit &amp; Qualit\u00e4t | Chemgramx\"}]},{\"@type\":\"WebSite\",\"@id\":\"https:\\\/\\\/chemgramx.com\\\/#website\",\"url\":\"https:\\\/\\\/chemgramx.com\\\/\",\"name\":\"Chemgramx\",\"description\":\"\",\"publisher\":{\"@id\":\"https:\\\/\\\/chemgramx.com\\\/#organization\"},\"potentialAction\":[{\"@type\":\"SearchAction\",\"target\":{\"@type\":\"EntryPoint\",\"urlTemplate\":\"https:\\\/\\\/chemgramx.com\\\/?s={search_term_string}\"},\"query-input\":{\"@type\":\"PropertyValueSpecification\",\"valueRequired\":true,\"valueName\":\"search_term_string\"}}],\"inLanguage\":\"hu\"},{\"@type\":\"Organization\",\"@id\":\"https:\\\/\\\/chemgramx.com\\\/#organization\",\"name\":\"Chemgramx\",\"url\":\"https:\\\/\\\/chemgramx.com\\\/\",\"logo\":{\"@type\":\"ImageObject\",\"inLanguage\":\"hu\",\"@id\":\"https:\\\/\\\/chemgramx.com\\\/#\\\/schema\\\/logo\\\/image\\\/\",\"url\":\"https:\\\/\\\/chemgramx.com\\\/wp-content\\\/uploads\\\/2024\\\/10\\\/final-logo.png\",\"contentUrl\":\"https:\\\/\\\/chemgramx.com\\\/wp-content\\\/uploads\\\/2024\\\/10\\\/final-logo.png\",\"width\":250,\"height\":48,\"caption\":\"Chemgramx\"},\"image\":{\"@id\":\"https:\\\/\\\/chemgramx.com\\\/#\\\/schema\\\/logo\\\/image\\\/\"}}]}<\/script>\n<!-- \/ Yoast SEO plugin. -->","yoast_head_json":{"title":"V\u00e1s\u00e1rolj 2C-B r\u00f3zsasz\u00edn kokainport | Chemgramx","description":"V\u00e1s\u00e1roljon kiv\u00e1l\u00f3 min\u0151s\u00e9g\u0171 2C-B r\u00f3zsasz\u00edn kokainport az EU-ban. Fedezze fel term\u00e9kv\u00e1laszt\u00e9kunkat az els\u0151 oszt\u00e1ly\u00fa kutat\u00e1si \u00e9lm\u00e9ny\u00e9rt.","robots":{"index":"index","follow":"follow","max-snippet":"max-snippet:-1","max-image-preview":"max-image-preview:large","max-video-preview":"max-video-preview:-1"},"canonical":"https:\/\/chemgramx.com\/hu\/termek-1\/vasarolj-2c-b-rozsaszin-kokainport\/","og_locale":"hu_HU","og_type":"article","og_title":"Kaufen Sie 2C-B Pink Cocaine Powder | Chemgramx","og_description":"Kaufen Sie hochwertiges 2C-B-Pink-Kokainpulver in der EU. Entdecken Sie unsere Produktpalette f\u00fcr ein erstklassiges Forschungserlebnis.","og_url":"https:\/\/chemgramx.com\/hu\/termek-1\/vasarolj-2c-b-rozsaszin-kokainport\/","og_site_name":"Chemgramx","article_modified_time":"2025-12-10T07:12:55+00:00","og_image":[{"width":1600,"height":1070,"url":"https:\/\/chemgramx.com\/wp-content\/uploads\/2025\/11\/buy-2c-b-pink-cocaine-powder.jpeg","type":"image\/jpeg"}],"twitter_card":"summary_large_image","twitter_misc":{"Becs\u00fclt olvas\u00e1si id\u0151":"2 perc"},"schema":{"@context":"https:\/\/schema.org","@graph":[{"@type":"WebPage","@id":"https:\/\/chemgramx.com\/product\/2c-b-pink-cocaine-powder-kaufen\/","url":"https:\/\/chemgramx.com\/product\/2c-b-pink-cocaine-powder-kaufen\/","name":"V\u00e1s\u00e1rolj 2C-B r\u00f3zsasz\u00edn kokainport | Chemgramx","isPartOf":{"@id":"https:\/\/chemgramx.com\/#website"},"primaryImageOfPage":{"@id":"https:\/\/chemgramx.com\/product\/2c-b-pink-cocaine-powder-kaufen\/#primaryimage"},"image":{"@id":"https:\/\/chemgramx.com\/product\/2c-b-pink-cocaine-powder-kaufen\/#primaryimage"},"thumbnailUrl":"https:\/\/chemgramx.com\/wp-content\/uploads\/2025\/11\/buy-2c-b-pink-cocaine-powder.jpeg","datePublished":"2025-11-21T11:11:08+00:00","dateModified":"2025-12-10T07:12:55+00:00","description":"V\u00e1s\u00e1roljon kiv\u00e1l\u00f3 min\u0151s\u00e9g\u0171 2C-B r\u00f3zsasz\u00edn kokainport az EU-ban. Fedezze fel term\u00e9kv\u00e1laszt\u00e9kunkat az els\u0151 oszt\u00e1ly\u00fa kutat\u00e1si \u00e9lm\u00e9ny\u00e9rt.","breadcrumb":{"@id":"https:\/\/chemgramx.com\/product\/2c-b-pink-cocaine-powder-kaufen\/#breadcrumb"},"inLanguage":"hu","potentialAction":[{"@type":"ReadAction","target":["https:\/\/chemgramx.com\/product\/2c-b-pink-cocaine-powder-kaufen\/"]}]},{"@type":"ImageObject","inLanguage":"hu","@id":"https:\/\/chemgramx.com\/product\/2c-b-pink-cocaine-powder-kaufen\/#primaryimage","url":"https:\/\/chemgramx.com\/wp-content\/uploads\/2025\/11\/buy-2c-b-pink-cocaine-powder.jpeg","contentUrl":"https:\/\/chemgramx.com\/wp-content\/uploads\/2025\/11\/buy-2c-b-pink-cocaine-powder.jpeg","width":1600,"height":1070},{"@type":"BreadcrumbList","@id":"https:\/\/chemgramx.com\/product\/2c-b-pink-cocaine-powder-kaufen\/#breadcrumb","itemListElement":[{"@type":"ListItem","position":1,"name":"Home","item":"https:\/\/chemgramx.com\/"},{"@type":"ListItem","position":2,"name":"Shop","item":"https:\/\/chemgramx.com\/shop\/"},{"@type":"ListItem","position":3,"name":"2C-B Pulver Erwerben &#8211; Reinheit &amp; Qualit\u00e4t | Chemgramx"}]},{"@type":"WebSite","@id":"https:\/\/chemgramx.com\/#website","url":"https:\/\/chemgramx.com\/","name":"Chemgramx","description":"","publisher":{"@id":"https:\/\/chemgramx.com\/#organization"},"potentialAction":[{"@type":"SearchAction","target":{"@type":"EntryPoint","urlTemplate":"https:\/\/chemgramx.com\/?s={search_term_string}"},"query-input":{"@type":"PropertyValueSpecification","valueRequired":true,"valueName":"search_term_string"}}],"inLanguage":"hu"},{"@type":"Organization","@id":"https:\/\/chemgramx.com\/#organization","name":"Chemgramx","url":"https:\/\/chemgramx.com\/","logo":{"@type":"ImageObject","inLanguage":"hu","@id":"https:\/\/chemgramx.com\/#\/schema\/logo\/image\/","url":"https:\/\/chemgramx.com\/wp-content\/uploads\/2024\/10\/final-logo.png","contentUrl":"https:\/\/chemgramx.com\/wp-content\/uploads\/2024\/10\/final-logo.png","width":250,"height":48,"caption":"Chemgramx"},"image":{"@id":"https:\/\/chemgramx.com\/#\/schema\/logo\/image\/"}}]}},"_links":{"self":[{"href":"https:\/\/chemgramx.com\/hu\/wp-json\/wp\/v2\/product\/6976","targetHints":{"allow":["GET"]}}],"collection":[{"href":"https:\/\/chemgramx.com\/hu\/wp-json\/wp\/v2\/product"}],"about":[{"href":"https:\/\/chemgramx.com\/hu\/wp-json\/wp\/v2\/types\/product"}],"replies":[{"embeddable":true,"href":"https:\/\/chemgramx.com\/hu\/wp-json\/wp\/v2\/comments?post=6976"}],"wp:featuredmedia":[{"embeddable":true,"href":"https:\/\/chemgramx.com\/hu\/wp-json\/wp\/v2\/media\/6991"}],"wp:attachment":[{"href":"https:\/\/chemgramx.com\/hu\/wp-json\/wp\/v2\/media?parent=6976"}],"wp:term":[{"taxonomy":"product_brand","embeddable":true,"href":"https:\/\/chemgramx.com\/hu\/wp-json\/wp\/v2\/product_brand?post=6976"},{"taxonomy":"product_cat","embeddable":true,"href":"https:\/\/chemgramx.com\/hu\/wp-json\/wp\/v2\/product_cat?post=6976"},{"taxonomy":"product_tag","embeddable":true,"href":"https:\/\/chemgramx.com\/hu\/wp-json\/wp\/v2\/product_tag?post=6976"}],"curies":[{"name":"wp","href":"https:\/\/api.w.org\/{rel}","templated":true}]}}