{"id":6984,"date":"2025-11-21T11:11:09","date_gmt":"2025-11-21T11:11:09","guid":{"rendered":"https:\/\/chemgramx.com\/?post_type=product&#038;p=6984"},"modified":"2025-12-10T07:10:15","modified_gmt":"2025-12-10T07:10:15","slug":"tiszta-vagatlan-kokain","status":"publish","type":"product","link":"https:\/\/chemgramx.com\/hu\/product\/reines-unverschnittenes-kokain\/","title":{"rendered":"Kokain v\u00e1s\u00e1rl\u00e1s \u2013 A legtiszt\u00e1bb term\u00e9k online megv\u00e1s\u00e1rl\u00e1sa"},"content":{"rendered":"<p>A Chemgramx b\u00fcszk\u00e9n mutat be egy olyan term\u00e9ket, amely kateg\u00f3ri\u00e1j\u00e1ban m\u00e9rc\u00e9t \u00e1ll\u00edt. Ki <b>tiszta, v\u00e1gatlan kokaint k\u00edn\u00e1lnak elad\u00e1sra<\/b> kiv\u00e9teles min\u0151s\u00e9g\u0171 \u00e9s hiteles forr\u00e1st tal\u00e1l. Val\u00f3j\u00e1ban k\u00edn\u00e1latunkat kifejezetten azok sz\u00e1m\u00e1ra tervezt\u00fck, akik a legmagasabb tisztas\u00e1gi \u00e9s analitikai pontoss\u00e1gi k\u00f6vetelm\u00e9nyeket t\u00e1masztj\u00e1k. Elk\u00f6telezettek vagyunk amellett, hogy csak olyan term\u00e9keket haszn\u00e1lunk, amelyek <b>els\u0151 oszt\u00e1ly\u00fa min\u0151s\u00e9gi kokain<\/b> amelyek alkalmasak tudom\u00e1nyos elemz\u00e9sekre \u00e9s komoly kutat\u00e1si c\u00e9lokra. Fedezzen fel egy olyan term\u00e9ket, amelyet a legnagyobb gondoss\u00e1ggal \u00e9s a legszigor\u00fabb laborat\u00f3riumi k\u00f6r\u00fclm\u00e9nyek k\u00f6z\u00f6tt gy\u00e1rtanak. K\u00f6vetkez\u00e9sk\u00e9ppen ide\u00e1lis v\u00e1laszt\u00e1s az ig\u00e9nyes felhaszn\u00e1l\u00f3k sz\u00e1m\u00e1ra.<\/p>\n<h2>A kokain tisztas\u00e1g\u00e1nak meg\u00e9rt\u00e9se<\/h2>\n<p>Egy vegyi term\u00e9k, k\u00fcl\u00f6n\u00f6sen a kokain s\u00e9rtetlens\u00e9ge nagym\u00e9rt\u00e9kben f\u00fcgg a tisztas\u00e1g\u00e1t\u00f3l. <b>Ez\u00e9rt els\u0151dleges szempontunk, hogy csak nagy tisztas\u00e1g\u00fa anyagokat k\u00edn\u00e1ljunk.<\/b> A Chemgramx meghat\u00e1roz\u00e1sa <b>Cs\u00facsmin\u0151s\u00e9g\u0171 kokain<\/b> szigor\u00fa anyagbeszerz\u00e9si folyamat \u00e9s \u00e1tfog\u00f3 min\u0151s\u00e9gellen\u0151rz\u00e9s r\u00e9v\u00e9n. Ezen k\u00edv\u00fcl garant\u00e1ljuk, hogy minden egyes t\u00e9tel <b>Kutat\u00e1si min\u0151s\u00e9g\u0171 kokain elad\u00f3<\/b> szigor\u00fa laborat\u00f3riumi elemz\u00e9seknek vetik al\u00e1. Ez biztos\u00edtja a prec\u00edz tudom\u00e1nyos munk\u00e1hoz elengedhetetlen k\u00f6vetkezetess\u00e9get. A hiteles k\u00e9miai szerkezet meg\u0151rz\u00e9se \u00e9rdek\u00e9ben ker\u00fclj\u00fck a hosszabb\u00edt\u00f3szereket is.<\/p>\n<h3>Szint\u00e9zis \u00e9s min\u0151s\u00e9gellen\u0151rz\u00e9s<\/h3>\n<p>Elk\u00f6telezetts\u00e9g\u00fcnk <b>Hiteles kokain<\/b> a beszerz\u00e9si forr\u00e1saink gondos kiv\u00e1laszt\u00e1s\u00e1val kezd\u0151dik. Term\u00e9keinket azonban k\u00f6zvetlen\u00fcl a bev\u00e1lt termel\u0151kt\u0151l szerezz\u00fck be, ami m\u00e1r a kezdetekt\u0151l fogva kik\u00fcsz\u00f6b\u00f6li a k\u00f6zvet\u00edt\u0151ket \u00e9s a lehets\u00e9ges szennyez\u0151d\u00e9seket. Ez lehet\u0151v\u00e9 teszi sz\u00e1munkra a teljes nyomon k\u00f6vethet\u0151s\u00e9get \u00e9s az \u00e1tl\u00e1that\u00f3 ell\u00e1t\u00e1si l\u00e1ncot. Ennek eredm\u00e9nyek\u00e9nt minden term\u00e9ket r\u00e9szletesen elemz\u00fcnk, hogy meger\u0151s\u00edts\u00fck az azonoss\u00e1g\u00e1t \u00e9s tisztas\u00e1g\u00e1t. Tov\u00e1bb\u00e1 a legmodernebb analitikai technik\u00e1kat alkalmazzuk annak \u00e9rdek\u00e9ben, hogy \u00d6n csakis a legjobb min\u0151s\u00e9g\u0171 term\u00e9keket kapja. <b>a legjobb el\u00e9rhet\u0151 kokain<\/b> meg\u0151rizve. Ezek az elj\u00e1r\u00e1sok p\u00e1ratlan min\u0151s\u00e9get garant\u00e1lnak.<\/p>\n<h3>Analitikai m\u00f3dszerek a tisztas\u00e1g meghat\u00e1roz\u00e1s\u00e1ra<\/h3>\n<p>Az \u00edg\u00e9rtek megval\u00f3s\u00edt\u00e1sa <b>Laborat\u00f3riumi min\u0151s\u00e9g\u0171 kokain elad\u00f3<\/b> sz\u00e1mos kifinomult analitikai m\u00f3dszerre t\u00e1maszkodunk. K\u00fcl\u00f6n\u00f6sen g\u00e1zkromatogr\u00e1fia-t\u00f6megspektrometri\u00e1t (GC-MS) \u00e9s nagy teljes\u00edtm\u00e9ny\u0171 folyad\u00e9kkromatogr\u00e1fi\u00e1t (HPLC) haszn\u00e1lunk. Ezek a technik\u00e1k nemcsak a kokain tisztas\u00e1g\u00e1nak pontos meghat\u00e1roz\u00e1s\u00e1t teszik lehet\u0151v\u00e9, hanem a nem k\u00edv\u00e1nt mell\u00e9kterm\u00e9kek vagy szennyez\u0151d\u00e9sek legapr\u00f3bb nyomainak azonos\u00edt\u00e1s\u00e1t is. Ennek eredm\u00e9nyek\u00e9nt biztos\u00edtjuk, hogy term\u00e9k\u00fcnk megfeleljen a legmagasabb nemzetk\u00f6zi szabv\u00e1nyoknak. A c\u00e9l az, hogy olyan anyagot biztos\u00edtsunk \u00d6nnek, amelynek k\u00e9miai integrit\u00e1sa vitathatatlan.<\/p>\n<h2>A kokain m\u00f6g\u00f6tti tudom\u00e1ny: hat\u00e1smechanizmus \u00e9s kutat\u00e1si potenci\u00e1l<\/h2>\n<p>A kokain, mint benzoilmetil-ekgonin, egy leny\u0171g\u00f6z\u0151 alkaloid, amely intenz\u00edv idegtudom\u00e1nyi kutat\u00e1sok t\u00e1rgya. Val\u00f3j\u00e1ban els\u0151sorban szerotonin-noradrenalin-dopamin visszav\u00e9tel g\u00e1tl\u00f3k\u00e9nt (SNDRI) m\u0171k\u00f6dik, ami megmagyar\u00e1zza a k\u00f6zponti idegrendszerre gyakorolt \u00f6sszetett hat\u00e1sait. Ezeknek a neurotranszmitter-transzportereknek a pontos blokkol\u00e1sa a szinaptikus hasad\u00e9kban megn\u00f6vekedett koncentr\u00e1ci\u00f3khoz vezet. Ezen t\u00falmen\u0151en e mechanizmusok meg\u00e9rt\u00e9se kulcsfontoss\u00e1g\u00fa a ter\u00e1pi\u00e1k kifejleszt\u00e9s\u00e9hez. A kutat\u00f3k ez\u00e9rt term\u00e9k\u00fcnket olyan vizsg\u00e1latokhoz haszn\u00e1lj\u00e1k, amelyek a neuron\u00e1lis jel\u00e1tviteli utakra \u00e9s a farmakol\u00f3giai v\u00e1laszokra \u00f6sszpontos\u00edtanak.<\/p>\n<h3>Idegtudom\u00e1nyi perspekt\u00edv\u00e1k<\/h3>\n<p>Az idegtudom\u00e1nyi kutat\u00e1sokban a kokain \u00e9rt\u00e9kes eszk\u00f6zk\u00e9nt szolg\u00e1l a jutalmaz\u00e1si rendszerek dinamik\u00e1j\u00e1nak \u00e9s a f\u00fcgg\u0151s\u00e9g kialakul\u00e1s\u00e1nak mechanizmusainak vizsg\u00e1lat\u00e1hoz. E tekintetben egy ilyen nagy tisztas\u00e1g\u00fa anyag haszn\u00e1lata pontos \u00e9s reproduk\u00e1lhat\u00f3 eredm\u00e9nyeket tesz lehet\u0151v\u00e9. A tud\u00f3sok p\u00e9ld\u00e1ul tanulm\u00e1nyozhatj\u00e1k a neuroplaszticit\u00e1sra \u00e9s a g\u00e9nexpresszi\u00f3ra gyakorolt hossz\u00fa t\u00e1v\u00fa hat\u00e1sokat. Emellett betekint\u00e9st ny\u00fajt a m\u00e1s pszichoakt\u00edv anyagokkal val\u00f3 k\u00f6lcs\u00f6nhat\u00e1sokba is. A tudatm\u00f3dos\u00edt\u00f3 anyagok ter\u00fclet\u00e9n a tov\u00e1bbi kutat\u00e1si lehet\u0151s\u00e9gek ir\u00e1nt \u00e9rdekl\u0151d\u0151k sz\u00e1m\u00e1ra aj\u00e1nljuk speci\u00e1lis term\u00e9keinket is, mint p\u00e9ld\u00e1ul a <a href='https:\/\/chemgramx.com\/product\/buddha-boys-thc-gummies-2000mg\/'>Buddha Boys THC gumicukor<\/a>.<\/p>\n<h3>Haszn\u00e1lat kutat\u00e1sban<\/h3>\n<p>A kokain felhaszn\u00e1l\u00e1sa a kutat\u00e1sban sz\u00e1mos tudom\u00e1ny\u00e1gat \u00e9rint, a farmakol\u00f3gi\u00e1t\u00f3l a viselked\u00e9skutat\u00e1sig. Egyed\u00fcl\u00e1ll\u00f3 lehet\u0151s\u00e9geket k\u00edn\u00e1l az \u00f6sszetett biol\u00f3giai folyamatok vizsg\u00e1lat\u00e1ra. A neurotranszmitter-rendszerek modul\u00e1l\u00e1s\u00e1t c\u00e9lz\u00f3 \u00faj gy\u00f3gyszerek \u00e9s ter\u00e1pi\u00e1k kifejleszt\u00e9s\u00e9re is haszn\u00e1lj\u00e1k. K\u00fcl\u00f6n\u00f6sen a specifikus receptorok befoly\u00e1sol\u00e1s\u00e1ra val\u00f3 k\u00e9pess\u00e9ge teszi n\u00e9lk\u00fcl\u00f6zhetetlen reagenss\u00e9. Egy m\u00e1sik, a kutat\u00e1sban nagy \u00e9rdekl\u0151d\u00e9sre sz\u00e1mot tart\u00f3 anyag a <a href='https:\/\/chemgramx.com\/product\/3-mmc-3-methylmethcathinon-online-kaufen\/'>3-MMC (3-metilmetkatinon)<\/a>, analitikai c\u00e9lokra is rendelkez\u00e9sre \u00e1ll. Az ilyen anyagok n\u00e9lk\u00fcl\u00f6zhetetlenek az \u00e9lvonalbeli kutat\u00e1sokhoz.<\/p>\n<h2>Felel\u0151ss\u00e9gteljes kezel\u00e9s \u00e9s jogi szempontok<\/h2>\n<p>A kokain megszerz\u00e9se \u00e9s felhaszn\u00e1l\u00e1sa, m\u00e9g tudom\u00e1nyos c\u00e9lokra is, nagyfok\u00fa felel\u0151ss\u00e9gtudatot \u00e9s az \u00f6sszes jogi szab\u00e1lyoz\u00e1s szigor\u00fa betart\u00e1s\u00e1t ig\u00e9nyli. Rendk\u00edv\u00fcl fontos, hogy mindig tiszt\u00e1ban legyen az adott orsz\u00e1g hat\u00e1lyos szab\u00e1lyoz\u00e1s\u00e1val. Term\u00e9keink <b>kiz\u00e1r\u00f3lag kutat\u00e1si, elemz\u00e9si \u00e9s gy\u0171jt\u00e9si c\u00e9lokra<\/b> \u00e9s nem emberi fogyaszt\u00e1sra sz\u00e1nt\u00e1k. Ennek megfelel\u0151en nem v\u00e1llalunk felel\u0151ss\u00e9get a helytelen haszn\u00e1lat\u00e9rt vagy a helyi t\u00f6rv\u00e9nyek be nem tart\u00e1s\u00e1\u00e9rt. A  c\u00edmre <b>Most online v\u00e1s\u00e1roljon<\/b> biztons\u00e1gos \u00e9s \u00e1tl\u00e1that\u00f3 platformot biztos\u00edtunk.<\/p>\n<h3>Az ir\u00e1nymutat\u00e1soknak val\u00f3 megfelel\u00e9s<\/h3>\n<p>A glob\u00e1lis \u00e9s helyi ir\u00e1nyelveknek val\u00f3 megfelel\u00e9s a Chemgramx sz\u00e1m\u00e1ra nem k\u00e9rd\u00e9ses. Nagy hangs\u00falyt fektet\u00fcnk arra, hogy \u00fcgyfeleink teljes k\u00f6r\u0171 t\u00e1j\u00e9koztat\u00e1st kapjanak a tervezett felhaszn\u00e1l\u00e1si m\u00f3dokr\u00f3l \u00e9s a kapcsol\u00f3d\u00f3 jogi keretfelt\u00e9telekr\u0151l. Ezen t\u00falmen\u0151en t\u00e1mogatjuk \u00d6nt a felel\u0151s beszerz\u00e9sben a k\u00f6vetkez\u0151kben <b>Kutat\u00e1si min\u0151s\u00e9g\u0171 kokain elad\u00f3<\/b>, r\u00e9szletes specifik\u00e1ci\u00f3k \u00e9s elemz\u00e9si tan\u00fas\u00edtv\u00e1nyok beny\u00fajt\u00e1s\u00e1val. A jogszer\u0171 felhaszn\u00e1l\u00e1s v\u00e9gs\u0151 felel\u0151ss\u00e9ge azonban mindig a v\u00e1s\u00e1rl\u00f3t terheli. Ez\u00e9rt k\u00e9rj\u00fck, hogy a megrendel\u00e9s lead\u00e1sa el\u0151tt gondosan ellen\u0151rizze az alkalmazand\u00f3 jogszab\u00e1lyokat. Ez garant\u00e1lja a jogszab\u00e1lynak megfelel\u0151 tranzakci\u00f3t.<\/p>\n<h3>Biztons\u00e1gos \u00e9s diszkr\u00e9t v\u00e1s\u00e1rl\u00e1s<\/h3>\n<p>Az \u00d6n megrendel\u00e9s\u00e9nek diszkr\u00e9ci\u00f3ja \u00e9s biztons\u00e1ga a legf\u0151bb priorit\u00e1sunk. Ez\u00e9rt minden term\u00e9ket semleges csomagol\u00e1sban dolgozunk fel, amely nem enged k\u00f6vetkeztet\u00e9seket levonni a tartalomra vonatkoz\u00f3an. Az \u00d6n mag\u00e1n\u00e9let\u00e9t teh\u00e1t mindenkor v\u00e9dj\u00fck. Anonim fizet\u00e9si lehet\u0151s\u00e9gek sz\u00e9les sk\u00e1l\u00e1j\u00e1t k\u00edn\u00e1ljuk, bele\u00e9rtve az olyan kriptovalut\u00e1kat is, mint a Bitcoin \u00e9s az USDT, hogy megrendel\u00e9se biztons\u00e1gban legyen. <b>Biztons\u00e1gos v\u00e1s\u00e1rl\u00e1s<\/b> a lehet\u0151 legjobb szolg\u00e1ltat\u00e1s biztos\u00edt\u00e1sa \u00e9rdek\u00e9ben. Ha <b>Kokain online rendel\u00e9s<\/b> \u00d6n profit\u00e1lhat optimaliz\u00e1lt folyamatunkb\u00f3l, amely az egyszer\u0171s\u00e9get a legmagasabb biztons\u00e1gi el\u0151\u00edr\u00e1sokkal \u00f6tv\u00f6zi. Biztos lehet benne, hogy k\u00e9r\u00e9s\u00e9t bizalmasan \u00e9s szakszer\u0171en kezelj\u00fck, k\u00fcl\u00f6n\u00f6sen a d\u00f6nt\u00e9s meghozatalakor, <b>v\u00e1s\u00e1roljon a Chemgramx-n\u00e1l<\/b>.<\/p>\n<h2>Gyakran ism\u00e9telt k\u00e9rd\u00e9sek a kokainr\u00f3l<\/h2>\n<ul>\n<li><b>K\u00e9rd\u00e9s:<\/b> Mennyire diszkr\u00e9t a folyamat, amikor <b>Kokain online rendel\u00e9s<\/b> szeretne?<br \/>\n    <b>V\u00e1lasz:<\/b> Folyamatainkat \u00fagy alak\u00edtottuk ki, hogy maximaliz\u00e1ljuk a diszkr\u00e9ci\u00f3t. Minden megrendel\u00e9st semlegesen \u00e9s a tartalomra vagy a felad\u00f3ra val\u00f3 hivatkoz\u00e1s n\u00e9lk\u00fcl dolgozunk fel. Az \u00d6n bizalmas kezel\u00e9se ez\u00e9rt mindig garant\u00e1lt, \u00e9s biztos\u00edtjuk, hogy minden l\u00e9p\u00e9st a legnagyobb gondoss\u00e1ggal hajtunk v\u00e9gre. Ennek eredm\u00e9nyek\u00e9ppen \u00d6n sz\u00e1m\u00edthat a felt\u0171n\u00e9smentes fogad\u00e1sra.<\/li>\n<li><b>K\u00e9rd\u00e9s:<\/b> Ez az. <b>V\u00e1s\u00e1rolj kokaint<\/b> leg\u00e1lis az \u00e9n c\u00e9ljaimra?<br \/>\n    <b>V\u00e1lasz:<\/b> Aj\u00e1nlataink kiz\u00e1r\u00f3lag olyan szem\u00e9lyeknek sz\u00f3lnak, akiknek elemz\u00e9si, kutat\u00e1si \u00e9s gy\u0171jt\u00e9si c\u00e9lokra van sz\u00fcks\u00e9g\u00fck term\u00e9kekre. A megrendel\u00e9s lead\u00e1sa el\u0151tt a v\u00e1s\u00e1rl\u00f3 felel\u0151ss\u00e9ge, hogy ellen\u0151rizze \u00e9s betartsa a helyi \u00e9s nemzeti jogszab\u00e1lyokat. Ez\u00e9rt k\u00e9rj\u00fck, hogy el\u0151zetesen szerezzen be \u00e1tfog\u00f3 t\u00e1j\u00e9koztat\u00e1st.<\/li>\n<li><b>K\u00e9rd\u00e9s:<\/b> Milyen fizet\u00e9si lehet\u0151s\u00e9gek \u00e1llnak rendelkez\u00e9sre <b>tiszta kokain elad\u00f3<\/b> megszerezni?<br \/>\n    <b>V\u00e1lasz:<\/b> Az \u00d6n k\u00e9nyelme \u00e9s biztons\u00e1ga \u00e9rdek\u00e9ben k\u00fcl\u00f6nb\u00f6z\u0151 anonim fizet\u00e9si lehet\u0151s\u00e9geket k\u00edn\u00e1lunk. Ezek k\u00f6z\u00e9 tartoznak a n\u00e9pszer\u0171 kriptovalut\u00e1k, mint a Bitcoin (BTC) \u00e9s az USDT, valamint a banki \u00e1tutal\u00e1s lehet\u0151s\u00e9ge a kiv\u00e1lasztott \u00fcgyfelek sz\u00e1m\u00e1ra. Ezek az opci\u00f3k lehet\u0151v\u00e9 teszik a <b>Biztons\u00e1gos v\u00e1s\u00e1rl\u00e1s<\/b> \u00e9s a maxim\u00e1lis adatv\u00e9delem az \u00d6n tranzakci\u00f3ja sz\u00e1m\u00e1ra.<\/li>\n<\/ul>","protected":false},"excerpt":{"rendered":"<p><span dir=\"auto\">Tiszta, v\u00e1gatlan bol\u00edviai \u00e9s kolumbiai kokaint tartunk rakt\u00e1ron. \u00d6r\u00f6mmel fogadjuk, ha k\u00f6zvetlen\u00fcl t\u0151l\u00fcnk rendel nagy t\u00e9telben.<\/span><\/p>\n<p><span dir=\"auto\">Rendeljen mint\u00e1t itt, vagy l\u00e9pjen kapcsolatba vel\u00fcnk, hogy megbesz\u00e9lj\u00fck a nagyobb megrendel\u00e9seket.<\/span><\/p>","protected":false},"featured_media":7024,"comment_status":"closed","ping_status":"closed","template":"","meta":{"_joinchat":[]},"product_brand":[],"product_cat":[57],"product_tag":[3180,3027,3177],"class_list":{"0":"post-6984","1":"product","2":"type-product","3":"status-publish","4":"has-post-thumbnail","6":"product_cat-cocaine","7":"product_tag-kokain-online-kaufen","8":"product_tag-kokain-zu-verkaufen","9":"product_tag-reines-kokain","11":"first","12":"instock","13":"shipping-taxable","14":"purchasable","15":"product-type-variable"},"yoast_head":"<!-- This site is optimized with the Yoast SEO plugin v27.5 - https:\/\/yoast.com\/product\/yoast-seo-wordpress\/ -->\n<title>Reines, unverschnittenes Kokain - Chemgramx<\/title>\n<meta name=\"description\" content=\"Wir haben reines, unverschnittenes bolivianisches und kolumbianisches Kokain auf Lager. Gro\u00dfbestellungen k\u00f6nnen Sie gerne direkt bei uns bestellen.\" \/>\n<meta name=\"robots\" content=\"index, follow, max-snippet:-1, max-image-preview:large, max-video-preview:-1\" \/>\n<link rel=\"canonical\" href=\"https:\/\/chemgramx.com\/hu\/termek-1\/tiszta-vagatlan-kokain\/\" \/>\n<meta property=\"og:locale\" content=\"hu_HU\" \/>\n<meta property=\"og:type\" content=\"article\" \/>\n<meta property=\"og:title\" content=\"Reines, unverschnittenes Kokain - Chemgramx\" \/>\n<meta property=\"og:description\" content=\"Wir haben reines, unverschnittenes bolivianisches und kolumbianisches Kokain auf Lager. Gro\u00dfbestellungen k\u00f6nnen Sie gerne direkt bei uns bestellen.\" \/>\n<meta property=\"og:url\" content=\"https:\/\/chemgramx.com\/hu\/termek-1\/tiszta-vagatlan-kokain\/\" \/>\n<meta property=\"og:site_name\" content=\"Chemgramx\" \/>\n<meta property=\"article:modified_time\" content=\"2025-12-10T07:10:15+00:00\" \/>\n<meta property=\"og:image\" content=\"https:\/\/chemgramx.com\/wp-content\/uploads\/2025\/11\/powdered-cocaine-300x300-1.jpg\" \/>\n\t<meta property=\"og:image:width\" content=\"300\" \/>\n\t<meta property=\"og:image:height\" content=\"300\" \/>\n\t<meta property=\"og:image:type\" content=\"image\/jpeg\" \/>\n<meta name=\"twitter:card\" content=\"summary_large_image\" \/>\n<meta name=\"twitter:label1\" content=\"Becs\u00fclt olvas\u00e1si id\u0151\" \/>\n\t<meta name=\"twitter:data1\" content=\"2 perc\" \/>\n<script type=\"application\/ld+json\" class=\"yoast-schema-graph\">{\"@context\":\"https:\\\/\\\/schema.org\",\"@graph\":[{\"@type\":\"WebPage\",\"@id\":\"https:\\\/\\\/chemgramx.com\\\/product\\\/reines-unverschnittenes-kokain\\\/\",\"url\":\"https:\\\/\\\/chemgramx.com\\\/product\\\/reines-unverschnittenes-kokain\\\/\",\"name\":\"Reines, unverschnittenes Kokain - Chemgramx\",\"isPartOf\":{\"@id\":\"https:\\\/\\\/chemgramx.com\\\/#website\"},\"primaryImageOfPage\":{\"@id\":\"https:\\\/\\\/chemgramx.com\\\/product\\\/reines-unverschnittenes-kokain\\\/#primaryimage\"},\"image\":{\"@id\":\"https:\\\/\\\/chemgramx.com\\\/product\\\/reines-unverschnittenes-kokain\\\/#primaryimage\"},\"thumbnailUrl\":\"https:\\\/\\\/chemgramx.com\\\/wp-content\\\/uploads\\\/2025\\\/11\\\/powdered-cocaine-300x300-1.jpg\",\"datePublished\":\"2025-11-21T11:11:09+00:00\",\"dateModified\":\"2025-12-10T07:10:15+00:00\",\"description\":\"Wir haben reines, unverschnittenes bolivianisches und kolumbianisches Kokain auf Lager. Gro\u00dfbestellungen k\u00f6nnen Sie gerne direkt bei uns bestellen.\",\"breadcrumb\":{\"@id\":\"https:\\\/\\\/chemgramx.com\\\/product\\\/reines-unverschnittenes-kokain\\\/#breadcrumb\"},\"inLanguage\":\"hu\",\"potentialAction\":[{\"@type\":\"ReadAction\",\"target\":[\"https:\\\/\\\/chemgramx.com\\\/product\\\/reines-unverschnittenes-kokain\\\/\"]}]},{\"@type\":\"ImageObject\",\"inLanguage\":\"hu\",\"@id\":\"https:\\\/\\\/chemgramx.com\\\/product\\\/reines-unverschnittenes-kokain\\\/#primaryimage\",\"url\":\"https:\\\/\\\/chemgramx.com\\\/wp-content\\\/uploads\\\/2025\\\/11\\\/powdered-cocaine-300x300-1.jpg\",\"contentUrl\":\"https:\\\/\\\/chemgramx.com\\\/wp-content\\\/uploads\\\/2025\\\/11\\\/powdered-cocaine-300x300-1.jpg\",\"width\":300,\"height\":300},{\"@type\":\"BreadcrumbList\",\"@id\":\"https:\\\/\\\/chemgramx.com\\\/product\\\/reines-unverschnittenes-kokain\\\/#breadcrumb\",\"itemListElement\":[{\"@type\":\"ListItem\",\"position\":1,\"name\":\"Home\",\"item\":\"https:\\\/\\\/chemgramx.com\\\/\"},{\"@type\":\"ListItem\",\"position\":2,\"name\":\"Shop\",\"item\":\"https:\\\/\\\/chemgramx.com\\\/shop\\\/\"},{\"@type\":\"ListItem\",\"position\":3,\"name\":\"Kokain Kaufen &#8211; Reinstes Produkt Online Erwerben\"}]},{\"@type\":\"WebSite\",\"@id\":\"https:\\\/\\\/chemgramx.com\\\/#website\",\"url\":\"https:\\\/\\\/chemgramx.com\\\/\",\"name\":\"Chemgramx\",\"description\":\"\",\"publisher\":{\"@id\":\"https:\\\/\\\/chemgramx.com\\\/#organization\"},\"potentialAction\":[{\"@type\":\"SearchAction\",\"target\":{\"@type\":\"EntryPoint\",\"urlTemplate\":\"https:\\\/\\\/chemgramx.com\\\/?s={search_term_string}\"},\"query-input\":{\"@type\":\"PropertyValueSpecification\",\"valueRequired\":true,\"valueName\":\"search_term_string\"}}],\"inLanguage\":\"hu\"},{\"@type\":\"Organization\",\"@id\":\"https:\\\/\\\/chemgramx.com\\\/#organization\",\"name\":\"Chemgramx\",\"url\":\"https:\\\/\\\/chemgramx.com\\\/\",\"logo\":{\"@type\":\"ImageObject\",\"inLanguage\":\"hu\",\"@id\":\"https:\\\/\\\/chemgramx.com\\\/#\\\/schema\\\/logo\\\/image\\\/\",\"url\":\"https:\\\/\\\/chemgramx.com\\\/wp-content\\\/uploads\\\/2024\\\/10\\\/final-logo.png\",\"contentUrl\":\"https:\\\/\\\/chemgramx.com\\\/wp-content\\\/uploads\\\/2024\\\/10\\\/final-logo.png\",\"width\":250,\"height\":48,\"caption\":\"Chemgramx\"},\"image\":{\"@id\":\"https:\\\/\\\/chemgramx.com\\\/#\\\/schema\\\/logo\\\/image\\\/\"}}]}<\/script>\n<!-- \/ Yoast SEO plugin. -->","yoast_head_json":{"title":"Tiszta, v\u00e1gatlan kokain - Chemgramx","description":"Tiszta, v\u00e1gatlan bol\u00edviai \u00e9s kolumbiai kokaint tartunk rakt\u00e1ron. \u00d6r\u00f6mmel fogadjuk, ha k\u00f6zvetlen\u00fcl t\u0151l\u00fcnk rendel nagy t\u00e9telben.","robots":{"index":"index","follow":"follow","max-snippet":"max-snippet:-1","max-image-preview":"max-image-preview:large","max-video-preview":"max-video-preview:-1"},"canonical":"https:\/\/chemgramx.com\/hu\/termek-1\/tiszta-vagatlan-kokain\/","og_locale":"hu_HU","og_type":"article","og_title":"Reines, unverschnittenes Kokain - Chemgramx","og_description":"Wir haben reines, unverschnittenes bolivianisches und kolumbianisches Kokain auf Lager. Gro\u00dfbestellungen k\u00f6nnen Sie gerne direkt bei uns bestellen.","og_url":"https:\/\/chemgramx.com\/hu\/termek-1\/tiszta-vagatlan-kokain\/","og_site_name":"Chemgramx","article_modified_time":"2025-12-10T07:10:15+00:00","og_image":[{"width":300,"height":300,"url":"https:\/\/chemgramx.com\/wp-content\/uploads\/2025\/11\/powdered-cocaine-300x300-1.jpg","type":"image\/jpeg"}],"twitter_card":"summary_large_image","twitter_misc":{"Becs\u00fclt olvas\u00e1si id\u0151":"2 perc"},"schema":{"@context":"https:\/\/schema.org","@graph":[{"@type":"WebPage","@id":"https:\/\/chemgramx.com\/product\/reines-unverschnittenes-kokain\/","url":"https:\/\/chemgramx.com\/product\/reines-unverschnittenes-kokain\/","name":"Tiszta, v\u00e1gatlan kokain - Chemgramx","isPartOf":{"@id":"https:\/\/chemgramx.com\/#website"},"primaryImageOfPage":{"@id":"https:\/\/chemgramx.com\/product\/reines-unverschnittenes-kokain\/#primaryimage"},"image":{"@id":"https:\/\/chemgramx.com\/product\/reines-unverschnittenes-kokain\/#primaryimage"},"thumbnailUrl":"https:\/\/chemgramx.com\/wp-content\/uploads\/2025\/11\/powdered-cocaine-300x300-1.jpg","datePublished":"2025-11-21T11:11:09+00:00","dateModified":"2025-12-10T07:10:15+00:00","description":"Tiszta, v\u00e1gatlan bol\u00edviai \u00e9s kolumbiai kokaint tartunk rakt\u00e1ron. \u00d6r\u00f6mmel fogadjuk, ha k\u00f6zvetlen\u00fcl t\u0151l\u00fcnk rendel nagy t\u00e9telben.","breadcrumb":{"@id":"https:\/\/chemgramx.com\/product\/reines-unverschnittenes-kokain\/#breadcrumb"},"inLanguage":"hu","potentialAction":[{"@type":"ReadAction","target":["https:\/\/chemgramx.com\/product\/reines-unverschnittenes-kokain\/"]}]},{"@type":"ImageObject","inLanguage":"hu","@id":"https:\/\/chemgramx.com\/product\/reines-unverschnittenes-kokain\/#primaryimage","url":"https:\/\/chemgramx.com\/wp-content\/uploads\/2025\/11\/powdered-cocaine-300x300-1.jpg","contentUrl":"https:\/\/chemgramx.com\/wp-content\/uploads\/2025\/11\/powdered-cocaine-300x300-1.jpg","width":300,"height":300},{"@type":"BreadcrumbList","@id":"https:\/\/chemgramx.com\/product\/reines-unverschnittenes-kokain\/#breadcrumb","itemListElement":[{"@type":"ListItem","position":1,"name":"Home","item":"https:\/\/chemgramx.com\/"},{"@type":"ListItem","position":2,"name":"Shop","item":"https:\/\/chemgramx.com\/shop\/"},{"@type":"ListItem","position":3,"name":"Kokain Kaufen &#8211; Reinstes Produkt Online Erwerben"}]},{"@type":"WebSite","@id":"https:\/\/chemgramx.com\/#website","url":"https:\/\/chemgramx.com\/","name":"Chemgramx","description":"","publisher":{"@id":"https:\/\/chemgramx.com\/#organization"},"potentialAction":[{"@type":"SearchAction","target":{"@type":"EntryPoint","urlTemplate":"https:\/\/chemgramx.com\/?s={search_term_string}"},"query-input":{"@type":"PropertyValueSpecification","valueRequired":true,"valueName":"search_term_string"}}],"inLanguage":"hu"},{"@type":"Organization","@id":"https:\/\/chemgramx.com\/#organization","name":"Chemgramx","url":"https:\/\/chemgramx.com\/","logo":{"@type":"ImageObject","inLanguage":"hu","@id":"https:\/\/chemgramx.com\/#\/schema\/logo\/image\/","url":"https:\/\/chemgramx.com\/wp-content\/uploads\/2024\/10\/final-logo.png","contentUrl":"https:\/\/chemgramx.com\/wp-content\/uploads\/2024\/10\/final-logo.png","width":250,"height":48,"caption":"Chemgramx"},"image":{"@id":"https:\/\/chemgramx.com\/#\/schema\/logo\/image\/"}}]}},"_links":{"self":[{"href":"https:\/\/chemgramx.com\/hu\/wp-json\/wp\/v2\/product\/6984","targetHints":{"allow":["GET"]}}],"collection":[{"href":"https:\/\/chemgramx.com\/hu\/wp-json\/wp\/v2\/product"}],"about":[{"href":"https:\/\/chemgramx.com\/hu\/wp-json\/wp\/v2\/types\/product"}],"replies":[{"embeddable":true,"href":"https:\/\/chemgramx.com\/hu\/wp-json\/wp\/v2\/comments?post=6984"}],"wp:featuredmedia":[{"embeddable":true,"href":"https:\/\/chemgramx.com\/hu\/wp-json\/wp\/v2\/media\/7024"}],"wp:attachment":[{"href":"https:\/\/chemgramx.com\/hu\/wp-json\/wp\/v2\/media?parent=6984"}],"wp:term":[{"taxonomy":"product_brand","embeddable":true,"href":"https:\/\/chemgramx.com\/hu\/wp-json\/wp\/v2\/product_brand?post=6984"},{"taxonomy":"product_cat","embeddable":true,"href":"https:\/\/chemgramx.com\/hu\/wp-json\/wp\/v2\/product_cat?post=6984"},{"taxonomy":"product_tag","embeddable":true,"href":"https:\/\/chemgramx.com\/hu\/wp-json\/wp\/v2\/product_tag?post=6984"}],"curies":[{"name":"wp","href":"https:\/\/api.w.org\/{rel}","templated":true}]}}