{"id":6987,"date":"2025-11-21T11:11:10","date_gmt":"2025-11-21T11:11:10","guid":{"rendered":"https:\/\/chemgramx.com\/?post_type=product&#038;p=6987"},"modified":"2025-11-21T11:13:06","modified_gmt":"2025-11-21T11:13:06","slug":"3-cmc-3-chlormethcathinone-vasarolni-online","status":"publish","type":"product","link":"https:\/\/chemgramx.com\/hu\/product\/3-cmc-3-chlormethcathinon-online-kaufen\/","title":{"rendered":"V\u00e1s\u00e1rl\u00e1s 3-CMC (3-Chlormethcathinone) online"},"content":{"rendered":"<p><b>V\u00e1s\u00e1roljon 3-CMC (3-kl\u00f3r-metkatinon) online<\/b> az ut\u00f3bbi \u00e9vek egyik legn\u00e9pszer\u0171bb kutat\u00e1si vegyszere. Szintetikus katinonk\u00e9nt \u00e9s a 3-MMC szerkezeti anal\u00f3gjak\u00e9nt egyre nagyobb keresletnek \u00f6rvend. A kutat\u00f3k gyakran d\u00f6ntenek a haszn\u00e1lata mellett, <b>V\u00e1s\u00e1roljon 3-CMC (3-kl\u00f3r-metkatinon) online<\/b>mivel megb\u00edzhat\u00f3 stimul\u00e1l\u00f3 tulajdons\u00e1gokat mutat, \u00e9s sz\u00e1mos tanulm\u00e1nyban alkalmazz\u00e1k.<\/p>\n<p>Wer <b>3-CMC (3-kl\u00f3r-metkatinon) elad\u00f3<\/b> a szakosodott online kiskeresked\u0151kn\u00e9l tesztelt \u00e9s nagy tisztas\u00e1g\u00fa term\u00e9keket tal\u00e1lhat. Az online v\u00e1s\u00e1rl\u00e1s lehet\u0151s\u00e9get ny\u00fajt a tud\u00f3soknak \u00e9s a laborat\u00f3riumoknak, hogy k\u00f6nnyen \u00e9s diszkr\u00e9ten jussanak hozz\u00e1 az anyaghoz.<\/p>\n<h2>Milyen t\u00edpus\u00fa gy\u00f3gyszer a 3-CMC (3-kl\u00f3r-metkatinon)? K\u00e9miai profil<\/h2>\n<p>A 3-CMC (3-kl\u00f3r-metkatinon) egy szintetikus stimul\u00e1ns a katinon oszt\u00e1lyb\u00f3l. A 3-MMC-hez vagy a 4-CMC-hez hasonl\u00f3an saj\u00e1tos farmakol\u00f3giai tulajdons\u00e1gokkal rendelkezik, amelyek k\u00fcl\u00f6n\u00f6sen \u00e9rdekess\u00e9 teszik a kutat\u00e1s sz\u00e1m\u00e1ra.<\/p>\n<h3>K\u00e9miai adatok<\/h3>\n<ul>\n<li><b>K\u00e9miai k\u00e9plet:<\/b> <span class=\"math-inline\" data-math=\"text{C}_{10}text{H}_{12}text{ClNO}\">C}10H12ClNO<\/span><\/li>\n<li><b>Molekulat\u00f6meg:<\/b> 197,66 g\/mol<\/li>\n<li><b>Oszt\u00e1lyoz\u00e1s:<\/b> Stimul\u00e1ns \/ kutat\u00e1si vegyi anyag<\/li>\n<\/ul>\n<p>A kutat\u00f3k gyakran rendelik laborat\u00f3riumi vizsg\u00e1latokhoz, hogy elemezz\u00e9k a neurotranszmitter-rendszerekre gyakorolt hat\u00e1s\u00e1t. <b>Ez\u00e9rt<\/b> a <b>rendel\u00e9s 3-CMC (3-kl\u00f3r-metkatinon)<\/b> tudom\u00e1nyos k\u00f6r\u00f6kben bevett gyakorlat.<\/p>\n<h2>Mi\u00e9rt \u00e9rdemes a 3-CMC-t online rendelni? El\u0151ny\u00f6k \u00e9s beszerz\u00e9si forr\u00e1sok<\/h2>\n<p>A kutat\u00e1si vegyszerek online v\u00e1s\u00e1rl\u00e1sa k\u00fcl\u00f6nleges logisztikai el\u0151ny\u00f6ket k\u00edn\u00e1l a laborat\u00f3riumok \u00e9s a kutat\u00f3k sz\u00e1m\u00e1ra.<\/p>\n<h3>Az online v\u00e1s\u00e1rl\u00e1s el\u0151nyei<\/h3>\n<p>Az online v\u00e1s\u00e1rl\u00e1snak sz\u00e1mos el\u0151nye van:<\/p>\n<ul>\n<li><b>K\u00e9nyelem \u00e9s el\u00e9rhet\u0151s\u00e9g:<\/b> Wer <b>v\u00e1s\u00e1rolni 3-CMC (3-Chlormethcathinone) Online<\/b> a gyors sz\u00e1ll\u00edt\u00e1s \u00e9s az egyszer\u0171 rendel\u00e9s el\u0151nyeit.<\/li>\n<li><b>\u00c1rel\u0151ny\u00f6k:<\/b> \u00c1tl\u00e1tsz\u00f3 <b>3-CMC (3-kl\u00f3r-metkatinon) \u00e1r<\/b> megk\u00f6nny\u00edti a k\u00fcl\u00f6nb\u00f6z\u0151 kiskeresked\u0151k \u00f6sszehasonl\u00edt\u00e1s\u00e1t.<\/li>\n<li><b>Glob\u00e1lis el\u00e9r\u00e9s:<\/b> Nemzetk\u00f6zi kiskeresked\u0151k k\u00edn\u00e1lnak <b>3-CMC (3-Chlormethcathinone) elad\u00f3<\/b> \u00e9s vil\u00e1gszerte sz\u00e1ll\u00edtunk.<\/li>\n<\/ul>\n<h3>Hol lehet 3-CMC-t (3-kl\u00f3rmetkatinont) v\u00e1s\u00e1rolni?<\/h3>\n<p>Kutat\u00f3k, akik felteszik maguknak a k\u00e9rd\u00e9st, <b>hol lehet megv\u00e1s\u00e1rolni a 3-CMC-t (3-kl\u00f3r-metkatinon)<\/b>, komoly aj\u00e1nlatokat tal\u00e1l a k\u00f6vetkez\u0151 forr\u00e1sokb\u00f3l:<\/p>\n<ul>\n<li>Speci\u00e1lis kutat\u00e1si vegyszerforgalmaz\u00f3k laborat\u00f3riumi tan\u00fas\u00edtv\u00e1nyokkal.<\/li>\n<li>Laborat\u00f3riumi kell\u00e9kek ellen\u0151rz\u00f6tt nagy- \u00e9s kiskeresked\u0151i.<\/li>\n<li>Nemzetk\u00f6zi online platformok tesztelt term\u00e9kekkel.<\/li>\n<\/ul>\n<p>A v\u00e1laszt\u00e1s a <b>a legjobb hely, ahol v\u00e1s\u00e1rolni 3-CMC (3-Chlormethcathinone) online<\/b> a k\u00f6vetkez\u0151kt\u0151l f\u00fcgg <a href=\"\/product\/d-tertylone-bestellung-online-kaufen\/\">T\u00e9nyez\u0151k<\/a> mint p\u00e9ld\u00e1ul az \u00e1r, a tisztas\u00e1g \u00e9s a sz\u00e1ll\u00edt\u00e1s gyorsas\u00e1ga.<\/p>\n<h2>Min\u0151s\u00e9g, jog \u00e9s biztons\u00e1g a kezel\u00e9sben<\/h2>\n<p>A min\u0151s\u00e9gbiztos\u00edt\u00e1s \u00e9s a jogszab\u00e1lyoknak val\u00f3 megfelel\u00e9s rendk\u00edv\u00fcl fontos a 3-CMC beszerz\u00e9sekor.<\/p>\n<h3>3-CMC v\u00e1s\u00e1rl\u00e1sakor \u00fcgyeljen a min\u0151s\u00e9gre<\/h3>\n<p>\u00cdgy a <b>3-CMC (3-kl\u00f3r-metkatinon) online rendel\u00e9se<\/b> sikeres, elengedhetetlen, hogy odafigyelj\u00fcnk a min\u0151s\u00e9gre:<\/p>\n<ul>\n<li><b>Ellen\u0151rizze az analitikai tan\u00fas\u00edtv\u00e1nyokat (CoA):<\/b> Ezek bizony\u00edtj\u00e1k a tisztas\u00e1got \u00e9s az \u00f6sszet\u00e9telt.<\/li>\n<li>V\u00e1lasszon j\u00f3 h\u00edr\u0171, pozit\u00edv v\u00e9lem\u00e9nyekkel rendelkez\u0151 keresked\u0151ket.<\/li>\n<li>\u00d3vakodjon a rendk\u00edv\u00fcl alacsony aj\u00e1nlatokt\u00f3l <b>3-CMC (3-kl\u00f3r-metkatinon) \u00e1r<\/b>.<\/li>\n<\/ul>\n<h3>Jogi \u00e9s biztons\u00e1gi szempontok<\/h3>\n<p>V\u00e1s\u00e1rl\u00e1s el\u0151tt fontos ellen\u0151rizni a jogi helyzetet. Egyes orsz\u00e1gokban <b>3-CMC (3-chloromethcathinone) jogi elad\u00f3<\/b>, m\u00edg m\u00e1shol szab\u00e1lyozz\u00e1k vagy tiltj\u00e1k. A v\u00e1s\u00e1rl\u00f3k k\u00f6telesek t\u00e1j\u00e9koz\u00f3dni a helyi jogszab\u00e1lyokr\u00f3l, miel\u0151tt <b>v\u00e1s\u00e1rolni 3-CMC (3-Chlormethcathinone) Online<\/b>.<\/p>\n<p>Biztons\u00e1gi int\u00e9zked\u00e9sek a laborat\u00f3riumi kezel\u00e9shez:<\/p>\n<ul>\n<li>Csak ellen\u0151rz\u00f6tt laborat\u00f3riumi k\u00f6rnyezetben haszn\u00e1lhat\u00f3.<\/li>\n<li>Viseljen v\u00e9d\u0151ruh\u00e1zatot.<\/li>\n<li>H\u0171v\u00f6s, sz\u00e1raz, f\u00e9nyt\u0151l v\u00e9dett helyen t\u00e1rolja.<\/li>\n<\/ul>\n<h2>K\u00f6vetkeztet\u00e9s<\/h2>\n<p><b>V\u00e1s\u00e1roljon 3-CMC-t (3-kl\u00f3r-metkatinon) online megb\u00edzhat\u00f3 forr\u00e1sb\u00f3l. <a href=\"\/product\/d-tertylone-bestellung-online-kaufen\/\">Kutat\u00e1si forr\u00e1s<\/a><\/b> a kutat\u00f3k \u00e9s laborat\u00f3riumok sz\u00e1m\u00e1ra praktikus m\u00f3dja annak, hogy hozz\u00e1f\u00e9rjenek ehhez az \u00e9rdekes anyaghoz. Az online v\u00e1s\u00e1rl\u00e1s k\u00e9nyelmet, tisztess\u00e9ges \u00e1rakat \u00e9s nagy v\u00e1laszt\u00e9kot k\u00edn\u00e1l, de a j\u00f3 h\u00edr\u0171 keresked\u0151 kiv\u00e1laszt\u00e1sa is k\u00f6r\u00fcltekint\u00e9st ig\u00e9nyel.<\/p>\n<p>Ki csod\u00e1lkozik, <b>hol lehet megv\u00e1s\u00e1rolni a 3-CMC-t (3-kl\u00f3r-metkatinon)<\/b>, csak ellen\u0151rz\u00f6tt forr\u00e1sokb\u00f3l rendeljen, ellen\u0151rizze az analitikai tan\u00fas\u00edtv\u00e1nyokat \u00e9s tartsa be a jogi kereteket. Hogyan lehet megtal\u00e1lni a <b>legjobb hely, ahol v\u00e1s\u00e1rolni 3-CMC (3-chloromethcathinone) online<\/b> \u00e9s biztons\u00e1gos, nagy tisztas\u00e1g\u00fa term\u00e9ket nyer kutat\u00e1si c\u00e9lokra.<\/p>","protected":false},"excerpt":{"rendered":"<p><strong>3-CMC (3-kl\u00f3rmetkatinon)<\/strong> egy szintetikus stimul\u00e1ns a katinon oszt\u00e1lyb\u00f3l. Az \u00fagynevezett kutat\u00e1si vegyi anyagok k\u00f6z\u00e9 tartozik, \u00e9s az ut\u00f3bbi \u00e9vekben egyre n\u00e9pszer\u0171bb\u00e9 v\u00e1lt a rekre\u00e1ci\u00f3s drogok k\u00f6r\u00e9ben. Ez az \u00fatmutat\u00f3 r\u00e9szletes \u00e1ttekint\u00e9st ny\u00fajt a 3-CMC-r\u0151l, bele\u00e9rtve annak k\u00e9miai szerkezet\u00e9t, hat\u00e1sait, kock\u00e1zatait \u00e9s jogi st\u00e1tusz\u00e1t.<\/p>","protected":false},"featured_media":7027,"comment_status":"open","ping_status":"closed","template":"","meta":{"_joinchat":[]},"product_brand":[],"product_cat":[49],"product_tag":[487,486,492,480,472,481,469,485,484,467,470,473,468,478,471,483,475,474,482,476,479,477,249,292,488,251,490,491,250,248,489],"class_list":{"0":"post-6987","1":"product","2":"type-product","3":"status-publish","4":"has-post-thumbnail","6":"product_cat-cathinones","7":"product_tag-3-chloromethcathinone","8":"product_tag-3-cmc","9":"product_tag-3-cmc-3-chlormethcathinon","10":"product_tag-3-cmc-analyse","11":"product_tag-3-cmc-anwendung","12":"product_tag-3-cmc-chemie","13":"product_tag-3-cmc-forschung","14":"product_tag-3-cmc-forschungslabor","15":"product_tag-3-cmc-groshandel","16":"product_tag-3-cmc-kaufen","17":"product_tag-3-cmc-labor","18":"product_tag-3-cmc-lagerung","19":"product_tag-3-cmc-lieferant","20":"product_tag-3-cmc-markt","21":"product_tag-3-cmc-preis","22":"product_tag-3-cmc-referenzmaterial","23":"product_tag-3-cmc-risiken","24":"product_tag-3-cmc-sicherheit","25":"product_tag-3-cmc-substanz","26":"product_tag-3-cmc-verfugbarkeit","27":"product_tag-3-cmc-vertrieb","28":"product_tag-3-cmc-vorschriften","29":"product_tag-amphetamin-derivate","30":"product_tag-cathinone","31":"product_tag-chemische-formel-3-cmc","32":"product_tag-gesundheitliche-risiken","33":"product_tag-rechtlicher-status-3-cmc","34":"product_tag-risiken-3-cmc","35":"product_tag-suchtgefahr","36":"product_tag-synthetische-stimulanzien","37":"product_tag-wirkungen-von-3-cmc","39":"first","40":"instock","41":"shipping-taxable","42":"purchasable","43":"product-type-variable"},"yoast_head":"<!-- This site is optimized with the Yoast SEO plugin v27.5 - https:\/\/yoast.com\/product\/yoast-seo-wordpress\/ -->\n<title>3-CMC (3-Chlormethcathinon) Online Kaufen<\/title>\n<meta name=\"description\" content=\"Holen Sie sich 3-CMC (3-Chlormethcathinon) zu erschwinglichen Preisen aus unserem Chemgramx-Shop.\" \/>\n<meta name=\"robots\" content=\"index, follow, max-snippet:-1, max-image-preview:large, max-video-preview:-1\" \/>\n<link rel=\"canonical\" href=\"https:\/\/chemgramx.com\/hu\/termek-1\/3-cmc-3-chlormethcathinone-vasarolni-online\/\" \/>\n<meta property=\"og:locale\" content=\"hu_HU\" \/>\n<meta property=\"og:type\" content=\"article\" \/>\n<meta property=\"og:title\" content=\"3-CMC (3-Chlormethcathinon) Online Kaufen\" \/>\n<meta property=\"og:description\" content=\"Holen Sie sich 3-CMC (3-Chlormethcathinon) zu erschwinglichen Preisen aus unserem Chemgramx-Shop.\" \/>\n<meta property=\"og:url\" content=\"https:\/\/chemgramx.com\/hu\/termek-1\/3-cmc-3-chlormethcathinone-vasarolni-online\/\" \/>\n<meta property=\"og:site_name\" content=\"Chemgramx\" \/>\n<meta property=\"article:modified_time\" content=\"2025-11-21T11:13:06+00:00\" \/>\n<meta property=\"og:image\" content=\"https:\/\/chemgramx.com\/wp-content\/uploads\/2025\/11\/3-CMC-kaufen.webp\" \/>\n\t<meta property=\"og:image:width\" content=\"500\" \/>\n\t<meta property=\"og:image:height\" content=\"500\" \/>\n\t<meta property=\"og:image:type\" content=\"image\/webp\" \/>\n<meta name=\"twitter:card\" content=\"summary_large_image\" \/>\n<meta name=\"twitter:label1\" content=\"Becs\u00fclt olvas\u00e1si id\u0151\" \/>\n\t<meta name=\"twitter:data1\" content=\"3 perc\" \/>\n<script type=\"application\/ld+json\" class=\"yoast-schema-graph\">{\"@context\":\"https:\\\/\\\/schema.org\",\"@graph\":[{\"@type\":\"WebPage\",\"@id\":\"https:\\\/\\\/chemgramx.com\\\/product\\\/3-cmc-3-chlormethcathinon-online-kaufen\\\/\",\"url\":\"https:\\\/\\\/chemgramx.com\\\/product\\\/3-cmc-3-chlormethcathinon-online-kaufen\\\/\",\"name\":\"3-CMC (3-Chlormethcathinon) Online Kaufen\",\"isPartOf\":{\"@id\":\"https:\\\/\\\/chemgramx.com\\\/#website\"},\"primaryImageOfPage\":{\"@id\":\"https:\\\/\\\/chemgramx.com\\\/product\\\/3-cmc-3-chlormethcathinon-online-kaufen\\\/#primaryimage\"},\"image\":{\"@id\":\"https:\\\/\\\/chemgramx.com\\\/product\\\/3-cmc-3-chlormethcathinon-online-kaufen\\\/#primaryimage\"},\"thumbnailUrl\":\"https:\\\/\\\/chemgramx.com\\\/wp-content\\\/uploads\\\/2025\\\/11\\\/3-CMC-kaufen.webp\",\"datePublished\":\"2025-11-21T11:11:10+00:00\",\"dateModified\":\"2025-11-21T11:13:06+00:00\",\"description\":\"Holen Sie sich 3-CMC (3-Chlormethcathinon) zu erschwinglichen Preisen aus unserem Chemgramx-Shop.\",\"breadcrumb\":{\"@id\":\"https:\\\/\\\/chemgramx.com\\\/product\\\/3-cmc-3-chlormethcathinon-online-kaufen\\\/#breadcrumb\"},\"inLanguage\":\"hu\",\"potentialAction\":[{\"@type\":\"ReadAction\",\"target\":[\"https:\\\/\\\/chemgramx.com\\\/product\\\/3-cmc-3-chlormethcathinon-online-kaufen\\\/\"]}]},{\"@type\":\"ImageObject\",\"inLanguage\":\"hu\",\"@id\":\"https:\\\/\\\/chemgramx.com\\\/product\\\/3-cmc-3-chlormethcathinon-online-kaufen\\\/#primaryimage\",\"url\":\"https:\\\/\\\/chemgramx.com\\\/wp-content\\\/uploads\\\/2025\\\/11\\\/3-CMC-kaufen.webp\",\"contentUrl\":\"https:\\\/\\\/chemgramx.com\\\/wp-content\\\/uploads\\\/2025\\\/11\\\/3-CMC-kaufen.webp\",\"width\":500,\"height\":500},{\"@type\":\"BreadcrumbList\",\"@id\":\"https:\\\/\\\/chemgramx.com\\\/product\\\/3-cmc-3-chlormethcathinon-online-kaufen\\\/#breadcrumb\",\"itemListElement\":[{\"@type\":\"ListItem\",\"position\":1,\"name\":\"Home\",\"item\":\"https:\\\/\\\/chemgramx.com\\\/\"},{\"@type\":\"ListItem\",\"position\":2,\"name\":\"Shop\",\"item\":\"https:\\\/\\\/chemgramx.com\\\/shop\\\/\"},{\"@type\":\"ListItem\",\"position\":3,\"name\":\"3-CMC (3-Chlormethcathinon) Online Kaufen\"}]},{\"@type\":\"WebSite\",\"@id\":\"https:\\\/\\\/chemgramx.com\\\/#website\",\"url\":\"https:\\\/\\\/chemgramx.com\\\/\",\"name\":\"Chemgramx\",\"description\":\"\",\"publisher\":{\"@id\":\"https:\\\/\\\/chemgramx.com\\\/#organization\"},\"potentialAction\":[{\"@type\":\"SearchAction\",\"target\":{\"@type\":\"EntryPoint\",\"urlTemplate\":\"https:\\\/\\\/chemgramx.com\\\/?s={search_term_string}\"},\"query-input\":{\"@type\":\"PropertyValueSpecification\",\"valueRequired\":true,\"valueName\":\"search_term_string\"}}],\"inLanguage\":\"hu\"},{\"@type\":\"Organization\",\"@id\":\"https:\\\/\\\/chemgramx.com\\\/#organization\",\"name\":\"Chemgramx\",\"url\":\"https:\\\/\\\/chemgramx.com\\\/\",\"logo\":{\"@type\":\"ImageObject\",\"inLanguage\":\"hu\",\"@id\":\"https:\\\/\\\/chemgramx.com\\\/#\\\/schema\\\/logo\\\/image\\\/\",\"url\":\"https:\\\/\\\/chemgramx.com\\\/wp-content\\\/uploads\\\/2024\\\/10\\\/final-logo.png\",\"contentUrl\":\"https:\\\/\\\/chemgramx.com\\\/wp-content\\\/uploads\\\/2024\\\/10\\\/final-logo.png\",\"width\":250,\"height\":48,\"caption\":\"Chemgramx\"},\"image\":{\"@id\":\"https:\\\/\\\/chemgramx.com\\\/#\\\/schema\\\/logo\\\/image\\\/\"}}]}<\/script>\n<!-- \/ Yoast SEO plugin. -->","yoast_head_json":{"title":"V\u00e1s\u00e1rl\u00e1s 3-CMC (3-Chlormethcathinone) online","description":"Szerezze be a 3-CMC-t (3-kl\u00f3rmetkatinon) megfizethet\u0151 \u00e1ron a Chemgramx \u00fczlet\u00fcnkb\u0151l.","robots":{"index":"index","follow":"follow","max-snippet":"max-snippet:-1","max-image-preview":"max-image-preview:large","max-video-preview":"max-video-preview:-1"},"canonical":"https:\/\/chemgramx.com\/hu\/termek-1\/3-cmc-3-chlormethcathinone-vasarolni-online\/","og_locale":"hu_HU","og_type":"article","og_title":"3-CMC (3-Chlormethcathinon) Online Kaufen","og_description":"Holen Sie sich 3-CMC (3-Chlormethcathinon) zu erschwinglichen Preisen aus unserem Chemgramx-Shop.","og_url":"https:\/\/chemgramx.com\/hu\/termek-1\/3-cmc-3-chlormethcathinone-vasarolni-online\/","og_site_name":"Chemgramx","article_modified_time":"2025-11-21T11:13:06+00:00","og_image":[{"width":500,"height":500,"url":"https:\/\/chemgramx.com\/wp-content\/uploads\/2025\/11\/3-CMC-kaufen.webp","type":"image\/webp"}],"twitter_card":"summary_large_image","twitter_misc":{"Becs\u00fclt olvas\u00e1si id\u0151":"3 perc"},"schema":{"@context":"https:\/\/schema.org","@graph":[{"@type":"WebPage","@id":"https:\/\/chemgramx.com\/product\/3-cmc-3-chlormethcathinon-online-kaufen\/","url":"https:\/\/chemgramx.com\/product\/3-cmc-3-chlormethcathinon-online-kaufen\/","name":"V\u00e1s\u00e1rl\u00e1s 3-CMC (3-Chlormethcathinone) online","isPartOf":{"@id":"https:\/\/chemgramx.com\/#website"},"primaryImageOfPage":{"@id":"https:\/\/chemgramx.com\/product\/3-cmc-3-chlormethcathinon-online-kaufen\/#primaryimage"},"image":{"@id":"https:\/\/chemgramx.com\/product\/3-cmc-3-chlormethcathinon-online-kaufen\/#primaryimage"},"thumbnailUrl":"https:\/\/chemgramx.com\/wp-content\/uploads\/2025\/11\/3-CMC-kaufen.webp","datePublished":"2025-11-21T11:11:10+00:00","dateModified":"2025-11-21T11:13:06+00:00","description":"Szerezze be a 3-CMC-t (3-kl\u00f3rmetkatinon) megfizethet\u0151 \u00e1ron a Chemgramx \u00fczlet\u00fcnkb\u0151l.","breadcrumb":{"@id":"https:\/\/chemgramx.com\/product\/3-cmc-3-chlormethcathinon-online-kaufen\/#breadcrumb"},"inLanguage":"hu","potentialAction":[{"@type":"ReadAction","target":["https:\/\/chemgramx.com\/product\/3-cmc-3-chlormethcathinon-online-kaufen\/"]}]},{"@type":"ImageObject","inLanguage":"hu","@id":"https:\/\/chemgramx.com\/product\/3-cmc-3-chlormethcathinon-online-kaufen\/#primaryimage","url":"https:\/\/chemgramx.com\/wp-content\/uploads\/2025\/11\/3-CMC-kaufen.webp","contentUrl":"https:\/\/chemgramx.com\/wp-content\/uploads\/2025\/11\/3-CMC-kaufen.webp","width":500,"height":500},{"@type":"BreadcrumbList","@id":"https:\/\/chemgramx.com\/product\/3-cmc-3-chlormethcathinon-online-kaufen\/#breadcrumb","itemListElement":[{"@type":"ListItem","position":1,"name":"Home","item":"https:\/\/chemgramx.com\/"},{"@type":"ListItem","position":2,"name":"Shop","item":"https:\/\/chemgramx.com\/shop\/"},{"@type":"ListItem","position":3,"name":"3-CMC (3-Chlormethcathinon) Online Kaufen"}]},{"@type":"WebSite","@id":"https:\/\/chemgramx.com\/#website","url":"https:\/\/chemgramx.com\/","name":"Chemgramx","description":"","publisher":{"@id":"https:\/\/chemgramx.com\/#organization"},"potentialAction":[{"@type":"SearchAction","target":{"@type":"EntryPoint","urlTemplate":"https:\/\/chemgramx.com\/?s={search_term_string}"},"query-input":{"@type":"PropertyValueSpecification","valueRequired":true,"valueName":"search_term_string"}}],"inLanguage":"hu"},{"@type":"Organization","@id":"https:\/\/chemgramx.com\/#organization","name":"Chemgramx","url":"https:\/\/chemgramx.com\/","logo":{"@type":"ImageObject","inLanguage":"hu","@id":"https:\/\/chemgramx.com\/#\/schema\/logo\/image\/","url":"https:\/\/chemgramx.com\/wp-content\/uploads\/2024\/10\/final-logo.png","contentUrl":"https:\/\/chemgramx.com\/wp-content\/uploads\/2024\/10\/final-logo.png","width":250,"height":48,"caption":"Chemgramx"},"image":{"@id":"https:\/\/chemgramx.com\/#\/schema\/logo\/image\/"}}]}},"_links":{"self":[{"href":"https:\/\/chemgramx.com\/hu\/wp-json\/wp\/v2\/product\/6987","targetHints":{"allow":["GET"]}}],"collection":[{"href":"https:\/\/chemgramx.com\/hu\/wp-json\/wp\/v2\/product"}],"about":[{"href":"https:\/\/chemgramx.com\/hu\/wp-json\/wp\/v2\/types\/product"}],"replies":[{"embeddable":true,"href":"https:\/\/chemgramx.com\/hu\/wp-json\/wp\/v2\/comments?post=6987"}],"wp:featuredmedia":[{"embeddable":true,"href":"https:\/\/chemgramx.com\/hu\/wp-json\/wp\/v2\/media\/7027"}],"wp:attachment":[{"href":"https:\/\/chemgramx.com\/hu\/wp-json\/wp\/v2\/media?parent=6987"}],"wp:term":[{"taxonomy":"product_brand","embeddable":true,"href":"https:\/\/chemgramx.com\/hu\/wp-json\/wp\/v2\/product_brand?post=6987"},{"taxonomy":"product_cat","embeddable":true,"href":"https:\/\/chemgramx.com\/hu\/wp-json\/wp\/v2\/product_cat?post=6987"},{"taxonomy":"product_tag","embeddable":true,"href":"https:\/\/chemgramx.com\/hu\/wp-json\/wp\/v2\/product_tag?post=6987"}],"curies":[{"name":"wp","href":"https:\/\/api.w.org\/{rel}","templated":true}]}}