{"id":6999,"date":"2025-11-21T11:11:32","date_gmt":"2025-11-21T11:11:32","guid":{"rendered":"https:\/\/chemgramx.com\/?post_type=product&#038;p=6999"},"modified":"2025-11-21T11:13:07","modified_gmt":"2025-11-21T11:13:07","slug":"2-a1mp-online-vasarlas","status":"publish","type":"product","link":"https:\/\/chemgramx.com\/hu\/product\/2-a1mp-online-kaufen\/","title":{"rendered":"V\u00e1s\u00e1roljon 2-A1MP-t online"},"content":{"rendered":"<p><b>2-A1MP hidroklorid<\/b> (2-amino-metil-1-metil-piperidin) nagy tisztas\u00e1g\u00fa term\u00e9k, <b>analitikai referenciastandard<\/b> \u00e9s a k\u00e9miai oszt\u00e1ly egy leny\u0171g\u00f6z\u0151 tagja, a <a href=\"\/product\/2-a1mp-online-kaufen\/\"><b>Piperidin anal\u00f3gok<\/b><\/a>. Egyedi heterociklusos szerkezet\u00e9nek k\u00f6sz\u00f6nhet\u0151en, amely egy m\u00e1sodlagos \u00e9s egy harmadlagos nitrog\u00e9natomot is tartalmaz, a 2-A1MP kulcsfontoss\u00e1g\u00fa reagens a <b>k\u00e9miai kutat\u00e1s<\/b>a <b>Toxikol\u00f3gia<\/b> \u00e9s a <b>molekul\u00e1ris farmakol\u00f3gia<\/b>. Ez a szabv\u00e1ny alapvet\u0151 fontoss\u00e1g\u00fa azon laborat\u00f3riumok sz\u00e1m\u00e1ra, amelyek a <b>Receptor tev\u00e9kenys\u00e9gek<\/b> \u00e9s <b>Szerkezet-hat\u00e1s \u00f6sszef\u00fcgg\u00e9sek (SAR)<\/b> a nitrog\u00e9ntartalm\u00fa heterociklusos vegy\u00fcletek analitikai m\u00f3dszereit, \u00e9s \u00faj molekul\u00e1k analitikai m\u00f3dszereit.<\/p>\n<p>Ennek megszerz\u00e9se <b>2-A1MP szabv\u00e1nyok<\/b> megt\u00f6rt\u00e9nik <b>kiz\u00e1r\u00f3lag szigor\u00faan tudom\u00e1nyos c\u00e9lokra<\/b> a  oldalon <b>K\u00e9pzett szak\u00e9rt\u0151k<\/b> \u00e9s <b>Akkredit\u00e1lt kutat\u00f3int\u00e9zetek<\/b>. Garant\u00e1ljuk a <b>analitikailag meger\u0151s\u00edtett tisztas\u00e1g\u00fa <span class=\"math-inline\" data-math=\"ge98,%\">98%<\/span><\/b>\u00a0a hidroklorid-s\u00f3, amely az abszol\u00fat alapj\u00e1t k\u00e9pezi a <b>pontos, nyomon k\u00f6vethet\u0151 \u00e9s reproduk\u00e1lhat\u00f3<\/b> Eredm\u00e9nyek a <b>Kromatogr\u00e1fia<\/b> \u00e9s <b>Spektroszk\u00f3pia<\/b> kialakul. Ennek a tisztas\u00e1gnak a biztos\u00edt\u00e1sa kritikus fontoss\u00e1g\u00fa a hamis pozit\u00edv vagy hamis negat\u00edv eredm\u00e9nyek elker\u00fcl\u00e9se \u00e9rdek\u00e9ben a t\u00f6rv\u00e9nysz\u00e9ki elemz\u00e9s sor\u00e1n. Az olyan laborat\u00f3riumok eset\u00e9ben, amelyek <b>2-A1MP Referenciaszabv\u00e1ny<\/b>, <b>Piperidin ellen\u0151rz\u0151 anyag<\/b> vagy <b>analitikai reagensek<\/b> vegyi anyagt\u00e1ruk b\u0151v\u00edt\u00e9s\u00e9hez a legmagasabb min\u0151s\u00e9get \u00e9s glob\u00e1lis megfelel\u0151s\u00e9gi biztons\u00e1got k\u00edn\u00e1ljuk.<\/p>\n<h2>K\u00e9miai \u00e9s analitikai kiv\u00e1l\u00f3s\u00e1g: r\u00e9szletes el\u0151\u00edr\u00e1sok \u00e9s tan\u00fas\u00edt\u00e1s<\/h2>\n<p>A pontos k\u00e9miai jellemz\u00e9s \u00e9s a metrol\u00f3gia a t\u00f6rv\u00e9nysz\u00e9ki \u00e9s analitikai m\u00f3dszerek megb\u00edzhat\u00f3s\u00e1g\u00e1nak sarokk\u00f6vei. A 2-A1MP-t a valid\u00e1l\u00e1shoz pontosan \u00f6ssze kell vetni hiteles\u00edtett szabv\u00e1nyokkal.<\/p>\n<h3>R\u00e9szletes k\u00e9miai azonoss\u00e1g \u00e9s szerkezet<\/h3>\n<p>A 2-A1MP-t az jellemzi, hogy <b>tel\u00edtett piperidingy\u0171r\u0171<\/b> a. A funkcion\u00e1lis csoportok - a <b>Aminometil csoport<\/b> \u00e9s a <b>N-metil szubsztit\u00faci\u00f3<\/b> - nagy \u00e9rdekl\u0151d\u00e9sre tarthatnak sz\u00e1mot a biol\u00f3giai c\u00e9lpontokkal val\u00f3 potenci\u00e1lis k\u00f6lcs\u00f6nhat\u00e1sok miatt. <b>molekul\u00e1ris modellez\u00e9s<\/b> \u00e9s <b>Receptor vizsg\u00e1latok<\/b>.<\/p>\n<ul>\n<li><b>K\u00e9miai oszt\u00e1ly:<\/b> Piperidin-anal\u00f3gok (heterociklikus aminok).<\/li>\n<li><b>N\u00f3menklat\u00fara:<\/b> 2-Aminometil-1-metil-piperidin (gyakran hidroklorid s\u00f3k\u00e9nt).<\/li>\n<li><b>Molekulat\u00f6meg:<\/b> Alapvet\u0151 fontoss\u00e1g\u00fa a gravimetri\u00e1s standardok el\u0151\u00e1ll\u00edt\u00e1s\u00e1hoz \u00e9s a kvadrupolos t\u00f6megspektrom\u00e9terek kalibr\u00e1l\u00e1s\u00e1hoz.<\/li>\n<li><b>Formul\u00e1ci\u00f3:<\/b> Stabil form\u00e1ban kaphat\u00f3 <b>Hidroklorid s\u00f3<\/b> mi a <b>Tart\u00f3ss\u00e1g<\/b> \u00e9s <b>Oldhat\u00f3s\u00e1g<\/b> vizes \u00e9s pol\u00e1ros old\u00f3szerekben (metanol, acetonitril) optimaliz\u00e1lt\u00e1k az analitikai vizsg\u00e1latokhoz.<\/li>\n<li><b>\u00d6sszes\u00edtett \u00e1llapot:<\/b> Nagy tisztas\u00e1g <b>krist\u00e1lyos por<\/b>, optimaliz\u00e1lva a prec\u00edz gravimetrikus m\u00e9rlegel\u00e9shez a k\u00f6vetkez\u0151k szerint <b>ISO 17025 el\u0151\u00edr\u00e1sok<\/b>.<\/li>\n<\/ul>\n<h3>Garant\u00e1lt tisztas\u00e1g \u00e9s nyomon k\u00f6vethet\u0151s\u00e9g a GLP\/ISO sz\u00e1m\u00e1ra<\/h3>\n<p>Biztos\u00edtjuk a tisztas\u00e1got <b><span class=\"math-inline\" data-math=\"ge98,%\">98% <\/span><\/b>amelyet szigor\u00fa, t\u00f6bbf\u00e9le analitikai vizsg\u00e1lati elj\u00e1r\u00e1ssal er\u0151s\u00edtenek meg a legmagasabb analitikai szabv\u00e1nyoknak val\u00f3 megfelel\u00e9s biztos\u00edt\u00e1sa \u00e9rdek\u00e9ben.<\/p>\n<ol start=\"1\">\n<li><b>A tisztas\u00e1g meger\u0151s\u00edt\u00e9se:<\/b> A mennyis\u00e9gi meghat\u00e1roz\u00e1s els\u0151sorban a k\u00f6vetkez\u0151kkel t\u00f6rt\u00e9nik <b>HPLC (nagy teljes\u00edtm\u00e9ny\u0171 folyad\u00e9kkromatogr\u00e1fia)<\/b>. A molekul\u00e1ris azonoss\u00e1got ezen fel\u00fcl a k\u00f6vetkez\u0151kkel hat\u00e1rozz\u00e1k meg <b>GC\/MS<\/b> \u00e9s\/vagy <b>LC-MS\/MS<\/b> meger\u0151s\u00edtette.<\/li>\n<li><b>Elemz\u00e9si tan\u00fas\u00edtv\u00e1ny (CoA):<\/b> R\u00e9szletes <b>CoA<\/b> minden sz\u00e1ll\u00edtm\u00e1nyhoz mell\u00e9kelik, amely tartalmazza a spektr\u00e1lis adatokat, a tisztas\u00e1gi fokozatot \u00e9s a <b>Nyomonk\u00f6vethet\u0151s\u00e9g<\/b> a t\u00e9tel dokument\u00e1l\u00e1sa. Ez a dokumentum sz\u00fcks\u00e9ges a <b>GLP-konform dokument\u00e1ci\u00f3<\/b> \u00e9s az adatok jogi felhaszn\u00e1lhat\u00f3s\u00e1ga.<\/li>\n<li><b>A t\u00e9telek konzisztenci\u00e1ja:<\/b> A minim\u00e1lis <b>A t\u00e9telek v\u00e1ltoz\u00e9konys\u00e1ga<\/b> szigor\u00fa ellen\u0151rz\u00e9sekkel biztos\u00edtj\u00e1k, ami fontos a <b>Hossz\u00fa t\u00e1v\u00fa valid\u00e1l\u00e1s<\/b> a m\u00f3dszereknek d\u00f6nt\u0151 fontoss\u00e1g\u00fa.<\/li>\n<\/ol>\n<h2>\u00a0K\u00f6zponti alkalmaz\u00e1si ter\u00fcletek a kutat\u00e1sban \u00e9s az analitik\u00e1ban<\/h2>\n<p>A 2-A1MP-hidroklorid alapvet\u0151 reagens az olyan laborat\u00f3riumok sz\u00e1m\u00e1ra, amelyek a k\u00f6vetkez\u0151 ter\u00fcletekre specializ\u00e1l\u00f3dtak <b>Analitikai m\u00f3dszerek fejleszt\u00e9se<\/b> \u00e9s a <b>molekul\u00e1ris farmakol\u00f3gia<\/b> \u00faj anyagok.<\/p>\n<h3>Farmakol\u00f3giai \u00e9s receptorvizsg\u00e1latok (molekul\u00e1ris modellez\u00e9s)<\/h3>\n<ul>\n<li><b>Receptor-affinit\u00e1s:<\/b> Vizsg\u00e1lat a <b>K\u00f6t\u0151d\u00e9si affinit\u00e1s<\/b> a k\u00fcl\u00f6nb\u00f6z\u0151 neuroreceptor-alt\u00edpusokon a molekul\u00e1ris hat\u00e1sprofil meghat\u00e1roz\u00e1sa \u00e9s a toxicit\u00e1s el\u0151rejelz\u00e9se \u00e9rdek\u00e9ben.<\/li>\n<li><b>Szerkezet-aktivit\u00e1s \u00f6sszef\u00fcgg\u00e9sek (SAR):<\/b> A 2-A1MP alapszerkezetk\u00e9nt szolg\u00e1l annak szisztematikus vizsg\u00e1lat\u00e1hoz, hogy a piperidingy\u0171r\u0171n v\u00e9gzett helyettes\u00edt\u00e9sek hogyan befoly\u00e1solj\u00e1k a biol\u00f3giai aktivit\u00e1st.<\/li>\n<li><b>Molekul\u00e1ris modellez\u00e9s:<\/b> A kapcsolatot a k\u00f6vetkez\u0151kre haszn\u00e1lj\u00e1k <i>in silico<\/i>-vizsg\u00e1latok a hipotetikus receptork\u00f6t\u0151helyek geometriai illeszked\u00e9s\u00e9nek modellez\u00e9s\u00e9re \u00e9s a potenci\u00e1lis gy\u00f3gyszerjel\u00f6ltek sz\u00e1rmaztat\u00e1s\u00e1ra.<\/li>\n<\/ul>\n<h3>Analitikai m\u00f3dszerfejleszt\u00e9s \u00e9s toxikol\u00f3gia<\/h3>\n<p>A szabv\u00e1ny elengedhetetlen a t\u00f6rv\u00e9nysz\u00e9ki laborat\u00f3riumok sz\u00e1m\u00e1ra, hogy friss\u00edthess\u00e9k adatb\u00e1zisukat \u00e9s b\u0151v\u00edthess\u00e9k m\u00f3dszereiket.<\/p>\n<ul>\n<li><b>A m\u00f3dszer valid\u00e1l\u00e1sa:<\/b> A szabv\u00e1nyt a k\u00f6vetkez\u0151kre haszn\u00e1lj\u00e1k <b>\u00c9rv\u00e9nyes\u00edt\u00e9s<\/b> a  c\u00edmr\u0151l <span class=\"math-inline\" data-math=\"LC-MS\/MS\">LC-MS\/MS<\/span> \u00e9s <span class=\"math-inline\" data-math=\"GC-MS\">GC-MS<\/span>\u00a0M\u00f3dszerek a <b>Azonos\u00edt\u00e1s<\/b> \u00e9s <b>Kvantifik\u00e1l\u00e1s<\/b> \u00faj piperidinanal\u00f3gok. Ez mag\u00e1ban foglalja a k\u00f6vetkez\u0151k meghat\u00e1roz\u00e1s\u00e1t <b>\u00c9rz\u00e9kenys\u00e9g (LOD\/LOQ)<\/b> \u00e9s a <b>M\u00e1trix hat\u00e1sok<\/b>.<\/li>\n<li><b>Adatb\u00e1zis-hivatkoz\u00e1s:<\/b> A 2-A1MP a k\u00f6vetkez\u0151kre szolg\u00e1l <b>analitikai referenciapont<\/b> analitikai spektrumk\u00f6nyvt\u00e1rak l\u00e9trehoz\u00e1s\u00e1ra \u00e9s karbantart\u00e1s\u00e1ra, lehet\u0151v\u00e9 t\u00e9ve az ismeretlen mint\u00e1k gyors azonos\u00edt\u00e1s\u00e1t t\u00f6rv\u00e9nysz\u00e9ki \u00fcgyekben.<\/li>\n<li><b>Anyagcsere-kutat\u00e1s:<\/b> Kezdeti tanulm\u00e1nyok a <b>Metabolitok azonos\u00edt\u00e1sa<\/b> sz\u00fcks\u00e9gesek az anyag leboml\u00e1si profilj\u00e1nak meg\u00e9rt\u00e9s\u00e9hez \u00e9s a toxikol\u00f3giai kimutat\u00e1si ablak kiterjeszt\u00e9s\u00e9hez.<\/li>\n<\/ul>\n<h2>\u00a0Jogi keret \u00e9s laborat\u00f3riumi biztons\u00e1g (glob\u00e1lis megfelel\u00e9s)<\/h2>\n<p>A beszerz\u00e9se \u00e9s kezel\u00e9se <b>ellen\u0151rz\u00f6tt kutat\u00e1si vegyszerek<\/b> a legszigor\u00fabb szab\u00e1lyok vonatkoznak r\u00e1juk, \u00e9s kiz\u00e1r\u00f3lag tudom\u00e1nyos kutat\u00e1sra vannak fenntartva.<\/p>\n<h3>Szab\u00e1lyoz\u00e1si megfelel\u00e9s<\/h3>\n<p>Mivel a 2-A1MP \u00faj vegy\u00fclet, a nemzeti jogszab\u00e1lyoknak val\u00f3 megfelel\u00e9s (pl. <b>NpSG<\/b> N\u00e9metorsz\u00e1gban) \u00e9s a nemzetk\u00f6zi ellen\u0151rz\u00e9si mechanizmusok (pl. a n\u00e9metorsz\u00e1gi <span class=\"math-inline\" data-math=\"CSA\">CSA<\/span>\u00a0az USA-ban) <b>a vev\u0151 \u00e1ltal<\/b> garant\u00e1lt.<\/p>\n<ul>\n<li><b>Kiz\u00e1r\u00f3lag kutat\u00e1s:<\/b> Az \u00e9rt\u00e9kes\u00edt\u00e9s szigor\u00faan a <b>Elemz\u00e9s \u00e9s kutat\u00e1s<\/b> a  oldalon. <b>enged\u00e9lyezett tudom\u00e1nyos int\u00e9zm\u00e9nyek<\/b> korl\u00e1tozott.<\/li>\n<li><b>Vev\u0151i k\u00f6telezetts\u00e9g:<\/b> A v\u00e1s\u00e1rl\u00f3 teljes felel\u0151ss\u00e9get v\u00e1llal az \u00f6sszes <b>helyi \u00e9s nemzetk\u00f6zi jogszab\u00e1lyok<\/b> az ellen\u0151rz\u00f6tt vegyi anyagok behozatal\u00e1ra, birtokl\u00e1s\u00e1ra \u00e9s felhaszn\u00e1l\u00e1s\u00e1ra vonatkoz\u00f3an. A <b>Bizony\u00edt\u00e1si k\u00f6telezetts\u00e9g<\/b> A szab\u00e1lyoz\u00e1si keretnek val\u00f3 megfelel\u00e9s\u00e9rt az \u00e1tvev\u0151 laborat\u00f3rium felel.<\/li>\n<\/ul>\n<h3>Biztons\u00e1gi protokollok \u00e9s t\u00e1rol\u00e1s<\/h3>\n<p>A szigor\u00fa megfelel\u00e9s a <b>Anyagbiztons\u00e1gi adatlap (MSDS)<\/b> k\u00f6telez\u0151.<\/p>\n<ul>\n<li><b>PSA:<\/b> <b>Laborat\u00f3riumi k\u00f6peny, v\u00e9d\u0151szem\u00fcveg<\/b> \u00e9s vegyszer\u00e1ll\u00f3 <b>Keszty\u0171<\/b> k\u00f6telez\u0151.<\/li>\n<li><b>Munkak\u00f6rnyezet:<\/b> A porkezel\u00e9st a k\u00f6vetkez\u0151k szerint kell v\u00e9gezni <b>tan\u00fas\u00edtott szekr\u00e9nyrendszerek<\/b> ker\u00fcl sor.<\/li>\n<li><b>T\u00e1rol\u00e1s:<\/b> <b>H\u0171v\u00f6s, sz\u00e1raz \u00e9s f\u00e9nyt\u0151l v\u00e9dett<\/b> a <b>Analitikai stabilit\u00e1s<\/b> annak biztos\u00edt\u00e1sa \u00e9rdek\u00e9ben, hogy a A <b>Lelt\u00e1roz\u00e1si dokument\u00e1ci\u00f3<\/b> teljes m\u00e9rt\u00e9kben a laborat\u00f3riumi protokollnak (pl. SOP) megfelel\u0151en kell elv\u00e9gezni.<\/li>\n<\/ul>\n<h2>A 2-A1MP referenciastandard beszerz\u00e9se - az \u00d6n partnere az analitikai kiv\u00e1l\u00f3s\u00e1ghoz<\/h2>\n<p>A 2-A1MP-hidrokloridot analitikailag relev\u00e1ns mennyis\u00e9gben k\u00edn\u00e1ljuk: <b>100 mg (referencia minta)<\/b>, <b>500 mg<\/b> \u00e9s <b>1 g<\/b>.<\/p>\n<p><b>K\u00f6telez\u0151 rendel\u00e9si k\u00f6vetelm\u00e9nyek:<\/b><\/p>\n<ol start=\"1\">\n<li>Bizony\u00edt\u00e9k a <b>Enged\u00e9lyez\u00e9s<\/b> a kutat\u00e1si szervezet.<\/li>\n<li>\u00cdr\u00e1sos meger\u0151s\u00edt\u00e9s arr\u00f3l, hogy az anyag <b>kiz\u00e1r\u00f3lag analitikai referencia c\u00e9lokra<\/b> haszn\u00e1lj\u00e1k.<\/li>\n<li>Az elismer\u00e9s a <b>A felel\u0151ss\u00e9g korl\u00e1toz\u00e1sa<\/b> \u00e9s a <b>MSDS<\/b>.<\/li>\n<\/ol>\n<p>Biztons\u00e1gos, jogszab\u00e1lynak megfelel\u0151 \u00e9s gyors megrendel\u00e9shez az \u00d6n <b>2-A1MP Referenciaszabv\u00e1nyok<\/b> garant\u00e1lni a <b>Az analitikai m\u00f3dszerek \u00e9rv\u00e9nyess\u00e9ge<\/b>, k\u00e9rj\u00fck, forduljon hozz\u00e1nk k\u00f6zvetlen\u00fcl.<\/p>","protected":false},"excerpt":{"rendered":"<p><strong>2-A1MP<\/strong> egy nagy tisztas\u00e1g\u00fa, szintetikus vegy\u00fclet, amelyet kifejezetten ig\u00e9nyes tudom\u00e1nyos vizsg\u00e1latokhoz fejlesztettek ki. Stabil k\u00e9miai szerkezet\u00e9nek k\u00f6sz\u00f6nhet\u0151en ide\u00e1lis a gy\u00f3gyszeripari \u00e9s biok\u00e9miai kutat\u00e1sokhoz. <strong>2-A1MP<\/strong> csak laborat\u00f3riumi felhaszn\u00e1l\u00e1sra alkalmas, emberi fogyaszt\u00e1sra nem.<\/p>","protected":false},"featured_media":7029,"comment_status":"open","ping_status":"closed","template":"","meta":{"_joinchat":[]},"product_brand":[],"product_cat":[49],"product_tag":[2192,2200,2198,2199,2193,2197,2195,2196,2194,2182],"class_list":{"0":"post-6999","1":"product","2":"type-product","3":"status-publish","4":"has-post-thumbnail","6":"product_cat-cathinones","7":"product_tag-2-a1mp","8":"product_tag-2-a1mp-chemikalien","9":"product_tag-2-a1mp-forschung","10":"product_tag-2-a1mp-fur-forschung","11":"product_tag-2-a1mp-kaufen","12":"product_tag-2-a1mp-kristalle","13":"product_tag-2-a1mp-online","14":"product_tag-2-a1mp-pulver","15":"product_tag-2-a1mp-zum-verkauf","16":"product_tag-synthetische-chemikalien","18":"first","19":"instock","20":"shipping-taxable","21":"purchasable","22":"product-type-variable"},"yoast_head":"<!-- This site is optimized with the Yoast SEO plugin v27.5 - https:\/\/yoast.com\/product\/yoast-seo-wordpress\/ -->\n<title>Bestes 2-A1MP zu verkaufen \u2013 2-A1MP online Kaufen<\/title>\n<meta name=\"description\" content=\"Suchen Sie nach einer zuverl\u00e4ssigen Quelle, um 2-A1MP online zu kaufen? Ihre Suche endet hier. Bestellen Sie 2-A1MP online in unserem vertrauensw\u00fcrdigen Shop und genie\u00dfen Sie einen nahtlosen Kaufprozess, der auf Ihre Forschungsanforderungen zugeschnitten ist.\" \/>\n<meta name=\"robots\" content=\"index, follow, max-snippet:-1, max-image-preview:large, max-video-preview:-1\" \/>\n<link rel=\"canonical\" href=\"https:\/\/chemgramx.com\/hu\/termek-1\/2-a1mp-online-vasarlas\/\" \/>\n<meta property=\"og:locale\" content=\"hu_HU\" \/>\n<meta property=\"og:type\" content=\"article\" \/>\n<meta property=\"og:title\" content=\"Bestes 2-A1MP zu verkaufen \u2013 2-A1MP online Kaufen\" \/>\n<meta property=\"og:description\" content=\"Suchen Sie nach einer zuverl\u00e4ssigen Quelle, um 2-A1MP online zu kaufen? Ihre Suche endet hier. Bestellen Sie 2-A1MP online in unserem vertrauensw\u00fcrdigen Shop und genie\u00dfen Sie einen nahtlosen Kaufprozess, der auf Ihre Forschungsanforderungen zugeschnitten ist.\" \/>\n<meta property=\"og:url\" content=\"https:\/\/chemgramx.com\/hu\/termek-1\/2-a1mp-online-vasarlas\/\" \/>\n<meta property=\"og:site_name\" content=\"Chemgramx\" \/>\n<meta property=\"article:modified_time\" content=\"2025-11-21T11:13:07+00:00\" \/>\n<meta property=\"og:image\" content=\"https:\/\/chemgramx.com\/wp-content\/uploads\/2025\/11\/2a1mp.png\" \/>\n\t<meta property=\"og:image:width\" content=\"600\" \/>\n\t<meta property=\"og:image:height\" content=\"400\" \/>\n\t<meta property=\"og:image:type\" content=\"image\/png\" \/>\n<meta name=\"twitter:card\" content=\"summary_large_image\" \/>\n<meta name=\"twitter:label1\" content=\"Becs\u00fclt olvas\u00e1si id\u0151\" \/>\n\t<meta name=\"twitter:data1\" content=\"4 perc\" \/>\n<script type=\"application\/ld+json\" class=\"yoast-schema-graph\">{\"@context\":\"https:\\\/\\\/schema.org\",\"@graph\":[{\"@type\":\"WebPage\",\"@id\":\"https:\\\/\\\/chemgramx.com\\\/product\\\/2-a1mp-online-kaufen\\\/\",\"url\":\"https:\\\/\\\/chemgramx.com\\\/product\\\/2-a1mp-online-kaufen\\\/\",\"name\":\"Bestes 2-A1MP zu verkaufen \u2013 2-A1MP online Kaufen\",\"isPartOf\":{\"@id\":\"https:\\\/\\\/chemgramx.com\\\/#website\"},\"primaryImageOfPage\":{\"@id\":\"https:\\\/\\\/chemgramx.com\\\/product\\\/2-a1mp-online-kaufen\\\/#primaryimage\"},\"image\":{\"@id\":\"https:\\\/\\\/chemgramx.com\\\/product\\\/2-a1mp-online-kaufen\\\/#primaryimage\"},\"thumbnailUrl\":\"https:\\\/\\\/chemgramx.com\\\/wp-content\\\/uploads\\\/2025\\\/11\\\/2a1mp.png\",\"datePublished\":\"2025-11-21T11:11:32+00:00\",\"dateModified\":\"2025-11-21T11:13:07+00:00\",\"description\":\"Suchen Sie nach einer zuverl\u00e4ssigen Quelle, um 2-A1MP online zu kaufen? Ihre Suche endet hier. Bestellen Sie 2-A1MP online in unserem vertrauensw\u00fcrdigen Shop und genie\u00dfen Sie einen nahtlosen Kaufprozess, der auf Ihre Forschungsanforderungen zugeschnitten ist.\",\"breadcrumb\":{\"@id\":\"https:\\\/\\\/chemgramx.com\\\/product\\\/2-a1mp-online-kaufen\\\/#breadcrumb\"},\"inLanguage\":\"hu\",\"potentialAction\":[{\"@type\":\"ReadAction\",\"target\":[\"https:\\\/\\\/chemgramx.com\\\/product\\\/2-a1mp-online-kaufen\\\/\"]}]},{\"@type\":\"ImageObject\",\"inLanguage\":\"hu\",\"@id\":\"https:\\\/\\\/chemgramx.com\\\/product\\\/2-a1mp-online-kaufen\\\/#primaryimage\",\"url\":\"https:\\\/\\\/chemgramx.com\\\/wp-content\\\/uploads\\\/2025\\\/11\\\/2a1mp.png\",\"contentUrl\":\"https:\\\/\\\/chemgramx.com\\\/wp-content\\\/uploads\\\/2025\\\/11\\\/2a1mp.png\",\"width\":600,\"height\":400},{\"@type\":\"BreadcrumbList\",\"@id\":\"https:\\\/\\\/chemgramx.com\\\/product\\\/2-a1mp-online-kaufen\\\/#breadcrumb\",\"itemListElement\":[{\"@type\":\"ListItem\",\"position\":1,\"name\":\"Home\",\"item\":\"https:\\\/\\\/chemgramx.com\\\/\"},{\"@type\":\"ListItem\",\"position\":2,\"name\":\"Shop\",\"item\":\"https:\\\/\\\/chemgramx.com\\\/shop\\\/\"},{\"@type\":\"ListItem\",\"position\":3,\"name\":\"2-A1MP Online Kaufen\"}]},{\"@type\":\"WebSite\",\"@id\":\"https:\\\/\\\/chemgramx.com\\\/#website\",\"url\":\"https:\\\/\\\/chemgramx.com\\\/\",\"name\":\"Chemgramx\",\"description\":\"\",\"publisher\":{\"@id\":\"https:\\\/\\\/chemgramx.com\\\/#organization\"},\"potentialAction\":[{\"@type\":\"SearchAction\",\"target\":{\"@type\":\"EntryPoint\",\"urlTemplate\":\"https:\\\/\\\/chemgramx.com\\\/?s={search_term_string}\"},\"query-input\":{\"@type\":\"PropertyValueSpecification\",\"valueRequired\":true,\"valueName\":\"search_term_string\"}}],\"inLanguage\":\"hu\"},{\"@type\":\"Organization\",\"@id\":\"https:\\\/\\\/chemgramx.com\\\/#organization\",\"name\":\"Chemgramx\",\"url\":\"https:\\\/\\\/chemgramx.com\\\/\",\"logo\":{\"@type\":\"ImageObject\",\"inLanguage\":\"hu\",\"@id\":\"https:\\\/\\\/chemgramx.com\\\/#\\\/schema\\\/logo\\\/image\\\/\",\"url\":\"https:\\\/\\\/chemgramx.com\\\/wp-content\\\/uploads\\\/2024\\\/10\\\/final-logo.png\",\"contentUrl\":\"https:\\\/\\\/chemgramx.com\\\/wp-content\\\/uploads\\\/2024\\\/10\\\/final-logo.png\",\"width\":250,\"height\":48,\"caption\":\"Chemgramx\"},\"image\":{\"@id\":\"https:\\\/\\\/chemgramx.com\\\/#\\\/schema\\\/logo\\\/image\\\/\"}}]}<\/script>\n<!-- \/ Yoast SEO plugin. -->","yoast_head_json":{"title":"A legjobb 2-A1MP elad\u00f3 \u2013 V\u00e1s\u00e1roljon 2-A1MP-t online","description":"Megb\u00edzhat\u00f3 forr\u00e1st keres 2-A1MP online v\u00e1s\u00e1rl\u00e1s\u00e1hoz? A keres\u00e9se itt v\u00e9get \u00e9r. Rendelje meg a 2-A1MP-t online megb\u00edzhat\u00f3 \u00e1ruh\u00e1zunkb\u00f3l, \u00e9s \u00e9lvezze a z\u00f6kken\u0151mentes v\u00e1s\u00e1rl\u00e1si folyamatot, amely az \u00d6n kutat\u00e1si ig\u00e9nyeire van szabva.","robots":{"index":"index","follow":"follow","max-snippet":"max-snippet:-1","max-image-preview":"max-image-preview:large","max-video-preview":"max-video-preview:-1"},"canonical":"https:\/\/chemgramx.com\/hu\/termek-1\/2-a1mp-online-vasarlas\/","og_locale":"hu_HU","og_type":"article","og_title":"Bestes 2-A1MP zu verkaufen \u2013 2-A1MP online Kaufen","og_description":"Suchen Sie nach einer zuverl\u00e4ssigen Quelle, um 2-A1MP online zu kaufen? Ihre Suche endet hier. Bestellen Sie 2-A1MP online in unserem vertrauensw\u00fcrdigen Shop und genie\u00dfen Sie einen nahtlosen Kaufprozess, der auf Ihre Forschungsanforderungen zugeschnitten ist.","og_url":"https:\/\/chemgramx.com\/hu\/termek-1\/2-a1mp-online-vasarlas\/","og_site_name":"Chemgramx","article_modified_time":"2025-11-21T11:13:07+00:00","og_image":[{"width":600,"height":400,"url":"https:\/\/chemgramx.com\/wp-content\/uploads\/2025\/11\/2a1mp.png","type":"image\/png"}],"twitter_card":"summary_large_image","twitter_misc":{"Becs\u00fclt olvas\u00e1si id\u0151":"4 perc"},"schema":{"@context":"https:\/\/schema.org","@graph":[{"@type":"WebPage","@id":"https:\/\/chemgramx.com\/product\/2-a1mp-online-kaufen\/","url":"https:\/\/chemgramx.com\/product\/2-a1mp-online-kaufen\/","name":"A legjobb 2-A1MP elad\u00f3 \u2013 V\u00e1s\u00e1roljon 2-A1MP-t online","isPartOf":{"@id":"https:\/\/chemgramx.com\/#website"},"primaryImageOfPage":{"@id":"https:\/\/chemgramx.com\/product\/2-a1mp-online-kaufen\/#primaryimage"},"image":{"@id":"https:\/\/chemgramx.com\/product\/2-a1mp-online-kaufen\/#primaryimage"},"thumbnailUrl":"https:\/\/chemgramx.com\/wp-content\/uploads\/2025\/11\/2a1mp.png","datePublished":"2025-11-21T11:11:32+00:00","dateModified":"2025-11-21T11:13:07+00:00","description":"Megb\u00edzhat\u00f3 forr\u00e1st keres 2-A1MP online v\u00e1s\u00e1rl\u00e1s\u00e1hoz? A keres\u00e9se itt v\u00e9get \u00e9r. Rendelje meg a 2-A1MP-t online megb\u00edzhat\u00f3 \u00e1ruh\u00e1zunkb\u00f3l, \u00e9s \u00e9lvezze a z\u00f6kken\u0151mentes v\u00e1s\u00e1rl\u00e1si folyamatot, amely az \u00d6n kutat\u00e1si ig\u00e9nyeire van szabva.","breadcrumb":{"@id":"https:\/\/chemgramx.com\/product\/2-a1mp-online-kaufen\/#breadcrumb"},"inLanguage":"hu","potentialAction":[{"@type":"ReadAction","target":["https:\/\/chemgramx.com\/product\/2-a1mp-online-kaufen\/"]}]},{"@type":"ImageObject","inLanguage":"hu","@id":"https:\/\/chemgramx.com\/product\/2-a1mp-online-kaufen\/#primaryimage","url":"https:\/\/chemgramx.com\/wp-content\/uploads\/2025\/11\/2a1mp.png","contentUrl":"https:\/\/chemgramx.com\/wp-content\/uploads\/2025\/11\/2a1mp.png","width":600,"height":400},{"@type":"BreadcrumbList","@id":"https:\/\/chemgramx.com\/product\/2-a1mp-online-kaufen\/#breadcrumb","itemListElement":[{"@type":"ListItem","position":1,"name":"Home","item":"https:\/\/chemgramx.com\/"},{"@type":"ListItem","position":2,"name":"Shop","item":"https:\/\/chemgramx.com\/shop\/"},{"@type":"ListItem","position":3,"name":"2-A1MP Online Kaufen"}]},{"@type":"WebSite","@id":"https:\/\/chemgramx.com\/#website","url":"https:\/\/chemgramx.com\/","name":"Chemgramx","description":"","publisher":{"@id":"https:\/\/chemgramx.com\/#organization"},"potentialAction":[{"@type":"SearchAction","target":{"@type":"EntryPoint","urlTemplate":"https:\/\/chemgramx.com\/?s={search_term_string}"},"query-input":{"@type":"PropertyValueSpecification","valueRequired":true,"valueName":"search_term_string"}}],"inLanguage":"hu"},{"@type":"Organization","@id":"https:\/\/chemgramx.com\/#organization","name":"Chemgramx","url":"https:\/\/chemgramx.com\/","logo":{"@type":"ImageObject","inLanguage":"hu","@id":"https:\/\/chemgramx.com\/#\/schema\/logo\/image\/","url":"https:\/\/chemgramx.com\/wp-content\/uploads\/2024\/10\/final-logo.png","contentUrl":"https:\/\/chemgramx.com\/wp-content\/uploads\/2024\/10\/final-logo.png","width":250,"height":48,"caption":"Chemgramx"},"image":{"@id":"https:\/\/chemgramx.com\/#\/schema\/logo\/image\/"}}]}},"_links":{"self":[{"href":"https:\/\/chemgramx.com\/hu\/wp-json\/wp\/v2\/product\/6999","targetHints":{"allow":["GET"]}}],"collection":[{"href":"https:\/\/chemgramx.com\/hu\/wp-json\/wp\/v2\/product"}],"about":[{"href":"https:\/\/chemgramx.com\/hu\/wp-json\/wp\/v2\/types\/product"}],"replies":[{"embeddable":true,"href":"https:\/\/chemgramx.com\/hu\/wp-json\/wp\/v2\/comments?post=6999"}],"wp:featuredmedia":[{"embeddable":true,"href":"https:\/\/chemgramx.com\/hu\/wp-json\/wp\/v2\/media\/7029"}],"wp:attachment":[{"href":"https:\/\/chemgramx.com\/hu\/wp-json\/wp\/v2\/media?parent=6999"}],"wp:term":[{"taxonomy":"product_brand","embeddable":true,"href":"https:\/\/chemgramx.com\/hu\/wp-json\/wp\/v2\/product_brand?post=6999"},{"taxonomy":"product_cat","embeddable":true,"href":"https:\/\/chemgramx.com\/hu\/wp-json\/wp\/v2\/product_cat?post=6999"},{"taxonomy":"product_tag","embeddable":true,"href":"https:\/\/chemgramx.com\/hu\/wp-json\/wp\/v2\/product_tag?post=6999"}],"curies":[{"name":"wp","href":"https:\/\/api.w.org\/{rel}","templated":true}]}}