{"id":7003,"date":"2025-11-21T11:11:33","date_gmt":"2025-11-21T11:11:33","guid":{"rendered":"https:\/\/chemgramx.com\/?post_type=product&#038;p=7003"},"modified":"2025-11-21T11:13:20","modified_gmt":"2025-11-21T11:13:20","slug":"4-vasarolni-mprc-online","status":"publish","type":"product","link":"https:\/\/chemgramx.com\/hu\/product\/4-mprc-online-kaufen\/","title":{"rendered":"4-MPrC online v\u00e1s\u00e1rl\u00e1sa"},"content":{"rendered":"<p><b>4-MPrC hidroklorid<\/b> (4-metilfenil-fenilprop\u00e1n-2-amin) egy olyan <b>Pr\u00e9mium <a href=\"\/product\/4f-pentedrone-online-kaufen\/\">Analitikai<\/a> Referenciaszabv\u00e1ny<\/b> a fontos k\u00e9miai oszt\u00e1lyba tartoz\u00f3 <b>Feniletilamin<\/b>. Ez a molekula szerkezetileg sz\u00e1mos, a t\u00f6rv\u00e9nysz\u00e9ki orvostudom\u00e1ny szempontj\u00e1b\u00f3l relev\u00e1ns stimul\u00e1nssal \u00e1ll rokons\u00e1gban, ami n\u00e9lk\u00fcl\u00f6zhetetlen referenci\u00e1v\u00e1 teszi a t\u00f6rv\u00e9nysz\u00e9ki orvostudom\u00e1nyban. <b>toxikol\u00f3giai \u00e9s t\u00f6rv\u00e9nysz\u00e9ki elemz\u00e9s<\/b> k\u00e9pviseli. Speci\u00e1lis molekul\u00e1ris szignat\u00far\u00e1ja lehet\u0151v\u00e9 teszi a pontos kalibr\u00e1l\u00e1st \u00e9s differenci\u00e1l\u00e1st a folyamatosan fejl\u0151d\u0151 <b>\u00faj pszichoakt\u00edv anyagok (NPS)<\/b>.<\/p>\n<p>Ennek az eloszl\u00e1sa <b>4-MPrC szabv\u00e1nyok<\/b> szigor\u00faan szab\u00e1lyozott, \u00e9s a k\u00f6vetkez\u0151kre ker\u00fcl sor <b>kiz\u00e1r\u00f3lag ellen\u0151rz\u00f6tt, tudom\u00e1nyos c\u00e9lokra<\/b> a  oldalon <b>K\u00e9pzett szak\u00e9rt\u0151k<\/b> a  oldalon. <b>enged\u00e9lyezett \u00e9s akkredit\u00e1lt kutat\u00f3int\u00e9zetek<\/b>. Garant\u00e1ljuk a <b>analitikailag meger\u0151s\u00edtett tisztas\u00e1g\u00fa <span class=\"math-inline\" data-math=\"ge98,%\">98%<\/span><\/b>\u00a0a hidroklorid-s\u00f3, a hidroklorid-s\u00f3 alapvet\u0151 el\u0151felt\u00e9tele a <b>\u00c9rv\u00e9nyess\u00e9g<\/b> \u00e9s <b>Reproduk\u00e1lhat\u00f3s\u00e1g<\/b> a rendk\u00edv\u00fcl \u00e9rz\u00e9keny <b>kromatogr\u00e1fi\u00e1s<\/b> \u00e9s <b>spektroszk\u00f3piai<\/b> M\u00e9retek. Olyan laborat\u00f3riumok sz\u00e1m\u00e1ra, amelyeknek megb\u00edzhat\u00f3 <b>Feniletilamin ellen\u0151rz\u0151 standard<\/b> vagy <b>4-MPrC referenciaanyag<\/b> a legmagasabb tudom\u00e1nyos \u00e9s jogi norm\u00e1k alapj\u00e1t biztos\u00edtjuk.<\/p>\n<h2>\u00a0Analitikai kiv\u00e1l\u00f3s\u00e1g: k\u00e9miai el\u0151\u00edr\u00e1sok \u00e9s min\u0151s\u00e9gbiztos\u00edt\u00e1s a legmagasabb szinten<\/h2>\n<p>A referenciaanyag integrit\u00e1sa minden \u00e9rv\u00e9nyes analitikai m\u00f3dszer sarokk\u00f6ve. A 4-MPrC pontos jellemz\u00e9se d\u00f6nt\u0151 fontoss\u00e1g\u00fa az izomerek \u00e9s szerkezeti anal\u00f3gok megk\u00fcl\u00f6nb\u00f6ztet\u00e9s\u00e9hez, amelyeket gyakran csak minim\u00e1lis szubsztit\u00faci\u00f3s k\u00fcl\u00f6nbs\u00e9gek jellemeznek.<\/p>\n<h3>R\u00e9szletes k\u00e9miai jellemz\u00e9s \u00e9s anyagjellemz\u0151k<\/h3>\n<p>A 4-MPrC a k\u00f6vetkez\u0151 oszt\u00e1lyba tartozik <b>Feniletilamin<\/b>, amelynek alapszerkezete egy fenilgy\u0171r\u0171b\u0151l \u00e9s egy etilaminl\u00e1ncb\u00f3l \u00e1ll. A fenilgy\u0171r\u0171 4-poz\u00edci\u00f3j\u00e1ban l\u00e9v\u0151 metil-szubsztit\u00faci\u00f3 felel\u0151s a molekula saj\u00e1tos k\u00e9miai \u00e9s metabolikus tulajdons\u00e1gai\u00e9rt, ez\u00e9rt pontosan elemezni kell.<\/p>\n<ul>\n<li><b>K\u00e9miai oszt\u00e1ly:<\/b> Szubsztitu\u00e1lt feniletilaminok.<\/li>\n<li><b>N\u00f3menklat\u00fara:<\/b> 4-metilfenilpropan-2-amin (hidroklorid s\u00f3k\u00e9nt).<\/li>\n<li><b>Molekulat\u00f6meg:<\/b> Alapvet\u0151 fontoss\u00e1g\u00fa a standard oldatok gravimetrikus \u00e9s volumetrikus el\u0151\u00e1ll\u00edt\u00e1s\u00e1hoz.<\/li>\n<li><b>Formul\u00e1ci\u00f3:<\/b> Stabil form\u00e1ban kaphat\u00f3 <b>Hidroklorid s\u00f3<\/b> ami azt jelenti, hogy a megn\u00f6vekedett <b>Tart\u00f3ss\u00e1g<\/b> \u00e9s <b>j\u00f3 oldhat\u00f3s\u00e1g<\/b> pol\u00e1ros old\u00f3szerekben (metanol, vizes pufferek) a k\u00f6vetkez\u0151 esetekben <span class=\"math-inline\" data-math=\"LC-MS\/MS\">LC-MS\/MS<\/span>-vizsg\u00e1latok garant\u00e1ltak.<\/li>\n<li><b>\u00d6sszes\u00edtett \u00e1llapot:<\/b> Nagy tisztas\u00e1g, <b>krist\u00e1lyos por<\/b>, optimaliz\u00e1lva a prec\u00edz gravimetrikus m\u00e9rlegel\u00e9shez a k\u00f6vetkez\u0151k szerint <b>ISO 17025 el\u0151\u00edr\u00e1sok<\/b>.<\/li>\n<\/ul>\n<h3>Garant\u00e1lt tisztas\u00e1g \u00e9s dokument\u00e1ci\u00f3 laborat\u00f3riumok sz\u00e1m\u00e1ra<\/h3>\n<p>A tisztas\u00e1g ir\u00e1nti elk\u00f6telezetts\u00e9g\u00fcnk <b><span class=\"math-inline\" data-math=\"ge98,%\">98%<\/span><\/b>\u00a0redund\u00e1ns, analitikus m\u00f3dszerek biztos\u00edtj\u00e1k, amelyek megfelelnek a k\u00f6vetkez\u0151kre vonatkoz\u00f3 k\u00f6vetelm\u00e9nyeknek <b>GLP<\/b> \u00e9s <b>ISO 17025<\/b> fel\u00fclm\u00falni.<\/p>\n<ol start=\"1\">\n<li><b>Els\u0151dleges tisztas\u00e1gi meger\u0151s\u00edt\u00e9s:<\/b> A tisztas\u00e1got els\u0151sorban a k\u00f6vetkez\u0151kkel hat\u00e1rozz\u00e1k meg <b>HPLC (nagy teljes\u00edtm\u00e9ny\u0171 folyad\u00e9kkromatogr\u00e1fia)<\/b> fotometrikus detekt\u00e1l\u00e1ssal (UV\/DAD) sz\u00e1mszer\u0171s\u00edtett\u00fck. Ez biztos\u00edtja az \u00f6sszes ill\u00e9kony \u00e9s nem ill\u00e9kony szennyez\u0151d\u00e9s pontos kimutat\u00e1s\u00e1t.<\/li>\n<li><b>M\u00e1sodlagos molekul\u00e1ris azonos\u00edt\u00e1s:<\/b> A molekul\u00e1ris azonoss\u00e1got legal\u00e1bb k\u00e9t f\u00fcggetlen m\u00f3dszerrel igazolj\u00e1k: <b>G\u00e1zkromatogr\u00e1fia-t\u00f6megspektrometria (GC\/MS)<\/b> \u00e9s <b>Folyad\u00e9kkromatogr\u00e1fia-tandem t\u00f6megspektrometria (LC-MS\/MS)<\/b>. A <b>jellegzetes fragmentumionok<\/b> \u00e9s <b>spektr\u00e1lis jelek<\/b> elengedhetetlenek a t\u00f6rv\u00e9nysz\u00e9ki adatb\u00e1zisok l\u00e9trehoz\u00e1s\u00e1hoz.<\/li>\n<li><b>\u00c1tfog\u00f3 analitikai tan\u00fas\u00edtv\u00e1ny (CoA):<\/b> Minden t\u00e9tel tartalmaz egy r\u00e9szletes <b>CoA<\/b>, a spektr\u00e1lis adatok, a tisztas\u00e1gi \u00e9rt\u00e9kel\u00e9s \u00e9s a <b>Nyomonk\u00f6vethet\u0151s\u00e9g<\/b> a szint\u00e9zis t\u00e9tel.<\/li>\n<li><b>A t\u00e9telek konzisztenci\u00e1ja:<\/b> A szabv\u00e1nyos\u00edtott gy\u00e1rt\u00e1si \u00e9s tiszt\u00edt\u00e1si folyamatoknak k\u00f6sz\u00f6nhet\u0151en minim\u00e1lis hullad\u00e9kot garant\u00e1lunk. <b>A t\u00e9telek v\u00e1ltoz\u00e9konys\u00e1ga<\/b>, amelyek felel\u0151sek a <b>Hossz\u00fa t\u00e1v\u00fa valid\u00e1l\u00e1s<\/b> \u00e9s a <b>\u00c9rv\u00e9nyess\u00e9g<\/b> a m\u00e9r\u00e9sek k\u00fcl\u00f6nb\u00f6z\u0151 referenciapontokon t\u00f6rt\u00e9n\u0151 \u00f6sszehasonl\u00edt\u00e1sa d\u00f6nt\u0151 fontoss\u00e1g\u00fa.<\/li>\n<\/ol>\n<h2>\u00a0K\u00f6zponti alkalmaz\u00e1si ter\u00fcletek a kutat\u00e1sban \u00e9s az analitik\u00e1ban<\/h2>\n<p>A 4-MPrC-hidroklorid alapvet\u0151 reagens az olyan laborat\u00f3riumok sz\u00e1m\u00e1ra, amelyek a k\u00f6vetkez\u0151 anyagokkal dolgoznak <b>Anyagcsere<\/b> \u00e9s a <b>Analitikai m\u00f3dszerek fejleszt\u00e9se<\/b> szintetikus stimul\u00e1nsok eset\u00e9ben.<\/p>\n<h3>T\u00f6rv\u00e9nysz\u00e9ki toxikol\u00f3gia, kalibr\u00e1l\u00e1s \u00e9s min\u0151s\u00e9gellen\u0151rz\u00e9s<\/h3>\n<p>A szabv\u00e1ny alapvet\u0151 fontoss\u00e1g\u00fa azon laborat\u00f3riumok sz\u00e1m\u00e1ra, amelyek kritikus esetekben elemeznek mint\u00e1kat (pl. k\u00f6zleked\u00e9si toxikol\u00f3gia, post mortem elemz\u00e9sek).<\/p>\n<ul>\n<li><b>A m\u00f3dszer valid\u00e1l\u00e1sa:<\/b> A szabv\u00e1nyt a k\u00f6vetkez\u0151kre haszn\u00e1lj\u00e1k <b>\u00c9rv\u00e9nyes\u00edt\u00e9s<\/b> a  c\u00edmr\u0151l <span class=\"math-inline\" data-math=\"LC-MS\/MS\">LC-MS\/MS<\/span>\u00a0\u00e9s <span class=\"math-inline\" data-math=\"GC-MS\">GC-MS<\/span>\u00a0A biztons\u00e1gos <b>Azonos\u00edt\u00e1s<\/b> \u00e9s <b>Kvantifik\u00e1l\u00e1s<\/b> a feniletilaminok biol\u00f3giai mint\u00e1kban t\u00f6rt\u00e9n\u0151 kimutat\u00e1s\u00e1ra. A meghat\u00e1roz\u00e1s a <b>Szelektivit\u00e1s<\/b> (az izomerekhez k\u00e9pest) \u00e9s a <b>M\u00e1trix hat\u00e1sok<\/b> itt kiemelked\u0151 jelent\u0151s\u00e9g\u0171.<\/li>\n<li><b>Kalibr\u00e1l\u00e1s:<\/b> A nagy tisztas\u00e1g\u00fa anyagot prec\u00edz, line\u00e1ris, egyenes vonal\u00fa <b>Kalibr\u00e1ci\u00f3s g\u00f6rb\u00e9k<\/b> amely az alacsony nanogrammos tartom\u00e1nyban l\u00e9v\u0151 koncentr\u00e1ci\u00f3k pontos meghat\u00e1roz\u00e1s\u00e1nak alapja a t\u00f6rv\u00e9nysz\u00e9ki m\u00e1trixokban.<\/li>\n<li><b>Eszk\u00f6zhangol\u00e1s \u00e9s min\u0151s\u00e9gellen\u0151rz\u00e9s:<\/b> A 4-MPrC szolg\u00e1l <b>Referenciapont<\/b> a napi hangol\u00e1shoz \u00e9s <b>Teljes\u00edtm\u00e9nyellen\u0151rz\u00e9s<\/b> az \u00e9rz\u00e9keny t\u00f6megspektrom\u00e9terek \u00e9s a rutinm\u00e9r\u00e9sek pozit\u00edv kontroll standardjak\u00e9nt.<\/li>\n<\/ul>\n<h3>Farmakol\u00f3giai \u00e9s anyagcsere-kutat\u00e1s (halad\u00f3 tanulm\u00e1nyok)<\/h3>\n<p>A kutat\u00e1s 4-MPrC-t haszn\u00e1l a 4-metil-szubsztit\u00faci\u00f3 farmakol\u00f3giai profilra gyakorolt hat\u00e1s\u00e1nak vizsg\u00e1lat\u00e1ra m\u00e1s feniletilaminokhoz k\u00e9pest.<\/p>\n<ul>\n<li><b>Neurotranszmitter-vizsg\u00e1latok:<\/b> A molekul\u00e1ris kutat\u00e1sok vizsg\u00e1lj\u00e1k a <b>Affinit\u00e1s<\/b> \u00e9s <b>Potencia<\/b> a  oldalon <b>Dopamin, noradrenalin \u00e9s szerotonin transzporterek<\/b> a modellez\u00e9shez a <i>in silico<\/i> \u00e9s <i>in vitro<\/i> farmakol\u00f3giai aktivit\u00e1s.<\/li>\n<li><b>Anyagcsere-azonos\u00edt\u00e1s:<\/b> \u00c1tfog\u00f3 <b><span class=\"math-inline\" data-math=\"In\">A  oldalon.<\/span>\u00a0<span class=\"math-inline\" data-math=\"vitro\">vitro<\/span>-Tanulm\u00e1nyok<\/b> (pl. rekombin\u00e1ns P450 enzimek felhaszn\u00e1l\u00e1s\u00e1val), az \u00f6sszes els\u0151dleges \u00e9s m\u00e1sodlagos enzimet <b>Metabolitok<\/b> a 4-MPrC-t azonos\u00edtott\u00e1k \u00e9s szerkezet\u00fcket meger\u0151s\u00edtett\u00e9k. E metabolitprofilok pontos ismerete elengedhetetlen az anyag kriminalisztikai kimutathat\u00f3s\u00e1g\u00e1hoz, m\u00e9g j\u00f3val a fogyaszt\u00e1s ut\u00e1n is.<\/li>\n<\/ul>\n<h2>\u00a0Jogi keret \u00e9s laborat\u00f3riumi biztons\u00e1g<\/h2>\n<p>A beszerz\u00e9se \u00e9s kezel\u00e9se <b>ellen\u0151rz\u00f6tt kutat\u00e1si vegyszerek<\/b> a legszigor\u00fabb szab\u00e1lyok vonatkoznak r\u00e1juk, \u00e9s kiz\u00e1r\u00f3lag tudom\u00e1nyos kutat\u00e1sra vannak fenntartva.<\/p>\n<h3>Szab\u00e1lyoz\u00e1si megfelel\u00e9s \u00e9s felel\u0151ss\u00e9g<\/h3>\n<p>Mivel a 4-MPrC-t sz\u00e1mos jogrendszerben elismert <b>szab\u00e1lyozott anyag<\/b> (pl. a <b>NpSG<\/b>), a forgalmaz\u00e1s szigor\u00faan szab\u00e1lyozott.<\/p>\n<ul>\n<li><b>Kiz\u00e1r\u00f3lag kutat\u00e1s:<\/b> Az \u00e9rt\u00e9kes\u00edt\u00e9s szigor\u00faan a <b>Elemz\u00e9s \u00e9s kutat\u00e1s<\/b> a  oldalon. <b>enged\u00e9lyezett tudom\u00e1nyos int\u00e9zm\u00e9nyek<\/b> korl\u00e1tozott. B\u00e1rmilyen m\u00e1s felhaszn\u00e1l\u00e1s nem megengedett.<\/li>\n<li><b>Vev\u0151i k\u00f6telezetts\u00e9g:<\/b> A v\u00e1s\u00e1rl\u00f3 teljes felel\u0151ss\u00e9get v\u00e1llal az \u00f6sszes <b>helyi \u00e9s nemzetk\u00f6zi jogszab\u00e1lyok<\/b> az ellen\u0151rz\u00f6tt vegyi anyagok behozatal\u00e1ra, birtokl\u00e1s\u00e1ra \u00e9s felhaszn\u00e1l\u00e1s\u00e1ra vonatkoz\u00f3an.<\/li>\n<\/ul>\n<h3>Biztons\u00e1gi protokollok a laborat\u00f3riumi felhaszn\u00e1l\u00f3k sz\u00e1m\u00e1ra<\/h3>\n<p>A szigor\u00fa megfelel\u00e9s a <b>Anyagbiztons\u00e1gi adatlap (MSDS)<\/b> k\u00f6telez\u0151.<\/p>\n<ul>\n<li><b>PSA:<\/b> <b>Laborat\u00f3riumi k\u00f6peny, v\u00e9d\u0151szem\u00fcveg<\/b> \u00e9s vegyszer\u00e1ll\u00f3 <b>Keszty\u0171<\/b> k\u00f6telez\u0151.<\/li>\n<li><b>Munkak\u00f6rnyezet:<\/b> A por kezel\u00e9s\u00e9t \u00e9s az oldat elk\u00e9sz\u00edt\u00e9s\u00e9t a k\u00f6vetkez\u0151 felt\u00e9telek mellett kell v\u00e9gezni <b>tan\u00fas\u00edtott szekr\u00e9nyrendszerek<\/b> ker\u00fcl sor.<\/li>\n<li><b>T\u00e1rol\u00e1s:<\/b> <b>Kir\u00e1ly (<span class=\"math-inline\" data-math=\"text{2\u20138 \u00b0C}\">2-8 \u00b0C<\/span>), sz\u00e1raz \u00e9s f\u00e9nyt\u0151l v\u00e9dett<\/b>optimaliz\u00e1lni a <b>Analitikai stabilit\u00e1s<\/b> annak biztos\u00edt\u00e1sa \u00e9rdek\u00e9ben, hogy.<\/li>\n<\/ul>\n<h2>\u00a0A 4-MPrC referenciastandard beszerz\u00e9se<\/h2>\n<p>A 4-MPrC-hidrokloridot a k\u00f6vetkez\u0151 analitikailag relev\u00e1ns mennyis\u00e9gekben k\u00edn\u00e1ljuk: <b>100 mg (referencia minta)<\/b>, <b>500 mg<\/b> \u00e9s <b>1 g<\/b>.<\/p>\n<p><b>Rendel\u00e9si k\u00f6vetelm\u00e9nyek:<\/b><\/p>\n<ol start=\"1\">\n<li>Bizony\u00edt\u00e9k a <b>Enged\u00e9lyez\u00e9s<\/b> a kutat\u00e1si szervezet.<\/li>\n<li>\u00cdr\u00e1sos meger\u0151s\u00edt\u00e9s arr\u00f3l, hogy az anyag <b>kiz\u00e1r\u00f3lag analitikai referencia c\u00e9lokra<\/b> haszn\u00e1lj\u00e1k.<\/li>\n<li>Az elismer\u00e9s a <b>A felel\u0151ss\u00e9g korl\u00e1toz\u00e1sa<\/b> \u00e9s a <b>MSDS<\/b>.<\/li>\n<\/ol>\n<p>Biztons\u00e1gos, jogszab\u00e1lynak megfelel\u0151 \u00e9s gyors megrendel\u00e9shez az \u00d6n <b>4-MPrC referenciastandardok<\/b> garant\u00e1lni a <b>Az analitikai m\u00f3dszerek \u00e9rv\u00e9nyess\u00e9ge<\/b>, k\u00e9rj\u00fck, forduljon hozz\u00e1nk k\u00f6zvetlen\u00fcl.<\/p>","protected":false},"excerpt":{"rendered":"<p><strong>4-MPRC<\/strong> egy nagy tisztas\u00e1g\u00fa k\u00e9miai vegy\u00fclet, amelyet kifejezetten tudom\u00e1nyos kutat\u00e1si c\u00e9lokra fejlesztettek ki. Ide\u00e1lis biok\u00e9miai \u00e9s gy\u00f3gyszer\u00e9szeti kutat\u00e1sokhoz, prec\u00edz vizsg\u00e1latokat \u00e9s k\u00eds\u00e9rleteket tesz lehet\u0151v\u00e9. <strong>4-MPRC<\/strong> kiz\u00e1r\u00f3lag laborat\u00f3riumi k\u00f6rnyezetben t\u00f6rt\u00e9n\u0151 felhaszn\u00e1l\u00e1sra sz\u00e1nt\u00e1k, \u00e9s ember nem fogyaszthatja.<\/p>","protected":false},"featured_media":7042,"comment_status":"open","ping_status":"closed","template":"","meta":{"_joinchat":[]},"product_brand":[],"product_cat":[49],"product_tag":[2127,2133,2134,2135,2128,2132,2130,2131,2129,248],"class_list":{"0":"post-7003","1":"product","2":"type-product","3":"status-publish","4":"has-post-thumbnail","6":"product_cat-cathinones","7":"product_tag-4-mprc","8":"product_tag-4-mprc-chemikalien","9":"product_tag-4-mprc-forschung","10":"product_tag-4-mprc-fur-forschung","11":"product_tag-4-mprc-kaufen","12":"product_tag-4-mprc-kristalle","13":"product_tag-4-mprc-online","14":"product_tag-4-mprc-pulver","15":"product_tag-4-mprc-zum-verkauf","16":"product_tag-synthetische-stimulanzien","18":"first","19":"instock","20":"shipping-taxable","21":"purchasable","22":"product-type-variable"},"yoast_head":"<!-- This site is optimized with the Yoast SEO plugin v27.5 - https:\/\/yoast.com\/product\/yoast-seo-wordpress\/ -->\n<title>4-MPrC online kaufen \u2013 4-MPrC zu verkaufen | chemgramx<\/title>\n<meta name=\"description\" content=\"Wenn Sie 4-mprc online kaufen m\u00f6chten, kann Ihnen unser Chemgramx-Onlineshop helfen. Wir haben hier 4-mprc zu den besten Preisen zum Verkauf. Geben Sie Ihre Bestellung auf und sichern Sie sich noch heute die neuesten Angebote!\" \/>\n<meta name=\"robots\" content=\"index, follow, max-snippet:-1, max-image-preview:large, max-video-preview:-1\" \/>\n<link rel=\"canonical\" href=\"https:\/\/chemgramx.com\/hu\/termek-1\/4-vasarolni-mprc-online\/\" \/>\n<meta property=\"og:locale\" content=\"hu_HU\" \/>\n<meta property=\"og:type\" content=\"article\" \/>\n<meta property=\"og:title\" content=\"4-MPrC online kaufen \u2013 4-MPrC zu verkaufen | chemgramx\" \/>\n<meta property=\"og:description\" content=\"Wenn Sie 4-mprc online kaufen m\u00f6chten, kann Ihnen unser Chemgramx-Onlineshop helfen. Wir haben hier 4-mprc zu den besten Preisen zum Verkauf. Geben Sie Ihre Bestellung auf und sichern Sie sich noch heute die neuesten Angebote!\" \/>\n<meta property=\"og:url\" content=\"https:\/\/chemgramx.com\/hu\/termek-1\/4-vasarolni-mprc-online\/\" \/>\n<meta property=\"og:site_name\" content=\"Chemgramx\" \/>\n<meta property=\"article:modified_time\" content=\"2025-11-21T11:13:20+00:00\" \/>\n<meta property=\"og:image\" content=\"https:\/\/chemgramx.com\/wp-content\/uploads\/2025\/11\/4-MPrC-crystal.png\" \/>\n\t<meta property=\"og:image:width\" content=\"600\" \/>\n\t<meta property=\"og:image:height\" content=\"400\" \/>\n\t<meta property=\"og:image:type\" content=\"image\/png\" \/>\n<meta name=\"twitter:card\" content=\"summary_large_image\" \/>\n<meta name=\"twitter:label1\" content=\"Becs\u00fclt olvas\u00e1si id\u0151\" \/>\n\t<meta name=\"twitter:data1\" content=\"4 perc\" \/>\n<script type=\"application\/ld+json\" class=\"yoast-schema-graph\">{\"@context\":\"https:\\\/\\\/schema.org\",\"@graph\":[{\"@type\":\"WebPage\",\"@id\":\"https:\\\/\\\/chemgramx.com\\\/product\\\/4-mprc-online-kaufen\\\/\",\"url\":\"https:\\\/\\\/chemgramx.com\\\/product\\\/4-mprc-online-kaufen\\\/\",\"name\":\"4-MPrC online kaufen \u2013 4-MPrC zu verkaufen | chemgramx\",\"isPartOf\":{\"@id\":\"https:\\\/\\\/chemgramx.com\\\/#website\"},\"primaryImageOfPage\":{\"@id\":\"https:\\\/\\\/chemgramx.com\\\/product\\\/4-mprc-online-kaufen\\\/#primaryimage\"},\"image\":{\"@id\":\"https:\\\/\\\/chemgramx.com\\\/product\\\/4-mprc-online-kaufen\\\/#primaryimage\"},\"thumbnailUrl\":\"https:\\\/\\\/chemgramx.com\\\/wp-content\\\/uploads\\\/2025\\\/11\\\/4-MPrC-crystal.png\",\"datePublished\":\"2025-11-21T11:11:33+00:00\",\"dateModified\":\"2025-11-21T11:13:20+00:00\",\"description\":\"Wenn Sie 4-mprc online kaufen m\u00f6chten, kann Ihnen unser Chemgramx-Onlineshop helfen. Wir haben hier 4-mprc zu den besten Preisen zum Verkauf. Geben Sie Ihre Bestellung auf und sichern Sie sich noch heute die neuesten Angebote!\",\"breadcrumb\":{\"@id\":\"https:\\\/\\\/chemgramx.com\\\/product\\\/4-mprc-online-kaufen\\\/#breadcrumb\"},\"inLanguage\":\"hu\",\"potentialAction\":[{\"@type\":\"ReadAction\",\"target\":[\"https:\\\/\\\/chemgramx.com\\\/product\\\/4-mprc-online-kaufen\\\/\"]}]},{\"@type\":\"ImageObject\",\"inLanguage\":\"hu\",\"@id\":\"https:\\\/\\\/chemgramx.com\\\/product\\\/4-mprc-online-kaufen\\\/#primaryimage\",\"url\":\"https:\\\/\\\/chemgramx.com\\\/wp-content\\\/uploads\\\/2025\\\/11\\\/4-MPrC-crystal.png\",\"contentUrl\":\"https:\\\/\\\/chemgramx.com\\\/wp-content\\\/uploads\\\/2025\\\/11\\\/4-MPrC-crystal.png\",\"width\":600,\"height\":400},{\"@type\":\"BreadcrumbList\",\"@id\":\"https:\\\/\\\/chemgramx.com\\\/product\\\/4-mprc-online-kaufen\\\/#breadcrumb\",\"itemListElement\":[{\"@type\":\"ListItem\",\"position\":1,\"name\":\"Home\",\"item\":\"https:\\\/\\\/chemgramx.com\\\/\"},{\"@type\":\"ListItem\",\"position\":2,\"name\":\"Shop\",\"item\":\"https:\\\/\\\/chemgramx.com\\\/shop\\\/\"},{\"@type\":\"ListItem\",\"position\":3,\"name\":\"4-MPrC online kaufen\"}]},{\"@type\":\"WebSite\",\"@id\":\"https:\\\/\\\/chemgramx.com\\\/#website\",\"url\":\"https:\\\/\\\/chemgramx.com\\\/\",\"name\":\"Chemgramx\",\"description\":\"\",\"publisher\":{\"@id\":\"https:\\\/\\\/chemgramx.com\\\/#organization\"},\"potentialAction\":[{\"@type\":\"SearchAction\",\"target\":{\"@type\":\"EntryPoint\",\"urlTemplate\":\"https:\\\/\\\/chemgramx.com\\\/?s={search_term_string}\"},\"query-input\":{\"@type\":\"PropertyValueSpecification\",\"valueRequired\":true,\"valueName\":\"search_term_string\"}}],\"inLanguage\":\"hu\"},{\"@type\":\"Organization\",\"@id\":\"https:\\\/\\\/chemgramx.com\\\/#organization\",\"name\":\"Chemgramx\",\"url\":\"https:\\\/\\\/chemgramx.com\\\/\",\"logo\":{\"@type\":\"ImageObject\",\"inLanguage\":\"hu\",\"@id\":\"https:\\\/\\\/chemgramx.com\\\/#\\\/schema\\\/logo\\\/image\\\/\",\"url\":\"https:\\\/\\\/chemgramx.com\\\/wp-content\\\/uploads\\\/2024\\\/10\\\/final-logo.png\",\"contentUrl\":\"https:\\\/\\\/chemgramx.com\\\/wp-content\\\/uploads\\\/2024\\\/10\\\/final-logo.png\",\"width\":250,\"height\":48,\"caption\":\"Chemgramx\"},\"image\":{\"@id\":\"https:\\\/\\\/chemgramx.com\\\/#\\\/schema\\\/logo\\\/image\\\/\"}}]}<\/script>\n<!-- \/ Yoast SEO plugin. -->","yoast_head_json":{"title":"V\u00e1s\u00e1roljon 4-MPrC-t online \u2013 4-MPrC elad\u00f3 | chemgramx","description":"Ha online szeretne 4-mprc-t v\u00e1s\u00e1rolni, a Chemgramx online \u00e1ruh\u00e1zunk seg\u00edthet. N\u00e1lunk a legjobb \u00e1ron kaphat\u00f3k a 4-mprc-k. Adja le rendel\u00e9s\u00e9t, \u00e9s biztos\u00edtsa be a leg\u00fajabb aj\u00e1nlatokat m\u00e9g ma!","robots":{"index":"index","follow":"follow","max-snippet":"max-snippet:-1","max-image-preview":"max-image-preview:large","max-video-preview":"max-video-preview:-1"},"canonical":"https:\/\/chemgramx.com\/hu\/termek-1\/4-vasarolni-mprc-online\/","og_locale":"hu_HU","og_type":"article","og_title":"4-MPrC online kaufen \u2013 4-MPrC zu verkaufen | chemgramx","og_description":"Wenn Sie 4-mprc online kaufen m\u00f6chten, kann Ihnen unser Chemgramx-Onlineshop helfen. Wir haben hier 4-mprc zu den besten Preisen zum Verkauf. Geben Sie Ihre Bestellung auf und sichern Sie sich noch heute die neuesten Angebote!","og_url":"https:\/\/chemgramx.com\/hu\/termek-1\/4-vasarolni-mprc-online\/","og_site_name":"Chemgramx","article_modified_time":"2025-11-21T11:13:20+00:00","og_image":[{"width":600,"height":400,"url":"https:\/\/chemgramx.com\/wp-content\/uploads\/2025\/11\/4-MPrC-crystal.png","type":"image\/png"}],"twitter_card":"summary_large_image","twitter_misc":{"Becs\u00fclt olvas\u00e1si id\u0151":"4 perc"},"schema":{"@context":"https:\/\/schema.org","@graph":[{"@type":"WebPage","@id":"https:\/\/chemgramx.com\/product\/4-mprc-online-kaufen\/","url":"https:\/\/chemgramx.com\/product\/4-mprc-online-kaufen\/","name":"V\u00e1s\u00e1roljon 4-MPrC-t online \u2013 4-MPrC elad\u00f3 | chemgramx","isPartOf":{"@id":"https:\/\/chemgramx.com\/#website"},"primaryImageOfPage":{"@id":"https:\/\/chemgramx.com\/product\/4-mprc-online-kaufen\/#primaryimage"},"image":{"@id":"https:\/\/chemgramx.com\/product\/4-mprc-online-kaufen\/#primaryimage"},"thumbnailUrl":"https:\/\/chemgramx.com\/wp-content\/uploads\/2025\/11\/4-MPrC-crystal.png","datePublished":"2025-11-21T11:11:33+00:00","dateModified":"2025-11-21T11:13:20+00:00","description":"Ha online szeretne 4-mprc-t v\u00e1s\u00e1rolni, a Chemgramx online \u00e1ruh\u00e1zunk seg\u00edthet. N\u00e1lunk a legjobb \u00e1ron kaphat\u00f3k a 4-mprc-k. Adja le rendel\u00e9s\u00e9t, \u00e9s biztos\u00edtsa be a leg\u00fajabb aj\u00e1nlatokat m\u00e9g ma!","breadcrumb":{"@id":"https:\/\/chemgramx.com\/product\/4-mprc-online-kaufen\/#breadcrumb"},"inLanguage":"hu","potentialAction":[{"@type":"ReadAction","target":["https:\/\/chemgramx.com\/product\/4-mprc-online-kaufen\/"]}]},{"@type":"ImageObject","inLanguage":"hu","@id":"https:\/\/chemgramx.com\/product\/4-mprc-online-kaufen\/#primaryimage","url":"https:\/\/chemgramx.com\/wp-content\/uploads\/2025\/11\/4-MPrC-crystal.png","contentUrl":"https:\/\/chemgramx.com\/wp-content\/uploads\/2025\/11\/4-MPrC-crystal.png","width":600,"height":400},{"@type":"BreadcrumbList","@id":"https:\/\/chemgramx.com\/product\/4-mprc-online-kaufen\/#breadcrumb","itemListElement":[{"@type":"ListItem","position":1,"name":"Home","item":"https:\/\/chemgramx.com\/"},{"@type":"ListItem","position":2,"name":"Shop","item":"https:\/\/chemgramx.com\/shop\/"},{"@type":"ListItem","position":3,"name":"4-MPrC online kaufen"}]},{"@type":"WebSite","@id":"https:\/\/chemgramx.com\/#website","url":"https:\/\/chemgramx.com\/","name":"Chemgramx","description":"","publisher":{"@id":"https:\/\/chemgramx.com\/#organization"},"potentialAction":[{"@type":"SearchAction","target":{"@type":"EntryPoint","urlTemplate":"https:\/\/chemgramx.com\/?s={search_term_string}"},"query-input":{"@type":"PropertyValueSpecification","valueRequired":true,"valueName":"search_term_string"}}],"inLanguage":"hu"},{"@type":"Organization","@id":"https:\/\/chemgramx.com\/#organization","name":"Chemgramx","url":"https:\/\/chemgramx.com\/","logo":{"@type":"ImageObject","inLanguage":"hu","@id":"https:\/\/chemgramx.com\/#\/schema\/logo\/image\/","url":"https:\/\/chemgramx.com\/wp-content\/uploads\/2024\/10\/final-logo.png","contentUrl":"https:\/\/chemgramx.com\/wp-content\/uploads\/2024\/10\/final-logo.png","width":250,"height":48,"caption":"Chemgramx"},"image":{"@id":"https:\/\/chemgramx.com\/#\/schema\/logo\/image\/"}}]}},"_links":{"self":[{"href":"https:\/\/chemgramx.com\/hu\/wp-json\/wp\/v2\/product\/7003","targetHints":{"allow":["GET"]}}],"collection":[{"href":"https:\/\/chemgramx.com\/hu\/wp-json\/wp\/v2\/product"}],"about":[{"href":"https:\/\/chemgramx.com\/hu\/wp-json\/wp\/v2\/types\/product"}],"replies":[{"embeddable":true,"href":"https:\/\/chemgramx.com\/hu\/wp-json\/wp\/v2\/comments?post=7003"}],"wp:featuredmedia":[{"embeddable":true,"href":"https:\/\/chemgramx.com\/hu\/wp-json\/wp\/v2\/media\/7042"}],"wp:attachment":[{"href":"https:\/\/chemgramx.com\/hu\/wp-json\/wp\/v2\/media?parent=7003"}],"wp:term":[{"taxonomy":"product_brand","embeddable":true,"href":"https:\/\/chemgramx.com\/hu\/wp-json\/wp\/v2\/product_brand?post=7003"},{"taxonomy":"product_cat","embeddable":true,"href":"https:\/\/chemgramx.com\/hu\/wp-json\/wp\/v2\/product_cat?post=7003"},{"taxonomy":"product_tag","embeddable":true,"href":"https:\/\/chemgramx.com\/hu\/wp-json\/wp\/v2\/product_tag?post=7003"}],"curies":[{"name":"wp","href":"https:\/\/api.w.org\/{rel}","templated":true}]}}