{"id":7006,"date":"2025-11-21T11:11:33","date_gmt":"2025-11-21T11:11:33","guid":{"rendered":"https:\/\/chemgramx.com\/?post_type=product&#038;p=7006"},"modified":"2025-11-21T11:13:20","modified_gmt":"2025-11-21T11:13:20","slug":"vasarolni-alfa-pvt-online","status":"publish","type":"product","link":"https:\/\/chemgramx.com\/hu\/termek-2\/vasarolni-alfa-pvt-online\/","title":{"rendered":"Alpha-PVT online megv\u00e1s\u00e1rl\u00e1sa"},"content":{"rendered":"<p><b>Alfa-PVT hidroklorid<\/b> (A<span class=\"math-inline\" data-math=\"alpha\">lpha<\/span>-pirrolidinopentiothiophenone) nem csak egy \u00fajabb szabv\u00e1ny; ez egy <b>Pr\u00e9mium analitikai referencia standard<\/b> A m\u00f3dszer leg\u00fajabb gener\u00e1ci\u00f3ja, amelyet kifejezetten a m\u00f3dszerek \u00e9rv\u00e9nyess\u00e9g\u00e9nek \u00e9s megb\u00edzhat\u00f3s\u00e1g\u00e1nak jav\u00edt\u00e1s\u00e1ra fejlesztettek ki a k\u00f6vetkez\u0151 kritikus ter\u00fcleteken <b><a href=\"\/hu\/termek-2\/vasarolni-alpha-php-online\/\">t\u00f6rv\u00e9nysz\u00e9ki<\/a> Toxikol\u00f3gia<\/b> \u00e9s a <b>k\u00e9miai elemz\u00e9s<\/b> a  c\u00edmr\u0151l <b>\u00faj pszichoakt\u00edv anyagok (NPS)<\/b> az el\u0151ny\u00f6k maximaliz\u00e1l\u00e1sa \u00e9rdek\u00e9ben. Az egyed\u00fcl\u00e1ll\u00f3 <b>Tiof\u00e9n alap\u00fa szerkezet<\/b>, amelyben a fenilgy\u0171r\u0171t tiof\u00e9n egys\u00e9ggel helyettes\u00edtik, az alfa-PVT-t n\u00e9lk\u00fcl\u00f6zhetetlen <b>Kontroll molekula<\/b> a <b>Szerkezet-hat\u00e1s kapcsolat (SAR) kutat\u00e1s<\/b> a Cathinon csal\u00e1don bel\u00fcl.<\/p>\n<p>Ennek az eloszl\u00e1sa <b>Alpha-PVT szabv\u00e1nyok<\/b> megt\u00f6rt\u00e9nik <b>kiz\u00e1r\u00f3lag szigor\u00faan tudom\u00e1nyos c\u00e9lokra<\/b> a  oldalon <b>K\u00e9pzett szak\u00e9rt\u0151k<\/b> \u00e9s <b>Akkredit\u00e1lt kutat\u00f3int\u00e9zetek<\/b>. Garant\u00e1ljuk a <b>analitikailag meger\u0151s\u00edtett tisztas\u00e1g\u00fa <span class=\"math-inline\" data-math=\"ge98,%\">\u00a098%<\/span><\/b>\u00a0a hidroklorid-s\u00f3, a szabv\u00e1nyos k\u00f6vetelm\u00e9nyeket meghalad\u00f3 tisztas\u00e1g\u00fa, \u00e9s <b>pontos, nyomon k\u00f6vethet\u0151 \u00e9s reproduk\u00e1lhat\u00f3<\/b> M\u00e9r\u00e9si eredm\u00e9nyek a <b>T\u00f6megspektrometria<\/b> \u00e9s <b>Kromatogr\u00e1fia<\/b> biztos\u00edtja. Ha az \u00d6n laborat\u00f3riuma rendelkezik <b>Tiof\u00e9n-katinon referenciastandard<\/b>, <b>Alpha-PVT ellen\u0151rz\u0151 anyag<\/b> vagy <b>Analitikai reagensek a gy\u00f3gyszeranal\u00edzishez<\/b> ez a term\u00e9k a jogilag haszn\u00e1lhat\u00f3 elemz\u00e9sek \u00e9s a tudom\u00e1nyos kiv\u00e1l\u00f3s\u00e1g alapja.<\/p>\n<h2>\u00a0Analitikai kiv\u00e1l\u00f3s\u00e1g: k\u00e9miai el\u0151\u00edr\u00e1sok \u00e9s min\u0151s\u00e9gbiztos\u00edt\u00e1s a legmagasabb szinten<\/h2>\n<p>A referenciaanyag integrit\u00e1sa minden analitikai m\u00f3dszer sarokk\u00f6ve. Az alfa-PVT komplex molekul\u00e1ris fel\u00e9p\u00edt\u00e9se \u00e9s oxidat\u00edv degrad\u00e1ci\u00f3ra val\u00f3 \u00e9rz\u00e9kenys\u00e9ge miatt a legnagyobb gondoss\u00e1got ig\u00e9nyli a jellemz\u00e9s \u00e9s a t\u00e1rol\u00e1s sor\u00e1n.<\/p>\n<h3>R\u00e9szletes k\u00e9miai jellemz\u00e9s a <span class=\"math-inline\" data-math=\"alpha\">alpha<\/span>-Pirrolidinopentiotiofenon<\/h3>\n<p>Az alfa-PVT a k\u00f6vetkez\u0151 szerkezeti csoportba tartozik <b>szubsztitu\u00e1lt katinonok<\/b> \u00e9s a k\u00f6vetkez\u0151k jellemzik <span class=\"math-inline\" data-math=\"beta\">b\u00e9ta<\/span>-keto-szerkezet \u00e9s a <b>Pirrolidin csoport<\/b> jellemezve. A fenilgy\u0171r\u0171 szubsztit\u00faci\u00f3j\u00e1t a <b>Tiof\u00e9n egys\u00e9g<\/b> jelent\u0151s elmozdul\u00e1st okoz a kromatogr\u00e1fi\u00e1s viselked\u00e9sben (retenci\u00f3s id\u0151) \u00e9s a spektroszk\u00f3piai tulajdons\u00e1gokban, ami elengedhetetlen a k\u00f6vetkez\u0151k meghat\u00e1roz\u00e1s\u00e1hoz <b>Izomerek megk\u00fcl\u00f6nb\u00f6ztet\u00e9se<\/b> az.<\/p>\n<ul>\n<li><b>K\u00e9miai oszt\u00e1ly:<\/b> Tiof\u00e9n alap\u00fa <span class=\"math-inline\" data-math=\"alpha\">alpha<\/span>-Pirrolidinofenon (Cathinone).<\/li>\n<li><b>Alternat\u00edv megnevez\u00e9sek:<\/b> <span class=\"math-inline\" data-math=\"alpha\">alpha<\/span>-pirrolidinopentiotiofenon.<\/li>\n<li><b>Szerkezeti profil:<\/b> Tartalmaz egy <b>Tiof\u00e9n egys\u00e9g<\/b> az arom\u00e1s anyagokra \u00e9s egy <b>Pirrolidin csoport<\/b> a <span class=\"math-inline\" data-math=\"alpha\">alpha<\/span>-helyzetben az etil-amin l\u00e1ncban.<\/li>\n<li><b>Formul\u00e1ci\u00f3:<\/b> Mint stabil <b>Hidroklorid s\u00f3<\/b> amely jobb tart\u00f3ss\u00e1got \u00e9s <b>j\u00f3 oldhat\u00f3s\u00e1g<\/b> pol\u00e1ros old\u00f3szerekben (metanol, acetonitril) \u00e9s vizes pufferoldatokban a k\u00f6vetkez\u0151 esetekben <span class=\"math-inline\" data-math=\"LC-MS\/MS\">LC-MS\/MS<\/span>-vizsg\u00e1latok.<\/li>\n<li><b>\u00d6sszes\u00edtett \u00e1llapot:<\/b> Nagy tisztas\u00e1g, <b>krist\u00e1lyos por<\/b>, amely az ISO-el\u0151\u00edr\u00e1soknak megfelel\u0151en optimaliz\u00e1lt a prec\u00edz gravimetrikus standardk\u00e9sz\u00edt\u00e9shez.<\/li>\n<\/ul>\n<h3>Garant\u00e1lt tisztas\u00e1g a t\u00f6bb analitikai ellen\u0151rz\u00e9s r\u00e9v\u00e9n<\/h3>\n<p>A tisztas\u00e1g ir\u00e1nti elk\u00f6telezetts\u00e9g\u00fcnk <b><span class=\"math-inline\" data-math=\"ge98,%\">98%<\/span><\/b>\u00a0redund\u00e1ns, analitikus m\u00f3dszerek biztos\u00edtj\u00e1k, amelyek megfelelnek a k\u00f6vetkez\u0151kre vonatkoz\u00f3 k\u00f6vetelm\u00e9nyeknek <b>GLP<\/b> \u00e9s <b>ISO 17025<\/b> nem csak teljes\u00edti, hanem meg is haladja azokat.<\/p>\n<ol start=\"1\">\n<li><b>Els\u0151dleges tisztas\u00e1gi meger\u0151s\u00edt\u00e9s:<\/b> A tisztas\u00e1got els\u0151sorban a k\u00f6vetkez\u0151kkel hat\u00e1rozz\u00e1k meg <b>HPLC (nagy teljes\u00edtm\u00e9ny\u0171 folyad\u00e9kkromatogr\u00e1fia)<\/b> fotometrikus detekt\u00e1l\u00e1ssal (UV\/DAD) sz\u00e1mszer\u0171s\u00edtett\u00fck. Ez biztos\u00edtja az \u00f6sszes ill\u00e9kony \u00e9s nem ill\u00e9kony szennyez\u0151d\u00e9s pontos kimutat\u00e1s\u00e1t.<\/li>\n<li><b>M\u00e1sodlagos molekul\u00e1ris azonos\u00edt\u00e1s:<\/b> A molekul\u00e1ris azonoss\u00e1got legal\u00e1bb k\u00e9t ortogon\u00e1lis m\u00f3dszerrel igazolj\u00e1k: <b>G\u00e1zkromatogr\u00e1fia-t\u00f6megspektrometria (GC\/MS)<\/b> \u00e9s\/vagy <b>Folyad\u00e9kkromatogr\u00e1fia-tandem t\u00f6megspektrometria (LC-MS\/MS)<\/b>. Ezek a spektr\u00e1lis adatok n\u00e9lk\u00fcl\u00f6zhetetlenek a t\u00f6rv\u00e9nysz\u00e9ki adatb\u00e1zisok l\u00e9trehoz\u00e1s\u00e1hoz.<\/li>\n<li><b>\u00c1tfog\u00f3 analitikai tan\u00fas\u00edtv\u00e1ny (CoA):<\/b> Minden t\u00e9tel tartalmaz egy r\u00e9szletes <b>CoA<\/b>, spektr\u00e1lis adatok (bele\u00e9rtve a jellemz\u0151 fragmentumionokat), a tisztas\u00e1gi \u00e9rt\u00e9kel\u00e9s \u00e9s a <b>Nyomonk\u00f6vethet\u0151s\u00e9g<\/b> a szint\u00e9zist\u00f6lt\u00e9s.<\/li>\n<li><b>Stabilit\u00e1si garancia:<\/b> A <b>Analitikai stabilit\u00e1s<\/b> a szabv\u00e1ny teljes eltarthat\u00f3s\u00e1gi ideje alatt a szabv\u00e1ny integrit\u00e1s\u00e1nak biztos\u00edt\u00e1sa \u00e9rdek\u00e9ben a speci\u00e1lis t\u00e1rol\u00e1si ir\u00e1nyelvek \u00e9s a hidroklorid s\u00f3k\u00e9nt val\u00f3 megfogalmaz\u00e1s r\u00e9v\u00e9n maximaliz\u00e1lhat\u00f3.<\/li>\n<\/ol>\n<h2>Kiterjesztett alkalmaz\u00e1si ter\u00fcletek a t\u00f6rv\u00e9nysz\u00e9ki orvostudom\u00e1nyban \u00e9s a farmakol\u00f3gi\u00e1ban<\/h2>\n<p>Az alfa-PVT kritikus ellen\u0151rz\u0151 molekula a szintetikus stimul\u00e1nsok toxikol\u00f3gi\u00e1j\u00e1nak meg\u00e9rt\u00e9s\u00e9hez, k\u00fcl\u00f6n\u00f6sen azok\u00e9hoz, amelyek szerkezeti elt\u00e9r\u00e9sekkel rendelkeznek a klasszikus fenetilamin gerinct\u0151l.<\/p>\n<h3>T\u00f6rv\u00e9nysz\u00e9ki toxikol\u00f3gia, kalibr\u00e1l\u00e1s \u00e9s min\u0151s\u00e9gellen\u0151rz\u00e9s<\/h3>\n<p>Az Alpha-PVT szabv\u00e1ny alapvet\u0151 fontoss\u00e1g\u00fa a <b>T\u00f6rv\u00e9nysz\u00e9ki elemz\u00e9s<\/b> kritikus esetekben (pl. k\u00f6z\u00fati k\u00f6zleked\u00e9s, t\u00faladagol\u00e1s, boncol\u00e1s ut\u00e1ni vizsg\u00e1latok).<\/p>\n<ul>\n<li><b>A m\u00f3dszer valid\u00e1l\u00e1sa:<\/b> A szabv\u00e1ny n\u00e9lk\u00fcl\u00f6zhetetlen a fejleszt\u00e9shez \u00e9s a <b>\u00c9rv\u00e9nyes\u00edt\u00e9s<\/b> a  c\u00edmr\u0151l <b>T\u00f6bbc\u00e9l\u00fa sz\u0171r\u0151vizsg\u00e1latok<\/b> az al\u00e1bbiak megb\u00edzhat\u00f3 kimutat\u00e1s\u00e1hoz <span class=\"math-inline\" data-math=\"alpha\">alpha<\/span>-pirrolidinofenon-sz\u00e1rmaz\u00e9kok. Ez mag\u00e1ban foglalja a k\u00f6vetkez\u0151k meghat\u00e1roz\u00e1s\u00e1t <b>Szelektivit\u00e1s<\/b> (a m\u00e1trixokhoz \u00e9s izomerekhez k\u00e9pest) \u00e9s a <b>M\u00e1trix hat\u00e1sok<\/b>.<\/li>\n<li><b>Kalibr\u00e1l\u00e1s \u00e9s mennyis\u00e9gi meghat\u00e1roz\u00e1s:<\/b> A nagy tisztas\u00e1g\u00fa anyagot prec\u00edz, line\u00e1ris, egyenes vonal\u00fa <b>Kalibr\u00e1ci\u00f3s g\u00f6rb\u00e9k<\/b> haszn\u00e1lj\u00e1k. Ez az alapja az alacsony nanogrammos tartom\u00e1nyban l\u00e9v\u0151 koncentr\u00e1ci\u00f3k pontos meghat\u00e1roz\u00e1s\u00e1nak biol\u00f3giai mint\u00e1kban - ami a t\u00f6rv\u00e9nysz\u00e9ki bizony\u00edt\u00e9kokhoz sz\u00fcks\u00e9ges k\u00f6vetelm\u00e9ny.<\/li>\n<li><b>Eszk\u00f6zhangol\u00e1s:<\/b> Az Alpha-PVT a k\u00f6vetkez\u0151kre szolg\u00e1l <b>Referenciapont<\/b> az \u00e9rz\u00e9keny t\u00f6megspektrom\u00e9terek napi hangol\u00e1s\u00e1hoz \u00e9s teljes\u00edtm\u00e9nyvizsg\u00e1lat\u00e1hoz.<\/li>\n<\/ul>\n<h3>Farmakol\u00f3giai \u00e9s anyagcsere-kutat\u00e1s<\/h3>\n<p>A kutat\u00e1sok arra \u00f6sszpontos\u00edtanak, hogy a tiof\u00e9n-szubsztit\u00faci\u00f3 hogyan befoly\u00e1solja a <b>Farmakodinamika<\/b> \u00e9s a <b>Anyagcsere<\/b> a benzol anal\u00f3gokhoz k\u00e9pest.<\/p>\n<ul>\n<li><b>Neurotranszmitter-vizsg\u00e1latok:<\/b> A molekul\u00e1ris kutat\u00e1sok vizsg\u00e1lj\u00e1k a <b>Affinit\u00e1s<\/b> \u00e9s <b>Potencia<\/b> a molekula dopamin-, noradrenalin- \u00e9s szerotonin-transzporterekre gyakorolt hat\u00e1sa. Ezek az adatok elengedhetetlenek a toxikol\u00f3giai kock\u00e1zat el\u0151rejelz\u00e9s\u00e9hez.<\/li>\n<li><b>Anyagcsere-azonos\u00edt\u00e1s:<\/b> \u00c1tfog\u00f3 <b><span class=\"math-inline\" data-math=\"In\">A  oldalon.<\/span> <span class=\"math-inline\" data-math=\"vitro\">vitro<\/span>-Tanulm\u00e1nyok<\/b> (pl. rekombin\u00e1ns P450 enzimek felhaszn\u00e1l\u00e1s\u00e1val), az \u00f6sszes els\u0151dleges \u00e9s m\u00e1sodlagos enzimet <b>Metabolitok<\/b> az alfa-PVT-t azonos\u00edtott\u00e1k, \u00e9s szerkezet\u00fcket meger\u0151s\u00edtett\u00e9k. Ezeknek a metabolitprofiloknak a rendelkez\u00e9sre bocs\u00e1t\u00e1sa a kulcsa az anyag kriminalisztikai kimutathat\u00f3s\u00e1g\u00e1nak, m\u00e9g j\u00f3val az expoz\u00edci\u00f3 ut\u00e1n is.<\/li>\n<\/ul>\n<h2>\u00a0Jogi keret, laborat\u00f3riumi biztons\u00e1g \u00e9s referenciainform\u00e1ci\u00f3k<\/h2>\n<p>A beszerz\u00e9se \u00e9s kezel\u00e9se <b>ellen\u0151rz\u00f6tt kutat\u00e1si vegyszerek<\/b> a legszigor\u00fabb el\u0151\u00edr\u00e1sok vonatkoznak.<\/p>\n<h3>Szab\u00e1lyoz\u00e1si megfelel\u00e9s \u00e9s felel\u0151ss\u00e9g<\/h3>\n<p>Mivel az Alpha-PVT-t sz\u00e1mos joghat\u00f3s\u00e1gban elismert <b>szab\u00e1lyozott anyag<\/b> (pl. a <b>NpSG<\/b>), a forgalmaz\u00e1s szigor\u00faan szab\u00e1lyozott.<\/p>\n<ul>\n<li><b>Kiz\u00e1r\u00f3lag kutat\u00e1s:<\/b> Az \u00e9rt\u00e9kes\u00edt\u00e9s szigor\u00faan a <b>Elemz\u00e9s \u00e9s kutat\u00e1s<\/b> a  oldalon. <b>enged\u00e9lyezett tudom\u00e1nyos int\u00e9zm\u00e9nyek<\/b> korl\u00e1tozott. Minden m\u00e1s felhaszn\u00e1l\u00e1s nem enged\u00e9lyezett \u00e9s tilos.<\/li>\n<li><b>Vev\u0151i k\u00f6telezetts\u00e9g:<\/b> A vev\u0151 k\u00f6teles <b>teljes megfelel\u00e9s<\/b> minden <b>helyi, nemzeti \u00e9s nemzetk\u00f6zi jogszab\u00e1lyok<\/b> az ellen\u0151rz\u00f6tt vegyi anyagok behozatala, birtokl\u00e1sa \u00e9s felhaszn\u00e1l\u00e1sa tekintet\u00e9ben.<\/li>\n<\/ul>\n<h3>El\u0151\u00edrt biztons\u00e1gi protokollok \u00e9s t\u00e1rol\u00e1s<\/h3>\n<p>A szigor\u00fa megfelel\u00e9s a <b>Anyagbiztons\u00e1gi adatlap (MSDS)<\/b> alapvet\u0151 fontoss\u00e1g\u00fa a laborat\u00f3riumi szem\u00e9lyzet v\u00e9delme \u00e9s a szabv\u00e1ny stabilit\u00e1s\u00e1nak biztos\u00edt\u00e1sa \u00e9rdek\u00e9ben.<\/p>\n<ul>\n<li><b>PSA:<\/b> <b>Laborat\u00f3riumi k\u00f6peny, v\u00e9d\u0151szem\u00fcveg<\/b> \u00e9s vegyszer\u00e1ll\u00f3 <b>Keszty\u0171<\/b> k\u00f6telez\u0151.<\/li>\n<li><b>Munkak\u00f6rnyezet:<\/b> A porkezel\u00e9st a k\u00f6vetkez\u0151k szerint kell v\u00e9gezni <b>tan\u00fas\u00edtott szekr\u00e9nyrendszerek<\/b> ker\u00fcl sor.<\/li>\n<li><b>T\u00e1rol\u00e1s:<\/b> <b>Kir\u00e1ly (<span class=\"math-inline\" data-math=\"text{2\u20138 \u00b0C}\">2-8 \u00b0C<\/span>), sz\u00e1raz \u00e9s f\u00e9nyt\u0151l v\u00e9dett<\/b>optimaliz\u00e1lni a <b>Analitikai stabilit\u00e1s<\/b> a szabv\u00e1ny.<\/li>\n<\/ul>\n<h3>\u00a0V\u00e1s\u00e1rl\u00e1si \u00e9s rendel\u00e9si k\u00f6vetelm\u00e9nyek<\/h3>\n<p>Az alfa-PVT-hidrokloridot a k\u00f6vetkez\u0151 mennyis\u00e9gekben k\u00edn\u00e1ljuk <b>100 mg (referencia minta)<\/b>, <b>500 mg<\/b> \u00e9s <b>1 g<\/b> to.<\/p>\n<p><b>K\u00f6telez\u0151 rendel\u00e9si k\u00f6vetelm\u00e9nyek:<\/b><\/p>\n<ol start=\"1\">\n<li>Bizony\u00edt\u00e9k a <b>Enged\u00e9lyez\u00e9s<\/b> a kutat\u00e1si szervezet.<\/li>\n<li>\u00cdr\u00e1sos meger\u0151s\u00edt\u00e9s arr\u00f3l, hogy az anyag <b>kiz\u00e1r\u00f3lag analitikai referencia c\u00e9lokra<\/b> haszn\u00e1lj\u00e1k.<\/li>\n<li>Az elismer\u00e9s a <b>A felel\u0151ss\u00e9g korl\u00e1toz\u00e1sa<\/b> \u00e9s a <b>MSDS<\/b>.<\/li>\n<\/ol>\n<p>Biztons\u00e1gos, jogszab\u00e1lynak megfelel\u0151 \u00e9s gyors megrendel\u00e9shez az \u00d6n <b>Alpha-PVT referenciastandardok<\/b> garant\u00e1lni a <b>Az analitikai m\u00f3dszerek \u00e9rv\u00e9nyess\u00e9ge<\/b>, k\u00e9rj\u00fck, forduljon hozz\u00e1nk k\u00f6zvetlen\u00fcl.<\/p>","protected":false},"excerpt":{"rendered":"<p><strong>Alpha-PVT<\/strong> egy els\u0151 oszt\u00e1ly\u00fa pirrolidinofenon vegy\u00fclet, amelyet kifejezetten tudom\u00e1nyos vizsg\u00e1latokhoz fejlesztettek ki. Ide\u00e1lis a neurok\u00e9miai folyamatok \u00e9s a farmakol\u00f3giai tulajdons\u00e1gok kutat\u00e1s\u00e1ra. Kiz\u00e1r\u00f3lag laborat\u00f3riumi felhaszn\u00e1l\u00e1sra enged\u00e9lyezett, emberi fogyaszt\u00e1sra nem alkalmas.<\/p>","protected":false},"featured_media":7045,"comment_status":"open","ping_status":"closed","template":"","meta":{"_joinchat":[]},"product_brand":[],"product_cat":[49],"product_tag":[1953,1959,1954,1957,1958,1956,1955,188,1814,248],"class_list":{"0":"post-7006","1":"product","2":"type-product","3":"status-publish","4":"has-post-thumbnail","6":"product_cat-cathinones","7":"product_tag-alpha-pvt","8":"product_tag-alpha-pvt-chemikalien","9":"product_tag-alpha-pvt-kaufen","10":"product_tag-alpha-pvt-kristalle","11":"product_tag-alpha-pvt-online","12":"product_tag-alpha-pvt-pulver","13":"product_tag-alpha-pvt-zum-verkauf","14":"product_tag-forschungschemikalien","15":"product_tag-forschungsstoffe-kaufen","16":"product_tag-synthetische-stimulanzien","18":"first","19":"instock","20":"shipping-taxable","21":"purchasable","22":"product-type-variable"},"yoast_head":"<!-- This site is optimized with the Yoast SEO plugin v26.3 - https:\/\/yoast.com\/wordpress\/plugins\/seo\/ -->\n<title>Alpha-PVT online kaufen \u2013 Alpha-PVT zu verkaufen | chemgramx<\/title>\n<meta name=\"description\" content=\"Unser Gesch\u00e4ft bietet Alpha-Pvt in Topqualit\u00e4t zum Verkauf an. Die Qualit\u00e4t unserer Produkte ist einfach unschlagbar. Wenn Sie es brauchen, k\u00f6nnen Sie Alpha-Pvt sofort online kaufen. Jetzt bestellen!\" \/>\n<meta name=\"robots\" content=\"noindex, follow, max-snippet:-1, max-image-preview:large, max-video-preview:-1\" \/>\n<meta property=\"og:locale\" content=\"hu_HU\" \/>\n<meta property=\"og:type\" content=\"article\" \/>\n<meta property=\"og:title\" content=\"Alpha-PVT online kaufen \u2013 Alpha-PVT zu verkaufen | chemgramx\" \/>\n<meta property=\"og:description\" content=\"Unser Gesch\u00e4ft bietet Alpha-Pvt in Topqualit\u00e4t zum Verkauf an. Die Qualit\u00e4t unserer Produkte ist einfach unschlagbar. Wenn Sie es brauchen, k\u00f6nnen Sie Alpha-Pvt sofort online kaufen. Jetzt bestellen!\" \/>\n<meta property=\"og:url\" content=\"https:\/\/chemgramx.com\/hu\/termek-2\/vasarolni-alfa-pvt-online\/\" \/>\n<meta property=\"og:site_name\" content=\"Chemgramx\" \/>\n<meta property=\"article:modified_time\" content=\"2025-11-21T11:13:20+00:00\" \/>\n<meta property=\"og:image\" content=\"https:\/\/chemgramx.com\/wp-content\/uploads\/2025\/11\/alphapvt.png\" \/>\n\t<meta property=\"og:image:width\" content=\"600\" \/>\n\t<meta property=\"og:image:height\" content=\"400\" \/>\n\t<meta property=\"og:image:type\" content=\"image\/png\" \/>\n<meta name=\"twitter:card\" content=\"summary_large_image\" \/>\n<meta name=\"twitter:label1\" content=\"Becs\u00fclt olvas\u00e1si id\u0151\" \/>\n\t<meta name=\"twitter:data1\" content=\"4 perc\" \/>\n<script type=\"application\/ld+json\" class=\"yoast-schema-graph\">{\"@context\":\"https:\/\/schema.org\",\"@graph\":[{\"@type\":\"WebPage\",\"@id\":\"https:\/\/chemgramx.com\/product\/alpha-pvt-online-kaufen\/\",\"url\":\"https:\/\/chemgramx.com\/product\/alpha-pvt-online-kaufen\/\",\"name\":\"Alpha-PVT online kaufen \u2013 Alpha-PVT zu verkaufen | chemgramx\",\"isPartOf\":{\"@id\":\"https:\/\/chemgramx.com\/#website\"},\"primaryImageOfPage\":{\"@id\":\"https:\/\/chemgramx.com\/product\/alpha-pvt-online-kaufen\/#primaryimage\"},\"image\":{\"@id\":\"https:\/\/chemgramx.com\/product\/alpha-pvt-online-kaufen\/#primaryimage\"},\"thumbnailUrl\":\"https:\/\/chemgramx.com\/wp-content\/uploads\/2025\/11\/alphapvt.png\",\"datePublished\":\"2025-11-21T11:11:33+00:00\",\"dateModified\":\"2025-11-21T11:13:20+00:00\",\"description\":\"Unser Gesch\u00e4ft bietet Alpha-Pvt in Topqualit\u00e4t zum Verkauf an. Die Qualit\u00e4t unserer Produkte ist einfach unschlagbar. Wenn Sie es brauchen, k\u00f6nnen Sie Alpha-Pvt sofort online kaufen. Jetzt bestellen!\",\"breadcrumb\":{\"@id\":\"https:\/\/chemgramx.com\/product\/alpha-pvt-online-kaufen\/#breadcrumb\"},\"inLanguage\":\"hu\",\"potentialAction\":[{\"@type\":\"ReadAction\",\"target\":[\"https:\/\/chemgramx.com\/product\/alpha-pvt-online-kaufen\/\"]}]},{\"@type\":\"ImageObject\",\"inLanguage\":\"hu\",\"@id\":\"https:\/\/chemgramx.com\/product\/alpha-pvt-online-kaufen\/#primaryimage\",\"url\":\"https:\/\/chemgramx.com\/wp-content\/uploads\/2025\/11\/alphapvt.png\",\"contentUrl\":\"https:\/\/chemgramx.com\/wp-content\/uploads\/2025\/11\/alphapvt.png\",\"width\":600,\"height\":400},{\"@type\":\"BreadcrumbList\",\"@id\":\"https:\/\/chemgramx.com\/product\/alpha-pvt-online-kaufen\/#breadcrumb\",\"itemListElement\":[{\"@type\":\"ListItem\",\"position\":1,\"name\":\"Home\",\"item\":\"https:\/\/chemgramx.com\/\"},{\"@type\":\"ListItem\",\"position\":2,\"name\":\"Shop\",\"item\":\"https:\/\/chemgramx.com\/shop\/\"},{\"@type\":\"ListItem\",\"position\":3,\"name\":\"Alpha-PVT Online Kaufen\"}]},{\"@type\":\"WebSite\",\"@id\":\"https:\/\/chemgramx.com\/#website\",\"url\":\"https:\/\/chemgramx.com\/\",\"name\":\"Chemgramx\",\"description\":\"\",\"publisher\":{\"@id\":\"https:\/\/chemgramx.com\/#organization\"},\"potentialAction\":[{\"@type\":\"SearchAction\",\"target\":{\"@type\":\"EntryPoint\",\"urlTemplate\":\"https:\/\/chemgramx.com\/?s={search_term_string}\"},\"query-input\":{\"@type\":\"PropertyValueSpecification\",\"valueRequired\":true,\"valueName\":\"search_term_string\"}}],\"inLanguage\":\"hu\"},{\"@type\":\"Organization\",\"@id\":\"https:\/\/chemgramx.com\/#organization\",\"name\":\"Chemgramx\",\"url\":\"https:\/\/chemgramx.com\/\",\"logo\":{\"@type\":\"ImageObject\",\"inLanguage\":\"hu\",\"@id\":\"https:\/\/chemgramx.com\/#\/schema\/logo\/image\/\",\"url\":\"https:\/\/chemgramx.com\/wp-content\/uploads\/2024\/10\/final-logo.png\",\"contentUrl\":\"https:\/\/chemgramx.com\/wp-content\/uploads\/2024\/10\/final-logo.png\",\"width\":250,\"height\":48,\"caption\":\"Chemgramx\"},\"image\":{\"@id\":\"https:\/\/chemgramx.com\/#\/schema\/logo\/image\/\"}}]}<\/script>\n<!-- \/ Yoast SEO plugin. -->","yoast_head_json":{"title":"V\u00e1s\u00e1roljon Alpha-PVT-t online \u2013 Alpha-PVT elad\u00f3 | chemgramx","description":"\u00dczlet\u00fcnkben kiv\u00e1l\u00f3 min\u0151s\u00e9g\u0171 Alpha-Pvt elad\u00f3. Term\u00e9keink min\u0151s\u00e9ge egyszer\u0171en verhetetlen. Ha sz\u00fcks\u00e9ge van r\u00e1, azonnal megv\u00e1s\u00e1rolhatja az Alpha-Pvt-t online. Rendeljen most!","robots":{"index":"noindex","follow":"follow","max-snippet":"max-snippet:-1","max-image-preview":"max-image-preview:large","max-video-preview":"max-video-preview:-1"},"og_locale":"hu_HU","og_type":"article","og_title":"Alpha-PVT online kaufen \u2013 Alpha-PVT zu verkaufen | chemgramx","og_description":"Unser Gesch\u00e4ft bietet Alpha-Pvt in Topqualit\u00e4t zum Verkauf an. Die Qualit\u00e4t unserer Produkte ist einfach unschlagbar. Wenn Sie es brauchen, k\u00f6nnen Sie Alpha-Pvt sofort online kaufen. Jetzt bestellen!","og_url":"https:\/\/chemgramx.com\/hu\/termek-2\/vasarolni-alfa-pvt-online\/","og_site_name":"Chemgramx","article_modified_time":"2025-11-21T11:13:20+00:00","og_image":[{"width":600,"height":400,"url":"https:\/\/chemgramx.com\/wp-content\/uploads\/2025\/11\/alphapvt.png","type":"image\/png"}],"twitter_card":"summary_large_image","twitter_misc":{"Becs\u00fclt olvas\u00e1si id\u0151":"4 perc"},"schema":{"@context":"https:\/\/schema.org","@graph":[{"@type":"WebPage","@id":"https:\/\/chemgramx.com\/product\/alpha-pvt-online-kaufen\/","url":"https:\/\/chemgramx.com\/product\/alpha-pvt-online-kaufen\/","name":"V\u00e1s\u00e1roljon Alpha-PVT-t online \u2013 Alpha-PVT elad\u00f3 | chemgramx","isPartOf":{"@id":"https:\/\/chemgramx.com\/#website"},"primaryImageOfPage":{"@id":"https:\/\/chemgramx.com\/product\/alpha-pvt-online-kaufen\/#primaryimage"},"image":{"@id":"https:\/\/chemgramx.com\/product\/alpha-pvt-online-kaufen\/#primaryimage"},"thumbnailUrl":"https:\/\/chemgramx.com\/wp-content\/uploads\/2025\/11\/alphapvt.png","datePublished":"2025-11-21T11:11:33+00:00","dateModified":"2025-11-21T11:13:20+00:00","description":"\u00dczlet\u00fcnkben kiv\u00e1l\u00f3 min\u0151s\u00e9g\u0171 Alpha-Pvt elad\u00f3. Term\u00e9keink min\u0151s\u00e9ge egyszer\u0171en verhetetlen. Ha sz\u00fcks\u00e9ge van r\u00e1, azonnal megv\u00e1s\u00e1rolhatja az Alpha-Pvt-t online. Rendeljen most!","breadcrumb":{"@id":"https:\/\/chemgramx.com\/product\/alpha-pvt-online-kaufen\/#breadcrumb"},"inLanguage":"hu","potentialAction":[{"@type":"ReadAction","target":["https:\/\/chemgramx.com\/product\/alpha-pvt-online-kaufen\/"]}]},{"@type":"ImageObject","inLanguage":"hu","@id":"https:\/\/chemgramx.com\/product\/alpha-pvt-online-kaufen\/#primaryimage","url":"https:\/\/chemgramx.com\/wp-content\/uploads\/2025\/11\/alphapvt.png","contentUrl":"https:\/\/chemgramx.com\/wp-content\/uploads\/2025\/11\/alphapvt.png","width":600,"height":400},{"@type":"BreadcrumbList","@id":"https:\/\/chemgramx.com\/product\/alpha-pvt-online-kaufen\/#breadcrumb","itemListElement":[{"@type":"ListItem","position":1,"name":"Home","item":"https:\/\/chemgramx.com\/"},{"@type":"ListItem","position":2,"name":"Shop","item":"https:\/\/chemgramx.com\/shop\/"},{"@type":"ListItem","position":3,"name":"Alpha-PVT Online Kaufen"}]},{"@type":"WebSite","@id":"https:\/\/chemgramx.com\/#website","url":"https:\/\/chemgramx.com\/","name":"Chemgramx","description":"","publisher":{"@id":"https:\/\/chemgramx.com\/#organization"},"potentialAction":[{"@type":"SearchAction","target":{"@type":"EntryPoint","urlTemplate":"https:\/\/chemgramx.com\/?s={search_term_string}"},"query-input":{"@type":"PropertyValueSpecification","valueRequired":true,"valueName":"search_term_string"}}],"inLanguage":"hu"},{"@type":"Organization","@id":"https:\/\/chemgramx.com\/#organization","name":"Chemgramx","url":"https:\/\/chemgramx.com\/","logo":{"@type":"ImageObject","inLanguage":"hu","@id":"https:\/\/chemgramx.com\/#\/schema\/logo\/image\/","url":"https:\/\/chemgramx.com\/wp-content\/uploads\/2024\/10\/final-logo.png","contentUrl":"https:\/\/chemgramx.com\/wp-content\/uploads\/2024\/10\/final-logo.png","width":250,"height":48,"caption":"Chemgramx"},"image":{"@id":"https:\/\/chemgramx.com\/#\/schema\/logo\/image\/"}}]}},"_links":{"self":[{"href":"https:\/\/chemgramx.com\/hu\/wp-json\/wp\/v2\/product\/7006","targetHints":{"allow":["GET"]}}],"collection":[{"href":"https:\/\/chemgramx.com\/hu\/wp-json\/wp\/v2\/product"}],"about":[{"href":"https:\/\/chemgramx.com\/hu\/wp-json\/wp\/v2\/types\/product"}],"replies":[{"embeddable":true,"href":"https:\/\/chemgramx.com\/hu\/wp-json\/wp\/v2\/comments?post=7006"}],"wp:featuredmedia":[{"embeddable":true,"href":"https:\/\/chemgramx.com\/hu\/wp-json\/wp\/v2\/media\/7045"}],"wp:attachment":[{"href":"https:\/\/chemgramx.com\/hu\/wp-json\/wp\/v2\/media?parent=7006"}],"wp:term":[{"taxonomy":"product_brand","embeddable":true,"href":"https:\/\/chemgramx.com\/hu\/wp-json\/wp\/v2\/product_brand?post=7006"},{"taxonomy":"product_cat","embeddable":true,"href":"https:\/\/chemgramx.com\/hu\/wp-json\/wp\/v2\/product_cat?post=7006"},{"taxonomy":"product_tag","embeddable":true,"href":"https:\/\/chemgramx.com\/hu\/wp-json\/wp\/v2\/product_tag?post=7006"}],"curies":[{"name":"wp","href":"https:\/\/api.w.org\/{rel}","templated":true}]}}