{"id":7007,"date":"2025-11-21T11:11:34","date_gmt":"2025-11-21T11:11:34","guid":{"rendered":"https:\/\/chemgramx.com\/?post_type=product&#038;p=7007"},"modified":"2025-11-21T11:13:32","modified_gmt":"2025-11-21T11:13:32","slug":"vasarolni-bmdp-online","status":"publish","type":"product","link":"https:\/\/chemgramx.com\/hu\/product\/bmdp-online-kaufen\/","title":{"rendered":"BMDP online v\u00e1s\u00e1rl\u00e1sa"},"content":{"rendered":"<p><b>BMDP<\/b>m\u00e1s n\u00e9ven <a href=\"\/product\/bmdp-online-kaufen\/\"><b>Benzilonok<\/b><\/a> vagy 3,4-metil\u00e9ndioxi-N-benzil-katinon egy szintetikus katinonvegy\u00fclet, amely a kutat\u00e1s vil\u00e1g\u00e1ban nagy figyelmet keltett a j\u00f3l ismert stimul\u00e1ns metilonnal val\u00f3 szerkezeti hasonl\u00f3s\u00e1ga miatt. Mint a <b>Diz\u00e1jner drogok<\/b> laborat\u00f3riumokban haszn\u00e1lj\u00e1k a stimul\u00e1nsok k\u00f6zponti idegrendszerre gyakorolt komplex hat\u00e1sainak tanulm\u00e1nyoz\u00e1s\u00e1ra. A n\u00f6vekv\u0151 kereslet miatt egyre t\u00f6bb tudom\u00e1nyos int\u00e9zm\u00e9ny \u00e9s gy\u0171jt\u0151 keresi a lehet\u0151s\u00e9geket, <b>BMDP online v\u00e1s\u00e1rl\u00e1sa<\/b> vagy aj\u00e1nlatok a k\u00f6vetkez\u0151kre <b>BMDP elad\u00f3<\/b> ahol a legmagasabb tisztas\u00e1gi \u00e9s t\u00f6rv\u00e9nyess\u00e9gi el\u0151\u00edr\u00e1sok a d\u00f6nt\u0151ek.<\/p>\n<h2><b>Mi az a BMDP? K\u00e9miai szerkezet \u00e9s oszt\u00e1lyoz\u00e1s<\/b><\/h2>\n<p><b>BMDP<\/b> egy szintetikus katinonvegy\u00fclet, amelynek k\u00e9miai k\u00e9plete a k\u00f6vetkez\u0151 <span class=\"math-inline\" data-math=\"C_{17}H_{17}NO_3\">$C_{17}H_{17}NO_3$<\/span>. \u00c1ltal\u00e1ban feh\u00e9r por vagy krist\u00e1lyos hidroklorid s\u00f3 form\u00e1j\u00e1ban ker\u00fcl forgalomba. K\u00e9miai szerkezet\u00e9t a metil\u00e9ndioxi csoport \u00e9s az N-benzil szubsztit\u00faci\u00f3 jellemzi.<\/p>\n<h3><b>K\u00e9miai oszt\u00e1ly \u00e9s hat\u00e1smechanizmus<\/b><\/h3>\n<p>A BMDP a k\u00f6vetkez\u0151 k\u00e9miai oszt\u00e1lyba tartozik <b>Cathinone<\/b>, amelyek szerkezetileg rokonok a khat n\u00f6v\u00e9ny term\u00e9szetes \u00f6sszetev\u0151ivel.<\/p>\n<ul>\n<li><b>Kapcsol\u00f3d\u00f3 anyagok:<\/b> A BMDP szoros rokons\u00e1gban \u00e1ll m\u00e1s ismert katinonokkal, p\u00e9ld\u00e1ul a k\u00f6vetkez\u0151kkel <b>Metilonok, etilonok \u00e9s butilonok<\/b>. Ez a kapcsolat teszi fontos kutat\u00e1si t\u00e1rggy\u00e1 a kisebb k\u00e9miai v\u00e1ltoz\u00e1sok farmakol\u00f3giai hat\u00e1sra gyakorolt hat\u00e1s\u00e1nak vizsg\u00e1lat\u00e1hoz.<\/li>\n<li><b>Hat\u00e1smechanizmus:<\/b> A BMDP \u00fagy m\u0171k\u00f6dik, mint <b>Monoamin \u00fajrafelv\u00e9tel g\u00e1tl\u00f3k<\/b>. G\u00e1tolja a reabszorpci\u00f3t <b>Dopamin, noradrenalin \u00e9s szerotonin<\/b> a szinaptikus hasad\u00e9kba. A kutat\u00e1s kontextus\u00e1ban ez e neurotranszmitterek megn\u00f6vekedett koncentr\u00e1ci\u00f3j\u00e1hoz vezet, \u00e9s ez magyar\u00e1zza a megfigyelt stimul\u00e1l\u00f3 \u00e9s euf\u00f3rikus hat\u00e1sokat.<\/li>\n<\/ul>\n<p>V\u00e1s\u00e1rl\u00e1skor nem csak a <b>BMDP \u00e1r<\/b> d\u00f6nt\u0151, de mindenekel\u0151tt a <b>Tisztas\u00e1g<\/b> a term\u00e9k, mivel a piac gyakran ismeri fel a rosszabb min\u0151s\u00e9g\u0171 vagy hamisan bejelentett mint\u00e1kat, mint <b>val\u00f3di vagy hamis BMDP elad\u00f3<\/b> aj\u00e1nlatok.<\/p>\n<h2><b>A kereslet: Mi\u00e9rt \u00e9rdemes a BMDP-t online v\u00e1s\u00e1rolni?<\/b><\/h2>\n<p>A BMDP online megv\u00e1s\u00e1rl\u00e1sa ir\u00e1nti \u00e9rdekl\u0151d\u00e9s abb\u00f3l ered, hogy megb\u00edzhat\u00f3 hozz\u00e1f\u00e9r\u00e9st kell biztos\u00edtani ehhez a speci\u00e1lis kutat\u00e1si vegyszerhez. Az olyan keres\u00e9si lek\u00e9rdez\u00e9sek, mint <b>hol lehet megv\u00e1s\u00e1rolni a BMDP-t<\/b>, <b>Val\u00f3di vagy hamis BMDP rendel\u00e9se<\/b> \u00e9s <b>V\u00e1s\u00e1roljon BMDP-t olcs\u00f3n online<\/b> bizony\u00edtj\u00e1k a nagy keresletet.<\/p>\n<h3><b>Kutat\u00e1si c\u00e9lok \u00e9s alkalmaz\u00e1sok<\/b><\/h3>\n<ul>\n<li><b>\u00d6sszehasonl\u00edt\u00f3 tanulm\u00e1nyok:<\/b> A laborat\u00f3riumok a BMDP-t arra haszn\u00e1lj\u00e1k, hogy k\u00f6zvetlen\u00fcl \u00f6sszehasonl\u00edts\u00e1k a hat\u00e9konys\u00e1g\u00e1t \u00e9s mell\u00e9khat\u00e1sprofilj\u00e1t m\u00e1s katinonokkal.<\/li>\n<li><b>Analitikai k\u00e9mia:<\/b> Ez szolg\u00e1l <b>Referenciaszabv\u00e1ny<\/b> a t\u00f6rv\u00e9nysz\u00e9ki \u00e9s toxikol\u00f3giai elemz\u00e9sben a mint\u00e1k azonos\u00edt\u00e1s\u00e1ra \u00e9s mennyis\u00e9gi meghat\u00e1roz\u00e1s\u00e1ra.<\/li>\n<li><b>El\u00e9rhet\u0151s\u00e9g:<\/b> Az online platformok lehet\u0151s\u00e9get k\u00edn\u00e1lnak a tud\u00f3soknak \u00e9s a laborat\u00f3riumoknak, <b>v\u00e1s\u00e1rolni BMDP online<\/b> egy olyan id\u0151szakban, amikor ezt neh\u00e9z megtal\u00e1lni a rendszeres vegyianyag-kereskedelemben.<\/li>\n<\/ul>\n<h3><b>Jelentett hat\u00e1sok a kutat\u00e1si kontextusban<\/b><\/h3>\n<p>A kutat\u00e1sok intenz\u00edven \u00f6sszpontos\u00edtanak az anyag k\u00f6vetkez\u0151 megfigyelt hat\u00e1saira:<\/p>\n<h4><b>Kognit\u00edv \u00e9s \u00e9rzelmi hat\u00e1sok<\/b><\/h4>\n<ul>\n<li><b>Jav\u00edtott koncentr\u00e1ci\u00f3<\/b> \u00e9s megn\u00f6vekedett <b>ment\u00e1lis tisztas\u00e1g<\/b>.<\/li>\n<li>Fokozott <b>Euf\u00f3ria<\/b> \u00e9s \u00e1ltal\u00e1nos <b>J\u00f3l\u00e9t<\/b> k\u00eds\u00e9rleti modellekben.<\/li>\n<li><b>Fokozott motiv\u00e1ci\u00f3<\/b> \u00e9s potenci\u00e1lisan jobb kommunik\u00e1ci\u00f3.<\/li>\n<\/ul>\n<h4><b>Fizikai hat\u00e1sok:<\/b><\/h4>\n<ul>\n<li>Jelent\u0151s n\u00f6veked\u00e9s <b>Energia<\/b> \u00e9s <b>Cs\u00f6kkentett f\u00e1radts\u00e1g<\/b>.<\/li>\n<li>Az al\u00e1bbiak lehets\u00e9ges n\u00f6veked\u00e9se <b>Sz\u00edvver\u00e9s<\/b> \u00e9s <b>V\u00e9rnyom\u00e1s<\/b> (sz\u00edv- \u00e9s \u00e9rrendszeri stressz).<\/li>\n<\/ul>\n<h2><b>Adagol\u00e1si \u00e9s \u00fajraadagol\u00e1si figyelmeztet\u00e9sek a kutat\u00e1shoz<\/b><\/h2>\n<p>Mivel a BMDP olyan kutat\u00e1si vegyi anyag, amelynek nincs enged\u00e9lyezett gy\u00f3gy\u00e1szati felhaszn\u00e1l\u00e1sa, ez\u00e9rt nincs <b>Nincs hivatalos adagol\u00e1si aj\u00e1nl\u00e1s a fogyaszt\u00e1sra vonatkoz\u00f3an<\/b>. <b>Minden egyes fogyaszt\u00e1s felbecs\u00fclhetetlen eg\u00e9szs\u00e9g\u00fcgyi kock\u00e1zatot jelent.<\/b><\/p>\n<ul>\n<li><b>Kezdeti adag:<\/b> C\u00e9lszer\u0171 a kutat\u00e1sban, <b>rendk\u00edv\u00fcl alacsonyan kell kezdeni<\/b> \u00e9s kompatibilit\u00e1s a kock\u00e1zatok minimaliz\u00e1l\u00e1sa \u00e9rdek\u00e9ben.<\/li>\n<li><b>Id\u0151tartam \u00e9s \u00fajraadagol\u00e1s:<\/b> A BMDP hat\u00e1sa \u00e1ltal\u00e1ban <b>4-6 \u00f3ra<\/b> to. <b>Ism\u00e9telt bevitel (\u00fajb\u00f3li adagol\u00e1s)<\/b> R\u00f6vid id\u0151k\u00f6z\u00f6nk\u00e9nt megn\u0151het a mell\u00e9khat\u00e1sok (p\u00e9ld\u00e1ul pszichotikus t\u00fcnetek vagy sz\u00edvprobl\u00e9m\u00e1k) kock\u00e1zata. <b>jelent\u0151sen n\u00f6vekedni<\/b> \u00e9s ker\u00fclend\u0151.<\/li>\n<li><b>Kombin\u00e1ci\u00f3k:<\/b> A m\u00e1s anyagokkal val\u00f3 kevered\u00e9snek <b>szigor\u00faan ker\u00fclend\u0151<\/b> lesz.<\/li>\n<\/ul>\n<h2><b>Jogszer\u0171s\u00e9g \u00e9s a megfelel\u0151 BMDP term\u00e9k kiv\u00e1laszt\u00e1sa<\/b><\/h2>\n<p>A BMDP v\u00e1s\u00e1rl\u00e1sa szigor\u00faan szab\u00e1lyozott, mivel jogi szempontb\u00f3l NPS (\u00faj pszichoakt\u00edv anyag) kateg\u00f3ri\u00e1ba tartozik, \u00e9s sz\u00e1mos orsz\u00e1gban illeg\u00e1lis.<\/p>\n<h3><b>A jogi helyzet \u00e1ttekint\u00e9se<\/b><\/h3>\n<ul>\n<li><b>N\u00e9metorsz\u00e1g:<\/b> A BMDP a k\u00f6vetkez\u0151kre vonatkozik <b>\u00daj pszichoakt\u00edv anyagokr\u00f3l sz\u00f3l\u00f3 t\u00f6rv\u00e9ny (NpSG)<\/b>. N\u00e9metorsz\u00e1gban a <b>BMDP online v\u00e1s\u00e1rl\u00e1sa<\/b> \u00e9s ez\u00e9rt rendelkeznek <b>illeg\u00e1lis<\/b>, kiv\u00e9ve, ha azt enged\u00e9lyezett tudom\u00e1nyos vagy kereskedelmi c\u00e9lokra haszn\u00e1lj\u00e1k.<\/li>\n<li><b>USA \u00e9s EU:<\/b> Sz\u00e1mos \u00e1llamban a BMDP ellen\u0151rz\u00f6tt anyagnak min\u0151s\u00fcl, vagy az anal\u00f3g t\u00f6rv\u00e9nyek hat\u00e1lya al\u00e1 tartozik.<\/li>\n<\/ul>\n<p><b>A v\u00e1s\u00e1rl\u00f3knak a megrendel\u00e9s lead\u00e1sa el\u0151tt t\u00e1j\u00e9koz\u00f3dniuk kell az aktu\u00e1lis \u00e9s helyi jogi helyzetr\u0151l.<\/b><\/p>\n<h3><b>Hogyan v\u00e1lasztja ki a kiv\u00e1l\u00f3 min\u0151s\u00e9g\u0171 BMDP-t?<\/b><\/h3>\n<p>Sok \u00fcgyf\u00e9l keres <b>V\u00e1s\u00e1roljon BMDP-t olcs\u00f3n online<\/b> vagy <b>v\u00e1s\u00e1rolni val\u00f3di vagy hamis BMDP<\/b>, de a <b>A legjobb hely a BMDP megv\u00e1s\u00e1rl\u00e1s\u00e1ra<\/b> mindig j\u00f3 h\u00edr\u0171, bizony\u00edtottan min\u0151s\u00e9gi szolg\u00e1ltat\u00f3.<\/p>\n<ul>\n<li><b>Tisztas\u00e1gi \u00e9s laborat\u00f3riumi vizsg\u00e1latok:<\/b> Ez a legfontosabb krit\u00e9rium. Csak olyan szolg\u00e1ltat\u00f3kat v\u00e1lasszon, akik <b>Jelenlegi, f\u00fcggetlen laborat\u00f3riumi vizsg\u00e1latok (COA)<\/b> amelyek meger\u0151s\u00edtik a tisztas\u00e1got \u00e9s a k\u00e9miai azonoss\u00e1got.<\/li>\n<li><b>Adagol\u00e1si forma:<\/b> B\u00e1r a porforma ide\u00e1lis a laborat\u00f3riumban t\u00f6rt\u00e9n\u0151 pontos adagol\u00e1shoz, kapszul\u00e1ban vagy tablett\u00e1ban is k\u00edn\u00e1lhat\u00f3. A form\u00e1t egy\u00e9rtelm\u0171en fel kell c\u00edmk\u00e9zni.<\/li>\n<li><b>\u00c1r \u00e9s megb\u00edzhat\u00f3s\u00e1g:<\/b> Hasonl\u00edtsa \u00f6ssze a <b>BMDP \u00e1r<\/b> a k\u00fcl\u00f6nb\u00f6z\u0151 \u00fczletek kritikus fontoss\u00e1g\u00faak. A rendk\u00edv\u00fcl alacsony \u00e1rak gyakran a szennyez\u0151d\u00e9sek mutat\u00f3i. A kiskeresked\u0151nek <b>\u00c1tl\u00e1that\u00f3s\u00e1g<\/b> \u00e9s <b>Biztons\u00e1gos fizet\u00e9si m\u00f3dok<\/b> aj\u00e1nlat.<\/li>\n<\/ul>\n<h3><b>A legjobb helyek BMDP online v\u00e1s\u00e1rl\u00e1s\u00e1ra<\/b><\/h3>\n<p>A v\u00e1s\u00e1rl\u00e1st csak a k\u00f6vetkez\u0151 helyr\u0151l szabad v\u00e9gezni <b>megb\u00edzhat\u00f3, szakosodott vegyszerforgalmaz\u00f3k<\/b> ker\u00fcl sor.<\/p>\n<ul>\n<li><b>Kedvelt elad\u00f3k<\/b> \u00e1tl\u00e1that\u00f3ak a sz\u00e1rmaz\u00e1s szempontj\u00e1b\u00f3l, \u00e9s k\u00f6zvetlen\u00fcl k\u00edn\u00e1lj\u00e1k a laborat\u00f3riumi vizsg\u00e1latokat.<\/li>\n<li><b>Biztons\u00e1gos fizet\u00e9si feldolgoz\u00e1s<\/b> \u00e9s <b>Diszkr\u00e9t, anonim felad\u00e1s<\/b> a komolys\u00e1g tov\u00e1bbi jelei.<\/li>\n<\/ul>\n<h2><b>K\u00f6vetkeztet\u00e9s: gondoss\u00e1g a BMDP online v\u00e1s\u00e1rl\u00e1sakor<\/b><\/h2>\n<p>A BMDP (benzilon) egy er\u0151s szintetikus katinon vegy\u00fclet, amely stimul\u00e1l\u00f3 hat\u00e1sa miatt fontos a kutat\u00e1sban. Ki <b>val\u00f3di vagy hamis BMDP-t v\u00e1s\u00e1rol<\/b> vagy <b>BMDP online v\u00e1s\u00e1rl\u00e1sa<\/b> tiszt\u00e1ban kell lennie a <b>kock\u00e1zatok, a szigor\u00fa t\u00f6rv\u00e9nyess\u00e9g (pl. NpSG N\u00e9metorsz\u00e1gban) \u00e9s a term\u00e9k felt\u00e9tlen\u00fcl sz\u00fcks\u00e9ges tisztas\u00e1ga.<\/b> a term\u00e9kr\u0151l. A <b>A legjobb hely a BMDP megv\u00e1s\u00e1rl\u00e1s\u00e1ra<\/b> mindig megb\u00edzhat\u00f3 keresked\u0151, korrekt \u00e1rakkal. <b>BMDP \u00e1rak<\/b> \u00e9s dokument\u00e1lt min\u0151s\u00e9g.<\/p>\n<p>&nbsp;<\/p>","protected":false},"excerpt":{"rendered":"<p><strong>BMDP<\/strong> egy kiv\u00e1l\u00f3 min\u0151s\u00e9g\u0171 pirrolidinofenon vegy\u00fclet, amelyet kiz\u00e1r\u00f3lag tudom\u00e1nyos vizsg\u00e1latokhoz terveztek. Ide\u00e1lis k\u00e9miai \u00e9s farmakol\u00f3giai kutat\u00e1si c\u00e9lokra. Emberi fogyaszt\u00e1sra nem sz\u00e1nj\u00e1k.<\/p>","protected":false},"featured_media":7046,"comment_status":"open","ping_status":"closed","template":"","meta":{"_joinchat":[]},"product_brand":[],"product_cat":[49],"product_tag":[1946,1952,1947,1950,1951,1949,1948,188,1814,248],"class_list":{"0":"post-7007","1":"product","2":"type-product","3":"status-publish","4":"has-post-thumbnail","6":"product_cat-cathinones","7":"product_tag-bmdp","8":"product_tag-bmdp-chemikalien","9":"product_tag-bmdp-kaufen","10":"product_tag-bmdp-kristalle","11":"product_tag-bmdp-online","12":"product_tag-bmdp-pulver","13":"product_tag-bmdp-zum-verkauf","14":"product_tag-forschungschemikalien","15":"product_tag-forschungsstoffe-kaufen","16":"product_tag-synthetische-stimulanzien","18":"first","19":"instock","20":"shipping-taxable","21":"purchasable","22":"product-type-variable"},"yoast_head":"<!-- This site is optimized with the Yoast SEO plugin v27.5 - https:\/\/yoast.com\/product\/yoast-seo-wordpress\/ -->\n<title>BMDP online Kaufen \u2013 BMDP zu verkaufen | Chemgramx<\/title>\n<meta name=\"description\" content=\"Wenn Sie BMDP noch nicht in unserem Chemgramx-Shop ausprobiert haben, verpassen Sie eine Menge. Wir helfen Ihnen, BMDP online zu g\u00fcnstigen Preisen zu kaufen. Holen Sie sich BMDP noch heute zum Verkauf!\" \/>\n<meta name=\"robots\" content=\"index, follow, max-snippet:-1, max-image-preview:large, max-video-preview:-1\" \/>\n<link rel=\"canonical\" href=\"https:\/\/chemgramx.com\/hu\/termek-1\/vasarolni-bmdp-online\/\" \/>\n<meta property=\"og:locale\" content=\"hu_HU\" \/>\n<meta property=\"og:type\" content=\"article\" \/>\n<meta property=\"og:title\" content=\"BMDP online Kaufen \u2013 BMDP zu verkaufen | Chemgramx\" \/>\n<meta property=\"og:description\" content=\"Wenn Sie BMDP noch nicht in unserem Chemgramx-Shop ausprobiert haben, verpassen Sie eine Menge. Wir helfen Ihnen, BMDP online zu g\u00fcnstigen Preisen zu kaufen. Holen Sie sich BMDP noch heute zum Verkauf!\" \/>\n<meta property=\"og:url\" content=\"https:\/\/chemgramx.com\/hu\/termek-1\/vasarolni-bmdp-online\/\" \/>\n<meta property=\"og:site_name\" content=\"Chemgramx\" \/>\n<meta property=\"article:modified_time\" content=\"2025-11-21T11:13:32+00:00\" \/>\n<meta property=\"og:image\" content=\"https:\/\/chemgramx.com\/wp-content\/uploads\/2025\/11\/bmdb.png\" \/>\n\t<meta property=\"og:image:width\" content=\"600\" \/>\n\t<meta property=\"og:image:height\" content=\"400\" \/>\n\t<meta property=\"og:image:type\" content=\"image\/png\" \/>\n<meta name=\"twitter:card\" content=\"summary_large_image\" \/>\n<meta name=\"twitter:label1\" content=\"Becs\u00fclt olvas\u00e1si id\u0151\" \/>\n\t<meta name=\"twitter:data1\" content=\"4 perc\" \/>\n<script type=\"application\/ld+json\" class=\"yoast-schema-graph\">{\"@context\":\"https:\\\/\\\/schema.org\",\"@graph\":[{\"@type\":\"WebPage\",\"@id\":\"https:\\\/\\\/chemgramx.com\\\/product\\\/bmdp-online-kaufen\\\/\",\"url\":\"https:\\\/\\\/chemgramx.com\\\/product\\\/bmdp-online-kaufen\\\/\",\"name\":\"BMDP online Kaufen \u2013 BMDP zu verkaufen | Chemgramx\",\"isPartOf\":{\"@id\":\"https:\\\/\\\/chemgramx.com\\\/#website\"},\"primaryImageOfPage\":{\"@id\":\"https:\\\/\\\/chemgramx.com\\\/product\\\/bmdp-online-kaufen\\\/#primaryimage\"},\"image\":{\"@id\":\"https:\\\/\\\/chemgramx.com\\\/product\\\/bmdp-online-kaufen\\\/#primaryimage\"},\"thumbnailUrl\":\"https:\\\/\\\/chemgramx.com\\\/wp-content\\\/uploads\\\/2025\\\/11\\\/bmdb.png\",\"datePublished\":\"2025-11-21T11:11:34+00:00\",\"dateModified\":\"2025-11-21T11:13:32+00:00\",\"description\":\"Wenn Sie BMDP noch nicht in unserem Chemgramx-Shop ausprobiert haben, verpassen Sie eine Menge. Wir helfen Ihnen, BMDP online zu g\u00fcnstigen Preisen zu kaufen. Holen Sie sich BMDP noch heute zum Verkauf!\",\"breadcrumb\":{\"@id\":\"https:\\\/\\\/chemgramx.com\\\/product\\\/bmdp-online-kaufen\\\/#breadcrumb\"},\"inLanguage\":\"hu\",\"potentialAction\":[{\"@type\":\"ReadAction\",\"target\":[\"https:\\\/\\\/chemgramx.com\\\/product\\\/bmdp-online-kaufen\\\/\"]}]},{\"@type\":\"ImageObject\",\"inLanguage\":\"hu\",\"@id\":\"https:\\\/\\\/chemgramx.com\\\/product\\\/bmdp-online-kaufen\\\/#primaryimage\",\"url\":\"https:\\\/\\\/chemgramx.com\\\/wp-content\\\/uploads\\\/2025\\\/11\\\/bmdb.png\",\"contentUrl\":\"https:\\\/\\\/chemgramx.com\\\/wp-content\\\/uploads\\\/2025\\\/11\\\/bmdb.png\",\"width\":600,\"height\":400},{\"@type\":\"BreadcrumbList\",\"@id\":\"https:\\\/\\\/chemgramx.com\\\/product\\\/bmdp-online-kaufen\\\/#breadcrumb\",\"itemListElement\":[{\"@type\":\"ListItem\",\"position\":1,\"name\":\"Home\",\"item\":\"https:\\\/\\\/chemgramx.com\\\/\"},{\"@type\":\"ListItem\",\"position\":2,\"name\":\"Shop\",\"item\":\"https:\\\/\\\/chemgramx.com\\\/shop\\\/\"},{\"@type\":\"ListItem\",\"position\":3,\"name\":\"BMDP Online Kaufen\"}]},{\"@type\":\"WebSite\",\"@id\":\"https:\\\/\\\/chemgramx.com\\\/#website\",\"url\":\"https:\\\/\\\/chemgramx.com\\\/\",\"name\":\"Chemgramx\",\"description\":\"\",\"publisher\":{\"@id\":\"https:\\\/\\\/chemgramx.com\\\/#organization\"},\"potentialAction\":[{\"@type\":\"SearchAction\",\"target\":{\"@type\":\"EntryPoint\",\"urlTemplate\":\"https:\\\/\\\/chemgramx.com\\\/?s={search_term_string}\"},\"query-input\":{\"@type\":\"PropertyValueSpecification\",\"valueRequired\":true,\"valueName\":\"search_term_string\"}}],\"inLanguage\":\"hu\"},{\"@type\":\"Organization\",\"@id\":\"https:\\\/\\\/chemgramx.com\\\/#organization\",\"name\":\"Chemgramx\",\"url\":\"https:\\\/\\\/chemgramx.com\\\/\",\"logo\":{\"@type\":\"ImageObject\",\"inLanguage\":\"hu\",\"@id\":\"https:\\\/\\\/chemgramx.com\\\/#\\\/schema\\\/logo\\\/image\\\/\",\"url\":\"https:\\\/\\\/chemgramx.com\\\/wp-content\\\/uploads\\\/2024\\\/10\\\/final-logo.png\",\"contentUrl\":\"https:\\\/\\\/chemgramx.com\\\/wp-content\\\/uploads\\\/2024\\\/10\\\/final-logo.png\",\"width\":250,\"height\":48,\"caption\":\"Chemgramx\"},\"image\":{\"@id\":\"https:\\\/\\\/chemgramx.com\\\/#\\\/schema\\\/logo\\\/image\\\/\"}}]}<\/script>\n<!-- \/ Yoast SEO plugin. -->","yoast_head_json":{"title":"BMDP v\u00e1s\u00e1rl\u00e1sa online \u2013 BMDP elad\u00f3 | Chemgramx","description":"Ha m\u00e9g nem pr\u00f3b\u00e1ltad ki a BMDP-t a Chemgramx \u00fczlet\u00fcnkben, akkor lemaradsz. Seg\u00edt\u00fcnk neked megfizethet\u0151 \u00e1ron online v\u00e1s\u00e1rolni a BMDP-t. Szerezd be a BMDP-t m\u00e9g ma akci\u00f3san!","robots":{"index":"index","follow":"follow","max-snippet":"max-snippet:-1","max-image-preview":"max-image-preview:large","max-video-preview":"max-video-preview:-1"},"canonical":"https:\/\/chemgramx.com\/hu\/termek-1\/vasarolni-bmdp-online\/","og_locale":"hu_HU","og_type":"article","og_title":"BMDP online Kaufen \u2013 BMDP zu verkaufen | Chemgramx","og_description":"Wenn Sie BMDP noch nicht in unserem Chemgramx-Shop ausprobiert haben, verpassen Sie eine Menge. Wir helfen Ihnen, BMDP online zu g\u00fcnstigen Preisen zu kaufen. Holen Sie sich BMDP noch heute zum Verkauf!","og_url":"https:\/\/chemgramx.com\/hu\/termek-1\/vasarolni-bmdp-online\/","og_site_name":"Chemgramx","article_modified_time":"2025-11-21T11:13:32+00:00","og_image":[{"width":600,"height":400,"url":"https:\/\/chemgramx.com\/wp-content\/uploads\/2025\/11\/bmdb.png","type":"image\/png"}],"twitter_card":"summary_large_image","twitter_misc":{"Becs\u00fclt olvas\u00e1si id\u0151":"4 perc"},"schema":{"@context":"https:\/\/schema.org","@graph":[{"@type":"WebPage","@id":"https:\/\/chemgramx.com\/product\/bmdp-online-kaufen\/","url":"https:\/\/chemgramx.com\/product\/bmdp-online-kaufen\/","name":"BMDP v\u00e1s\u00e1rl\u00e1sa online \u2013 BMDP elad\u00f3 | Chemgramx","isPartOf":{"@id":"https:\/\/chemgramx.com\/#website"},"primaryImageOfPage":{"@id":"https:\/\/chemgramx.com\/product\/bmdp-online-kaufen\/#primaryimage"},"image":{"@id":"https:\/\/chemgramx.com\/product\/bmdp-online-kaufen\/#primaryimage"},"thumbnailUrl":"https:\/\/chemgramx.com\/wp-content\/uploads\/2025\/11\/bmdb.png","datePublished":"2025-11-21T11:11:34+00:00","dateModified":"2025-11-21T11:13:32+00:00","description":"Ha m\u00e9g nem pr\u00f3b\u00e1ltad ki a BMDP-t a Chemgramx \u00fczlet\u00fcnkben, akkor lemaradsz. Seg\u00edt\u00fcnk neked megfizethet\u0151 \u00e1ron online v\u00e1s\u00e1rolni a BMDP-t. Szerezd be a BMDP-t m\u00e9g ma akci\u00f3san!","breadcrumb":{"@id":"https:\/\/chemgramx.com\/product\/bmdp-online-kaufen\/#breadcrumb"},"inLanguage":"hu","potentialAction":[{"@type":"ReadAction","target":["https:\/\/chemgramx.com\/product\/bmdp-online-kaufen\/"]}]},{"@type":"ImageObject","inLanguage":"hu","@id":"https:\/\/chemgramx.com\/product\/bmdp-online-kaufen\/#primaryimage","url":"https:\/\/chemgramx.com\/wp-content\/uploads\/2025\/11\/bmdb.png","contentUrl":"https:\/\/chemgramx.com\/wp-content\/uploads\/2025\/11\/bmdb.png","width":600,"height":400},{"@type":"BreadcrumbList","@id":"https:\/\/chemgramx.com\/product\/bmdp-online-kaufen\/#breadcrumb","itemListElement":[{"@type":"ListItem","position":1,"name":"Home","item":"https:\/\/chemgramx.com\/"},{"@type":"ListItem","position":2,"name":"Shop","item":"https:\/\/chemgramx.com\/shop\/"},{"@type":"ListItem","position":3,"name":"BMDP Online Kaufen"}]},{"@type":"WebSite","@id":"https:\/\/chemgramx.com\/#website","url":"https:\/\/chemgramx.com\/","name":"Chemgramx","description":"","publisher":{"@id":"https:\/\/chemgramx.com\/#organization"},"potentialAction":[{"@type":"SearchAction","target":{"@type":"EntryPoint","urlTemplate":"https:\/\/chemgramx.com\/?s={search_term_string}"},"query-input":{"@type":"PropertyValueSpecification","valueRequired":true,"valueName":"search_term_string"}}],"inLanguage":"hu"},{"@type":"Organization","@id":"https:\/\/chemgramx.com\/#organization","name":"Chemgramx","url":"https:\/\/chemgramx.com\/","logo":{"@type":"ImageObject","inLanguage":"hu","@id":"https:\/\/chemgramx.com\/#\/schema\/logo\/image\/","url":"https:\/\/chemgramx.com\/wp-content\/uploads\/2024\/10\/final-logo.png","contentUrl":"https:\/\/chemgramx.com\/wp-content\/uploads\/2024\/10\/final-logo.png","width":250,"height":48,"caption":"Chemgramx"},"image":{"@id":"https:\/\/chemgramx.com\/#\/schema\/logo\/image\/"}}]}},"_links":{"self":[{"href":"https:\/\/chemgramx.com\/hu\/wp-json\/wp\/v2\/product\/7007","targetHints":{"allow":["GET"]}}],"collection":[{"href":"https:\/\/chemgramx.com\/hu\/wp-json\/wp\/v2\/product"}],"about":[{"href":"https:\/\/chemgramx.com\/hu\/wp-json\/wp\/v2\/types\/product"}],"replies":[{"embeddable":true,"href":"https:\/\/chemgramx.com\/hu\/wp-json\/wp\/v2\/comments?post=7007"}],"wp:featuredmedia":[{"embeddable":true,"href":"https:\/\/chemgramx.com\/hu\/wp-json\/wp\/v2\/media\/7046"}],"wp:attachment":[{"href":"https:\/\/chemgramx.com\/hu\/wp-json\/wp\/v2\/media?parent=7007"}],"wp:term":[{"taxonomy":"product_brand","embeddable":true,"href":"https:\/\/chemgramx.com\/hu\/wp-json\/wp\/v2\/product_brand?post=7007"},{"taxonomy":"product_cat","embeddable":true,"href":"https:\/\/chemgramx.com\/hu\/wp-json\/wp\/v2\/product_cat?post=7007"},{"taxonomy":"product_tag","embeddable":true,"href":"https:\/\/chemgramx.com\/hu\/wp-json\/wp\/v2\/product_tag?post=7007"}],"curies":[{"name":"wp","href":"https:\/\/api.w.org\/{rel}","templated":true}]}}