{"id":7009,"date":"2025-11-21T11:11:34","date_gmt":"2025-11-21T11:11:34","guid":{"rendered":"https:\/\/chemgramx.com\/?post_type=product&#038;p=7009"},"modified":"2025-11-21T11:13:32","modified_gmt":"2025-11-21T11:13:32","slug":"d-tertilone-online-rendeles","status":"publish","type":"product","link":"https:\/\/chemgramx.com\/hu\/product\/d-tertylone-bestellung-online\/","title":{"rendered":"D-Tertilone rendel\u00e9s online"},"content":{"rendered":"<p><b>D-<a href=\"\/product\/d-tertylone-online-kaufen\/\">Tertilon-hidroklorid<\/a><\/b>, k\u00e9miailag m\u00e1s n\u00e9ven <b>MDPT<\/b> vagy <b>tBuONE<\/b>, n\u00e9lk\u00fcl\u00f6zhetetlen szerepet t\u00f6lt be a <b>analitikai referenciastandard<\/b> a legmagasabb oszt\u00e1lyb\u00f3l. Mint a <b>szintetikus <span class=\"math-inline\" data-math=\"beta\">b\u00e9ta<\/span>-Keto-Katinon<\/b> ez az anyag kulcsszerepet j\u00e1tszik a modern vizsg\u00e1latban a <b>\u00faj pszichoakt\u00edv anyagok (NPS)<\/b>. A molekulaszerkezet szorosan kapcsol\u00f3dik m\u00e1s klinikailag \u00e9s igazs\u00e1g\u00fcgyi szempontb\u00f3l relev\u00e1ns stimul\u00e1nsokhoz, mint p\u00e9ld\u00e1ul a <b>MDPV<\/b> \u00e9s <b>Pyrovalerone<\/b>, Ez teszi a D-tertilont fontos kontrollmolekul\u00e1v\u00e1 a komplex visszav\u00e9tel-g\u00e1tl\u00e1si mechanizmusok meg\u00e9rt\u00e9s\u00e9hez \u00e9s elemz\u00e9s\u00e9hez.<\/p>\n<p>A D-Tertilone HCl t\u00e9tel\u00fcnk szigor\u00faan a k\u00f6vetkez\u0151kben val\u00f3 felhaszn\u00e1l\u00e1sra korl\u00e1toz\u00f3dik <b>ellen\u0151rz\u00f6tt laborat\u00f3riumi k\u00f6rnyezetek<\/b> orient\u00e1lt. Kiz\u00e1r\u00f3lag a k\u00f6vetkez\u0151k sz\u00e1m\u00e1ra k\u00e9sz\u00fclt <b>K\u00e9pzett szak\u00e9rt\u0151k<\/b> \u00e9s <b>Akkredit\u00e1lt kutat\u00f3int\u00e9zetek<\/b> akik a legmagasabb k\u00f6vetelm\u00e9nyeket t\u00e1masztj\u00e1k a reagensek tisztas\u00e1g\u00e1val \u00e9s dokument\u00e1ci\u00f3j\u00e1val szemben. A <b>analitikailag meger\u0151s\u00edtett tisztas\u00e1g\u00fa <span class=\"math-inline\" data-math=\"ge98,%\">98%<\/span><\/b>\u00a0szabv\u00e1nyunk garant\u00e1lja a sz\u00fcks\u00e9ges <b>Prec\u00edzi\u00f3s<\/b> \u00e9s <b>Reproduk\u00e1lhat\u00f3s\u00e1g<\/b> az \u00d6n <b>spektroszk\u00f3piai<\/b> \u00e9s <b>kromatogr\u00e1fi\u00e1s<\/b> M\u00e9retek. A robusztus \u00e9s megb\u00edzhat\u00f3 m\u00e9r\u00e9sek l\u00e9trehoz\u00e1s\u00e1ra szakosodott laborat\u00f3riumok sz\u00e1m\u00e1ra. <b>NPS sz\u0171r\u00e9sek<\/b> \u00e9s a <b>Toxikol\u00f3giai m\u00f3dszerek valid\u00e1l\u00e1sa<\/b> a <b>D-Tertilon referenciastandard<\/b> a tudom\u00e1nyos integrit\u00e1s alapja.<\/p>\n<h2>Precizit\u00e1s a k\u00e9mi\u00e1ban: szerkezet, specifik\u00e1ci\u00f3k \u00e9s tisztas\u00e1gi garancia<\/h2>\n<p>A referenciaanyag szerkezeti tisztas\u00e1ga \u00e9s k\u00e9miai tisztas\u00e1ga minden \u00e9rv\u00e9nyes analitikai munka alapja. A D-Tertilon (MDPT) sem kiv\u00e9tel, \u00e9s jellemz\u00e9se a legnagyobb gondoss\u00e1got ig\u00e9nyli.<\/p>\n<h3>A D-Tertilone r\u00e9szletes k\u00e9miai ujjlenyomata<\/h3>\n<p>A n\u00f3menklat\u00fara le\u00edrja azokat a speci\u00e1lis funkci\u00f3s csoportokat, amelyek a D-Tertilonnak egyedi tulajdons\u00e1gokat k\u00f6lcs\u00f6n\u00f6znek. Az anyag a k\u00f6vetkez\u0151 csoportba tartozik <b><span class=\"math-inline\" data-math=\"beta\">b\u00e9ta<\/span>-Keto-Katinon<\/b> (<span class=\"math-inline\" data-math=\"beta\">b\u00e9ta<\/span>ketonok), amelyek jellemz\u0151je a ketocsoport szubsztituens a <span class=\"math-inline\" data-math=\"beta\">b\u00e9ta<\/span>-sz\u00e9n jellemzi. Szerkezetileg a molekul\u00e1t a k\u00f6vetkez\u0151k jellemzik <b>Metil\u00e9ndioxiilfenil-csoport<\/b> az arom\u00e1s gy\u0171r\u0171n \u00e9s a terjedelmes <b>tert-butilamino szubsztituensek<\/b> az aminocsoportban.<\/p>\n<ul>\n<li><b>K\u00e9miai oszt\u00e1ly:<\/b> Szintetikus <span class=\"math-inline\" data-math=\"beta\">b\u00e9ta<\/span>-Keto-Katinon<\/li>\n<li><b>IUPAC n\u00e9v:<\/b> A pontos k\u00e9miai n\u00e9v <b>1-(3,4-Metil\u00e9n-dioxiilfenil)-2-(tert-butilamino)-propan-1-on<\/b>.<\/li>\n<li><b>Molekul\u00e1ris forma:<\/b> \u00c1ltal\u00e1ban stabilk\u00e9nt haszn\u00e1lj\u00e1k <b>Hidroklorid s\u00f3<\/b> sz\u00e1ll\u00edtott.<\/li>\n<li><b>\u00d6sszes\u00edtett \u00e1llapot:<\/b> Nagy tisztas\u00e1g, <b>krist\u00e1lyos por<\/b>, amely lehet\u0151v\u00e9 teszi az egyszer\u0171 \u00e9s pontos m\u00e9rlegel\u00e9st analitikai m\u00e9rlegeken.<\/li>\n<li><b>Molekulat\u00f6meg:<\/b> <span class=\"math-inline\" data-math=\"213.69 , text{g\/mol}\">213,69 g\/mol <\/span>(hidroklorid), amely elengedhetetlen a mol\u00e1ris standard oldatok elk\u00e9sz\u00edt\u00e9s\u00e9hez.<\/li>\n<li><b>Oldhat\u00f3s\u00e1gi profil:<\/b> Kiv\u00e1l\u00f3 <b>Oldhat\u00f3s\u00e1g pol\u00e1ros old\u00f3szerekben<\/b> (pl. metanol \u00e9s acetonitril) \u00e9s v\u00edzben, ami megk\u00f6nny\u00edti a kalibr\u00e1ci\u00f3s standardok elk\u00e9sz\u00edt\u00e9s\u00e9t a k\u00f6vetkez\u0151 m\u00e9r\u00e9sekhez <span class=\"math-inline\" data-math=\"LC-MS\/MS\">LC-MS\/MS<\/span>\u00a0\u00e9s <span class=\"math-inline\" data-math=\"HPLC\">HPLC<\/span>\u00a0egyszer\u0171s\u00edtve.<\/li>\n<\/ul>\n<h3>Garant\u00e1lt analitikai min\u0151s\u00e9g \u00e9s dokument\u00e1ci\u00f3<\/h3>\n<p>A min\u0151s\u00e9g ir\u00e1nti elk\u00f6telezetts\u00e9g\u00fcnk t\u00falmutat az egyszer\u0171 tisztas\u00e1gi nyilatkozaton. \u00c1tfog\u00f3 <b>Min\u0151s\u00e9gbiztos\u00edt\u00e1s<\/b>, ami elengedhetetlen a nemzetk\u00f6zi laborat\u00f3riumi szabv\u00e1nyoknak val\u00f3 megfelel\u00e9shez.<\/p>\n<ol start=\"1\">\n<li><b>Tisztas\u00e1gi elemz\u00e9s:<\/b> Egy <b>analitikai tisztas\u00e1g <span class=\"math-inline\" data-math=\"ge98,%\">98%<\/span><\/b>\u00a0a minim\u00e1lis k\u00f6vetelm\u00e9ny. Ez els\u0151sorban a k\u00f6vetkez\u0151kkel \u00e9rhet\u0151 el <b>HPLC (nagy teljes\u00edtm\u00e9ny\u0171 folyad\u00e9kkromatogr\u00e1fia)<\/b> UV- vagy DAD-kimutat\u00e1ssal meger\u0151s\u00edtve. Kieg\u00e9sz\u00edt\u0151 technik\u00e1k, mint p\u00e9ld\u00e1ul <b>v\u00e9konyr\u00e9teg-kromatogr\u00e1fia (TLC)<\/b> vagy <b>g\u00e1zkromatogr\u00e1fia (GC)<\/b> Az elemz\u00e9sek ellen\u0151rz\u00e9sre is felhaszn\u00e1lhat\u00f3k.<\/li>\n<li><b>Elemz\u00e9si tan\u00fas\u00edtv\u00e1ny (CoA):<\/b> Minden sz\u00e1ll\u00edtott egys\u00e9get egy <b>teljes CoA<\/b> felt\u00e9ve. Ez a dokumentum nem csak a tisztas\u00e1gi vizsg\u00e1latot tartalmazza, hanem fontos <b>Spektrometriai adatok<\/b> (<b>T\u00f6megspektrometria (MS)<\/b> \u00e9s <b><a href=\"\/product\/d-tertylone-bestellung-online-kaufen\/\">Nukle\u00e1ris m\u00e1gneses rezonancia spektroszk\u00f3pia<\/a> (NMR)<\/b>), amelyeket a <b>\u00c9rv\u00e9nyes\u00edt\u00e9s<\/b> a molekulaszerkezet \u00e9s a <b>Referencia spektrumok<\/b> sz\u00fcks\u00e9gesek a laborat\u00f3riumi adatb\u00e1zisban.<\/li>\n<li><b>Nyomonk\u00f6vethet\u0151s\u00e9g:<\/b> Gy\u00e1rt\u00e1si \u00e9s tesztel\u00e9si protokolljaink garant\u00e1lj\u00e1k a z\u00f6kken\u0151mentes \u00e9s <b>Nyomonk\u00f6vethet\u0151s\u00e9g<\/b> az egyes t\u00e9telekn\u00e9l, ami d\u00f6nt\u0151 t\u00e9nyez\u0151 a <b>ISO 17025 tan\u00fas\u00edt\u00e1s<\/b> \u00e9s az el\u0151\u00edr\u00e1soknak val\u00f3 megfelel\u00e9s <b>GLP-szabv\u00e1nyok<\/b> (J\u00f3 laborat\u00f3riumi gyakorlat).<\/li>\n<\/ol>\n<h2>\u00a0K\u00f6zponti kutat\u00e1si ter\u00fcletek \u00e9s toxikol\u00f3giai jelent\u0151s\u00e9g<\/h2>\n<p>A D-tertilonnal (MDPT) v\u00e9gzett kutat\u00e1s kulcsfontoss\u00e1g\u00fa a szintetikus katinonok farmakol\u00f3gi\u00e1j\u00e1nak meg\u00e9rt\u00e9s\u00e9hez \u00e9s a kriminalisztikai kimutat\u00e1si m\u00f3dszerek tov\u00e1bbfejleszt\u00e9s\u00e9hez.<\/p>\n<h3>T\u00f6rv\u00e9nysz\u00e9ki toxikol\u00f3gia \u00e9s NPS-sz\u0171r\u00e9s<\/h3>\n<p>Tekintettel az \u00faj katinonsz\u00e1rmaz\u00e9kok folyamatos megjelen\u00e9s\u00e9re, a D-Tertilon kulcsfontoss\u00e1g\u00fa molekula a t\u00f6rv\u00e9nysz\u00e9ki elemz\u00e9sben. A laborat\u00f3riumoknak sz\u00fcks\u00e9g\u00fck van a <b>MDPT referenciastandard<\/b>, hogy optimaliz\u00e1lj\u00e1k analitikai vizsg\u00e1lati elj\u00e1r\u00e1saikat. <b>validate<\/b> \u00e9s friss\u00edtik adatb\u00e1zisukat.<\/p>\n<ul>\n<li><b>A m\u00f3dszer valid\u00e1l\u00e1sa:<\/b> A D-Tertilone alapvet\u0151 <b>Min\u0151s\u00e9gellen\u0151rz\u00e9si szabv\u00e1ny<\/b> a robusztus <b>T\u00f6bbc\u00e9l\u00fa sz\u0171r\u0151vizsg\u00e1latok<\/b> a katinonok azonos\u00edt\u00e1s\u00e1ra biol\u00f3giai mint\u00e1kban (pl. vizelet, v\u00e9r, haj).<\/li>\n<li><b>Kalibr\u00e1l\u00e1s \u00e9s mennyis\u00e9gi meghat\u00e1roz\u00e1s:<\/b> A nagy tisztas\u00e1g\u00fa anyagb\u00f3l pontos <b>Kalibr\u00e1ci\u00f3s g\u00f6rb\u00e9k<\/b> a  oldalon. <b>LC-MS\/MS<\/b> \u00e9s m\u00e1s kvantitat\u00edv technik\u00e1k, amelyek lehet\u0151v\u00e9 teszik a koncentr\u00e1ci\u00f3k pontos meghat\u00e1roz\u00e1s\u00e1t t\u00f6rv\u00e9nysz\u00e9ki \u00fcgyekben.<\/li>\n<li><b>Post-mortem elemz\u00e9s:<\/b> Az anyag kritikus referenciapontot jelent a holttestek elemz\u00e9s\u00e9hez, ahol a m\u00f3dszer \u00e9rz\u00e9kenys\u00e9g\u00e9vel \u00e9s szelektivit\u00e1s\u00e1val szemben magas k\u00f6vetelm\u00e9nyeket t\u00e1masztanak.<\/li>\n<\/ul>\n<h3>Farmakol\u00f3giai \u00e9s anyagcsere-kutat\u00e1s<\/h3>\n<p>A kiemelked\u0151 MRI-khez (monoamin-visszav\u00e9tel-g\u00e1tl\u00f3k) val\u00f3 szerkezeti hasonl\u00f3s\u00e1ga miatt a D-Tertilone fontos modell a farmakol\u00f3giai vizsg\u00e1latokhoz.<\/p>\n<ul>\n<li><b>Neurotranszmitter-transzporter vizsg\u00e1latok:<\/b> A D-Tertilone-t a <b>Affinit\u00e1s<\/b> \u00e9s <b>Potencia<\/b> a molekula <b>Dopamin, noradrenalin \u00e9s szerotonin transzporterek<\/b> vizsg\u00e1land\u00f3. Ezek a vizsg\u00e1latok seg\u00edtenek megfejteni a lehets\u00e9ges kock\u00e1zatokat \u00e9s az anyag molekul\u00e1ris profilj\u00e1t.<\/li>\n<li><b>Anyagcsere-sz\u0171r\u00e9s:<\/b> Annak \u00e9rdek\u00e9ben, hogy a t\u00f6rv\u00e9nysz\u00e9ki laborat\u00f3riumok m\u00e9g a metabolikus leboml\u00e1st k\u00f6vet\u0151en is felismerhess\u00e9k az anyagot, a D-Tertilont a k\u00f6vetkez\u0151kre alkalmazz\u00e1k <b><span class=\"math-inline\" data-math=\"In\">A  oldalon. <\/span><span class=\"math-inline\" data-math=\"vitro\">vitro<\/span>-Aanyagcsere-vizsg\u00e1latok<\/b> haszn\u00e1lj\u00e1k. A pontos <b>k\u00e9miai boml\u00e1sterm\u00e9kek<\/b> (metabolitok) \u00e9s nagyfelbont\u00e1s\u00fa t\u00f6megspektrometria seg\u00edts\u00e9g\u00e9vel jellemezt\u00e9k szerkezet\u00fcket. E metabolitok azonos\u00edt\u00e1sa kulcsfontoss\u00e1g\u00fa az \u00faj kriminalisztikai m\u00f3dszerek kifejleszt\u00e9s\u00e9hez. <b>Biomarkerek<\/b>.<\/li>\n<\/ul>\n<h2>\u00a0Jogi keret \u00e9s laborat\u00f3riumi megfelel\u00e9s<\/h2>\n<p>A D-Tertilon-hidroklorid beszerz\u00e9se \u00e9s kezel\u00e9se szigor\u00fa jogi szab\u00e1lyoz\u00e1s al\u00e1 esik, \u00e9s kiz\u00e1r\u00f3lag tudom\u00e1nyos felhaszn\u00e1l\u00e1sra van fenntartva.<\/p>\n<h3>Jogi \u00e9s szab\u00e1lyoz\u00e1si k\u00f6vetelm\u00e9nyek<\/h3>\n<p>F\u00fcggetlen\u00fcl a vonatkoz\u00f3 nemzeti besorol\u00e1st\u00f3l (amely folyamatosan v\u00e1ltozhat, pl. az\u00e1ltal, hogy beker\u00fcl a <b>NpSG<\/b> vagy a <b>BtMG<\/b>), a D-Tertilone-t a k\u00f6vetkez\u0151k\u00e9nt alkalmazz\u00e1k <b>ellen\u0151rz\u00f6tt kutat\u00e1si vegyszer<\/b> kezelt.<\/p>\n<ul>\n<li><b>\u00c9rt\u00e9kes\u00edt\u00e9si korl\u00e1toz\u00e1s:<\/b> Az \u00e9rt\u00e9kes\u00edt\u00e9s szigor\u00faan <b>csak enged\u00e9lyezett kutat\u00f3int\u00e9zetek sz\u00e1m\u00e1ra<\/b> vagy a szab\u00e1lyozott anyagok kezel\u00e9s\u00e9re vonatkoz\u00f3 megfelel\u0151 enged\u00e9lyekkel \u00e9s jogos\u00edtv\u00e1nyokkal rendelkez\u0151 v\u00e1llalatok.<\/li>\n<li><b>Megfelel\u0151s\u00e9gi felel\u0151ss\u00e9g:<\/b> A vev\u0151 teljes felel\u0151ss\u00e9ggel tartozik az \u00f6sszes <b>helyi, nemzeti \u00e9s nemzetk\u00f6zi jogszab\u00e1lyok<\/b> az ellen\u0151rz\u00f6tt vegyi anyag behozatal\u00e1ra, birtokl\u00e1s\u00e1ra, t\u00e1rol\u00e1s\u00e1ra \u00e9s felhaszn\u00e1l\u00e1s\u00e1ra vonatkoz\u00f3an.<\/li>\n<\/ul>\n<h3>Biztons\u00e1g \u00e9s megfelel\u0151 kezel\u00e9s a laborat\u00f3riumban<\/h3>\n<p>Ezen analitikai szabv\u00e1ny biztons\u00e1gos feldolgoz\u00e1s\u00e1t a legszigor\u00fabb el\u0151\u00edr\u00e1soknak megfelel\u0151en kell v\u00e9gezni. <b>GLP-konform<\/b> felt\u00e9telek:<\/p>\n<ul>\n<li><b>PSA:<\/b> A laborat\u00f3riumi dolgoz\u00f3nak mindig <b>Szem\u00e9lyi v\u00e9d\u0151felszerel\u00e9s<\/b> bele\u00e9rtve a  honlapot is. <b>Laborat\u00f3riumi k\u00f6peny, vegyszer\u00e1ll\u00f3 keszty\u0171<\/b> \u00e9s <b>V\u00e9d\u0151szem\u00fcveg<\/b>.<\/li>\n<li><b>Szell\u0151z\u00e9s:<\/b> A feldolgoz\u00e1s a <b>krist\u00e1lyos por<\/b> \u00e9s a t\u00f6rzsoldatok k\u00e9sz\u00edt\u00e9s\u00e9t a k\u00f6vetkez\u0151k szerint kell elv\u00e9gezni <b>hat\u00e9kony, tan\u00fas\u00edtott szekr\u00e9nyrendszer<\/b> (f\u00fcstelvezet\u0151) az aeroszoloknak vagy poroknak val\u00f3 kitetts\u00e9g megel\u0151z\u00e9se \u00e9rdek\u00e9ben.<\/li>\n<li><b>T\u00e1rol\u00e1si protokoll:<\/b> A t\u00e1rol\u00e1snak meg kell felelnie az al\u00e1bbi aj\u00e1nl\u00e1soknak <b>MSDS (anyagbiztons\u00e1gi adatlap)<\/b> ker\u00fcl sor: <b>Kir\u00e1ly (<span class=\"math-inline\" data-math=\"text{2\u20138 \u00b0C}\">2-8 \u00b0C<\/span>), sz\u00e1raz \u00e9s f\u00e9nyt\u0151l teljesen v\u00e9dett<\/b>optimaliz\u00e1lni a <b>K\u00e9miai stabilit\u00e1s<\/b> a kiv\u00e1l\u00f3 min\u0151s\u00e9g\u0171 referenciastandard.<\/li>\n<\/ul>\n<h2>\u00a0Analitikai szabv\u00e1nyok rendel\u00e9si folyamata \u00e9s \u00fcgyf\u00e9lt\u00e1mogat\u00e1s<\/h2>\n<p>Mi vagyunk az \u00d6n megb\u00edzhat\u00f3 partnere <b>Kiv\u00e1l\u00f3 min\u0151s\u00e9g\u0171 referenciastandardok<\/b>.<\/p>\n<h3 style=\"text-align: left;\">El\u00e9rhet\u0151 mennyis\u00e9gek \u00e9s rendel\u00e9si k\u00f6vetelm\u00e9nyek<\/h3>\n<p>A D-Tertilon-hidrokloridot a k\u00f6vetkez\u0151 analitikailag relev\u00e1ns mennyis\u00e9gekben k\u00edn\u00e1ljuk, amelyek a kalibr\u00e1l\u00e1sok \u00e9s a min\u0151s\u00e9gellen\u0151rz\u00e9si vizsg\u00e1latok ig\u00e9nyeihez igazodnak:<\/p>\n<ul>\n<li><b>Referencia minta:<\/b> 100 mg<\/li>\n<li><b>Standard mennyis\u00e9g:<\/b> 500 mg<\/li>\n<li><b>T\u00f6meges mennyis\u00e9g:<\/b> 1 g<\/li>\n<\/ul>\n<p><b>A parancs k\u00f6telez\u0151:<\/b><\/p>\n<ol start=\"1\">\n<li>Bizony\u00edt\u00e9k a <b>Enged\u00e9lyez\u00e9s<\/b> \u00e9s az ingatlan mint <b>Kutat\u00e1si szervezet<\/b> (int\u00e9zm\u00e9nyi st\u00e1tusz igazol\u00e1sa).<\/li>\n<li>\u00cdr\u00e1sos meger\u0151s\u00edt\u00e9s arr\u00f3l, hogy az anyag <b>kiz\u00e1r\u00f3lag analitikai \u00e9s tudom\u00e1nyos referencia c\u00e9lokra<\/b> haszn\u00e1lj\u00e1k.<\/li>\n<li>Az elismer\u00e9s a <b>A felel\u0151ss\u00e9g korl\u00e1toz\u00e1sa<\/b> \u00e9s a <b>MSDS<\/b>.<\/li>\n<\/ol>","protected":false},"excerpt":{"rendered":"<p><strong>D-Tertilone<\/strong> egy sokoldal\u00fa kutat\u00e1si katinon, amelyet kifejezetten a modern k\u00e9miai anal\u00edzishez fejlesztettek ki. Ide\u00e1lis gy\u00f3gyszer\u00e9szeti \u00e9s analitikai vizsg\u00e1latokhoz.<\/p>","protected":false},"featured_media":7048,"comment_status":"open","ping_status":"closed","template":"","meta":{"_joinchat":[]},"product_brand":[],"product_cat":[49],"product_tag":[1932,1938,1933,1936,1937,1935,1934,188,1814,248],"class_list":{"0":"post-7009","1":"product","2":"type-product","3":"status-publish","4":"has-post-thumbnail","6":"product_cat-cathinones","7":"product_tag-d-tertylone","8":"product_tag-d-tertylone-chemikalien","9":"product_tag-d-tertylone-kaufen","10":"product_tag-d-tertylone-kristalle","11":"product_tag-d-tertylone-online","12":"product_tag-d-tertylone-pulver","13":"product_tag-d-tertylone-zum-verkauf","14":"product_tag-forschungschemikalien","15":"product_tag-forschungsstoffe-kaufen","16":"product_tag-synthetische-stimulanzien","18":"first","19":"instock","20":"shipping-taxable","21":"purchasable","22":"product-type-variable"},"yoast_head":"<!-- This site is optimized with the Yoast SEO plugin v27.5 - https:\/\/yoast.com\/product\/yoast-seo-wordpress\/ -->\n<title>D-Tertylone Bestellung Online Kaufen<\/title>\n<meta name=\"description\" content=\"D-Tertylon zu verkaufen ist jetzt ganz einfach in unserem Chemgramx-Onlineshop erh\u00e4ltlich.\" \/>\n<meta name=\"robots\" content=\"index, follow, max-snippet:-1, max-image-preview:large, max-video-preview:-1\" \/>\n<link rel=\"canonical\" href=\"https:\/\/chemgramx.com\/hu\/termek-1\/d-tertilone-online-rendeles\/\" \/>\n<meta property=\"og:locale\" content=\"hu_HU\" \/>\n<meta property=\"og:type\" content=\"article\" \/>\n<meta property=\"og:title\" content=\"D-Tertylone Bestellung Online Kaufen\" \/>\n<meta property=\"og:description\" content=\"D-Tertylon zu verkaufen ist jetzt ganz einfach in unserem Chemgramx-Onlineshop erh\u00e4ltlich.\" \/>\n<meta property=\"og:url\" content=\"https:\/\/chemgramx.com\/hu\/termek-1\/d-tertilone-online-rendeles\/\" \/>\n<meta property=\"og:site_name\" content=\"Chemgramx\" \/>\n<meta property=\"article:modified_time\" content=\"2025-11-21T11:13:32+00:00\" \/>\n<meta property=\"og:image\" content=\"https:\/\/chemgramx.com\/wp-content\/uploads\/2025\/11\/dtertiloyn.png\" \/>\n\t<meta property=\"og:image:width\" content=\"600\" \/>\n\t<meta property=\"og:image:height\" content=\"400\" \/>\n\t<meta property=\"og:image:type\" content=\"image\/png\" \/>\n<meta name=\"twitter:card\" content=\"summary_large_image\" \/>\n<meta name=\"twitter:label1\" content=\"Becs\u00fclt olvas\u00e1si id\u0151\" \/>\n\t<meta name=\"twitter:data1\" content=\"5 perc\" \/>\n<script type=\"application\/ld+json\" class=\"yoast-schema-graph\">{\"@context\":\"https:\\\/\\\/schema.org\",\"@graph\":[{\"@type\":\"WebPage\",\"@id\":\"https:\\\/\\\/chemgramx.com\\\/product\\\/d-tertylone-bestellung-online\\\/\",\"url\":\"https:\\\/\\\/chemgramx.com\\\/product\\\/d-tertylone-bestellung-online\\\/\",\"name\":\"D-Tertylone Bestellung Online Kaufen\",\"isPartOf\":{\"@id\":\"https:\\\/\\\/chemgramx.com\\\/#website\"},\"primaryImageOfPage\":{\"@id\":\"https:\\\/\\\/chemgramx.com\\\/product\\\/d-tertylone-bestellung-online\\\/#primaryimage\"},\"image\":{\"@id\":\"https:\\\/\\\/chemgramx.com\\\/product\\\/d-tertylone-bestellung-online\\\/#primaryimage\"},\"thumbnailUrl\":\"https:\\\/\\\/chemgramx.com\\\/wp-content\\\/uploads\\\/2025\\\/11\\\/dtertiloyn.png\",\"datePublished\":\"2025-11-21T11:11:34+00:00\",\"dateModified\":\"2025-11-21T11:13:32+00:00\",\"description\":\"D-Tertylon zu verkaufen ist jetzt ganz einfach in unserem Chemgramx-Onlineshop erh\u00e4ltlich.\",\"breadcrumb\":{\"@id\":\"https:\\\/\\\/chemgramx.com\\\/product\\\/d-tertylone-bestellung-online\\\/#breadcrumb\"},\"inLanguage\":\"hu\",\"potentialAction\":[{\"@type\":\"ReadAction\",\"target\":[\"https:\\\/\\\/chemgramx.com\\\/product\\\/d-tertylone-bestellung-online\\\/\"]}]},{\"@type\":\"ImageObject\",\"inLanguage\":\"hu\",\"@id\":\"https:\\\/\\\/chemgramx.com\\\/product\\\/d-tertylone-bestellung-online\\\/#primaryimage\",\"url\":\"https:\\\/\\\/chemgramx.com\\\/wp-content\\\/uploads\\\/2025\\\/11\\\/dtertiloyn.png\",\"contentUrl\":\"https:\\\/\\\/chemgramx.com\\\/wp-content\\\/uploads\\\/2025\\\/11\\\/dtertiloyn.png\",\"width\":600,\"height\":400},{\"@type\":\"BreadcrumbList\",\"@id\":\"https:\\\/\\\/chemgramx.com\\\/product\\\/d-tertylone-bestellung-online\\\/#breadcrumb\",\"itemListElement\":[{\"@type\":\"ListItem\",\"position\":1,\"name\":\"Home\",\"item\":\"https:\\\/\\\/chemgramx.com\\\/\"},{\"@type\":\"ListItem\",\"position\":2,\"name\":\"Shop\",\"item\":\"https:\\\/\\\/chemgramx.com\\\/shop\\\/\"},{\"@type\":\"ListItem\",\"position\":3,\"name\":\"D-Tertylone Bestellung Online\"}]},{\"@type\":\"WebSite\",\"@id\":\"https:\\\/\\\/chemgramx.com\\\/#website\",\"url\":\"https:\\\/\\\/chemgramx.com\\\/\",\"name\":\"Chemgramx\",\"description\":\"\",\"publisher\":{\"@id\":\"https:\\\/\\\/chemgramx.com\\\/#organization\"},\"potentialAction\":[{\"@type\":\"SearchAction\",\"target\":{\"@type\":\"EntryPoint\",\"urlTemplate\":\"https:\\\/\\\/chemgramx.com\\\/?s={search_term_string}\"},\"query-input\":{\"@type\":\"PropertyValueSpecification\",\"valueRequired\":true,\"valueName\":\"search_term_string\"}}],\"inLanguage\":\"hu\"},{\"@type\":\"Organization\",\"@id\":\"https:\\\/\\\/chemgramx.com\\\/#organization\",\"name\":\"Chemgramx\",\"url\":\"https:\\\/\\\/chemgramx.com\\\/\",\"logo\":{\"@type\":\"ImageObject\",\"inLanguage\":\"hu\",\"@id\":\"https:\\\/\\\/chemgramx.com\\\/#\\\/schema\\\/logo\\\/image\\\/\",\"url\":\"https:\\\/\\\/chemgramx.com\\\/wp-content\\\/uploads\\\/2024\\\/10\\\/final-logo.png\",\"contentUrl\":\"https:\\\/\\\/chemgramx.com\\\/wp-content\\\/uploads\\\/2024\\\/10\\\/final-logo.png\",\"width\":250,\"height\":48,\"caption\":\"Chemgramx\"},\"image\":{\"@id\":\"https:\\\/\\\/chemgramx.com\\\/#\\\/schema\\\/logo\\\/image\\\/\"}}]}<\/script>\n<!-- \/ Yoast SEO plugin. -->","yoast_head_json":{"title":"V\u00e1s\u00e1rl\u00e1s D-Tertylone rendel\u00e9s online","description":"Az elad\u00f3 D-Tertylon most k\u00f6nnyen el\u00e9rhet\u0151 a Chemgramx online boltunkban.","robots":{"index":"index","follow":"follow","max-snippet":"max-snippet:-1","max-image-preview":"max-image-preview:large","max-video-preview":"max-video-preview:-1"},"canonical":"https:\/\/chemgramx.com\/hu\/termek-1\/d-tertilone-online-rendeles\/","og_locale":"hu_HU","og_type":"article","og_title":"D-Tertylone Bestellung Online Kaufen","og_description":"D-Tertylon zu verkaufen ist jetzt ganz einfach in unserem Chemgramx-Onlineshop erh\u00e4ltlich.","og_url":"https:\/\/chemgramx.com\/hu\/termek-1\/d-tertilone-online-rendeles\/","og_site_name":"Chemgramx","article_modified_time":"2025-11-21T11:13:32+00:00","og_image":[{"width":600,"height":400,"url":"https:\/\/chemgramx.com\/wp-content\/uploads\/2025\/11\/dtertiloyn.png","type":"image\/png"}],"twitter_card":"summary_large_image","twitter_misc":{"Becs\u00fclt olvas\u00e1si id\u0151":"5 perc"},"schema":{"@context":"https:\/\/schema.org","@graph":[{"@type":"WebPage","@id":"https:\/\/chemgramx.com\/product\/d-tertylone-bestellung-online\/","url":"https:\/\/chemgramx.com\/product\/d-tertylone-bestellung-online\/","name":"V\u00e1s\u00e1rl\u00e1s D-Tertylone rendel\u00e9s online","isPartOf":{"@id":"https:\/\/chemgramx.com\/#website"},"primaryImageOfPage":{"@id":"https:\/\/chemgramx.com\/product\/d-tertylone-bestellung-online\/#primaryimage"},"image":{"@id":"https:\/\/chemgramx.com\/product\/d-tertylone-bestellung-online\/#primaryimage"},"thumbnailUrl":"https:\/\/chemgramx.com\/wp-content\/uploads\/2025\/11\/dtertiloyn.png","datePublished":"2025-11-21T11:11:34+00:00","dateModified":"2025-11-21T11:13:32+00:00","description":"Az elad\u00f3 D-Tertylon most k\u00f6nnyen el\u00e9rhet\u0151 a Chemgramx online boltunkban.","breadcrumb":{"@id":"https:\/\/chemgramx.com\/product\/d-tertylone-bestellung-online\/#breadcrumb"},"inLanguage":"hu","potentialAction":[{"@type":"ReadAction","target":["https:\/\/chemgramx.com\/product\/d-tertylone-bestellung-online\/"]}]},{"@type":"ImageObject","inLanguage":"hu","@id":"https:\/\/chemgramx.com\/product\/d-tertylone-bestellung-online\/#primaryimage","url":"https:\/\/chemgramx.com\/wp-content\/uploads\/2025\/11\/dtertiloyn.png","contentUrl":"https:\/\/chemgramx.com\/wp-content\/uploads\/2025\/11\/dtertiloyn.png","width":600,"height":400},{"@type":"BreadcrumbList","@id":"https:\/\/chemgramx.com\/product\/d-tertylone-bestellung-online\/#breadcrumb","itemListElement":[{"@type":"ListItem","position":1,"name":"Home","item":"https:\/\/chemgramx.com\/"},{"@type":"ListItem","position":2,"name":"Shop","item":"https:\/\/chemgramx.com\/shop\/"},{"@type":"ListItem","position":3,"name":"D-Tertylone Bestellung Online"}]},{"@type":"WebSite","@id":"https:\/\/chemgramx.com\/#website","url":"https:\/\/chemgramx.com\/","name":"Chemgramx","description":"","publisher":{"@id":"https:\/\/chemgramx.com\/#organization"},"potentialAction":[{"@type":"SearchAction","target":{"@type":"EntryPoint","urlTemplate":"https:\/\/chemgramx.com\/?s={search_term_string}"},"query-input":{"@type":"PropertyValueSpecification","valueRequired":true,"valueName":"search_term_string"}}],"inLanguage":"hu"},{"@type":"Organization","@id":"https:\/\/chemgramx.com\/#organization","name":"Chemgramx","url":"https:\/\/chemgramx.com\/","logo":{"@type":"ImageObject","inLanguage":"hu","@id":"https:\/\/chemgramx.com\/#\/schema\/logo\/image\/","url":"https:\/\/chemgramx.com\/wp-content\/uploads\/2024\/10\/final-logo.png","contentUrl":"https:\/\/chemgramx.com\/wp-content\/uploads\/2024\/10\/final-logo.png","width":250,"height":48,"caption":"Chemgramx"},"image":{"@id":"https:\/\/chemgramx.com\/#\/schema\/logo\/image\/"}}]}},"_links":{"self":[{"href":"https:\/\/chemgramx.com\/hu\/wp-json\/wp\/v2\/product\/7009","targetHints":{"allow":["GET"]}}],"collection":[{"href":"https:\/\/chemgramx.com\/hu\/wp-json\/wp\/v2\/product"}],"about":[{"href":"https:\/\/chemgramx.com\/hu\/wp-json\/wp\/v2\/types\/product"}],"replies":[{"embeddable":true,"href":"https:\/\/chemgramx.com\/hu\/wp-json\/wp\/v2\/comments?post=7009"}],"wp:featuredmedia":[{"embeddable":true,"href":"https:\/\/chemgramx.com\/hu\/wp-json\/wp\/v2\/media\/7048"}],"wp:attachment":[{"href":"https:\/\/chemgramx.com\/hu\/wp-json\/wp\/v2\/media?parent=7009"}],"wp:term":[{"taxonomy":"product_brand","embeddable":true,"href":"https:\/\/chemgramx.com\/hu\/wp-json\/wp\/v2\/product_brand?post=7009"},{"taxonomy":"product_cat","embeddable":true,"href":"https:\/\/chemgramx.com\/hu\/wp-json\/wp\/v2\/product_cat?post=7009"},{"taxonomy":"product_tag","embeddable":true,"href":"https:\/\/chemgramx.com\/hu\/wp-json\/wp\/v2\/product_tag?post=7009"}],"curies":[{"name":"wp","href":"https:\/\/api.w.org\/{rel}","templated":true}]}}